{"id":8495,"date":"2014-05-16T17:10:20","date_gmt":"2014-05-16T15:10:20","guid":{"rendered":"http:\/\/www.maxima-dia.com\/?post_type=products&#038;p=8495"},"modified":"2021-07-28T11:19:26","modified_gmt":"2021-07-28T09:19:26","slug":"broca-de-diamante-argento-450","status":"publish","type":"page","link":"https:\/\/www.maxima-dia.com\/es\/brocas-de-diamante-para-humedo\/broca-de-diamante-argento-450\/","title":{"rendered":"Broca Argento 450"},"content":{"rendered":"<div class=\"wpb-content-wrapper\"><p>[vc_row][vc_column text_align=\u00bbcenter\u00bb width=\u00bb1\/4&#8243;][vc_column_text]<a href=\"\/wp-content\/uploads\/2017\/02\/foretto-argento-450-1.jpg\" rel=\"g1\"><img loading=\"lazy\" decoding=\"async\" class=\"alignnone wp-image-13738 size-thumbnail\" src=\"\/wp-content\/uploads\/2017\/02\/foretto-argento-450-1-150x150.jpg\" alt=\"FORETTO ARGENTO 450\" width=\"150\" height=\"150\" srcset=\"https:\/\/www.maxima-dia.com\/wp-content\/uploads\/2017\/02\/foretto-argento-450-1-150x150.jpg 150w, https:\/\/www.maxima-dia.com\/wp-content\/uploads\/2017\/02\/foretto-argento-450-1-300x300.jpg 300w, https:\/\/www.maxima-dia.com\/wp-content\/uploads\/2017\/02\/foretto-argento-450-1-768x768.jpg 768w, https:\/\/www.maxima-dia.com\/wp-content\/uploads\/2017\/02\/foretto-argento-450-1-1024x1024.jpg 1024w, https:\/\/www.maxima-dia.com\/wp-content\/uploads\/2017\/02\/foretto-argento-450-1-80x80.jpg 80w, https:\/\/www.maxima-dia.com\/wp-content\/uploads\/2017\/02\/foretto-argento-450-1-500x500.jpg 500w, https:\/\/www.maxima-dia.com\/wp-content\/uploads\/2017\/02\/foretto-argento-450-1-1000x1000.jpg 1000w, https:\/\/www.maxima-dia.com\/wp-content\/uploads\/2017\/02\/foretto-argento-450-1.jpg 1200w\" sizes=\"(max-width: 150px) 100vw, 150px\" \/><\/a><\/p>\n<p><a href=\"\/wp-content\/uploads\/2017\/02\/foretto-argento-450-2.jpg\" rel=\"g1\"><img loading=\"lazy\" decoding=\"async\" class=\"alignnone wp-image-13739 size-thumbnail\" src=\"\/wp-content\/uploads\/2017\/02\/foretto-argento-450-2-150x150.jpg\" alt=\"FORETTO ARGENTO 450\" width=\"150\" height=\"150\" srcset=\"https:\/\/www.maxima-dia.com\/wp-content\/uploads\/2017\/02\/foretto-argento-450-2-150x150.jpg 150w, https:\/\/www.maxima-dia.com\/wp-content\/uploads\/2017\/02\/foretto-argento-450-2-300x300.jpg 300w, https:\/\/www.maxima-dia.com\/wp-content\/uploads\/2017\/02\/foretto-argento-450-2-768x768.jpg 768w, https:\/\/www.maxima-dia.com\/wp-content\/uploads\/2017\/02\/foretto-argento-450-2-1024x1024.jpg 1024w, https:\/\/www.maxima-dia.com\/wp-content\/uploads\/2017\/02\/foretto-argento-450-2-80x80.jpg 80w, https:\/\/www.maxima-dia.com\/wp-content\/uploads\/2017\/02\/foretto-argento-450-2-500x500.jpg 500w, https:\/\/www.maxima-dia.com\/wp-content\/uploads\/2017\/02\/foretto-argento-450-2-1000x1000.jpg 1000w, https:\/\/www.maxima-dia.com\/wp-content\/uploads\/2017\/02\/foretto-argento-450-2.jpg 1200w\" sizes=\"(max-width: 150px) 100vw, 150px\" \/><\/a>[\/vc_column_text][vc_column_text css_animation=\u00bbslideInDown\u00bb el_class=\u00bbhidebuybutton\u00bb]<a href=\"https:\/\/www.storemaxima.com\/es\/brocas-de-diamante-para-humedo\/83-broca-argento-450.html\" target=\"_blank\" rel=\"noopener\"><img loading=\"lazy\" decoding=\"async\" class=\"alignnone\" title=\"Comprar en www.storemaxima.com\" src=\"https:\/\/www.maxima-dia.com\/wp-content\/uploads\/2019\/12\/pulsante-acquista-storemaxima.com-es.svg\" alt=\"Comprar en www.storemaxima.com\" width=\"180\" height=\"80\"><\/a>[\/vc_column_text][\/vc_column][vc_column width=\u00bb3\/4&#8243;][vc_column_text]La <strong>Broca Argento 450<\/strong> es ideal para realizar perforaciones de di\u00e1metro medio a grande. Esta broca se monta en m\u00e1quinas de agua con conexi\u00f3n de 1\u201d1\/4. Es muy similar a la Broca Oro 450, se diferencia esencialmente por el cuerpo, que en este caso es perfectamente cil\u00edndrico. Tiene una longitud de 450 mm y est\u00e1 disponible en di\u00e1metros de 32 a 1000 mm. Para poder utilizar cada di\u00e1metro con el m\u00e1ximo rendimiento, es imprescindible disponer de una m\u00e1quina con la potencia y la velocidad adecuadas para ese di\u00e1metro.<\/p>\n<table class=\"tabellatecnica\" style=\"width: 80%;\" border=\"0\" cellspacing=\"0\" cellpadding=\"0\">\n<thead>\n<tr>\n<td class=\"testata\" colspan=\"2\">FICHA T\u00c9CNICA<\/td>\n<\/tr>\n<\/thead>\n<tbody>\n<tr>\n<td class=\"prima\">Cemento Curado \/ Ladrillos \/ Tejas<\/td>\n<td class=\"seconda\"><b class=\"txtred\">\u2605<\/b><b class=\"txtred\">\u2605<\/b><b class=\"txtred\">\u2605<\/b><b class=\"txtred\">\u2605<\/b><\/td>\n<\/tr>\n<tr>\n<td class=\"prima\">Hormig\u00f3n poco armado<\/td>\n<td class=\"seconda\"><b class=\"txtred\">\u2605<\/b><b class=\"txtred\">\u2605<\/b><b class=\"txtred\">\u2605<\/b><b class=\"txtred\">\u2605<\/b><\/td>\n<\/tr>\n<tr>\n<td class=\"prima\">Hormig\u00f3n muy armado<\/td>\n<td class=\"seconda\"><b class=\"txtred\">\u2605<\/b><b class=\"txtred\">\u2605<\/b><b class=\"txtred\">\u2605<\/b><b class=\"txtred\">\u2605<\/b><\/td>\n<\/tr>\n<tr>\n<td class=\"prima\">Granitos \/ Piedras naturales \/ P\u00f3rfidos<\/td>\n<td class=\"seconda\"><b class=\"txtred\">\u2605<\/b><b class=\"txtred\">\u2605<\/b><b class=\"txtred\">\u2605<\/b><\/td>\n<\/tr>\n<tr>\n<td class=\"prima\">M\u00e1rmoles<\/td>\n<td class=\"seconda\">&nbsp;<\/td>\n<\/tr>\n<tr>\n<td class=\"prima\">Refractarios<\/td>\n<td class=\"seconda\"><b class=\"txtred\">\u2605<\/b><b class=\"txtred\">\u2605<\/b><\/td>\n<\/tr>\n<tr>\n<td class=\"prima\">Areniscas \/ Placas de gravilla lavada<\/td>\n<td class=\"seconda\"><b class=\"txtred\">\u2605<\/b><b class=\"txtred\">\u2605<\/b><b class=\"txtred\">\u2605<\/b><\/td>\n<\/tr>\n<tr>\n<td class=\"prima\">Cer\u00e1mica cocida dos veces<\/td>\n<td class=\"seconda\"><b class=\"txtred\">\u2605<\/b><\/td>\n<\/tr>\n<tr>\n<td class=\"prima\">Cer\u00e1mica cocida una vez<\/td>\n<td class=\"seconda\"><b class=\"txtred\">\u2605<\/b><\/td>\n<\/tr>\n<tr>\n<td class=\"prima\">Gres porcel\u00e1nico \/ Klinker<\/td>\n<td class=\"seconda\">&nbsp;<\/td>\n<\/tr>\n<tr>\n<td class=\"prima\">Cemento fresco<\/td>\n<td class=\"seconda\"><b class=\"txtred\">\u2605<\/b><\/td>\n<\/tr>\n<tr>\n<td class=\"prima\">Asfalto<\/td>\n<td class=\"seconda\"><b class=\"txtred\">\u2605<\/b><\/td>\n<\/tr>\n<tr>\n<td class=\"intervallo\" colspan=\"2\">&nbsp;<\/td>\n<\/tr>\n<tr>\n<td class=\"prima\">Velocidad de corte<\/td>\n<td class=\"seconda\"><b class=\"txtred\">\u2605<\/b><b class=\"txtred\">\u2605<\/b><b class=\"txtred\">\u2605<\/b><b class=\"txtred\">\u2605<\/b><b class=\"txtred\">\u2605<\/b><\/td>\n<\/tr>\n<tr>\n<td class=\"prima\">Duraci\u00f3n promedio<\/td>\n<td class=\"seconda\"><b class=\"txtred\">\u2605<\/b><b class=\"txtred\">\u2605<\/b><b class=\"txtred\">\u2605<\/b><b class=\"txtred\">\u2605<\/b><\/td>\n<\/tr>\n<tr>\n<td class=\"legenda\" colspan=\"2\"><strong>suficiente<\/strong>&nbsp;<b class=\"txtred\">\u2605<\/b>&nbsp;&nbsp;&nbsp;&nbsp;&nbsp;<strong>regular<\/strong>&nbsp;<b class=\"txtred\">\u2605<\/b><b class=\"txtred\">\u2605<\/b>&nbsp;&nbsp;&nbsp;&nbsp;&nbsp;<strong>bueno<\/strong>&nbsp;<b class=\"txtred\">\u2605<\/b><b class=\"txtred\">\u2605<\/b><b class=\"txtred\">\u2605<\/b>&nbsp;&nbsp;&nbsp;&nbsp;&nbsp;<strong>sobresaliente<\/strong>&nbsp;<b class=\"txtred\">\u2605<\/b><b class=\"txtred\">\u2605<\/b><b class=\"txtred\">\u2605<\/b><b class=\"txtred\">\u2605<\/b>&nbsp; &nbsp;&nbsp;<strong>super<\/strong>&nbsp;<b class=\"txtred\">\u2605<\/b><b class=\"txtred\">\u2605<\/b><b class=\"txtred\">\u2605<\/b><b class=\"txtred\">\u2605<\/b><b class=\"txtred\">\u2605<\/b><\/td>\n<\/tr>\n<\/tbody>\n<\/table>\n<p>&nbsp;<\/p>\n<table class=\"tabellatecnica\" style=\"width: 80%;\" border=\"0\" cellspacing=\"0\" cellpadding=\"0\">\n<thead>\n<tr>\n<td class=\"testata\"><strong>PUEDE UTILIZARSE EN LAS M\u00c1QUINAS SIGUIENTES<\/strong><\/td>\n<\/tr>\n<\/thead>\n<tbody>\n<tr>\n<td><img loading=\"lazy\" decoding=\"async\" class=\"alignleft\" src=\"\/wp-content\/uploads\/2013\/11\/s-m3.png\" alt=\"s-m3\" width=\"60\" height=\"60\">32-35-42-45-52-56-62-66-72-76-82-86-92-102-107-112-122<br \/>\n127-132-142-152-162-172-182-202-225-252-260-272-302<br \/>\n352-400-450-500-550-600-700-800-900-1000<\/td>\n<\/tr>\n<\/tbody>\n<\/table>\n<p>&nbsp;<\/p>\n<div id=\"gtx-trans\" style=\"position: absolute; left: 137px; top: 38px;\">\n<div class=\"gtx-trans-icon\">&nbsp;<\/div>\n<\/div>\n<p>[\/vc_column_text][\/vc_column][\/vc_row]<\/p>\n<\/div>","protected":false},"excerpt":{"rendered":"<p>[vc_row][vc_column text_align=\u00bbcenter\u00bb width=\u00bb1\/4&#8243;][vc_column_text] [\/vc_column_text][vc_column_text css_animation=\u00bbslideInDown\u00bb el_class=\u00bbhidebuybutton\u00bb][\/vc_column_text][\/vc_column][vc_column width=\u00bb3\/4&#8243;][vc_column_text]La Broca Argento 450 es ideal para realizar perforaciones de di\u00e1metro medio a grande. Esta broca se monta en m\u00e1quinas de agua con conexi\u00f3n de 1\u201d1\/4. Es muy similar a la Broca Oro 450, se diferencia esencialmente por el cuerpo, que en este caso es perfectamente cil\u00edndrico. Tiene una longitud de 450 mm y est\u00e1 disponible en di\u00e1metros de 32 a 1000 mm. Para poder utilizar cada di\u00e1metro con el m\u00e1ximo rendimiento, es imprescindible disponer de una m\u00e1quina con la potencia y la velocidad adecuadas para ese di\u00e1metro. FICHA T\u00c9CNICA Cemento Curado \/ Ladrillos \/ Tejas \u2605\u2605\u2605\u2605 Hormig\u00f3n poco armado \u2605\u2605\u2605\u2605 Hormig\u00f3n muy armado \u2605\u2605\u2605\u2605 Granitos \/ Piedras naturales \/ P\u00f3rfidos \u2605\u2605\u2605 M\u00e1rmoles &nbsp; Refractarios \u2605\u2605 Areniscas \/ Placas de gravilla lavada \u2605\u2605\u2605 Cer\u00e1mica cocida dos veces \u2605 Cer\u00e1mica cocida una vez \u2605 Gres porcel\u00e1nico \/ Klinker &nbsp; Cemento fresco \u2605 Asfalto \u2605 &nbsp; Velocidad de corte \u2605\u2605\u2605\u2605\u2605 Duraci\u00f3n promedio \u2605\u2605\u2605\u2605 suficiente&nbsp;\u2605&nbsp;&nbsp;&nbsp;&nbsp;&nbsp;regular&nbsp;\u2605\u2605&nbsp;&nbsp;&nbsp;&nbsp;&nbsp;bueno&nbsp;\u2605\u2605\u2605&nbsp;&nbsp;&nbsp;&nbsp;&nbsp;sobresaliente&nbsp;\u2605\u2605\u2605\u2605&nbsp; &nbsp;&nbsp;super&nbsp;\u2605\u2605\u2605\u2605\u2605 &nbsp; PUEDE UTILIZARSE EN LAS M\u00c1QUINAS SIGUIENTES 32-35-42-45-52-56-62-66-72-76-82-86-92-102-107-112-122 127-132-142-152-162-172-182-202-225-252-260-272-302 352-400-450-500-550-600-700-800-900-1000 &nbsp; &nbsp; [\/vc_column_text][\/vc_column][\/vc_row]<\/p>\n","protected":false},"author":29,"featured_media":24778,"parent":12457,"menu_order":5,"comment_status":"closed","ping_status":"closed","template":"","meta":{"ngg_post_thumbnail":0,"_joinchat":[],"footnotes":""},"class_list":["post-8495","page","type-page","status-publish","has-post-thumbnail","hentry"],"yoast_head":"<!-- This site is optimized with the Yoast SEO plugin v25.5 - https:\/\/yoast.com\/wordpress\/plugins\/seo\/ -->\n<title>Broca Argento 450 - Maxima SpA<\/title>\n<meta name=\"robots\" content=\"index, follow, max-snippet:-1, max-image-preview:large, max-video-preview:-1\" \/>\n<link rel=\"canonical\" href=\"https:\/\/www.maxima-dia.com\/es\/brocas-de-diamante-para-humedo\/broca-de-diamante-argento-450\/\" \/>\n<meta property=\"og:locale\" content=\"es_ES\" \/>\n<meta property=\"og:type\" content=\"article\" \/>\n<meta property=\"og:title\" content=\"Broca Argento 450 - Maxima SpA\" \/>\n<meta property=\"og:description\" content=\"[vc_row][vc_column text_align=\u00bbcenter\u00bb width=\u00bb1\/4&#8243;][vc_column_text] [\/vc_column_text][vc_column_text css_animation=\u00bbslideInDown\u00bb el_class=\u00bbhidebuybutton\u00bb][\/vc_column_text][\/vc_column][vc_column width=\u00bb3\/4&#8243;][vc_column_text]La Broca Argento 450 es ideal para realizar perforaciones de di\u00e1metro medio a grande. Esta broca se monta en m\u00e1quinas de agua con conexi\u00f3n de 1\u201d1\/4. Es muy similar a la Broca Oro 450, se diferencia esencialmente por el cuerpo, que en este caso es perfectamente cil\u00edndrico. Tiene una longitud de 450 mm y est\u00e1 disponible en di\u00e1metros de 32 a 1000 mm. Para poder utilizar cada di\u00e1metro con el m\u00e1ximo rendimiento, es imprescindible disponer de una m\u00e1quina con la potencia y la velocidad adecuadas para ese di\u00e1metro. FICHA T\u00c9CNICA Cemento Curado \/ Ladrillos \/ Tejas \u2605\u2605\u2605\u2605 Hormig\u00f3n poco armado \u2605\u2605\u2605\u2605 Hormig\u00f3n muy armado \u2605\u2605\u2605\u2605 Granitos \/ Piedras naturales \/ P\u00f3rfidos \u2605\u2605\u2605 M\u00e1rmoles &nbsp; Refractarios \u2605\u2605 Areniscas \/ Placas de gravilla lavada \u2605\u2605\u2605 Cer\u00e1mica cocida dos veces \u2605 Cer\u00e1mica cocida una vez \u2605 Gres porcel\u00e1nico \/ Klinker &nbsp; Cemento fresco \u2605 Asfalto \u2605 &nbsp; Velocidad de corte \u2605\u2605\u2605\u2605\u2605 Duraci\u00f3n promedio \u2605\u2605\u2605\u2605 suficiente&nbsp;\u2605&nbsp;&nbsp;&nbsp;&nbsp;&nbsp;regular&nbsp;\u2605\u2605&nbsp;&nbsp;&nbsp;&nbsp;&nbsp;bueno&nbsp;\u2605\u2605\u2605&nbsp;&nbsp;&nbsp;&nbsp;&nbsp;sobresaliente&nbsp;\u2605\u2605\u2605\u2605&nbsp; &nbsp;&nbsp;super&nbsp;\u2605\u2605\u2605\u2605\u2605 &nbsp; PUEDE UTILIZARSE EN LAS M\u00c1QUINAS SIGUIENTES 32-35-42-45-52-56-62-66-72-76-82-86-92-102-107-112-122 127-132-142-152-162-172-182-202-225-252-260-272-302 352-400-450-500-550-600-700-800-900-1000 &nbsp; &nbsp; [\/vc_column_text][\/vc_column][\/vc_row]\" \/>\n<meta property=\"og:url\" content=\"https:\/\/www.maxima-dia.com\/es\/brocas-de-diamante-para-humedo\/broca-de-diamante-argento-450\/\" \/>\n<meta property=\"og:site_name\" content=\"Maxima SpA\" \/>\n<meta property=\"article:publisher\" content=\"https:\/\/www.facebook.com\/Maxima-spa-106098566139597\" \/>\n<meta property=\"article:modified_time\" content=\"2021-07-28T09:19:26+00:00\" \/>\n<meta property=\"og:image\" content=\"https:\/\/www.maxima-dia.com\/wp-content\/uploads\/2017\/02\/foretto-argento-450-1.jpg\" \/>\n\t<meta property=\"og:image:width\" content=\"1200\" \/>\n\t<meta property=\"og:image:height\" content=\"1200\" \/>\n\t<meta property=\"og:image:type\" content=\"image\/jpeg\" \/>\n<meta name=\"twitter:card\" content=\"summary_large_image\" \/>\n<meta name=\"twitter:site\" content=\"@Maximadia\" \/>\n<meta name=\"twitter:label1\" content=\"Tiempo de lectura\" \/>\n\t<meta name=\"twitter:data1\" content=\"12 minutos\" \/>\n<script type=\"application\/ld+json\" class=\"yoast-schema-graph\">{\"@context\":\"https:\/\/schema.org\",\"@graph\":[{\"@type\":\"WebPage\",\"@id\":\"https:\/\/www.maxima-dia.com\/es\/brocas-de-diamante-para-humedo\/broca-de-diamante-argento-450\/\",\"url\":\"https:\/\/www.maxima-dia.com\/es\/brocas-de-diamante-para-humedo\/broca-de-diamante-argento-450\/\",\"name\":\"Broca Argento 450 - Maxima SpA\",\"isPartOf\":{\"@id\":\"https:\/\/www.maxima-dia.com\/es\/#website\"},\"primaryImageOfPage\":{\"@id\":\"https:\/\/www.maxima-dia.com\/es\/brocas-de-diamante-para-humedo\/broca-de-diamante-argento-450\/#primaryimage\"},\"image\":{\"@id\":\"https:\/\/www.maxima-dia.com\/es\/brocas-de-diamante-para-humedo\/broca-de-diamante-argento-450\/#primaryimage\"},\"thumbnailUrl\":\"https:\/\/www.maxima-dia.com\/wp-content\/uploads\/2017\/02\/foretto-argento-450-1.jpg\",\"datePublished\":\"2014-05-16T15:10:20+00:00\",\"dateModified\":\"2021-07-28T09:19:26+00:00\",\"breadcrumb\":{\"@id\":\"https:\/\/www.maxima-dia.com\/es\/brocas-de-diamante-para-humedo\/broca-de-diamante-argento-450\/#breadcrumb\"},\"inLanguage\":\"es\",\"potentialAction\":[{\"@type\":\"ReadAction\",\"target\":[\"https:\/\/www.maxima-dia.com\/es\/brocas-de-diamante-para-humedo\/broca-de-diamante-argento-450\/\"]}]},{\"@type\":\"ImageObject\",\"inLanguage\":\"es\",\"@id\":\"https:\/\/www.maxima-dia.com\/es\/brocas-de-diamante-para-humedo\/broca-de-diamante-argento-450\/#primaryimage\",\"url\":\"https:\/\/www.maxima-dia.com\/wp-content\/uploads\/2017\/02\/foretto-argento-450-1.jpg\",\"contentUrl\":\"https:\/\/www.maxima-dia.com\/wp-content\/uploads\/2017\/02\/foretto-argento-450-1.jpg\",\"width\":1200,\"height\":1200},{\"@type\":\"BreadcrumbList\",\"@id\":\"https:\/\/www.maxima-dia.com\/es\/brocas-de-diamante-para-humedo\/broca-de-diamante-argento-450\/#breadcrumb\",\"itemListElement\":[{\"@type\":\"ListItem\",\"position\":1,\"name\":\"Home\",\"item\":\"https:\/\/www.maxima-dia.com\/es\/\"},{\"@type\":\"ListItem\",\"position\":2,\"name\":\"Brocas de Diamante para H\u00famedo\",\"item\":\"https:\/\/www.maxima-dia.com\/es\/brocas-de-diamante-para-humedo\/\"},{\"@type\":\"ListItem\",\"position\":3,\"name\":\"Broca Argento 450\"}]},{\"@type\":\"WebSite\",\"@id\":\"https:\/\/www.maxima-dia.com\/es\/#website\",\"url\":\"https:\/\/www.maxima-dia.com\/es\/\",\"name\":\"Maxima SpA\",\"description\":\"Only for the real professionals\",\"potentialAction\":[{\"@type\":\"SearchAction\",\"target\":{\"@type\":\"EntryPoint\",\"urlTemplate\":\"https:\/\/www.maxima-dia.com\/es\/?s={search_term_string}\"},\"query-input\":{\"@type\":\"PropertyValueSpecification\",\"valueRequired\":true,\"valueName\":\"search_term_string\"}}],\"inLanguage\":\"es\"}]}<\/script>\n<!-- \/ Yoast SEO plugin. -->","yoast_head_json":{"title":"Broca Argento 450 - Maxima SpA","robots":{"index":"index","follow":"follow","max-snippet":"max-snippet:-1","max-image-preview":"max-image-preview:large","max-video-preview":"max-video-preview:-1"},"canonical":"https:\/\/www.maxima-dia.com\/es\/brocas-de-diamante-para-humedo\/broca-de-diamante-argento-450\/","og_locale":"es_ES","og_type":"article","og_title":"Broca Argento 450 - Maxima SpA","og_description":"[vc_row][vc_column text_align=\u00bbcenter\u00bb width=\u00bb1\/4&#8243;][vc_column_text] [\/vc_column_text][vc_column_text css_animation=\u00bbslideInDown\u00bb el_class=\u00bbhidebuybutton\u00bb][\/vc_column_text][\/vc_column][vc_column width=\u00bb3\/4&#8243;][vc_column_text]La Broca Argento 450 es ideal para realizar perforaciones de di\u00e1metro medio a grande. Esta broca se monta en m\u00e1quinas de agua con conexi\u00f3n de 1\u201d1\/4. Es muy similar a la Broca Oro 450, se diferencia esencialmente por el cuerpo, que en este caso es perfectamente cil\u00edndrico. Tiene una longitud de 450 mm y est\u00e1 disponible en di\u00e1metros de 32 a 1000 mm. Para poder utilizar cada di\u00e1metro con el m\u00e1ximo rendimiento, es imprescindible disponer de una m\u00e1quina con la potencia y la velocidad adecuadas para ese di\u00e1metro. FICHA T\u00c9CNICA Cemento Curado \/ Ladrillos \/ Tejas \u2605\u2605\u2605\u2605 Hormig\u00f3n poco armado \u2605\u2605\u2605\u2605 Hormig\u00f3n muy armado \u2605\u2605\u2605\u2605 Granitos \/ Piedras naturales \/ P\u00f3rfidos \u2605\u2605\u2605 M\u00e1rmoles &nbsp; Refractarios \u2605\u2605 Areniscas \/ Placas de gravilla lavada \u2605\u2605\u2605 Cer\u00e1mica cocida dos veces \u2605 Cer\u00e1mica cocida una vez \u2605 Gres porcel\u00e1nico \/ Klinker &nbsp; Cemento fresco \u2605 Asfalto \u2605 &nbsp; Velocidad de corte \u2605\u2605\u2605\u2605\u2605 Duraci\u00f3n promedio \u2605\u2605\u2605\u2605 suficiente&nbsp;\u2605&nbsp;&nbsp;&nbsp;&nbsp;&nbsp;regular&nbsp;\u2605\u2605&nbsp;&nbsp;&nbsp;&nbsp;&nbsp;bueno&nbsp;\u2605\u2605\u2605&nbsp;&nbsp;&nbsp;&nbsp;&nbsp;sobresaliente&nbsp;\u2605\u2605\u2605\u2605&nbsp; &nbsp;&nbsp;super&nbsp;\u2605\u2605\u2605\u2605\u2605 &nbsp; PUEDE UTILIZARSE EN LAS M\u00c1QUINAS SIGUIENTES 32-35-42-45-52-56-62-66-72-76-82-86-92-102-107-112-122 127-132-142-152-162-172-182-202-225-252-260-272-302 352-400-450-500-550-600-700-800-900-1000 &nbsp; &nbsp; [\/vc_column_text][\/vc_column][\/vc_row]","og_url":"https:\/\/www.maxima-dia.com\/es\/brocas-de-diamante-para-humedo\/broca-de-diamante-argento-450\/","og_site_name":"Maxima SpA","article_publisher":"https:\/\/www.facebook.com\/Maxima-spa-106098566139597","article_modified_time":"2021-07-28T09:19:26+00:00","og_image":[{"width":1200,"height":1200,"url":"https:\/\/www.maxima-dia.com\/wp-content\/uploads\/2017\/02\/foretto-argento-450-1.jpg","type":"image\/jpeg"}],"twitter_card":"summary_large_image","twitter_site":"@Maximadia","twitter_misc":{"Tiempo de lectura":"12 minutos"},"schema":{"@context":"https:\/\/schema.org","@graph":[{"@type":"WebPage","@id":"https:\/\/www.maxima-dia.com\/es\/brocas-de-diamante-para-humedo\/broca-de-diamante-argento-450\/","url":"https:\/\/www.maxima-dia.com\/es\/brocas-de-diamante-para-humedo\/broca-de-diamante-argento-450\/","name":"Broca Argento 450 - Maxima SpA","isPartOf":{"@id":"https:\/\/www.maxima-dia.com\/es\/#website"},"primaryImageOfPage":{"@id":"https:\/\/www.maxima-dia.com\/es\/brocas-de-diamante-para-humedo\/broca-de-diamante-argento-450\/#primaryimage"},"image":{"@id":"https:\/\/www.maxima-dia.com\/es\/brocas-de-diamante-para-humedo\/broca-de-diamante-argento-450\/#primaryimage"},"thumbnailUrl":"https:\/\/www.maxima-dia.com\/wp-content\/uploads\/2017\/02\/foretto-argento-450-1.jpg","datePublished":"2014-05-16T15:10:20+00:00","dateModified":"2021-07-28T09:19:26+00:00","breadcrumb":{"@id":"https:\/\/www.maxima-dia.com\/es\/brocas-de-diamante-para-humedo\/broca-de-diamante-argento-450\/#breadcrumb"},"inLanguage":"es","potentialAction":[{"@type":"ReadAction","target":["https:\/\/www.maxima-dia.com\/es\/brocas-de-diamante-para-humedo\/broca-de-diamante-argento-450\/"]}]},{"@type":"ImageObject","inLanguage":"es","@id":"https:\/\/www.maxima-dia.com\/es\/brocas-de-diamante-para-humedo\/broca-de-diamante-argento-450\/#primaryimage","url":"https:\/\/www.maxima-dia.com\/wp-content\/uploads\/2017\/02\/foretto-argento-450-1.jpg","contentUrl":"https:\/\/www.maxima-dia.com\/wp-content\/uploads\/2017\/02\/foretto-argento-450-1.jpg","width":1200,"height":1200},{"@type":"BreadcrumbList","@id":"https:\/\/www.maxima-dia.com\/es\/brocas-de-diamante-para-humedo\/broca-de-diamante-argento-450\/#breadcrumb","itemListElement":[{"@type":"ListItem","position":1,"name":"Home","item":"https:\/\/www.maxima-dia.com\/es\/"},{"@type":"ListItem","position":2,"name":"Brocas de Diamante para H\u00famedo","item":"https:\/\/www.maxima-dia.com\/es\/brocas-de-diamante-para-humedo\/"},{"@type":"ListItem","position":3,"name":"Broca Argento 450"}]},{"@type":"WebSite","@id":"https:\/\/www.maxima-dia.com\/es\/#website","url":"https:\/\/www.maxima-dia.com\/es\/","name":"Maxima SpA","description":"Only for the real professionals","potentialAction":[{"@type":"SearchAction","target":{"@type":"EntryPoint","urlTemplate":"https:\/\/www.maxima-dia.com\/es\/?s={search_term_string}"},"query-input":{"@type":"PropertyValueSpecification","valueRequired":true,"valueName":"search_term_string"}}],"inLanguage":"es"}]}},"_links":{"self":[{"href":"https:\/\/www.maxima-dia.com\/es\/wp-json\/wp\/v2\/pages\/8495"}],"collection":[{"href":"https:\/\/www.maxima-dia.com\/es\/wp-json\/wp\/v2\/pages"}],"about":[{"href":"https:\/\/www.maxima-dia.com\/es\/wp-json\/wp\/v2\/types\/page"}],"author":[{"embeddable":true,"href":"https:\/\/www.maxima-dia.com\/es\/wp-json\/wp\/v2\/users\/29"}],"replies":[{"embeddable":true,"href":"https:\/\/www.maxima-dia.com\/es\/wp-json\/wp\/v2\/comments?post=8495"}],"version-history":[{"count":0,"href":"https:\/\/www.maxima-dia.com\/es\/wp-json\/wp\/v2\/pages\/8495\/revisions"}],"up":[{"embeddable":true,"href":"https:\/\/www.maxima-dia.com\/es\/wp-json\/wp\/v2\/pages\/12457"}],"wp:featuredmedia":[{"embeddable":true,"href":"https:\/\/www.maxima-dia.com\/es\/wp-json\/wp\/v2\/media\/24778"}],"wp:attachment":[{"href":"https:\/\/www.maxima-dia.com\/es\/wp-json\/wp\/v2\/media?parent=8495"}],"curies":[{"name":"wp","href":"https:\/\/api.w.org\/{rel}","templated":true}]}}