{"id":8506,"date":"2014-05-16T17:57:02","date_gmt":"2014-05-16T15:57:02","guid":{"rendered":"http:\/\/www.maxima-dia.com\/?post_type=products&#038;p=8506"},"modified":"2021-07-28T12:14:07","modified_gmt":"2021-07-28T10:14:07","slug":"broca-de-diamante-perforacion-continua","status":"publish","type":"page","link":"https:\/\/www.maxima-dia.com\/es\/brocas-de-diamante-para-humedo\/broca-de-diamante-perforacion-continua\/","title":{"rendered":"Perforaci\u00f3n Continua"},"content":{"rendered":"<div class=\"wpb-content-wrapper\"><p>[vc_row][vc_column text_align=\u00bbcenter\u00bb width=\u00bb1\/4&#8243;][vc_column_text]<\/p>\n<p style=\"text-align: justify;\"><a href=\"\/wp-content\/uploads\/2017\/02\/carotaggio-continuo.jpg\"><img loading=\"lazy\" decoding=\"async\" class=\"alignnone size-thumbnail wp-image-13734\" src=\"\/wp-content\/uploads\/2017\/02\/carotaggio-continuo-150x150.jpg\" alt=\"CAROTAGGIO CONTINUO\" width=\"150\" height=\"150\" srcset=\"https:\/\/www.maxima-dia.com\/wp-content\/uploads\/2017\/02\/carotaggio-continuo-150x150.jpg 150w, https:\/\/www.maxima-dia.com\/wp-content\/uploads\/2017\/02\/carotaggio-continuo-300x300.jpg 300w, https:\/\/www.maxima-dia.com\/wp-content\/uploads\/2017\/02\/carotaggio-continuo-768x768.jpg 768w, https:\/\/www.maxima-dia.com\/wp-content\/uploads\/2017\/02\/carotaggio-continuo-1024x1024.jpg 1024w, https:\/\/www.maxima-dia.com\/wp-content\/uploads\/2017\/02\/carotaggio-continuo-80x80.jpg 80w, https:\/\/www.maxima-dia.com\/wp-content\/uploads\/2017\/02\/carotaggio-continuo-500x500.jpg 500w, https:\/\/www.maxima-dia.com\/wp-content\/uploads\/2017\/02\/carotaggio-continuo-1000x1000.jpg 1000w, https:\/\/www.maxima-dia.com\/wp-content\/uploads\/2017\/02\/carotaggio-continuo.jpg 1200w\" sizes=\"(max-width: 150px) 100vw, 150px\" \/><\/a><\/p>\n<p>[\/vc_column_text][vc_column_text css_animation=\u00bbslideInDown\u00bb el_class=\u00bbhidebuybutton\u00bb]<a href=\"https:\/\/www.storemaxima.com\/es\/module\/iqitsearch\/searchiqit?s=Perforacion+Continua\" target=\"_blank\" rel=\"noopener\"><img loading=\"lazy\" decoding=\"async\" class=\"alignnone\" title=\"Comprar en www.storemaxima.com\" src=\"https:\/\/www.maxima-dia.com\/wp-content\/uploads\/2019\/12\/pulsante-acquista-storemaxima.com-es.svg\" alt=\"Comprar en www.storemaxima.com\" width=\"180\" height=\"80\"><\/a>[\/vc_column_text][\/vc_column][vc_column width=\u00bb3\/4&#8243;][vc_column_text]Esta l\u00ednea de brocas diamantadas encuentra su uso ideal en caso de perforaciones de profundidades superiores a 2 metros lineales. Dado que no es posible extraer de la pared el n\u00facleo resultante como en la perforaci\u00f3n tradicional, este sistema permite realizar el orificio enroscando progresivamente las extensiones, manteniendo el n\u00facleo dentro de la broca hasta el final de la perforaci\u00f3n. A petici\u00f3n, el sistema tambi\u00e9n puede suministrarse con extractores de n\u00facleo y estabilizadores para evitar que la perforadora se desv\u00ede durante la perforaci\u00f3n. Al tratarse de una perforaci\u00f3n altamente t\u00e9cnica, se recomienda solicitar un asesoramiento previo a un t\u00e9cnico de Maxima, que le dar\u00e1 las indicaciones y los consejos t\u00e9cnicos para realizar el trabajo de manera profesional. En casos de aplicaciones poco comunes, el t\u00e9cnico tambi\u00e9n estar\u00e1 disponible para realizar inspecciones en la obra. La herramienta est\u00e1 disponible en tres variantes: Corona impregnada, engastada y policristalina, y todas pueden pedirse para su uso con agua o aire comprimido.<\/p>\n<table class=\"tabellatecnica\" style=\"width: 80%;\" border=\"0\" cellspacing=\"0\" cellpadding=\"0\">\n<thead>\n<tr>\n<td class=\"testata\"><strong>PUEDE UTILIZARSE EN LAS M\u00c1QUINAS SIGUIENTES<\/strong><\/td>\n<\/tr>\n<\/thead>\n<tbody>\n<tr>\n<td><img loading=\"lazy\" decoding=\"async\" class=\"alignleft\" src=\"\/wp-content\/uploads\/2013\/11\/s-m3.png\" alt=\"s-m3\" width=\"60\" height=\"60\">20-25-30-31-35-40-45-50-64-72-82<\/td>\n<\/tr>\n<\/tbody>\n<\/table>\n<p>&nbsp;[\/vc_column_text][\/vc_column][\/vc_row]<\/p>\n<\/div>","protected":false},"excerpt":{"rendered":"<p>[vc_row][vc_column text_align=\u00bbcenter\u00bb width=\u00bb1\/4&#8243;][vc_column_text] [\/vc_column_text][vc_column_text css_animation=\u00bbslideInDown\u00bb el_class=\u00bbhidebuybutton\u00bb][\/vc_column_text][\/vc_column][vc_column width=\u00bb3\/4&#8243;][vc_column_text]Esta l\u00ednea de brocas diamantadas encuentra su uso ideal en caso de perforaciones de profundidades superiores a 2 metros lineales. Dado que no es posible extraer de la pared el n\u00facleo resultante como en la perforaci\u00f3n tradicional, este sistema permite realizar el orificio enroscando progresivamente las extensiones, manteniendo el n\u00facleo dentro de la broca hasta el final de la perforaci\u00f3n. A petici\u00f3n, el sistema tambi\u00e9n puede suministrarse con extractores de n\u00facleo y estabilizadores para evitar que la perforadora se desv\u00ede durante la perforaci\u00f3n. Al tratarse de una perforaci\u00f3n altamente t\u00e9cnica, se recomienda solicitar un asesoramiento previo a un t\u00e9cnico de Maxima, que le dar\u00e1 las indicaciones y los consejos t\u00e9cnicos para realizar el trabajo de manera profesional. En casos de aplicaciones poco comunes, el t\u00e9cnico tambi\u00e9n estar\u00e1 disponible para realizar inspecciones en la obra. La herramienta est\u00e1 disponible en tres variantes: Corona impregnada, engastada y policristalina, y todas pueden pedirse para su uso con agua o aire comprimido. PUEDE UTILIZARSE EN LAS M\u00c1QUINAS SIGUIENTES 20-25-30-31-35-40-45-50-64-72-82 &nbsp;[\/vc_column_text][\/vc_column][\/vc_row]<\/p>\n","protected":false},"author":29,"featured_media":24791,"parent":12457,"menu_order":7,"comment_status":"closed","ping_status":"closed","template":"","meta":{"ngg_post_thumbnail":0,"_joinchat":[],"footnotes":""},"class_list":["post-8506","page","type-page","status-publish","has-post-thumbnail","hentry"],"yoast_head":"<!-- This site is optimized with the Yoast SEO plugin v25.5 - https:\/\/yoast.com\/wordpress\/plugins\/seo\/ -->\n<title>Perforaci\u00f3n Continua - Maxima SpA<\/title>\n<meta name=\"robots\" content=\"index, follow, max-snippet:-1, max-image-preview:large, max-video-preview:-1\" \/>\n<link rel=\"canonical\" href=\"https:\/\/www.maxima-dia.com\/es\/brocas-de-diamante-para-humedo\/broca-de-diamante-perforacion-continua\/\" \/>\n<meta property=\"og:locale\" content=\"es_ES\" \/>\n<meta property=\"og:type\" content=\"article\" \/>\n<meta property=\"og:title\" content=\"Perforaci\u00f3n Continua - Maxima SpA\" \/>\n<meta property=\"og:description\" content=\"[vc_row][vc_column text_align=\u00bbcenter\u00bb width=\u00bb1\/4&#8243;][vc_column_text] [\/vc_column_text][vc_column_text css_animation=\u00bbslideInDown\u00bb el_class=\u00bbhidebuybutton\u00bb][\/vc_column_text][\/vc_column][vc_column width=\u00bb3\/4&#8243;][vc_column_text]Esta l\u00ednea de brocas diamantadas encuentra su uso ideal en caso de perforaciones de profundidades superiores a 2 metros lineales. Dado que no es posible extraer de la pared el n\u00facleo resultante como en la perforaci\u00f3n tradicional, este sistema permite realizar el orificio enroscando progresivamente las extensiones, manteniendo el n\u00facleo dentro de la broca hasta el final de la perforaci\u00f3n. A petici\u00f3n, el sistema tambi\u00e9n puede suministrarse con extractores de n\u00facleo y estabilizadores para evitar que la perforadora se desv\u00ede durante la perforaci\u00f3n. Al tratarse de una perforaci\u00f3n altamente t\u00e9cnica, se recomienda solicitar un asesoramiento previo a un t\u00e9cnico de Maxima, que le dar\u00e1 las indicaciones y los consejos t\u00e9cnicos para realizar el trabajo de manera profesional. En casos de aplicaciones poco comunes, el t\u00e9cnico tambi\u00e9n estar\u00e1 disponible para realizar inspecciones en la obra. La herramienta est\u00e1 disponible en tres variantes: Corona impregnada, engastada y policristalina, y todas pueden pedirse para su uso con agua o aire comprimido. PUEDE UTILIZARSE EN LAS M\u00c1QUINAS SIGUIENTES 20-25-30-31-35-40-45-50-64-72-82 &nbsp;[\/vc_column_text][\/vc_column][\/vc_row]\" \/>\n<meta property=\"og:url\" content=\"https:\/\/www.maxima-dia.com\/es\/brocas-de-diamante-para-humedo\/broca-de-diamante-perforacion-continua\/\" \/>\n<meta property=\"og:site_name\" content=\"Maxima SpA\" \/>\n<meta property=\"article:publisher\" content=\"https:\/\/www.facebook.com\/Maxima-spa-106098566139597\" \/>\n<meta property=\"article:modified_time\" content=\"2021-07-28T10:14:07+00:00\" \/>\n<meta property=\"og:image\" content=\"https:\/\/www.maxima-dia.com\/wp-content\/uploads\/2017\/02\/carotaggio-continuo.jpg\" \/>\n\t<meta property=\"og:image:width\" content=\"1200\" \/>\n\t<meta property=\"og:image:height\" content=\"1200\" \/>\n\t<meta property=\"og:image:type\" content=\"image\/jpeg\" \/>\n<meta name=\"twitter:card\" content=\"summary_large_image\" \/>\n<meta name=\"twitter:site\" content=\"@Maximadia\" \/>\n<meta name=\"twitter:label1\" content=\"Tiempo de lectura\" \/>\n\t<meta name=\"twitter:data1\" content=\"2 minutos\" \/>\n<script type=\"application\/ld+json\" class=\"yoast-schema-graph\">{\"@context\":\"https:\/\/schema.org\",\"@graph\":[{\"@type\":\"WebPage\",\"@id\":\"https:\/\/www.maxima-dia.com\/es\/brocas-de-diamante-para-humedo\/broca-de-diamante-perforacion-continua\/\",\"url\":\"https:\/\/www.maxima-dia.com\/es\/brocas-de-diamante-para-humedo\/broca-de-diamante-perforacion-continua\/\",\"name\":\"Perforaci\u00f3n Continua - Maxima SpA\",\"isPartOf\":{\"@id\":\"https:\/\/www.maxima-dia.com\/es\/#website\"},\"primaryImageOfPage\":{\"@id\":\"https:\/\/www.maxima-dia.com\/es\/brocas-de-diamante-para-humedo\/broca-de-diamante-perforacion-continua\/#primaryimage\"},\"image\":{\"@id\":\"https:\/\/www.maxima-dia.com\/es\/brocas-de-diamante-para-humedo\/broca-de-diamante-perforacion-continua\/#primaryimage\"},\"thumbnailUrl\":\"https:\/\/www.maxima-dia.com\/wp-content\/uploads\/2017\/02\/carotaggio-continuo.jpg\",\"datePublished\":\"2014-05-16T15:57:02+00:00\",\"dateModified\":\"2021-07-28T10:14:07+00:00\",\"breadcrumb\":{\"@id\":\"https:\/\/www.maxima-dia.com\/es\/brocas-de-diamante-para-humedo\/broca-de-diamante-perforacion-continua\/#breadcrumb\"},\"inLanguage\":\"es\",\"potentialAction\":[{\"@type\":\"ReadAction\",\"target\":[\"https:\/\/www.maxima-dia.com\/es\/brocas-de-diamante-para-humedo\/broca-de-diamante-perforacion-continua\/\"]}]},{\"@type\":\"ImageObject\",\"inLanguage\":\"es\",\"@id\":\"https:\/\/www.maxima-dia.com\/es\/brocas-de-diamante-para-humedo\/broca-de-diamante-perforacion-continua\/#primaryimage\",\"url\":\"https:\/\/www.maxima-dia.com\/wp-content\/uploads\/2017\/02\/carotaggio-continuo.jpg\",\"contentUrl\":\"https:\/\/www.maxima-dia.com\/wp-content\/uploads\/2017\/02\/carotaggio-continuo.jpg\",\"width\":1200,\"height\":1200},{\"@type\":\"BreadcrumbList\",\"@id\":\"https:\/\/www.maxima-dia.com\/es\/brocas-de-diamante-para-humedo\/broca-de-diamante-perforacion-continua\/#breadcrumb\",\"itemListElement\":[{\"@type\":\"ListItem\",\"position\":1,\"name\":\"Home\",\"item\":\"https:\/\/www.maxima-dia.com\/es\/\"},{\"@type\":\"ListItem\",\"position\":2,\"name\":\"Brocas de Diamante para H\u00famedo\",\"item\":\"https:\/\/www.maxima-dia.com\/es\/brocas-de-diamante-para-humedo\/\"},{\"@type\":\"ListItem\",\"position\":3,\"name\":\"Perforaci\u00f3n Continua\"}]},{\"@type\":\"WebSite\",\"@id\":\"https:\/\/www.maxima-dia.com\/es\/#website\",\"url\":\"https:\/\/www.maxima-dia.com\/es\/\",\"name\":\"Maxima SpA\",\"description\":\"Only for the real professionals\",\"potentialAction\":[{\"@type\":\"SearchAction\",\"target\":{\"@type\":\"EntryPoint\",\"urlTemplate\":\"https:\/\/www.maxima-dia.com\/es\/?s={search_term_string}\"},\"query-input\":{\"@type\":\"PropertyValueSpecification\",\"valueRequired\":true,\"valueName\":\"search_term_string\"}}],\"inLanguage\":\"es\"}]}<\/script>\n<!-- \/ Yoast SEO plugin. -->","yoast_head_json":{"title":"Perforaci\u00f3n Continua - Maxima SpA","robots":{"index":"index","follow":"follow","max-snippet":"max-snippet:-1","max-image-preview":"max-image-preview:large","max-video-preview":"max-video-preview:-1"},"canonical":"https:\/\/www.maxima-dia.com\/es\/brocas-de-diamante-para-humedo\/broca-de-diamante-perforacion-continua\/","og_locale":"es_ES","og_type":"article","og_title":"Perforaci\u00f3n Continua - Maxima SpA","og_description":"[vc_row][vc_column text_align=\u00bbcenter\u00bb width=\u00bb1\/4&#8243;][vc_column_text] [\/vc_column_text][vc_column_text css_animation=\u00bbslideInDown\u00bb el_class=\u00bbhidebuybutton\u00bb][\/vc_column_text][\/vc_column][vc_column width=\u00bb3\/4&#8243;][vc_column_text]Esta l\u00ednea de brocas diamantadas encuentra su uso ideal en caso de perforaciones de profundidades superiores a 2 metros lineales. Dado que no es posible extraer de la pared el n\u00facleo resultante como en la perforaci\u00f3n tradicional, este sistema permite realizar el orificio enroscando progresivamente las extensiones, manteniendo el n\u00facleo dentro de la broca hasta el final de la perforaci\u00f3n. A petici\u00f3n, el sistema tambi\u00e9n puede suministrarse con extractores de n\u00facleo y estabilizadores para evitar que la perforadora se desv\u00ede durante la perforaci\u00f3n. Al tratarse de una perforaci\u00f3n altamente t\u00e9cnica, se recomienda solicitar un asesoramiento previo a un t\u00e9cnico de Maxima, que le dar\u00e1 las indicaciones y los consejos t\u00e9cnicos para realizar el trabajo de manera profesional. En casos de aplicaciones poco comunes, el t\u00e9cnico tambi\u00e9n estar\u00e1 disponible para realizar inspecciones en la obra. La herramienta est\u00e1 disponible en tres variantes: Corona impregnada, engastada y policristalina, y todas pueden pedirse para su uso con agua o aire comprimido. PUEDE UTILIZARSE EN LAS M\u00c1QUINAS SIGUIENTES 20-25-30-31-35-40-45-50-64-72-82 &nbsp;[\/vc_column_text][\/vc_column][\/vc_row]","og_url":"https:\/\/www.maxima-dia.com\/es\/brocas-de-diamante-para-humedo\/broca-de-diamante-perforacion-continua\/","og_site_name":"Maxima SpA","article_publisher":"https:\/\/www.facebook.com\/Maxima-spa-106098566139597","article_modified_time":"2021-07-28T10:14:07+00:00","og_image":[{"width":1200,"height":1200,"url":"https:\/\/www.maxima-dia.com\/wp-content\/uploads\/2017\/02\/carotaggio-continuo.jpg","type":"image\/jpeg"}],"twitter_card":"summary_large_image","twitter_site":"@Maximadia","twitter_misc":{"Tiempo de lectura":"2 minutos"},"schema":{"@context":"https:\/\/schema.org","@graph":[{"@type":"WebPage","@id":"https:\/\/www.maxima-dia.com\/es\/brocas-de-diamante-para-humedo\/broca-de-diamante-perforacion-continua\/","url":"https:\/\/www.maxima-dia.com\/es\/brocas-de-diamante-para-humedo\/broca-de-diamante-perforacion-continua\/","name":"Perforaci\u00f3n Continua - Maxima SpA","isPartOf":{"@id":"https:\/\/www.maxima-dia.com\/es\/#website"},"primaryImageOfPage":{"@id":"https:\/\/www.maxima-dia.com\/es\/brocas-de-diamante-para-humedo\/broca-de-diamante-perforacion-continua\/#primaryimage"},"image":{"@id":"https:\/\/www.maxima-dia.com\/es\/brocas-de-diamante-para-humedo\/broca-de-diamante-perforacion-continua\/#primaryimage"},"thumbnailUrl":"https:\/\/www.maxima-dia.com\/wp-content\/uploads\/2017\/02\/carotaggio-continuo.jpg","datePublished":"2014-05-16T15:57:02+00:00","dateModified":"2021-07-28T10:14:07+00:00","breadcrumb":{"@id":"https:\/\/www.maxima-dia.com\/es\/brocas-de-diamante-para-humedo\/broca-de-diamante-perforacion-continua\/#breadcrumb"},"inLanguage":"es","potentialAction":[{"@type":"ReadAction","target":["https:\/\/www.maxima-dia.com\/es\/brocas-de-diamante-para-humedo\/broca-de-diamante-perforacion-continua\/"]}]},{"@type":"ImageObject","inLanguage":"es","@id":"https:\/\/www.maxima-dia.com\/es\/brocas-de-diamante-para-humedo\/broca-de-diamante-perforacion-continua\/#primaryimage","url":"https:\/\/www.maxima-dia.com\/wp-content\/uploads\/2017\/02\/carotaggio-continuo.jpg","contentUrl":"https:\/\/www.maxima-dia.com\/wp-content\/uploads\/2017\/02\/carotaggio-continuo.jpg","width":1200,"height":1200},{"@type":"BreadcrumbList","@id":"https:\/\/www.maxima-dia.com\/es\/brocas-de-diamante-para-humedo\/broca-de-diamante-perforacion-continua\/#breadcrumb","itemListElement":[{"@type":"ListItem","position":1,"name":"Home","item":"https:\/\/www.maxima-dia.com\/es\/"},{"@type":"ListItem","position":2,"name":"Brocas de Diamante para H\u00famedo","item":"https:\/\/www.maxima-dia.com\/es\/brocas-de-diamante-para-humedo\/"},{"@type":"ListItem","position":3,"name":"Perforaci\u00f3n Continua"}]},{"@type":"WebSite","@id":"https:\/\/www.maxima-dia.com\/es\/#website","url":"https:\/\/www.maxima-dia.com\/es\/","name":"Maxima SpA","description":"Only for the real professionals","potentialAction":[{"@type":"SearchAction","target":{"@type":"EntryPoint","urlTemplate":"https:\/\/www.maxima-dia.com\/es\/?s={search_term_string}"},"query-input":{"@type":"PropertyValueSpecification","valueRequired":true,"valueName":"search_term_string"}}],"inLanguage":"es"}]}},"_links":{"self":[{"href":"https:\/\/www.maxima-dia.com\/es\/wp-json\/wp\/v2\/pages\/8506"}],"collection":[{"href":"https:\/\/www.maxima-dia.com\/es\/wp-json\/wp\/v2\/pages"}],"about":[{"href":"https:\/\/www.maxima-dia.com\/es\/wp-json\/wp\/v2\/types\/page"}],"author":[{"embeddable":true,"href":"https:\/\/www.maxima-dia.com\/es\/wp-json\/wp\/v2\/users\/29"}],"replies":[{"embeddable":true,"href":"https:\/\/www.maxima-dia.com\/es\/wp-json\/wp\/v2\/comments?post=8506"}],"version-history":[{"count":0,"href":"https:\/\/www.maxima-dia.com\/es\/wp-json\/wp\/v2\/pages\/8506\/revisions"}],"up":[{"embeddable":true,"href":"https:\/\/www.maxima-dia.com\/es\/wp-json\/wp\/v2\/pages\/12457"}],"wp:featuredmedia":[{"embeddable":true,"href":"https:\/\/www.maxima-dia.com\/es\/wp-json\/wp\/v2\/media\/24791"}],"wp:attachment":[{"href":"https:\/\/www.maxima-dia.com\/es\/wp-json\/wp\/v2\/media?parent=8506"}],"curies":[{"name":"wp","href":"https:\/\/api.w.org\/{rel}","templated":true}]}}