{"id":8517,"date":"2014-05-17T09:32:26","date_gmt":"2014-05-17T07:32:26","guid":{"rendered":"http:\/\/www.maxima-dia.com\/?post_type=products&#038;p=8517"},"modified":"2021-07-29T09:58:39","modified_gmt":"2021-07-29T07:58:39","slug":"caromax-800","status":"publish","type":"page","link":"https:\/\/www.maxima-dia.com\/es\/maquinas-de-perforacion-para-la-construccion\/caromax-800\/","title":{"rendered":"Caromax 800"},"content":{"rendered":"<div class=\"wpb-content-wrapper\"><p>[vc_row][vc_column text_align=\u00bbcenter\u00bb width=\u00bb1\/4&#8243;][vc_column_text]<a href=\"\/wp-content\/uploads\/2017\/02\/caromax-800.jpg\"><img loading=\"lazy\" decoding=\"async\" class=\"alignnone size-thumbnail wp-image-13704\" src=\"\/wp-content\/uploads\/2017\/02\/caromax-800-150x150.jpg\" alt=\"CAROMAX 800\" width=\"150\" height=\"150\" srcset=\"https:\/\/www.maxima-dia.com\/wp-content\/uploads\/2017\/02\/caromax-800-150x150.jpg 150w, https:\/\/www.maxima-dia.com\/wp-content\/uploads\/2017\/02\/caromax-800-300x300.jpg 300w, https:\/\/www.maxima-dia.com\/wp-content\/uploads\/2017\/02\/caromax-800-768x768.jpg 768w, https:\/\/www.maxima-dia.com\/wp-content\/uploads\/2017\/02\/caromax-800-1024x1024.jpg 1024w, https:\/\/www.maxima-dia.com\/wp-content\/uploads\/2017\/02\/caromax-800-80x80.jpg 80w, https:\/\/www.maxima-dia.com\/wp-content\/uploads\/2017\/02\/caromax-800-500x500.jpg 500w, https:\/\/www.maxima-dia.com\/wp-content\/uploads\/2017\/02\/caromax-800-1000x1000.jpg 1000w, https:\/\/www.maxima-dia.com\/wp-content\/uploads\/2017\/02\/caromax-800.jpg 1200w\" sizes=\"(max-width: 150px) 100vw, 150px\" \/><\/a><\/p>\n<p>construida en la Uni\u00f3n Europea&nbsp;<img loading=\"lazy\" decoding=\"async\" src=\"\/wp-content\/uploads\/2013\/11\/eu.png\" alt=\"eu\" width=\"24\" height=\"16\"> &#8211; certificada <span style=\"font-family: arial,helvetica,sans-serif;\">CE<\/span>[\/vc_column_text][vc_column_text css_animation=\u00bbslideInDown\u00bb el_class=\u00bbhidebuybutton\u00bb]<a href=\"https:\/\/www.storemaxima.com\/es\/maquinas-de-perforacion-para-la-construccion\/102-caromax-800.html\" target=\"_blank\" rel=\"noopener\"><img loading=\"lazy\" decoding=\"async\" class=\"alignnone\" title=\"Comprar en www.storemaxima.com\" src=\"https:\/\/www.maxima-dia.com\/wp-content\/uploads\/2019\/12\/pulsante-acquista-storemaxima.com-es.svg\" alt=\"Comprar en www.storemaxima.com\" width=\"180\" height=\"80\"><\/a>[\/vc_column_text][\/vc_column][vc_column width=\u00bb3\/4&#8243;][vc_column_text]<strong>Caromax 800<\/strong> es una perforadora moderna, la \u00fanica en el mercado a d\u00eda de hoy, creada para satisfacer las necesidades cotidianas de los instaladores y encargados de la colocaci\u00f3n, que se encuentran trabajando con materiales cer\u00e1micos cada vez m\u00e1s duros y fr\u00e1giles. Gracias a la velocidad de rotaci\u00f3n de 6400 rpm, la refrigeraci\u00f3n con agua, el selector de velocidad electr\u00f3nico y la l\u00ednea de brocas, desarrollada ad hoc, el <a href=\"https:\/\/www.maxima-dia.com\/es\/brocas-de-diamante-para-humedo\/broca-de-diamante-oro-gres\/\"><strong>Laser Oro Gres<\/strong><\/a>, <strong>Caromax 800<\/strong> garantiza al usuario la seguridad constante de poder realizar agujeros de hasta 68 mm de di\u00e1metro sin grietas y desconchones en cualquier tipo de material de instalaci\u00f3n como: gres, kerlite, granito, m\u00e1rmol, ladrillos klinker, mosaico de vidrio y muchos otros. En el paquete se incluyen las 3 brocas de 6, 8, 10 mm de di\u00e1metro, 3 adaptadores r\u00e1pidos y el kit de centrado y recogida de agua.<\/p>\n<table class=\"tabellafotocarotaggio\">\n<tbody>\n<tr>\n<td>&nbsp;<\/td>\n<td style=\"text-align: center;\"><a href=\"\/wp-content\/uploads\/2017\/02\/caromax-800-gres.jpg\"><img loading=\"lazy\" decoding=\"async\" class=\"alignnone size-thumbnail wp-image-13698\" src=\"\/wp-content\/uploads\/2017\/02\/caromax-800-gres-150x150.jpg\" alt=\"\" width=\"150\" height=\"150\" srcset=\"https:\/\/www.maxima-dia.com\/wp-content\/uploads\/2017\/02\/caromax-800-gres-150x150.jpg 150w, https:\/\/www.maxima-dia.com\/wp-content\/uploads\/2017\/02\/caromax-800-gres-80x80.jpg 80w, https:\/\/www.maxima-dia.com\/wp-content\/uploads\/2017\/02\/caromax-800-gres-500x500.jpg 500w, https:\/\/www.maxima-dia.com\/wp-content\/uploads\/2017\/02\/caromax-800-gres-1000x1000.jpg 1000w\" sizes=\"(max-width: 150px) 100vw, 150px\" \/><\/a><\/td>\n<td style=\"text-align: center;\"><a href=\"\/wp-content\/uploads\/2017\/02\/caromax-800-granito.jpg\"><img loading=\"lazy\" decoding=\"async\" class=\"alignnone size-thumbnail wp-image-13697\" src=\"\/wp-content\/uploads\/2017\/02\/caromax-800-granito-150x150.jpg\" alt=\"\" width=\"150\" height=\"150\" srcset=\"https:\/\/www.maxima-dia.com\/wp-content\/uploads\/2017\/02\/caromax-800-granito-150x150.jpg 150w, https:\/\/www.maxima-dia.com\/wp-content\/uploads\/2017\/02\/caromax-800-granito-80x80.jpg 80w, https:\/\/www.maxima-dia.com\/wp-content\/uploads\/2017\/02\/caromax-800-granito-500x500.jpg 500w, https:\/\/www.maxima-dia.com\/wp-content\/uploads\/2017\/02\/caromax-800-granito-1000x1000.jpg 1000w\" sizes=\"(max-width: 150px) 100vw, 150px\" \/><\/a><\/td>\n<td style=\"text-align: center;\"><a href=\"\/wp-content\/uploads\/2017\/02\/caromax-800-glass.jpg\"><img loading=\"lazy\" decoding=\"async\" class=\"alignnone size-thumbnail wp-image-13696\" src=\"\/wp-content\/uploads\/2017\/02\/caromax-800-glass-150x150.jpg\" alt=\"\" width=\"150\" height=\"150\" srcset=\"https:\/\/www.maxima-dia.com\/wp-content\/uploads\/2017\/02\/caromax-800-glass-150x150.jpg 150w, https:\/\/www.maxima-dia.com\/wp-content\/uploads\/2017\/02\/caromax-800-glass-80x80.jpg 80w, https:\/\/www.maxima-dia.com\/wp-content\/uploads\/2017\/02\/caromax-800-glass-500x500.jpg 500w, https:\/\/www.maxima-dia.com\/wp-content\/uploads\/2017\/02\/caromax-800-glass-1000x1000.jpg 1000w\" sizes=\"(max-width: 150px) 100vw, 150px\" \/><\/a><\/td>\n<\/tr>\n<tr>\n<td>MATERIAL<br \/>\nTHICKNESS<br \/>\nSPEED<\/td>\n<td style=\"text-align: center;\">GRES<br \/>\n12 MM<br \/>\n7 SEC<\/td>\n<td style=\"text-align: center;\">GRANITE<br \/>\n20 MM<br \/>\n9 SEC<\/td>\n<td style=\"text-align: center;\">GLASS MOSAIC<br \/>\n5 MM<br \/>\n5 SEC<\/td>\n<\/tr>\n<\/tbody>\n<\/table>\n<p>&nbsp;<\/p>\n<table class=\"tabellafotocarotaggio\" style=\"width: 100%;\">\n<tbody>\n<tr>\n<td style=\"width: 33%; text-align: center;\"><a href=\"\/wp-content\/uploads\/2017\/02\/caromax-800-quick-release.jpg\"><img loading=\"lazy\" decoding=\"async\" class=\"alignnone size-thumbnail wp-image-13700\" src=\"\/wp-content\/uploads\/2017\/02\/caromax-800-quick-release-150x150.jpg\" alt=\"\" width=\"150\" height=\"150\" srcset=\"https:\/\/www.maxima-dia.com\/wp-content\/uploads\/2017\/02\/caromax-800-quick-release-150x150.jpg 150w, https:\/\/www.maxima-dia.com\/wp-content\/uploads\/2017\/02\/caromax-800-quick-release-80x80.jpg 80w, https:\/\/www.maxima-dia.com\/wp-content\/uploads\/2017\/02\/caromax-800-quick-release-500x500.jpg 500w, https:\/\/www.maxima-dia.com\/wp-content\/uploads\/2017\/02\/caromax-800-quick-release-1000x1000.jpg 1000w\" sizes=\"(max-width: 150px) 100vw, 150px\" \/><\/a><\/td>\n<td style=\"width: 33%; text-align: center;\"><a href=\"\/wp-content\/uploads\/2017\/02\/caromax-800-water-regulator.jpg\"><img loading=\"lazy\" decoding=\"async\" class=\"alignnone size-thumbnail wp-image-13703\" src=\"\/wp-content\/uploads\/2017\/02\/caromax-800-water-regulator-150x150.jpg\" alt=\"\" width=\"150\" height=\"150\" srcset=\"https:\/\/www.maxima-dia.com\/wp-content\/uploads\/2017\/02\/caromax-800-water-regulator-150x150.jpg 150w, https:\/\/www.maxima-dia.com\/wp-content\/uploads\/2017\/02\/caromax-800-water-regulator-80x80.jpg 80w, https:\/\/www.maxima-dia.com\/wp-content\/uploads\/2017\/02\/caromax-800-water-regulator-500x500.jpg 500w, https:\/\/www.maxima-dia.com\/wp-content\/uploads\/2017\/02\/caromax-800-water-regulator-1000x1000.jpg 1000w\" sizes=\"(max-width: 150px) 100vw, 150px\" \/><\/a><\/td>\n<td style=\"width: 33%; text-align: center;\"><a href=\"\/wp-content\/uploads\/2017\/02\/caromax-800-speed-selector.jpg\"><img loading=\"lazy\" decoding=\"async\" class=\"alignnone size-thumbnail wp-image-13701\" src=\"\/wp-content\/uploads\/2017\/02\/caromax-800-speed-selector-150x150.jpg\" alt=\"\" width=\"150\" height=\"150\" srcset=\"https:\/\/www.maxima-dia.com\/wp-content\/uploads\/2017\/02\/caromax-800-speed-selector-150x150.jpg 150w, https:\/\/www.maxima-dia.com\/wp-content\/uploads\/2017\/02\/caromax-800-speed-selector-80x80.jpg 80w, https:\/\/www.maxima-dia.com\/wp-content\/uploads\/2017\/02\/caromax-800-speed-selector-500x500.jpg 500w, https:\/\/www.maxima-dia.com\/wp-content\/uploads\/2017\/02\/caromax-800-speed-selector-1000x1000.jpg 1000w\" sizes=\"(max-width: 150px) 100vw, 150px\" \/><\/a><\/td>\n<\/tr>\n<tr>\n<td style=\"width: 33%; text-align: center;\">&nbsp;<\/td>\n<td style=\"width: 33%; text-align: center;\">&nbsp;<\/td>\n<td style=\"width: 33%; text-align: center;\">&nbsp;<\/td>\n<\/tr>\n<tr>\n<td style=\"width: 33%; text-align: center;\"><a href=\"\/wp-content\/uploads\/2017\/02\/caromax-800-prcd.jpg\"><img loading=\"lazy\" decoding=\"async\" class=\"alignnone size-thumbnail wp-image-13699\" src=\"\/wp-content\/uploads\/2017\/02\/caromax-800-prcd-150x150.jpg\" alt=\"\" width=\"150\" height=\"150\" srcset=\"https:\/\/www.maxima-dia.com\/wp-content\/uploads\/2017\/02\/caromax-800-prcd-150x150.jpg 150w, https:\/\/www.maxima-dia.com\/wp-content\/uploads\/2017\/02\/caromax-800-prcd-80x80.jpg 80w, https:\/\/www.maxima-dia.com\/wp-content\/uploads\/2017\/02\/caromax-800-prcd-500x500.jpg 500w\" sizes=\"(max-width: 150px) 100vw, 150px\" \/><\/a><\/td>\n<td style=\"width: 33%; text-align: center;\"><a href=\"\/wp-content\/uploads\/2017\/02\/caromax-800-centering-kit.jpg\"><img loading=\"lazy\" decoding=\"async\" class=\"alignnone size-thumbnail wp-image-13695\" src=\"\/wp-content\/uploads\/2017\/02\/caromax-800-centering-kit-150x150.jpg\" alt=\"\" width=\"150\" height=\"150\" srcset=\"https:\/\/www.maxima-dia.com\/wp-content\/uploads\/2017\/02\/caromax-800-centering-kit-150x150.jpg 150w, https:\/\/www.maxima-dia.com\/wp-content\/uploads\/2017\/02\/caromax-800-centering-kit-80x80.jpg 80w, https:\/\/www.maxima-dia.com\/wp-content\/uploads\/2017\/02\/caromax-800-centering-kit-500x500.jpg 500w, https:\/\/www.maxima-dia.com\/wp-content\/uploads\/2017\/02\/caromax-800-centering-kit-1000x1000.jpg 1000w\" sizes=\"(max-width: 150px) 100vw, 150px\" \/><\/a>&nbsp;<\/td>\n<td style=\"width: 33%; text-align: center;\"><a href=\"\/wp-content\/uploads\/2017\/02\/caromax-800-water-connection.jpg\"><img loading=\"lazy\" decoding=\"async\" class=\"alignnone size-thumbnail wp-image-13702\" src=\"\/wp-content\/uploads\/2017\/02\/caromax-800-water-connection-150x150.jpg\" alt=\"\" width=\"150\" height=\"150\" srcset=\"https:\/\/www.maxima-dia.com\/wp-content\/uploads\/2017\/02\/caromax-800-water-connection-150x150.jpg 150w, https:\/\/www.maxima-dia.com\/wp-content\/uploads\/2017\/02\/caromax-800-water-connection-80x80.jpg 80w, https:\/\/www.maxima-dia.com\/wp-content\/uploads\/2017\/02\/caromax-800-water-connection-500x500.jpg 500w, https:\/\/www.maxima-dia.com\/wp-content\/uploads\/2017\/02\/caromax-800-water-connection-1000x1000.jpg 1000w\" sizes=\"(max-width: 150px) 100vw, 150px\" \/><\/a>&nbsp;<\/td>\n<\/tr>\n<\/tbody>\n<\/table>\n<p>&nbsp;<\/p>\n<table class=\"tabellatecnica\" style=\"width: 100%;\" border=\"0\" cellspacing=\"0\" cellpadding=\"0\">\n<thead>\n<tr>\n<td class=\"testata\" colspan=\"2\">CARACTER\u00cdSTICA T\u00c9CNICAS<\/td>\n<\/tr>\n<\/thead>\n<tbody>\n<tr>\n<td class=\"coltesto1\" style=\"width: 50%;\">Potencia Absorbida: 800 W &#8211; 230 V<\/td>\n<td class=\"coltesto2\" style=\"width: 50%;\">Capacidad del Dep\u00f3sito de Agua: 1 L<\/td>\n<\/tr>\n<tr>\n<td class=\"coltesto1\" style=\"width: 50%;\">Di\u00e1metro M\u00e1x Perforaci\u00f3n: 68 mm<\/td>\n<td class=\"coltesto2\" style=\"width: 50%;\">Tecla para el Control del Flujo de Agua<\/td>\n<\/tr>\n<tr>\n<td class=\"coltesto1\" style=\"width: 50%;\" rowspan=\"2\">2 Velocidad que pueden seleccionarse mec\u00e1nicamente:<br \/>\n1 &#8211; 3600 Rev\/Min Capacidad de perforaci\u00f3n: 20 &#8211; 68 mm<br \/>\n2 &#8211; 6400 Rev\/Min Capacidad de perforaci\u00f3n: 6 -20 mm<\/td>\n<td class=\"coltesto2\" style=\"width: 50%;\">Profundidad M\u00e1x 60 mm<\/td>\n<\/tr>\n<tr>\n<td class=\"coltesto2\" style=\"width: 50%;\">Suministrada con: Maleta, Sistema de Centrado, 3 Adaptadores&nbsp;y 3 Brocas de 6\/8\/10<\/td>\n<\/tr>\n<tr>\n<td class=\"coltesto2\" style=\"width: 50%;\">Empalme R\u00e1pido para Brocas 1\/2 gas<\/td>\n<td class=\"coltesto2\" style=\"width: 50%;\">Peso 3,4 Kg<\/td>\n<\/tr>\n<tr>\n<td class=\"coltesto2\" style=\"width: 50%;\">Interruptor PRCD Integrado<\/td>\n<td class=\"coltesto2\" style=\"width: 50%;\">Opcional: Empu\u00f1adura Lateral con Tecla de Agua<\/td>\n<\/tr>\n<\/tbody>\n<\/table>\n<p>[\/vc_column_text][\/vc_column][\/vc_row]<\/p>\n<\/div>","protected":false},"excerpt":{"rendered":"<p>[vc_row][vc_column text_align=\u00bbcenter\u00bb width=\u00bb1\/4&#8243;][vc_column_text] construida en la Uni\u00f3n Europea&nbsp; &#8211; certificada CE[\/vc_column_text][vc_column_text css_animation=\u00bbslideInDown\u00bb el_class=\u00bbhidebuybutton\u00bb][\/vc_column_text][\/vc_column][vc_column width=\u00bb3\/4&#8243;][vc_column_text]Caromax 800 es una perforadora moderna, la \u00fanica en el mercado a d\u00eda de hoy, creada para satisfacer las necesidades cotidianas de los instaladores y encargados de la colocaci\u00f3n, que se encuentran trabajando con materiales cer\u00e1micos cada vez m\u00e1s duros y fr\u00e1giles. Gracias a la velocidad de rotaci\u00f3n de 6400 rpm, la refrigeraci\u00f3n con agua, el selector de velocidad electr\u00f3nico y la l\u00ednea de brocas, desarrollada ad hoc, el Laser Oro Gres, Caromax 800 garantiza al usuario la seguridad constante de poder realizar agujeros de hasta 68 mm de di\u00e1metro sin grietas y desconchones en cualquier tipo de material de instalaci\u00f3n como: gres, kerlite, granito, m\u00e1rmol, ladrillos klinker, mosaico de vidrio y muchos otros. En el paquete se incluyen las 3 brocas de 6, 8, 10 mm de di\u00e1metro, 3 adaptadores r\u00e1pidos y el kit de centrado y recogida de agua. &nbsp; MATERIAL THICKNESS SPEED GRES 12 MM 7 SEC GRANITE 20 MM 9 SEC GLASS MOSAIC 5 MM 5 SEC &nbsp; &nbsp; &nbsp; &nbsp; &nbsp; &nbsp; &nbsp; CARACTER\u00cdSTICA T\u00c9CNICAS Potencia Absorbida: 800 W &#8211; 230 V Capacidad del Dep\u00f3sito de Agua: 1 L Di\u00e1metro M\u00e1x Perforaci\u00f3n: [&hellip;]<\/p>\n","protected":false},"author":29,"featured_media":21528,"parent":12467,"menu_order":1,"comment_status":"closed","ping_status":"closed","template":"","meta":{"ngg_post_thumbnail":0,"_joinchat":[],"footnotes":""},"class_list":["post-8517","page","type-page","status-publish","has-post-thumbnail","hentry"],"yoast_head":"<!-- This site is optimized with the Yoast SEO plugin v25.5 - https:\/\/yoast.com\/wordpress\/plugins\/seo\/ -->\n<title>Caromax 800 - Maxima SpA<\/title>\n<meta name=\"robots\" content=\"index, follow, max-snippet:-1, max-image-preview:large, max-video-preview:-1\" \/>\n<link rel=\"canonical\" href=\"https:\/\/www.maxima-dia.com\/es\/maquinas-de-perforacion-para-la-construccion\/caromax-800\/\" \/>\n<meta property=\"og:locale\" content=\"es_ES\" \/>\n<meta property=\"og:type\" content=\"article\" \/>\n<meta property=\"og:title\" content=\"Caromax 800 - Maxima SpA\" \/>\n<meta property=\"og:description\" content=\"[vc_row][vc_column text_align=\u00bbcenter\u00bb width=\u00bb1\/4&#8243;][vc_column_text] construida en la Uni\u00f3n Europea&nbsp; &#8211; certificada CE[\/vc_column_text][vc_column_text css_animation=\u00bbslideInDown\u00bb el_class=\u00bbhidebuybutton\u00bb][\/vc_column_text][\/vc_column][vc_column width=\u00bb3\/4&#8243;][vc_column_text]Caromax 800 es una perforadora moderna, la \u00fanica en el mercado a d\u00eda de hoy, creada para satisfacer las necesidades cotidianas de los instaladores y encargados de la colocaci\u00f3n, que se encuentran trabajando con materiales cer\u00e1micos cada vez m\u00e1s duros y fr\u00e1giles. Gracias a la velocidad de rotaci\u00f3n de 6400 rpm, la refrigeraci\u00f3n con agua, el selector de velocidad electr\u00f3nico y la l\u00ednea de brocas, desarrollada ad hoc, el Laser Oro Gres, Caromax 800 garantiza al usuario la seguridad constante de poder realizar agujeros de hasta 68 mm de di\u00e1metro sin grietas y desconchones en cualquier tipo de material de instalaci\u00f3n como: gres, kerlite, granito, m\u00e1rmol, ladrillos klinker, mosaico de vidrio y muchos otros. En el paquete se incluyen las 3 brocas de 6, 8, 10 mm de di\u00e1metro, 3 adaptadores r\u00e1pidos y el kit de centrado y recogida de agua. &nbsp; MATERIAL THICKNESS SPEED GRES 12 MM 7 SEC GRANITE 20 MM 9 SEC GLASS MOSAIC 5 MM 5 SEC &nbsp; &nbsp; &nbsp; &nbsp; &nbsp; &nbsp; &nbsp; CARACTER\u00cdSTICA T\u00c9CNICAS Potencia Absorbida: 800 W &#8211; 230 V Capacidad del Dep\u00f3sito de Agua: 1 L Di\u00e1metro M\u00e1x Perforaci\u00f3n: [&hellip;]\" \/>\n<meta property=\"og:url\" content=\"https:\/\/www.maxima-dia.com\/es\/maquinas-de-perforacion-para-la-construccion\/caromax-800\/\" \/>\n<meta property=\"og:site_name\" content=\"Maxima SpA\" \/>\n<meta property=\"article:publisher\" content=\"https:\/\/www.facebook.com\/Maxima-spa-106098566139597\" \/>\n<meta property=\"article:modified_time\" content=\"2021-07-29T07:58:39+00:00\" \/>\n<meta property=\"og:image\" content=\"https:\/\/www.maxima-dia.com\/wp-content\/uploads\/2017\/02\/caromax-800.jpg\" \/>\n\t<meta property=\"og:image:width\" content=\"1200\" \/>\n\t<meta property=\"og:image:height\" content=\"1200\" \/>\n\t<meta property=\"og:image:type\" content=\"image\/jpeg\" \/>\n<meta name=\"twitter:card\" content=\"summary_large_image\" \/>\n<meta name=\"twitter:site\" content=\"@Maximadia\" \/>\n<meta name=\"twitter:label1\" content=\"Tiempo de lectura\" \/>\n\t<meta name=\"twitter:data1\" content=\"4 minutos\" \/>\n<script type=\"application\/ld+json\" class=\"yoast-schema-graph\">{\"@context\":\"https:\/\/schema.org\",\"@graph\":[{\"@type\":\"WebPage\",\"@id\":\"https:\/\/www.maxima-dia.com\/es\/maquinas-de-perforacion-para-la-construccion\/caromax-800\/\",\"url\":\"https:\/\/www.maxima-dia.com\/es\/maquinas-de-perforacion-para-la-construccion\/caromax-800\/\",\"name\":\"Caromax 800 - Maxima SpA\",\"isPartOf\":{\"@id\":\"https:\/\/www.maxima-dia.com\/es\/#website\"},\"primaryImageOfPage\":{\"@id\":\"https:\/\/www.maxima-dia.com\/es\/maquinas-de-perforacion-para-la-construccion\/caromax-800\/#primaryimage\"},\"image\":{\"@id\":\"https:\/\/www.maxima-dia.com\/es\/maquinas-de-perforacion-para-la-construccion\/caromax-800\/#primaryimage\"},\"thumbnailUrl\":\"https:\/\/www.maxima-dia.com\/wp-content\/uploads\/2017\/02\/caromax-800.jpg\",\"datePublished\":\"2014-05-17T07:32:26+00:00\",\"dateModified\":\"2021-07-29T07:58:39+00:00\",\"breadcrumb\":{\"@id\":\"https:\/\/www.maxima-dia.com\/es\/maquinas-de-perforacion-para-la-construccion\/caromax-800\/#breadcrumb\"},\"inLanguage\":\"es\",\"potentialAction\":[{\"@type\":\"ReadAction\",\"target\":[\"https:\/\/www.maxima-dia.com\/es\/maquinas-de-perforacion-para-la-construccion\/caromax-800\/\"]}]},{\"@type\":\"ImageObject\",\"inLanguage\":\"es\",\"@id\":\"https:\/\/www.maxima-dia.com\/es\/maquinas-de-perforacion-para-la-construccion\/caromax-800\/#primaryimage\",\"url\":\"https:\/\/www.maxima-dia.com\/wp-content\/uploads\/2017\/02\/caromax-800.jpg\",\"contentUrl\":\"https:\/\/www.maxima-dia.com\/wp-content\/uploads\/2017\/02\/caromax-800.jpg\",\"width\":1200,\"height\":1200},{\"@type\":\"BreadcrumbList\",\"@id\":\"https:\/\/www.maxima-dia.com\/es\/maquinas-de-perforacion-para-la-construccion\/caromax-800\/#breadcrumb\",\"itemListElement\":[{\"@type\":\"ListItem\",\"position\":1,\"name\":\"Home\",\"item\":\"https:\/\/www.maxima-dia.com\/es\/\"},{\"@type\":\"ListItem\",\"position\":2,\"name\":\"M\u00e1quinas de Perforaci\u00f3n para la Construcci\u00f3n\",\"item\":\"https:\/\/www.maxima-dia.com\/es\/maquinas-de-perforacion-para-la-construccion\/\"},{\"@type\":\"ListItem\",\"position\":3,\"name\":\"Caromax 800\"}]},{\"@type\":\"WebSite\",\"@id\":\"https:\/\/www.maxima-dia.com\/es\/#website\",\"url\":\"https:\/\/www.maxima-dia.com\/es\/\",\"name\":\"Maxima SpA\",\"description\":\"Only for the real professionals\",\"potentialAction\":[{\"@type\":\"SearchAction\",\"target\":{\"@type\":\"EntryPoint\",\"urlTemplate\":\"https:\/\/www.maxima-dia.com\/es\/?s={search_term_string}\"},\"query-input\":{\"@type\":\"PropertyValueSpecification\",\"valueRequired\":true,\"valueName\":\"search_term_string\"}}],\"inLanguage\":\"es\"}]}<\/script>\n<!-- \/ Yoast SEO plugin. -->","yoast_head_json":{"title":"Caromax 800 - Maxima SpA","robots":{"index":"index","follow":"follow","max-snippet":"max-snippet:-1","max-image-preview":"max-image-preview:large","max-video-preview":"max-video-preview:-1"},"canonical":"https:\/\/www.maxima-dia.com\/es\/maquinas-de-perforacion-para-la-construccion\/caromax-800\/","og_locale":"es_ES","og_type":"article","og_title":"Caromax 800 - Maxima SpA","og_description":"[vc_row][vc_column text_align=\u00bbcenter\u00bb width=\u00bb1\/4&#8243;][vc_column_text] construida en la Uni\u00f3n Europea&nbsp; &#8211; certificada CE[\/vc_column_text][vc_column_text css_animation=\u00bbslideInDown\u00bb el_class=\u00bbhidebuybutton\u00bb][\/vc_column_text][\/vc_column][vc_column width=\u00bb3\/4&#8243;][vc_column_text]Caromax 800 es una perforadora moderna, la \u00fanica en el mercado a d\u00eda de hoy, creada para satisfacer las necesidades cotidianas de los instaladores y encargados de la colocaci\u00f3n, que se encuentran trabajando con materiales cer\u00e1micos cada vez m\u00e1s duros y fr\u00e1giles. Gracias a la velocidad de rotaci\u00f3n de 6400 rpm, la refrigeraci\u00f3n con agua, el selector de velocidad electr\u00f3nico y la l\u00ednea de brocas, desarrollada ad hoc, el Laser Oro Gres, Caromax 800 garantiza al usuario la seguridad constante de poder realizar agujeros de hasta 68 mm de di\u00e1metro sin grietas y desconchones en cualquier tipo de material de instalaci\u00f3n como: gres, kerlite, granito, m\u00e1rmol, ladrillos klinker, mosaico de vidrio y muchos otros. En el paquete se incluyen las 3 brocas de 6, 8, 10 mm de di\u00e1metro, 3 adaptadores r\u00e1pidos y el kit de centrado y recogida de agua. &nbsp; MATERIAL THICKNESS SPEED GRES 12 MM 7 SEC GRANITE 20 MM 9 SEC GLASS MOSAIC 5 MM 5 SEC &nbsp; &nbsp; &nbsp; &nbsp; &nbsp; &nbsp; &nbsp; CARACTER\u00cdSTICA T\u00c9CNICAS Potencia Absorbida: 800 W &#8211; 230 V Capacidad del Dep\u00f3sito de Agua: 1 L Di\u00e1metro M\u00e1x Perforaci\u00f3n: [&hellip;]","og_url":"https:\/\/www.maxima-dia.com\/es\/maquinas-de-perforacion-para-la-construccion\/caromax-800\/","og_site_name":"Maxima SpA","article_publisher":"https:\/\/www.facebook.com\/Maxima-spa-106098566139597","article_modified_time":"2021-07-29T07:58:39+00:00","og_image":[{"width":1200,"height":1200,"url":"https:\/\/www.maxima-dia.com\/wp-content\/uploads\/2017\/02\/caromax-800.jpg","type":"image\/jpeg"}],"twitter_card":"summary_large_image","twitter_site":"@Maximadia","twitter_misc":{"Tiempo de lectura":"4 minutos"},"schema":{"@context":"https:\/\/schema.org","@graph":[{"@type":"WebPage","@id":"https:\/\/www.maxima-dia.com\/es\/maquinas-de-perforacion-para-la-construccion\/caromax-800\/","url":"https:\/\/www.maxima-dia.com\/es\/maquinas-de-perforacion-para-la-construccion\/caromax-800\/","name":"Caromax 800 - Maxima SpA","isPartOf":{"@id":"https:\/\/www.maxima-dia.com\/es\/#website"},"primaryImageOfPage":{"@id":"https:\/\/www.maxima-dia.com\/es\/maquinas-de-perforacion-para-la-construccion\/caromax-800\/#primaryimage"},"image":{"@id":"https:\/\/www.maxima-dia.com\/es\/maquinas-de-perforacion-para-la-construccion\/caromax-800\/#primaryimage"},"thumbnailUrl":"https:\/\/www.maxima-dia.com\/wp-content\/uploads\/2017\/02\/caromax-800.jpg","datePublished":"2014-05-17T07:32:26+00:00","dateModified":"2021-07-29T07:58:39+00:00","breadcrumb":{"@id":"https:\/\/www.maxima-dia.com\/es\/maquinas-de-perforacion-para-la-construccion\/caromax-800\/#breadcrumb"},"inLanguage":"es","potentialAction":[{"@type":"ReadAction","target":["https:\/\/www.maxima-dia.com\/es\/maquinas-de-perforacion-para-la-construccion\/caromax-800\/"]}]},{"@type":"ImageObject","inLanguage":"es","@id":"https:\/\/www.maxima-dia.com\/es\/maquinas-de-perforacion-para-la-construccion\/caromax-800\/#primaryimage","url":"https:\/\/www.maxima-dia.com\/wp-content\/uploads\/2017\/02\/caromax-800.jpg","contentUrl":"https:\/\/www.maxima-dia.com\/wp-content\/uploads\/2017\/02\/caromax-800.jpg","width":1200,"height":1200},{"@type":"BreadcrumbList","@id":"https:\/\/www.maxima-dia.com\/es\/maquinas-de-perforacion-para-la-construccion\/caromax-800\/#breadcrumb","itemListElement":[{"@type":"ListItem","position":1,"name":"Home","item":"https:\/\/www.maxima-dia.com\/es\/"},{"@type":"ListItem","position":2,"name":"M\u00e1quinas de Perforaci\u00f3n para la Construcci\u00f3n","item":"https:\/\/www.maxima-dia.com\/es\/maquinas-de-perforacion-para-la-construccion\/"},{"@type":"ListItem","position":3,"name":"Caromax 800"}]},{"@type":"WebSite","@id":"https:\/\/www.maxima-dia.com\/es\/#website","url":"https:\/\/www.maxima-dia.com\/es\/","name":"Maxima SpA","description":"Only for the real professionals","potentialAction":[{"@type":"SearchAction","target":{"@type":"EntryPoint","urlTemplate":"https:\/\/www.maxima-dia.com\/es\/?s={search_term_string}"},"query-input":{"@type":"PropertyValueSpecification","valueRequired":true,"valueName":"search_term_string"}}],"inLanguage":"es"}]}},"_links":{"self":[{"href":"https:\/\/www.maxima-dia.com\/es\/wp-json\/wp\/v2\/pages\/8517"}],"collection":[{"href":"https:\/\/www.maxima-dia.com\/es\/wp-json\/wp\/v2\/pages"}],"about":[{"href":"https:\/\/www.maxima-dia.com\/es\/wp-json\/wp\/v2\/types\/page"}],"author":[{"embeddable":true,"href":"https:\/\/www.maxima-dia.com\/es\/wp-json\/wp\/v2\/users\/29"}],"replies":[{"embeddable":true,"href":"https:\/\/www.maxima-dia.com\/es\/wp-json\/wp\/v2\/comments?post=8517"}],"version-history":[{"count":0,"href":"https:\/\/www.maxima-dia.com\/es\/wp-json\/wp\/v2\/pages\/8517\/revisions"}],"up":[{"embeddable":true,"href":"https:\/\/www.maxima-dia.com\/es\/wp-json\/wp\/v2\/pages\/12467"}],"wp:featuredmedia":[{"embeddable":true,"href":"https:\/\/www.maxima-dia.com\/es\/wp-json\/wp\/v2\/media\/21528"}],"wp:attachment":[{"href":"https:\/\/www.maxima-dia.com\/es\/wp-json\/wp\/v2\/media?parent=8517"}],"curies":[{"name":"wp","href":"https:\/\/api.w.org\/{rel}","templated":true}]}}