{"id":8525,"date":"2014-05-17T11:06:35","date_gmt":"2014-05-17T09:06:35","guid":{"rendered":"http:\/\/www.maxima-dia.com\/?post_type=products&#038;p=8525"},"modified":"2025-05-28T16:08:16","modified_gmt":"2025-05-28T14:08:16","slug":"caromax-1800","status":"publish","type":"page","link":"https:\/\/www.maxima-dia.com\/es\/maquinas-de-perforacion-para-la-construccion\/caromax-1800\/","title":{"rendered":"Caromax 1800"},"content":{"rendered":"<div class=\"wpb-content-wrapper\"><p>[vc_row][vc_column text_align=\u00bbcenter\u00bb width=\u00bb1\/4&#8243;][vc_column_text]<a href=\"\/wp-content\/uploads\/2017\/02\/caromax-1800.jpg\"><img loading=\"lazy\" decoding=\"async\" class=\"alignnone size-thumbnail wp-image-13722\" src=\"\/wp-content\/uploads\/2017\/02\/caromax-1800-150x150.jpg\" alt=\"CAROMAX 1800\" width=\"150\" height=\"150\" srcset=\"https:\/\/www.maxima-dia.com\/wp-content\/uploads\/2017\/02\/caromax-1800-150x150.jpg 150w, https:\/\/www.maxima-dia.com\/wp-content\/uploads\/2017\/02\/caromax-1800-300x300.jpg 300w, https:\/\/www.maxima-dia.com\/wp-content\/uploads\/2017\/02\/caromax-1800-768x768.jpg 768w, https:\/\/www.maxima-dia.com\/wp-content\/uploads\/2017\/02\/caromax-1800-1024x1024.jpg 1024w, https:\/\/www.maxima-dia.com\/wp-content\/uploads\/2017\/02\/caromax-1800-80x80.jpg 80w, https:\/\/www.maxima-dia.com\/wp-content\/uploads\/2017\/02\/caromax-1800-500x500.jpg 500w, https:\/\/www.maxima-dia.com\/wp-content\/uploads\/2017\/02\/caromax-1800-1000x1000.jpg 1000w, https:\/\/www.maxima-dia.com\/wp-content\/uploads\/2017\/02\/caromax-1800.jpg 1200w\" sizes=\"(max-width: 150px) 100vw, 150px\" \/><\/a><\/p>\n<p>construida en la Uni\u00f3n Europea&nbsp;<img loading=\"lazy\" decoding=\"async\" src=\"\/wp-content\/uploads\/2013\/11\/eu.png\" alt=\"eu\" width=\"24\" height=\"16\"> &#8211; certificada <span style=\"font-family: arial,helvetica,sans-serif;\">CE<\/span>[\/vc_column_text][vc_column_text css_animation=\u00bbslideInDown\u00bb el_class=\u00bbhidebuybutton\u00bb]<a href=\"https:\/\/www.storemaxima.com\/es\/maquinas-de-perforacion-para-la-construccion\/103-caromax-1800.html\" target=\"_blank\" rel=\"noopener\"><img loading=\"lazy\" decoding=\"async\" class=\"alignnone\" title=\"Comprar en www.storemaxima.com\" src=\"https:\/\/www.maxima-dia.com\/wp-content\/uploads\/2019\/12\/pulsante-acquista-storemaxima.com-es.svg\" alt=\"Comprar en www.storemaxima.com\" width=\"180\" height=\"80\"><\/a>[\/vc_column_text][\/vc_column][vc_column width=\u00bb3\/4&#8243;][vc_column_text]La perforadora en seco m\u00e1s vendida en el mercado italiano, la <strong>CAROMAX 1800<\/strong> combina la microvibraci\u00f3n con la potencia de 1800 W, lo que la convierte en la perforadora con mejor rendimiento del mercado. La capacidad m\u00e1xima certificada es la broca de 205 mm de di\u00e1metro. Id\u00f3nea para cualquier uso tanto en el sector de la construcci\u00f3n como en el sector termohidr\u00e1ulico, fue creada con un mandril M18 pero hay disponibles varios accesorios opcionales para ofrecer al usuario la posibilidad de montar el kit de eliminaci\u00f3n de polvo m\u00e1s adelante. El embrague doble, mec\u00e1nico y electr\u00f3nico, garantiza un procesamiento extremadamente seguro para el usuario menos experimentado, as\u00ed como buena durabilidad de la m\u00e1quina a lo largo del tiempo. Al montar las brocas diamantadas de Maxima, la perforadora resulta id\u00f3nea para perforar en seco el hormig\u00f3n armado.<\/p>\n<table class=\"tabellafotocarotaggio\" style=\"width: 100%;\">\n<tbody>\n<tr>\n<td style=\"width: 33%; text-align: center;\"><a href=\"\/wp-content\/uploads\/2017\/02\/caromax-1800-livella.jpg\"><img loading=\"lazy\" decoding=\"async\" class=\"alignnone wp-image-13720 size-thumbnail\" src=\"\/wp-content\/uploads\/2017\/02\/caromax-1800-livella-150x150.jpg\" width=\"150\" height=\"150\" srcset=\"https:\/\/www.maxima-dia.com\/wp-content\/uploads\/2017\/02\/caromax-1800-livella-150x150.jpg 150w, https:\/\/www.maxima-dia.com\/wp-content\/uploads\/2017\/02\/caromax-1800-livella-80x80.jpg 80w, https:\/\/www.maxima-dia.com\/wp-content\/uploads\/2017\/02\/caromax-1800-livella-500x500.jpg 500w\" sizes=\"(max-width: 150px) 100vw, 150px\" \/><\/a><\/td>\n<td style=\"width: 33%; text-align: center;\"><a href=\"\/wp-content\/uploads\/2017\/02\/caromax-1800-pulsante.jpg\"><img loading=\"lazy\" decoding=\"async\" class=\"alignnone wp-image-13721 size-thumbnail\" src=\"\/wp-content\/uploads\/2017\/02\/caromax-1800-pulsante-150x150.jpg\" width=\"150\" height=\"150\" srcset=\"https:\/\/www.maxima-dia.com\/wp-content\/uploads\/2017\/02\/caromax-1800-pulsante-150x150.jpg 150w, https:\/\/www.maxima-dia.com\/wp-content\/uploads\/2017\/02\/caromax-1800-pulsante-80x80.jpg 80w, https:\/\/www.maxima-dia.com\/wp-content\/uploads\/2017\/02\/caromax-1800-pulsante-500x500.jpg 500w\" sizes=\"(max-width: 150px) 100vw, 150px\" \/><\/a>&nbsp;<\/td>\n<td style=\"width: 33%; text-align: center;\"><a href=\"\/wp-content\/uploads\/2017\/02\/caromax-1800-led.jpg\"><img loading=\"lazy\" decoding=\"async\" class=\"alignnone wp-image-13719 size-thumbnail\" src=\"\/wp-content\/uploads\/2017\/02\/caromax-1800-led-150x150.jpg\" width=\"150\" height=\"150\" srcset=\"https:\/\/www.maxima-dia.com\/wp-content\/uploads\/2017\/02\/caromax-1800-led-150x150.jpg 150w, https:\/\/www.maxima-dia.com\/wp-content\/uploads\/2017\/02\/caromax-1800-led-80x80.jpg 80w, https:\/\/www.maxima-dia.com\/wp-content\/uploads\/2017\/02\/caromax-1800-led-500x500.jpg 500w\" sizes=\"(max-width: 150px) 100vw, 150px\" \/><\/a>&nbsp;<\/td>\n<\/tr>\n<\/tbody>\n<\/table>\n<p>&nbsp;<\/p>\n<table class=\"tabellatecnica\" style=\"width: 100%;\" border=\"0\" cellspacing=\"0\" cellpadding=\"0\">\n<thead>\n<tr>\n<td class=\"testata\" colspan=\"2\">CARACTER\u00cdSTICA T\u00c9CNICAS<\/td>\n<\/tr>\n<\/thead>\n<tbody>\n<tr>\n<td class=\"coltesto1\" style=\"width: 50%;\">Potencia absorbida: 1800 W &#8211; 230 V<\/td>\n<td class=\"coltesto2\" style=\"width: 50%;\">Empalme: M18<\/td>\n<\/tr>\n<tr>\n<td class=\"coltesto1\" style=\"width: 50%;\">Di\u00e1metro M\u00e1x Perforaci\u00f3n: 205 mm<\/td>\n<td class=\"coltesto2\" style=\"width: 50%;\">Embrague mec\u00e1nico: S\u00ed<\/td>\n<\/tr>\n<tr>\n<td class=\"coltesto1\" style=\"width: 50%;\">Par: 19 Nm<\/td>\n<td class=\"coltesto2\" style=\"width: 50%;\">Embrague Electr\u00f3nico: S\u00ed<\/td>\n<\/tr>\n<tr>\n<td class=\"coltesto2\" style=\"width: 50%;\">Micropercusi\u00f3n: 3600 Golpes\/Min de 0,1 Joule<\/td>\n<td class=\"coltesto2\" style=\"width: 50%;\">Suministrada con: Maleta portaperforadora y Accesorios<\/td>\n<\/tr>\n<tr>\n<td class=\"coltesto2\" style=\"width: 50%;\">Velocidad: 1650 rev\/min<\/td>\n<td class=\"coltesto2\" style=\"width: 50%;\">Peso: 5,2 Kg<\/td>\n<\/tr>\n<\/tbody>\n<\/table>\n<p>&nbsp;[\/vc_column_text][\/vc_column][\/vc_row]<\/p>\n<\/div>","protected":false},"excerpt":{"rendered":"<p>[vc_row][vc_column text_align=\u00bbcenter\u00bb width=\u00bb1\/4&#8243;][vc_column_text] construida en la Uni\u00f3n Europea&nbsp; &#8211; certificada CE[\/vc_column_text][vc_column_text css_animation=\u00bbslideInDown\u00bb el_class=\u00bbhidebuybutton\u00bb][\/vc_column_text][\/vc_column][vc_column width=\u00bb3\/4&#8243;][vc_column_text]La perforadora en seco m\u00e1s vendida en el mercado italiano, la CAROMAX 1800 combina la microvibraci\u00f3n con la potencia de 1800 W, lo que la convierte en la perforadora con mejor rendimiento del mercado. La capacidad m\u00e1xima certificada es la broca de 205 mm de di\u00e1metro. Id\u00f3nea para cualquier uso tanto en el sector de la construcci\u00f3n como en el sector termohidr\u00e1ulico, fue creada con un mandril M18 pero hay disponibles varios accesorios opcionales para ofrecer al usuario la posibilidad de montar el kit de eliminaci\u00f3n de polvo m\u00e1s adelante. El embrague doble, mec\u00e1nico y electr\u00f3nico, garantiza un procesamiento extremadamente seguro para el usuario menos experimentado, as\u00ed como buena durabilidad de la m\u00e1quina a lo largo del tiempo. Al montar las brocas diamantadas de Maxima, la perforadora resulta id\u00f3nea para perforar en seco el hormig\u00f3n armado. &nbsp; &nbsp; &nbsp; CARACTER\u00cdSTICA T\u00c9CNICAS Potencia absorbida: 1800 W &#8211; 230 V Empalme: M18 Di\u00e1metro M\u00e1x Perforaci\u00f3n: 205 mm Embrague mec\u00e1nico: S\u00ed Par: 19 Nm Embrague Electr\u00f3nico: S\u00ed Micropercusi\u00f3n: 3600 Golpes\/Min de 0,1 Joule Suministrada con: Maleta portaperforadora y Accesorios Velocidad: 1650 rev\/min Peso: 5,2 Kg &nbsp;[\/vc_column_text][\/vc_column][\/vc_row]<\/p>\n","protected":false},"author":29,"featured_media":13722,"parent":12467,"menu_order":3,"comment_status":"closed","ping_status":"closed","template":"","meta":{"ngg_post_thumbnail":0,"_joinchat":[],"footnotes":""},"class_list":["post-8525","page","type-page","status-publish","has-post-thumbnail","hentry"],"yoast_head":"<!-- This site is optimized with the Yoast SEO plugin v25.5 - https:\/\/yoast.com\/wordpress\/plugins\/seo\/ -->\n<title>Caromax 1800 - Maxima SpA<\/title>\n<meta name=\"robots\" content=\"index, follow, max-snippet:-1, max-image-preview:large, max-video-preview:-1\" \/>\n<link rel=\"canonical\" href=\"https:\/\/www.maxima-dia.com\/es\/maquinas-de-perforacion-para-la-construccion\/caromax-1800\/\" \/>\n<meta property=\"og:locale\" content=\"es_ES\" \/>\n<meta property=\"og:type\" content=\"article\" \/>\n<meta property=\"og:title\" content=\"Caromax 1800 - Maxima SpA\" \/>\n<meta property=\"og:description\" content=\"[vc_row][vc_column text_align=\u00bbcenter\u00bb width=\u00bb1\/4&#8243;][vc_column_text] construida en la Uni\u00f3n Europea&nbsp; &#8211; certificada CE[\/vc_column_text][vc_column_text css_animation=\u00bbslideInDown\u00bb el_class=\u00bbhidebuybutton\u00bb][\/vc_column_text][\/vc_column][vc_column width=\u00bb3\/4&#8243;][vc_column_text]La perforadora en seco m\u00e1s vendida en el mercado italiano, la CAROMAX 1800 combina la microvibraci\u00f3n con la potencia de 1800 W, lo que la convierte en la perforadora con mejor rendimiento del mercado. La capacidad m\u00e1xima certificada es la broca de 205 mm de di\u00e1metro. Id\u00f3nea para cualquier uso tanto en el sector de la construcci\u00f3n como en el sector termohidr\u00e1ulico, fue creada con un mandril M18 pero hay disponibles varios accesorios opcionales para ofrecer al usuario la posibilidad de montar el kit de eliminaci\u00f3n de polvo m\u00e1s adelante. El embrague doble, mec\u00e1nico y electr\u00f3nico, garantiza un procesamiento extremadamente seguro para el usuario menos experimentado, as\u00ed como buena durabilidad de la m\u00e1quina a lo largo del tiempo. Al montar las brocas diamantadas de Maxima, la perforadora resulta id\u00f3nea para perforar en seco el hormig\u00f3n armado. &nbsp; &nbsp; &nbsp; CARACTER\u00cdSTICA T\u00c9CNICAS Potencia absorbida: 1800 W &#8211; 230 V Empalme: M18 Di\u00e1metro M\u00e1x Perforaci\u00f3n: 205 mm Embrague mec\u00e1nico: S\u00ed Par: 19 Nm Embrague Electr\u00f3nico: S\u00ed Micropercusi\u00f3n: 3600 Golpes\/Min de 0,1 Joule Suministrada con: Maleta portaperforadora y Accesorios Velocidad: 1650 rev\/min Peso: 5,2 Kg &nbsp;[\/vc_column_text][\/vc_column][\/vc_row]\" \/>\n<meta property=\"og:url\" content=\"https:\/\/www.maxima-dia.com\/es\/maquinas-de-perforacion-para-la-construccion\/caromax-1800\/\" \/>\n<meta property=\"og:site_name\" content=\"Maxima SpA\" \/>\n<meta property=\"article:publisher\" content=\"https:\/\/www.facebook.com\/Maxima-spa-106098566139597\" \/>\n<meta property=\"article:modified_time\" content=\"2025-05-28T14:08:16+00:00\" \/>\n<meta property=\"og:image\" content=\"https:\/\/www.maxima-dia.com\/wp-content\/uploads\/2017\/02\/caromax-1800.jpg\" \/>\n\t<meta property=\"og:image:width\" content=\"1200\" \/>\n\t<meta property=\"og:image:height\" content=\"1200\" \/>\n\t<meta property=\"og:image:type\" content=\"image\/jpeg\" \/>\n<meta name=\"twitter:card\" content=\"summary_large_image\" \/>\n<meta name=\"twitter:site\" content=\"@Maximadia\" \/>\n<meta name=\"twitter:label1\" content=\"Tiempo de lectura\" \/>\n\t<meta name=\"twitter:data1\" content=\"3 minutos\" \/>\n<script type=\"application\/ld+json\" class=\"yoast-schema-graph\">{\"@context\":\"https:\/\/schema.org\",\"@graph\":[{\"@type\":\"WebPage\",\"@id\":\"https:\/\/www.maxima-dia.com\/es\/maquinas-de-perforacion-para-la-construccion\/caromax-1800\/\",\"url\":\"https:\/\/www.maxima-dia.com\/es\/maquinas-de-perforacion-para-la-construccion\/caromax-1800\/\",\"name\":\"Caromax 1800 - Maxima SpA\",\"isPartOf\":{\"@id\":\"https:\/\/www.maxima-dia.com\/es\/#website\"},\"primaryImageOfPage\":{\"@id\":\"https:\/\/www.maxima-dia.com\/es\/maquinas-de-perforacion-para-la-construccion\/caromax-1800\/#primaryimage\"},\"image\":{\"@id\":\"https:\/\/www.maxima-dia.com\/es\/maquinas-de-perforacion-para-la-construccion\/caromax-1800\/#primaryimage\"},\"thumbnailUrl\":\"https:\/\/www.maxima-dia.com\/wp-content\/uploads\/2017\/02\/caromax-1800.jpg\",\"datePublished\":\"2014-05-17T09:06:35+00:00\",\"dateModified\":\"2025-05-28T14:08:16+00:00\",\"breadcrumb\":{\"@id\":\"https:\/\/www.maxima-dia.com\/es\/maquinas-de-perforacion-para-la-construccion\/caromax-1800\/#breadcrumb\"},\"inLanguage\":\"es\",\"potentialAction\":[{\"@type\":\"ReadAction\",\"target\":[\"https:\/\/www.maxima-dia.com\/es\/maquinas-de-perforacion-para-la-construccion\/caromax-1800\/\"]}]},{\"@type\":\"ImageObject\",\"inLanguage\":\"es\",\"@id\":\"https:\/\/www.maxima-dia.com\/es\/maquinas-de-perforacion-para-la-construccion\/caromax-1800\/#primaryimage\",\"url\":\"https:\/\/www.maxima-dia.com\/wp-content\/uploads\/2017\/02\/caromax-1800.jpg\",\"contentUrl\":\"https:\/\/www.maxima-dia.com\/wp-content\/uploads\/2017\/02\/caromax-1800.jpg\",\"width\":1200,\"height\":1200,\"caption\":\"CAROMAX 1800\"},{\"@type\":\"BreadcrumbList\",\"@id\":\"https:\/\/www.maxima-dia.com\/es\/maquinas-de-perforacion-para-la-construccion\/caromax-1800\/#breadcrumb\",\"itemListElement\":[{\"@type\":\"ListItem\",\"position\":1,\"name\":\"Home\",\"item\":\"https:\/\/www.maxima-dia.com\/es\/\"},{\"@type\":\"ListItem\",\"position\":2,\"name\":\"M\u00e1quinas de Perforaci\u00f3n para la Construcci\u00f3n\",\"item\":\"https:\/\/www.maxima-dia.com\/es\/maquinas-de-perforacion-para-la-construccion\/\"},{\"@type\":\"ListItem\",\"position\":3,\"name\":\"Caromax 1800\"}]},{\"@type\":\"WebSite\",\"@id\":\"https:\/\/www.maxima-dia.com\/es\/#website\",\"url\":\"https:\/\/www.maxima-dia.com\/es\/\",\"name\":\"Maxima SpA\",\"description\":\"Only for the real professionals\",\"potentialAction\":[{\"@type\":\"SearchAction\",\"target\":{\"@type\":\"EntryPoint\",\"urlTemplate\":\"https:\/\/www.maxima-dia.com\/es\/?s={search_term_string}\"},\"query-input\":{\"@type\":\"PropertyValueSpecification\",\"valueRequired\":true,\"valueName\":\"search_term_string\"}}],\"inLanguage\":\"es\"}]}<\/script>\n<!-- \/ Yoast SEO plugin. -->","yoast_head_json":{"title":"Caromax 1800 - Maxima SpA","robots":{"index":"index","follow":"follow","max-snippet":"max-snippet:-1","max-image-preview":"max-image-preview:large","max-video-preview":"max-video-preview:-1"},"canonical":"https:\/\/www.maxima-dia.com\/es\/maquinas-de-perforacion-para-la-construccion\/caromax-1800\/","og_locale":"es_ES","og_type":"article","og_title":"Caromax 1800 - Maxima SpA","og_description":"[vc_row][vc_column text_align=\u00bbcenter\u00bb width=\u00bb1\/4&#8243;][vc_column_text] construida en la Uni\u00f3n Europea&nbsp; &#8211; certificada CE[\/vc_column_text][vc_column_text css_animation=\u00bbslideInDown\u00bb el_class=\u00bbhidebuybutton\u00bb][\/vc_column_text][\/vc_column][vc_column width=\u00bb3\/4&#8243;][vc_column_text]La perforadora en seco m\u00e1s vendida en el mercado italiano, la CAROMAX 1800 combina la microvibraci\u00f3n con la potencia de 1800 W, lo que la convierte en la perforadora con mejor rendimiento del mercado. La capacidad m\u00e1xima certificada es la broca de 205 mm de di\u00e1metro. Id\u00f3nea para cualquier uso tanto en el sector de la construcci\u00f3n como en el sector termohidr\u00e1ulico, fue creada con un mandril M18 pero hay disponibles varios accesorios opcionales para ofrecer al usuario la posibilidad de montar el kit de eliminaci\u00f3n de polvo m\u00e1s adelante. El embrague doble, mec\u00e1nico y electr\u00f3nico, garantiza un procesamiento extremadamente seguro para el usuario menos experimentado, as\u00ed como buena durabilidad de la m\u00e1quina a lo largo del tiempo. Al montar las brocas diamantadas de Maxima, la perforadora resulta id\u00f3nea para perforar en seco el hormig\u00f3n armado. &nbsp; &nbsp; &nbsp; CARACTER\u00cdSTICA T\u00c9CNICAS Potencia absorbida: 1800 W &#8211; 230 V Empalme: M18 Di\u00e1metro M\u00e1x Perforaci\u00f3n: 205 mm Embrague mec\u00e1nico: S\u00ed Par: 19 Nm Embrague Electr\u00f3nico: S\u00ed Micropercusi\u00f3n: 3600 Golpes\/Min de 0,1 Joule Suministrada con: Maleta portaperforadora y Accesorios Velocidad: 1650 rev\/min Peso: 5,2 Kg &nbsp;[\/vc_column_text][\/vc_column][\/vc_row]","og_url":"https:\/\/www.maxima-dia.com\/es\/maquinas-de-perforacion-para-la-construccion\/caromax-1800\/","og_site_name":"Maxima SpA","article_publisher":"https:\/\/www.facebook.com\/Maxima-spa-106098566139597","article_modified_time":"2025-05-28T14:08:16+00:00","og_image":[{"width":1200,"height":1200,"url":"https:\/\/www.maxima-dia.com\/wp-content\/uploads\/2017\/02\/caromax-1800.jpg","type":"image\/jpeg"}],"twitter_card":"summary_large_image","twitter_site":"@Maximadia","twitter_misc":{"Tiempo de lectura":"3 minutos"},"schema":{"@context":"https:\/\/schema.org","@graph":[{"@type":"WebPage","@id":"https:\/\/www.maxima-dia.com\/es\/maquinas-de-perforacion-para-la-construccion\/caromax-1800\/","url":"https:\/\/www.maxima-dia.com\/es\/maquinas-de-perforacion-para-la-construccion\/caromax-1800\/","name":"Caromax 1800 - Maxima SpA","isPartOf":{"@id":"https:\/\/www.maxima-dia.com\/es\/#website"},"primaryImageOfPage":{"@id":"https:\/\/www.maxima-dia.com\/es\/maquinas-de-perforacion-para-la-construccion\/caromax-1800\/#primaryimage"},"image":{"@id":"https:\/\/www.maxima-dia.com\/es\/maquinas-de-perforacion-para-la-construccion\/caromax-1800\/#primaryimage"},"thumbnailUrl":"https:\/\/www.maxima-dia.com\/wp-content\/uploads\/2017\/02\/caromax-1800.jpg","datePublished":"2014-05-17T09:06:35+00:00","dateModified":"2025-05-28T14:08:16+00:00","breadcrumb":{"@id":"https:\/\/www.maxima-dia.com\/es\/maquinas-de-perforacion-para-la-construccion\/caromax-1800\/#breadcrumb"},"inLanguage":"es","potentialAction":[{"@type":"ReadAction","target":["https:\/\/www.maxima-dia.com\/es\/maquinas-de-perforacion-para-la-construccion\/caromax-1800\/"]}]},{"@type":"ImageObject","inLanguage":"es","@id":"https:\/\/www.maxima-dia.com\/es\/maquinas-de-perforacion-para-la-construccion\/caromax-1800\/#primaryimage","url":"https:\/\/www.maxima-dia.com\/wp-content\/uploads\/2017\/02\/caromax-1800.jpg","contentUrl":"https:\/\/www.maxima-dia.com\/wp-content\/uploads\/2017\/02\/caromax-1800.jpg","width":1200,"height":1200,"caption":"CAROMAX 1800"},{"@type":"BreadcrumbList","@id":"https:\/\/www.maxima-dia.com\/es\/maquinas-de-perforacion-para-la-construccion\/caromax-1800\/#breadcrumb","itemListElement":[{"@type":"ListItem","position":1,"name":"Home","item":"https:\/\/www.maxima-dia.com\/es\/"},{"@type":"ListItem","position":2,"name":"M\u00e1quinas de Perforaci\u00f3n para la Construcci\u00f3n","item":"https:\/\/www.maxima-dia.com\/es\/maquinas-de-perforacion-para-la-construccion\/"},{"@type":"ListItem","position":3,"name":"Caromax 1800"}]},{"@type":"WebSite","@id":"https:\/\/www.maxima-dia.com\/es\/#website","url":"https:\/\/www.maxima-dia.com\/es\/","name":"Maxima SpA","description":"Only for the real professionals","potentialAction":[{"@type":"SearchAction","target":{"@type":"EntryPoint","urlTemplate":"https:\/\/www.maxima-dia.com\/es\/?s={search_term_string}"},"query-input":{"@type":"PropertyValueSpecification","valueRequired":true,"valueName":"search_term_string"}}],"inLanguage":"es"}]}},"_links":{"self":[{"href":"https:\/\/www.maxima-dia.com\/es\/wp-json\/wp\/v2\/pages\/8525"}],"collection":[{"href":"https:\/\/www.maxima-dia.com\/es\/wp-json\/wp\/v2\/pages"}],"about":[{"href":"https:\/\/www.maxima-dia.com\/es\/wp-json\/wp\/v2\/types\/page"}],"author":[{"embeddable":true,"href":"https:\/\/www.maxima-dia.com\/es\/wp-json\/wp\/v2\/users\/29"}],"replies":[{"embeddable":true,"href":"https:\/\/www.maxima-dia.com\/es\/wp-json\/wp\/v2\/comments?post=8525"}],"version-history":[{"count":1,"href":"https:\/\/www.maxima-dia.com\/es\/wp-json\/wp\/v2\/pages\/8525\/revisions"}],"predecessor-version":[{"id":46544,"href":"https:\/\/www.maxima-dia.com\/es\/wp-json\/wp\/v2\/pages\/8525\/revisions\/46544"}],"up":[{"embeddable":true,"href":"https:\/\/www.maxima-dia.com\/es\/wp-json\/wp\/v2\/pages\/12467"}],"wp:featuredmedia":[{"embeddable":true,"href":"https:\/\/www.maxima-dia.com\/es\/wp-json\/wp\/v2\/media\/13722"}],"wp:attachment":[{"href":"https:\/\/www.maxima-dia.com\/es\/wp-json\/wp\/v2\/media?parent=8525"}],"curies":[{"name":"wp","href":"https:\/\/api.w.org\/{rel}","templated":true}]}}