{"id":8787,"date":"2014-05-21T09:14:40","date_gmt":"2014-05-21T07:14:40","guid":{"rendered":"http:\/\/www.maxima-dia.com\/?post_type=products&#038;p=8787"},"modified":"2021-08-02T12:22:06","modified_gmt":"2021-08-02T10:22:06","slug":"caromax-500","status":"publish","type":"page","link":"https:\/\/www.maxima-dia.com\/es\/maquinas-de-perforacion-para-la-construccion\/caromax-500\/","title":{"rendered":"Caromax 500"},"content":{"rendered":"<div class=\"wpb-content-wrapper\"><p>[vc_row][vc_column text_align=\u00bbcenter\u00bb width=\u00bb1\/4&#8243;][vc_column_text]<a href=\"\/wp-content\/uploads\/2017\/02\/caromax-500.jpg\"><img loading=\"lazy\" decoding=\"async\" class=\"alignnone size-thumbnail wp-image-13694\" src=\"\/wp-content\/uploads\/2017\/02\/caromax-500-150x150.jpg\" alt=\"CAROMAX 500\" width=\"150\" height=\"150\" srcset=\"https:\/\/www.maxima-dia.com\/wp-content\/uploads\/2017\/02\/caromax-500-150x150.jpg 150w, https:\/\/www.maxima-dia.com\/wp-content\/uploads\/2017\/02\/caromax-500-300x300.jpg 300w, https:\/\/www.maxima-dia.com\/wp-content\/uploads\/2017\/02\/caromax-500-768x768.jpg 768w, https:\/\/www.maxima-dia.com\/wp-content\/uploads\/2017\/02\/caromax-500-1024x1024.jpg 1024w, https:\/\/www.maxima-dia.com\/wp-content\/uploads\/2017\/02\/caromax-500-80x80.jpg 80w, https:\/\/www.maxima-dia.com\/wp-content\/uploads\/2017\/02\/caromax-500-500x500.jpg 500w, https:\/\/www.maxima-dia.com\/wp-content\/uploads\/2017\/02\/caromax-500-1000x1000.jpg 1000w, https:\/\/www.maxima-dia.com\/wp-content\/uploads\/2017\/02\/caromax-500.jpg 1200w\" sizes=\"(max-width: 150px) 100vw, 150px\" \/><\/a><\/p>\n<p>construida en la Uni\u00f3n Europea <img loading=\"lazy\" decoding=\"async\" src=\"\/wp-content\/uploads\/2013\/11\/eu.png\" alt=\"eu\" width=\"24\" height=\"16\"> -certificada &nbsp;<span style=\"font-family: arial,helvetica,sans-serif;\">CE<\/span>[\/vc_column_text][vc_column_text css_animation=\u00bbslideInDown\u00bb el_class=\u00bbhidebuybutton\u00bb]<a href=\"https:\/\/www.storemaxima.com\/es\/maquinas-de-perforacion-para-la-construccion\/109-caromax-500.html\" target=\"_blank\" rel=\"noopener\"><img loading=\"lazy\" decoding=\"async\" class=\"alignnone\" title=\"Comprar en www.storemaxima.com\" src=\"https:\/\/www.maxima-dia.com\/wp-content\/uploads\/2019\/12\/pulsante-acquista-storemaxima.com-es.svg\" alt=\"Comprar en www.storemaxima.com\" width=\"180\" height=\"80\"><\/a>[\/vc_column_text][\/vc_column][vc_column width=\u00bb3\/4&#8243;][vc_column_text]Es el sistema de perforaci\u00f3n id\u00f3neo para trabajos que requieran perforaciones de gran di\u00e1metro y, en consecuencia, el uso de maquinaria con alta potencia nominal. La <strong>Caromax 500<\/strong> est\u00e1 compuesta por el potente motor trif\u00e1sico de 5200 W y la Columna 500, fabricada \u00edntegramente en acero y caracterizada por detalles t\u00e9cnicos de fabricaci\u00f3n de un valor y resistencia absolutos. Fijada a la superficie exclusivamente con tacos espec\u00edficos de alta resistencia, permite realizar perforaciones con brocas de 500 mm de di\u00e1metro m\u00e1ximo. La columna se puede inclinar hasta un m\u00e1ximo de 20\u00b0 hacia atr\u00e1s y 90\u00b0 hacia adelante.<\/p>\n<table class=\"tabellafotocarotaggio\" style=\"width: 100%;\">\n<tbody>\n<tr>\n<td style=\"text-align: center;\"><a href=\"\/wp-content\/uploads\/2017\/02\/caromax-500-1.jpg\"><img loading=\"lazy\" decoding=\"async\" class=\"alignnone wp-image-13693 size-thumbnail\" src=\"\/wp-content\/uploads\/2017\/02\/caromax-500-1-150x150.jpg\" width=\"150\" height=\"150\" srcset=\"https:\/\/www.maxima-dia.com\/wp-content\/uploads\/2017\/02\/caromax-500-1-150x150.jpg 150w, https:\/\/www.maxima-dia.com\/wp-content\/uploads\/2017\/02\/caromax-500-1-300x300.jpg 300w, https:\/\/www.maxima-dia.com\/wp-content\/uploads\/2017\/02\/caromax-500-1-768x768.jpg 768w, https:\/\/www.maxima-dia.com\/wp-content\/uploads\/2017\/02\/caromax-500-1-1024x1024.jpg 1024w, https:\/\/www.maxima-dia.com\/wp-content\/uploads\/2017\/02\/caromax-500-1-80x80.jpg 80w, https:\/\/www.maxima-dia.com\/wp-content\/uploads\/2017\/02\/caromax-500-1-500x500.jpg 500w, https:\/\/www.maxima-dia.com\/wp-content\/uploads\/2017\/02\/caromax-500-1-1000x1000.jpg 1000w, https:\/\/www.maxima-dia.com\/wp-content\/uploads\/2017\/02\/caromax-500-1.jpg 1200w\" sizes=\"(max-width: 150px) 100vw, 150px\" \/><\/a><\/td>\n<\/tr>\n<\/tbody>\n<\/table>\n<p>&nbsp;<\/p>\n<table class=\"tabellatecnica\" style=\"width: 100%; height: 168px;\" border=\"0\" cellspacing=\"0\" cellpadding=\"0\">\n<thead>\n<tr style=\"height: 24px;\">\n<td class=\"testata\" style=\"height: 24px;\" colspan=\"2\">CARACTER\u00cdSTICA T\u00c9CNICAS<\/td>\n<\/tr>\n<\/thead>\n<tbody>\n<tr style=\"height: 24px;\">\n<td class=\"coltesto1\" style=\"width: 50%; height: 24px;\">Motor: CWEK52 con agua de 5200 W &#8211; 400 V<\/td>\n<td class=\"coltesto1\" style=\"width: 50%; height: 24px;\">3 Velocidades del Motor que pueden Seleccionarse Mec\u00e1nicamente:<\/td>\n<\/tr>\n<tr style=\"height: 24px;\">\n<td class=\"coltesto1\" style=\"width: 50%; height: 24px;\">Conexi\u00f3n: 1\u201d1\/4<\/td>\n<td class=\"coltesto1\" style=\"width: 50%; height: 72px;\" rowspan=\"3\">1 &#8211; 120 Rev\/Min Capacidad de perforaci\u00f3n: 260 &#8211; 500 mm<br \/>\n2 &#8211; 280 Rev\/Min Capacidad de perforaci\u00f3n: 160 &#8211; 250 mm<br \/>\n3 &#8211; 440 Rev\/Min Capacidad de perforaci\u00f3n: 100 &#8211; 150 mm<\/td>\n<\/tr>\n<tr style=\"height: 24px;\">\n<td class=\"coltesto2\" style=\"width: 50%; height: 24px;\">Di\u00e1metro m\u00e1x. de perforaci\u00f3n 500 mm<\/td>\n<\/tr>\n<tr style=\"height: 24px;\">\n<td class=\"coltesto2\" style=\"width: 50%; height: 24px;\">Recorrido \u00fatil: 690 mm Altura de la columna: 1350 mm<\/td>\n<\/tr>\n<tr style=\"height: 24px;\">\n<td class=\"coltesto2\" style=\"width: 50%; height: 24px;\">Inclinable hasta 90\u00b0<\/td>\n<td class=\"coltesto2\" style=\"width: 50%; height: 24px;\">Peso de la Columna: 26 Kg<\/td>\n<\/tr>\n<tr style=\"height: 24px;\">\n<td class=\"coltesto2\" style=\"width: 50%; height: 24px;\">Desenganche R\u00e1pido del Motor<\/td>\n<td class=\"coltesto2\" style=\"width: 50%; height: 24px;\">Peso del Motor: 22,9 Kg<\/td>\n<\/tr>\n<\/tbody>\n<\/table>\n<p>[\/vc_column_text][\/vc_column][\/vc_row]<\/p>\n<\/div>","protected":false},"excerpt":{"rendered":"<p>[vc_row][vc_column text_align=\u00bbcenter\u00bb width=\u00bb1\/4&#8243;][vc_column_text] construida en la Uni\u00f3n Europea -certificada &nbsp;CE[\/vc_column_text][vc_column_text css_animation=\u00bbslideInDown\u00bb el_class=\u00bbhidebuybutton\u00bb][\/vc_column_text][\/vc_column][vc_column width=\u00bb3\/4&#8243;][vc_column_text]Es el sistema de perforaci\u00f3n id\u00f3neo para trabajos que requieran perforaciones de gran di\u00e1metro y, en consecuencia, el uso de maquinaria con alta potencia nominal. La Caromax 500 est\u00e1 compuesta por el potente motor trif\u00e1sico de 5200 W y la Columna 500, fabricada \u00edntegramente en acero y caracterizada por detalles t\u00e9cnicos de fabricaci\u00f3n de un valor y resistencia absolutos. Fijada a la superficie exclusivamente con tacos espec\u00edficos de alta resistencia, permite realizar perforaciones con brocas de 500 mm de di\u00e1metro m\u00e1ximo. La columna se puede inclinar hasta un m\u00e1ximo de 20\u00b0 hacia atr\u00e1s y 90\u00b0 hacia adelante. &nbsp; CARACTER\u00cdSTICA T\u00c9CNICAS Motor: CWEK52 con agua de 5200 W &#8211; 400 V 3 Velocidades del Motor que pueden Seleccionarse Mec\u00e1nicamente: Conexi\u00f3n: 1\u201d1\/4 1 &#8211; 120 Rev\/Min Capacidad de perforaci\u00f3n: 260 &#8211; 500 mm 2 &#8211; 280 Rev\/Min Capacidad de perforaci\u00f3n: 160 &#8211; 250 mm 3 &#8211; 440 Rev\/Min Capacidad de perforaci\u00f3n: 100 &#8211; 150 mm Di\u00e1metro m\u00e1x. de perforaci\u00f3n 500 mm Recorrido \u00fatil: 690 mm Altura de la columna: 1350 mm Inclinable hasta 90\u00b0 Peso de la Columna: 26 Kg Desenganche R\u00e1pido del Motor Peso del Motor: 22,9 Kg [\/vc_column_text][\/vc_column][\/vc_row]<\/p>\n","protected":false},"author":29,"featured_media":24900,"parent":12467,"menu_order":15,"comment_status":"closed","ping_status":"closed","template":"","meta":{"ngg_post_thumbnail":0,"_joinchat":[],"footnotes":""},"class_list":["post-8787","page","type-page","status-publish","has-post-thumbnail","hentry"],"yoast_head":"<!-- This site is optimized with the Yoast SEO plugin v25.5 - https:\/\/yoast.com\/wordpress\/plugins\/seo\/ -->\n<title>Caromax 500 - Maxima SpA<\/title>\n<meta name=\"robots\" content=\"index, follow, max-snippet:-1, max-image-preview:large, max-video-preview:-1\" \/>\n<link rel=\"canonical\" href=\"https:\/\/www.maxima-dia.com\/es\/maquinas-de-perforacion-para-la-construccion\/caromax-500\/\" \/>\n<meta property=\"og:locale\" content=\"es_ES\" \/>\n<meta property=\"og:type\" content=\"article\" \/>\n<meta property=\"og:title\" content=\"Caromax 500 - Maxima SpA\" \/>\n<meta property=\"og:description\" content=\"[vc_row][vc_column text_align=\u00bbcenter\u00bb width=\u00bb1\/4&#8243;][vc_column_text] construida en la Uni\u00f3n Europea -certificada &nbsp;CE[\/vc_column_text][vc_column_text css_animation=\u00bbslideInDown\u00bb el_class=\u00bbhidebuybutton\u00bb][\/vc_column_text][\/vc_column][vc_column width=\u00bb3\/4&#8243;][vc_column_text]Es el sistema de perforaci\u00f3n id\u00f3neo para trabajos que requieran perforaciones de gran di\u00e1metro y, en consecuencia, el uso de maquinaria con alta potencia nominal. La Caromax 500 est\u00e1 compuesta por el potente motor trif\u00e1sico de 5200 W y la Columna 500, fabricada \u00edntegramente en acero y caracterizada por detalles t\u00e9cnicos de fabricaci\u00f3n de un valor y resistencia absolutos. Fijada a la superficie exclusivamente con tacos espec\u00edficos de alta resistencia, permite realizar perforaciones con brocas de 500 mm de di\u00e1metro m\u00e1ximo. La columna se puede inclinar hasta un m\u00e1ximo de 20\u00b0 hacia atr\u00e1s y 90\u00b0 hacia adelante. &nbsp; CARACTER\u00cdSTICA T\u00c9CNICAS Motor: CWEK52 con agua de 5200 W &#8211; 400 V 3 Velocidades del Motor que pueden Seleccionarse Mec\u00e1nicamente: Conexi\u00f3n: 1\u201d1\/4 1 &#8211; 120 Rev\/Min Capacidad de perforaci\u00f3n: 260 &#8211; 500 mm 2 &#8211; 280 Rev\/Min Capacidad de perforaci\u00f3n: 160 &#8211; 250 mm 3 &#8211; 440 Rev\/Min Capacidad de perforaci\u00f3n: 100 &#8211; 150 mm Di\u00e1metro m\u00e1x. de perforaci\u00f3n 500 mm Recorrido \u00fatil: 690 mm Altura de la columna: 1350 mm Inclinable hasta 90\u00b0 Peso de la Columna: 26 Kg Desenganche R\u00e1pido del Motor Peso del Motor: 22,9 Kg [\/vc_column_text][\/vc_column][\/vc_row]\" \/>\n<meta property=\"og:url\" content=\"https:\/\/www.maxima-dia.com\/es\/maquinas-de-perforacion-para-la-construccion\/caromax-500\/\" \/>\n<meta property=\"og:site_name\" content=\"Maxima SpA\" \/>\n<meta property=\"article:publisher\" content=\"https:\/\/www.facebook.com\/Maxima-spa-106098566139597\" \/>\n<meta property=\"article:modified_time\" content=\"2021-08-02T10:22:06+00:00\" \/>\n<meta property=\"og:image\" content=\"https:\/\/www.maxima-dia.com\/wp-content\/uploads\/2017\/02\/caromax-500.jpg\" \/>\n\t<meta property=\"og:image:width\" content=\"1200\" \/>\n\t<meta property=\"og:image:height\" content=\"1200\" \/>\n\t<meta property=\"og:image:type\" content=\"image\/jpeg\" \/>\n<meta name=\"twitter:card\" content=\"summary_large_image\" \/>\n<meta name=\"twitter:site\" content=\"@Maximadia\" \/>\n<meta name=\"twitter:label1\" content=\"Tiempo de lectura\" \/>\n\t<meta name=\"twitter:data1\" content=\"2 minutos\" \/>\n<script type=\"application\/ld+json\" class=\"yoast-schema-graph\">{\"@context\":\"https:\/\/schema.org\",\"@graph\":[{\"@type\":\"WebPage\",\"@id\":\"https:\/\/www.maxima-dia.com\/es\/maquinas-de-perforacion-para-la-construccion\/caromax-500\/\",\"url\":\"https:\/\/www.maxima-dia.com\/es\/maquinas-de-perforacion-para-la-construccion\/caromax-500\/\",\"name\":\"Caromax 500 - Maxima SpA\",\"isPartOf\":{\"@id\":\"https:\/\/www.maxima-dia.com\/es\/#website\"},\"primaryImageOfPage\":{\"@id\":\"https:\/\/www.maxima-dia.com\/es\/maquinas-de-perforacion-para-la-construccion\/caromax-500\/#primaryimage\"},\"image\":{\"@id\":\"https:\/\/www.maxima-dia.com\/es\/maquinas-de-perforacion-para-la-construccion\/caromax-500\/#primaryimage\"},\"thumbnailUrl\":\"https:\/\/www.maxima-dia.com\/wp-content\/uploads\/2017\/02\/caromax-500.jpg\",\"datePublished\":\"2014-05-21T07:14:40+00:00\",\"dateModified\":\"2021-08-02T10:22:06+00:00\",\"breadcrumb\":{\"@id\":\"https:\/\/www.maxima-dia.com\/es\/maquinas-de-perforacion-para-la-construccion\/caromax-500\/#breadcrumb\"},\"inLanguage\":\"es\",\"potentialAction\":[{\"@type\":\"ReadAction\",\"target\":[\"https:\/\/www.maxima-dia.com\/es\/maquinas-de-perforacion-para-la-construccion\/caromax-500\/\"]}]},{\"@type\":\"ImageObject\",\"inLanguage\":\"es\",\"@id\":\"https:\/\/www.maxima-dia.com\/es\/maquinas-de-perforacion-para-la-construccion\/caromax-500\/#primaryimage\",\"url\":\"https:\/\/www.maxima-dia.com\/wp-content\/uploads\/2017\/02\/caromax-500.jpg\",\"contentUrl\":\"https:\/\/www.maxima-dia.com\/wp-content\/uploads\/2017\/02\/caromax-500.jpg\",\"width\":1200,\"height\":1200},{\"@type\":\"BreadcrumbList\",\"@id\":\"https:\/\/www.maxima-dia.com\/es\/maquinas-de-perforacion-para-la-construccion\/caromax-500\/#breadcrumb\",\"itemListElement\":[{\"@type\":\"ListItem\",\"position\":1,\"name\":\"Home\",\"item\":\"https:\/\/www.maxima-dia.com\/es\/\"},{\"@type\":\"ListItem\",\"position\":2,\"name\":\"M\u00e1quinas de Perforaci\u00f3n para la Construcci\u00f3n\",\"item\":\"https:\/\/www.maxima-dia.com\/es\/maquinas-de-perforacion-para-la-construccion\/\"},{\"@type\":\"ListItem\",\"position\":3,\"name\":\"Caromax 500\"}]},{\"@type\":\"WebSite\",\"@id\":\"https:\/\/www.maxima-dia.com\/es\/#website\",\"url\":\"https:\/\/www.maxima-dia.com\/es\/\",\"name\":\"Maxima SpA\",\"description\":\"Only for the real professionals\",\"potentialAction\":[{\"@type\":\"SearchAction\",\"target\":{\"@type\":\"EntryPoint\",\"urlTemplate\":\"https:\/\/www.maxima-dia.com\/es\/?s={search_term_string}\"},\"query-input\":{\"@type\":\"PropertyValueSpecification\",\"valueRequired\":true,\"valueName\":\"search_term_string\"}}],\"inLanguage\":\"es\"}]}<\/script>\n<!-- \/ Yoast SEO plugin. -->","yoast_head_json":{"title":"Caromax 500 - Maxima SpA","robots":{"index":"index","follow":"follow","max-snippet":"max-snippet:-1","max-image-preview":"max-image-preview:large","max-video-preview":"max-video-preview:-1"},"canonical":"https:\/\/www.maxima-dia.com\/es\/maquinas-de-perforacion-para-la-construccion\/caromax-500\/","og_locale":"es_ES","og_type":"article","og_title":"Caromax 500 - Maxima SpA","og_description":"[vc_row][vc_column text_align=\u00bbcenter\u00bb width=\u00bb1\/4&#8243;][vc_column_text] construida en la Uni\u00f3n Europea -certificada &nbsp;CE[\/vc_column_text][vc_column_text css_animation=\u00bbslideInDown\u00bb el_class=\u00bbhidebuybutton\u00bb][\/vc_column_text][\/vc_column][vc_column width=\u00bb3\/4&#8243;][vc_column_text]Es el sistema de perforaci\u00f3n id\u00f3neo para trabajos que requieran perforaciones de gran di\u00e1metro y, en consecuencia, el uso de maquinaria con alta potencia nominal. La Caromax 500 est\u00e1 compuesta por el potente motor trif\u00e1sico de 5200 W y la Columna 500, fabricada \u00edntegramente en acero y caracterizada por detalles t\u00e9cnicos de fabricaci\u00f3n de un valor y resistencia absolutos. Fijada a la superficie exclusivamente con tacos espec\u00edficos de alta resistencia, permite realizar perforaciones con brocas de 500 mm de di\u00e1metro m\u00e1ximo. La columna se puede inclinar hasta un m\u00e1ximo de 20\u00b0 hacia atr\u00e1s y 90\u00b0 hacia adelante. &nbsp; CARACTER\u00cdSTICA T\u00c9CNICAS Motor: CWEK52 con agua de 5200 W &#8211; 400 V 3 Velocidades del Motor que pueden Seleccionarse Mec\u00e1nicamente: Conexi\u00f3n: 1\u201d1\/4 1 &#8211; 120 Rev\/Min Capacidad de perforaci\u00f3n: 260 &#8211; 500 mm 2 &#8211; 280 Rev\/Min Capacidad de perforaci\u00f3n: 160 &#8211; 250 mm 3 &#8211; 440 Rev\/Min Capacidad de perforaci\u00f3n: 100 &#8211; 150 mm Di\u00e1metro m\u00e1x. de perforaci\u00f3n 500 mm Recorrido \u00fatil: 690 mm Altura de la columna: 1350 mm Inclinable hasta 90\u00b0 Peso de la Columna: 26 Kg Desenganche R\u00e1pido del Motor Peso del Motor: 22,9 Kg [\/vc_column_text][\/vc_column][\/vc_row]","og_url":"https:\/\/www.maxima-dia.com\/es\/maquinas-de-perforacion-para-la-construccion\/caromax-500\/","og_site_name":"Maxima SpA","article_publisher":"https:\/\/www.facebook.com\/Maxima-spa-106098566139597","article_modified_time":"2021-08-02T10:22:06+00:00","og_image":[{"width":1200,"height":1200,"url":"https:\/\/www.maxima-dia.com\/wp-content\/uploads\/2017\/02\/caromax-500.jpg","type":"image\/jpeg"}],"twitter_card":"summary_large_image","twitter_site":"@Maximadia","twitter_misc":{"Tiempo de lectura":"2 minutos"},"schema":{"@context":"https:\/\/schema.org","@graph":[{"@type":"WebPage","@id":"https:\/\/www.maxima-dia.com\/es\/maquinas-de-perforacion-para-la-construccion\/caromax-500\/","url":"https:\/\/www.maxima-dia.com\/es\/maquinas-de-perforacion-para-la-construccion\/caromax-500\/","name":"Caromax 500 - Maxima SpA","isPartOf":{"@id":"https:\/\/www.maxima-dia.com\/es\/#website"},"primaryImageOfPage":{"@id":"https:\/\/www.maxima-dia.com\/es\/maquinas-de-perforacion-para-la-construccion\/caromax-500\/#primaryimage"},"image":{"@id":"https:\/\/www.maxima-dia.com\/es\/maquinas-de-perforacion-para-la-construccion\/caromax-500\/#primaryimage"},"thumbnailUrl":"https:\/\/www.maxima-dia.com\/wp-content\/uploads\/2017\/02\/caromax-500.jpg","datePublished":"2014-05-21T07:14:40+00:00","dateModified":"2021-08-02T10:22:06+00:00","breadcrumb":{"@id":"https:\/\/www.maxima-dia.com\/es\/maquinas-de-perforacion-para-la-construccion\/caromax-500\/#breadcrumb"},"inLanguage":"es","potentialAction":[{"@type":"ReadAction","target":["https:\/\/www.maxima-dia.com\/es\/maquinas-de-perforacion-para-la-construccion\/caromax-500\/"]}]},{"@type":"ImageObject","inLanguage":"es","@id":"https:\/\/www.maxima-dia.com\/es\/maquinas-de-perforacion-para-la-construccion\/caromax-500\/#primaryimage","url":"https:\/\/www.maxima-dia.com\/wp-content\/uploads\/2017\/02\/caromax-500.jpg","contentUrl":"https:\/\/www.maxima-dia.com\/wp-content\/uploads\/2017\/02\/caromax-500.jpg","width":1200,"height":1200},{"@type":"BreadcrumbList","@id":"https:\/\/www.maxima-dia.com\/es\/maquinas-de-perforacion-para-la-construccion\/caromax-500\/#breadcrumb","itemListElement":[{"@type":"ListItem","position":1,"name":"Home","item":"https:\/\/www.maxima-dia.com\/es\/"},{"@type":"ListItem","position":2,"name":"M\u00e1quinas de Perforaci\u00f3n para la Construcci\u00f3n","item":"https:\/\/www.maxima-dia.com\/es\/maquinas-de-perforacion-para-la-construccion\/"},{"@type":"ListItem","position":3,"name":"Caromax 500"}]},{"@type":"WebSite","@id":"https:\/\/www.maxima-dia.com\/es\/#website","url":"https:\/\/www.maxima-dia.com\/es\/","name":"Maxima SpA","description":"Only for the real professionals","potentialAction":[{"@type":"SearchAction","target":{"@type":"EntryPoint","urlTemplate":"https:\/\/www.maxima-dia.com\/es\/?s={search_term_string}"},"query-input":{"@type":"PropertyValueSpecification","valueRequired":true,"valueName":"search_term_string"}}],"inLanguage":"es"}]}},"_links":{"self":[{"href":"https:\/\/www.maxima-dia.com\/es\/wp-json\/wp\/v2\/pages\/8787"}],"collection":[{"href":"https:\/\/www.maxima-dia.com\/es\/wp-json\/wp\/v2\/pages"}],"about":[{"href":"https:\/\/www.maxima-dia.com\/es\/wp-json\/wp\/v2\/types\/page"}],"author":[{"embeddable":true,"href":"https:\/\/www.maxima-dia.com\/es\/wp-json\/wp\/v2\/users\/29"}],"replies":[{"embeddable":true,"href":"https:\/\/www.maxima-dia.com\/es\/wp-json\/wp\/v2\/comments?post=8787"}],"version-history":[{"count":0,"href":"https:\/\/www.maxima-dia.com\/es\/wp-json\/wp\/v2\/pages\/8787\/revisions"}],"up":[{"embeddable":true,"href":"https:\/\/www.maxima-dia.com\/es\/wp-json\/wp\/v2\/pages\/12467"}],"wp:featuredmedia":[{"embeddable":true,"href":"https:\/\/www.maxima-dia.com\/es\/wp-json\/wp\/v2\/media\/24900"}],"wp:attachment":[{"href":"https:\/\/www.maxima-dia.com\/es\/wp-json\/wp\/v2\/media?parent=8787"}],"curies":[{"name":"wp","href":"https:\/\/api.w.org\/{rel}","templated":true}]}}