{"id":8801,"date":"2014-05-21T10:40:16","date_gmt":"2014-05-21T08:40:16","guid":{"rendered":"http:\/\/www.maxima-dia.com\/?post_type=products&#038;p=8801"},"modified":"2021-08-02T12:02:30","modified_gmt":"2021-08-02T10:02:30","slug":"caromax-400","status":"publish","type":"page","link":"https:\/\/www.maxima-dia.com\/es\/maquinas-de-perforacion-para-la-construccion\/caromax-400\/","title":{"rendered":"Caromax 400"},"content":{"rendered":"<div class=\"wpb-content-wrapper\"><p>[vc_row][vc_column text_align=\u00bbcenter\u00bb width=\u00bb1\/4&#8243;][vc_column_text]<a href=\"\/wp-content\/uploads\/2017\/02\/caromax-400.jpg\"><img loading=\"lazy\" decoding=\"async\" class=\"alignnone size-thumbnail wp-image-13692\" src=\"\/wp-content\/uploads\/2017\/02\/caromax-400-150x150.jpg\" alt=\"CAROMAX 400\" width=\"150\" height=\"150\" srcset=\"https:\/\/www.maxima-dia.com\/wp-content\/uploads\/2017\/02\/caromax-400-150x150.jpg 150w, https:\/\/www.maxima-dia.com\/wp-content\/uploads\/2017\/02\/caromax-400-300x300.jpg 300w, https:\/\/www.maxima-dia.com\/wp-content\/uploads\/2017\/02\/caromax-400-768x768.jpg 768w, https:\/\/www.maxima-dia.com\/wp-content\/uploads\/2017\/02\/caromax-400-1024x1024.jpg 1024w, https:\/\/www.maxima-dia.com\/wp-content\/uploads\/2017\/02\/caromax-400-80x80.jpg 80w, https:\/\/www.maxima-dia.com\/wp-content\/uploads\/2017\/02\/caromax-400-500x500.jpg 500w, https:\/\/www.maxima-dia.com\/wp-content\/uploads\/2017\/02\/caromax-400-1000x1000.jpg 1000w, https:\/\/www.maxima-dia.com\/wp-content\/uploads\/2017\/02\/caromax-400.jpg 1200w\" sizes=\"(max-width: 150px) 100vw, 150px\" \/><\/a><\/p>\n<p>construida en la Uni\u00f3n Europea <img loading=\"lazy\" decoding=\"async\" src=\"\/wp-content\/uploads\/2013\/11\/eu.png\" alt=\"eu\" width=\"24\" height=\"16\"> -certificada &nbsp;<span style=\"font-family: arial,helvetica,sans-serif;\">CE<\/span>[\/vc_column_text][vc_column_text css_animation=\u00bbslideInDown\u00bb el_class=\u00bbhidebuybutton\u00bb]<a href=\"https:\/\/www.storemaxima.com\/es\/maquinas-de-perforacion-para-la-construccion\/108-caromax-400.html\" target=\"_blank\" rel=\"noopener\"><img loading=\"lazy\" decoding=\"async\" class=\"alignnone\" title=\"Comprar en www.storemaxima.com\" src=\"https:\/\/www.maxima-dia.com\/wp-content\/uploads\/2019\/12\/pulsante-acquista-storemaxima.com-es.svg\" alt=\"Comprar en www.storemaxima.com\" width=\"180\" height=\"80\"><\/a>[\/vc_column_text][\/vc_column][vc_column width=\u00bb3\/4&#8243;][vc_column_text]Como su nombre indica, la <strong>Caromax 400<\/strong> posee su capacidad m\u00e1xima con brocas diamantadas de 400 mm de di\u00e1metro. El motor es el CWEK 32 de 3200 W montado en la Columna 400, en aluminio pero de gran secci\u00f3n, con base de acero. Ideal para trabajos en el sector de la construcci\u00f3n de gran di\u00e1metro, ya que las bajas velocidades de rotaci\u00f3n de los 3 engranajes lo hacen menos id\u00f3neo para perforar con di\u00e1metros inferiores a 80 mm. Para facilitar el trabajo de quienes lo usan, el carro motor dispone de un engranaje doble para avanzar en el que se encaja el mango que realiza la doble funci\u00f3n de cabrestante y llave inglesa. No se puede usar para fijaci\u00f3n con bombas de vac\u00edo.<\/p>\n<table class=\"tabellafotocarotaggio\" style=\"width: 100%;\">\n<tbody>\n<tr>\n<td style=\"width: 33%; text-align: center;\"><a href=\"\/wp-content\/uploads\/2017\/02\/caromax-400-1.jpg\"><img loading=\"lazy\" decoding=\"async\" class=\"alignnone wp-image-13689 size-thumbnail\" src=\"\/wp-content\/uploads\/2017\/02\/caromax-400-1-150x150.jpg\" width=\"150\" height=\"150\" srcset=\"https:\/\/www.maxima-dia.com\/wp-content\/uploads\/2017\/02\/caromax-400-1-150x150.jpg 150w, https:\/\/www.maxima-dia.com\/wp-content\/uploads\/2017\/02\/caromax-400-1-80x80.jpg 80w, https:\/\/www.maxima-dia.com\/wp-content\/uploads\/2017\/02\/caromax-400-1-500x500.jpg 500w, https:\/\/www.maxima-dia.com\/wp-content\/uploads\/2017\/02\/caromax-400-1-1000x1000.jpg 1000w\" sizes=\"(max-width: 150px) 100vw, 150px\" \/><\/a><\/td>\n<td style=\"width: 33%; text-align: center;\"><a href=\"\/wp-content\/uploads\/2017\/02\/caromax-400-2.jpg\"><img loading=\"lazy\" decoding=\"async\" class=\"alignnone wp-image-13690 size-thumbnail\" src=\"\/wp-content\/uploads\/2017\/02\/caromax-400-2-150x150.jpg\" width=\"150\" height=\"150\" srcset=\"https:\/\/www.maxima-dia.com\/wp-content\/uploads\/2017\/02\/caromax-400-2-150x150.jpg 150w, https:\/\/www.maxima-dia.com\/wp-content\/uploads\/2017\/02\/caromax-400-2-80x80.jpg 80w, https:\/\/www.maxima-dia.com\/wp-content\/uploads\/2017\/02\/caromax-400-2-500x500.jpg 500w, https:\/\/www.maxima-dia.com\/wp-content\/uploads\/2017\/02\/caromax-400-2-1000x1000.jpg 1000w\" sizes=\"(max-width: 150px) 100vw, 150px\" \/><\/a><\/td>\n<td style=\"width: 33%; text-align: center;\"><a href=\"\/wp-content\/uploads\/2017\/02\/caromax-400-3.jpg\"><img loading=\"lazy\" decoding=\"async\" class=\"alignnone wp-image-13691 size-thumbnail\" src=\"\/wp-content\/uploads\/2017\/02\/caromax-400-3-150x150.jpg\" width=\"150\" height=\"150\" srcset=\"https:\/\/www.maxima-dia.com\/wp-content\/uploads\/2017\/02\/caromax-400-3-150x150.jpg 150w, https:\/\/www.maxima-dia.com\/wp-content\/uploads\/2017\/02\/caromax-400-3-80x80.jpg 80w, https:\/\/www.maxima-dia.com\/wp-content\/uploads\/2017\/02\/caromax-400-3-500x500.jpg 500w\" sizes=\"(max-width: 150px) 100vw, 150px\" \/><\/a><\/td>\n<\/tr>\n<\/tbody>\n<\/table>\n<p>&nbsp;<\/p>\n<table class=\"tabellatecnica\" style=\"width: 100%; height: 190px;\" border=\"0\" cellspacing=\"0\" cellpadding=\"0\">\n<thead>\n<tr style=\"height: 24px;\">\n<td class=\"testata\" style=\"height: 24px;\" colspan=\"2\">CARACTER\u00cdSTICA T\u00c9CNICAS<\/td>\n<\/tr>\n<\/thead>\n<tbody>\n<tr style=\"height: 24px;\">\n<td class=\"coltesto1\" style=\"width: 50%; height: 24px;\">Motor: CWEK32 con agua de 3200 W &#8211; 230 V<\/td>\n<td class=\"coltesto1\" style=\"width: 50%; height: 24px;\">3 velocidades en vac\u00edo:<\/td>\n<\/tr>\n<tr style=\"height: 35px;\">\n<td class=\"coltesto1\" style=\"width: 50%; height: 35px;\">Conexi\u00f3n: 1\u201d1\/4<\/td>\n<td class=\"coltesto1\" style=\"width: 50%; height: 70px;\" rowspan=\"2\">1 &#8211; 420 rpm Capacidad de perforaci\u00f3n: 165 &#8211; 400 mm<br \/>\n2 &#8211; 820 rpm Capacidad de perforaci\u00f3n: 80 &#8211; 160 mm<br \/>\n3 &#8211; 1250 rpm Capacidad de perforaci\u00f3n: 55 &#8211; 105 mm<\/td>\n<\/tr>\n<tr style=\"height: 35px;\">\n<td class=\"coltesto2\" style=\"width: 50%; height: 35px;\">Di\u00e1metro m\u00e1x. de perforaci\u00f3n 400 mm<\/td>\n<\/tr>\n<tr style=\"height: 24px;\">\n<td class=\"coltesto2\" style=\"width: 50%; height: 24px;\">Recorrido \u00fatil: 500 mm Altura de la columna: 980 mm<\/td>\n<td class=\"coltesto2\" style=\"width: 50%; height: 24px;\">Doble avance mec\u00e1nico del carro: 1:1 y 1:2<\/td>\n<\/tr>\n<tr style=\"height: 24px;\">\n<td class=\"coltesto2\" style=\"width: 50%; height: 24px;\">Inclinable a 45\u00b0<\/td>\n<td class=\"coltesto2\" style=\"width: 50%; height: 24px;\">Peso de la columna: 19 kg<\/td>\n<\/tr>\n<tr style=\"height: 24px;\">\n<td class=\"coltesto2\" style=\"width: 50%; height: 24px;\">Desenganche r\u00e1pido del motor<\/td>\n<td class=\"coltesto2\" style=\"width: 50%; height: 24px;\">Peso del motor: 11.9 Kg<\/td>\n<\/tr>\n<\/tbody>\n<\/table>\n<div id=\"gtx-trans\" style=\"position: absolute; left: 638px; top: 577px;\">\n<div class=\"gtx-trans-icon\">&nbsp;<\/div>\n<\/div>\n<p>[\/vc_column_text][\/vc_column][\/vc_row]<\/p>\n<\/div>","protected":false},"excerpt":{"rendered":"<p>[vc_row][vc_column text_align=\u00bbcenter\u00bb width=\u00bb1\/4&#8243;][vc_column_text] construida en la Uni\u00f3n Europea -certificada &nbsp;CE[\/vc_column_text][vc_column_text css_animation=\u00bbslideInDown\u00bb el_class=\u00bbhidebuybutton\u00bb][\/vc_column_text][\/vc_column][vc_column width=\u00bb3\/4&#8243;][vc_column_text]Como su nombre indica, la Caromax 400 posee su capacidad m\u00e1xima con brocas diamantadas de 400 mm de di\u00e1metro. El motor es el CWEK 32 de 3200 W montado en la Columna 400, en aluminio pero de gran secci\u00f3n, con base de acero. Ideal para trabajos en el sector de la construcci\u00f3n de gran di\u00e1metro, ya que las bajas velocidades de rotaci\u00f3n de los 3 engranajes lo hacen menos id\u00f3neo para perforar con di\u00e1metros inferiores a 80 mm. Para facilitar el trabajo de quienes lo usan, el carro motor dispone de un engranaje doble para avanzar en el que se encaja el mango que realiza la doble funci\u00f3n de cabrestante y llave inglesa. No se puede usar para fijaci\u00f3n con bombas de vac\u00edo. &nbsp; CARACTER\u00cdSTICA T\u00c9CNICAS Motor: CWEK32 con agua de 3200 W &#8211; 230 V 3 velocidades en vac\u00edo: Conexi\u00f3n: 1\u201d1\/4 1 &#8211; 420 rpm Capacidad de perforaci\u00f3n: 165 &#8211; 400 mm 2 &#8211; 820 rpm Capacidad de perforaci\u00f3n: 80 &#8211; 160 mm 3 &#8211; 1250 rpm Capacidad de perforaci\u00f3n: 55 &#8211; 105 mm Di\u00e1metro m\u00e1x. de perforaci\u00f3n 400 mm Recorrido \u00fatil: 500 mm Altura de la [&hellip;]<\/p>\n","protected":false},"author":29,"featured_media":24891,"parent":12467,"menu_order":14,"comment_status":"closed","ping_status":"closed","template":"","meta":{"ngg_post_thumbnail":0,"_joinchat":[],"footnotes":""},"class_list":["post-8801","page","type-page","status-publish","has-post-thumbnail","hentry"],"yoast_head":"<!-- This site is optimized with the Yoast SEO plugin v25.5 - https:\/\/yoast.com\/wordpress\/plugins\/seo\/ -->\n<title>Caromax 400 - Maxima SpA<\/title>\n<meta name=\"robots\" content=\"index, follow, max-snippet:-1, max-image-preview:large, max-video-preview:-1\" \/>\n<link rel=\"canonical\" href=\"https:\/\/www.maxima-dia.com\/es\/maquinas-de-perforacion-para-la-construccion\/caromax-400\/\" \/>\n<meta property=\"og:locale\" content=\"es_ES\" \/>\n<meta property=\"og:type\" content=\"article\" \/>\n<meta property=\"og:title\" content=\"Caromax 400 - Maxima SpA\" \/>\n<meta property=\"og:description\" content=\"[vc_row][vc_column text_align=\u00bbcenter\u00bb width=\u00bb1\/4&#8243;][vc_column_text] construida en la Uni\u00f3n Europea -certificada &nbsp;CE[\/vc_column_text][vc_column_text css_animation=\u00bbslideInDown\u00bb el_class=\u00bbhidebuybutton\u00bb][\/vc_column_text][\/vc_column][vc_column width=\u00bb3\/4&#8243;][vc_column_text]Como su nombre indica, la Caromax 400 posee su capacidad m\u00e1xima con brocas diamantadas de 400 mm de di\u00e1metro. El motor es el CWEK 32 de 3200 W montado en la Columna 400, en aluminio pero de gran secci\u00f3n, con base de acero. Ideal para trabajos en el sector de la construcci\u00f3n de gran di\u00e1metro, ya que las bajas velocidades de rotaci\u00f3n de los 3 engranajes lo hacen menos id\u00f3neo para perforar con di\u00e1metros inferiores a 80 mm. Para facilitar el trabajo de quienes lo usan, el carro motor dispone de un engranaje doble para avanzar en el que se encaja el mango que realiza la doble funci\u00f3n de cabrestante y llave inglesa. No se puede usar para fijaci\u00f3n con bombas de vac\u00edo. &nbsp; CARACTER\u00cdSTICA T\u00c9CNICAS Motor: CWEK32 con agua de 3200 W &#8211; 230 V 3 velocidades en vac\u00edo: Conexi\u00f3n: 1\u201d1\/4 1 &#8211; 420 rpm Capacidad de perforaci\u00f3n: 165 &#8211; 400 mm 2 &#8211; 820 rpm Capacidad de perforaci\u00f3n: 80 &#8211; 160 mm 3 &#8211; 1250 rpm Capacidad de perforaci\u00f3n: 55 &#8211; 105 mm Di\u00e1metro m\u00e1x. de perforaci\u00f3n 400 mm Recorrido \u00fatil: 500 mm Altura de la [&hellip;]\" \/>\n<meta property=\"og:url\" content=\"https:\/\/www.maxima-dia.com\/es\/maquinas-de-perforacion-para-la-construccion\/caromax-400\/\" \/>\n<meta property=\"og:site_name\" content=\"Maxima SpA\" \/>\n<meta property=\"article:publisher\" content=\"https:\/\/www.facebook.com\/Maxima-spa-106098566139597\" \/>\n<meta property=\"article:modified_time\" content=\"2021-08-02T10:02:30+00:00\" \/>\n<meta property=\"og:image\" content=\"https:\/\/www.maxima-dia.com\/wp-content\/uploads\/2017\/02\/caromax-400.jpg\" \/>\n\t<meta property=\"og:image:width\" content=\"1200\" \/>\n\t<meta property=\"og:image:height\" content=\"1200\" \/>\n\t<meta property=\"og:image:type\" content=\"image\/jpeg\" \/>\n<meta name=\"twitter:card\" content=\"summary_large_image\" \/>\n<meta name=\"twitter:site\" content=\"@Maximadia\" \/>\n<meta name=\"twitter:label1\" content=\"Tiempo de lectura\" \/>\n\t<meta name=\"twitter:data1\" content=\"3 minutos\" \/>\n<script type=\"application\/ld+json\" class=\"yoast-schema-graph\">{\"@context\":\"https:\/\/schema.org\",\"@graph\":[{\"@type\":\"WebPage\",\"@id\":\"https:\/\/www.maxima-dia.com\/es\/maquinas-de-perforacion-para-la-construccion\/caromax-400\/\",\"url\":\"https:\/\/www.maxima-dia.com\/es\/maquinas-de-perforacion-para-la-construccion\/caromax-400\/\",\"name\":\"Caromax 400 - Maxima SpA\",\"isPartOf\":{\"@id\":\"https:\/\/www.maxima-dia.com\/es\/#website\"},\"primaryImageOfPage\":{\"@id\":\"https:\/\/www.maxima-dia.com\/es\/maquinas-de-perforacion-para-la-construccion\/caromax-400\/#primaryimage\"},\"image\":{\"@id\":\"https:\/\/www.maxima-dia.com\/es\/maquinas-de-perforacion-para-la-construccion\/caromax-400\/#primaryimage\"},\"thumbnailUrl\":\"https:\/\/www.maxima-dia.com\/wp-content\/uploads\/2017\/02\/caromax-400.jpg\",\"datePublished\":\"2014-05-21T08:40:16+00:00\",\"dateModified\":\"2021-08-02T10:02:30+00:00\",\"breadcrumb\":{\"@id\":\"https:\/\/www.maxima-dia.com\/es\/maquinas-de-perforacion-para-la-construccion\/caromax-400\/#breadcrumb\"},\"inLanguage\":\"es\",\"potentialAction\":[{\"@type\":\"ReadAction\",\"target\":[\"https:\/\/www.maxima-dia.com\/es\/maquinas-de-perforacion-para-la-construccion\/caromax-400\/\"]}]},{\"@type\":\"ImageObject\",\"inLanguage\":\"es\",\"@id\":\"https:\/\/www.maxima-dia.com\/es\/maquinas-de-perforacion-para-la-construccion\/caromax-400\/#primaryimage\",\"url\":\"https:\/\/www.maxima-dia.com\/wp-content\/uploads\/2017\/02\/caromax-400.jpg\",\"contentUrl\":\"https:\/\/www.maxima-dia.com\/wp-content\/uploads\/2017\/02\/caromax-400.jpg\",\"width\":1200,\"height\":1200},{\"@type\":\"BreadcrumbList\",\"@id\":\"https:\/\/www.maxima-dia.com\/es\/maquinas-de-perforacion-para-la-construccion\/caromax-400\/#breadcrumb\",\"itemListElement\":[{\"@type\":\"ListItem\",\"position\":1,\"name\":\"Home\",\"item\":\"https:\/\/www.maxima-dia.com\/es\/\"},{\"@type\":\"ListItem\",\"position\":2,\"name\":\"M\u00e1quinas de Perforaci\u00f3n para la Construcci\u00f3n\",\"item\":\"https:\/\/www.maxima-dia.com\/es\/maquinas-de-perforacion-para-la-construccion\/\"},{\"@type\":\"ListItem\",\"position\":3,\"name\":\"Caromax 400\"}]},{\"@type\":\"WebSite\",\"@id\":\"https:\/\/www.maxima-dia.com\/es\/#website\",\"url\":\"https:\/\/www.maxima-dia.com\/es\/\",\"name\":\"Maxima SpA\",\"description\":\"Only for the real professionals\",\"potentialAction\":[{\"@type\":\"SearchAction\",\"target\":{\"@type\":\"EntryPoint\",\"urlTemplate\":\"https:\/\/www.maxima-dia.com\/es\/?s={search_term_string}\"},\"query-input\":{\"@type\":\"PropertyValueSpecification\",\"valueRequired\":true,\"valueName\":\"search_term_string\"}}],\"inLanguage\":\"es\"}]}<\/script>\n<!-- \/ Yoast SEO plugin. -->","yoast_head_json":{"title":"Caromax 400 - Maxima SpA","robots":{"index":"index","follow":"follow","max-snippet":"max-snippet:-1","max-image-preview":"max-image-preview:large","max-video-preview":"max-video-preview:-1"},"canonical":"https:\/\/www.maxima-dia.com\/es\/maquinas-de-perforacion-para-la-construccion\/caromax-400\/","og_locale":"es_ES","og_type":"article","og_title":"Caromax 400 - Maxima SpA","og_description":"[vc_row][vc_column text_align=\u00bbcenter\u00bb width=\u00bb1\/4&#8243;][vc_column_text] construida en la Uni\u00f3n Europea -certificada &nbsp;CE[\/vc_column_text][vc_column_text css_animation=\u00bbslideInDown\u00bb el_class=\u00bbhidebuybutton\u00bb][\/vc_column_text][\/vc_column][vc_column width=\u00bb3\/4&#8243;][vc_column_text]Como su nombre indica, la Caromax 400 posee su capacidad m\u00e1xima con brocas diamantadas de 400 mm de di\u00e1metro. El motor es el CWEK 32 de 3200 W montado en la Columna 400, en aluminio pero de gran secci\u00f3n, con base de acero. Ideal para trabajos en el sector de la construcci\u00f3n de gran di\u00e1metro, ya que las bajas velocidades de rotaci\u00f3n de los 3 engranajes lo hacen menos id\u00f3neo para perforar con di\u00e1metros inferiores a 80 mm. Para facilitar el trabajo de quienes lo usan, el carro motor dispone de un engranaje doble para avanzar en el que se encaja el mango que realiza la doble funci\u00f3n de cabrestante y llave inglesa. No se puede usar para fijaci\u00f3n con bombas de vac\u00edo. &nbsp; CARACTER\u00cdSTICA T\u00c9CNICAS Motor: CWEK32 con agua de 3200 W &#8211; 230 V 3 velocidades en vac\u00edo: Conexi\u00f3n: 1\u201d1\/4 1 &#8211; 420 rpm Capacidad de perforaci\u00f3n: 165 &#8211; 400 mm 2 &#8211; 820 rpm Capacidad de perforaci\u00f3n: 80 &#8211; 160 mm 3 &#8211; 1250 rpm Capacidad de perforaci\u00f3n: 55 &#8211; 105 mm Di\u00e1metro m\u00e1x. de perforaci\u00f3n 400 mm Recorrido \u00fatil: 500 mm Altura de la [&hellip;]","og_url":"https:\/\/www.maxima-dia.com\/es\/maquinas-de-perforacion-para-la-construccion\/caromax-400\/","og_site_name":"Maxima SpA","article_publisher":"https:\/\/www.facebook.com\/Maxima-spa-106098566139597","article_modified_time":"2021-08-02T10:02:30+00:00","og_image":[{"width":1200,"height":1200,"url":"https:\/\/www.maxima-dia.com\/wp-content\/uploads\/2017\/02\/caromax-400.jpg","type":"image\/jpeg"}],"twitter_card":"summary_large_image","twitter_site":"@Maximadia","twitter_misc":{"Tiempo de lectura":"3 minutos"},"schema":{"@context":"https:\/\/schema.org","@graph":[{"@type":"WebPage","@id":"https:\/\/www.maxima-dia.com\/es\/maquinas-de-perforacion-para-la-construccion\/caromax-400\/","url":"https:\/\/www.maxima-dia.com\/es\/maquinas-de-perforacion-para-la-construccion\/caromax-400\/","name":"Caromax 400 - Maxima SpA","isPartOf":{"@id":"https:\/\/www.maxima-dia.com\/es\/#website"},"primaryImageOfPage":{"@id":"https:\/\/www.maxima-dia.com\/es\/maquinas-de-perforacion-para-la-construccion\/caromax-400\/#primaryimage"},"image":{"@id":"https:\/\/www.maxima-dia.com\/es\/maquinas-de-perforacion-para-la-construccion\/caromax-400\/#primaryimage"},"thumbnailUrl":"https:\/\/www.maxima-dia.com\/wp-content\/uploads\/2017\/02\/caromax-400.jpg","datePublished":"2014-05-21T08:40:16+00:00","dateModified":"2021-08-02T10:02:30+00:00","breadcrumb":{"@id":"https:\/\/www.maxima-dia.com\/es\/maquinas-de-perforacion-para-la-construccion\/caromax-400\/#breadcrumb"},"inLanguage":"es","potentialAction":[{"@type":"ReadAction","target":["https:\/\/www.maxima-dia.com\/es\/maquinas-de-perforacion-para-la-construccion\/caromax-400\/"]}]},{"@type":"ImageObject","inLanguage":"es","@id":"https:\/\/www.maxima-dia.com\/es\/maquinas-de-perforacion-para-la-construccion\/caromax-400\/#primaryimage","url":"https:\/\/www.maxima-dia.com\/wp-content\/uploads\/2017\/02\/caromax-400.jpg","contentUrl":"https:\/\/www.maxima-dia.com\/wp-content\/uploads\/2017\/02\/caromax-400.jpg","width":1200,"height":1200},{"@type":"BreadcrumbList","@id":"https:\/\/www.maxima-dia.com\/es\/maquinas-de-perforacion-para-la-construccion\/caromax-400\/#breadcrumb","itemListElement":[{"@type":"ListItem","position":1,"name":"Home","item":"https:\/\/www.maxima-dia.com\/es\/"},{"@type":"ListItem","position":2,"name":"M\u00e1quinas de Perforaci\u00f3n para la Construcci\u00f3n","item":"https:\/\/www.maxima-dia.com\/es\/maquinas-de-perforacion-para-la-construccion\/"},{"@type":"ListItem","position":3,"name":"Caromax 400"}]},{"@type":"WebSite","@id":"https:\/\/www.maxima-dia.com\/es\/#website","url":"https:\/\/www.maxima-dia.com\/es\/","name":"Maxima SpA","description":"Only for the real professionals","potentialAction":[{"@type":"SearchAction","target":{"@type":"EntryPoint","urlTemplate":"https:\/\/www.maxima-dia.com\/es\/?s={search_term_string}"},"query-input":{"@type":"PropertyValueSpecification","valueRequired":true,"valueName":"search_term_string"}}],"inLanguage":"es"}]}},"_links":{"self":[{"href":"https:\/\/www.maxima-dia.com\/es\/wp-json\/wp\/v2\/pages\/8801"}],"collection":[{"href":"https:\/\/www.maxima-dia.com\/es\/wp-json\/wp\/v2\/pages"}],"about":[{"href":"https:\/\/www.maxima-dia.com\/es\/wp-json\/wp\/v2\/types\/page"}],"author":[{"embeddable":true,"href":"https:\/\/www.maxima-dia.com\/es\/wp-json\/wp\/v2\/users\/29"}],"replies":[{"embeddable":true,"href":"https:\/\/www.maxima-dia.com\/es\/wp-json\/wp\/v2\/comments?post=8801"}],"version-history":[{"count":0,"href":"https:\/\/www.maxima-dia.com\/es\/wp-json\/wp\/v2\/pages\/8801\/revisions"}],"up":[{"embeddable":true,"href":"https:\/\/www.maxima-dia.com\/es\/wp-json\/wp\/v2\/pages\/12467"}],"wp:featuredmedia":[{"embeddable":true,"href":"https:\/\/www.maxima-dia.com\/es\/wp-json\/wp\/v2\/media\/24891"}],"wp:attachment":[{"href":"https:\/\/www.maxima-dia.com\/es\/wp-json\/wp\/v2\/media?parent=8801"}],"curies":[{"name":"wp","href":"https:\/\/api.w.org\/{rel}","templated":true}]}}