{"id":8833,"date":"2014-05-21T15:40:22","date_gmt":"2014-05-21T13:40:22","guid":{"rendered":"http:\/\/www.maxima-dia.com\/?page_id=8833"},"modified":"2025-11-17T16:12:04","modified_gmt":"2025-11-17T15:12:04","slug":"catalogos-incentivos","status":"publish","type":"page","link":"https:\/\/www.maxima-dia.com\/es\/catalogos-incentivos\/","title":{"rendered":"Cat\u00e1logos"},"content":{"rendered":"<div class=\"wpb-content-wrapper\"><p>[vc_row][vc_column][vc_column_text]<\/p>\n<h3>Cat\u00e1logo de productos 2022<\/h3>\n<p>Descargar o bien examinar nuestro Cat\u00e1logo productos.<br \/>\nEncontrar\u00e1s la gama completa de los productos que se ofrecen y las descripciones t\u00e9cnicas correspondientes.<\/p>\n<div class=\"_df_book df-lite\" id=\"df_30770\"  _slug=\"maxima-spa-catalogo-es\" data-title=\"maxima-spa-catalogo-2022-es\" wpoptions=\"true\" thumbtype=\"\" ><\/div><script class=\"df-shortcode-script\" nowprocket type=\"application\/javascript\">window.option_df_30770 = {\"outline\":[],\"autoEnableOutline\":\"false\",\"autoEnableThumbnail\":\"false\",\"overwritePDFOutline\":\"false\",\"direction\":\"1\",\"pageSize\":\"0\",\"maxTextureSize\":\"2048\",\"source\":\"https:\\\/\\\/www.maxima-dia.com\\\/wp-content\\\/uploads\\\/2022\\\/09\\\/Maxima_CatGen2022_ES_senza_prezzi_singola_pagina_WEB.pdf\",\"wpOptions\":\"true\"}; if(window.DFLIP && window.DFLIP.parseBooks){window.DFLIP.parseBooks();}<\/script>\n<p>&nbsp;<\/p>\n<p><a href=\"https:\/\/www.maxima-dia.com\/wp-content\/uploads\/2022\/09\/Maxima_CatGen2022_ES_senza_prezzi_singola_pagina_WEB.pdf\" target=\"_blank\" rel=\"noopener noreferrer\"><img loading=\"lazy\" decoding=\"async\" class=\"alignnone\" src=\"\/wp-content\/uploads\/2014\/09\/pdf-download-icon.png\" alt=\"pdf-download-icon\" width=\"250\" height=\"75\"><\/a><br \/>\n<a href=\"https:\/\/www.maxima-dia.com\/wp-content\/uploads\/2022\/09\/Maxima_CatGen2022_ES_senza_prezzi_singola_pagina_WEB.pdf\" target=\"_blank\" rel=\"noopener noreferrer\">Descargar el cat\u00e1logo haciendo clic aqu\u00ed con la tecla derecha del rat\u00f3n seleccionando \u201cGuardar como\u201d<\/a><\/p>\n<div class=\"clearboth\">&nbsp;<\/div>\n<hr style=\"height: 1px; background: red;\">\n<div class=\"clearboth\">&nbsp;<\/div>\n<div class=\"clearboth\">&nbsp;<\/div>\n<h3>Cat\u00e1logo Estante de Exhibici\u00f3n<\/h3>\n<p>Descargar o bien examinar nuestro Cat\u00e1logo Estante de Exhibici\u00f3n.<br \/>\nEncontrar\u00e1s la gama completa de los productos que se ofrecen y las descripciones t\u00e9cnicas correspondientes.<\/p>\n<div class=\"one_half\"><a href=\"https:\/\/www.maxima-dia.com\/wp-content\/uploads\/2024\/06\/Maxima_Book_Allestimenti_2024_ES_WEB.pdf\" target=\"_blank\" rel=\"noopener noreferrer\"><img loading=\"lazy\" decoding=\"async\" class=\"catalog_shadow alignnone\" title=\"Catalogo Taglio\" src=\"\/wp-content\/uploads\/2023\/04\/cat-allestimenti-2023.jpg\" alt=\"Catalogo Allestimenti\" width=\"212\" height=\"300\"><\/a><\/div>\n<p><a href=\"https:\/\/www.maxima-dia.com\/wp-content\/uploads\/2024\/06\/Maxima_Book_Allestimenti_2024_ES_WEB.pdf\" target=\"_blank\" rel=\"noopener noreferrer\"><img loading=\"lazy\" decoding=\"async\" class=\"alignnone\" src=\"\/wp-content\/uploads\/2014\/09\/pdf-download-icon.png\" alt=\"pdf-download-icon\" width=\"250\" height=\"75\"><\/a><br \/>\n<a href=\"https:\/\/www.maxima-dia.com\/wp-content\/uploads\/2024\/06\/Maxima_Book_Allestimenti_2024_ES_WEB.pdf\" target=\"_blank\" rel=\"noopener noreferrer\">Descargar el cat\u00e1logo haciendo clic aqu\u00ed con la tecla derecha del rat\u00f3n seleccionando \u201cGuardar como\u201d<\/a><\/p>\n<div class=\"clearboth\">&nbsp;<\/div>\n<hr style=\"height: 1px; background: red;\">\n<h3>Brochure&nbsp;Perforaci\u00f3n<\/h3>\n<p>Descargar o bien examinar nuestro Brochure&nbsp;Perforaci\u00f3n.<br \/>\nEncontrar\u00e1s la gama completa de los productos que se ofrecen y las descripciones t\u00e9cnicas correspondientes.<\/p>\n<p><a href=\"https:\/\/www.maxima-dia.com\/wp-content\/uploads\/2025\/07\/DEPLIANT-CAROTAGGIO_ES_2025.pdf\"><img loading=\"lazy\" decoding=\"async\" class=\"alignnone wp-image-43672 size-medium\" src=\"https:\/\/www.maxima-dia.com\/wp-content\/uploads\/2024\/06\/carotaggio_ES_copertina-211x300.jpg\" alt=\"\" width=\"211\" height=\"300\" srcset=\"https:\/\/www.maxima-dia.com\/wp-content\/uploads\/2024\/06\/carotaggio_ES_copertina-211x300.jpg 211w, https:\/\/www.maxima-dia.com\/wp-content\/uploads\/2024\/06\/carotaggio_ES_copertina.jpg 562w\" sizes=\"(max-width: 211px) 100vw, 211px\" \/><\/a><\/p>\n<p><a href=\"https:\/\/www.maxima-dia.com\/wp-content\/uploads\/2025\/07\/DEPLIANT-CAROTAGGIO_ES_2025.pdf\" target=\"_blank\" rel=\"noopener noreferrer\"><img loading=\"lazy\" decoding=\"async\" class=\"alignnone\" src=\"\/wp-content\/uploads\/2014\/09\/pdf-download-icon.png\" alt=\"pdf-download-icon\" width=\"250\" height=\"75\"><\/a><br \/>\n<a href=\"https:\/\/www.maxima-dia.com\/wp-content\/uploads\/2025\/07\/DEPLIANT-CAROTAGGIO_ES_2025.pdf\" target=\"_blank\" rel=\"noopener noreferrer\">Descargar el cat\u00e1logo haciendo clic aqu\u00ed con la tecla derecha del rat\u00f3n seleccionando \u201cGuardar como\u201d<\/a><\/p>\n<p>&nbsp;[\/vc_column_text][\/vc_column][\/vc_row]<\/p>\n<\/div>","protected":false},"excerpt":{"rendered":"<p>[vc_row][vc_column][vc_column_text] Cat\u00e1logo de productos 2022 Descargar o bien examinar nuestro Cat\u00e1logo productos. Encontrar\u00e1s la gama completa de los productos que se ofrecen y las descripciones t\u00e9cnicas correspondientes. &nbsp; Descargar el cat\u00e1logo haciendo clic aqu\u00ed con la tecla derecha del rat\u00f3n seleccionando \u201cGuardar como\u201d &nbsp; &nbsp; &nbsp; Cat\u00e1logo Estante de Exhibici\u00f3n Descargar o bien examinar nuestro Cat\u00e1logo Estante de Exhibici\u00f3n. Encontrar\u00e1s la gama completa de los productos que se ofrecen y las descripciones t\u00e9cnicas correspondientes. Descargar el cat\u00e1logo haciendo clic aqu\u00ed con la tecla derecha del rat\u00f3n seleccionando \u201cGuardar como\u201d &nbsp; Brochure&nbsp;Perforaci\u00f3n Descargar o bien examinar nuestro Brochure&nbsp;Perforaci\u00f3n. Encontrar\u00e1s la gama completa de los productos que se ofrecen y las descripciones t\u00e9cnicas correspondientes. Descargar el cat\u00e1logo haciendo clic aqu\u00ed con la tecla derecha del rat\u00f3n seleccionando \u201cGuardar como\u201d &nbsp;[\/vc_column_text][\/vc_column][\/vc_row]<\/p>\n","protected":false},"author":29,"featured_media":0,"parent":0,"menu_order":371,"comment_status":"closed","ping_status":"closed","template":"","meta":{"ngg_post_thumbnail":0,"_joinchat":[],"footnotes":""},"class_list":["post-8833","page","type-page","status-publish","hentry"],"yoast_head":"<!-- This site is optimized with the Yoast SEO plugin v25.5 - https:\/\/yoast.com\/wordpress\/plugins\/seo\/ -->\n<title>Cat\u00e1logos - Maxima SpA<\/title>\n<meta name=\"description\" content=\"Descargar o bien examinar nuestro Cat\u00e1logo General. Encontrar\u00e1s la gama completa de los productos que se ofrecen y las descripciones t\u00e9cnicas correspondientes.\" \/>\n<meta name=\"robots\" content=\"index, follow, max-snippet:-1, max-image-preview:large, max-video-preview:-1\" \/>\n<link rel=\"canonical\" href=\"https:\/\/www.maxima-dia.com\/es\/catalogos-incentivos\/\" \/>\n<meta property=\"og:locale\" content=\"es_ES\" \/>\n<meta property=\"og:type\" content=\"article\" \/>\n<meta property=\"og:title\" content=\"Cat\u00e1logos - Maxima SpA\" \/>\n<meta property=\"og:description\" content=\"Descargar o bien examinar nuestro Cat\u00e1logo General. Encontrar\u00e1s la gama completa de los productos que se ofrecen y las descripciones t\u00e9cnicas correspondientes.\" \/>\n<meta property=\"og:url\" content=\"https:\/\/www.maxima-dia.com\/es\/catalogos-incentivos\/\" \/>\n<meta property=\"og:site_name\" content=\"Maxima SpA\" \/>\n<meta property=\"article:publisher\" content=\"https:\/\/www.facebook.com\/Maxima-spa-106098566139597\" \/>\n<meta property=\"article:modified_time\" content=\"2025-11-17T15:12:04+00:00\" \/>\n<meta property=\"og:image\" content=\"https:\/\/www.maxima-dia.com\/wp-content\/uploads\/2024\/06\/carotaggio_ES_copertina-211x300.jpg\" \/>\n<meta name=\"twitter:card\" content=\"summary_large_image\" \/>\n<meta name=\"twitter:site\" content=\"@Maximadia\" \/>\n<meta name=\"twitter:label1\" content=\"Tiempo de lectura\" \/>\n\t<meta name=\"twitter:data1\" content=\"2 minutos\" \/>\n<script type=\"application\/ld+json\" class=\"yoast-schema-graph\">{\"@context\":\"https:\/\/schema.org\",\"@graph\":[{\"@type\":\"WebPage\",\"@id\":\"https:\/\/www.maxima-dia.com\/es\/catalogos-incentivos\/\",\"url\":\"https:\/\/www.maxima-dia.com\/es\/catalogos-incentivos\/\",\"name\":\"Cat\u00e1logos - Maxima SpA\",\"isPartOf\":{\"@id\":\"https:\/\/www.maxima-dia.com\/es\/#website\"},\"primaryImageOfPage\":{\"@id\":\"https:\/\/www.maxima-dia.com\/es\/catalogos-incentivos\/#primaryimage\"},\"image\":{\"@id\":\"https:\/\/www.maxima-dia.com\/es\/catalogos-incentivos\/#primaryimage\"},\"thumbnailUrl\":\"https:\/\/www.maxima-dia.com\/wp-content\/uploads\/2024\/06\/carotaggio_ES_copertina-211x300.jpg\",\"datePublished\":\"2014-05-21T13:40:22+00:00\",\"dateModified\":\"2025-11-17T15:12:04+00:00\",\"description\":\"Descargar o bien examinar nuestro Cat\u00e1logo General. Encontrar\u00e1s la gama completa de los productos que se ofrecen y las descripciones t\u00e9cnicas correspondientes.\",\"breadcrumb\":{\"@id\":\"https:\/\/www.maxima-dia.com\/es\/catalogos-incentivos\/#breadcrumb\"},\"inLanguage\":\"es\",\"potentialAction\":[{\"@type\":\"ReadAction\",\"target\":[\"https:\/\/www.maxima-dia.com\/es\/catalogos-incentivos\/\"]}]},{\"@type\":\"ImageObject\",\"inLanguage\":\"es\",\"@id\":\"https:\/\/www.maxima-dia.com\/es\/catalogos-incentivos\/#primaryimage\",\"url\":\"https:\/\/www.maxima-dia.com\/wp-content\/uploads\/2024\/06\/carotaggio_ES_copertina-211x300.jpg\",\"contentUrl\":\"https:\/\/www.maxima-dia.com\/wp-content\/uploads\/2024\/06\/carotaggio_ES_copertina-211x300.jpg\"},{\"@type\":\"BreadcrumbList\",\"@id\":\"https:\/\/www.maxima-dia.com\/es\/catalogos-incentivos\/#breadcrumb\",\"itemListElement\":[{\"@type\":\"ListItem\",\"position\":1,\"name\":\"Home\",\"item\":\"https:\/\/www.maxima-dia.com\/es\/\"},{\"@type\":\"ListItem\",\"position\":2,\"name\":\"Cat\u00e1logos\"}]},{\"@type\":\"WebSite\",\"@id\":\"https:\/\/www.maxima-dia.com\/es\/#website\",\"url\":\"https:\/\/www.maxima-dia.com\/es\/\",\"name\":\"Maxima SpA\",\"description\":\"Only for the real professionals\",\"potentialAction\":[{\"@type\":\"SearchAction\",\"target\":{\"@type\":\"EntryPoint\",\"urlTemplate\":\"https:\/\/www.maxima-dia.com\/es\/?s={search_term_string}\"},\"query-input\":{\"@type\":\"PropertyValueSpecification\",\"valueRequired\":true,\"valueName\":\"search_term_string\"}}],\"inLanguage\":\"es\"}]}<\/script>\n<!-- \/ Yoast SEO plugin. -->","yoast_head_json":{"title":"Cat\u00e1logos - Maxima SpA","description":"Descargar o bien examinar nuestro Cat\u00e1logo General. Encontrar\u00e1s la gama completa de los productos que se ofrecen y las descripciones t\u00e9cnicas correspondientes.","robots":{"index":"index","follow":"follow","max-snippet":"max-snippet:-1","max-image-preview":"max-image-preview:large","max-video-preview":"max-video-preview:-1"},"canonical":"https:\/\/www.maxima-dia.com\/es\/catalogos-incentivos\/","og_locale":"es_ES","og_type":"article","og_title":"Cat\u00e1logos - Maxima SpA","og_description":"Descargar o bien examinar nuestro Cat\u00e1logo General. Encontrar\u00e1s la gama completa de los productos que se ofrecen y las descripciones t\u00e9cnicas correspondientes.","og_url":"https:\/\/www.maxima-dia.com\/es\/catalogos-incentivos\/","og_site_name":"Maxima SpA","article_publisher":"https:\/\/www.facebook.com\/Maxima-spa-106098566139597","article_modified_time":"2025-11-17T15:12:04+00:00","og_image":[{"url":"https:\/\/www.maxima-dia.com\/wp-content\/uploads\/2024\/06\/carotaggio_ES_copertina-211x300.jpg","type":"","width":"","height":""}],"twitter_card":"summary_large_image","twitter_site":"@Maximadia","twitter_misc":{"Tiempo de lectura":"2 minutos"},"schema":{"@context":"https:\/\/schema.org","@graph":[{"@type":"WebPage","@id":"https:\/\/www.maxima-dia.com\/es\/catalogos-incentivos\/","url":"https:\/\/www.maxima-dia.com\/es\/catalogos-incentivos\/","name":"Cat\u00e1logos - Maxima SpA","isPartOf":{"@id":"https:\/\/www.maxima-dia.com\/es\/#website"},"primaryImageOfPage":{"@id":"https:\/\/www.maxima-dia.com\/es\/catalogos-incentivos\/#primaryimage"},"image":{"@id":"https:\/\/www.maxima-dia.com\/es\/catalogos-incentivos\/#primaryimage"},"thumbnailUrl":"https:\/\/www.maxima-dia.com\/wp-content\/uploads\/2024\/06\/carotaggio_ES_copertina-211x300.jpg","datePublished":"2014-05-21T13:40:22+00:00","dateModified":"2025-11-17T15:12:04+00:00","description":"Descargar o bien examinar nuestro Cat\u00e1logo General. Encontrar\u00e1s la gama completa de los productos que se ofrecen y las descripciones t\u00e9cnicas correspondientes.","breadcrumb":{"@id":"https:\/\/www.maxima-dia.com\/es\/catalogos-incentivos\/#breadcrumb"},"inLanguage":"es","potentialAction":[{"@type":"ReadAction","target":["https:\/\/www.maxima-dia.com\/es\/catalogos-incentivos\/"]}]},{"@type":"ImageObject","inLanguage":"es","@id":"https:\/\/www.maxima-dia.com\/es\/catalogos-incentivos\/#primaryimage","url":"https:\/\/www.maxima-dia.com\/wp-content\/uploads\/2024\/06\/carotaggio_ES_copertina-211x300.jpg","contentUrl":"https:\/\/www.maxima-dia.com\/wp-content\/uploads\/2024\/06\/carotaggio_ES_copertina-211x300.jpg"},{"@type":"BreadcrumbList","@id":"https:\/\/www.maxima-dia.com\/es\/catalogos-incentivos\/#breadcrumb","itemListElement":[{"@type":"ListItem","position":1,"name":"Home","item":"https:\/\/www.maxima-dia.com\/es\/"},{"@type":"ListItem","position":2,"name":"Cat\u00e1logos"}]},{"@type":"WebSite","@id":"https:\/\/www.maxima-dia.com\/es\/#website","url":"https:\/\/www.maxima-dia.com\/es\/","name":"Maxima SpA","description":"Only for the real professionals","potentialAction":[{"@type":"SearchAction","target":{"@type":"EntryPoint","urlTemplate":"https:\/\/www.maxima-dia.com\/es\/?s={search_term_string}"},"query-input":{"@type":"PropertyValueSpecification","valueRequired":true,"valueName":"search_term_string"}}],"inLanguage":"es"}]}},"_links":{"self":[{"href":"https:\/\/www.maxima-dia.com\/es\/wp-json\/wp\/v2\/pages\/8833"}],"collection":[{"href":"https:\/\/www.maxima-dia.com\/es\/wp-json\/wp\/v2\/pages"}],"about":[{"href":"https:\/\/www.maxima-dia.com\/es\/wp-json\/wp\/v2\/types\/page"}],"author":[{"embeddable":true,"href":"https:\/\/www.maxima-dia.com\/es\/wp-json\/wp\/v2\/users\/29"}],"replies":[{"embeddable":true,"href":"https:\/\/www.maxima-dia.com\/es\/wp-json\/wp\/v2\/comments?post=8833"}],"version-history":[{"count":7,"href":"https:\/\/www.maxima-dia.com\/es\/wp-json\/wp\/v2\/pages\/8833\/revisions"}],"predecessor-version":[{"id":47054,"href":"https:\/\/www.maxima-dia.com\/es\/wp-json\/wp\/v2\/pages\/8833\/revisions\/47054"}],"wp:attachment":[{"href":"https:\/\/www.maxima-dia.com\/es\/wp-json\/wp\/v2\/media?parent=8833"}],"curies":[{"name":"wp","href":"https:\/\/api.w.org\/{rel}","templated":true}]}}