{"id":8850,"date":"2014-05-21T15:45:52","date_gmt":"2014-05-21T13:45:52","guid":{"rendered":"http:\/\/www.maxima-dia.com\/?page_id=8850"},"modified":"2019-08-07T11:34:31","modified_gmt":"2019-08-07T09:34:31","slug":"trabaja-con-nosotros","status":"publish","type":"page","link":"https:\/\/www.maxima-dia.com\/es\/trabaja-con-nosotros\/","title":{"rendered":"Trabaja con nosotros"},"content":{"rendered":"<h3>Trabaja con nosotros<\/h3>\n<p>Buscamos personas preparadas y creativas, deseosas de integrar sus competencias con nuestra empresa y nuestra historia.<\/p>\n<p>Introduce tus datos y carga tu curr\u00edculum vitae en formato Word o Acrobat Pdf.<br \/>\n\u00a1Importante! Recu\u00e9rdate que hay que autorizar el consentimiento para el tratamiento de tus datos personales.<\/p>\n\n<div class=\"wpcf7 no-js\" id=\"wpcf7-f10072-o1\" lang=\"it-IT\" dir=\"ltr\" data-wpcf7-id=\"10072\">\n<div class=\"screen-reader-response\"><p role=\"status\" aria-live=\"polite\" aria-atomic=\"true\"><\/p> <ul><\/ul><\/div>\n<form action=\"\/es\/wp-json\/wp\/v2\/pages\/8850#wpcf7-f10072-o1\" method=\"post\" class=\"wpcf7-form init\" aria-label=\"Modulo di contatto\" enctype=\"multipart\/form-data\" novalidate=\"novalidate\" data-status=\"init\">\n<div style=\"display: none;\">\n<input type=\"hidden\" name=\"_wpcf7\" value=\"10072\" \/>\n<input type=\"hidden\" name=\"_wpcf7_version\" value=\"6.0.6\" \/>\n<input type=\"hidden\" name=\"_wpcf7_locale\" value=\"it_IT\" \/>\n<input type=\"hidden\" name=\"_wpcf7_unit_tag\" value=\"wpcf7-f10072-o1\" \/>\n<input type=\"hidden\" name=\"_wpcf7_container_post\" value=\"0\" \/>\n<input type=\"hidden\" name=\"_wpcf7_posted_data_hash\" value=\"\" \/>\n<input type=\"hidden\" name=\"_wpcf7_recaptcha_response\" value=\"\" \/>\n<\/div>\n<div class=\"main-contact-page\" style=\"margin: 10px 0 0 50px;\">\n\t<p style=\"font-weight: bold;\">Informaci\u00f3n general\n\t<\/p>\n\t<p>Nombres:\n\t<\/p>\n\t<p><span class=\"wpcf7-form-control-wrap\" data-name=\"nomecandidato\"><input size=\"40\" maxlength=\"400\" class=\"wpcf7-form-control wpcf7-text wpcf7-validates-as-required\" aria-required=\"true\" aria-invalid=\"false\" value=\"\" type=\"text\" name=\"nomecandidato\" \/><\/span>\n\t<\/p>\n\t<p>Apellidos:\n\t<\/p>\n\t<p><span class=\"wpcf7-form-control-wrap\" data-name=\"cognomecandidato\"><input size=\"40\" maxlength=\"400\" class=\"wpcf7-form-control wpcf7-text wpcf7-validates-as-required\" aria-required=\"true\" aria-invalid=\"false\" value=\"\" type=\"text\" name=\"cognomecandidato\" \/><\/span>\n\t<\/p>\n\t<p>Correo electr\u00f3nico:\n\t<\/p>\n\t<p><span class=\"wpcf7-form-control-wrap\" data-name=\"emailcandidato\"><input size=\"40\" maxlength=\"400\" class=\"wpcf7-form-control wpcf7-email wpcf7-validates-as-required wpcf7-text wpcf7-validates-as-email\" aria-required=\"true\" aria-invalid=\"false\" value=\"\" type=\"email\" name=\"emailcandidato\" \/><\/span>\n\t<\/p>\n\t<p>Fecha de nacimiento (ejemplo: 15\/06\/1973):\n\t<\/p>\n\t<p><span class=\"wpcf7-form-control-wrap\" data-name=\"datanascitacandidato\"><input size=\"20\" maxlength=\"10\" class=\"wpcf7-form-control wpcf7-text wpcf7-validates-as-required\" aria-required=\"true\" aria-invalid=\"false\" value=\"\" type=\"text\" name=\"datanascitacandidato\" \/><\/span>\n\t<\/p>\n\t<p>&nbsp;\n\t<\/p>\n\t<p style=\"font-weight: bold;\">Informaci\u00f3n de contacto\n\t<\/p>\n\t<p>Tel\u00e9fono fijo o M\u00f3vil:\n\t<\/p>\n\t<p><span class=\"wpcf7-form-control-wrap\" data-name=\"telcandidato\"><input size=\"40\" maxlength=\"400\" class=\"wpcf7-form-control wpcf7-text wpcf7-validates-as-required\" aria-required=\"true\" aria-invalid=\"false\" value=\"\" type=\"text\" name=\"telcandidato\" \/><\/span>\n\t<\/p>\n\t<p>Direcci\u00f3n:\n\t<\/p>\n\t<p><span class=\"wpcf7-form-control-wrap\" data-name=\"indirizzocandidato\"><input size=\"40\" maxlength=\"400\" class=\"wpcf7-form-control wpcf7-text wpcf7-validates-as-required\" aria-required=\"true\" aria-invalid=\"false\" value=\"\" type=\"text\" name=\"indirizzocandidato\" \/><\/span>\n\t<\/p>\n\t<p>Ciudad:\n\t<\/p>\n\t<p><span class=\"wpcf7-form-control-wrap\" data-name=\"cittacandidato\"><input size=\"40\" maxlength=\"400\" class=\"wpcf7-form-control wpcf7-text wpcf7-validates-as-required\" aria-required=\"true\" aria-invalid=\"false\" value=\"\" type=\"text\" name=\"cittacandidato\" \/><\/span>\n\t<\/p>\n\t<p>C\u00f3digo Postal:\n\t<\/p>\n\t<p><span class=\"wpcf7-form-control-wrap\" data-name=\"capcandidato\"><input size=\"10\" maxlength=\"5\" class=\"wpcf7-form-control wpcf7-text wpcf7-validates-as-required\" aria-required=\"true\" aria-invalid=\"false\" value=\"\" type=\"text\" name=\"capcandidato\" \/><\/span>\n\t<\/p>\n\t<p>Provincia:\n\t<\/p>\n\t<p><span class=\"wpcf7-form-control-wrap\" data-name=\"provinciacandidato\"><input size=\"40\" maxlength=\"400\" class=\"wpcf7-form-control wpcf7-text wpcf7-validates-as-required\" aria-required=\"true\" aria-invalid=\"false\" value=\"\" type=\"text\" name=\"provinciacandidato\" \/><\/span>\n\t<\/p>\n\t<p>&nbsp;\n\t<\/p>\n\t<p style=\"font-weight: bold;\">Informaci\u00f3n profesional\n\t<\/p>\n\t<p>\u00c1reas de competencia:\n\t<\/p>\n\t<p><span class=\"wpcf7-form-control-wrap\" data-name=\"areecompetenzacandidato\"><select class=\"wpcf7-form-control wpcf7-select\" aria-invalid=\"false\" multiple=\"multiple\" name=\"areecompetenzacandidato[]\"><option value=\"Ninguna en especial\">Ninguna en especial<\/option><option value=\"Adquisiciones, Log\u00edstica y Transportes\">Adquisiciones, Log\u00edstica y Transportes<\/option><option value=\"Administraci\u00f3n, Finanzas y Control\">Administraci\u00f3n, Finanzas y Control<\/option><option value=\"Comercial, \u00c1rea de Negocios\">Comercial, \u00c1rea de Negocios<\/option><option value=\"Informaci\u00f3n &amp; Tecnolog\u00eda de la comunicaci\u00f3n\">Informaci\u00f3n &amp; Tecnolog\u00eda de la comunicaci\u00f3n<\/option><option value=\"Marketing, Comunicaci\u00f3n\">Marketing, Comunicaci\u00f3n<\/option><option value=\"Producci\u00f3n\">Producci\u00f3n<\/option><option value=\"Responsable de proyecto, Gesti\u00f3n de programas\">Responsable de proyecto, Gesti\u00f3n de programas<\/option><option value=\"Calidad, Seguridad, Medioambiente\">Calidad, Seguridad, Medioambiente<\/option><option value=\"Investigaci\u00f3n y Desarrollo\">Investigaci\u00f3n y Desarrollo<\/option><option value=\"Secretar\u00eda\">Secretar\u00eda<\/option><option value=\"Servicios Generales\">Servicios Generales<\/option><option value=\"M\u00e1s\">M\u00e1s<\/option><\/select><\/span>\n\t<\/p>\n\t<p>Tipo de contrato que se desea:\n\t<\/p>\n\t<p><span class=\"wpcf7-form-control-wrap\" data-name=\"tipocontrattocandidato\"><select class=\"wpcf7-form-control wpcf7-select wpcf7-validates-as-required\" aria-required=\"true\" aria-invalid=\"false\" name=\"tipocontrattocandidato\"><option value=\"Tiempo indeterminado\">Tiempo indeterminado<\/option><option value=\"Tiempo determinado\">Tiempo determinado<\/option><option value=\"Pasant\u00eda\">Pasant\u00eda<\/option><\/select><\/span>\n\t<\/p>\n\t<p>Carga tu curr\u00edculum vitae:\n\t<\/p>\n\t<p><span class=\"wpcf7-form-control-wrap\" data-name=\"cvcandidato\"><input size=\"40\" class=\"wpcf7-form-control wpcf7-file wpcf7-validates-as-required\" accept=\".docx,.doc,.pdf\" aria-required=\"true\" aria-invalid=\"false\" type=\"file\" name=\"cvcandidato\" \/><\/span>\n\t<\/p>\n\t<p>AUTORIZACI\u00d3N PARA EL TRATAMIENTO DE LOS DATOS:<br \/>\nIn riferimento all'<a href=\"https:\/\/www.maxima-dia.com\/it\/privacy-policy\/\" target=\"_blank\">informativa<\/a> sui dati personali e privacy del Regolamento (UE) 2016\/679, l'interessato dichiara espressamente di prestare il proprio consenso e quindi autorizza il trattamento e l'utilizzo, da parte di Maxima S.p.A., dei propri dati personali.\n\t<\/p>\n\t<p>Accetto: <span class=\"wpcf7-form-control-wrap\" data-name=\"accettazioneprivacy\"><span class=\"wpcf7-form-control wpcf7-acceptance\"><span class=\"wpcf7-list-item\"><input type=\"checkbox\" name=\"accettazioneprivacy\" value=\"1\" aria-invalid=\"false\" \/><\/span><\/span><\/span>\n\t<\/p>\n\t<p>\n\t\n\t<\/p>\n\t<p>&nbsp;\n\t<\/p>\n\t<p><input class=\"wpcf7-form-control wpcf7-submit has-spinner\" type=\"submit\" value=\"Env\u00eda tu candidatura\" \/>\n\t<\/p>\n<\/div><div class=\"wpcf7-response-output\" aria-hidden=\"true\"><\/div>\n<\/form>\n<\/div>\n\n","protected":false},"excerpt":{"rendered":"<p>Trabaja con nosotros Buscamos personas preparadas y creativas, deseosas de integrar sus competencias con nuestra empresa y nuestra historia. Introduce tus datos y carga tu curr\u00edculum vitae en formato Word o Acrobat Pdf. \u00a1Importante! Recu\u00e9rdate que hay que autorizar el consentimiento para el tratamiento de tus datos personales.<\/p>\n","protected":false},"author":29,"featured_media":0,"parent":0,"menu_order":258,"comment_status":"closed","ping_status":"closed","template":"","meta":{"ngg_post_thumbnail":0,"_joinchat":[],"footnotes":""},"class_list":["post-8850","page","type-page","status-publish","hentry"],"yoast_head":"<!-- This site is optimized with the Yoast SEO plugin v25.5 - https:\/\/yoast.com\/wordpress\/plugins\/seo\/ -->\n<title>Trabaja con nosotros - Maxima SpA<\/title>\n<meta name=\"robots\" content=\"index, follow, max-snippet:-1, max-image-preview:large, max-video-preview:-1\" \/>\n<link rel=\"canonical\" href=\"https:\/\/www.maxima-dia.com\/es\/trabaja-con-nosotros\/\" \/>\n<meta property=\"og:locale\" content=\"es_ES\" \/>\n<meta property=\"og:type\" content=\"article\" \/>\n<meta property=\"og:title\" content=\"Trabaja con nosotros - Maxima SpA\" \/>\n<meta property=\"og:description\" content=\"Trabaja con nosotros Buscamos personas preparadas y creativas, deseosas de integrar sus competencias con nuestra empresa y nuestra historia. Introduce tus datos y carga tu curr\u00edculum vitae en formato Word o Acrobat Pdf. \u00a1Importante! Recu\u00e9rdate que hay que autorizar el consentimiento para el tratamiento de tus datos personales.\" \/>\n<meta property=\"og:url\" content=\"https:\/\/www.maxima-dia.com\/es\/trabaja-con-nosotros\/\" \/>\n<meta property=\"og:site_name\" content=\"Maxima SpA\" \/>\n<meta property=\"article:publisher\" content=\"https:\/\/www.facebook.com\/Maxima-spa-106098566139597\" \/>\n<meta property=\"article:modified_time\" content=\"2019-08-07T09:34:31+00:00\" \/>\n<meta property=\"og:image\" content=\"https:\/\/www.maxima-dia.com\/wp-content\/uploads\/2022\/03\/MaximaSpA-logo-quadrato.jpg\" \/>\n\t<meta property=\"og:image:width\" content=\"500\" \/>\n\t<meta property=\"og:image:height\" content=\"500\" \/>\n\t<meta property=\"og:image:type\" content=\"image\/jpeg\" \/>\n<meta name=\"twitter:card\" content=\"summary_large_image\" \/>\n<meta name=\"twitter:site\" content=\"@Maximadia\" \/>\n<script type=\"application\/ld+json\" class=\"yoast-schema-graph\">{\"@context\":\"https:\/\/schema.org\",\"@graph\":[{\"@type\":\"WebPage\",\"@id\":\"https:\/\/www.maxima-dia.com\/es\/trabaja-con-nosotros\/\",\"url\":\"https:\/\/www.maxima-dia.com\/es\/trabaja-con-nosotros\/\",\"name\":\"Trabaja con nosotros - Maxima SpA\",\"isPartOf\":{\"@id\":\"https:\/\/www.maxima-dia.com\/es\/#website\"},\"datePublished\":\"2014-05-21T13:45:52+00:00\",\"dateModified\":\"2019-08-07T09:34:31+00:00\",\"breadcrumb\":{\"@id\":\"https:\/\/www.maxima-dia.com\/es\/trabaja-con-nosotros\/#breadcrumb\"},\"inLanguage\":\"es\",\"potentialAction\":[{\"@type\":\"ReadAction\",\"target\":[\"https:\/\/www.maxima-dia.com\/es\/trabaja-con-nosotros\/\"]}]},{\"@type\":\"BreadcrumbList\",\"@id\":\"https:\/\/www.maxima-dia.com\/es\/trabaja-con-nosotros\/#breadcrumb\",\"itemListElement\":[{\"@type\":\"ListItem\",\"position\":1,\"name\":\"Home\",\"item\":\"https:\/\/www.maxima-dia.com\/es\/\"},{\"@type\":\"ListItem\",\"position\":2,\"name\":\"Trabaja con nosotros\"}]},{\"@type\":\"WebSite\",\"@id\":\"https:\/\/www.maxima-dia.com\/es\/#website\",\"url\":\"https:\/\/www.maxima-dia.com\/es\/\",\"name\":\"Maxima SpA\",\"description\":\"Only for the real professionals\",\"potentialAction\":[{\"@type\":\"SearchAction\",\"target\":{\"@type\":\"EntryPoint\",\"urlTemplate\":\"https:\/\/www.maxima-dia.com\/es\/?s={search_term_string}\"},\"query-input\":{\"@type\":\"PropertyValueSpecification\",\"valueRequired\":true,\"valueName\":\"search_term_string\"}}],\"inLanguage\":\"es\"}]}<\/script>\n<!-- \/ Yoast SEO plugin. -->","yoast_head_json":{"title":"Trabaja con nosotros - Maxima SpA","robots":{"index":"index","follow":"follow","max-snippet":"max-snippet:-1","max-image-preview":"max-image-preview:large","max-video-preview":"max-video-preview:-1"},"canonical":"https:\/\/www.maxima-dia.com\/es\/trabaja-con-nosotros\/","og_locale":"es_ES","og_type":"article","og_title":"Trabaja con nosotros - Maxima SpA","og_description":"Trabaja con nosotros Buscamos personas preparadas y creativas, deseosas de integrar sus competencias con nuestra empresa y nuestra historia. Introduce tus datos y carga tu curr\u00edculum vitae en formato Word o Acrobat Pdf. \u00a1Importante! Recu\u00e9rdate que hay que autorizar el consentimiento para el tratamiento de tus datos personales.","og_url":"https:\/\/www.maxima-dia.com\/es\/trabaja-con-nosotros\/","og_site_name":"Maxima SpA","article_publisher":"https:\/\/www.facebook.com\/Maxima-spa-106098566139597","article_modified_time":"2019-08-07T09:34:31+00:00","og_image":[{"width":500,"height":500,"url":"https:\/\/www.maxima-dia.com\/wp-content\/uploads\/2022\/03\/MaximaSpA-logo-quadrato.jpg","type":"image\/jpeg"}],"twitter_card":"summary_large_image","twitter_site":"@Maximadia","schema":{"@context":"https:\/\/schema.org","@graph":[{"@type":"WebPage","@id":"https:\/\/www.maxima-dia.com\/es\/trabaja-con-nosotros\/","url":"https:\/\/www.maxima-dia.com\/es\/trabaja-con-nosotros\/","name":"Trabaja con nosotros - Maxima SpA","isPartOf":{"@id":"https:\/\/www.maxima-dia.com\/es\/#website"},"datePublished":"2014-05-21T13:45:52+00:00","dateModified":"2019-08-07T09:34:31+00:00","breadcrumb":{"@id":"https:\/\/www.maxima-dia.com\/es\/trabaja-con-nosotros\/#breadcrumb"},"inLanguage":"es","potentialAction":[{"@type":"ReadAction","target":["https:\/\/www.maxima-dia.com\/es\/trabaja-con-nosotros\/"]}]},{"@type":"BreadcrumbList","@id":"https:\/\/www.maxima-dia.com\/es\/trabaja-con-nosotros\/#breadcrumb","itemListElement":[{"@type":"ListItem","position":1,"name":"Home","item":"https:\/\/www.maxima-dia.com\/es\/"},{"@type":"ListItem","position":2,"name":"Trabaja con nosotros"}]},{"@type":"WebSite","@id":"https:\/\/www.maxima-dia.com\/es\/#website","url":"https:\/\/www.maxima-dia.com\/es\/","name":"Maxima SpA","description":"Only for the real professionals","potentialAction":[{"@type":"SearchAction","target":{"@type":"EntryPoint","urlTemplate":"https:\/\/www.maxima-dia.com\/es\/?s={search_term_string}"},"query-input":{"@type":"PropertyValueSpecification","valueRequired":true,"valueName":"search_term_string"}}],"inLanguage":"es"}]}},"_links":{"self":[{"href":"https:\/\/www.maxima-dia.com\/es\/wp-json\/wp\/v2\/pages\/8850"}],"collection":[{"href":"https:\/\/www.maxima-dia.com\/es\/wp-json\/wp\/v2\/pages"}],"about":[{"href":"https:\/\/www.maxima-dia.com\/es\/wp-json\/wp\/v2\/types\/page"}],"author":[{"embeddable":true,"href":"https:\/\/www.maxima-dia.com\/es\/wp-json\/wp\/v2\/users\/29"}],"replies":[{"embeddable":true,"href":"https:\/\/www.maxima-dia.com\/es\/wp-json\/wp\/v2\/comments?post=8850"}],"version-history":[{"count":0,"href":"https:\/\/www.maxima-dia.com\/es\/wp-json\/wp\/v2\/pages\/8850\/revisions"}],"wp:attachment":[{"href":"https:\/\/www.maxima-dia.com\/es\/wp-json\/wp\/v2\/media?parent=8850"}],"curies":[{"name":"wp","href":"https:\/\/api.w.org\/{rel}","templated":true}]}}