{"id":8892,"date":"2014-05-21T17:42:20","date_gmt":"2014-05-21T15:42:20","guid":{"rendered":"http:\/\/www.maxima-dia.com\/?page_id=8892"},"modified":"2025-11-12T16:12:22","modified_gmt":"2025-11-12T15:12:22","slug":"mision-y-garantias","status":"publish","type":"page","link":"https:\/\/www.maxima-dia.com\/es\/mision-y-garantias\/","title":{"rendered":"Misi\u00f3n y Garant\u00edas"},"content":{"rendered":"<h2>Misi\u00f3n y Garant\u00edas<\/h2>\n<p><img loading=\"lazy\" decoding=\"async\" class=\"alignnone wp-image-1813 size-full\" title=\"mission\" src=\"\/wp-content\/uploads\/2011\/09\/mission2.jpg\" alt=\"\" width=\"595\" height=\"341\" srcset=\"https:\/\/www.maxima-dia.com\/wp-content\/uploads\/2011\/09\/mission2.jpg 595w, https:\/\/www.maxima-dia.com\/wp-content\/uploads\/2011\/09\/mission2-300x171.jpg 300w\" sizes=\"(max-width: 595px) 100vw, 595px\" \/><\/p>\n<h4>\u201cNuestra filosof\u00eda no es vender sino hacer vender\u201d<\/h4>\n<p style=\"text-align: justify;\">Para M\u00e1xima una venta no se concluye cuando el revendedor compra un producto, sino s\u00f3lo cuando es el cliente final quien lo adquiere y confirma su satisfacci\u00f3n. Este m\u00e9todo se traduce en la b\u00fasqueda de soluciones siempre nuevas para facilitar el trabajo de los revendedores, ofreci\u00e9ndoles no solamente productos mejores, sino tambi\u00e9n sistemas ganadores que facilitan la venta al cliente final.<\/p>\n<p style=\"text-align: justify;\">M\u00e1xima ofrece a los revendedores una serie de garant\u00edas exclusivas. De hecho, la seguridad representa desde siempre una prioridad de la empresa, sobre la cual la misma pone la m\u00e1xima atenci\u00f3n y realiza controles constantes y rigurosos.<\/p>\n<p>&nbsp;<\/p>\n<h3>SEGUROS<\/h3>\n<p>P\u00f3liza de Responsabilidad Civil sobre todos los Productos<\/p>\n<div>\n<p><img decoding=\"async\" src=\"\/wp-content\/uploads\/2017\/02\/garanzia.png\" alt=\"\"><\/p>\n<p>todos los Productos est\u00e1n cubiertos por una P\u00f3liza de Responsabilidad Civil para productos<\/p>\n<p>&nbsp;<\/p>\n<h3>CERTIFICACIONES<\/h3>\n<p>ISO 9001:2015 &#8211; OSA &#8211; EN 13236<\/p>\n<table style=\"margin: 10px !important; width: 100%;\">\n<tbody>\n<tr>\n<td style=\"text-align: center;\"><a href=\"\/wp-content\/uploads\/2025\/11\/MAXIMA_SPA_CERTIFICATO_TUV_2025.pdf\" target=\"_blank\" rel=\"noopener noreferrer\"><img loading=\"lazy\" decoding=\"async\" class=\"aligncenter\" src=\"\/wp-content\/uploads\/2017\/02\/ISO.png\" alt=\"\" width=\"60\" height=\"60\"><\/a><\/td>\n<td style=\"text-align: center;\"><img loading=\"lazy\" decoding=\"async\" style=\"margin-top: 10px; margin-bottom: 10px;\" src=\"\/wp-content\/uploads\/2017\/02\/OSA.png\" alt=\"\" width=\"60\" height=\"41\"><\/td>\n<td style=\"text-align: center;\"><img loading=\"lazy\" decoding=\"async\" class=\"aligncenter\" src=\"\/wp-content\/uploads\/2017\/02\/EUROPE.png\" alt=\"\" width=\"60\" height=\"41\"><\/td>\n<\/tr>\n<tr>\n<td style=\"text-align: center;\">sistema de calidad certificado<br \/>\nUNI EN ISO 9001:2015<br \/>\ncertificaci\u00f3n n\u00famero 50 100 4566<\/td>\n<td style=\"text-align: center;\">herramientas diamantadas<br \/>\nCertificaciones \u201cOSA\u201d<br \/>\nOrganization for the Safety of Abrasives<\/td>\n<td style=\"text-align: center;\">todas las m\u00e1quinas para<br \/>\nla construcci\u00f3n se han fabricado<br \/>\nen la Uni\u00f3n Europea y poseen la certificaci\u00f3n CE.<\/td>\n<\/tr>\n<\/tbody>\n<\/table>\n<p>&nbsp;<\/p>\n<h3>MARCACIONES L\u00c1SER<\/h3>\n<p>Imborrables en todos los productos<\/p>\n<p>&nbsp;<\/p>\n<h3>ENTREGA R\u00c1PIDA<\/h3>\n<p>En cualquier lugar por mensajer\u00eda expresa<\/p>\n<p>&nbsp;<\/p>\n<h3>S\u00d3LO REVENDEDORES<\/h3>\n<p>Servimos exclusivamente<br \/>\nRevendedores Capacitados<\/p>\n<p>&nbsp;<\/p>\n<h3>SERVICIO CLIENTES<\/h3>\n<p>Asistencia Garantizada de T\u00e9cnicos<br \/>\ny Agentes especializados<\/p>\n<p>&nbsp;<\/p>\n<p><img decoding=\"async\" src=\"\/wp-content\/uploads\/2017\/02\/confindustria.png\" alt=\"\"><br \/>\nAfiliada a Industriales Reggio Emilia<\/p>\n<\/div>\n<p>&nbsp;<\/p>\n","protected":false},"excerpt":{"rendered":"<p>Misi\u00f3n y Garant\u00edas \u201cNuestra filosof\u00eda no es vender sino hacer vender\u201d Para M\u00e1xima una venta no se concluye cuando el revendedor compra un producto, sino s\u00f3lo cuando es el cliente final quien lo adquiere y confirma su satisfacci\u00f3n. Este m\u00e9todo se traduce en la b\u00fasqueda de soluciones siempre nuevas para facilitar el trabajo de los revendedores, ofreci\u00e9ndoles no solamente productos mejores, sino tambi\u00e9n sistemas ganadores que facilitan la venta al cliente final. M\u00e1xima ofrece a los revendedores una serie de garant\u00edas exclusivas. De hecho, la seguridad representa desde siempre una prioridad de la empresa, sobre la cual la misma pone la m\u00e1xima atenci\u00f3n y realiza controles constantes y rigurosos. &nbsp; SEGUROS P\u00f3liza de Responsabilidad Civil sobre todos los Productos todos los Productos est\u00e1n cubiertos por una P\u00f3liza de Responsabilidad Civil para productos &nbsp; CERTIFICACIONES ISO 9001:2015 &#8211; OSA &#8211; EN 13236 sistema de calidad certificado UNI EN ISO 9001:2015 certificaci\u00f3n n\u00famero 50 100 4566 herramientas diamantadas Certificaciones \u201cOSA\u201d Organization for the Safety of Abrasives todas las m\u00e1quinas para la construcci\u00f3n se han fabricado en la Uni\u00f3n Europea y poseen la certificaci\u00f3n CE. &nbsp; MARCACIONES L\u00c1SER Imborrables en todos los productos &nbsp; ENTREGA R\u00c1PIDA En cualquier lugar por mensajer\u00eda expresa &nbsp; [&hellip;]<\/p>\n","protected":false},"author":29,"featured_media":0,"parent":0,"menu_order":332,"comment_status":"closed","ping_status":"closed","template":"","meta":{"ngg_post_thumbnail":0,"_joinchat":[],"footnotes":""},"class_list":["post-8892","page","type-page","status-publish","hentry"],"yoast_head":"<!-- This site is optimized with the Yoast SEO plugin v25.5 - https:\/\/yoast.com\/wordpress\/plugins\/seo\/ -->\n<title>Misi\u00f3n y Garant\u00edas - Maxima SpA<\/title>\n<meta name=\"robots\" content=\"index, follow, max-snippet:-1, max-image-preview:large, max-video-preview:-1\" \/>\n<link rel=\"canonical\" href=\"https:\/\/www.maxima-dia.com\/es\/mision-y-garantias\/\" \/>\n<meta property=\"og:locale\" content=\"es_ES\" \/>\n<meta property=\"og:type\" content=\"article\" \/>\n<meta property=\"og:title\" content=\"Misi\u00f3n y Garant\u00edas - Maxima SpA\" \/>\n<meta property=\"og:description\" content=\"Misi\u00f3n y Garant\u00edas \u201cNuestra filosof\u00eda no es vender sino hacer vender\u201d Para M\u00e1xima una venta no se concluye cuando el revendedor compra un producto, sino s\u00f3lo cuando es el cliente final quien lo adquiere y confirma su satisfacci\u00f3n. Este m\u00e9todo se traduce en la b\u00fasqueda de soluciones siempre nuevas para facilitar el trabajo de los revendedores, ofreci\u00e9ndoles no solamente productos mejores, sino tambi\u00e9n sistemas ganadores que facilitan la venta al cliente final. M\u00e1xima ofrece a los revendedores una serie de garant\u00edas exclusivas. De hecho, la seguridad representa desde siempre una prioridad de la empresa, sobre la cual la misma pone la m\u00e1xima atenci\u00f3n y realiza controles constantes y rigurosos. &nbsp; SEGUROS P\u00f3liza de Responsabilidad Civil sobre todos los Productos todos los Productos est\u00e1n cubiertos por una P\u00f3liza de Responsabilidad Civil para productos &nbsp; CERTIFICACIONES ISO 9001:2015 &#8211; OSA &#8211; EN 13236 sistema de calidad certificado UNI EN ISO 9001:2015 certificaci\u00f3n n\u00famero 50 100 4566 herramientas diamantadas Certificaciones \u201cOSA\u201d Organization for the Safety of Abrasives todas las m\u00e1quinas para la construcci\u00f3n se han fabricado en la Uni\u00f3n Europea y poseen la certificaci\u00f3n CE. &nbsp; MARCACIONES L\u00c1SER Imborrables en todos los productos &nbsp; ENTREGA R\u00c1PIDA En cualquier lugar por mensajer\u00eda expresa &nbsp; [&hellip;]\" \/>\n<meta property=\"og:url\" content=\"https:\/\/www.maxima-dia.com\/es\/mision-y-garantias\/\" \/>\n<meta property=\"og:site_name\" content=\"Maxima SpA\" \/>\n<meta property=\"article:publisher\" content=\"https:\/\/www.facebook.com\/Maxima-spa-106098566139597\" \/>\n<meta property=\"article:modified_time\" content=\"2025-11-12T15:12:22+00:00\" \/>\n<meta property=\"og:image\" content=\"https:\/\/www.maxima-dia.com\/wp-content\/uploads\/2022\/03\/MaximaSpA-logo-quadrato.jpg\" \/>\n\t<meta property=\"og:image:width\" content=\"500\" \/>\n\t<meta property=\"og:image:height\" content=\"500\" \/>\n\t<meta property=\"og:image:type\" content=\"image\/jpeg\" \/>\n<meta name=\"twitter:card\" content=\"summary_large_image\" \/>\n<meta name=\"twitter:site\" content=\"@Maximadia\" \/>\n<meta name=\"twitter:label1\" content=\"Tiempo de lectura\" \/>\n\t<meta name=\"twitter:data1\" content=\"1 minuto\" \/>\n<script type=\"application\/ld+json\" class=\"yoast-schema-graph\">{\"@context\":\"https:\/\/schema.org\",\"@graph\":[{\"@type\":\"WebPage\",\"@id\":\"https:\/\/www.maxima-dia.com\/es\/mision-y-garantias\/\",\"url\":\"https:\/\/www.maxima-dia.com\/es\/mision-y-garantias\/\",\"name\":\"Misi\u00f3n y Garant\u00edas - Maxima SpA\",\"isPartOf\":{\"@id\":\"https:\/\/www.maxima-dia.com\/es\/#website\"},\"datePublished\":\"2014-05-21T15:42:20+00:00\",\"dateModified\":\"2025-11-12T15:12:22+00:00\",\"breadcrumb\":{\"@id\":\"https:\/\/www.maxima-dia.com\/es\/mision-y-garantias\/#breadcrumb\"},\"inLanguage\":\"es\",\"potentialAction\":[{\"@type\":\"ReadAction\",\"target\":[\"https:\/\/www.maxima-dia.com\/es\/mision-y-garantias\/\"]}]},{\"@type\":\"BreadcrumbList\",\"@id\":\"https:\/\/www.maxima-dia.com\/es\/mision-y-garantias\/#breadcrumb\",\"itemListElement\":[{\"@type\":\"ListItem\",\"position\":1,\"name\":\"Home\",\"item\":\"https:\/\/www.maxima-dia.com\/es\/\"},{\"@type\":\"ListItem\",\"position\":2,\"name\":\"Misi\u00f3n y Garant\u00edas\"}]},{\"@type\":\"WebSite\",\"@id\":\"https:\/\/www.maxima-dia.com\/es\/#website\",\"url\":\"https:\/\/www.maxima-dia.com\/es\/\",\"name\":\"Maxima SpA\",\"description\":\"Only for the real professionals\",\"potentialAction\":[{\"@type\":\"SearchAction\",\"target\":{\"@type\":\"EntryPoint\",\"urlTemplate\":\"https:\/\/www.maxima-dia.com\/es\/?s={search_term_string}\"},\"query-input\":{\"@type\":\"PropertyValueSpecification\",\"valueRequired\":true,\"valueName\":\"search_term_string\"}}],\"inLanguage\":\"es\"}]}<\/script>\n<!-- \/ Yoast SEO plugin. -->","yoast_head_json":{"title":"Misi\u00f3n y Garant\u00edas - Maxima SpA","robots":{"index":"index","follow":"follow","max-snippet":"max-snippet:-1","max-image-preview":"max-image-preview:large","max-video-preview":"max-video-preview:-1"},"canonical":"https:\/\/www.maxima-dia.com\/es\/mision-y-garantias\/","og_locale":"es_ES","og_type":"article","og_title":"Misi\u00f3n y Garant\u00edas - Maxima SpA","og_description":"Misi\u00f3n y Garant\u00edas \u201cNuestra filosof\u00eda no es vender sino hacer vender\u201d Para M\u00e1xima una venta no se concluye cuando el revendedor compra un producto, sino s\u00f3lo cuando es el cliente final quien lo adquiere y confirma su satisfacci\u00f3n. Este m\u00e9todo se traduce en la b\u00fasqueda de soluciones siempre nuevas para facilitar el trabajo de los revendedores, ofreci\u00e9ndoles no solamente productos mejores, sino tambi\u00e9n sistemas ganadores que facilitan la venta al cliente final. M\u00e1xima ofrece a los revendedores una serie de garant\u00edas exclusivas. De hecho, la seguridad representa desde siempre una prioridad de la empresa, sobre la cual la misma pone la m\u00e1xima atenci\u00f3n y realiza controles constantes y rigurosos. &nbsp; SEGUROS P\u00f3liza de Responsabilidad Civil sobre todos los Productos todos los Productos est\u00e1n cubiertos por una P\u00f3liza de Responsabilidad Civil para productos &nbsp; CERTIFICACIONES ISO 9001:2015 &#8211; OSA &#8211; EN 13236 sistema de calidad certificado UNI EN ISO 9001:2015 certificaci\u00f3n n\u00famero 50 100 4566 herramientas diamantadas Certificaciones \u201cOSA\u201d Organization for the Safety of Abrasives todas las m\u00e1quinas para la construcci\u00f3n se han fabricado en la Uni\u00f3n Europea y poseen la certificaci\u00f3n CE. &nbsp; MARCACIONES L\u00c1SER Imborrables en todos los productos &nbsp; ENTREGA R\u00c1PIDA En cualquier lugar por mensajer\u00eda expresa &nbsp; [&hellip;]","og_url":"https:\/\/www.maxima-dia.com\/es\/mision-y-garantias\/","og_site_name":"Maxima SpA","article_publisher":"https:\/\/www.facebook.com\/Maxima-spa-106098566139597","article_modified_time":"2025-11-12T15:12:22+00:00","og_image":[{"width":500,"height":500,"url":"https:\/\/www.maxima-dia.com\/wp-content\/uploads\/2022\/03\/MaximaSpA-logo-quadrato.jpg","type":"image\/jpeg"}],"twitter_card":"summary_large_image","twitter_site":"@Maximadia","twitter_misc":{"Tiempo de lectura":"1 minuto"},"schema":{"@context":"https:\/\/schema.org","@graph":[{"@type":"WebPage","@id":"https:\/\/www.maxima-dia.com\/es\/mision-y-garantias\/","url":"https:\/\/www.maxima-dia.com\/es\/mision-y-garantias\/","name":"Misi\u00f3n y Garant\u00edas - Maxima SpA","isPartOf":{"@id":"https:\/\/www.maxima-dia.com\/es\/#website"},"datePublished":"2014-05-21T15:42:20+00:00","dateModified":"2025-11-12T15:12:22+00:00","breadcrumb":{"@id":"https:\/\/www.maxima-dia.com\/es\/mision-y-garantias\/#breadcrumb"},"inLanguage":"es","potentialAction":[{"@type":"ReadAction","target":["https:\/\/www.maxima-dia.com\/es\/mision-y-garantias\/"]}]},{"@type":"BreadcrumbList","@id":"https:\/\/www.maxima-dia.com\/es\/mision-y-garantias\/#breadcrumb","itemListElement":[{"@type":"ListItem","position":1,"name":"Home","item":"https:\/\/www.maxima-dia.com\/es\/"},{"@type":"ListItem","position":2,"name":"Misi\u00f3n y Garant\u00edas"}]},{"@type":"WebSite","@id":"https:\/\/www.maxima-dia.com\/es\/#website","url":"https:\/\/www.maxima-dia.com\/es\/","name":"Maxima SpA","description":"Only for the real professionals","potentialAction":[{"@type":"SearchAction","target":{"@type":"EntryPoint","urlTemplate":"https:\/\/www.maxima-dia.com\/es\/?s={search_term_string}"},"query-input":{"@type":"PropertyValueSpecification","valueRequired":true,"valueName":"search_term_string"}}],"inLanguage":"es"}]}},"_links":{"self":[{"href":"https:\/\/www.maxima-dia.com\/es\/wp-json\/wp\/v2\/pages\/8892"}],"collection":[{"href":"https:\/\/www.maxima-dia.com\/es\/wp-json\/wp\/v2\/pages"}],"about":[{"href":"https:\/\/www.maxima-dia.com\/es\/wp-json\/wp\/v2\/types\/page"}],"author":[{"embeddable":true,"href":"https:\/\/www.maxima-dia.com\/es\/wp-json\/wp\/v2\/users\/29"}],"replies":[{"embeddable":true,"href":"https:\/\/www.maxima-dia.com\/es\/wp-json\/wp\/v2\/comments?post=8892"}],"version-history":[{"count":2,"href":"https:\/\/www.maxima-dia.com\/es\/wp-json\/wp\/v2\/pages\/8892\/revisions"}],"predecessor-version":[{"id":47009,"href":"https:\/\/www.maxima-dia.com\/es\/wp-json\/wp\/v2\/pages\/8892\/revisions\/47009"}],"wp:attachment":[{"href":"https:\/\/www.maxima-dia.com\/es\/wp-json\/wp\/v2\/media?parent=8892"}],"curies":[{"name":"wp","href":"https:\/\/api.w.org\/{rel}","templated":true}]}}