{"id":8897,"date":"2014-05-21T17:49:08","date_gmt":"2014-05-21T15:49:08","guid":{"rendered":"http:\/\/www.maxima-dia.com\/?page_id=8897"},"modified":"2019-08-07T11:34:37","modified_gmt":"2019-08-07T09:34:37","slug":"marketing-y-asistencia-a-las-ventas","status":"publish","type":"page","link":"https:\/\/www.maxima-dia.com\/es\/marketing-y-asistencia-a-las-ventas\/","title":{"rendered":"Marketing y Asistencia a las Ventas"},"content":{"rendered":"<p>Maxima cree en el valor del marketing y de la comunicaci\u00f3n. Ha sido la primera empresa del sector en realizar grandes inversiones en esta direcci\u00f3n, con iniciativas que han recibido la aprobaci\u00f3n de los clientes, haci\u00e9ndole dar el salto de calidad y permiti\u00e9ndole, en pocos a\u00f1os, convertirse en el punto de referencia del sector.<\/p>\n<p style=\"text-align: justify;\">Maxima asiste a los revendedores, ofreciendo una gran gama de instrumentos para presentar los productos, para proponerlos de forma correcta y efectiva, para informar y formar a los clientes, a los revendedores o a los usuarios finales.<\/p>\n<table style=\"width: 100%;\" border=\"0\" cellspacing=\"2\" cellpadding=\"5\">\n<tbody>\n<tr>\n<td style=\"vertical-align: middle;\"><a href=\"\/wp-content\/uploads\/2013\/10\/marketing-packaging.jpg\"><img loading=\"lazy\" decoding=\"async\" class=\"alignnone\" src=\"\/wp-content\/uploads\/2013\/10\/marketing-packaging-300x178.jpg\" alt=\"marketing-packaging\" width=\"300\" height=\"178\"><\/a><\/td>\n<td style=\"vertical-align: middle;\" valign=\"top\">\n<h3>Embalaje<\/h3>\n<p>Altamente identificativo, coordinado y estudiado en todos los m\u00ednimos detalles, el embalaje M\u00e1xima cumple los requisitos de sencillez y comprensibilidad, que son los pilares de la filosof\u00eda de la empresa.<\/td>\n<\/tr>\n<tr>\n<td style=\"vertical-align: middle;\"><a href=\"\/wp-content\/uploads\/2013\/10\/marketing-merchandising.jpg\"><img loading=\"lazy\" decoding=\"async\" class=\"alignnone\" src=\"\/wp-content\/uploads\/2013\/10\/marketing-merchandising-300x178.jpg\" alt=\"marketing-merchandising\" width=\"300\" height=\"178\"><\/a><\/td>\n<td style=\"vertical-align: middle;\" valign=\"top\">\n<h3>Merchandising<\/h3>\n<p>Maxima ha realizado con el pasar de los a\u00f1os una amplia gama de gadgets: camisetas, gorras, bol\u00edgrafos, calendarios, etc., todo eso con el objetivo de promover la marca ante los clientes finales.<\/td>\n<\/tr>\n<tr>\n<td style=\"vertical-align: middle;\"><a href=\"\/wp-content\/uploads\/2013\/10\/marketing-pacchetti.jpg\"><img loading=\"lazy\" decoding=\"async\" class=\"alignnone\" src=\"\/wp-content\/uploads\/2013\/10\/marketing-pacchetti-300x178.jpg\" alt=\"marketing-pacchetti\" width=\"300\" height=\"178\"><\/a><\/td>\n<td style=\"vertical-align: middle;\" valign=\"top\">\n<h3>Paquetes con incentivo<\/h3>\n<p>Entre las iniciativas comerciales m\u00e1s innovadoras y de mayor \u00e9xito se destaca el cat\u00e1logo de los incentivos. Con la adquisici\u00f3n de varios productos, los paquetes permiten recibir premios e incentivos.<\/td>\n<\/tr>\n<tr>\n<td style=\"vertical-align: middle;\"><a href=\"\/wp-content\/uploads\/2013\/10\/marketing-personalizzazioni.jpg\"><img loading=\"lazy\" decoding=\"async\" class=\"alignnone\" src=\"\/wp-content\/uploads\/2013\/10\/marketing-personalizzazioni-300x178.jpg\" alt=\"marketing-personalizzazioni\" width=\"300\" height=\"178\"><\/a><\/td>\n<td style=\"vertical-align: middle;\" valign=\"top\">\n<h3>Personalizaciones<\/h3>\n<p>Maxima personaliza con el logotipo del cliente tanto los productos mismos como unos art\u00edculos promocionales.<\/td>\n<\/tr>\n<tr>\n<td style=\"vertical-align: middle;\"><a href=\"\/wp-content\/uploads\/2013\/10\/marketing-espositori.jpg\"><img loading=\"lazy\" decoding=\"async\" class=\"alignnone\" src=\"\/wp-content\/uploads\/2013\/10\/marketing-espositori-300x178.jpg\" alt=\"marketing-espositori\" width=\"300\" height=\"178\"><\/a><\/td>\n<td style=\"vertical-align: middle;\" valign=\"top\">\n<h3>Expositores<\/h3>\n<p>Los expositores se han cuidado en todos los detalles y se han coordinado entre ellos. Est\u00e1n disponibles en distintos formatos, para responder a todas las demandas de espacio.<\/td>\n<\/tr>\n<tr>\n<td style=\"vertical-align: middle;\"><a href=\"\/wp-content\/uploads\/2013\/10\/marketing-corner.jpg\"><img loading=\"lazy\" decoding=\"async\" class=\"size-medium wp-image-6277 alignnone\" src=\"\/wp-content\/uploads\/2013\/10\/marketing-corner-300x178.jpg\" alt=\"marketing-corner\" width=\"300\" height=\"178\" srcset=\"https:\/\/www.maxima-dia.com\/wp-content\/uploads\/2013\/10\/marketing-corner-300x178.jpg 300w, https:\/\/www.maxima-dia.com\/wp-content\/uploads\/2013\/10\/marketing-corner.jpg 840w\" sizes=\"(max-width: 300px) 100vw, 300px\" \/><\/a><\/td>\n<td style=\"vertical-align: middle;\" valign=\"top\">\n<h3>Rinc\u00f3n<\/h3>\n<p>Maxima ofrece una soluci\u00f3n de decoraci\u00f3n completa: el rinc\u00f3n especializado. Adaptable a todos los metrajes, prev\u00e9 dibujo t\u00e9cnico, presupuesto, realizaci\u00f3n y entrega llaves en mano.<\/td>\n<\/tr>\n<tr>\n<td style=\"vertical-align: middle;\"><a href=\"\/wp-content\/uploads\/2013\/10\/marketing-multimedia.jpg\"><img loading=\"lazy\" decoding=\"async\" class=\"alignnone\" src=\"\/wp-content\/uploads\/2013\/10\/marketing-multimedia-300x178.jpg\" alt=\"marketing-multimedia\" width=\"300\" height=\"178\"><\/a><\/td>\n<td style=\"vertical-align: middle;\" valign=\"top\">\n<h3>Multimedia<\/h3>\n<p>Intuitivo y f\u00e1cil de utilizar, la p\u00e1gina web permite encontrar inmediatamente los productos. Adem\u00e1s est\u00e1n disponibles v\u00eddeos did\u00e1cticos e informativos que muestran las prestaciones de los productos.<\/td>\n<\/tr>\n<tr>\n<td style=\"vertical-align: middle;\"><a href=\"\/wp-content\/uploads\/2013\/10\/marketing-cataloghi.jpg\"><img loading=\"lazy\" decoding=\"async\" class=\"alignnone\" src=\"\/wp-content\/uploads\/2013\/10\/marketing-cataloghi-300x178.jpg\" alt=\"marketing-cataloghi\" width=\"300\" height=\"178\"><\/a><\/td>\n<td style=\"vertical-align: middle;\" valign=\"top\">\n<h3>Cat\u00e1logos y Publicidad en el punto venta<\/h3>\n<p>Maxima entrega a los clientes varios tipos de instrumentos publicitarios e informativos.<\/td>\n<\/tr>\n<\/tbody>\n<\/table>\n","protected":false},"excerpt":{"rendered":"<p>Maxima cree en el valor del marketing y de la comunicaci\u00f3n. Ha sido la primera empresa del sector en realizar grandes inversiones en esta direcci\u00f3n, con iniciativas que han recibido la aprobaci\u00f3n de los clientes, haci\u00e9ndole dar el salto de calidad y permiti\u00e9ndole, en pocos a\u00f1os, convertirse en el punto de referencia del sector. Maxima asiste a los revendedores, ofreciendo una gran gama de instrumentos para presentar los productos, para proponerlos de forma correcta y efectiva, para informar y formar a los clientes, a los revendedores o a los usuarios finales. Embalaje Altamente identificativo, coordinado y estudiado en todos los m\u00ednimos detalles, el embalaje M\u00e1xima cumple los requisitos de sencillez y comprensibilidad, que son los pilares de la filosof\u00eda de la empresa. Merchandising Maxima ha realizado con el pasar de los a\u00f1os una amplia gama de gadgets: camisetas, gorras, bol\u00edgrafos, calendarios, etc., todo eso con el objetivo de promover la marca ante los clientes finales. Paquetes con incentivo Entre las iniciativas comerciales m\u00e1s innovadoras y de mayor \u00e9xito se destaca el cat\u00e1logo de los incentivos. Con la adquisici\u00f3n de varios productos, los paquetes permiten recibir premios e incentivos. Personalizaciones Maxima personaliza con el logotipo del cliente tanto los productos mismos [&hellip;]<\/p>\n","protected":false},"author":29,"featured_media":0,"parent":0,"menu_order":301,"comment_status":"closed","ping_status":"closed","template":"","meta":{"ngg_post_thumbnail":0,"_joinchat":[],"footnotes":""},"class_list":["post-8897","page","type-page","status-publish","hentry"],"yoast_head":"<!-- This site is optimized with the Yoast SEO plugin v25.5 - https:\/\/yoast.com\/wordpress\/plugins\/seo\/ -->\n<title>Marketing y Asistencia a las Ventas - Maxima SpA<\/title>\n<meta name=\"description\" content=\"Marketing y Asistencia a las ventas. Maxima cree en el valor del marketing y de la comunicaci\u00f3n.\" \/>\n<meta name=\"robots\" content=\"index, follow, max-snippet:-1, max-image-preview:large, max-video-preview:-1\" \/>\n<link rel=\"canonical\" href=\"https:\/\/www.maxima-dia.com\/es\/marketing-y-asistencia-a-las-ventas\/\" \/>\n<meta property=\"og:locale\" content=\"es_ES\" \/>\n<meta property=\"og:type\" content=\"article\" \/>\n<meta property=\"og:title\" content=\"Marketing y Asistencia a las Ventas - Maxima SpA\" \/>\n<meta property=\"og:description\" content=\"Marketing y Asistencia a las ventas. Maxima cree en el valor del marketing y de la comunicaci\u00f3n.\" \/>\n<meta property=\"og:url\" content=\"https:\/\/www.maxima-dia.com\/es\/marketing-y-asistencia-a-las-ventas\/\" \/>\n<meta property=\"og:site_name\" content=\"Maxima SpA\" \/>\n<meta property=\"article:publisher\" content=\"https:\/\/www.facebook.com\/Maxima-spa-106098566139597\" \/>\n<meta property=\"article:modified_time\" content=\"2019-08-07T09:34:37+00:00\" \/>\n<meta property=\"og:image\" content=\"https:\/\/www.maxima-dia.com\/wp-content\/uploads\/2013\/10\/marketing-packaging-300x178.jpg\" \/>\n<meta name=\"twitter:card\" content=\"summary_large_image\" \/>\n<meta name=\"twitter:site\" content=\"@Maximadia\" \/>\n<meta name=\"twitter:label1\" content=\"Tiempo de lectura\" \/>\n\t<meta name=\"twitter:data1\" content=\"2 minutos\" \/>\n<script type=\"application\/ld+json\" class=\"yoast-schema-graph\">{\"@context\":\"https:\/\/schema.org\",\"@graph\":[{\"@type\":\"WebPage\",\"@id\":\"https:\/\/www.maxima-dia.com\/es\/marketing-y-asistencia-a-las-ventas\/\",\"url\":\"https:\/\/www.maxima-dia.com\/es\/marketing-y-asistencia-a-las-ventas\/\",\"name\":\"Marketing y Asistencia a las Ventas - Maxima SpA\",\"isPartOf\":{\"@id\":\"https:\/\/www.maxima-dia.com\/es\/#website\"},\"datePublished\":\"2014-05-21T15:49:08+00:00\",\"dateModified\":\"2019-08-07T09:34:37+00:00\",\"description\":\"Marketing y Asistencia a las ventas. Maxima cree en el valor del marketing y de la comunicaci\u00f3n.\",\"breadcrumb\":{\"@id\":\"https:\/\/www.maxima-dia.com\/es\/marketing-y-asistencia-a-las-ventas\/#breadcrumb\"},\"inLanguage\":\"es\",\"potentialAction\":[{\"@type\":\"ReadAction\",\"target\":[\"https:\/\/www.maxima-dia.com\/es\/marketing-y-asistencia-a-las-ventas\/\"]}]},{\"@type\":\"BreadcrumbList\",\"@id\":\"https:\/\/www.maxima-dia.com\/es\/marketing-y-asistencia-a-las-ventas\/#breadcrumb\",\"itemListElement\":[{\"@type\":\"ListItem\",\"position\":1,\"name\":\"Home\",\"item\":\"https:\/\/www.maxima-dia.com\/es\/\"},{\"@type\":\"ListItem\",\"position\":2,\"name\":\"Marketing y Asistencia a las Ventas\"}]},{\"@type\":\"WebSite\",\"@id\":\"https:\/\/www.maxima-dia.com\/es\/#website\",\"url\":\"https:\/\/www.maxima-dia.com\/es\/\",\"name\":\"Maxima SpA\",\"description\":\"Only for the real professionals\",\"potentialAction\":[{\"@type\":\"SearchAction\",\"target\":{\"@type\":\"EntryPoint\",\"urlTemplate\":\"https:\/\/www.maxima-dia.com\/es\/?s={search_term_string}\"},\"query-input\":{\"@type\":\"PropertyValueSpecification\",\"valueRequired\":true,\"valueName\":\"search_term_string\"}}],\"inLanguage\":\"es\"}]}<\/script>\n<!-- \/ Yoast SEO plugin. -->","yoast_head_json":{"title":"Marketing y Asistencia a las Ventas - Maxima SpA","description":"Marketing y Asistencia a las ventas. Maxima cree en el valor del marketing y de la comunicaci\u00f3n.","robots":{"index":"index","follow":"follow","max-snippet":"max-snippet:-1","max-image-preview":"max-image-preview:large","max-video-preview":"max-video-preview:-1"},"canonical":"https:\/\/www.maxima-dia.com\/es\/marketing-y-asistencia-a-las-ventas\/","og_locale":"es_ES","og_type":"article","og_title":"Marketing y Asistencia a las Ventas - Maxima SpA","og_description":"Marketing y Asistencia a las ventas. Maxima cree en el valor del marketing y de la comunicaci\u00f3n.","og_url":"https:\/\/www.maxima-dia.com\/es\/marketing-y-asistencia-a-las-ventas\/","og_site_name":"Maxima SpA","article_publisher":"https:\/\/www.facebook.com\/Maxima-spa-106098566139597","article_modified_time":"2019-08-07T09:34:37+00:00","og_image":[{"url":"https:\/\/www.maxima-dia.com\/wp-content\/uploads\/2013\/10\/marketing-packaging-300x178.jpg","type":"","width":"","height":""}],"twitter_card":"summary_large_image","twitter_site":"@Maximadia","twitter_misc":{"Tiempo de lectura":"2 minutos"},"schema":{"@context":"https:\/\/schema.org","@graph":[{"@type":"WebPage","@id":"https:\/\/www.maxima-dia.com\/es\/marketing-y-asistencia-a-las-ventas\/","url":"https:\/\/www.maxima-dia.com\/es\/marketing-y-asistencia-a-las-ventas\/","name":"Marketing y Asistencia a las Ventas - Maxima SpA","isPartOf":{"@id":"https:\/\/www.maxima-dia.com\/es\/#website"},"datePublished":"2014-05-21T15:49:08+00:00","dateModified":"2019-08-07T09:34:37+00:00","description":"Marketing y Asistencia a las ventas. Maxima cree en el valor del marketing y de la comunicaci\u00f3n.","breadcrumb":{"@id":"https:\/\/www.maxima-dia.com\/es\/marketing-y-asistencia-a-las-ventas\/#breadcrumb"},"inLanguage":"es","potentialAction":[{"@type":"ReadAction","target":["https:\/\/www.maxima-dia.com\/es\/marketing-y-asistencia-a-las-ventas\/"]}]},{"@type":"BreadcrumbList","@id":"https:\/\/www.maxima-dia.com\/es\/marketing-y-asistencia-a-las-ventas\/#breadcrumb","itemListElement":[{"@type":"ListItem","position":1,"name":"Home","item":"https:\/\/www.maxima-dia.com\/es\/"},{"@type":"ListItem","position":2,"name":"Marketing y Asistencia a las Ventas"}]},{"@type":"WebSite","@id":"https:\/\/www.maxima-dia.com\/es\/#website","url":"https:\/\/www.maxima-dia.com\/es\/","name":"Maxima SpA","description":"Only for the real professionals","potentialAction":[{"@type":"SearchAction","target":{"@type":"EntryPoint","urlTemplate":"https:\/\/www.maxima-dia.com\/es\/?s={search_term_string}"},"query-input":{"@type":"PropertyValueSpecification","valueRequired":true,"valueName":"search_term_string"}}],"inLanguage":"es"}]}},"_links":{"self":[{"href":"https:\/\/www.maxima-dia.com\/es\/wp-json\/wp\/v2\/pages\/8897"}],"collection":[{"href":"https:\/\/www.maxima-dia.com\/es\/wp-json\/wp\/v2\/pages"}],"about":[{"href":"https:\/\/www.maxima-dia.com\/es\/wp-json\/wp\/v2\/types\/page"}],"author":[{"embeddable":true,"href":"https:\/\/www.maxima-dia.com\/es\/wp-json\/wp\/v2\/users\/29"}],"replies":[{"embeddable":true,"href":"https:\/\/www.maxima-dia.com\/es\/wp-json\/wp\/v2\/comments?post=8897"}],"version-history":[{"count":0,"href":"https:\/\/www.maxima-dia.com\/es\/wp-json\/wp\/v2\/pages\/8897\/revisions"}],"wp:attachment":[{"href":"https:\/\/www.maxima-dia.com\/es\/wp-json\/wp\/v2\/media?parent=8897"}],"curies":[{"name":"wp","href":"https:\/\/api.w.org\/{rel}","templated":true}]}}