{"id":8902,"date":"2014-05-21T17:54:25","date_gmt":"2014-05-21T15:54:25","guid":{"rendered":"http:\/\/www.maxima-dia.com\/?page_id=8902"},"modified":"2022-01-27T09:55:30","modified_gmt":"2022-01-27T08:55:30","slug":"actividades-y-servicios","status":"publish","type":"page","link":"https:\/\/www.maxima-dia.com\/es\/actividades-y-servicios\/","title":{"rendered":"Actividades y Servicios"},"content":{"rendered":"<h2>Actividades y Servicios<\/h2>\n<p style=\"text-align: justify;\">Numerosas y variadas son las iniciativas que M\u00e1xima organiza para promover los productos, la marca y la imagen de la empresa. Durante el a\u00f1o, se alternan constantemente open house, demostraciones profesionales en las sedes de los clientes, cursos de formaci\u00f3n bajo techo y al aire libre, manteniendo la relaci\u00f3n con los clientes siempre fresca y actualizada.<\/p>\n<p style=\"text-align: justify;\">El cliente est\u00e1 en el centro de las elecciones comerciales de M\u00e1xima. De hecho los revendedores pueden utilizar una serie de servicios especializados reservados para ellos.<\/p>\n<table style=\"width: 100%;\" border=\"0\" cellspacing=\"2\" cellpadding=\"5\">\n<tbody>\n<tr>\n<td style=\"width: 350px; vertical-align: middle;\"><a href=\"\/wp-content\/uploads\/2013\/10\/attserv2022-openhouse.jpg\"><img loading=\"lazy\" decoding=\"async\" class=\"alignnone wp-image-20087 size-medium\" src=\"https:\/\/www.maxima-dia.com\/wp-content\/uploads\/2013\/10\/attserv2015-openhouse-300x212.jpg\" alt=\"attserv2015-openhouse\" width=\"300\" height=\"212\" srcset=\"https:\/\/www.maxima-dia.com\/wp-content\/uploads\/2013\/10\/attserv2015-openhouse-300x212.jpg 300w, https:\/\/www.maxima-dia.com\/wp-content\/uploads\/2013\/10\/attserv2015-openhouse-1020x725.jpg 1020w, https:\/\/www.maxima-dia.com\/wp-content\/uploads\/2013\/10\/attserv2015-openhouse.jpg 1024w\" sizes=\"(max-width: 300px) 100vw, 300px\" \/><\/a><\/td>\n<td style=\"vertical-align: middle;\" valign=\"top\">\n<h3>Open house<\/h3>\n<\/td>\n<\/tr>\n<tr>\n<td style=\"width: 350px; vertical-align: middle;\"><a href=\"https:\/\/www.maxima-dia.com\/wp-content\/uploads\/2013\/10\/attserv2015-24hours-300x212.jpg\"><img loading=\"lazy\" decoding=\"async\" class=\"alignnone size-medium wp-image-20082\" src=\"https:\/\/www.maxima-dia.com\/wp-content\/uploads\/2013\/10\/attserv2015-24hours-300x212.jpg\" alt=\"attserv2015-24hours\" width=\"300\" height=\"212\" srcset=\"https:\/\/www.maxima-dia.com\/wp-content\/uploads\/2013\/10\/attserv2015-24hours-300x212.jpg 300w, https:\/\/www.maxima-dia.com\/wp-content\/uploads\/2013\/10\/attserv2015-24hours-1020x725.jpg 1020w, https:\/\/www.maxima-dia.com\/wp-content\/uploads\/2013\/10\/attserv2015-24hours.jpg 1024w\" sizes=\"(max-width: 300px) 100vw, 300px\" \/><\/a><\/td>\n<td style=\"vertical-align: middle;\">\n<h3>24 horas de entrega<\/h3>\n<\/td>\n<\/tr>\n<tr>\n<td style=\"width: 350px; vertical-align: middle;\"><a href=\"https:\/\/www.maxima-dia.com\/wp-content\/uploads\/2013\/10\/attserv2015-customersupport-300x212.jpg\"><img loading=\"lazy\" decoding=\"async\" class=\"alignnone size-medium wp-image-20084\" src=\"https:\/\/www.maxima-dia.com\/wp-content\/uploads\/2013\/10\/attserv2015-customersupport-300x212.jpg\" alt=\"attserv2015-customersupport\" width=\"300\" height=\"212\" srcset=\"https:\/\/www.maxima-dia.com\/wp-content\/uploads\/2013\/10\/attserv2015-customersupport-300x212.jpg 300w, https:\/\/www.maxima-dia.com\/wp-content\/uploads\/2013\/10\/attserv2015-customersupport-1020x725.jpg 1020w, https:\/\/www.maxima-dia.com\/wp-content\/uploads\/2013\/10\/attserv2015-customersupport.jpg 1024w\" sizes=\"(max-width: 300px) 100vw, 300px\" \/><\/a><\/td>\n<td style=\"vertical-align: middle;\">\n<h3>Atenci\u00f3n al cliente<\/h3>\n<\/td>\n<\/tr>\n<tr>\n<td style=\"width: 350px; vertical-align: middle;\"><a href=\"\/wp-content\/uploads\/2013\/10\/attserv2022-fiere.jpg\"><img loading=\"lazy\" decoding=\"async\" class=\"alignnone wp-image-20086 size-medium\" src=\"https:\/\/www.maxima-dia.com\/wp-content\/uploads\/2013\/10\/attserv2015-fiere-300x212.jpg\" alt=\"attserv2015-fiere\" width=\"300\" height=\"212\" srcset=\"https:\/\/www.maxima-dia.com\/wp-content\/uploads\/2013\/10\/attserv2015-fiere-300x212.jpg 300w, https:\/\/www.maxima-dia.com\/wp-content\/uploads\/2013\/10\/attserv2015-fiere-1020x725.jpg 1020w, https:\/\/www.maxima-dia.com\/wp-content\/uploads\/2013\/10\/attserv2015-fiere.jpg 1024w\" sizes=\"(max-width: 300px) 100vw, 300px\" \/><\/a><\/td>\n<td style=\"vertical-align: middle;\">\n<h3>Ferias<\/h3>\n<\/td>\n<\/tr>\n<tr>\n<td style=\"width: 350px; vertical-align: middle;\"><a href=\"\/wp-content\/uploads\/2013\/10\/attserv2022-training.jpg\"><img loading=\"lazy\" decoding=\"async\" class=\"alignnone wp-image-20089 size-medium\" src=\"https:\/\/www.maxima-dia.com\/wp-content\/uploads\/2013\/10\/attserv2015-training-300x212.jpg\" alt=\"attserv2015-training\" width=\"300\" height=\"212\" srcset=\"https:\/\/www.maxima-dia.com\/wp-content\/uploads\/2013\/10\/attserv2015-training-300x212.jpg 300w, https:\/\/www.maxima-dia.com\/wp-content\/uploads\/2013\/10\/attserv2015-training-1020x725.jpg 1020w, https:\/\/www.maxima-dia.com\/wp-content\/uploads\/2013\/10\/attserv2015-training.jpg 1024w\" sizes=\"(max-width: 300px) 100vw, 300px\" \/><\/a><\/td>\n<td style=\"vertical-align: middle;\">\n<h3>Formaci\u00f3n<\/h3>\n<\/td>\n<\/tr>\n<tr>\n<td style=\"width: 350px; vertical-align: middle;\"><a href=\"\/wp-content\/uploads\/2013\/10\/attserv2022-advice.jpg\"><img loading=\"lazy\" decoding=\"async\" class=\"alignnone wp-image-20083 size-medium\" src=\"https:\/\/www.maxima-dia.com\/wp-content\/uploads\/2013\/10\/attserv2015-advice-300x212.jpg\" alt=\"attserv2015-advice\" width=\"300\" height=\"212\" srcset=\"https:\/\/www.maxima-dia.com\/wp-content\/uploads\/2013\/10\/attserv2015-advice-300x212.jpg 300w, https:\/\/www.maxima-dia.com\/wp-content\/uploads\/2013\/10\/attserv2015-advice.jpg 1024w\" sizes=\"(max-width: 300px) 100vw, 300px\" \/><\/a><\/td>\n<td style=\"vertical-align: middle;\">\n<h3>Asesoramiento<\/h3>\n<\/td>\n<\/tr>\n<tr>\n<td style=\"width: 350px; vertical-align: middle;\"><a href=\"https:\/\/www.maxima-dia.com\/wp-content\/uploads\/2013\/10\/attserv2015-techsupport-300x212.jpg\"><img loading=\"lazy\" decoding=\"async\" class=\"alignnone size-medium wp-image-20088\" src=\"https:\/\/www.maxima-dia.com\/wp-content\/uploads\/2013\/10\/attserv2015-techsupport-300x212.jpg\" alt=\"attserv2015-techsupport\" width=\"300\" height=\"212\" srcset=\"https:\/\/www.maxima-dia.com\/wp-content\/uploads\/2013\/10\/attserv2015-techsupport-300x212.jpg 300w, https:\/\/www.maxima-dia.com\/wp-content\/uploads\/2013\/10\/attserv2015-techsupport-1020x725.jpg 1020w, https:\/\/www.maxima-dia.com\/wp-content\/uploads\/2013\/10\/attserv2015-techsupport.jpg 1024w\" sizes=\"(max-width: 300px) 100vw, 300px\" \/><\/a><\/td>\n<td style=\"vertical-align: middle;\">\n<h3>Soporte t\u00e9cnico<\/h3>\n<\/td>\n<\/tr>\n<tr>\n<td style=\"width: 350px; vertical-align: middle;\"><a href=\"https:\/\/www.maxima-dia.com\/wp-content\/uploads\/2013\/10\/attserv2015-customized-300x212.jpg\"><img loading=\"lazy\" decoding=\"async\" class=\"alignnone size-medium wp-image-20085\" src=\"https:\/\/www.maxima-dia.com\/wp-content\/uploads\/2013\/10\/attserv2015-customized-300x212.jpg\" alt=\"attserv2015-customized\" width=\"300\" height=\"212\" srcset=\"https:\/\/www.maxima-dia.com\/wp-content\/uploads\/2013\/10\/attserv2015-customized-300x212.jpg 300w, https:\/\/www.maxima-dia.com\/wp-content\/uploads\/2013\/10\/attserv2015-customized-1020x725.jpg 1020w, https:\/\/www.maxima-dia.com\/wp-content\/uploads\/2013\/10\/attserv2015-customized.jpg 1024w\" sizes=\"(max-width: 300px) 100vw, 300px\" \/><\/a><\/td>\n<td style=\"vertical-align: middle;\">\n<h3>Productos personalizados<\/h3>\n<\/td>\n<\/tr>\n<\/tbody>\n<\/table>\n<p>&nbsp;&nbsp;<\/p>\n","protected":false},"excerpt":{"rendered":"<p>Actividades y Servicios Numerosas y variadas son las iniciativas que M\u00e1xima organiza para promover los productos, la marca y la imagen de la empresa. Durante el a\u00f1o, se alternan constantemente open house, demostraciones profesionales en las sedes de los clientes, cursos de formaci\u00f3n bajo techo y al aire libre, manteniendo la relaci\u00f3n con los clientes siempre fresca y actualizada. El cliente est\u00e1 en el centro de las elecciones comerciales de M\u00e1xima. De hecho los revendedores pueden utilizar una serie de servicios especializados reservados para ellos. Open house 24 horas de entrega Atenci\u00f3n al cliente Ferias Formaci\u00f3n Asesoramiento Soporte t\u00e9cnico Productos personalizados &nbsp;&nbsp;<\/p>\n","protected":false},"author":29,"featured_media":0,"parent":0,"menu_order":266,"comment_status":"closed","ping_status":"closed","template":"","meta":{"ngg_post_thumbnail":0,"_joinchat":[],"footnotes":""},"class_list":["post-8902","page","type-page","status-publish","hentry"],"yoast_head":"<!-- This site is optimized with the Yoast SEO plugin v25.5 - https:\/\/yoast.com\/wordpress\/plugins\/seo\/ -->\n<title>Actividades y Servicios - Maxima SpA<\/title>\n<meta name=\"description\" content=\"Actividades y Servicios. Numerosas y variadas son las iniciativas que M\u00e1xima organiza para promover los productos, la marca y la imagen de la empresa.\" \/>\n<meta name=\"robots\" content=\"index, follow, max-snippet:-1, max-image-preview:large, max-video-preview:-1\" \/>\n<link rel=\"canonical\" href=\"https:\/\/www.maxima-dia.com\/es\/actividades-y-servicios\/\" \/>\n<meta property=\"og:locale\" content=\"es_ES\" \/>\n<meta property=\"og:type\" content=\"article\" \/>\n<meta property=\"og:title\" content=\"Actividades y Servicios - Maxima SpA\" \/>\n<meta property=\"og:description\" content=\"Actividades y Servicios. Numerosas y variadas son las iniciativas que M\u00e1xima organiza para promover los productos, la marca y la imagen de la empresa.\" \/>\n<meta property=\"og:url\" content=\"https:\/\/www.maxima-dia.com\/es\/actividades-y-servicios\/\" \/>\n<meta property=\"og:site_name\" content=\"Maxima SpA\" \/>\n<meta property=\"article:publisher\" content=\"https:\/\/www.facebook.com\/Maxima-spa-106098566139597\" \/>\n<meta property=\"article:modified_time\" content=\"2022-01-27T08:55:30+00:00\" \/>\n<meta property=\"og:image\" content=\"https:\/\/www.maxima-dia.com\/wp-content\/uploads\/2013\/10\/attserv2015-openhouse-300x212.jpg\" \/>\n<meta name=\"twitter:card\" content=\"summary_large_image\" \/>\n<meta name=\"twitter:site\" content=\"@Maximadia\" \/>\n<meta name=\"twitter:label1\" content=\"Tiempo de lectura\" \/>\n\t<meta name=\"twitter:data1\" content=\"1 minuto\" \/>\n<script type=\"application\/ld+json\" class=\"yoast-schema-graph\">{\"@context\":\"https:\/\/schema.org\",\"@graph\":[{\"@type\":\"WebPage\",\"@id\":\"https:\/\/www.maxima-dia.com\/es\/actividades-y-servicios\/\",\"url\":\"https:\/\/www.maxima-dia.com\/es\/actividades-y-servicios\/\",\"name\":\"Actividades y Servicios - Maxima SpA\",\"isPartOf\":{\"@id\":\"https:\/\/www.maxima-dia.com\/es\/#website\"},\"primaryImageOfPage\":{\"@id\":\"https:\/\/www.maxima-dia.com\/es\/actividades-y-servicios\/#primaryimage\"},\"image\":{\"@id\":\"https:\/\/www.maxima-dia.com\/es\/actividades-y-servicios\/#primaryimage\"},\"thumbnailUrl\":\"https:\/\/www.maxima-dia.com\/wp-content\/uploads\/2013\/10\/attserv2015-openhouse-300x212.jpg\",\"datePublished\":\"2014-05-21T15:54:25+00:00\",\"dateModified\":\"2022-01-27T08:55:30+00:00\",\"description\":\"Actividades y Servicios. Numerosas y variadas son las iniciativas que M\u00e1xima organiza para promover los productos, la marca y la imagen de la empresa.\",\"breadcrumb\":{\"@id\":\"https:\/\/www.maxima-dia.com\/es\/actividades-y-servicios\/#breadcrumb\"},\"inLanguage\":\"es\",\"potentialAction\":[{\"@type\":\"ReadAction\",\"target\":[\"https:\/\/www.maxima-dia.com\/es\/actividades-y-servicios\/\"]}]},{\"@type\":\"ImageObject\",\"inLanguage\":\"es\",\"@id\":\"https:\/\/www.maxima-dia.com\/es\/actividades-y-servicios\/#primaryimage\",\"url\":\"https:\/\/www.maxima-dia.com\/wp-content\/uploads\/2013\/10\/attserv2015-openhouse-300x212.jpg\",\"contentUrl\":\"https:\/\/www.maxima-dia.com\/wp-content\/uploads\/2013\/10\/attserv2015-openhouse-300x212.jpg\"},{\"@type\":\"BreadcrumbList\",\"@id\":\"https:\/\/www.maxima-dia.com\/es\/actividades-y-servicios\/#breadcrumb\",\"itemListElement\":[{\"@type\":\"ListItem\",\"position\":1,\"name\":\"Home\",\"item\":\"https:\/\/www.maxima-dia.com\/es\/\"},{\"@type\":\"ListItem\",\"position\":2,\"name\":\"Actividades y Servicios\"}]},{\"@type\":\"WebSite\",\"@id\":\"https:\/\/www.maxima-dia.com\/es\/#website\",\"url\":\"https:\/\/www.maxima-dia.com\/es\/\",\"name\":\"Maxima SpA\",\"description\":\"Only for the real professionals\",\"potentialAction\":[{\"@type\":\"SearchAction\",\"target\":{\"@type\":\"EntryPoint\",\"urlTemplate\":\"https:\/\/www.maxima-dia.com\/es\/?s={search_term_string}\"},\"query-input\":{\"@type\":\"PropertyValueSpecification\",\"valueRequired\":true,\"valueName\":\"search_term_string\"}}],\"inLanguage\":\"es\"}]}<\/script>\n<!-- \/ Yoast SEO plugin. -->","yoast_head_json":{"title":"Actividades y Servicios - Maxima SpA","description":"Actividades y Servicios. Numerosas y variadas son las iniciativas que M\u00e1xima organiza para promover los productos, la marca y la imagen de la empresa.","robots":{"index":"index","follow":"follow","max-snippet":"max-snippet:-1","max-image-preview":"max-image-preview:large","max-video-preview":"max-video-preview:-1"},"canonical":"https:\/\/www.maxima-dia.com\/es\/actividades-y-servicios\/","og_locale":"es_ES","og_type":"article","og_title":"Actividades y Servicios - Maxima SpA","og_description":"Actividades y Servicios. Numerosas y variadas son las iniciativas que M\u00e1xima organiza para promover los productos, la marca y la imagen de la empresa.","og_url":"https:\/\/www.maxima-dia.com\/es\/actividades-y-servicios\/","og_site_name":"Maxima SpA","article_publisher":"https:\/\/www.facebook.com\/Maxima-spa-106098566139597","article_modified_time":"2022-01-27T08:55:30+00:00","og_image":[{"url":"https:\/\/www.maxima-dia.com\/wp-content\/uploads\/2013\/10\/attserv2015-openhouse-300x212.jpg","type":"","width":"","height":""}],"twitter_card":"summary_large_image","twitter_site":"@Maximadia","twitter_misc":{"Tiempo de lectura":"1 minuto"},"schema":{"@context":"https:\/\/schema.org","@graph":[{"@type":"WebPage","@id":"https:\/\/www.maxima-dia.com\/es\/actividades-y-servicios\/","url":"https:\/\/www.maxima-dia.com\/es\/actividades-y-servicios\/","name":"Actividades y Servicios - Maxima SpA","isPartOf":{"@id":"https:\/\/www.maxima-dia.com\/es\/#website"},"primaryImageOfPage":{"@id":"https:\/\/www.maxima-dia.com\/es\/actividades-y-servicios\/#primaryimage"},"image":{"@id":"https:\/\/www.maxima-dia.com\/es\/actividades-y-servicios\/#primaryimage"},"thumbnailUrl":"https:\/\/www.maxima-dia.com\/wp-content\/uploads\/2013\/10\/attserv2015-openhouse-300x212.jpg","datePublished":"2014-05-21T15:54:25+00:00","dateModified":"2022-01-27T08:55:30+00:00","description":"Actividades y Servicios. Numerosas y variadas son las iniciativas que M\u00e1xima organiza para promover los productos, la marca y la imagen de la empresa.","breadcrumb":{"@id":"https:\/\/www.maxima-dia.com\/es\/actividades-y-servicios\/#breadcrumb"},"inLanguage":"es","potentialAction":[{"@type":"ReadAction","target":["https:\/\/www.maxima-dia.com\/es\/actividades-y-servicios\/"]}]},{"@type":"ImageObject","inLanguage":"es","@id":"https:\/\/www.maxima-dia.com\/es\/actividades-y-servicios\/#primaryimage","url":"https:\/\/www.maxima-dia.com\/wp-content\/uploads\/2013\/10\/attserv2015-openhouse-300x212.jpg","contentUrl":"https:\/\/www.maxima-dia.com\/wp-content\/uploads\/2013\/10\/attserv2015-openhouse-300x212.jpg"},{"@type":"BreadcrumbList","@id":"https:\/\/www.maxima-dia.com\/es\/actividades-y-servicios\/#breadcrumb","itemListElement":[{"@type":"ListItem","position":1,"name":"Home","item":"https:\/\/www.maxima-dia.com\/es\/"},{"@type":"ListItem","position":2,"name":"Actividades y Servicios"}]},{"@type":"WebSite","@id":"https:\/\/www.maxima-dia.com\/es\/#website","url":"https:\/\/www.maxima-dia.com\/es\/","name":"Maxima SpA","description":"Only for the real professionals","potentialAction":[{"@type":"SearchAction","target":{"@type":"EntryPoint","urlTemplate":"https:\/\/www.maxima-dia.com\/es\/?s={search_term_string}"},"query-input":{"@type":"PropertyValueSpecification","valueRequired":true,"valueName":"search_term_string"}}],"inLanguage":"es"}]}},"_links":{"self":[{"href":"https:\/\/www.maxima-dia.com\/es\/wp-json\/wp\/v2\/pages\/8902"}],"collection":[{"href":"https:\/\/www.maxima-dia.com\/es\/wp-json\/wp\/v2\/pages"}],"about":[{"href":"https:\/\/www.maxima-dia.com\/es\/wp-json\/wp\/v2\/types\/page"}],"author":[{"embeddable":true,"href":"https:\/\/www.maxima-dia.com\/es\/wp-json\/wp\/v2\/users\/29"}],"replies":[{"embeddable":true,"href":"https:\/\/www.maxima-dia.com\/es\/wp-json\/wp\/v2\/comments?post=8902"}],"version-history":[{"count":2,"href":"https:\/\/www.maxima-dia.com\/es\/wp-json\/wp\/v2\/pages\/8902\/revisions"}],"predecessor-version":[{"id":33819,"href":"https:\/\/www.maxima-dia.com\/es\/wp-json\/wp\/v2\/pages\/8902\/revisions\/33819"}],"wp:attachment":[{"href":"https:\/\/www.maxima-dia.com\/es\/wp-json\/wp\/v2\/media?parent=8902"}],"curies":[{"name":"wp","href":"https:\/\/api.w.org\/{rel}","templated":true}]}}