{"id":8960,"date":"2014-05-22T08:54:35","date_gmt":"2014-05-22T06:54:35","guid":{"rendered":"http:\/\/www.maxima-dia.com\/?page_id=8960"},"modified":"2023-05-15T09:48:56","modified_gmt":"2023-05-15T07:48:56","slug":"productos-perforacion","status":"publish","type":"page","link":"https:\/\/www.maxima-dia.com\/es\/productos-perforacion\/","title":{"rendered":"Productos &#8211; Perforaci\u00f3n"},"content":{"rendered":"<div class=\"wpb-content-wrapper\"><p>[vc_row bottom_padding=\u00bb50&#8243;][vc_column width=\u00bb1\/1&#8243;][vc_column_text]Para los profesionales m\u00e1s exigentes, Maxima ofrece la gama m\u00e1s amplia de productos para perforar con herramientas de diamante, que incluye brocas para seco a utilizar con perforadoras manuales, y brocas para h\u00famedo a utilizar con perforadoras sobre columna, de todas las longitudes y di\u00e1metros, hasta llegar a la perforaci\u00f3n continua de m\u00e1s de 2 metros. Ofrecemos una amplia selecci\u00f3n de m\u00e1quinas el\u00e9ctricas de perforaci\u00f3n, con potencias que llegan a 5200 W, para seco con aspiraci\u00f3n de polvos y para h\u00famedo con columnas profesionales.<br \/>\nTodas nuestras m\u00e1quinas est\u00e1n certificadas <strong>CE<\/strong> y se fabrican en la Uni\u00f3n Europea&nbsp;<img loading=\"lazy\" decoding=\"async\" class=\"alignnone wp-image-6471\" src=\"\/wp-content\/uploads\/2011\/09\/eu_flag.png\" alt=\"\" width=\"20\" height=\"16\">.[\/vc_column_text][\/vc_column][\/vc_row][vc_row bottom_padding=\u00bb50&#8243;][vc_column width=\u00bb1\/4&#8243;]<div class=\"single_image wpb_content_element align-left    \" data-animation=\"none\" data-delay=\"0\"><a href=\"\/es\/brocas-de-diamante-para-seco\/\" target=\"_self\"><img loading=\"lazy\" decoding=\"async\" width=\"600\" height=\"600\" src=\"https:\/\/www.maxima-dia.com\/wp-content\/uploads\/2017\/04\/foretti-secco-icon.jpg\" class=\"attachment-full\" alt=\"Maxima SpA foretti secco\" title=\"Maxima SpA foretti secco\" srcset=\"https:\/\/www.maxima-dia.com\/wp-content\/uploads\/2017\/04\/foretti-secco-icon.jpg 600w, https:\/\/www.maxima-dia.com\/wp-content\/uploads\/2017\/04\/foretti-secco-icon-150x150.jpg 150w, https:\/\/www.maxima-dia.com\/wp-content\/uploads\/2017\/04\/foretti-secco-icon-300x300.jpg 300w, https:\/\/www.maxima-dia.com\/wp-content\/uploads\/2017\/04\/foretti-secco-icon-80x80.jpg 80w, https:\/\/www.maxima-dia.com\/wp-content\/uploads\/2017\/04\/foretti-secco-icon-500x500.jpg 500w\" sizes=\"(max-width: 600px) 100vw, 600px\" \/><\/a><\/div>[\/vc_column][vc_column width=\u00bb3\/4&#8243;][vc_column_text]<\/p>\n<h2><a href=\"\/es\/brocas-de-diamante-para-seco\/\">Brocas de Diamante para Seco<\/a><\/h2>\n<p>En esta secci\u00f3n las brocas en seco de la gama M\u00e1xima para uso sobre m\u00e1quinas perforadoras manuales. Todas se han desarrollado para la perforaci\u00f3n en seco del cemento armado; est\u00e1n disponibles con empalme M16 y 1\u201d \u00bc. En la gama la Broca Oro Spiral es la broca en seco m\u00e1s vendida en Italia, y tambi\u00e9n la m\u00e1s imitada. Distribuida en exclusiva desde el a\u00f1o 2002, garantiza prestaciones sin comparaciones.[\/vc_column_text][\/vc_column][\/vc_row][vc_row bottom_padding=\u00bb50&#8243;][vc_column width=\u00bb1\/4&#8243;]<div class=\"single_image wpb_content_element align-left    \" data-animation=\"none\" data-delay=\"0\"><a href=\"\/es\/brocas-de-diamante-para-humedo\/\" target=\"_self\"><img loading=\"lazy\" decoding=\"async\" width=\"600\" height=\"600\" src=\"https:\/\/www.maxima-dia.com\/wp-content\/uploads\/2017\/04\/foretti-acqua-icon.jpg\" class=\"attachment-full\" alt=\"Maxima SpA foretti acqua\" title=\"Maxima SpA foretti acqua\" srcset=\"https:\/\/www.maxima-dia.com\/wp-content\/uploads\/2017\/04\/foretti-acqua-icon.jpg 600w, https:\/\/www.maxima-dia.com\/wp-content\/uploads\/2017\/04\/foretti-acqua-icon-150x150.jpg 150w, https:\/\/www.maxima-dia.com\/wp-content\/uploads\/2017\/04\/foretti-acqua-icon-300x300.jpg 300w, https:\/\/www.maxima-dia.com\/wp-content\/uploads\/2017\/04\/foretti-acqua-icon-80x80.jpg 80w, https:\/\/www.maxima-dia.com\/wp-content\/uploads\/2017\/04\/foretti-acqua-icon-500x500.jpg 500w\" sizes=\"(max-width: 600px) 100vw, 600px\" \/><\/a><\/div>[\/vc_column][vc_column width=\u00bb3\/4&#8243;][vc_column_text]<\/p>\n<h2><a href=\"\/es\/brocas-de-diamante-para-humedo\/\">Brocas de Diamante para H\u00famedo<\/a><\/h2>\n<p>La gama de las Brocas en H\u00famedo est\u00e1 disponible para varios usos, con empalmes \u00bd gas y 1\u201d \u00bc con soldaduras de l\u00e1ser y soldados con bronce, desde el di\u00e1metro 6 hasta 700 mm. Con la exclusi\u00f3n de la Broca Oro Gres, toda la gama se ha desarrollado para las maquinarias de columna.[\/vc_column_text][\/vc_column][\/vc_row][vc_row bottom_padding=\u00bb50&#8243;][vc_column width=\u00bb1\/4&#8243;]<div class=\"single_image wpb_content_element align-left    \" data-animation=\"none\" data-delay=\"0\"><a href=\"\/es\/maquinas-de-perforacion-para-la-construccion\/\" target=\"_self\"><img loading=\"lazy\" decoding=\"async\" width=\"600\" height=\"600\" src=\"https:\/\/www.maxima-dia.com\/wp-content\/uploads\/2017\/04\/macchine-edili-attrezzature-accessorie-icon.jpg\" class=\"attachment-full\" alt=\"Maxima SpA macchine edili attrezzature accessorie\" title=\"Maxima SpA macchine edili attrezzature accessorie\" srcset=\"https:\/\/www.maxima-dia.com\/wp-content\/uploads\/2017\/04\/macchine-edili-attrezzature-accessorie-icon.jpg 600w, https:\/\/www.maxima-dia.com\/wp-content\/uploads\/2017\/04\/macchine-edili-attrezzature-accessorie-icon-150x150.jpg 150w, https:\/\/www.maxima-dia.com\/wp-content\/uploads\/2017\/04\/macchine-edili-attrezzature-accessorie-icon-300x300.jpg 300w, https:\/\/www.maxima-dia.com\/wp-content\/uploads\/2017\/04\/macchine-edili-attrezzature-accessorie-icon-80x80.jpg 80w, https:\/\/www.maxima-dia.com\/wp-content\/uploads\/2017\/04\/macchine-edili-attrezzature-accessorie-icon-500x500.jpg 500w\" sizes=\"(max-width: 600px) 100vw, 600px\" \/><\/a><\/div>[\/vc_column][vc_column width=\u00bb3\/4&#8243;][vc_column_text]<\/p>\n<h2><a href=\"\/es\/maquinas-de-perforacion-para-la-construccion\/\">M\u00e1quinas de perforaci\u00f3n para la construcci\u00f3n<\/a><\/h2>\n<p>La gama de m\u00e1quinas para perforar Maxima es una de las m\u00e1s completas del mercado y puede utilizarse en \u00e1mbitos que van desde las instalaciones el\u00e9ctricas e hidr\u00e1ulicas hasta las construcciones, tanto civiles como industriales. Se destacan dos aut\u00e9nticos iconos de la perforaci\u00f3n manual, CAROMAX 800 y CAROMAX 1800: dos m\u00e1quinas que se han vuelto punto de referencia para el equipamiento de los profesionales. Todas las m\u00e1quinas propuestas son \u201cMade in EU\u201d, es decir que se fabrican dentro de la Uni\u00f3n Europea, y todas llevan certificaci\u00f3n <strong>CE<\/strong><\/p>\n<p>[\/vc_column_text][\/vc_column][\/vc_row][vc_row bottom_padding=\u00bb50&#8243;][vc_column width=\u00bb1\/4&#8243;]<div class=\"single_image wpb_content_element align-left    \" data-animation=\"none\" data-delay=\"0\"><a href=\"\/es\/equipos-accesorios-para-perforacion\/\" target=\"_self\"><img loading=\"lazy\" decoding=\"async\" width=\"600\" height=\"600\" src=\"https:\/\/www.maxima-dia.com\/wp-content\/uploads\/2017\/04\/macchine-edili-attrezzature-accessorie-icon.jpg\" class=\"attachment-full\" alt=\"Maxima SpA macchine edili attrezzature accessorie\" title=\"Maxima SpA macchine edili attrezzature accessorie\" srcset=\"https:\/\/www.maxima-dia.com\/wp-content\/uploads\/2017\/04\/macchine-edili-attrezzature-accessorie-icon.jpg 600w, https:\/\/www.maxima-dia.com\/wp-content\/uploads\/2017\/04\/macchine-edili-attrezzature-accessorie-icon-150x150.jpg 150w, https:\/\/www.maxima-dia.com\/wp-content\/uploads\/2017\/04\/macchine-edili-attrezzature-accessorie-icon-300x300.jpg 300w, https:\/\/www.maxima-dia.com\/wp-content\/uploads\/2017\/04\/macchine-edili-attrezzature-accessorie-icon-80x80.jpg 80w, https:\/\/www.maxima-dia.com\/wp-content\/uploads\/2017\/04\/macchine-edili-attrezzature-accessorie-icon-500x500.jpg 500w\" sizes=\"(max-width: 600px) 100vw, 600px\" \/><\/a><\/div>[\/vc_column][vc_column width=\u00bb3\/4&#8243;][vc_column_text]<\/p>\n<h2><a href=\"https:\/\/www.maxima-dia.com\/es\/equipos-accesorios-para-perforacion\/\">Equipos accesorios para perforaci\u00f3n<\/a><\/h2>\n<p>En esta secci\u00f3n se presentan los equipos accesorios para la perforaci\u00f3n.[\/vc_column_text][\/vc_column][\/vc_row][vc_row bottom_padding=\u00bb50&#8243;][vc_column width=\u00bb1\/4&#8243;]<div class=\"single_image wpb_content_element align-left    \" data-animation=\"none\" data-delay=\"0\"><a href=\"\/es\/accesorios-para-perforacion-en-seco\/\" target=\"_self\"><img loading=\"lazy\" decoding=\"async\" width=\"600\" height=\"600\" src=\"https:\/\/www.maxima-dia.com\/wp-content\/uploads\/2017\/04\/accessori-carotaggio-icon.jpg\" class=\"attachment-full\" alt=\"Maxima SpA accessori carotaggio\" title=\"Maxima SpA accessori carotaggio\" srcset=\"https:\/\/www.maxima-dia.com\/wp-content\/uploads\/2017\/04\/accessori-carotaggio-icon.jpg 600w, https:\/\/www.maxima-dia.com\/wp-content\/uploads\/2017\/04\/accessori-carotaggio-icon-150x150.jpg 150w, https:\/\/www.maxima-dia.com\/wp-content\/uploads\/2017\/04\/accessori-carotaggio-icon-300x300.jpg 300w, https:\/\/www.maxima-dia.com\/wp-content\/uploads\/2017\/04\/accessori-carotaggio-icon-80x80.jpg 80w, https:\/\/www.maxima-dia.com\/wp-content\/uploads\/2017\/04\/accessori-carotaggio-icon-500x500.jpg 500w\" sizes=\"(max-width: 600px) 100vw, 600px\" \/><\/a><\/div>[\/vc_column][vc_column width=\u00bb3\/4&#8243;][vc_column_text]<\/p>\n<h2><a href=\"\/es\/accesorios-para-perforacion-en-seco\/\">Accesorios para perforaci\u00f3n en seco<\/a><\/h2>\n<p>En esta secci\u00f3n se presentan los accesorios para perforaci\u00f3n como pueden ser puntas de centrado, adaptadores de varias clases, as\u00ed como extensiones y adaptadores para montar las herramientas de diamante Maxima sobre la mayor parte de las m\u00e1quinas en comercio.[\/vc_column_text][\/vc_column][\/vc_row][vc_row bottom_padding=\u00bb50&#8243;][vc_column width=\u00bb1\/4&#8243;]<div class=\"single_image wpb_content_element align-left    \" data-animation=\"none\" data-delay=\"0\"><a href=\"\/es\/accesorios-para-perforacion-agua\/\" target=\"_self\"><img loading=\"lazy\" decoding=\"async\" width=\"600\" height=\"600\" src=\"https:\/\/www.maxima-dia.com\/wp-content\/uploads\/2017\/04\/accessori-carotaggio-icon.jpg\" class=\"attachment-full\" alt=\"Maxima SpA accessori carotaggio\" title=\"Maxima SpA accessori carotaggio\" srcset=\"https:\/\/www.maxima-dia.com\/wp-content\/uploads\/2017\/04\/accessori-carotaggio-icon.jpg 600w, https:\/\/www.maxima-dia.com\/wp-content\/uploads\/2017\/04\/accessori-carotaggio-icon-150x150.jpg 150w, https:\/\/www.maxima-dia.com\/wp-content\/uploads\/2017\/04\/accessori-carotaggio-icon-300x300.jpg 300w, https:\/\/www.maxima-dia.com\/wp-content\/uploads\/2017\/04\/accessori-carotaggio-icon-80x80.jpg 80w, https:\/\/www.maxima-dia.com\/wp-content\/uploads\/2017\/04\/accessori-carotaggio-icon-500x500.jpg 500w\" sizes=\"(max-width: 600px) 100vw, 600px\" \/><\/a><\/div>[\/vc_column][vc_column width=\u00bb3\/4&#8243;][vc_column_text]<\/p>\n<h2><a href=\"https:\/\/www.maxima-dia.com\/es\/accesorios-para-perforacion-agua\/\">Accesorios para perforaci\u00f3n con agua<\/a><\/h2>\n<p>En esta secci\u00f3n se presentan los accesorios para perforaci\u00f3n como pueden ser los adaptadores de diferentes clases, as\u00ed como las extensiones y las pinzas.[\/vc_column_text][\/vc_column][\/vc_row]<\/p>\n<\/div>","protected":false},"excerpt":{"rendered":"<p>[vc_row bottom_padding=\u00bb50&#8243;][vc_column width=\u00bb1\/1&#8243;][vc_column_text]Para los profesionales m\u00e1s exigentes, Maxima ofrece la gama m\u00e1s amplia de productos para perforar con herramientas de diamante, que incluye brocas para seco a utilizar con perforadoras manuales, y brocas para h\u00famedo a utilizar con perforadoras sobre columna, de todas las longitudes y di\u00e1metros, hasta llegar a la perforaci\u00f3n continua de m\u00e1s de 2 metros. Ofrecemos una amplia selecci\u00f3n de m\u00e1quinas el\u00e9ctricas de perforaci\u00f3n, con potencias que llegan a 5200 W, para seco con aspiraci\u00f3n de polvos y para h\u00famedo con columnas profesionales. Todas nuestras m\u00e1quinas est\u00e1n certificadas CE y se fabrican en la Uni\u00f3n Europea&nbsp;.[\/vc_column_text][\/vc_column][\/vc_row][vc_row bottom_padding=\u00bb50&#8243;][vc_column width=\u00bb1\/4&#8243;][\/vc_column][vc_column width=\u00bb3\/4&#8243;][vc_column_text] Brocas de Diamante para Seco En esta secci\u00f3n las brocas en seco de la gama M\u00e1xima para uso sobre m\u00e1quinas perforadoras manuales. Todas se han desarrollado para la perforaci\u00f3n en seco del cemento armado; est\u00e1n disponibles con empalme M16 y 1\u201d \u00bc. En la gama la Broca Oro Spiral es la broca en seco m\u00e1s vendida en Italia, y tambi\u00e9n la m\u00e1s imitada. Distribuida en exclusiva desde el a\u00f1o 2002, garantiza prestaciones sin comparaciones.[\/vc_column_text][\/vc_column][\/vc_row][vc_row bottom_padding=\u00bb50&#8243;][vc_column width=\u00bb1\/4&#8243;][\/vc_column][vc_column width=\u00bb3\/4&#8243;][vc_column_text] Brocas de Diamante para H\u00famedo La gama de las Brocas en H\u00famedo est\u00e1 disponible para varios usos, con empalmes \u00bd gas [&hellip;]<\/p>\n","protected":false},"author":29,"featured_media":0,"parent":0,"menu_order":433,"comment_status":"closed","ping_status":"closed","template":"","meta":{"ngg_post_thumbnail":0,"_joinchat":[],"footnotes":""},"class_list":["post-8960","page","type-page","status-publish","hentry"],"yoast_head":"<!-- This site is optimized with the Yoast SEO plugin v25.5 - https:\/\/yoast.com\/wordpress\/plugins\/seo\/ -->\n<title>Productos - Perforaci\u00f3n - Maxima SpA<\/title>\n<meta name=\"description\" content=\"Brocas de diamante para seco, Brocas de diamante para h\u00famedo, M\u00e1quinas de perforaci\u00f3n para la construcci\u00f3n, Accesorios para perforaci\u00f3n a seco y h\u00famedo\" \/>\n<meta name=\"robots\" content=\"index, follow, max-snippet:-1, max-image-preview:large, max-video-preview:-1\" \/>\n<link rel=\"canonical\" href=\"https:\/\/www.maxima-dia.com\/es\/productos-perforacion\/\" \/>\n<meta property=\"og:locale\" content=\"es_ES\" \/>\n<meta property=\"og:type\" content=\"article\" \/>\n<meta property=\"og:title\" content=\"Productos - Perforaci\u00f3n - Maxima SpA\" \/>\n<meta property=\"og:description\" content=\"Brocas de diamante para seco, Brocas de diamante para h\u00famedo, M\u00e1quinas de perforaci\u00f3n para la construcci\u00f3n, Accesorios para perforaci\u00f3n a seco y h\u00famedo\" \/>\n<meta property=\"og:url\" content=\"https:\/\/www.maxima-dia.com\/es\/productos-perforacion\/\" \/>\n<meta property=\"og:site_name\" content=\"Maxima SpA\" \/>\n<meta property=\"article:publisher\" content=\"https:\/\/www.facebook.com\/Maxima-spa-106098566139597\" \/>\n<meta property=\"article:modified_time\" content=\"2023-05-15T07:48:56+00:00\" \/>\n<meta property=\"og:image\" content=\"https:\/\/www.maxima-dia.com\/wp-content\/uploads\/2022\/03\/MaximaSpA-logo-quadrato.jpg\" \/>\n\t<meta property=\"og:image:width\" content=\"500\" \/>\n\t<meta property=\"og:image:height\" content=\"500\" \/>\n\t<meta property=\"og:image:type\" content=\"image\/jpeg\" \/>\n<meta name=\"twitter:card\" content=\"summary_large_image\" \/>\n<meta name=\"twitter:site\" content=\"@Maximadia\" \/>\n<meta name=\"twitter:label1\" content=\"Tiempo de lectura\" \/>\n\t<meta name=\"twitter:data1\" content=\"3 minutos\" \/>\n<script type=\"application\/ld+json\" class=\"yoast-schema-graph\">{\"@context\":\"https:\/\/schema.org\",\"@graph\":[{\"@type\":\"WebPage\",\"@id\":\"https:\/\/www.maxima-dia.com\/es\/productos-perforacion\/\",\"url\":\"https:\/\/www.maxima-dia.com\/es\/productos-perforacion\/\",\"name\":\"Productos - Perforaci\u00f3n - Maxima SpA\",\"isPartOf\":{\"@id\":\"https:\/\/www.maxima-dia.com\/es\/#website\"},\"datePublished\":\"2014-05-22T06:54:35+00:00\",\"dateModified\":\"2023-05-15T07:48:56+00:00\",\"description\":\"Brocas de diamante para seco, Brocas de diamante para h\u00famedo, M\u00e1quinas de perforaci\u00f3n para la construcci\u00f3n, Accesorios para perforaci\u00f3n a seco y h\u00famedo\",\"breadcrumb\":{\"@id\":\"https:\/\/www.maxima-dia.com\/es\/productos-perforacion\/#breadcrumb\"},\"inLanguage\":\"es\",\"potentialAction\":[{\"@type\":\"ReadAction\",\"target\":[\"https:\/\/www.maxima-dia.com\/es\/productos-perforacion\/\"]}]},{\"@type\":\"BreadcrumbList\",\"@id\":\"https:\/\/www.maxima-dia.com\/es\/productos-perforacion\/#breadcrumb\",\"itemListElement\":[{\"@type\":\"ListItem\",\"position\":1,\"name\":\"Home\",\"item\":\"https:\/\/www.maxima-dia.com\/es\/\"},{\"@type\":\"ListItem\",\"position\":2,\"name\":\"Productos &#8211; Perforaci\u00f3n\"}]},{\"@type\":\"WebSite\",\"@id\":\"https:\/\/www.maxima-dia.com\/es\/#website\",\"url\":\"https:\/\/www.maxima-dia.com\/es\/\",\"name\":\"Maxima SpA\",\"description\":\"Only for the real professionals\",\"potentialAction\":[{\"@type\":\"SearchAction\",\"target\":{\"@type\":\"EntryPoint\",\"urlTemplate\":\"https:\/\/www.maxima-dia.com\/es\/?s={search_term_string}\"},\"query-input\":{\"@type\":\"PropertyValueSpecification\",\"valueRequired\":true,\"valueName\":\"search_term_string\"}}],\"inLanguage\":\"es\"}]}<\/script>\n<!-- \/ Yoast SEO plugin. -->","yoast_head_json":{"title":"Productos - Perforaci\u00f3n - Maxima SpA","description":"Brocas de diamante para seco, Brocas de diamante para h\u00famedo, M\u00e1quinas de perforaci\u00f3n para la construcci\u00f3n, Accesorios para perforaci\u00f3n a seco y h\u00famedo","robots":{"index":"index","follow":"follow","max-snippet":"max-snippet:-1","max-image-preview":"max-image-preview:large","max-video-preview":"max-video-preview:-1"},"canonical":"https:\/\/www.maxima-dia.com\/es\/productos-perforacion\/","og_locale":"es_ES","og_type":"article","og_title":"Productos - Perforaci\u00f3n - Maxima SpA","og_description":"Brocas de diamante para seco, Brocas de diamante para h\u00famedo, M\u00e1quinas de perforaci\u00f3n para la construcci\u00f3n, Accesorios para perforaci\u00f3n a seco y h\u00famedo","og_url":"https:\/\/www.maxima-dia.com\/es\/productos-perforacion\/","og_site_name":"Maxima SpA","article_publisher":"https:\/\/www.facebook.com\/Maxima-spa-106098566139597","article_modified_time":"2023-05-15T07:48:56+00:00","og_image":[{"width":500,"height":500,"url":"https:\/\/www.maxima-dia.com\/wp-content\/uploads\/2022\/03\/MaximaSpA-logo-quadrato.jpg","type":"image\/jpeg"}],"twitter_card":"summary_large_image","twitter_site":"@Maximadia","twitter_misc":{"Tiempo de lectura":"3 minutos"},"schema":{"@context":"https:\/\/schema.org","@graph":[{"@type":"WebPage","@id":"https:\/\/www.maxima-dia.com\/es\/productos-perforacion\/","url":"https:\/\/www.maxima-dia.com\/es\/productos-perforacion\/","name":"Productos - Perforaci\u00f3n - Maxima SpA","isPartOf":{"@id":"https:\/\/www.maxima-dia.com\/es\/#website"},"datePublished":"2014-05-22T06:54:35+00:00","dateModified":"2023-05-15T07:48:56+00:00","description":"Brocas de diamante para seco, Brocas de diamante para h\u00famedo, M\u00e1quinas de perforaci\u00f3n para la construcci\u00f3n, Accesorios para perforaci\u00f3n a seco y h\u00famedo","breadcrumb":{"@id":"https:\/\/www.maxima-dia.com\/es\/productos-perforacion\/#breadcrumb"},"inLanguage":"es","potentialAction":[{"@type":"ReadAction","target":["https:\/\/www.maxima-dia.com\/es\/productos-perforacion\/"]}]},{"@type":"BreadcrumbList","@id":"https:\/\/www.maxima-dia.com\/es\/productos-perforacion\/#breadcrumb","itemListElement":[{"@type":"ListItem","position":1,"name":"Home","item":"https:\/\/www.maxima-dia.com\/es\/"},{"@type":"ListItem","position":2,"name":"Productos &#8211; Perforaci\u00f3n"}]},{"@type":"WebSite","@id":"https:\/\/www.maxima-dia.com\/es\/#website","url":"https:\/\/www.maxima-dia.com\/es\/","name":"Maxima SpA","description":"Only for the real professionals","potentialAction":[{"@type":"SearchAction","target":{"@type":"EntryPoint","urlTemplate":"https:\/\/www.maxima-dia.com\/es\/?s={search_term_string}"},"query-input":{"@type":"PropertyValueSpecification","valueRequired":true,"valueName":"search_term_string"}}],"inLanguage":"es"}]}},"_links":{"self":[{"href":"https:\/\/www.maxima-dia.com\/es\/wp-json\/wp\/v2\/pages\/8960"}],"collection":[{"href":"https:\/\/www.maxima-dia.com\/es\/wp-json\/wp\/v2\/pages"}],"about":[{"href":"https:\/\/www.maxima-dia.com\/es\/wp-json\/wp\/v2\/types\/page"}],"author":[{"embeddable":true,"href":"https:\/\/www.maxima-dia.com\/es\/wp-json\/wp\/v2\/users\/29"}],"replies":[{"embeddable":true,"href":"https:\/\/www.maxima-dia.com\/es\/wp-json\/wp\/v2\/comments?post=8960"}],"version-history":[{"count":2,"href":"https:\/\/www.maxima-dia.com\/es\/wp-json\/wp\/v2\/pages\/8960\/revisions"}],"predecessor-version":[{"id":41014,"href":"https:\/\/www.maxima-dia.com\/es\/wp-json\/wp\/v2\/pages\/8960\/revisions\/41014"}],"wp:attachment":[{"href":"https:\/\/www.maxima-dia.com\/es\/wp-json\/wp\/v2\/media?parent=8960"}],"curies":[{"name":"wp","href":"https:\/\/api.w.org\/{rel}","templated":true}]}}