{"id":9002,"date":"2014-05-22T12:41:41","date_gmt":"2014-05-22T10:41:41","guid":{"rendered":"http:\/\/www.maxima-dia.com\/?page_id=9002"},"modified":"2019-08-07T11:35:01","modified_gmt":"2019-08-07T09:35:01","slug":"productos-corte","status":"publish","type":"page","link":"https:\/\/www.maxima-dia.com\/es\/productos-corte\/","title":{"rendered":"Productos &#8211; Corte"},"content":{"rendered":"<div class=\"wpb-content-wrapper\"><p>[vc_row bottom_padding=\u00bb50&#8243;][vc_column width=\u00bb1\/1&#8243;][vc_column_text]Para los profesionales m\u00e1s exigentes, Maxima ofrece la gama m\u00e1s amplia de productos para cortar con herramientas de diamante, que incluye: discos universales turbo con corona continua; discos universales l\u00e1ser de sectores utilizables con esmeriladoras, sierras y tronzadoras; discos para cer\u00e1mica utilizables con todo tipo de m\u00e1quina el\u00e9ctrica de obras; discos espec\u00edficos para cortar asfalto, cemento, materiales refractarios, p\u00f3rfido, m\u00e1rmol y granito; coronas de gran desbaste para uso universal y espec\u00edfico para materiales lap\u00eddeos. Completan nuestra amplia gama las m\u00e1quinas para el sector de la construcci\u00f3n: cortadoras de suelo, rozadoras, lijadoras, sierras, placas vibratorias.<br \/>\nTodas nuestras m\u00e1quinas est\u00e1n certificadas <strong>CE<\/strong> y se fabrican en la Uni\u00f3n Europea <img loading=\"lazy\" decoding=\"async\" class=\"alignnone wp-image-6471\" src=\"\/wp-content\/uploads\/2011\/09\/eu_flag.png\" alt=\"\" width=\"20\" height=\"16\">.[\/vc_column_text][\/vc_column][\/vc_row][vc_row bottom_padding=\u00bb50&#8243;][vc_column width=\u00bb1\/4&#8243;]<div class=\"single_image wpb_content_element align-left    \" data-animation=\"none\" data-delay=\"0\"><a href=\"\/es\/discos-de-diamante-universales-turbo\/\" target=\"_self\"><img loading=\"lazy\" decoding=\"async\" width=\"600\" height=\"600\" src=\"https:\/\/www.maxima-dia.com\/wp-content\/uploads\/2017\/04\/dischi-turbo-icon.jpg\" class=\"attachment-full\" alt=\"Maxima SpA dischi universali turbo\" title=\"Maxima SpA dischi universali turbo\" srcset=\"https:\/\/www.maxima-dia.com\/wp-content\/uploads\/2017\/04\/dischi-turbo-icon.jpg 600w, https:\/\/www.maxima-dia.com\/wp-content\/uploads\/2017\/04\/dischi-turbo-icon-150x150.jpg 150w, https:\/\/www.maxima-dia.com\/wp-content\/uploads\/2017\/04\/dischi-turbo-icon-300x300.jpg 300w, https:\/\/www.maxima-dia.com\/wp-content\/uploads\/2017\/04\/dischi-turbo-icon-80x80.jpg 80w, https:\/\/www.maxima-dia.com\/wp-content\/uploads\/2017\/04\/dischi-turbo-icon-500x500.jpg 500w\" sizes=\"(max-width: 600px) 100vw, 600px\" \/><\/a><\/div>[\/vc_column][vc_column width=\u00bb3\/4&#8243;][vc_column_text]<\/p>\n<h2><a href=\"\/es\/discos-de-diamante-universales-turbo\/\">Discos de Diamante Turbo Universales<\/a><\/h2>\n<p>En esta secci\u00f3n est\u00e1n presentes todos los discos universales de corona continua, tambi\u00e9n llamados TURBO, que se utilizan principalmente en esmeriladoras. Algunos productos tambi\u00e9n est\u00e1n disponibles con di\u00e1metros id\u00f3neos para el uso en sierras y cortadoras de gasolina.[\/vc_column_text][\/vc_column][\/vc_row][vc_row bottom_padding=\u00bb50&#8243;][vc_column width=\u00bb1\/4&#8243;]<div class=\"single_image wpb_content_element align-left    \" data-animation=\"none\" data-delay=\"0\"><a href=\"\/es\/discos-de-diamante-universales-laser\/\" target=\"_self\"><img loading=\"lazy\" decoding=\"async\" width=\"600\" height=\"600\" src=\"https:\/\/www.maxima-dia.com\/wp-content\/uploads\/2017\/04\/dischi-laser-universali-icon.jpg\" class=\"attachment-full\" alt=\"Maxima SpA dischi laser universali\" title=\"Maxima SpA dischi laser universali\" srcset=\"https:\/\/www.maxima-dia.com\/wp-content\/uploads\/2017\/04\/dischi-laser-universali-icon.jpg 600w, https:\/\/www.maxima-dia.com\/wp-content\/uploads\/2017\/04\/dischi-laser-universali-icon-150x150.jpg 150w, https:\/\/www.maxima-dia.com\/wp-content\/uploads\/2017\/04\/dischi-laser-universali-icon-300x300.jpg 300w, https:\/\/www.maxima-dia.com\/wp-content\/uploads\/2017\/04\/dischi-laser-universali-icon-80x80.jpg 80w, https:\/\/www.maxima-dia.com\/wp-content\/uploads\/2017\/04\/dischi-laser-universali-icon-500x500.jpg 500w\" sizes=\"(max-width: 600px) 100vw, 600px\" \/><\/a><\/div>[\/vc_column][vc_column width=\u00bb3\/4&#8243;][vc_column_text]<\/p>\n<h2><a href=\"\/es\/discos-de-diamante-universales-laser\/\">Discos de Diamante L\u00e1ser Universales<\/a><\/h2>\n<p>En esta secci\u00f3n est\u00e1n presentes todos los discos universales de sectores, tambi\u00e9n llamados L\u00c1SER, para ser utilizados principalmente en esmeriladoras. Algunos productos tambi\u00e9n est\u00e1n disponibles con di\u00e1metros id\u00f3neos para el uso con sierras y cortadoras de gasolina.[\/vc_column_text][\/vc_column][\/vc_row][vc_row bottom_padding=\u00bb50&#8243;][vc_column width=\u00bb1\/4&#8243;]<div class=\"single_image wpb_content_element align-left    \" data-animation=\"none\" data-delay=\"0\"><a href=\"\/es\/discos-de-diamante-para-ceramica\/\" target=\"_self\"><img loading=\"lazy\" decoding=\"async\" width=\"600\" height=\"600\" src=\"https:\/\/www.maxima-dia.com\/wp-content\/uploads\/2017\/04\/dischi-ceramica-icon.jpg\" class=\"attachment-full\" alt=\"Maxima SpA dischi ceramica\" title=\"Maxima SpA dischi ceramica\" srcset=\"https:\/\/www.maxima-dia.com\/wp-content\/uploads\/2017\/04\/dischi-ceramica-icon.jpg 600w, https:\/\/www.maxima-dia.com\/wp-content\/uploads\/2017\/04\/dischi-ceramica-icon-150x150.jpg 150w, https:\/\/www.maxima-dia.com\/wp-content\/uploads\/2017\/04\/dischi-ceramica-icon-300x300.jpg 300w, https:\/\/www.maxima-dia.com\/wp-content\/uploads\/2017\/04\/dischi-ceramica-icon-80x80.jpg 80w, https:\/\/www.maxima-dia.com\/wp-content\/uploads\/2017\/04\/dischi-ceramica-icon-500x500.jpg 500w\" sizes=\"(max-width: 600px) 100vw, 600px\" \/><\/a><\/div>[\/vc_column][vc_column width=\u00bb3\/4&#8243;][vc_column_text]<\/p>\n<h2><a href=\"\/es\/discos-de-diamante-para-ceramica\/\">Discos de Diamante Para Cer\u00e1mica<\/a><\/h2>\n<p>En esta secci\u00f3n se describe toda la gama completa de los discos para cer\u00e1mica Maxima. Est\u00e1n disponibles para cortar cualquier tipo de material cer\u00e1mico en cualquier di\u00e1metro y pueden instalarse en cualquier tipo de m\u00e1quina el\u00e9ctrica para obras. El Cer Rosa Turbo es el disco en absoluto m\u00e1s vendido de toda la gama de herramientas diamantadas.[\/vc_column_text][\/vc_column][\/vc_row][vc_row bottom_padding=\u00bb50&#8243;][vc_column width=\u00bb1\/4&#8243;]<div class=\"single_image wpb_content_element align-left    \" data-animation=\"none\" data-delay=\"0\"><a href=\"\/es\/discos-de-diamante-especificos\/\" target=\"_self\"><img loading=\"lazy\" decoding=\"async\" width=\"600\" height=\"600\" src=\"https:\/\/www.maxima-dia.com\/wp-content\/uploads\/2017\/04\/dischi-specifici-icon.jpg\" class=\"attachment-full\" alt=\"Maxima SpA dischi specifici\" title=\"Maxima SpA dischi specifici\" srcset=\"https:\/\/www.maxima-dia.com\/wp-content\/uploads\/2017\/04\/dischi-specifici-icon.jpg 600w, https:\/\/www.maxima-dia.com\/wp-content\/uploads\/2017\/04\/dischi-specifici-icon-150x150.jpg 150w, https:\/\/www.maxima-dia.com\/wp-content\/uploads\/2017\/04\/dischi-specifici-icon-300x300.jpg 300w, https:\/\/www.maxima-dia.com\/wp-content\/uploads\/2017\/04\/dischi-specifici-icon-80x80.jpg 80w, https:\/\/www.maxima-dia.com\/wp-content\/uploads\/2017\/04\/dischi-specifici-icon-500x500.jpg 500w\" sizes=\"(max-width: 600px) 100vw, 600px\" \/><\/a><\/div>[\/vc_column][vc_column width=\u00bb3\/4&#8243;][vc_column_text]<\/p>\n<h2><a href=\"\/es\/discos-de-diamante-especificos\/\">Discos de Diamante Espec\u00edficos<\/a><\/h2>\n<p>El disco espec\u00edfico nace de la necesidad de corte de un material en concreto, al contrario de lo que ocurre con los discos universales. De esta forma Maxima ha desarrollado una ampl\u00edsima gama de herramientas dedicadas a materiales distintos, como asfalto, cemento, refractarios, p\u00f3rfido, m\u00e1rmol y granito. Est\u00e1n disponibles en di\u00e1metros desde 125 hasta 800 mm para los distintos tipos de m\u00e1quinas para la construcci\u00f3n.[\/vc_column_text][\/vc_column][\/vc_row][vc_row bottom_padding=\u00bb50&#8243;][vc_column width=\u00bb1\/4&#8243;]<div class=\"single_image wpb_content_element align-left    \" data-animation=\"none\" data-delay=\"0\"><a href=\"\/es\/coronas-de-gran-desbaste-de-diamante-para-alisado\/\" target=\"_self\"><img loading=\"lazy\" decoding=\"async\" width=\"600\" height=\"600\" src=\"https:\/\/www.maxima-dia.com\/wp-content\/uploads\/2017\/04\/platorelli-icon.jpg\" class=\"attachment-full\" alt=\"Maxima SpA platorelli\" title=\"Maxima SpA platorelli\" srcset=\"https:\/\/www.maxima-dia.com\/wp-content\/uploads\/2017\/04\/platorelli-icon.jpg 600w, https:\/\/www.maxima-dia.com\/wp-content\/uploads\/2017\/04\/platorelli-icon-150x150.jpg 150w, https:\/\/www.maxima-dia.com\/wp-content\/uploads\/2017\/04\/platorelli-icon-300x300.jpg 300w, https:\/\/www.maxima-dia.com\/wp-content\/uploads\/2017\/04\/platorelli-icon-80x80.jpg 80w, https:\/\/www.maxima-dia.com\/wp-content\/uploads\/2017\/04\/platorelli-icon-500x500.jpg 500w\" sizes=\"(max-width: 600px) 100vw, 600px\" \/><\/a><\/div>[\/vc_column][vc_column width=\u00bb3\/4&#8243;][vc_column_text]<\/p>\n<h2><a href=\"\/es\/coronas-de-gran-desbaste-de-diamante-para-alisado\/\">Coronas de gran Desbaste para Alisado<\/a><\/h2>\n<p>La gama de las coronas de gran desbaste Maxima se ha concebido tanto para un uso universal en la construcci\u00f3n, como para un uso espec\u00edfico en \u00e1mbito lap\u00eddeo. A los modelos de corona continua y de sectores se a\u00f1ade como \u00faltimo nacido el modelo L\u00e1ser Azul Plus, una corona para gran desbaste que permite el corte y el desbarbado en contempor\u00e1nea. Est\u00e1n disponibles en los di\u00e1metros desde 100 hasta 180 mm.[\/vc_column_text][\/vc_column][\/vc_row][vc_row bottom_padding=\u00bb50&#8243;][vc_column width=\u00bb1\/4&#8243;]<div class=\"single_image wpb_content_element align-left    \" data-animation=\"none\" data-delay=\"0\"><a href=\"\/es\/maquinas-de-corte-para-la-construccion\/\" target=\"_self\"><img loading=\"lazy\" decoding=\"async\" width=\"600\" height=\"600\" src=\"https:\/\/www.maxima-dia.com\/wp-content\/uploads\/2017\/04\/macchine-edili-taglio-icon.jpg\" class=\"attachment-full\" alt=\"Maxima SpA macchine edili taglio\" title=\"Maxima SpA macchine edili taglio\" srcset=\"https:\/\/www.maxima-dia.com\/wp-content\/uploads\/2017\/04\/macchine-edili-taglio-icon.jpg 600w, https:\/\/www.maxima-dia.com\/wp-content\/uploads\/2017\/04\/macchine-edili-taglio-icon-150x150.jpg 150w, https:\/\/www.maxima-dia.com\/wp-content\/uploads\/2017\/04\/macchine-edili-taglio-icon-300x300.jpg 300w, https:\/\/www.maxima-dia.com\/wp-content\/uploads\/2017\/04\/macchine-edili-taglio-icon-80x80.jpg 80w, https:\/\/www.maxima-dia.com\/wp-content\/uploads\/2017\/04\/macchine-edili-taglio-icon-500x500.jpg 500w\" sizes=\"(max-width: 600px) 100vw, 600px\" \/><\/a><\/div>[\/vc_column][vc_column width=\u00bb3\/4&#8243;][vc_column_text]<\/p>\n<h2><a href=\"\/es\/maquinas-de-corte-para-la-construccion\/\">M\u00e1quinas de Corte para la Construcci\u00f3n<\/a><\/h2>\n<p>En esta secci\u00f3n se presentan todas las m\u00e1quinas de corte para las construcci\u00f3n con herramientas de diamante de la gama Maxima, como rozadoras, lijadoras, sierras de mesa para obra, m\u00e1quinas cortadoras de suelo, con adem\u00e1s la l\u00ednea de las placas vibradoras Vibramax que completan la oferta para los revendedores que ofrecen equipos para empresas de construcci\u00f3n y viales. Todas las maquinarias que se proponen son \u201cmade in EU\u201d&nbsp;<img loading=\"lazy\" decoding=\"async\" class=\"wp-image-6471\" src=\"\/wp-content\/uploads\/2011\/09\/eu_flag.png\" alt=\"\" width=\"18\" height=\"15\">, es decir se producen en el interior de la Uni\u00f3n Europea y todas poseen la certificaci\u00f3n <strong>CE<\/strong>.[\/vc_column_text][\/vc_column][\/vc_row][vc_row bottom_padding=\u00bb50&#8243;][vc_column width=\u00bb1\/4&#8243;]<div class=\"single_image wpb_content_element align-left    \" data-animation=\"none\" data-delay=\"0\"><a href=\"\/es\/accesorios-para-corte\/\" target=\"_self\"><img loading=\"lazy\" decoding=\"async\" width=\"600\" height=\"600\" src=\"https:\/\/www.maxima-dia.com\/wp-content\/uploads\/2017\/04\/accessori-taglio-icon.jpg\" class=\"attachment-full\" alt=\"Maxima SpA accessori taglio\" title=\"Maxima SpA accessori taglio\" srcset=\"https:\/\/www.maxima-dia.com\/wp-content\/uploads\/2017\/04\/accessori-taglio-icon.jpg 600w, https:\/\/www.maxima-dia.com\/wp-content\/uploads\/2017\/04\/accessori-taglio-icon-150x150.jpg 150w, https:\/\/www.maxima-dia.com\/wp-content\/uploads\/2017\/04\/accessori-taglio-icon-300x300.jpg 300w, https:\/\/www.maxima-dia.com\/wp-content\/uploads\/2017\/04\/accessori-taglio-icon-80x80.jpg 80w, https:\/\/www.maxima-dia.com\/wp-content\/uploads\/2017\/04\/accessori-taglio-icon-500x500.jpg 500w\" sizes=\"(max-width: 600px) 100vw, 600px\" \/><\/a><\/div>[\/vc_column][vc_column width=\u00bb3\/4&#8243;][vc_column_text]<\/p>\n<h2><a href=\"\/es\/accesorios-para-corte\/\">Accesorios para Corte<\/a><\/h2>\n<p>En esta secci\u00f3n se presentan los accesorios para el corte.[\/vc_column_text][\/vc_column][\/vc_row]<\/p>\n<\/div>","protected":false},"excerpt":{"rendered":"<p>[vc_row bottom_padding=\u00bb50&#8243;][vc_column width=\u00bb1\/1&#8243;][vc_column_text]Para los profesionales m\u00e1s exigentes, Maxima ofrece la gama m\u00e1s amplia de productos para cortar con herramientas de diamante, que incluye: discos universales turbo con corona continua; discos universales l\u00e1ser de sectores utilizables con esmeriladoras, sierras y tronzadoras; discos para cer\u00e1mica utilizables con todo tipo de m\u00e1quina el\u00e9ctrica de obras; discos espec\u00edficos para cortar asfalto, cemento, materiales refractarios, p\u00f3rfido, m\u00e1rmol y granito; coronas de gran desbaste para uso universal y espec\u00edfico para materiales lap\u00eddeos. Completan nuestra amplia gama las m\u00e1quinas para el sector de la construcci\u00f3n: cortadoras de suelo, rozadoras, lijadoras, sierras, placas vibratorias. Todas nuestras m\u00e1quinas est\u00e1n certificadas CE y se fabrican en la Uni\u00f3n Europea .[\/vc_column_text][\/vc_column][\/vc_row][vc_row bottom_padding=\u00bb50&#8243;][vc_column width=\u00bb1\/4&#8243;][\/vc_column][vc_column width=\u00bb3\/4&#8243;][vc_column_text] Discos de Diamante Turbo Universales En esta secci\u00f3n est\u00e1n presentes todos los discos universales de corona continua, tambi\u00e9n llamados TURBO, que se utilizan principalmente en esmeriladoras. Algunos productos tambi\u00e9n est\u00e1n disponibles con di\u00e1metros id\u00f3neos para el uso en sierras y cortadoras de gasolina.[\/vc_column_text][\/vc_column][\/vc_row][vc_row bottom_padding=\u00bb50&#8243;][vc_column width=\u00bb1\/4&#8243;][\/vc_column][vc_column width=\u00bb3\/4&#8243;][vc_column_text] Discos de Diamante L\u00e1ser Universales En esta secci\u00f3n est\u00e1n presentes todos los discos universales de sectores, tambi\u00e9n llamados L\u00c1SER, para ser utilizados principalmente en esmeriladoras. Algunos productos tambi\u00e9n est\u00e1n disponibles con di\u00e1metros id\u00f3neos para el uso con sierras y cortadoras de [&hellip;]<\/p>\n","protected":false},"author":29,"featured_media":0,"parent":0,"menu_order":443,"comment_status":"closed","ping_status":"closed","template":"","meta":{"ngg_post_thumbnail":0,"_joinchat":[],"footnotes":""},"class_list":["post-9002","page","type-page","status-publish","hentry"],"yoast_head":"<!-- This site is optimized with the Yoast SEO plugin v25.5 - https:\/\/yoast.com\/wordpress\/plugins\/seo\/ -->\n<title>Productos - Corte - Maxima SpA<\/title>\n<meta name=\"description\" content=\"Corte Discos Turbo Universales, Corte Discos L\u00e1ser Universales, Discos Para Cer\u00e1mica, Discos Espec\u00edficos, Coronas de gran Desbaste para Alisado, M\u00e1quinas de Corte para la Construcci\u00f3n, Accesorios para Corte\" \/>\n<meta name=\"robots\" content=\"index, follow, max-snippet:-1, max-image-preview:large, max-video-preview:-1\" \/>\n<link rel=\"canonical\" href=\"https:\/\/www.maxima-dia.com\/es\/productos-corte\/\" \/>\n<meta property=\"og:locale\" content=\"es_ES\" \/>\n<meta property=\"og:type\" content=\"article\" \/>\n<meta property=\"og:title\" content=\"Productos - Corte - Maxima SpA\" \/>\n<meta property=\"og:description\" content=\"Corte Discos Turbo Universales, Corte Discos L\u00e1ser Universales, Discos Para Cer\u00e1mica, Discos Espec\u00edficos, Coronas de gran Desbaste para Alisado, M\u00e1quinas de Corte para la Construcci\u00f3n, Accesorios para Corte\" \/>\n<meta property=\"og:url\" content=\"https:\/\/www.maxima-dia.com\/es\/productos-corte\/\" \/>\n<meta property=\"og:site_name\" content=\"Maxima SpA\" \/>\n<meta property=\"article:publisher\" content=\"https:\/\/www.facebook.com\/Maxima-spa-106098566139597\" \/>\n<meta property=\"article:modified_time\" content=\"2019-08-07T09:35:01+00:00\" \/>\n<meta property=\"og:image\" content=\"https:\/\/www.maxima-dia.com\/wp-content\/uploads\/2011\/09\/eu_flag.png\" \/>\n<meta name=\"twitter:card\" content=\"summary_large_image\" \/>\n<meta name=\"twitter:site\" content=\"@Maximadia\" \/>\n<meta name=\"twitter:label1\" content=\"Tiempo de lectura\" \/>\n\t<meta name=\"twitter:data1\" content=\"4 minutos\" \/>\n<script type=\"application\/ld+json\" class=\"yoast-schema-graph\">{\"@context\":\"https:\/\/schema.org\",\"@graph\":[{\"@type\":\"WebPage\",\"@id\":\"https:\/\/www.maxima-dia.com\/es\/productos-corte\/\",\"url\":\"https:\/\/www.maxima-dia.com\/es\/productos-corte\/\",\"name\":\"Productos - Corte - Maxima SpA\",\"isPartOf\":{\"@id\":\"https:\/\/www.maxima-dia.com\/es\/#website\"},\"datePublished\":\"2014-05-22T10:41:41+00:00\",\"dateModified\":\"2019-08-07T09:35:01+00:00\",\"description\":\"Corte Discos Turbo Universales, Corte Discos L\u00e1ser Universales, Discos Para Cer\u00e1mica, Discos Espec\u00edficos, Coronas de gran Desbaste para Alisado, M\u00e1quinas de Corte para la Construcci\u00f3n, Accesorios para Corte\",\"breadcrumb\":{\"@id\":\"https:\/\/www.maxima-dia.com\/es\/productos-corte\/#breadcrumb\"},\"inLanguage\":\"es\",\"potentialAction\":[{\"@type\":\"ReadAction\",\"target\":[\"https:\/\/www.maxima-dia.com\/es\/productos-corte\/\"]}]},{\"@type\":\"BreadcrumbList\",\"@id\":\"https:\/\/www.maxima-dia.com\/es\/productos-corte\/#breadcrumb\",\"itemListElement\":[{\"@type\":\"ListItem\",\"position\":1,\"name\":\"Home\",\"item\":\"https:\/\/www.maxima-dia.com\/es\/\"},{\"@type\":\"ListItem\",\"position\":2,\"name\":\"Productos &#8211; Corte\"}]},{\"@type\":\"WebSite\",\"@id\":\"https:\/\/www.maxima-dia.com\/es\/#website\",\"url\":\"https:\/\/www.maxima-dia.com\/es\/\",\"name\":\"Maxima SpA\",\"description\":\"Only for the real professionals\",\"potentialAction\":[{\"@type\":\"SearchAction\",\"target\":{\"@type\":\"EntryPoint\",\"urlTemplate\":\"https:\/\/www.maxima-dia.com\/es\/?s={search_term_string}\"},\"query-input\":{\"@type\":\"PropertyValueSpecification\",\"valueRequired\":true,\"valueName\":\"search_term_string\"}}],\"inLanguage\":\"es\"}]}<\/script>\n<!-- \/ Yoast SEO plugin. -->","yoast_head_json":{"title":"Productos - Corte - Maxima SpA","description":"Corte Discos Turbo Universales, Corte Discos L\u00e1ser Universales, Discos Para Cer\u00e1mica, Discos Espec\u00edficos, Coronas de gran Desbaste para Alisado, M\u00e1quinas de Corte para la Construcci\u00f3n, Accesorios para Corte","robots":{"index":"index","follow":"follow","max-snippet":"max-snippet:-1","max-image-preview":"max-image-preview:large","max-video-preview":"max-video-preview:-1"},"canonical":"https:\/\/www.maxima-dia.com\/es\/productos-corte\/","og_locale":"es_ES","og_type":"article","og_title":"Productos - Corte - Maxima SpA","og_description":"Corte Discos Turbo Universales, Corte Discos L\u00e1ser Universales, Discos Para Cer\u00e1mica, Discos Espec\u00edficos, Coronas de gran Desbaste para Alisado, M\u00e1quinas de Corte para la Construcci\u00f3n, Accesorios para Corte","og_url":"https:\/\/www.maxima-dia.com\/es\/productos-corte\/","og_site_name":"Maxima SpA","article_publisher":"https:\/\/www.facebook.com\/Maxima-spa-106098566139597","article_modified_time":"2019-08-07T09:35:01+00:00","og_image":[{"url":"https:\/\/www.maxima-dia.com\/wp-content\/uploads\/2011\/09\/eu_flag.png","type":"","width":"","height":""}],"twitter_card":"summary_large_image","twitter_site":"@Maximadia","twitter_misc":{"Tiempo de lectura":"4 minutos"},"schema":{"@context":"https:\/\/schema.org","@graph":[{"@type":"WebPage","@id":"https:\/\/www.maxima-dia.com\/es\/productos-corte\/","url":"https:\/\/www.maxima-dia.com\/es\/productos-corte\/","name":"Productos - Corte - Maxima SpA","isPartOf":{"@id":"https:\/\/www.maxima-dia.com\/es\/#website"},"datePublished":"2014-05-22T10:41:41+00:00","dateModified":"2019-08-07T09:35:01+00:00","description":"Corte Discos Turbo Universales, Corte Discos L\u00e1ser Universales, Discos Para Cer\u00e1mica, Discos Espec\u00edficos, Coronas de gran Desbaste para Alisado, M\u00e1quinas de Corte para la Construcci\u00f3n, Accesorios para Corte","breadcrumb":{"@id":"https:\/\/www.maxima-dia.com\/es\/productos-corte\/#breadcrumb"},"inLanguage":"es","potentialAction":[{"@type":"ReadAction","target":["https:\/\/www.maxima-dia.com\/es\/productos-corte\/"]}]},{"@type":"BreadcrumbList","@id":"https:\/\/www.maxima-dia.com\/es\/productos-corte\/#breadcrumb","itemListElement":[{"@type":"ListItem","position":1,"name":"Home","item":"https:\/\/www.maxima-dia.com\/es\/"},{"@type":"ListItem","position":2,"name":"Productos &#8211; Corte"}]},{"@type":"WebSite","@id":"https:\/\/www.maxima-dia.com\/es\/#website","url":"https:\/\/www.maxima-dia.com\/es\/","name":"Maxima SpA","description":"Only for the real professionals","potentialAction":[{"@type":"SearchAction","target":{"@type":"EntryPoint","urlTemplate":"https:\/\/www.maxima-dia.com\/es\/?s={search_term_string}"},"query-input":{"@type":"PropertyValueSpecification","valueRequired":true,"valueName":"search_term_string"}}],"inLanguage":"es"}]}},"_links":{"self":[{"href":"https:\/\/www.maxima-dia.com\/es\/wp-json\/wp\/v2\/pages\/9002"}],"collection":[{"href":"https:\/\/www.maxima-dia.com\/es\/wp-json\/wp\/v2\/pages"}],"about":[{"href":"https:\/\/www.maxima-dia.com\/es\/wp-json\/wp\/v2\/types\/page"}],"author":[{"embeddable":true,"href":"https:\/\/www.maxima-dia.com\/es\/wp-json\/wp\/v2\/users\/29"}],"replies":[{"embeddable":true,"href":"https:\/\/www.maxima-dia.com\/es\/wp-json\/wp\/v2\/comments?post=9002"}],"version-history":[{"count":0,"href":"https:\/\/www.maxima-dia.com\/es\/wp-json\/wp\/v2\/pages\/9002\/revisions"}],"wp:attachment":[{"href":"https:\/\/www.maxima-dia.com\/es\/wp-json\/wp\/v2\/media?parent=9002"}],"curies":[{"name":"wp","href":"https:\/\/api.w.org\/{rel}","templated":true}]}}