{"id":9967,"date":"2014-07-01T12:21:30","date_gmt":"2014-07-01T10:21:30","guid":{"rendered":"http:\/\/www.maxima-dia.com\/?page_id=9967"},"modified":"2023-06-23T09:06:30","modified_gmt":"2023-06-23T07:06:30","slug":"la-formacion-maxima","status":"publish","type":"page","link":"https:\/\/www.maxima-dia.com\/es\/la-formacion-maxima\/","title":{"rendered":"Formaci\u00f3n"},"content":{"rendered":"<p><strong>Los agentes comerciales y nuestros clientes<\/strong> siguen constantemente cursos de formaci\u00f3n internos para conocer y ofrecer mejor nuestra gama de productos.<\/p>\n\n\t\t<style type=\"text\/css\">\n\t\t\t#gallery-1 {\n\t\t\t\tmargin: auto;\n\t\t\t}\n\t\t\t#gallery-1 .gallery-item {\n\t\t\t\tfloat: left;\n\t\t\t\tmargin-top: 10px;\n\t\t\t\ttext-align: center;\n\t\t\t\twidth: 20%;\n\t\t\t}\n\t\t\t#gallery-1 img {\n\t\t\t\tborder: 2px solid #cfcfcf;\n\t\t\t}\n\t\t\t#gallery-1 .gallery-caption {\n\t\t\t\tmargin-left: 0;\n\t\t\t}\n\t\t\t\/* see gallery_shortcode() in wp-includes\/media.php *\/\n\t\t<\/style>\n\t\t<div id='gallery-1' class='gallery galleryid-9967 gallery-columns-5 gallery-size-thumbnail'><dl class='gallery-item'>\n\t\t\t<dt class='gallery-icon landscape'>\n\t\t\t\t<a rel=\"prettyPhoto[pp_gal]\" href='https:\/\/www.maxima-dia.com\/wp-content\/uploads\/2023\/06\/CORSO-FORZA-VENDITA-2023-image00018.jpeg'><img loading=\"lazy\" decoding=\"async\" width=\"150\" height=\"150\" src=\"https:\/\/www.maxima-dia.com\/wp-content\/uploads\/2023\/06\/CORSO-FORZA-VENDITA-2023-image00018-150x150.jpeg\" class=\"attachment-thumbnail size-thumbnail\" alt=\"\" srcset=\"https:\/\/www.maxima-dia.com\/wp-content\/uploads\/2023\/06\/CORSO-FORZA-VENDITA-2023-image00018-150x150.jpeg 150w, https:\/\/www.maxima-dia.com\/wp-content\/uploads\/2023\/06\/CORSO-FORZA-VENDITA-2023-image00018-80x80.jpeg 80w, https:\/\/www.maxima-dia.com\/wp-content\/uploads\/2023\/06\/CORSO-FORZA-VENDITA-2023-image00018-500x500.jpeg 500w\" sizes=\"(max-width: 150px) 100vw, 150px\" \/><\/a>\n\t\t\t<\/dt><\/dl><dl class='gallery-item'>\n\t\t\t<dt class='gallery-icon landscape'>\n\t\t\t\t<a rel=\"prettyPhoto[pp_gal]\" href='https:\/\/www.maxima-dia.com\/wp-content\/uploads\/2023\/06\/CORSO-FORZA-VENDITA-2023-image00009.jpeg'><img loading=\"lazy\" decoding=\"async\" width=\"150\" height=\"150\" src=\"https:\/\/www.maxima-dia.com\/wp-content\/uploads\/2023\/06\/CORSO-FORZA-VENDITA-2023-image00009-150x150.jpeg\" class=\"attachment-thumbnail size-thumbnail\" alt=\"\" srcset=\"https:\/\/www.maxima-dia.com\/wp-content\/uploads\/2023\/06\/CORSO-FORZA-VENDITA-2023-image00009-150x150.jpeg 150w, https:\/\/www.maxima-dia.com\/wp-content\/uploads\/2023\/06\/CORSO-FORZA-VENDITA-2023-image00009-80x80.jpeg 80w, https:\/\/www.maxima-dia.com\/wp-content\/uploads\/2023\/06\/CORSO-FORZA-VENDITA-2023-image00009-500x500.jpeg 500w\" sizes=\"(max-width: 150px) 100vw, 150px\" \/><\/a>\n\t\t\t<\/dt><\/dl><dl class='gallery-item'>\n\t\t\t<dt class='gallery-icon landscape'>\n\t\t\t\t<a rel=\"prettyPhoto[pp_gal]\" href='https:\/\/www.maxima-dia.com\/wp-content\/uploads\/2023\/06\/CORSO-FORZA-VENDITA-2023-CORSO-SOCIAL.jpg'><img loading=\"lazy\" decoding=\"async\" width=\"150\" height=\"150\" src=\"https:\/\/www.maxima-dia.com\/wp-content\/uploads\/2023\/06\/CORSO-FORZA-VENDITA-2023-CORSO-SOCIAL-150x150.jpg\" class=\"attachment-thumbnail size-thumbnail\" alt=\"\" srcset=\"https:\/\/www.maxima-dia.com\/wp-content\/uploads\/2023\/06\/CORSO-FORZA-VENDITA-2023-CORSO-SOCIAL-150x150.jpg 150w, https:\/\/www.maxima-dia.com\/wp-content\/uploads\/2023\/06\/CORSO-FORZA-VENDITA-2023-CORSO-SOCIAL-80x80.jpg 80w, https:\/\/www.maxima-dia.com\/wp-content\/uploads\/2023\/06\/CORSO-FORZA-VENDITA-2023-CORSO-SOCIAL-500x500.jpg 500w, https:\/\/www.maxima-dia.com\/wp-content\/uploads\/2023\/06\/CORSO-FORZA-VENDITA-2023-CORSO-SOCIAL-1000x1000.jpg 1000w\" sizes=\"(max-width: 150px) 100vw, 150px\" \/><\/a>\n\t\t\t<\/dt><\/dl><dl class='gallery-item'>\n\t\t\t<dt class='gallery-icon landscape'>\n\t\t\t\t<a rel=\"prettyPhoto[pp_gal]\" href='https:\/\/www.maxima-dia.com\/wp-content\/uploads\/2023\/06\/CORSO-FORZA-VENDITA-2023-image00014.jpeg'><img loading=\"lazy\" decoding=\"async\" width=\"150\" height=\"150\" src=\"https:\/\/www.maxima-dia.com\/wp-content\/uploads\/2023\/06\/CORSO-FORZA-VENDITA-2023-image00014-150x150.jpeg\" class=\"attachment-thumbnail size-thumbnail\" alt=\"\" srcset=\"https:\/\/www.maxima-dia.com\/wp-content\/uploads\/2023\/06\/CORSO-FORZA-VENDITA-2023-image00014-150x150.jpeg 150w, https:\/\/www.maxima-dia.com\/wp-content\/uploads\/2023\/06\/CORSO-FORZA-VENDITA-2023-image00014-80x80.jpeg 80w, https:\/\/www.maxima-dia.com\/wp-content\/uploads\/2023\/06\/CORSO-FORZA-VENDITA-2023-image00014-500x500.jpeg 500w\" sizes=\"(max-width: 150px) 100vw, 150px\" \/><\/a>\n\t\t\t<\/dt><\/dl><dl class='gallery-item'>\n\t\t\t<dt class='gallery-icon landscape'>\n\t\t\t\t<a rel=\"prettyPhoto[pp_gal]\" href='https:\/\/www.maxima-dia.com\/wp-content\/uploads\/2023\/06\/CORSO-FORZA-VENDITA-2023-PROVE-TAGLIERINA_1.jpg'><img loading=\"lazy\" decoding=\"async\" width=\"150\" height=\"150\" src=\"https:\/\/www.maxima-dia.com\/wp-content\/uploads\/2023\/06\/CORSO-FORZA-VENDITA-2023-PROVE-TAGLIERINA_1-150x150.jpg\" class=\"attachment-thumbnail size-thumbnail\" alt=\"\" srcset=\"https:\/\/www.maxima-dia.com\/wp-content\/uploads\/2023\/06\/CORSO-FORZA-VENDITA-2023-PROVE-TAGLIERINA_1-150x150.jpg 150w, https:\/\/www.maxima-dia.com\/wp-content\/uploads\/2023\/06\/CORSO-FORZA-VENDITA-2023-PROVE-TAGLIERINA_1-80x80.jpg 80w, https:\/\/www.maxima-dia.com\/wp-content\/uploads\/2023\/06\/CORSO-FORZA-VENDITA-2023-PROVE-TAGLIERINA_1-500x500.jpg 500w, https:\/\/www.maxima-dia.com\/wp-content\/uploads\/2023\/06\/CORSO-FORZA-VENDITA-2023-PROVE-TAGLIERINA_1-1000x1000.jpg 1000w\" sizes=\"(max-width: 150px) 100vw, 150px\" \/><\/a>\n\t\t\t<\/dt><\/dl><br style=\"clear: both\" \/><dl class='gallery-item'>\n\t\t\t<dt class='gallery-icon landscape'>\n\t\t\t\t<a rel=\"prettyPhoto[pp_gal]\" href='https:\/\/www.maxima-dia.com\/wp-content\/uploads\/2023\/06\/CORSO-FORZA-VENDITA-2023-image00005.jpeg'><img loading=\"lazy\" decoding=\"async\" width=\"150\" height=\"150\" src=\"https:\/\/www.maxima-dia.com\/wp-content\/uploads\/2023\/06\/CORSO-FORZA-VENDITA-2023-image00005-150x150.jpeg\" class=\"attachment-thumbnail size-thumbnail\" alt=\"\" srcset=\"https:\/\/www.maxima-dia.com\/wp-content\/uploads\/2023\/06\/CORSO-FORZA-VENDITA-2023-image00005-150x150.jpeg 150w, https:\/\/www.maxima-dia.com\/wp-content\/uploads\/2023\/06\/CORSO-FORZA-VENDITA-2023-image00005-80x80.jpeg 80w, https:\/\/www.maxima-dia.com\/wp-content\/uploads\/2023\/06\/CORSO-FORZA-VENDITA-2023-image00005-500x500.jpeg 500w\" sizes=\"(max-width: 150px) 100vw, 150px\" \/><\/a>\n\t\t\t<\/dt><\/dl><dl class='gallery-item'>\n\t\t\t<dt class='gallery-icon portrait'>\n\t\t\t\t<a rel=\"prettyPhoto[pp_gal]\" href='https:\/\/www.maxima-dia.com\/wp-content\/uploads\/2023\/06\/CORSO-FORZA-VENDITA-2023-MMAX350_1.jpg'><img loading=\"lazy\" decoding=\"async\" width=\"150\" height=\"150\" src=\"https:\/\/www.maxima-dia.com\/wp-content\/uploads\/2023\/06\/CORSO-FORZA-VENDITA-2023-MMAX350_1-150x150.jpg\" class=\"attachment-thumbnail size-thumbnail\" alt=\"\" srcset=\"https:\/\/www.maxima-dia.com\/wp-content\/uploads\/2023\/06\/CORSO-FORZA-VENDITA-2023-MMAX350_1-150x150.jpg 150w, https:\/\/www.maxima-dia.com\/wp-content\/uploads\/2023\/06\/CORSO-FORZA-VENDITA-2023-MMAX350_1-80x80.jpg 80w, https:\/\/www.maxima-dia.com\/wp-content\/uploads\/2023\/06\/CORSO-FORZA-VENDITA-2023-MMAX350_1-500x500.jpg 500w, https:\/\/www.maxima-dia.com\/wp-content\/uploads\/2023\/06\/CORSO-FORZA-VENDITA-2023-MMAX350_1-1000x1000.jpg 1000w\" sizes=\"(max-width: 150px) 100vw, 150px\" \/><\/a>\n\t\t\t<\/dt><\/dl><dl class='gallery-item'>\n\t\t\t<dt class='gallery-icon portrait'>\n\t\t\t\t<a rel=\"prettyPhoto[pp_gal]\" href='https:\/\/www.maxima-dia.com\/wp-content\/uploads\/2023\/06\/CORSO-FORZA-VENDITA-2023-IMG_4553.jpg'><img loading=\"lazy\" decoding=\"async\" width=\"150\" height=\"150\" src=\"https:\/\/www.maxima-dia.com\/wp-content\/uploads\/2023\/06\/CORSO-FORZA-VENDITA-2023-IMG_4553-150x150.jpg\" class=\"attachment-thumbnail size-thumbnail\" alt=\"\" srcset=\"https:\/\/www.maxima-dia.com\/wp-content\/uploads\/2023\/06\/CORSO-FORZA-VENDITA-2023-IMG_4553-150x150.jpg 150w, https:\/\/www.maxima-dia.com\/wp-content\/uploads\/2023\/06\/CORSO-FORZA-VENDITA-2023-IMG_4553-80x80.jpg 80w, https:\/\/www.maxima-dia.com\/wp-content\/uploads\/2023\/06\/CORSO-FORZA-VENDITA-2023-IMG_4553-500x500.jpg 500w, https:\/\/www.maxima-dia.com\/wp-content\/uploads\/2023\/06\/CORSO-FORZA-VENDITA-2023-IMG_4553-1000x1000.jpg 1000w\" sizes=\"(max-width: 150px) 100vw, 150px\" \/><\/a>\n\t\t\t<\/dt><\/dl><dl class='gallery-item'>\n\t\t\t<dt class='gallery-icon landscape'>\n\t\t\t\t<a rel=\"prettyPhoto[pp_gal]\" href='https:\/\/www.maxima-dia.com\/wp-content\/uploads\/2023\/06\/CORSO-FORZA-VENDITA-2023-image00025.jpeg'><img loading=\"lazy\" decoding=\"async\" width=\"150\" height=\"150\" src=\"https:\/\/www.maxima-dia.com\/wp-content\/uploads\/2023\/06\/CORSO-FORZA-VENDITA-2023-image00025-150x150.jpeg\" class=\"attachment-thumbnail size-thumbnail\" alt=\"\" srcset=\"https:\/\/www.maxima-dia.com\/wp-content\/uploads\/2023\/06\/CORSO-FORZA-VENDITA-2023-image00025-150x150.jpeg 150w, https:\/\/www.maxima-dia.com\/wp-content\/uploads\/2023\/06\/CORSO-FORZA-VENDITA-2023-image00025-80x80.jpeg 80w, https:\/\/www.maxima-dia.com\/wp-content\/uploads\/2023\/06\/CORSO-FORZA-VENDITA-2023-image00025-500x500.jpeg 500w\" sizes=\"(max-width: 150px) 100vw, 150px\" \/><\/a>\n\t\t\t<\/dt><\/dl><dl class='gallery-item'>\n\t\t\t<dt class='gallery-icon landscape'>\n\t\t\t\t<a rel=\"prettyPhoto[pp_gal]\" href='https:\/\/www.maxima-dia.com\/wp-content\/uploads\/2023\/06\/CORSO-FORZA-VENDITA-2023-image00023.jpeg'><img loading=\"lazy\" decoding=\"async\" width=\"150\" height=\"150\" src=\"https:\/\/www.maxima-dia.com\/wp-content\/uploads\/2023\/06\/CORSO-FORZA-VENDITA-2023-image00023-150x150.jpeg\" class=\"attachment-thumbnail size-thumbnail\" alt=\"\" srcset=\"https:\/\/www.maxima-dia.com\/wp-content\/uploads\/2023\/06\/CORSO-FORZA-VENDITA-2023-image00023-150x150.jpeg 150w, https:\/\/www.maxima-dia.com\/wp-content\/uploads\/2023\/06\/CORSO-FORZA-VENDITA-2023-image00023-80x80.jpeg 80w, https:\/\/www.maxima-dia.com\/wp-content\/uploads\/2023\/06\/CORSO-FORZA-VENDITA-2023-image00023-500x500.jpeg 500w\" sizes=\"(max-width: 150px) 100vw, 150px\" \/><\/a>\n\t\t\t<\/dt><\/dl><br style=\"clear: both\" \/><dl class='gallery-item'>\n\t\t\t<dt class='gallery-icon landscape'>\n\t\t\t\t<a rel=\"prettyPhoto[pp_gal]\" href='https:\/\/www.maxima-dia.com\/wp-content\/uploads\/2023\/06\/CORSO-FORZA-VENDITA-2023-image00022.jpeg'><img loading=\"lazy\" decoding=\"async\" width=\"150\" height=\"150\" src=\"https:\/\/www.maxima-dia.com\/wp-content\/uploads\/2023\/06\/CORSO-FORZA-VENDITA-2023-image00022-150x150.jpeg\" class=\"attachment-thumbnail size-thumbnail\" alt=\"\" srcset=\"https:\/\/www.maxima-dia.com\/wp-content\/uploads\/2023\/06\/CORSO-FORZA-VENDITA-2023-image00022-150x150.jpeg 150w, https:\/\/www.maxima-dia.com\/wp-content\/uploads\/2023\/06\/CORSO-FORZA-VENDITA-2023-image00022-80x80.jpeg 80w, https:\/\/www.maxima-dia.com\/wp-content\/uploads\/2023\/06\/CORSO-FORZA-VENDITA-2023-image00022-500x500.jpeg 500w\" sizes=\"(max-width: 150px) 100vw, 150px\" \/><\/a>\n\t\t\t<\/dt><\/dl><dl class='gallery-item'>\n\t\t\t<dt class='gallery-icon landscape'>\n\t\t\t\t<a rel=\"prettyPhoto[pp_gal]\" href='https:\/\/www.maxima-dia.com\/wp-content\/uploads\/2023\/06\/CORSO-FORZA-VENDITA-2023-image00009-1.jpeg'><img loading=\"lazy\" decoding=\"async\" width=\"150\" height=\"150\" src=\"https:\/\/www.maxima-dia.com\/wp-content\/uploads\/2023\/06\/CORSO-FORZA-VENDITA-2023-image00009-1-150x150.jpeg\" class=\"attachment-thumbnail size-thumbnail\" alt=\"\" srcset=\"https:\/\/www.maxima-dia.com\/wp-content\/uploads\/2023\/06\/CORSO-FORZA-VENDITA-2023-image00009-1-150x150.jpeg 150w, https:\/\/www.maxima-dia.com\/wp-content\/uploads\/2023\/06\/CORSO-FORZA-VENDITA-2023-image00009-1-80x80.jpeg 80w, https:\/\/www.maxima-dia.com\/wp-content\/uploads\/2023\/06\/CORSO-FORZA-VENDITA-2023-image00009-1-500x500.jpeg 500w\" sizes=\"(max-width: 150px) 100vw, 150px\" \/><\/a>\n\t\t\t<\/dt><\/dl><dl class='gallery-item'>\n\t\t\t<dt class='gallery-icon landscape'>\n\t\t\t\t<a rel=\"prettyPhoto[pp_gal]\" href='https:\/\/www.maxima-dia.com\/wp-content\/uploads\/2023\/06\/CORSO-FORZA-VENDITA-2023-image00008.jpeg'><img loading=\"lazy\" decoding=\"async\" width=\"150\" height=\"150\" src=\"https:\/\/www.maxima-dia.com\/wp-content\/uploads\/2023\/06\/CORSO-FORZA-VENDITA-2023-image00008-150x150.jpeg\" class=\"attachment-thumbnail size-thumbnail\" alt=\"\" srcset=\"https:\/\/www.maxima-dia.com\/wp-content\/uploads\/2023\/06\/CORSO-FORZA-VENDITA-2023-image00008-150x150.jpeg 150w, https:\/\/www.maxima-dia.com\/wp-content\/uploads\/2023\/06\/CORSO-FORZA-VENDITA-2023-image00008-80x80.jpeg 80w, https:\/\/www.maxima-dia.com\/wp-content\/uploads\/2023\/06\/CORSO-FORZA-VENDITA-2023-image00008-500x500.jpeg 500w\" sizes=\"(max-width: 150px) 100vw, 150px\" \/><\/a>\n\t\t\t<\/dt><\/dl><dl class='gallery-item'>\n\t\t\t<dt class='gallery-icon landscape'>\n\t\t\t\t<a rel=\"prettyPhoto[pp_gal]\" href='https:\/\/www.maxima-dia.com\/wp-content\/uploads\/2023\/06\/CORSO-FORZA-VENDITA-2023-image00002-1.jpeg'><img loading=\"lazy\" decoding=\"async\" width=\"150\" height=\"150\" src=\"https:\/\/www.maxima-dia.com\/wp-content\/uploads\/2023\/06\/CORSO-FORZA-VENDITA-2023-image00002-1-150x150.jpeg\" class=\"attachment-thumbnail size-thumbnail\" alt=\"\" srcset=\"https:\/\/www.maxima-dia.com\/wp-content\/uploads\/2023\/06\/CORSO-FORZA-VENDITA-2023-image00002-1-150x150.jpeg 150w, https:\/\/www.maxima-dia.com\/wp-content\/uploads\/2023\/06\/CORSO-FORZA-VENDITA-2023-image00002-1-80x80.jpeg 80w, https:\/\/www.maxima-dia.com\/wp-content\/uploads\/2023\/06\/CORSO-FORZA-VENDITA-2023-image00002-1-500x500.jpeg 500w\" sizes=\"(max-width: 150px) 100vw, 150px\" \/><\/a>\n\t\t\t<\/dt><\/dl>\n\t\t\t<br style='clear: both' \/>\n\t\t<\/div>\n\n","protected":false},"excerpt":{"rendered":"<p>Los agentes comerciales y nuestros clientes siguen constantemente cursos de formaci\u00f3n internos para conocer y ofrecer mejor nuestra gama de productos.<\/p>\n","protected":false},"author":29,"featured_media":0,"parent":0,"menu_order":203,"comment_status":"closed","ping_status":"closed","template":"","meta":{"ngg_post_thumbnail":0,"_joinchat":[],"footnotes":""},"class_list":["post-9967","page","type-page","status-publish","hentry"],"yoast_head":"<!-- This site is optimized with the Yoast SEO plugin v25.5 - https:\/\/yoast.com\/wordpress\/plugins\/seo\/ -->\n<title>Formaci\u00f3n - Maxima SpA<\/title>\n<meta name=\"description\" content=\"La formaci\u00f3n M\u00e1xima\" \/>\n<meta name=\"robots\" content=\"index, follow, max-snippet:-1, max-image-preview:large, max-video-preview:-1\" \/>\n<link rel=\"canonical\" href=\"https:\/\/www.maxima-dia.com\/es\/la-formacion-maxima\/\" \/>\n<meta property=\"og:locale\" content=\"es_ES\" \/>\n<meta property=\"og:type\" content=\"article\" \/>\n<meta property=\"og:title\" content=\"Formaci\u00f3n - Maxima SpA\" \/>\n<meta property=\"og:description\" content=\"La formaci\u00f3n M\u00e1xima\" \/>\n<meta property=\"og:url\" content=\"https:\/\/www.maxima-dia.com\/es\/la-formacion-maxima\/\" \/>\n<meta property=\"og:site_name\" content=\"Maxima SpA\" \/>\n<meta property=\"article:publisher\" content=\"https:\/\/www.facebook.com\/Maxima-spa-106098566139597\" \/>\n<meta property=\"article:modified_time\" content=\"2023-06-23T07:06:30+00:00\" \/>\n<meta property=\"og:image\" content=\"https:\/\/www.maxima-dia.com\/wp-content\/uploads\/2022\/03\/MaximaSpA-logo-quadrato.jpg\" \/>\n\t<meta property=\"og:image:width\" content=\"500\" \/>\n\t<meta property=\"og:image:height\" content=\"500\" \/>\n\t<meta property=\"og:image:type\" content=\"image\/jpeg\" \/>\n<meta name=\"twitter:card\" content=\"summary_large_image\" \/>\n<meta name=\"twitter:site\" content=\"@Maximadia\" \/>\n<script type=\"application\/ld+json\" class=\"yoast-schema-graph\">{\"@context\":\"https:\/\/schema.org\",\"@graph\":[{\"@type\":\"WebPage\",\"@id\":\"https:\/\/www.maxima-dia.com\/es\/la-formacion-maxima\/\",\"url\":\"https:\/\/www.maxima-dia.com\/es\/la-formacion-maxima\/\",\"name\":\"Formaci\u00f3n - Maxima SpA\",\"isPartOf\":{\"@id\":\"https:\/\/www.maxima-dia.com\/es\/#website\"},\"datePublished\":\"2014-07-01T10:21:30+00:00\",\"dateModified\":\"2023-06-23T07:06:30+00:00\",\"description\":\"La formaci\u00f3n M\u00e1xima\",\"breadcrumb\":{\"@id\":\"https:\/\/www.maxima-dia.com\/es\/la-formacion-maxima\/#breadcrumb\"},\"inLanguage\":\"es\",\"potentialAction\":[{\"@type\":\"ReadAction\",\"target\":[\"https:\/\/www.maxima-dia.com\/es\/la-formacion-maxima\/\"]}]},{\"@type\":\"BreadcrumbList\",\"@id\":\"https:\/\/www.maxima-dia.com\/es\/la-formacion-maxima\/#breadcrumb\",\"itemListElement\":[{\"@type\":\"ListItem\",\"position\":1,\"name\":\"Home\",\"item\":\"https:\/\/www.maxima-dia.com\/es\/\"},{\"@type\":\"ListItem\",\"position\":2,\"name\":\"Formaci\u00f3n\"}]},{\"@type\":\"WebSite\",\"@id\":\"https:\/\/www.maxima-dia.com\/es\/#website\",\"url\":\"https:\/\/www.maxima-dia.com\/es\/\",\"name\":\"Maxima SpA\",\"description\":\"Only for the real professionals\",\"potentialAction\":[{\"@type\":\"SearchAction\",\"target\":{\"@type\":\"EntryPoint\",\"urlTemplate\":\"https:\/\/www.maxima-dia.com\/es\/?s={search_term_string}\"},\"query-input\":{\"@type\":\"PropertyValueSpecification\",\"valueRequired\":true,\"valueName\":\"search_term_string\"}}],\"inLanguage\":\"es\"}]}<\/script>\n<!-- \/ Yoast SEO plugin. -->","yoast_head_json":{"title":"Formaci\u00f3n - Maxima SpA","description":"La formaci\u00f3n M\u00e1xima","robots":{"index":"index","follow":"follow","max-snippet":"max-snippet:-1","max-image-preview":"max-image-preview:large","max-video-preview":"max-video-preview:-1"},"canonical":"https:\/\/www.maxima-dia.com\/es\/la-formacion-maxima\/","og_locale":"es_ES","og_type":"article","og_title":"Formaci\u00f3n - Maxima SpA","og_description":"La formaci\u00f3n M\u00e1xima","og_url":"https:\/\/www.maxima-dia.com\/es\/la-formacion-maxima\/","og_site_name":"Maxima SpA","article_publisher":"https:\/\/www.facebook.com\/Maxima-spa-106098566139597","article_modified_time":"2023-06-23T07:06:30+00:00","og_image":[{"width":500,"height":500,"url":"https:\/\/www.maxima-dia.com\/wp-content\/uploads\/2022\/03\/MaximaSpA-logo-quadrato.jpg","type":"image\/jpeg"}],"twitter_card":"summary_large_image","twitter_site":"@Maximadia","schema":{"@context":"https:\/\/schema.org","@graph":[{"@type":"WebPage","@id":"https:\/\/www.maxima-dia.com\/es\/la-formacion-maxima\/","url":"https:\/\/www.maxima-dia.com\/es\/la-formacion-maxima\/","name":"Formaci\u00f3n - Maxima SpA","isPartOf":{"@id":"https:\/\/www.maxima-dia.com\/es\/#website"},"datePublished":"2014-07-01T10:21:30+00:00","dateModified":"2023-06-23T07:06:30+00:00","description":"La formaci\u00f3n M\u00e1xima","breadcrumb":{"@id":"https:\/\/www.maxima-dia.com\/es\/la-formacion-maxima\/#breadcrumb"},"inLanguage":"es","potentialAction":[{"@type":"ReadAction","target":["https:\/\/www.maxima-dia.com\/es\/la-formacion-maxima\/"]}]},{"@type":"BreadcrumbList","@id":"https:\/\/www.maxima-dia.com\/es\/la-formacion-maxima\/#breadcrumb","itemListElement":[{"@type":"ListItem","position":1,"name":"Home","item":"https:\/\/www.maxima-dia.com\/es\/"},{"@type":"ListItem","position":2,"name":"Formaci\u00f3n"}]},{"@type":"WebSite","@id":"https:\/\/www.maxima-dia.com\/es\/#website","url":"https:\/\/www.maxima-dia.com\/es\/","name":"Maxima SpA","description":"Only for the real professionals","potentialAction":[{"@type":"SearchAction","target":{"@type":"EntryPoint","urlTemplate":"https:\/\/www.maxima-dia.com\/es\/?s={search_term_string}"},"query-input":{"@type":"PropertyValueSpecification","valueRequired":true,"valueName":"search_term_string"}}],"inLanguage":"es"}]}},"_links":{"self":[{"href":"https:\/\/www.maxima-dia.com\/es\/wp-json\/wp\/v2\/pages\/9967"}],"collection":[{"href":"https:\/\/www.maxima-dia.com\/es\/wp-json\/wp\/v2\/pages"}],"about":[{"href":"https:\/\/www.maxima-dia.com\/es\/wp-json\/wp\/v2\/types\/page"}],"author":[{"embeddable":true,"href":"https:\/\/www.maxima-dia.com\/es\/wp-json\/wp\/v2\/users\/29"}],"replies":[{"embeddable":true,"href":"https:\/\/www.maxima-dia.com\/es\/wp-json\/wp\/v2\/comments?post=9967"}],"version-history":[{"count":2,"href":"https:\/\/www.maxima-dia.com\/es\/wp-json\/wp\/v2\/pages\/9967\/revisions"}],"predecessor-version":[{"id":41459,"href":"https:\/\/www.maxima-dia.com\/es\/wp-json\/wp\/v2\/pages\/9967\/revisions\/41459"}],"wp:attachment":[{"href":"https:\/\/www.maxima-dia.com\/es\/wp-json\/wp\/v2\/media?parent=9967"}],"curies":[{"name":"wp","href":"https:\/\/api.w.org\/{rel}","templated":true}]}}