{"id":9970,"date":"2014-07-01T12:30:35","date_gmt":"2014-07-01T10:30:35","guid":{"rendered":"http:\/\/www.maxima-dia.com\/?page_id=9970"},"modified":"2019-08-07T11:35:08","modified_gmt":"2019-08-07T09:35:08","slug":"la-marca-maxima","status":"publish","type":"page","link":"https:\/\/www.maxima-dia.com\/es\/la-marca-maxima\/","title":{"rendered":"La Marca"},"content":{"rendered":"<h3>La Marca<\/h3>\n<p style=\"text-align: justify;\"><img loading=\"lazy\" decoding=\"async\" title=\"Fiera_foto_discobolo\" src=\"\/wp-content\/uploads\/2012\/09\/Fiera_foto_discobolo.jpg\" alt=\"\" width=\"610\" height=\"457\"><\/p>\n<p style=\"text-align: justify;\">Antes de todo. La certeza de querer prestar servicios y ofrecer productos de un nivel superior ha llevado a la elecci\u00f3n del nombre: M\u00e1xima.<\/p>\n<p style=\"text-align: justify;\">La elecci\u00f3n de ponerlo en su forma latina expresa longevidad y clasicismo, dando ese toque de elegancia que nos caracteriza. La combinaci\u00f3n de las tonalidades crom\u00e1ticas sigue esta misma direcci\u00f3n, uniendo la pasi\u00f3n representada por el color rojo a la elegancia y sencillez del color blanco. Nuestro s\u00edmbolo es del Disc\u00f3bolo de Mir\u00f3n: representa un modelo de perfecci\u00f3n art\u00edstica y atl\u00e9tica, elementos que tambi\u00e9n est\u00e1n presentes en el ADN de la empresa.<\/p>\n<p style=\"text-align: justify;\">El dinamismo del movimiento representa nuestro esp\u00edritu y el empuje hacia el futuro. El eslogan \u201cdiscos para campeones\u201d ha sido una consecuencia natural de la uni\u00f3n de estos elementos, ya que en el primer per\u00edodo de actividad la sociedad se dedicaba exclusivamente a la distribuci\u00f3n de discos de diamante.<\/p>\n","protected":false},"excerpt":{"rendered":"<p>La Marca Antes de todo. La certeza de querer prestar servicios y ofrecer productos de un nivel superior ha llevado a la elecci\u00f3n del nombre: M\u00e1xima. La elecci\u00f3n de ponerlo en su forma latina expresa longevidad y clasicismo, dando ese toque de elegancia que nos caracteriza. La combinaci\u00f3n de las tonalidades crom\u00e1ticas sigue esta misma direcci\u00f3n, uniendo la pasi\u00f3n representada por el color rojo a la elegancia y sencillez del color blanco. Nuestro s\u00edmbolo es del Disc\u00f3bolo de Mir\u00f3n: representa un modelo de perfecci\u00f3n art\u00edstica y atl\u00e9tica, elementos que tambi\u00e9n est\u00e1n presentes en el ADN de la empresa. El dinamismo del movimiento representa nuestro esp\u00edritu y el empuje hacia el futuro. El eslogan \u201cdiscos para campeones\u201d ha sido una consecuencia natural de la uni\u00f3n de estos elementos, ya que en el primer per\u00edodo de actividad la sociedad se dedicaba exclusivamente a la distribuci\u00f3n de discos de diamante.<\/p>\n","protected":false},"author":29,"featured_media":0,"parent":0,"menu_order":496,"comment_status":"closed","ping_status":"closed","template":"","meta":{"ngg_post_thumbnail":0,"_joinchat":[],"footnotes":""},"class_list":["post-9970","page","type-page","status-publish","hentry"],"yoast_head":"<!-- This site is optimized with the Yoast SEO plugin v25.5 - https:\/\/yoast.com\/wordpress\/plugins\/seo\/ -->\n<title>La Marca - Maxima SpA<\/title>\n<meta name=\"description\" content=\"La Marca Maxima. Antes de todo. La certeza de querer prestar servicios y ofrecer productos de un nivel superior ha llevado a la elecci\u00f3n del nombre: M\u00e1xima.\" \/>\n<meta name=\"robots\" content=\"index, follow, max-snippet:-1, max-image-preview:large, max-video-preview:-1\" \/>\n<link rel=\"canonical\" href=\"https:\/\/www.maxima-dia.com\/es\/la-marca-maxima\/\" \/>\n<meta property=\"og:locale\" content=\"es_ES\" \/>\n<meta property=\"og:type\" content=\"article\" \/>\n<meta property=\"og:title\" content=\"La Marca - Maxima SpA\" \/>\n<meta property=\"og:description\" content=\"La Marca Maxima. Antes de todo. La certeza de querer prestar servicios y ofrecer productos de un nivel superior ha llevado a la elecci\u00f3n del nombre: M\u00e1xima.\" \/>\n<meta property=\"og:url\" content=\"https:\/\/www.maxima-dia.com\/es\/la-marca-maxima\/\" \/>\n<meta property=\"og:site_name\" content=\"Maxima SpA\" \/>\n<meta property=\"article:publisher\" content=\"https:\/\/www.facebook.com\/Maxima-spa-106098566139597\" \/>\n<meta property=\"article:modified_time\" content=\"2019-08-07T09:35:08+00:00\" \/>\n<meta property=\"og:image\" content=\"https:\/\/www.maxima-dia.com\/wp-content\/uploads\/2012\/09\/Fiera_foto_discobolo.jpg\" \/>\n<meta name=\"twitter:card\" content=\"summary_large_image\" \/>\n<meta name=\"twitter:site\" content=\"@Maximadia\" \/>\n<meta name=\"twitter:label1\" content=\"Tiempo de lectura\" \/>\n\t<meta name=\"twitter:data1\" content=\"1 minuto\" \/>\n<script type=\"application\/ld+json\" class=\"yoast-schema-graph\">{\"@context\":\"https:\/\/schema.org\",\"@graph\":[{\"@type\":\"WebPage\",\"@id\":\"https:\/\/www.maxima-dia.com\/es\/la-marca-maxima\/\",\"url\":\"https:\/\/www.maxima-dia.com\/es\/la-marca-maxima\/\",\"name\":\"La Marca - Maxima SpA\",\"isPartOf\":{\"@id\":\"https:\/\/www.maxima-dia.com\/es\/#website\"},\"datePublished\":\"2014-07-01T10:30:35+00:00\",\"dateModified\":\"2019-08-07T09:35:08+00:00\",\"description\":\"La Marca Maxima. Antes de todo. La certeza de querer prestar servicios y ofrecer productos de un nivel superior ha llevado a la elecci\u00f3n del nombre: M\u00e1xima.\",\"breadcrumb\":{\"@id\":\"https:\/\/www.maxima-dia.com\/es\/la-marca-maxima\/#breadcrumb\"},\"inLanguage\":\"es\",\"potentialAction\":[{\"@type\":\"ReadAction\",\"target\":[\"https:\/\/www.maxima-dia.com\/es\/la-marca-maxima\/\"]}]},{\"@type\":\"BreadcrumbList\",\"@id\":\"https:\/\/www.maxima-dia.com\/es\/la-marca-maxima\/#breadcrumb\",\"itemListElement\":[{\"@type\":\"ListItem\",\"position\":1,\"name\":\"Home\",\"item\":\"https:\/\/www.maxima-dia.com\/es\/\"},{\"@type\":\"ListItem\",\"position\":2,\"name\":\"La Marca\"}]},{\"@type\":\"WebSite\",\"@id\":\"https:\/\/www.maxima-dia.com\/es\/#website\",\"url\":\"https:\/\/www.maxima-dia.com\/es\/\",\"name\":\"Maxima SpA\",\"description\":\"Only for the real professionals\",\"potentialAction\":[{\"@type\":\"SearchAction\",\"target\":{\"@type\":\"EntryPoint\",\"urlTemplate\":\"https:\/\/www.maxima-dia.com\/es\/?s={search_term_string}\"},\"query-input\":{\"@type\":\"PropertyValueSpecification\",\"valueRequired\":true,\"valueName\":\"search_term_string\"}}],\"inLanguage\":\"es\"}]}<\/script>\n<!-- \/ Yoast SEO plugin. -->","yoast_head_json":{"title":"La Marca - Maxima SpA","description":"La Marca Maxima. Antes de todo. La certeza de querer prestar servicios y ofrecer productos de un nivel superior ha llevado a la elecci\u00f3n del nombre: M\u00e1xima.","robots":{"index":"index","follow":"follow","max-snippet":"max-snippet:-1","max-image-preview":"max-image-preview:large","max-video-preview":"max-video-preview:-1"},"canonical":"https:\/\/www.maxima-dia.com\/es\/la-marca-maxima\/","og_locale":"es_ES","og_type":"article","og_title":"La Marca - Maxima SpA","og_description":"La Marca Maxima. Antes de todo. La certeza de querer prestar servicios y ofrecer productos de un nivel superior ha llevado a la elecci\u00f3n del nombre: M\u00e1xima.","og_url":"https:\/\/www.maxima-dia.com\/es\/la-marca-maxima\/","og_site_name":"Maxima SpA","article_publisher":"https:\/\/www.facebook.com\/Maxima-spa-106098566139597","article_modified_time":"2019-08-07T09:35:08+00:00","og_image":[{"url":"https:\/\/www.maxima-dia.com\/wp-content\/uploads\/2012\/09\/Fiera_foto_discobolo.jpg","type":"","width":"","height":""}],"twitter_card":"summary_large_image","twitter_site":"@Maximadia","twitter_misc":{"Tiempo de lectura":"1 minuto"},"schema":{"@context":"https:\/\/schema.org","@graph":[{"@type":"WebPage","@id":"https:\/\/www.maxima-dia.com\/es\/la-marca-maxima\/","url":"https:\/\/www.maxima-dia.com\/es\/la-marca-maxima\/","name":"La Marca - Maxima SpA","isPartOf":{"@id":"https:\/\/www.maxima-dia.com\/es\/#website"},"datePublished":"2014-07-01T10:30:35+00:00","dateModified":"2019-08-07T09:35:08+00:00","description":"La Marca Maxima. Antes de todo. La certeza de querer prestar servicios y ofrecer productos de un nivel superior ha llevado a la elecci\u00f3n del nombre: M\u00e1xima.","breadcrumb":{"@id":"https:\/\/www.maxima-dia.com\/es\/la-marca-maxima\/#breadcrumb"},"inLanguage":"es","potentialAction":[{"@type":"ReadAction","target":["https:\/\/www.maxima-dia.com\/es\/la-marca-maxima\/"]}]},{"@type":"BreadcrumbList","@id":"https:\/\/www.maxima-dia.com\/es\/la-marca-maxima\/#breadcrumb","itemListElement":[{"@type":"ListItem","position":1,"name":"Home","item":"https:\/\/www.maxima-dia.com\/es\/"},{"@type":"ListItem","position":2,"name":"La Marca"}]},{"@type":"WebSite","@id":"https:\/\/www.maxima-dia.com\/es\/#website","url":"https:\/\/www.maxima-dia.com\/es\/","name":"Maxima SpA","description":"Only for the real professionals","potentialAction":[{"@type":"SearchAction","target":{"@type":"EntryPoint","urlTemplate":"https:\/\/www.maxima-dia.com\/es\/?s={search_term_string}"},"query-input":{"@type":"PropertyValueSpecification","valueRequired":true,"valueName":"search_term_string"}}],"inLanguage":"es"}]}},"_links":{"self":[{"href":"https:\/\/www.maxima-dia.com\/es\/wp-json\/wp\/v2\/pages\/9970"}],"collection":[{"href":"https:\/\/www.maxima-dia.com\/es\/wp-json\/wp\/v2\/pages"}],"about":[{"href":"https:\/\/www.maxima-dia.com\/es\/wp-json\/wp\/v2\/types\/page"}],"author":[{"embeddable":true,"href":"https:\/\/www.maxima-dia.com\/es\/wp-json\/wp\/v2\/users\/29"}],"replies":[{"embeddable":true,"href":"https:\/\/www.maxima-dia.com\/es\/wp-json\/wp\/v2\/comments?post=9970"}],"version-history":[{"count":0,"href":"https:\/\/www.maxima-dia.com\/es\/wp-json\/wp\/v2\/pages\/9970\/revisions"}],"wp:attachment":[{"href":"https:\/\/www.maxima-dia.com\/es\/wp-json\/wp\/v2\/media?parent=9970"}],"curies":[{"name":"wp","href":"https:\/\/api.w.org\/{rel}","templated":true}]}}