{"id":9974,"date":"2014-07-01T12:32:34","date_gmt":"2014-07-01T10:32:34","guid":{"rendered":"http:\/\/www.maxima-dia.com\/?page_id=9974"},"modified":"2019-08-07T11:35:31","modified_gmt":"2019-08-07T09:35:31","slug":"el-crecimiento","status":"publish","type":"page","link":"https:\/\/www.maxima-dia.com\/es\/el-crecimiento\/","title":{"rendered":"El Crecimiento"},"content":{"rendered":"<h3 align=\"justify\">El Crecimiento<\/h3>\n<p style=\"text-align: justify;\" align=\"justify\"><img loading=\"lazy\" decoding=\"async\" title=\"grafico\" src=\"\/wp-content\/uploads\/2011\/09\/grafico.jpg\" alt=\"\" width=\"610\" height=\"400\"><br \/>\nA partir de 2001, a\u00f1o de su fundaci\u00f3n, M\u00e1xima ha registrado una tendencia constante de crecimiento que le ha permitido ponerse actualmente como una de las realidades principales del sector.<\/p>\n<p style=\"text-align: justify;\" align=\"justify\">Las razones de este crecimiento se identifican, adem\u00e1s que, por supuesto, en la elecci\u00f3n de los productos y de los proveedores, tambi\u00e9n en un enfoque de marketing que ha apostado a la valoraci\u00f3n de la marca y a la b\u00fasqueda de recursos humanos que pudieran compartir su esp\u00edritu y transmitir al exterior su mensaje de la forma correcta.<\/p>\n<p style=\"text-align: justify;\" align=\"justify\">La capacidad de simplificar y hacer comprensible un lenguaje normalmente muy t\u00e9cnico, logrando de esta forma comunicar efectivamente con sus clientes, ha llevado M\u00e1xima a ser un protagonista del sector.<\/p>\n<p style=\"text-align: justify;\" align=\"justify\">En el \u00e1mbito del sector en que la empresa opera, el factor est\u00e9tico representa, para M\u00e1xima, un valor a\u00f1adido.<\/p>\n","protected":false},"excerpt":{"rendered":"<p>El Crecimiento A partir de 2001, a\u00f1o de su fundaci\u00f3n, M\u00e1xima ha registrado una tendencia constante de crecimiento que le ha permitido ponerse actualmente como una de las realidades principales del sector. Las razones de este crecimiento se identifican, adem\u00e1s que, por supuesto, en la elecci\u00f3n de los productos y de los proveedores, tambi\u00e9n en un enfoque de marketing que ha apostado a la valoraci\u00f3n de la marca y a la b\u00fasqueda de recursos humanos que pudieran compartir su esp\u00edritu y transmitir al exterior su mensaje de la forma correcta. La capacidad de simplificar y hacer comprensible un lenguaje normalmente muy t\u00e9cnico, logrando de esta forma comunicar efectivamente con sus clientes, ha llevado M\u00e1xima a ser un protagonista del sector. En el \u00e1mbito del sector en que la empresa opera, el factor est\u00e9tico representa, para M\u00e1xima, un valor a\u00f1adido.<\/p>\n","protected":false},"author":29,"featured_media":0,"parent":0,"menu_order":255,"comment_status":"closed","ping_status":"closed","template":"","meta":{"ngg_post_thumbnail":0,"_joinchat":[],"footnotes":""},"class_list":["post-9974","page","type-page","status-publish","hentry"],"yoast_head":"<!-- This site is optimized with the Yoast SEO plugin v25.5 - https:\/\/yoast.com\/wordpress\/plugins\/seo\/ -->\n<title>El Crecimiento - Maxima SpA<\/title>\n<meta name=\"description\" content=\"A partir de 2001, a\u00f1o de su fundaci\u00f3n, M\u00e1xima ha registrado una tendencia constante de crecimiento que le ha permitido ponerse actualmente como una de las realidades principales del sector.\" \/>\n<meta name=\"robots\" content=\"index, follow, max-snippet:-1, max-image-preview:large, max-video-preview:-1\" \/>\n<link rel=\"canonical\" href=\"https:\/\/www.maxima-dia.com\/es\/el-crecimiento\/\" \/>\n<meta property=\"og:locale\" content=\"es_ES\" \/>\n<meta property=\"og:type\" content=\"article\" \/>\n<meta property=\"og:title\" content=\"El Crecimiento - Maxima SpA\" \/>\n<meta property=\"og:description\" content=\"A partir de 2001, a\u00f1o de su fundaci\u00f3n, M\u00e1xima ha registrado una tendencia constante de crecimiento que le ha permitido ponerse actualmente como una de las realidades principales del sector.\" \/>\n<meta property=\"og:url\" content=\"https:\/\/www.maxima-dia.com\/es\/el-crecimiento\/\" \/>\n<meta property=\"og:site_name\" content=\"Maxima SpA\" \/>\n<meta property=\"article:publisher\" content=\"https:\/\/www.facebook.com\/Maxima-spa-106098566139597\" \/>\n<meta property=\"article:modified_time\" content=\"2019-08-07T09:35:31+00:00\" \/>\n<meta property=\"og:image\" content=\"https:\/\/www.maxima-dia.com\/wp-content\/uploads\/2011\/09\/grafico.jpg\" \/>\n<meta name=\"twitter:card\" content=\"summary_large_image\" \/>\n<meta name=\"twitter:site\" content=\"@Maximadia\" \/>\n<meta name=\"twitter:label1\" content=\"Tiempo de lectura\" \/>\n\t<meta name=\"twitter:data1\" content=\"1 minuto\" \/>\n<script type=\"application\/ld+json\" class=\"yoast-schema-graph\">{\"@context\":\"https:\/\/schema.org\",\"@graph\":[{\"@type\":\"WebPage\",\"@id\":\"https:\/\/www.maxima-dia.com\/es\/el-crecimiento\/\",\"url\":\"https:\/\/www.maxima-dia.com\/es\/el-crecimiento\/\",\"name\":\"El Crecimiento - Maxima SpA\",\"isPartOf\":{\"@id\":\"https:\/\/www.maxima-dia.com\/es\/#website\"},\"datePublished\":\"2014-07-01T10:32:34+00:00\",\"dateModified\":\"2019-08-07T09:35:31+00:00\",\"description\":\"A partir de 2001, a\u00f1o de su fundaci\u00f3n, M\u00e1xima ha registrado una tendencia constante de crecimiento que le ha permitido ponerse actualmente como una de las realidades principales del sector.\",\"breadcrumb\":{\"@id\":\"https:\/\/www.maxima-dia.com\/es\/el-crecimiento\/#breadcrumb\"},\"inLanguage\":\"es\",\"potentialAction\":[{\"@type\":\"ReadAction\",\"target\":[\"https:\/\/www.maxima-dia.com\/es\/el-crecimiento\/\"]}]},{\"@type\":\"BreadcrumbList\",\"@id\":\"https:\/\/www.maxima-dia.com\/es\/el-crecimiento\/#breadcrumb\",\"itemListElement\":[{\"@type\":\"ListItem\",\"position\":1,\"name\":\"Home\",\"item\":\"https:\/\/www.maxima-dia.com\/es\/\"},{\"@type\":\"ListItem\",\"position\":2,\"name\":\"El Crecimiento\"}]},{\"@type\":\"WebSite\",\"@id\":\"https:\/\/www.maxima-dia.com\/es\/#website\",\"url\":\"https:\/\/www.maxima-dia.com\/es\/\",\"name\":\"Maxima SpA\",\"description\":\"Only for the real professionals\",\"potentialAction\":[{\"@type\":\"SearchAction\",\"target\":{\"@type\":\"EntryPoint\",\"urlTemplate\":\"https:\/\/www.maxima-dia.com\/es\/?s={search_term_string}\"},\"query-input\":{\"@type\":\"PropertyValueSpecification\",\"valueRequired\":true,\"valueName\":\"search_term_string\"}}],\"inLanguage\":\"es\"}]}<\/script>\n<!-- \/ Yoast SEO plugin. -->","yoast_head_json":{"title":"El Crecimiento - Maxima SpA","description":"A partir de 2001, a\u00f1o de su fundaci\u00f3n, M\u00e1xima ha registrado una tendencia constante de crecimiento que le ha permitido ponerse actualmente como una de las realidades principales del sector.","robots":{"index":"index","follow":"follow","max-snippet":"max-snippet:-1","max-image-preview":"max-image-preview:large","max-video-preview":"max-video-preview:-1"},"canonical":"https:\/\/www.maxima-dia.com\/es\/el-crecimiento\/","og_locale":"es_ES","og_type":"article","og_title":"El Crecimiento - Maxima SpA","og_description":"A partir de 2001, a\u00f1o de su fundaci\u00f3n, M\u00e1xima ha registrado una tendencia constante de crecimiento que le ha permitido ponerse actualmente como una de las realidades principales del sector.","og_url":"https:\/\/www.maxima-dia.com\/es\/el-crecimiento\/","og_site_name":"Maxima SpA","article_publisher":"https:\/\/www.facebook.com\/Maxima-spa-106098566139597","article_modified_time":"2019-08-07T09:35:31+00:00","og_image":[{"url":"https:\/\/www.maxima-dia.com\/wp-content\/uploads\/2011\/09\/grafico.jpg","type":"","width":"","height":""}],"twitter_card":"summary_large_image","twitter_site":"@Maximadia","twitter_misc":{"Tiempo de lectura":"1 minuto"},"schema":{"@context":"https:\/\/schema.org","@graph":[{"@type":"WebPage","@id":"https:\/\/www.maxima-dia.com\/es\/el-crecimiento\/","url":"https:\/\/www.maxima-dia.com\/es\/el-crecimiento\/","name":"El Crecimiento - Maxima SpA","isPartOf":{"@id":"https:\/\/www.maxima-dia.com\/es\/#website"},"datePublished":"2014-07-01T10:32:34+00:00","dateModified":"2019-08-07T09:35:31+00:00","description":"A partir de 2001, a\u00f1o de su fundaci\u00f3n, M\u00e1xima ha registrado una tendencia constante de crecimiento que le ha permitido ponerse actualmente como una de las realidades principales del sector.","breadcrumb":{"@id":"https:\/\/www.maxima-dia.com\/es\/el-crecimiento\/#breadcrumb"},"inLanguage":"es","potentialAction":[{"@type":"ReadAction","target":["https:\/\/www.maxima-dia.com\/es\/el-crecimiento\/"]}]},{"@type":"BreadcrumbList","@id":"https:\/\/www.maxima-dia.com\/es\/el-crecimiento\/#breadcrumb","itemListElement":[{"@type":"ListItem","position":1,"name":"Home","item":"https:\/\/www.maxima-dia.com\/es\/"},{"@type":"ListItem","position":2,"name":"El Crecimiento"}]},{"@type":"WebSite","@id":"https:\/\/www.maxima-dia.com\/es\/#website","url":"https:\/\/www.maxima-dia.com\/es\/","name":"Maxima SpA","description":"Only for the real professionals","potentialAction":[{"@type":"SearchAction","target":{"@type":"EntryPoint","urlTemplate":"https:\/\/www.maxima-dia.com\/es\/?s={search_term_string}"},"query-input":{"@type":"PropertyValueSpecification","valueRequired":true,"valueName":"search_term_string"}}],"inLanguage":"es"}]}},"_links":{"self":[{"href":"https:\/\/www.maxima-dia.com\/es\/wp-json\/wp\/v2\/pages\/9974"}],"collection":[{"href":"https:\/\/www.maxima-dia.com\/es\/wp-json\/wp\/v2\/pages"}],"about":[{"href":"https:\/\/www.maxima-dia.com\/es\/wp-json\/wp\/v2\/types\/page"}],"author":[{"embeddable":true,"href":"https:\/\/www.maxima-dia.com\/es\/wp-json\/wp\/v2\/users\/29"}],"replies":[{"embeddable":true,"href":"https:\/\/www.maxima-dia.com\/es\/wp-json\/wp\/v2\/comments?post=9974"}],"version-history":[{"count":0,"href":"https:\/\/www.maxima-dia.com\/es\/wp-json\/wp\/v2\/pages\/9974\/revisions"}],"wp:attachment":[{"href":"https:\/\/www.maxima-dia.com\/es\/wp-json\/wp\/v2\/media?parent=9974"}],"curies":[{"name":"wp","href":"https:\/\/api.w.org\/{rel}","templated":true}]}}