{"id":9982,"date":"2014-07-01T13:00:34","date_gmt":"2014-07-01T11:00:34","guid":{"rendered":"http:\/\/www.maxima-dia.com\/?page_id=9982"},"modified":"2019-09-11T18:09:12","modified_gmt":"2019-09-11T16:09:12","slug":"testimonial-martin-castrogiovanni-2012","status":"publish","type":"page","link":"https:\/\/www.maxima-dia.com\/es\/testimonial-martin-castrogiovanni-2012\/","title":{"rendered":"Mart\u00edn Castrogiovanni 2012"},"content":{"rendered":"<h3>El jugador de rugby Castrogiovanni es el testimonial para el a\u00f1o 2012 de M\u00e1xima<\/h3>\n<div id=\"attachment_7567\" style=\"width: 280px\" class=\"wp-caption alignright\"><a href=\"\/wp-content\/uploads\/2012\/10\/castrogiovanni_mirco.jpg\"><img loading=\"lazy\" decoding=\"async\" aria-describedby=\"caption-attachment-7567\" class=\" wp-image-7567\" title=\"Mirco Dall\u2019Olio y Mart\u00edn Castrogiovanni\" src=\"\/wp-content\/uploads\/2012\/10\/castrogiovanni_mirco-300x234.jpg\" alt=\"Mirco Dall\u2019Olio y Mart\u00edn Castrogiovanni\" width=\"270\" height=\"234\"><\/a><p id=\"caption-attachment-7567\" class=\"wp-caption-text\">Mirco Dall\u2019Olio y Mart\u00edn Castrogiovanni<\/p><\/div>\n<p>Mart\u00edn Castrogiovanni, el c\u00e9lebre campe\u00f3n de la Selecci\u00f3n Italiana de Rugby, es el nuevo testimonial para el a\u00f1o 2012 de M\u00e1xima, empresa din\u00e1mica activa en el sector de la construcci\u00f3n, con la distribuci\u00f3n de herramientas de diamante y de m\u00e1quinas para la construcci\u00f3n para corte y perforaci\u00f3n.<\/p>\n<p>A continuaci\u00f3n un breve extracto del art\u00edculo que se ha publicado en el peri\u00f3dico Gazzetta di Reggio, en la fecha 10 de julio de 2012. \u201cMart\u00edn Castrogiovanni, pilar y capit\u00e1n de la selecci\u00f3n italiana de Rugby y del equipo Leichester Tigers, ha sido elegido por M\u00e1xima, empresa l\u00edder en el sector del corte y de la perforaci\u00f3n con herramientas de diamante, como testimonial de la \u00faltima campa\u00f1a publicitaria, \u201cPotencia M\u00e1xima\u201d.<\/p>\n<p>Se trata de una colaboraci\u00f3n entre una empresa que desde el a\u00f1o 2001 nunca ha dejado de incrementar ingresos y vol\u00famenes de ventas, y Mart\u00edn Castrogiovanni, un verdadero gigante en su deporte, un ejemplo de potencia, abnegaci\u00f3n y profesionalismo.<\/p>\n<p>\u201cMart\u00edn Castrogiovanni \u2013 afirma Mirco Dall\u2019Olio, titular de M\u00e1xima \u2013 ha sido elegido por su f\u00edsico, por el deporte que representa y por la imagen transparente que encarna el esp\u00edritu con que nuestra empresa se propone en el mercado. Nuestra exigencia era comunicar al gran p\u00fablico que nuestros productos son poderosos, duraderos y que permiten prestaciones de nivel muy alto. \u00bfCu\u00e1l testimonial pod\u00eda ser mejor?<\/p>\n<p>El rugby \u2013 contin\u00faa Dall\u2019Olio \u2013 es un deporte limpio, del cual nos sentimos representados, un deporte transversal, muy apreciado en Italia y en algunos Pa\u00edses en que deseamos expandirnos\u201d.<\/p>\nngg_shortcode_0_placeholder\n","protected":false},"excerpt":{"rendered":"<p>El jugador de rugby Castrogiovanni es el testimonial para el a\u00f1o 2012 de M\u00e1xima Mart\u00edn Castrogiovanni, el c\u00e9lebre campe\u00f3n de la Selecci\u00f3n Italiana de Rugby, es el nuevo testimonial para el a\u00f1o 2012 de M\u00e1xima, empresa din\u00e1mica activa en el sector de la construcci\u00f3n, con la distribuci\u00f3n de herramientas de diamante y de m\u00e1quinas para la construcci\u00f3n para corte y perforaci\u00f3n. A continuaci\u00f3n un breve extracto del art\u00edculo que se ha publicado en el peri\u00f3dico Gazzetta di Reggio, en la fecha 10 de julio de 2012. \u201cMart\u00edn Castrogiovanni, pilar y capit\u00e1n de la selecci\u00f3n italiana de Rugby y del equipo Leichester Tigers, ha sido elegido por M\u00e1xima, empresa l\u00edder en el sector del corte y de la perforaci\u00f3n con herramientas de diamante, como testimonial de la \u00faltima campa\u00f1a publicitaria, \u201cPotencia M\u00e1xima\u201d. Se trata de una colaboraci\u00f3n entre una empresa que desde el a\u00f1o 2001 nunca ha dejado de incrementar ingresos y vol\u00famenes de ventas, y Mart\u00edn Castrogiovanni, un verdadero gigante en su deporte, un ejemplo de potencia, abnegaci\u00f3n y profesionalismo. \u201cMart\u00edn Castrogiovanni \u2013 afirma Mirco Dall\u2019Olio, titular de M\u00e1xima \u2013 ha sido elegido por su f\u00edsico, por el deporte que representa y por la imagen transparente que encarna el esp\u00edritu [&hellip;]<\/p>\n","protected":false},"author":29,"featured_media":0,"parent":0,"menu_order":322,"comment_status":"closed","ping_status":"closed","template":"","meta":{"ngg_post_thumbnail":0,"_joinchat":[],"footnotes":""},"class_list":["post-9982","page","type-page","status-publish","hentry"],"yoast_head":"<!-- This site is optimized with the Yoast SEO plugin v25.5 - https:\/\/yoast.com\/wordpress\/plugins\/seo\/ -->\n<title>Mart\u00edn Castrogiovanni 2012 - Maxima SpA<\/title>\n<meta name=\"description\" content=\"El jugador de rugby Castrogiovanni es el testimonial para el a\u00f1o 2012 de M\u00e1xima\" \/>\n<meta name=\"robots\" content=\"index, follow, max-snippet:-1, max-image-preview:large, max-video-preview:-1\" \/>\n<link rel=\"canonical\" href=\"https:\/\/www.maxima-dia.com\/es\/testimonial-martin-castrogiovanni-2012\/\" \/>\n<meta property=\"og:locale\" content=\"es_ES\" \/>\n<meta property=\"og:type\" content=\"article\" \/>\n<meta property=\"og:title\" content=\"Mart\u00edn Castrogiovanni 2012 - Maxima SpA\" \/>\n<meta property=\"og:description\" content=\"El jugador de rugby Castrogiovanni es el testimonial para el a\u00f1o 2012 de M\u00e1xima\" \/>\n<meta property=\"og:url\" content=\"https:\/\/www.maxima-dia.com\/es\/testimonial-martin-castrogiovanni-2012\/\" \/>\n<meta property=\"og:site_name\" content=\"Maxima SpA\" \/>\n<meta property=\"article:publisher\" content=\"https:\/\/www.facebook.com\/Maxima-spa-106098566139597\" \/>\n<meta property=\"article:modified_time\" content=\"2019-09-11T16:09:12+00:00\" \/>\n<meta property=\"og:image\" content=\"https:\/\/www.maxima-dia.com\/wp-content\/uploads\/2012\/10\/castrogiovanni_mirco-300x234.jpg\" \/>\n<meta name=\"twitter:card\" content=\"summary_large_image\" \/>\n<meta name=\"twitter:site\" content=\"@Maximadia\" \/>\n<meta name=\"twitter:label1\" content=\"Tiempo de lectura\" \/>\n\t<meta name=\"twitter:data1\" content=\"2 minutos\" \/>\n<script type=\"application\/ld+json\" class=\"yoast-schema-graph\">{\"@context\":\"https:\/\/schema.org\",\"@graph\":[{\"@type\":\"WebPage\",\"@id\":\"https:\/\/www.maxima-dia.com\/es\/testimonial-martin-castrogiovanni-2012\/\",\"url\":\"https:\/\/www.maxima-dia.com\/es\/testimonial-martin-castrogiovanni-2012\/\",\"name\":\"Mart\u00edn Castrogiovanni 2012 - Maxima SpA\",\"isPartOf\":{\"@id\":\"https:\/\/www.maxima-dia.com\/es\/#website\"},\"datePublished\":\"2014-07-01T11:00:34+00:00\",\"dateModified\":\"2019-09-11T16:09:12+00:00\",\"description\":\"El jugador de rugby Castrogiovanni es el testimonial para el a\u00f1o 2012 de M\u00e1xima\",\"breadcrumb\":{\"@id\":\"https:\/\/www.maxima-dia.com\/es\/testimonial-martin-castrogiovanni-2012\/#breadcrumb\"},\"inLanguage\":\"es\",\"potentialAction\":[{\"@type\":\"ReadAction\",\"target\":[\"https:\/\/www.maxima-dia.com\/es\/testimonial-martin-castrogiovanni-2012\/\"]}]},{\"@type\":\"BreadcrumbList\",\"@id\":\"https:\/\/www.maxima-dia.com\/es\/testimonial-martin-castrogiovanni-2012\/#breadcrumb\",\"itemListElement\":[{\"@type\":\"ListItem\",\"position\":1,\"name\":\"Home\",\"item\":\"https:\/\/www.maxima-dia.com\/es\/\"},{\"@type\":\"ListItem\",\"position\":2,\"name\":\"Mart\u00edn Castrogiovanni 2012\"}]},{\"@type\":\"WebSite\",\"@id\":\"https:\/\/www.maxima-dia.com\/es\/#website\",\"url\":\"https:\/\/www.maxima-dia.com\/es\/\",\"name\":\"Maxima SpA\",\"description\":\"Only for the real professionals\",\"potentialAction\":[{\"@type\":\"SearchAction\",\"target\":{\"@type\":\"EntryPoint\",\"urlTemplate\":\"https:\/\/www.maxima-dia.com\/es\/?s={search_term_string}\"},\"query-input\":{\"@type\":\"PropertyValueSpecification\",\"valueRequired\":true,\"valueName\":\"search_term_string\"}}],\"inLanguage\":\"es\"}]}<\/script>\n<!-- \/ Yoast SEO plugin. -->","yoast_head_json":{"title":"Mart\u00edn Castrogiovanni 2012 - Maxima SpA","description":"El jugador de rugby Castrogiovanni es el testimonial para el a\u00f1o 2012 de M\u00e1xima","robots":{"index":"index","follow":"follow","max-snippet":"max-snippet:-1","max-image-preview":"max-image-preview:large","max-video-preview":"max-video-preview:-1"},"canonical":"https:\/\/www.maxima-dia.com\/es\/testimonial-martin-castrogiovanni-2012\/","og_locale":"es_ES","og_type":"article","og_title":"Mart\u00edn Castrogiovanni 2012 - Maxima SpA","og_description":"El jugador de rugby Castrogiovanni es el testimonial para el a\u00f1o 2012 de M\u00e1xima","og_url":"https:\/\/www.maxima-dia.com\/es\/testimonial-martin-castrogiovanni-2012\/","og_site_name":"Maxima SpA","article_publisher":"https:\/\/www.facebook.com\/Maxima-spa-106098566139597","article_modified_time":"2019-09-11T16:09:12+00:00","og_image":[{"url":"https:\/\/www.maxima-dia.com\/wp-content\/uploads\/2012\/10\/castrogiovanni_mirco-300x234.jpg","type":"","width":"","height":""}],"twitter_card":"summary_large_image","twitter_site":"@Maximadia","twitter_misc":{"Tiempo de lectura":"2 minutos"},"schema":{"@context":"https:\/\/schema.org","@graph":[{"@type":"WebPage","@id":"https:\/\/www.maxima-dia.com\/es\/testimonial-martin-castrogiovanni-2012\/","url":"https:\/\/www.maxima-dia.com\/es\/testimonial-martin-castrogiovanni-2012\/","name":"Mart\u00edn Castrogiovanni 2012 - Maxima SpA","isPartOf":{"@id":"https:\/\/www.maxima-dia.com\/es\/#website"},"datePublished":"2014-07-01T11:00:34+00:00","dateModified":"2019-09-11T16:09:12+00:00","description":"El jugador de rugby Castrogiovanni es el testimonial para el a\u00f1o 2012 de M\u00e1xima","breadcrumb":{"@id":"https:\/\/www.maxima-dia.com\/es\/testimonial-martin-castrogiovanni-2012\/#breadcrumb"},"inLanguage":"es","potentialAction":[{"@type":"ReadAction","target":["https:\/\/www.maxima-dia.com\/es\/testimonial-martin-castrogiovanni-2012\/"]}]},{"@type":"BreadcrumbList","@id":"https:\/\/www.maxima-dia.com\/es\/testimonial-martin-castrogiovanni-2012\/#breadcrumb","itemListElement":[{"@type":"ListItem","position":1,"name":"Home","item":"https:\/\/www.maxima-dia.com\/es\/"},{"@type":"ListItem","position":2,"name":"Mart\u00edn Castrogiovanni 2012"}]},{"@type":"WebSite","@id":"https:\/\/www.maxima-dia.com\/es\/#website","url":"https:\/\/www.maxima-dia.com\/es\/","name":"Maxima SpA","description":"Only for the real professionals","potentialAction":[{"@type":"SearchAction","target":{"@type":"EntryPoint","urlTemplate":"https:\/\/www.maxima-dia.com\/es\/?s={search_term_string}"},"query-input":{"@type":"PropertyValueSpecification","valueRequired":true,"valueName":"search_term_string"}}],"inLanguage":"es"}]}},"_links":{"self":[{"href":"https:\/\/www.maxima-dia.com\/es\/wp-json\/wp\/v2\/pages\/9982"}],"collection":[{"href":"https:\/\/www.maxima-dia.com\/es\/wp-json\/wp\/v2\/pages"}],"about":[{"href":"https:\/\/www.maxima-dia.com\/es\/wp-json\/wp\/v2\/types\/page"}],"author":[{"embeddable":true,"href":"https:\/\/www.maxima-dia.com\/es\/wp-json\/wp\/v2\/users\/29"}],"replies":[{"embeddable":true,"href":"https:\/\/www.maxima-dia.com\/es\/wp-json\/wp\/v2\/comments?post=9982"}],"version-history":[{"count":0,"href":"https:\/\/www.maxima-dia.com\/es\/wp-json\/wp\/v2\/pages\/9982\/revisions"}],"wp:attachment":[{"href":"https:\/\/www.maxima-dia.com\/es\/wp-json\/wp\/v2\/media?parent=9982"}],"curies":[{"name":"wp","href":"https:\/\/api.w.org\/{rel}","templated":true}]}}