{"id":9986,"date":"2014-07-01T14:41:53","date_gmt":"2014-07-01T12:41:53","guid":{"rendered":"http:\/\/www.maxima-dia.com\/?page_id=9986"},"modified":"2019-08-07T11:34:55","modified_gmt":"2019-08-07T09:34:55","slug":"nuevo-testimonial-maxima-2013","status":"publish","type":"page","link":"https:\/\/www.maxima-dia.com\/es\/nuevo-testimonial-maxima-2013\/","title":{"rendered":"Nuevo testimonial M\u00c1XIMA 2013"},"content":{"rendered":"<h3>Fabio Cannavaro, el c\u00e9lebre capit\u00e1n de la Selecci\u00f3n Italiana de f\u00fatbol campeona del mundo 2006, es el nuevo testimonial de M\u00e1xima para el a\u00f1o 2013<\/h3>\n<div id=\"attachment_5069\" style=\"width: 310px\" class=\"wp-caption alignright\"><a title=\"Fabio Cannavaro, \u00e8 il nuovo testimonial 2013 di Maxima\" href=\"\/wp-content\/uploads\/2013\/04\/fabio-cannavaro-1.jpg\"><img loading=\"lazy\" decoding=\"async\" aria-describedby=\"caption-attachment-5069\" class=\"wp-image-5069 size-medium\" title=\"Mirco Dall\u2019Olio, titular de M\u00e1xima y Fabio Cannavaro\" src=\"https:\/\/www.maxima-dia.com\/wp-content\/uploads\/2013\/04\/fabio-cannavaro-1-300x232.jpg\" alt=\"Mirco Dall\u2019Olio, titular de M\u00e1xima y Fabio Cannavaro\" width=\"300\" height=\"232\" srcset=\"https:\/\/www.maxima-dia.com\/wp-content\/uploads\/2013\/04\/fabio-cannavaro-1-300x232.jpg 300w, https:\/\/www.maxima-dia.com\/wp-content\/uploads\/2013\/04\/fabio-cannavaro-1.jpg 481w\" sizes=\"(max-width: 300px) 100vw, 300px\" \/><\/a><p id=\"caption-attachment-5069\" class=\"wp-caption-text\">Mirco Dall\u2019Olio, titular de M\u00e1xima y Fabio Cannavaro<\/p><\/div>\n<p style=\"text-align: justify;\">La din\u00e1mica empresa de Poviglio, activa en los mercados de la construcci\u00f3n y de la termohidr\u00e1ulica con la distribuci\u00f3n de herramientas diamantadas y de m\u00e1quinas para la construcci\u00f3n y la perforaci\u00f3n, ha elegido el campe\u00f3n de la Selecci\u00f3n despu\u00e9s de que el a\u00f1o pasado se hab\u00eda hecho representar por Mart\u00edn Castrogiovanni, el conocido jugador de rugby italo-argentino, continuando de esta forma la serie de los personajes deportivos de primer nivel.<\/p>\n<p style=\"text-align: justify;\">Marco Dall\u2019Olio, titular de M\u00e1xima, explica las razones de la elecci\u00f3n. \u201cFabio Cannavaro es el s\u00edmbolo perfecto para nuestra empresa, que con el eslogan \u00abDisco para campeones\u00bb expresa lo que hacemos y como lo hacemos. Nuestra exigencia \u2013 contin\u00faa Dall\u2019Olio \u2013 era la de ampliar nuestros mercados, sobre todo en el extranjero, y tambi\u00e9n en Italia meridional. Por lo tanto, hemos considerado que la figura de Fabio Cannavaro pod\u00eda ser una de las elecciones mejores posibles. A pesar de la coyuntura econ\u00f3mica dif\u00edcil que estamos viviendo, especialmente en nuestro sector, hemos decidido invertir fuertemente en la promoci\u00f3n de nuestra marca, y deseamos que los frutos no tarden en llegar. Por otra parte, Fabio es un personaje ganador, transversal y muy conocido tambi\u00e9n en el extranjero, y eso deber\u00eda ser una gran ayuda\u201d.<\/p>\nngg_shortcode_0_placeholder\n","protected":false},"excerpt":{"rendered":"<p>Fabio Cannavaro, el c\u00e9lebre capit\u00e1n de la Selecci\u00f3n Italiana de f\u00fatbol campeona del mundo 2006, es el nuevo testimonial de M\u00e1xima para el a\u00f1o 2013 La din\u00e1mica empresa de Poviglio, activa en los mercados de la construcci\u00f3n y de la termohidr\u00e1ulica con la distribuci\u00f3n de herramientas diamantadas y de m\u00e1quinas para la construcci\u00f3n y la perforaci\u00f3n, ha elegido el campe\u00f3n de la Selecci\u00f3n despu\u00e9s de que el a\u00f1o pasado se hab\u00eda hecho representar por Mart\u00edn Castrogiovanni, el conocido jugador de rugby italo-argentino, continuando de esta forma la serie de los personajes deportivos de primer nivel. Marco Dall\u2019Olio, titular de M\u00e1xima, explica las razones de la elecci\u00f3n. \u201cFabio Cannavaro es el s\u00edmbolo perfecto para nuestra empresa, que con el eslogan \u00abDisco para campeones\u00bb expresa lo que hacemos y como lo hacemos. Nuestra exigencia \u2013 contin\u00faa Dall\u2019Olio \u2013 era la de ampliar nuestros mercados, sobre todo en el extranjero, y tambi\u00e9n en Italia meridional. Por lo tanto, hemos considerado que la figura de Fabio Cannavaro pod\u00eda ser una de las elecciones mejores posibles. A pesar de la coyuntura econ\u00f3mica dif\u00edcil que estamos viviendo, especialmente en nuestro sector, hemos decidido invertir fuertemente en la promoci\u00f3n de nuestra marca, y deseamos que los frutos [&hellip;]<\/p>\n","protected":false},"author":29,"featured_media":0,"parent":0,"menu_order":396,"comment_status":"closed","ping_status":"closed","template":"","meta":{"ngg_post_thumbnail":0,"_joinchat":[],"footnotes":""},"class_list":["post-9986","page","type-page","status-publish","hentry"],"yoast_head":"<!-- This site is optimized with the Yoast SEO plugin v25.5 - https:\/\/yoast.com\/wordpress\/plugins\/seo\/ -->\n<title>Nuevo testimonial M\u00c1XIMA 2013 - Maxima SpA<\/title>\n<meta name=\"description\" content=\"Fabio Cannavaro, el c\u00e9lebre capit\u00e1n de la Selecci\u00f3n Italiana de f\u00fatbol campeona del mundo 2006, es el nuevo testimonial de M\u00e1xima para el a\u00f1o 2013\" \/>\n<meta name=\"robots\" content=\"index, follow, max-snippet:-1, max-image-preview:large, max-video-preview:-1\" \/>\n<link rel=\"canonical\" href=\"https:\/\/www.maxima-dia.com\/es\/nuevo-testimonial-maxima-2013\/\" \/>\n<meta property=\"og:locale\" content=\"es_ES\" \/>\n<meta property=\"og:type\" content=\"article\" \/>\n<meta property=\"og:title\" content=\"Nuevo testimonial M\u00c1XIMA 2013 - Maxima SpA\" \/>\n<meta property=\"og:description\" content=\"Fabio Cannavaro, el c\u00e9lebre capit\u00e1n de la Selecci\u00f3n Italiana de f\u00fatbol campeona del mundo 2006, es el nuevo testimonial de M\u00e1xima para el a\u00f1o 2013\" \/>\n<meta property=\"og:url\" content=\"https:\/\/www.maxima-dia.com\/es\/nuevo-testimonial-maxima-2013\/\" \/>\n<meta property=\"og:site_name\" content=\"Maxima SpA\" \/>\n<meta property=\"article:publisher\" content=\"https:\/\/www.facebook.com\/Maxima-spa-106098566139597\" \/>\n<meta property=\"article:modified_time\" content=\"2019-08-07T09:34:55+00:00\" \/>\n<meta property=\"og:image\" content=\"https:\/\/www.maxima-dia.com\/wp-content\/uploads\/2013\/04\/fabio-cannavaro-1-300x232.jpg\" \/>\n<meta name=\"twitter:card\" content=\"summary_large_image\" \/>\n<meta name=\"twitter:site\" content=\"@Maximadia\" \/>\n<meta name=\"twitter:label1\" content=\"Tiempo de lectura\" \/>\n\t<meta name=\"twitter:data1\" content=\"1 minuto\" \/>\n<script type=\"application\/ld+json\" class=\"yoast-schema-graph\">{\"@context\":\"https:\/\/schema.org\",\"@graph\":[{\"@type\":\"WebPage\",\"@id\":\"https:\/\/www.maxima-dia.com\/es\/nuevo-testimonial-maxima-2013\/\",\"url\":\"https:\/\/www.maxima-dia.com\/es\/nuevo-testimonial-maxima-2013\/\",\"name\":\"Nuevo testimonial M\u00c1XIMA 2013 - Maxima SpA\",\"isPartOf\":{\"@id\":\"https:\/\/www.maxima-dia.com\/es\/#website\"},\"primaryImageOfPage\":{\"@id\":\"https:\/\/www.maxima-dia.com\/es\/nuevo-testimonial-maxima-2013\/#primaryimage\"},\"image\":{\"@id\":\"https:\/\/www.maxima-dia.com\/es\/nuevo-testimonial-maxima-2013\/#primaryimage\"},\"thumbnailUrl\":\"https:\/\/www.maxima-dia.com\/wp-content\/uploads\/2013\/04\/fabio-cannavaro-1-300x232.jpg\",\"datePublished\":\"2014-07-01T12:41:53+00:00\",\"dateModified\":\"2019-08-07T09:34:55+00:00\",\"description\":\"Fabio Cannavaro, el c\u00e9lebre capit\u00e1n de la Selecci\u00f3n Italiana de f\u00fatbol campeona del mundo 2006, es el nuevo testimonial de M\u00e1xima para el a\u00f1o 2013\",\"breadcrumb\":{\"@id\":\"https:\/\/www.maxima-dia.com\/es\/nuevo-testimonial-maxima-2013\/#breadcrumb\"},\"inLanguage\":\"es\",\"potentialAction\":[{\"@type\":\"ReadAction\",\"target\":[\"https:\/\/www.maxima-dia.com\/es\/nuevo-testimonial-maxima-2013\/\"]}]},{\"@type\":\"ImageObject\",\"inLanguage\":\"es\",\"@id\":\"https:\/\/www.maxima-dia.com\/es\/nuevo-testimonial-maxima-2013\/#primaryimage\",\"url\":\"https:\/\/www.maxima-dia.com\/wp-content\/uploads\/2013\/04\/fabio-cannavaro-1-300x232.jpg\",\"contentUrl\":\"https:\/\/www.maxima-dia.com\/wp-content\/uploads\/2013\/04\/fabio-cannavaro-1-300x232.jpg\"},{\"@type\":\"BreadcrumbList\",\"@id\":\"https:\/\/www.maxima-dia.com\/es\/nuevo-testimonial-maxima-2013\/#breadcrumb\",\"itemListElement\":[{\"@type\":\"ListItem\",\"position\":1,\"name\":\"Home\",\"item\":\"https:\/\/www.maxima-dia.com\/es\/\"},{\"@type\":\"ListItem\",\"position\":2,\"name\":\"Nuevo testimonial M\u00c1XIMA 2013\"}]},{\"@type\":\"WebSite\",\"@id\":\"https:\/\/www.maxima-dia.com\/es\/#website\",\"url\":\"https:\/\/www.maxima-dia.com\/es\/\",\"name\":\"Maxima SpA\",\"description\":\"Only for the real professionals\",\"potentialAction\":[{\"@type\":\"SearchAction\",\"target\":{\"@type\":\"EntryPoint\",\"urlTemplate\":\"https:\/\/www.maxima-dia.com\/es\/?s={search_term_string}\"},\"query-input\":{\"@type\":\"PropertyValueSpecification\",\"valueRequired\":true,\"valueName\":\"search_term_string\"}}],\"inLanguage\":\"es\"}]}<\/script>\n<!-- \/ Yoast SEO plugin. -->","yoast_head_json":{"title":"Nuevo testimonial M\u00c1XIMA 2013 - Maxima SpA","description":"Fabio Cannavaro, el c\u00e9lebre capit\u00e1n de la Selecci\u00f3n Italiana de f\u00fatbol campeona del mundo 2006, es el nuevo testimonial de M\u00e1xima para el a\u00f1o 2013","robots":{"index":"index","follow":"follow","max-snippet":"max-snippet:-1","max-image-preview":"max-image-preview:large","max-video-preview":"max-video-preview:-1"},"canonical":"https:\/\/www.maxima-dia.com\/es\/nuevo-testimonial-maxima-2013\/","og_locale":"es_ES","og_type":"article","og_title":"Nuevo testimonial M\u00c1XIMA 2013 - Maxima SpA","og_description":"Fabio Cannavaro, el c\u00e9lebre capit\u00e1n de la Selecci\u00f3n Italiana de f\u00fatbol campeona del mundo 2006, es el nuevo testimonial de M\u00e1xima para el a\u00f1o 2013","og_url":"https:\/\/www.maxima-dia.com\/es\/nuevo-testimonial-maxima-2013\/","og_site_name":"Maxima SpA","article_publisher":"https:\/\/www.facebook.com\/Maxima-spa-106098566139597","article_modified_time":"2019-08-07T09:34:55+00:00","og_image":[{"url":"https:\/\/www.maxima-dia.com\/wp-content\/uploads\/2013\/04\/fabio-cannavaro-1-300x232.jpg","type":"","width":"","height":""}],"twitter_card":"summary_large_image","twitter_site":"@Maximadia","twitter_misc":{"Tiempo de lectura":"1 minuto"},"schema":{"@context":"https:\/\/schema.org","@graph":[{"@type":"WebPage","@id":"https:\/\/www.maxima-dia.com\/es\/nuevo-testimonial-maxima-2013\/","url":"https:\/\/www.maxima-dia.com\/es\/nuevo-testimonial-maxima-2013\/","name":"Nuevo testimonial M\u00c1XIMA 2013 - Maxima SpA","isPartOf":{"@id":"https:\/\/www.maxima-dia.com\/es\/#website"},"primaryImageOfPage":{"@id":"https:\/\/www.maxima-dia.com\/es\/nuevo-testimonial-maxima-2013\/#primaryimage"},"image":{"@id":"https:\/\/www.maxima-dia.com\/es\/nuevo-testimonial-maxima-2013\/#primaryimage"},"thumbnailUrl":"https:\/\/www.maxima-dia.com\/wp-content\/uploads\/2013\/04\/fabio-cannavaro-1-300x232.jpg","datePublished":"2014-07-01T12:41:53+00:00","dateModified":"2019-08-07T09:34:55+00:00","description":"Fabio Cannavaro, el c\u00e9lebre capit\u00e1n de la Selecci\u00f3n Italiana de f\u00fatbol campeona del mundo 2006, es el nuevo testimonial de M\u00e1xima para el a\u00f1o 2013","breadcrumb":{"@id":"https:\/\/www.maxima-dia.com\/es\/nuevo-testimonial-maxima-2013\/#breadcrumb"},"inLanguage":"es","potentialAction":[{"@type":"ReadAction","target":["https:\/\/www.maxima-dia.com\/es\/nuevo-testimonial-maxima-2013\/"]}]},{"@type":"ImageObject","inLanguage":"es","@id":"https:\/\/www.maxima-dia.com\/es\/nuevo-testimonial-maxima-2013\/#primaryimage","url":"https:\/\/www.maxima-dia.com\/wp-content\/uploads\/2013\/04\/fabio-cannavaro-1-300x232.jpg","contentUrl":"https:\/\/www.maxima-dia.com\/wp-content\/uploads\/2013\/04\/fabio-cannavaro-1-300x232.jpg"},{"@type":"BreadcrumbList","@id":"https:\/\/www.maxima-dia.com\/es\/nuevo-testimonial-maxima-2013\/#breadcrumb","itemListElement":[{"@type":"ListItem","position":1,"name":"Home","item":"https:\/\/www.maxima-dia.com\/es\/"},{"@type":"ListItem","position":2,"name":"Nuevo testimonial M\u00c1XIMA 2013"}]},{"@type":"WebSite","@id":"https:\/\/www.maxima-dia.com\/es\/#website","url":"https:\/\/www.maxima-dia.com\/es\/","name":"Maxima SpA","description":"Only for the real professionals","potentialAction":[{"@type":"SearchAction","target":{"@type":"EntryPoint","urlTemplate":"https:\/\/www.maxima-dia.com\/es\/?s={search_term_string}"},"query-input":{"@type":"PropertyValueSpecification","valueRequired":true,"valueName":"search_term_string"}}],"inLanguage":"es"}]}},"_links":{"self":[{"href":"https:\/\/www.maxima-dia.com\/es\/wp-json\/wp\/v2\/pages\/9986"}],"collection":[{"href":"https:\/\/www.maxima-dia.com\/es\/wp-json\/wp\/v2\/pages"}],"about":[{"href":"https:\/\/www.maxima-dia.com\/es\/wp-json\/wp\/v2\/types\/page"}],"author":[{"embeddable":true,"href":"https:\/\/www.maxima-dia.com\/es\/wp-json\/wp\/v2\/users\/29"}],"replies":[{"embeddable":true,"href":"https:\/\/www.maxima-dia.com\/es\/wp-json\/wp\/v2\/comments?post=9986"}],"version-history":[{"count":0,"href":"https:\/\/www.maxima-dia.com\/es\/wp-json\/wp\/v2\/pages\/9986\/revisions"}],"wp:attachment":[{"href":"https:\/\/www.maxima-dia.com\/es\/wp-json\/wp\/v2\/media?parent=9986"}],"curies":[{"name":"wp","href":"https:\/\/api.w.org\/{rel}","templated":true}]}}