{"id":10062,"date":"2014-07-02T10:31:47","date_gmt":"2014-07-02T08:31:47","guid":{"rendered":"http:\/\/www.maxima-dia.com\/?page_id=10062"},"modified":"2025-11-14T10:11:10","modified_gmt":"2025-11-14T09:11:10","slug":"produits-maxima","status":"publish","type":"page","link":"https:\/\/www.maxima-dia.com\/fr\/produits-maxima\/","title":{"rendered":"Produits Maxima"},"content":{"rendered":"<div class=\"wpb-content-wrapper\"><p>[vc_row bottom_padding=\u00a0\u00bb50&Prime;][vc_column width=\u00a0\u00bb1\/2&Prime;][vc_column_text]<\/p>\n<h5><a href=\"https:\/\/www.youtube.com\/watch?v=nk1kpwMgARU;rel=0\" target=\"_blank\" rel=\"noopener noreferrer\">Maxima Caromax 1800<\/a><\/h5>\n<p><iframe loading=\"lazy\" src=\"https:\/\/www.youtube.com\/embed\/nk1kpwMgARU?rel=0\" width=\"300\" height=\"169\" frameborder=\"0\" allowfullscreen=\"allowfullscreen\" data-mce-fragment=\"1\"><\/iframe>[\/vc_column_text][\/vc_column][vc_column width=\u00a0\u00bb1\/2&Prime;][vc_column_text]<\/p>\n<h5><a href=\"https:\/\/www.youtube.com\/watch?v=qCwCrEDGKuQ&amp;rel=0\" target=\"_blank\" rel=\"noopener noreferrer\">Maxima Caromax 800<\/a><\/h5>\n<p><iframe loading=\"lazy\" src=\"https:\/\/www.youtube.com\/embed\/qCwCrEDGKuQ?rel=0\" width=\"300\" height=\"169\" frameborder=\"0\" allowfullscreen=\"allowfullscreen\" data-mce-fragment=\"1\"><\/iframe><\/p>\n<p>[\/vc_column_text][\/vc_column][\/vc_row][vc_row bottom_padding=\u00a0\u00bb50&Prime;][vc_column width=\u00a0\u00bb1\/2&Prime;][vc_column_text]<\/p>\n<h5 id=\"watch-headline-title2\"><a href=\"https:\/\/youtu.be\/OLslvq3JD6s?rel=0\">Foreuse \u00e0 outils diamant\u00e9s CAROMAX 1800 \u00e0 sec avec FORET LASER 250 et aspiration<\/a><\/h5>\n<p><iframe loading=\"lazy\" src=\"https:\/\/www.youtube.com\/embed\/OLslvq3JD6s?rel=0\" width=\"300\" height=\"169\" frameborder=\"0\" allowfullscreen=\"allowfullscreen\" data-mce-fragment=\"1\"><\/iframe><\/p>\n<p>La vid\u00e9o la plus vue. D\u00e9couvrez avec quelle facilit\u00e9 nous perforons le b\u00e9ton arm\u00e9 \u00e0 sec. Gr\u00e2ce au mod\u00e8le Caromax 1800 et au syst\u00e8me d\u2019aspiration avec foret Laser 250. Et sans faire de poussi\u00e8re[\/vc_column_text][\/vc_column][vc_column width=\u00a0\u00bb1\/2&Prime;][vc_column_text]<\/p>\n<h5 id=\"watch-headline-title\"><a href=\"https:\/\/youtu.be\/9KDYX8C91s4?rel=0\">Foreuse \u00e0 outils diamant\u00e9s CAROMAX 1800 \u00e0 l\u2019eau avec FORET OR GR\u00c8S<\/a><\/h5>\n<p><iframe loading=\"lazy\" src=\"https:\/\/www.youtube.com\/embed\/9KDYX8C91s4?rel=0\" width=\"300\" height=\"169\" frameborder=\"0\" allowfullscreen=\"allowfullscreen\" data-mce-fragment=\"1\"><\/iframe><\/p>\n<p>Le mod\u00e8le Caromax 800 avec forets Laser Or Gr\u00e8s perce \u00e0 une vitesse exceptionnelle tous les mat\u00e9riaux les plus durs, du gr\u00e8s au granit et au porphyre.&nbsp;[\/vc_column_text][\/vc_column][\/vc_row][vc_row bottom_padding=\u00a0\u00bb50&Prime;][vc_column width=\u00a0\u00bb1\/2&Prime;][vc_column_text]<\/p>\n<h5><strong><a href=\"https:\/\/www.youtube.com\/watch?v=moImKvHeN8g&amp;rel=0\" target=\"_blank\" rel=\"noopener noreferrer\">Maxima Cer Amarante<\/a><\/strong><\/h5>\n<p><iframe loading=\"lazy\" title=\"Maxima Cer Amaranto\" src=\"https:\/\/www.youtube-nocookie.com\/embed\/moImKvHeN8g\" width=\"300\" height=\"169\" frameborder=\"0\" allowfullscreen=\"allowfullscreen\"><\/iframe>[\/vc_column_text][\/vc_column][vc_column width=\u00a0\u00bb1\/2&Prime;][vc_column_text]<\/p>\n<h5><a href=\"https:\/\/youtu.be\/ZaTf9R1xX34?rel=0\">Cer Rose Turbo<\/a><\/h5>\n<p><iframe loading=\"lazy\" src=\"https:\/\/www.youtube.com\/embed\/ZaTf9R1xX34?rel=0\" width=\"300\" height=\"169\" frameborder=\"0\" allowfullscreen=\"allowfullscreen\" data-mce-fragment=\"1\"><\/iframe><\/p>\n<p>En regardant cette vid\u00e9o, vous comprendrez pourquoi le Cer Rose Turbo est notre produit le plus vendu. Aucun mat\u00e9riau de rev\u00eatement ne r\u00e9siste \u00e0 la capacit\u00e9 de coupe de ce disque diamant\u00e9.[\/vc_column_text][\/vc_column][\/vc_row][vc_row bottom_padding=\u00a0\u00bb50&Prime;][vc_column width=\u00a0\u00bb1\/2&Prime;][vc_column_text]<\/p>\n<h5><a href=\"https:\/\/youtu.be\/OT-cP0rz9j8?rel=0\">Laser Argent<\/a><\/h5>\n<p><iframe loading=\"lazy\" src=\"https:\/\/www.youtube.com\/embed\/OT-cP0rz9j8?rel=0\" width=\"300\" height=\"169\" frameborder=\"0\" allowfullscreen=\"allowfullscreen\" data-mce-fragment=\"1\"><\/iframe><\/p>\n<p>Vous en avez assez de changer de disque lorsque vous devez couper certains mat\u00e9riaux? Regardez cette vid\u00e9o, vous serez \u00e9poustoufl\u00e9 par la capacit\u00e9 du laser Argent \u00e0 tout couper.&nbsp;[\/vc_column_text][\/vc_column][vc_column width=\u00a0\u00bb1\/2&Prime;][vc_column_text]<\/p>\n<h5><a href=\"https:\/\/youtu.be\/-N99qsZgH2k?rel=0\">Scie MAXI 700 380 V<\/a><\/h5>\n<p><iframe loading=\"lazy\" src=\"https:\/\/www.youtube.com\/embed\/-N99qsZgH2k?rel=0\" width=\"300\" height=\"169\" frameborder=\"0\" allowfullscreen=\"allowfullscreen\" data-mce-fragment=\"1\"><\/iframe><\/p>\n<p>Plus le bloc est grand plus l\u2019on appr\u00e9cie Maxi 700. Regardez combien il est facile de couper un bloc de 30 cm de haut.[\/vc_column_text][\/vc_column][\/vc_row][vc_row bottom_padding=\u00a0\u00bb50&Prime;][vc_column width=\u00a0\u00bb1\/2&Prime;][vc_column_text]<\/p>\n<h5><a href=\"https:\/\/youtu.be\/M6iDGt0fIoc?rel=0\">MAXI 200 pont<\/a><\/h5>\n<p><iframe loading=\"lazy\" src=\"https:\/\/www.youtube.com\/embed\/M6iDGt0fIoc?rel=0\" width=\"300\" height=\"169\" frameborder=\"0\" allowfullscreen=\"allowfullscreen\" data-mce-fragment=\"1\"><\/iframe><\/p>\n<p>L\u00e9g\u00e8re, compacte, la pr\u00e9sence d\u2019aluminium et de fer en font le mod\u00e8le parfait pour les vrais professionnels de la pose. Pr\u00e9cision et rapidit\u00e9 de coupe en font un v\u00e9ritable alli\u00e9 des professionnels.&nbsp;[\/vc_column_text][\/vc_column][vc_column width=\u00a0\u00bb1\/2&Prime;][vc_column_text]<\/p>\n<h5><a href=\"https:\/\/youtu.be\/f5-1WJEklgI?rel=0\">Rainureuse Scanmax 180<\/a><\/h5>\n<p><iframe loading=\"lazy\" src=\"https:\/\/www.youtube.com\/embed\/f5-1WJEklgI?rel=0\" width=\"300\" height=\"169\" frameborder=\"0\" allowfullscreen=\"allowfullscreen\" data-mce-fragment=\"1\"><\/iframe><\/p>\n<p>Pour r\u00e9aliser des rainures m\u00eame dans le ciment. Il est possible de r\u00e9gler les dimensions de coupe jusqu\u2019\u00e0 un maximum de 6 x 6 cm. Avec les aspirateurs Aspiramax 1200.[\/vc_column_text][\/vc_column][\/vc_row][vc_row bottom_padding=\u00a0\u00bb50&Prime;][vc_column width=\u00a0\u00bb1\/2&Prime;][vc_column_text]<\/p>\n<h5><a href=\"https:\/\/youtu.be\/FRYOk-tqzVg?rel=0\">Levimax 125 Z CUP<\/a><\/h5>\n<p><iframe loading=\"lazy\" src=\"https:\/\/www.youtube.com\/embed\/FRYOk-tqzVg?rel=0\" width=\"300\" height=\"169\" frameborder=\"0\" allowfullscreen=\"allowfullscreen\" data-mce-fragment=\"1\"><\/iframe><\/p>\n<p>Levimax d\u00e9grossit et lisse tous les mat\u00e9riaux de construction. Ce mod\u00e8le poss\u00e8de un carter de protection carr\u00e9 pour travailler le mieux possible, m\u00eame dans les angles.&nbsp;[\/vc_column_text][\/vc_column][vc_column width=\u00a0\u00bb1\/2&Prime;][vc_column_text]<\/p>\n<h5 id=\"watch-headline-title\"><a href=\"https:\/\/youtu.be\/6YxedZH7OFI?rel=0\">Foreuse \u00e0 outils diamant\u00e9s CAROMAX 1800 \u00e0 sec avec FORET LASER OR SPIRAL<\/a><\/h5>\n<p><iframe loading=\"lazy\" src=\"https:\/\/www.youtube.com\/embed\/6YxedZH7OFI?rel=0\" width=\"300\" height=\"169\" frameborder=\"0\" allowfullscreen=\"allowfullscreen\" data-mce-fragment=\"1\"><\/iframe><\/p>\n<p>Perforer le b\u00e9ton arm\u00e9 \u00e0 sec n\u2019est plus un probl\u00e8me. Oubliez l\u2019eau et la salet\u00e9. Les colonnes et chevilles. Avec Caromax 1800 vous travaillez sans supports et \u00e0 sec.[\/vc_column_text][\/vc_column][\/vc_row][vc_row bottom_padding=\u00a0\u00bb50&Prime;][vc_column width=\u00a0\u00bb1\/2&Prime;][vc_column_text]<\/p>\n<h5 id=\"watch-headline-title\"><a href=\"https:\/\/youtu.be\/XroJRHwripc?rel=0\">Foreuse \u00e0 outils diamant\u00e9s CAROMAX 1800 \u00e0 sec avec FORET LASER ARGENT<\/a><\/h5>\n<p><iframe loading=\"lazy\" src=\"https:\/\/www.youtube.com\/embed\/XroJRHwripc?rel=0\" width=\"300\" height=\"169\" frameborder=\"0\" allowfullscreen=\"allowfullscreen\" data-mce-fragment=\"1\"><\/iframe><\/p>\n<p>Perforer le b\u00e9ton arm\u00e9 \u00e0 sec n\u2019est plus un probl\u00e8me. Oubliez l\u2019eau et la salet\u00e9. Les colonnes et chevilles. Avec Caromax 1800 vous travaillez sans supports et \u00e0 sec.&nbsp;[\/vc_column_text][\/vc_column][vc_column width=\u00a0\u00bb1\/2&Prime;][vc_column_text]<\/p>\n<h5 id=\"watch-headline-title\"><a href=\"https:\/\/youtu.be\/BtLTcmub7Lk?rel=0\">Foreuse \u00e0 outils diamant\u00e9s CAROMAX 160 \u00e0 l\u2019eau avec FORET LASER 450<\/a><\/h5>\n<p><iframe loading=\"lazy\" src=\"https:\/\/www.youtube.com\/embed\/BtLTcmub7Lk?rel=0\" width=\"300\" height=\"169\" frameborder=\"0\" allowfullscreen=\"allowfullscreen\" data-mce-fragment=\"1\"><\/iframe><\/p>\n<p>Voici 4 foreuses \u00e0 outils diamant\u00e9s en 1: la Caromax 160. Elle peut \u00eatre utilis\u00e9e \u00e0 sec ou \u00e0 l\u2019eau, avec support ou manuellement, il s\u2019agit d\u2019un v\u00e9ritable passe-partout sur les chantiers.[\/vc_column_text][\/vc_column][\/vc_row][vc_row bottom_padding=\u00a0\u00bb50&Prime;][vc_column width=\u00a0\u00bb1\/2&Prime;][vc_column_text]<\/p>\n<h5 id=\"watch-headline-title\"><a href=\"https:\/\/youtu.be\/FQW57Vxc6HY?rel=0\">Foreuse \u00e0 outils diamant\u00e9s CAROMAX 1800 \u00e0 l\u2019eau avec FORET LASER 300<\/a><\/h5>\n<p><iframe loading=\"lazy\" src=\"https:\/\/www.youtube.com\/embed\/FQW57Vxc6HY?rel=0\" width=\"300\" height=\"169\" frameborder=\"0\" allowfullscreen=\"allowfullscreen\" data-mce-fragment=\"1\"><\/iframe><\/p>\n<p>Indispensable lorsque l\u2019on souhaite r\u00e9aliser rapidement des trous de petit diam\u00e8tre \u00e0 l\u2019eau, le mod\u00e8le Caromax 1800 Eau poss\u00e8de un s\u00e9lecteur de vitesse et un raccord pour l\u2019eau.&nbsp;[\/vc_column_text][\/vc_column][vc_column width=\u00a0\u00bb1\/2&Prime;][\/vc_column][\/vc_row]<\/p>\n<\/div>","protected":false},"excerpt":{"rendered":"<p>[vc_row bottom_padding=\u00a0\u00bb50&Prime;][vc_column width=\u00a0\u00bb1\/2&Prime;][vc_column_text] Maxima Caromax 1800 [\/vc_column_text][\/vc_column][vc_column width=\u00a0\u00bb1\/2&Prime;][vc_column_text] Maxima Caromax 800 [\/vc_column_text][\/vc_column][\/vc_row][vc_row bottom_padding=\u00a0\u00bb50&Prime;][vc_column width=\u00a0\u00bb1\/2&Prime;][vc_column_text] Foreuse \u00e0 outils diamant\u00e9s CAROMAX 1800 \u00e0 sec avec FORET LASER 250 et aspiration La vid\u00e9o la plus vue. D\u00e9couvrez avec quelle facilit\u00e9 nous perforons le b\u00e9ton arm\u00e9 \u00e0 sec. Gr\u00e2ce au mod\u00e8le Caromax 1800 et au syst\u00e8me d\u2019aspiration avec foret Laser 250. Et sans faire de poussi\u00e8re[\/vc_column_text][\/vc_column][vc_column width=\u00a0\u00bb1\/2&Prime;][vc_column_text] Foreuse \u00e0 outils diamant\u00e9s CAROMAX 1800 \u00e0 l\u2019eau avec FORET OR GR\u00c8S Le mod\u00e8le Caromax 800 avec forets Laser Or Gr\u00e8s perce \u00e0 une vitesse exceptionnelle tous les mat\u00e9riaux les plus durs, du gr\u00e8s au granit et au porphyre.&nbsp;[\/vc_column_text][\/vc_column][\/vc_row][vc_row bottom_padding=\u00a0\u00bb50&Prime;][vc_column width=\u00a0\u00bb1\/2&Prime;][vc_column_text] Maxima Cer Amarante [\/vc_column_text][\/vc_column][vc_column width=\u00a0\u00bb1\/2&Prime;][vc_column_text] Cer Rose Turbo En regardant cette vid\u00e9o, vous comprendrez pourquoi le Cer Rose Turbo est notre produit le plus vendu. Aucun mat\u00e9riau de rev\u00eatement ne r\u00e9siste \u00e0 la capacit\u00e9 de coupe de ce disque diamant\u00e9.[\/vc_column_text][\/vc_column][\/vc_row][vc_row bottom_padding=\u00a0\u00bb50&Prime;][vc_column width=\u00a0\u00bb1\/2&Prime;][vc_column_text] Laser Argent Vous en avez assez de changer de disque lorsque vous devez couper certains mat\u00e9riaux? Regardez cette vid\u00e9o, vous serez \u00e9poustoufl\u00e9 par la capacit\u00e9 du laser Argent \u00e0 tout couper.&nbsp;[\/vc_column_text][\/vc_column][vc_column width=\u00a0\u00bb1\/2&Prime;][vc_column_text] Scie MAXI 700 380 V Plus le bloc est grand plus l\u2019on appr\u00e9cie Maxi 700. Regardez combien il est facile de couper [&hellip;]<\/p>\n","protected":false},"author":29,"featured_media":0,"parent":0,"menu_order":702,"comment_status":"closed","ping_status":"closed","template":"","meta":{"ngg_post_thumbnail":0,"_joinchat":[],"footnotes":""},"class_list":["post-10062","page","type-page","status-publish","hentry"],"yoast_head":"<!-- This site is optimized with the Yoast SEO plugin v25.5 - https:\/\/yoast.com\/wordpress\/plugins\/seo\/ -->\n<title>Produits Maxima - Maxima SpA<\/title>\n<meta name=\"robots\" content=\"index, follow, max-snippet:-1, max-image-preview:large, max-video-preview:-1\" \/>\n<link rel=\"canonical\" href=\"https:\/\/www.maxima-dia.com\/fr\/produits-maxima\/\" \/>\n<meta property=\"og:locale\" content=\"fr_FR\" \/>\n<meta property=\"og:type\" content=\"article\" \/>\n<meta property=\"og:title\" content=\"Produits Maxima - Maxima SpA\" \/>\n<meta property=\"og:description\" content=\"[vc_row bottom_padding=\u00a0\u00bb50&Prime;][vc_column width=\u00a0\u00bb1\/2&Prime;][vc_column_text] Maxima Caromax 1800 [\/vc_column_text][\/vc_column][vc_column width=\u00a0\u00bb1\/2&Prime;][vc_column_text] Maxima Caromax 800 [\/vc_column_text][\/vc_column][\/vc_row][vc_row bottom_padding=\u00a0\u00bb50&Prime;][vc_column width=\u00a0\u00bb1\/2&Prime;][vc_column_text] Foreuse \u00e0 outils diamant\u00e9s CAROMAX 1800 \u00e0 sec avec FORET LASER 250 et aspiration La vid\u00e9o la plus vue. D\u00e9couvrez avec quelle facilit\u00e9 nous perforons le b\u00e9ton arm\u00e9 \u00e0 sec. Gr\u00e2ce au mod\u00e8le Caromax 1800 et au syst\u00e8me d\u2019aspiration avec foret Laser 250. Et sans faire de poussi\u00e8re[\/vc_column_text][\/vc_column][vc_column width=\u00a0\u00bb1\/2&Prime;][vc_column_text] Foreuse \u00e0 outils diamant\u00e9s CAROMAX 1800 \u00e0 l\u2019eau avec FORET OR GR\u00c8S Le mod\u00e8le Caromax 800 avec forets Laser Or Gr\u00e8s perce \u00e0 une vitesse exceptionnelle tous les mat\u00e9riaux les plus durs, du gr\u00e8s au granit et au porphyre.&nbsp;[\/vc_column_text][\/vc_column][\/vc_row][vc_row bottom_padding=\u00a0\u00bb50&Prime;][vc_column width=\u00a0\u00bb1\/2&Prime;][vc_column_text] Maxima Cer Amarante [\/vc_column_text][\/vc_column][vc_column width=\u00a0\u00bb1\/2&Prime;][vc_column_text] Cer Rose Turbo En regardant cette vid\u00e9o, vous comprendrez pourquoi le Cer Rose Turbo est notre produit le plus vendu. Aucun mat\u00e9riau de rev\u00eatement ne r\u00e9siste \u00e0 la capacit\u00e9 de coupe de ce disque diamant\u00e9.[\/vc_column_text][\/vc_column][\/vc_row][vc_row bottom_padding=\u00a0\u00bb50&Prime;][vc_column width=\u00a0\u00bb1\/2&Prime;][vc_column_text] Laser Argent Vous en avez assez de changer de disque lorsque vous devez couper certains mat\u00e9riaux? Regardez cette vid\u00e9o, vous serez \u00e9poustoufl\u00e9 par la capacit\u00e9 du laser Argent \u00e0 tout couper.&nbsp;[\/vc_column_text][\/vc_column][vc_column width=\u00a0\u00bb1\/2&Prime;][vc_column_text] Scie MAXI 700 380 V Plus le bloc est grand plus l\u2019on appr\u00e9cie Maxi 700. Regardez combien il est facile de couper [&hellip;]\" \/>\n<meta property=\"og:url\" content=\"https:\/\/www.maxima-dia.com\/fr\/produits-maxima\/\" \/>\n<meta property=\"og:site_name\" content=\"Maxima SpA\" \/>\n<meta property=\"article:publisher\" content=\"https:\/\/www.facebook.com\/Maxima-spa-106098566139597\" \/>\n<meta property=\"article:modified_time\" content=\"2025-11-14T09:11:10+00:00\" \/>\n<meta property=\"og:image\" content=\"https:\/\/www.maxima-dia.com\/wp-content\/uploads\/2022\/03\/MaximaSpA-logo-quadrato.jpg\" \/>\n\t<meta property=\"og:image:width\" content=\"500\" \/>\n\t<meta property=\"og:image:height\" content=\"500\" \/>\n\t<meta property=\"og:image:type\" content=\"image\/jpeg\" \/>\n<meta name=\"twitter:card\" content=\"summary_large_image\" \/>\n<meta name=\"twitter:site\" content=\"@Maximadia\" \/>\n<meta name=\"twitter:label1\" content=\"Dur\u00e9e de lecture estim\u00e9e\" \/>\n\t<meta name=\"twitter:data1\" content=\"3 minutes\" \/>\n<script type=\"application\/ld+json\" class=\"yoast-schema-graph\">{\"@context\":\"https:\/\/schema.org\",\"@graph\":[{\"@type\":\"WebPage\",\"@id\":\"https:\/\/www.maxima-dia.com\/fr\/produits-maxima\/\",\"url\":\"https:\/\/www.maxima-dia.com\/fr\/produits-maxima\/\",\"name\":\"Produits Maxima - Maxima SpA\",\"isPartOf\":{\"@id\":\"https:\/\/www.maxima-dia.com\/fr\/#website\"},\"datePublished\":\"2014-07-02T08:31:47+00:00\",\"dateModified\":\"2025-11-14T09:11:10+00:00\",\"breadcrumb\":{\"@id\":\"https:\/\/www.maxima-dia.com\/fr\/produits-maxima\/#breadcrumb\"},\"inLanguage\":\"fr-FR\",\"potentialAction\":[{\"@type\":\"ReadAction\",\"target\":[\"https:\/\/www.maxima-dia.com\/fr\/produits-maxima\/\"]}]},{\"@type\":\"BreadcrumbList\",\"@id\":\"https:\/\/www.maxima-dia.com\/fr\/produits-maxima\/#breadcrumb\",\"itemListElement\":[{\"@type\":\"ListItem\",\"position\":1,\"name\":\"Home\",\"item\":\"https:\/\/www.maxima-dia.com\/fr\/\"},{\"@type\":\"ListItem\",\"position\":2,\"name\":\"Produits Maxima\"}]},{\"@type\":\"WebSite\",\"@id\":\"https:\/\/www.maxima-dia.com\/fr\/#website\",\"url\":\"https:\/\/www.maxima-dia.com\/fr\/\",\"name\":\"Maxima SpA\",\"description\":\"Only for the real professionals\",\"potentialAction\":[{\"@type\":\"SearchAction\",\"target\":{\"@type\":\"EntryPoint\",\"urlTemplate\":\"https:\/\/www.maxima-dia.com\/fr\/?s={search_term_string}\"},\"query-input\":{\"@type\":\"PropertyValueSpecification\",\"valueRequired\":true,\"valueName\":\"search_term_string\"}}],\"inLanguage\":\"fr-FR\"}]}<\/script>\n<!-- \/ Yoast SEO plugin. -->","yoast_head_json":{"title":"Produits Maxima - Maxima SpA","robots":{"index":"index","follow":"follow","max-snippet":"max-snippet:-1","max-image-preview":"max-image-preview:large","max-video-preview":"max-video-preview:-1"},"canonical":"https:\/\/www.maxima-dia.com\/fr\/produits-maxima\/","og_locale":"fr_FR","og_type":"article","og_title":"Produits Maxima - Maxima SpA","og_description":"[vc_row bottom_padding=\u00a0\u00bb50&Prime;][vc_column width=\u00a0\u00bb1\/2&Prime;][vc_column_text] Maxima Caromax 1800 [\/vc_column_text][\/vc_column][vc_column width=\u00a0\u00bb1\/2&Prime;][vc_column_text] Maxima Caromax 800 [\/vc_column_text][\/vc_column][\/vc_row][vc_row bottom_padding=\u00a0\u00bb50&Prime;][vc_column width=\u00a0\u00bb1\/2&Prime;][vc_column_text] Foreuse \u00e0 outils diamant\u00e9s CAROMAX 1800 \u00e0 sec avec FORET LASER 250 et aspiration La vid\u00e9o la plus vue. D\u00e9couvrez avec quelle facilit\u00e9 nous perforons le b\u00e9ton arm\u00e9 \u00e0 sec. Gr\u00e2ce au mod\u00e8le Caromax 1800 et au syst\u00e8me d\u2019aspiration avec foret Laser 250. Et sans faire de poussi\u00e8re[\/vc_column_text][\/vc_column][vc_column width=\u00a0\u00bb1\/2&Prime;][vc_column_text] Foreuse \u00e0 outils diamant\u00e9s CAROMAX 1800 \u00e0 l\u2019eau avec FORET OR GR\u00c8S Le mod\u00e8le Caromax 800 avec forets Laser Or Gr\u00e8s perce \u00e0 une vitesse exceptionnelle tous les mat\u00e9riaux les plus durs, du gr\u00e8s au granit et au porphyre.&nbsp;[\/vc_column_text][\/vc_column][\/vc_row][vc_row bottom_padding=\u00a0\u00bb50&Prime;][vc_column width=\u00a0\u00bb1\/2&Prime;][vc_column_text] Maxima Cer Amarante [\/vc_column_text][\/vc_column][vc_column width=\u00a0\u00bb1\/2&Prime;][vc_column_text] Cer Rose Turbo En regardant cette vid\u00e9o, vous comprendrez pourquoi le Cer Rose Turbo est notre produit le plus vendu. Aucun mat\u00e9riau de rev\u00eatement ne r\u00e9siste \u00e0 la capacit\u00e9 de coupe de ce disque diamant\u00e9.[\/vc_column_text][\/vc_column][\/vc_row][vc_row bottom_padding=\u00a0\u00bb50&Prime;][vc_column width=\u00a0\u00bb1\/2&Prime;][vc_column_text] Laser Argent Vous en avez assez de changer de disque lorsque vous devez couper certains mat\u00e9riaux? Regardez cette vid\u00e9o, vous serez \u00e9poustoufl\u00e9 par la capacit\u00e9 du laser Argent \u00e0 tout couper.&nbsp;[\/vc_column_text][\/vc_column][vc_column width=\u00a0\u00bb1\/2&Prime;][vc_column_text] Scie MAXI 700 380 V Plus le bloc est grand plus l\u2019on appr\u00e9cie Maxi 700. Regardez combien il est facile de couper [&hellip;]","og_url":"https:\/\/www.maxima-dia.com\/fr\/produits-maxima\/","og_site_name":"Maxima SpA","article_publisher":"https:\/\/www.facebook.com\/Maxima-spa-106098566139597","article_modified_time":"2025-11-14T09:11:10+00:00","og_image":[{"width":500,"height":500,"url":"https:\/\/www.maxima-dia.com\/wp-content\/uploads\/2022\/03\/MaximaSpA-logo-quadrato.jpg","type":"image\/jpeg"}],"twitter_card":"summary_large_image","twitter_site":"@Maximadia","twitter_misc":{"Dur\u00e9e de lecture estim\u00e9e":"3 minutes"},"schema":{"@context":"https:\/\/schema.org","@graph":[{"@type":"WebPage","@id":"https:\/\/www.maxima-dia.com\/fr\/produits-maxima\/","url":"https:\/\/www.maxima-dia.com\/fr\/produits-maxima\/","name":"Produits Maxima - Maxima SpA","isPartOf":{"@id":"https:\/\/www.maxima-dia.com\/fr\/#website"},"datePublished":"2014-07-02T08:31:47+00:00","dateModified":"2025-11-14T09:11:10+00:00","breadcrumb":{"@id":"https:\/\/www.maxima-dia.com\/fr\/produits-maxima\/#breadcrumb"},"inLanguage":"fr-FR","potentialAction":[{"@type":"ReadAction","target":["https:\/\/www.maxima-dia.com\/fr\/produits-maxima\/"]}]},{"@type":"BreadcrumbList","@id":"https:\/\/www.maxima-dia.com\/fr\/produits-maxima\/#breadcrumb","itemListElement":[{"@type":"ListItem","position":1,"name":"Home","item":"https:\/\/www.maxima-dia.com\/fr\/"},{"@type":"ListItem","position":2,"name":"Produits Maxima"}]},{"@type":"WebSite","@id":"https:\/\/www.maxima-dia.com\/fr\/#website","url":"https:\/\/www.maxima-dia.com\/fr\/","name":"Maxima SpA","description":"Only for the real professionals","potentialAction":[{"@type":"SearchAction","target":{"@type":"EntryPoint","urlTemplate":"https:\/\/www.maxima-dia.com\/fr\/?s={search_term_string}"},"query-input":{"@type":"PropertyValueSpecification","valueRequired":true,"valueName":"search_term_string"}}],"inLanguage":"fr-FR"}]}},"_links":{"self":[{"href":"https:\/\/www.maxima-dia.com\/fr\/wp-json\/wp\/v2\/pages\/10062"}],"collection":[{"href":"https:\/\/www.maxima-dia.com\/fr\/wp-json\/wp\/v2\/pages"}],"about":[{"href":"https:\/\/www.maxima-dia.com\/fr\/wp-json\/wp\/v2\/types\/page"}],"author":[{"embeddable":true,"href":"https:\/\/www.maxima-dia.com\/fr\/wp-json\/wp\/v2\/users\/29"}],"replies":[{"embeddable":true,"href":"https:\/\/www.maxima-dia.com\/fr\/wp-json\/wp\/v2\/comments?post=10062"}],"version-history":[{"count":6,"href":"https:\/\/www.maxima-dia.com\/fr\/wp-json\/wp\/v2\/pages\/10062\/revisions"}],"predecessor-version":[{"id":47034,"href":"https:\/\/www.maxima-dia.com\/fr\/wp-json\/wp\/v2\/pages\/10062\/revisions\/47034"}],"wp:attachment":[{"href":"https:\/\/www.maxima-dia.com\/fr\/wp-json\/wp\/v2\/media?parent=10062"}],"curies":[{"name":"wp","href":"https:\/\/api.w.org\/{rel}","templated":true}]}}