{"id":12403,"date":"2017-02-07T10:56:10","date_gmt":"2017-02-07T09:56:10","guid":{"rendered":"http:\/\/www.maxima-dia.com\/?page_id=12403\/"},"modified":"2019-08-07T11:35:35","modified_gmt":"2019-08-07T09:35:35","slug":"disques-diamantes-universels-laser","status":"publish","type":"page","link":"https:\/\/www.maxima-dia.com\/fr\/disques-diamantes-universels-laser\/","title":{"rendered":"Disques Diamant\u00e9s Universels Laser"},"content":{"rendered":"<div class=\"wpb-content-wrapper\"><p>[vc_row bottom_padding=\u00a0\u00bb50&Prime;][vc_column width=\u00a0\u00bb1\/1&Prime;][vc_column_text]Dans cette section, nous pr\u00e9sentons tous les disques universels \u00e0 couronne continue, \u00e9galement appel\u00e9s TURBO, que l\u2019on peut essentiellement utiliser sur des meuleuses. Certains produits sont \u00e9galement disponibles avec des diam\u00e8tres appropri\u00e9s pour une utilisation sur des scies ou d\u00e9coupeuses portatives.[\/vc_column_text][\/vc_column][\/vc_row][vc_row][vc_column width=\u00a0\u00bb1\/1&Prime;][vc_basic_grid post_type=\u00a0\u00bbcustom\u00a0\u00bb element_width=\u00a0\u00bb3&Prime; gap=\u00a0\u00bb10&Prime; item=\u00a0\u00bb15386&Prime; initial_loading_animation=\u00a0\u00bbnone\u00a0\u00bb grid_id=\u00a0\u00bbvc_gid:1490000806932-d5b9032a-054c-8&Prime; custom_query=\u00a0\u00bbpost_type=page&amp;post_parent=12403&amp;sort_column=menu_order&amp;orderby=menu_order&amp;order=ASC&amp;post_status=publish&amp;posts_per_page=100&Prime;][\/vc_column][\/vc_row]<\/p>\n<\/div>","protected":false},"excerpt":{"rendered":"<p>[vc_row bottom_padding=\u00a0\u00bb50&Prime;][vc_column width=\u00a0\u00bb1\/1&Prime;][vc_column_text]Dans cette section, nous pr\u00e9sentons tous les disques universels \u00e0 couronne continue, \u00e9galement appel\u00e9s TURBO, que l\u2019on peut essentiellement utiliser sur des meuleuses. Certains produits sont \u00e9galement disponibles avec des diam\u00e8tres appropri\u00e9s pour une utilisation sur des scies ou d\u00e9coupeuses portatives.[\/vc_column_text][\/vc_column][\/vc_row][vc_row][vc_column width=\u00a0\u00bb1\/1&Prime;][vc_basic_grid post_type=\u00a0\u00bbcustom\u00a0\u00bb element_width=\u00a0\u00bb3&Prime; gap=\u00a0\u00bb10&Prime; item=\u00a0\u00bb15386&Prime; initial_loading_animation=\u00a0\u00bbnone\u00a0\u00bb grid_id=\u00a0\u00bbvc_gid:1490000806932-d5b9032a-054c-8&Prime; custom_query=\u00a0\u00bbpost_type=page&amp;post_parent=12403&amp;sort_column=menu_order&amp;orderby=menu_order&amp;order=ASC&amp;post_status=publish&amp;posts_per_page=100&Prime;][\/vc_column][\/vc_row]<\/p>\n","protected":false},"author":29,"featured_media":0,"parent":0,"menu_order":307,"comment_status":"closed","ping_status":"closed","template":"","meta":{"ngg_post_thumbnail":0,"_joinchat":[],"footnotes":""},"class_list":["post-12403","page","type-page","status-publish","hentry"],"yoast_head":"<!-- This site is optimized with the Yoast SEO plugin v25.5 - https:\/\/yoast.com\/wordpress\/plugins\/seo\/ -->\n<title>Disques Diamant\u00e9s Universels Laser - Maxima SpA<\/title>\n<meta name=\"robots\" content=\"index, follow, max-snippet:-1, max-image-preview:large, max-video-preview:-1\" \/>\n<link rel=\"canonical\" href=\"https:\/\/www.maxima-dia.com\/fr\/disques-diamantes-universels-laser\/\" \/>\n<meta property=\"og:locale\" content=\"fr_FR\" \/>\n<meta property=\"og:type\" content=\"article\" \/>\n<meta property=\"og:title\" content=\"Disques Diamant\u00e9s Universels Laser - Maxima SpA\" \/>\n<meta property=\"og:description\" content=\"[vc_row bottom_padding=\u00a0\u00bb50&Prime;][vc_column width=\u00a0\u00bb1\/1&Prime;][vc_column_text]Dans cette section, nous pr\u00e9sentons tous les disques universels \u00e0 couronne continue, \u00e9galement appel\u00e9s TURBO, que l\u2019on peut essentiellement utiliser sur des meuleuses. Certains produits sont \u00e9galement disponibles avec des diam\u00e8tres appropri\u00e9s pour une utilisation sur des scies ou d\u00e9coupeuses portatives.[\/vc_column_text][\/vc_column][\/vc_row][vc_row][vc_column width=\u00a0\u00bb1\/1&Prime;][vc_basic_grid post_type=\u00a0\u00bbcustom\u00a0\u00bb element_width=\u00a0\u00bb3&Prime; gap=\u00a0\u00bb10&Prime; item=\u00a0\u00bb15386&Prime; initial_loading_animation=\u00a0\u00bbnone\u00a0\u00bb grid_id=\u00a0\u00bbvc_gid:1490000806932-d5b9032a-054c-8&Prime; custom_query=\u00a0\u00bbpost_type=page&amp;post_parent=12403&amp;sort_column=menu_order&amp;orderby=menu_order&amp;order=ASC&amp;post_status=publish&amp;posts_per_page=100&Prime;][\/vc_column][\/vc_row]\" \/>\n<meta property=\"og:url\" content=\"https:\/\/www.maxima-dia.com\/fr\/disques-diamantes-universels-laser\/\" \/>\n<meta property=\"og:site_name\" content=\"Maxima SpA\" \/>\n<meta property=\"article:publisher\" content=\"https:\/\/www.facebook.com\/Maxima-spa-106098566139597\" \/>\n<meta property=\"article:modified_time\" content=\"2019-08-07T09:35:35+00:00\" \/>\n<meta property=\"og:image\" content=\"https:\/\/www.maxima-dia.com\/wp-content\/uploads\/2022\/03\/MaximaSpA-logo-quadrato.jpg\" \/>\n\t<meta property=\"og:image:width\" content=\"500\" \/>\n\t<meta property=\"og:image:height\" content=\"500\" \/>\n\t<meta property=\"og:image:type\" content=\"image\/jpeg\" \/>\n<meta name=\"twitter:card\" content=\"summary_large_image\" \/>\n<meta name=\"twitter:site\" content=\"@Maximadia\" \/>\n<meta name=\"twitter:label1\" content=\"Dur\u00e9e de lecture estim\u00e9e\" \/>\n\t<meta name=\"twitter:data1\" content=\"1 minute\" \/>\n<script type=\"application\/ld+json\" class=\"yoast-schema-graph\">{\"@context\":\"https:\/\/schema.org\",\"@graph\":[{\"@type\":\"WebPage\",\"@id\":\"https:\/\/www.maxima-dia.com\/fr\/disques-diamantes-universels-laser\/\",\"url\":\"https:\/\/www.maxima-dia.com\/fr\/disques-diamantes-universels-laser\/\",\"name\":\"Disques Diamant\u00e9s Universels Laser - Maxima SpA\",\"isPartOf\":{\"@id\":\"https:\/\/www.maxima-dia.com\/fr\/#website\"},\"datePublished\":\"2017-02-07T09:56:10+00:00\",\"dateModified\":\"2019-08-07T09:35:35+00:00\",\"breadcrumb\":{\"@id\":\"https:\/\/www.maxima-dia.com\/fr\/disques-diamantes-universels-laser\/#breadcrumb\"},\"inLanguage\":\"fr-FR\",\"potentialAction\":[{\"@type\":\"ReadAction\",\"target\":[\"https:\/\/www.maxima-dia.com\/fr\/disques-diamantes-universels-laser\/\"]}]},{\"@type\":\"BreadcrumbList\",\"@id\":\"https:\/\/www.maxima-dia.com\/fr\/disques-diamantes-universels-laser\/#breadcrumb\",\"itemListElement\":[{\"@type\":\"ListItem\",\"position\":1,\"name\":\"Home\",\"item\":\"https:\/\/www.maxima-dia.com\/fr\/\"},{\"@type\":\"ListItem\",\"position\":2,\"name\":\"Disques Diamant\u00e9s Universels Laser\"}]},{\"@type\":\"WebSite\",\"@id\":\"https:\/\/www.maxima-dia.com\/fr\/#website\",\"url\":\"https:\/\/www.maxima-dia.com\/fr\/\",\"name\":\"Maxima SpA\",\"description\":\"Only for the real professionals\",\"potentialAction\":[{\"@type\":\"SearchAction\",\"target\":{\"@type\":\"EntryPoint\",\"urlTemplate\":\"https:\/\/www.maxima-dia.com\/fr\/?s={search_term_string}\"},\"query-input\":{\"@type\":\"PropertyValueSpecification\",\"valueRequired\":true,\"valueName\":\"search_term_string\"}}],\"inLanguage\":\"fr-FR\"}]}<\/script>\n<!-- \/ Yoast SEO plugin. -->","yoast_head_json":{"title":"Disques Diamant\u00e9s Universels Laser - Maxima SpA","robots":{"index":"index","follow":"follow","max-snippet":"max-snippet:-1","max-image-preview":"max-image-preview:large","max-video-preview":"max-video-preview:-1"},"canonical":"https:\/\/www.maxima-dia.com\/fr\/disques-diamantes-universels-laser\/","og_locale":"fr_FR","og_type":"article","og_title":"Disques Diamant\u00e9s Universels Laser - Maxima SpA","og_description":"[vc_row bottom_padding=\u00a0\u00bb50&Prime;][vc_column width=\u00a0\u00bb1\/1&Prime;][vc_column_text]Dans cette section, nous pr\u00e9sentons tous les disques universels \u00e0 couronne continue, \u00e9galement appel\u00e9s TURBO, que l\u2019on peut essentiellement utiliser sur des meuleuses. Certains produits sont \u00e9galement disponibles avec des diam\u00e8tres appropri\u00e9s pour une utilisation sur des scies ou d\u00e9coupeuses portatives.[\/vc_column_text][\/vc_column][\/vc_row][vc_row][vc_column width=\u00a0\u00bb1\/1&Prime;][vc_basic_grid post_type=\u00a0\u00bbcustom\u00a0\u00bb element_width=\u00a0\u00bb3&Prime; gap=\u00a0\u00bb10&Prime; item=\u00a0\u00bb15386&Prime; initial_loading_animation=\u00a0\u00bbnone\u00a0\u00bb grid_id=\u00a0\u00bbvc_gid:1490000806932-d5b9032a-054c-8&Prime; custom_query=\u00a0\u00bbpost_type=page&amp;post_parent=12403&amp;sort_column=menu_order&amp;orderby=menu_order&amp;order=ASC&amp;post_status=publish&amp;posts_per_page=100&Prime;][\/vc_column][\/vc_row]","og_url":"https:\/\/www.maxima-dia.com\/fr\/disques-diamantes-universels-laser\/","og_site_name":"Maxima SpA","article_publisher":"https:\/\/www.facebook.com\/Maxima-spa-106098566139597","article_modified_time":"2019-08-07T09:35:35+00:00","og_image":[{"width":500,"height":500,"url":"https:\/\/www.maxima-dia.com\/wp-content\/uploads\/2022\/03\/MaximaSpA-logo-quadrato.jpg","type":"image\/jpeg"}],"twitter_card":"summary_large_image","twitter_site":"@Maximadia","twitter_misc":{"Dur\u00e9e de lecture estim\u00e9e":"1 minute"},"schema":{"@context":"https:\/\/schema.org","@graph":[{"@type":"WebPage","@id":"https:\/\/www.maxima-dia.com\/fr\/disques-diamantes-universels-laser\/","url":"https:\/\/www.maxima-dia.com\/fr\/disques-diamantes-universels-laser\/","name":"Disques Diamant\u00e9s Universels Laser - Maxima SpA","isPartOf":{"@id":"https:\/\/www.maxima-dia.com\/fr\/#website"},"datePublished":"2017-02-07T09:56:10+00:00","dateModified":"2019-08-07T09:35:35+00:00","breadcrumb":{"@id":"https:\/\/www.maxima-dia.com\/fr\/disques-diamantes-universels-laser\/#breadcrumb"},"inLanguage":"fr-FR","potentialAction":[{"@type":"ReadAction","target":["https:\/\/www.maxima-dia.com\/fr\/disques-diamantes-universels-laser\/"]}]},{"@type":"BreadcrumbList","@id":"https:\/\/www.maxima-dia.com\/fr\/disques-diamantes-universels-laser\/#breadcrumb","itemListElement":[{"@type":"ListItem","position":1,"name":"Home","item":"https:\/\/www.maxima-dia.com\/fr\/"},{"@type":"ListItem","position":2,"name":"Disques Diamant\u00e9s Universels Laser"}]},{"@type":"WebSite","@id":"https:\/\/www.maxima-dia.com\/fr\/#website","url":"https:\/\/www.maxima-dia.com\/fr\/","name":"Maxima SpA","description":"Only for the real professionals","potentialAction":[{"@type":"SearchAction","target":{"@type":"EntryPoint","urlTemplate":"https:\/\/www.maxima-dia.com\/fr\/?s={search_term_string}"},"query-input":{"@type":"PropertyValueSpecification","valueRequired":true,"valueName":"search_term_string"}}],"inLanguage":"fr-FR"}]}},"_links":{"self":[{"href":"https:\/\/www.maxima-dia.com\/fr\/wp-json\/wp\/v2\/pages\/12403"}],"collection":[{"href":"https:\/\/www.maxima-dia.com\/fr\/wp-json\/wp\/v2\/pages"}],"about":[{"href":"https:\/\/www.maxima-dia.com\/fr\/wp-json\/wp\/v2\/types\/page"}],"author":[{"embeddable":true,"href":"https:\/\/www.maxima-dia.com\/fr\/wp-json\/wp\/v2\/users\/29"}],"replies":[{"embeddable":true,"href":"https:\/\/www.maxima-dia.com\/fr\/wp-json\/wp\/v2\/comments?post=12403"}],"version-history":[{"count":0,"href":"https:\/\/www.maxima-dia.com\/fr\/wp-json\/wp\/v2\/pages\/12403\/revisions"}],"wp:attachment":[{"href":"https:\/\/www.maxima-dia.com\/fr\/wp-json\/wp\/v2\/media?parent=12403"}],"curies":[{"name":"wp","href":"https:\/\/api.w.org\/{rel}","templated":true}]}}