{"id":12551,"date":"2017-02-07T12:38:37","date_gmt":"2017-02-07T11:38:37","guid":{"rendered":"http:\/\/www.maxima-dia.com\/?page_id=12551\/"},"modified":"2019-08-07T11:34:11","modified_gmt":"2019-08-07T09:34:11","slug":"disques-diamantes-specifiques","status":"publish","type":"page","link":"https:\/\/www.maxima-dia.com\/fr\/disques-diamantes-specifiques\/","title":{"rendered":"Disques Diamant\u00e9s Sp\u00e8cifiques"},"content":{"rendered":"<div class=\"wpb-content-wrapper\"><p>[vc_row bottom_padding=\u00a0\u00bb50&Prime;][vc_column width=\u00a0\u00bb1\/1&Prime;][vc_column_text]Les disques sp\u00e9cifiques ont \u00e9t\u00e9 pens\u00e9s pour r\u00e9pondre aux exigences de coupe d\u2019un mat\u00e9riau sp\u00e9cifique, contrairement aux disques universels. Ainsi, Maxima a d\u00e9velopp\u00e9 une tr\u00e8s vaste gamme d\u2019outils pour diff\u00e9rents types de mat\u00e9riaux, comme l\u2019asphalte, le b\u00e9ton, les r\u00e9fractaires, le porphyre, le marbre et le granit. Ils sont disponibles dans des diam\u00e8tres allant de 125 \u00e0 800 mm pour les diff\u00e9rents types de machines de construction.[\/vc_column_text][\/vc_column][\/vc_row][vc_row][vc_column width=\u00a0\u00bb1\/1&Prime;][vc_basic_grid post_type=\u00a0\u00bbcustom\u00a0\u00bb element_width=\u00a0\u00bb3&Prime; gap=\u00a0\u00bb10&Prime; item=\u00a0\u00bb15386&Prime; initial_loading_animation=\u00a0\u00bbnone\u00a0\u00bb grid_id=\u00a0\u00bbvc_gid:1490001116844-6d0b6709-16b5-0&Prime; custom_query=\u00a0\u00bbpost_type=page&amp;post_parent=12551&amp;sort_column=menu_order&amp;orderby=menu_order&amp;order=ASC&amp;post_status=publish&amp;posts_per_page=100&Prime;][\/vc_column][\/vc_row]<\/p>\n<\/div>","protected":false},"excerpt":{"rendered":"<p>[vc_row bottom_padding=\u00a0\u00bb50&Prime;][vc_column width=\u00a0\u00bb1\/1&Prime;][vc_column_text]Les disques sp\u00e9cifiques ont \u00e9t\u00e9 pens\u00e9s pour r\u00e9pondre aux exigences de coupe d\u2019un mat\u00e9riau sp\u00e9cifique, contrairement aux disques universels. Ainsi, Maxima a d\u00e9velopp\u00e9 une tr\u00e8s vaste gamme d\u2019outils pour diff\u00e9rents types de mat\u00e9riaux, comme l\u2019asphalte, le b\u00e9ton, les r\u00e9fractaires, le porphyre, le marbre et le granit. Ils sont disponibles dans des diam\u00e8tres allant de 125 \u00e0 800 mm pour les diff\u00e9rents types de machines de construction.[\/vc_column_text][\/vc_column][\/vc_row][vc_row][vc_column width=\u00a0\u00bb1\/1&Prime;][vc_basic_grid post_type=\u00a0\u00bbcustom\u00a0\u00bb element_width=\u00a0\u00bb3&Prime; gap=\u00a0\u00bb10&Prime; item=\u00a0\u00bb15386&Prime; initial_loading_animation=\u00a0\u00bbnone\u00a0\u00bb grid_id=\u00a0\u00bbvc_gid:1490001116844-6d0b6709-16b5-0&Prime; custom_query=\u00a0\u00bbpost_type=page&amp;post_parent=12551&amp;sort_column=menu_order&amp;orderby=menu_order&amp;order=ASC&amp;post_status=publish&amp;posts_per_page=100&Prime;][\/vc_column][\/vc_row]<\/p>\n","protected":false},"author":29,"featured_media":0,"parent":0,"menu_order":297,"comment_status":"closed","ping_status":"closed","template":"","meta":{"ngg_post_thumbnail":0,"_joinchat":[],"footnotes":""},"class_list":["post-12551","page","type-page","status-publish","hentry"],"yoast_head":"<!-- This site is optimized with the Yoast SEO plugin v25.5 - https:\/\/yoast.com\/wordpress\/plugins\/seo\/ -->\n<title>Disques Diamant\u00e9s Sp\u00e8cifiques - Maxima SpA<\/title>\n<meta name=\"robots\" content=\"index, follow, max-snippet:-1, max-image-preview:large, max-video-preview:-1\" \/>\n<link rel=\"canonical\" href=\"https:\/\/www.maxima-dia.com\/fr\/disques-diamantes-specifiques\/\" \/>\n<meta property=\"og:locale\" content=\"fr_FR\" \/>\n<meta property=\"og:type\" content=\"article\" \/>\n<meta property=\"og:title\" content=\"Disques Diamant\u00e9s Sp\u00e8cifiques - Maxima SpA\" \/>\n<meta property=\"og:description\" content=\"[vc_row bottom_padding=\u00a0\u00bb50&Prime;][vc_column width=\u00a0\u00bb1\/1&Prime;][vc_column_text]Les disques sp\u00e9cifiques ont \u00e9t\u00e9 pens\u00e9s pour r\u00e9pondre aux exigences de coupe d\u2019un mat\u00e9riau sp\u00e9cifique, contrairement aux disques universels. Ainsi, Maxima a d\u00e9velopp\u00e9 une tr\u00e8s vaste gamme d\u2019outils pour diff\u00e9rents types de mat\u00e9riaux, comme l\u2019asphalte, le b\u00e9ton, les r\u00e9fractaires, le porphyre, le marbre et le granit. Ils sont disponibles dans des diam\u00e8tres allant de 125 \u00e0 800 mm pour les diff\u00e9rents types de machines de construction.[\/vc_column_text][\/vc_column][\/vc_row][vc_row][vc_column width=\u00a0\u00bb1\/1&Prime;][vc_basic_grid post_type=\u00a0\u00bbcustom\u00a0\u00bb element_width=\u00a0\u00bb3&Prime; gap=\u00a0\u00bb10&Prime; item=\u00a0\u00bb15386&Prime; initial_loading_animation=\u00a0\u00bbnone\u00a0\u00bb grid_id=\u00a0\u00bbvc_gid:1490001116844-6d0b6709-16b5-0&Prime; custom_query=\u00a0\u00bbpost_type=page&amp;post_parent=12551&amp;sort_column=menu_order&amp;orderby=menu_order&amp;order=ASC&amp;post_status=publish&amp;posts_per_page=100&Prime;][\/vc_column][\/vc_row]\" \/>\n<meta property=\"og:url\" content=\"https:\/\/www.maxima-dia.com\/fr\/disques-diamantes-specifiques\/\" \/>\n<meta property=\"og:site_name\" content=\"Maxima SpA\" \/>\n<meta property=\"article:publisher\" content=\"https:\/\/www.facebook.com\/Maxima-spa-106098566139597\" \/>\n<meta property=\"article:modified_time\" content=\"2019-08-07T09:34:11+00:00\" \/>\n<meta property=\"og:image\" content=\"https:\/\/www.maxima-dia.com\/wp-content\/uploads\/2022\/03\/MaximaSpA-logo-quadrato.jpg\" \/>\n\t<meta property=\"og:image:width\" content=\"500\" \/>\n\t<meta property=\"og:image:height\" content=\"500\" \/>\n\t<meta property=\"og:image:type\" content=\"image\/jpeg\" \/>\n<meta name=\"twitter:card\" content=\"summary_large_image\" \/>\n<meta name=\"twitter:site\" content=\"@Maximadia\" \/>\n<meta name=\"twitter:label1\" content=\"Dur\u00e9e de lecture estim\u00e9e\" \/>\n\t<meta name=\"twitter:data1\" content=\"1 minute\" \/>\n<script type=\"application\/ld+json\" class=\"yoast-schema-graph\">{\"@context\":\"https:\/\/schema.org\",\"@graph\":[{\"@type\":\"WebPage\",\"@id\":\"https:\/\/www.maxima-dia.com\/fr\/disques-diamantes-specifiques\/\",\"url\":\"https:\/\/www.maxima-dia.com\/fr\/disques-diamantes-specifiques\/\",\"name\":\"Disques Diamant\u00e9s Sp\u00e8cifiques - Maxima SpA\",\"isPartOf\":{\"@id\":\"https:\/\/www.maxima-dia.com\/fr\/#website\"},\"datePublished\":\"2017-02-07T11:38:37+00:00\",\"dateModified\":\"2019-08-07T09:34:11+00:00\",\"breadcrumb\":{\"@id\":\"https:\/\/www.maxima-dia.com\/fr\/disques-diamantes-specifiques\/#breadcrumb\"},\"inLanguage\":\"fr-FR\",\"potentialAction\":[{\"@type\":\"ReadAction\",\"target\":[\"https:\/\/www.maxima-dia.com\/fr\/disques-diamantes-specifiques\/\"]}]},{\"@type\":\"BreadcrumbList\",\"@id\":\"https:\/\/www.maxima-dia.com\/fr\/disques-diamantes-specifiques\/#breadcrumb\",\"itemListElement\":[{\"@type\":\"ListItem\",\"position\":1,\"name\":\"Home\",\"item\":\"https:\/\/www.maxima-dia.com\/fr\/\"},{\"@type\":\"ListItem\",\"position\":2,\"name\":\"Disques Diamant\u00e9s Sp\u00e8cifiques\"}]},{\"@type\":\"WebSite\",\"@id\":\"https:\/\/www.maxima-dia.com\/fr\/#website\",\"url\":\"https:\/\/www.maxima-dia.com\/fr\/\",\"name\":\"Maxima SpA\",\"description\":\"Only for the real professionals\",\"potentialAction\":[{\"@type\":\"SearchAction\",\"target\":{\"@type\":\"EntryPoint\",\"urlTemplate\":\"https:\/\/www.maxima-dia.com\/fr\/?s={search_term_string}\"},\"query-input\":{\"@type\":\"PropertyValueSpecification\",\"valueRequired\":true,\"valueName\":\"search_term_string\"}}],\"inLanguage\":\"fr-FR\"}]}<\/script>\n<!-- \/ Yoast SEO plugin. -->","yoast_head_json":{"title":"Disques Diamant\u00e9s Sp\u00e8cifiques - Maxima SpA","robots":{"index":"index","follow":"follow","max-snippet":"max-snippet:-1","max-image-preview":"max-image-preview:large","max-video-preview":"max-video-preview:-1"},"canonical":"https:\/\/www.maxima-dia.com\/fr\/disques-diamantes-specifiques\/","og_locale":"fr_FR","og_type":"article","og_title":"Disques Diamant\u00e9s Sp\u00e8cifiques - Maxima SpA","og_description":"[vc_row bottom_padding=\u00a0\u00bb50&Prime;][vc_column width=\u00a0\u00bb1\/1&Prime;][vc_column_text]Les disques sp\u00e9cifiques ont \u00e9t\u00e9 pens\u00e9s pour r\u00e9pondre aux exigences de coupe d\u2019un mat\u00e9riau sp\u00e9cifique, contrairement aux disques universels. Ainsi, Maxima a d\u00e9velopp\u00e9 une tr\u00e8s vaste gamme d\u2019outils pour diff\u00e9rents types de mat\u00e9riaux, comme l\u2019asphalte, le b\u00e9ton, les r\u00e9fractaires, le porphyre, le marbre et le granit. Ils sont disponibles dans des diam\u00e8tres allant de 125 \u00e0 800 mm pour les diff\u00e9rents types de machines de construction.[\/vc_column_text][\/vc_column][\/vc_row][vc_row][vc_column width=\u00a0\u00bb1\/1&Prime;][vc_basic_grid post_type=\u00a0\u00bbcustom\u00a0\u00bb element_width=\u00a0\u00bb3&Prime; gap=\u00a0\u00bb10&Prime; item=\u00a0\u00bb15386&Prime; initial_loading_animation=\u00a0\u00bbnone\u00a0\u00bb grid_id=\u00a0\u00bbvc_gid:1490001116844-6d0b6709-16b5-0&Prime; custom_query=\u00a0\u00bbpost_type=page&amp;post_parent=12551&amp;sort_column=menu_order&amp;orderby=menu_order&amp;order=ASC&amp;post_status=publish&amp;posts_per_page=100&Prime;][\/vc_column][\/vc_row]","og_url":"https:\/\/www.maxima-dia.com\/fr\/disques-diamantes-specifiques\/","og_site_name":"Maxima SpA","article_publisher":"https:\/\/www.facebook.com\/Maxima-spa-106098566139597","article_modified_time":"2019-08-07T09:34:11+00:00","og_image":[{"width":500,"height":500,"url":"https:\/\/www.maxima-dia.com\/wp-content\/uploads\/2022\/03\/MaximaSpA-logo-quadrato.jpg","type":"image\/jpeg"}],"twitter_card":"summary_large_image","twitter_site":"@Maximadia","twitter_misc":{"Dur\u00e9e de lecture estim\u00e9e":"1 minute"},"schema":{"@context":"https:\/\/schema.org","@graph":[{"@type":"WebPage","@id":"https:\/\/www.maxima-dia.com\/fr\/disques-diamantes-specifiques\/","url":"https:\/\/www.maxima-dia.com\/fr\/disques-diamantes-specifiques\/","name":"Disques Diamant\u00e9s Sp\u00e8cifiques - Maxima SpA","isPartOf":{"@id":"https:\/\/www.maxima-dia.com\/fr\/#website"},"datePublished":"2017-02-07T11:38:37+00:00","dateModified":"2019-08-07T09:34:11+00:00","breadcrumb":{"@id":"https:\/\/www.maxima-dia.com\/fr\/disques-diamantes-specifiques\/#breadcrumb"},"inLanguage":"fr-FR","potentialAction":[{"@type":"ReadAction","target":["https:\/\/www.maxima-dia.com\/fr\/disques-diamantes-specifiques\/"]}]},{"@type":"BreadcrumbList","@id":"https:\/\/www.maxima-dia.com\/fr\/disques-diamantes-specifiques\/#breadcrumb","itemListElement":[{"@type":"ListItem","position":1,"name":"Home","item":"https:\/\/www.maxima-dia.com\/fr\/"},{"@type":"ListItem","position":2,"name":"Disques Diamant\u00e9s Sp\u00e8cifiques"}]},{"@type":"WebSite","@id":"https:\/\/www.maxima-dia.com\/fr\/#website","url":"https:\/\/www.maxima-dia.com\/fr\/","name":"Maxima SpA","description":"Only for the real professionals","potentialAction":[{"@type":"SearchAction","target":{"@type":"EntryPoint","urlTemplate":"https:\/\/www.maxima-dia.com\/fr\/?s={search_term_string}"},"query-input":{"@type":"PropertyValueSpecification","valueRequired":true,"valueName":"search_term_string"}}],"inLanguage":"fr-FR"}]}},"_links":{"self":[{"href":"https:\/\/www.maxima-dia.com\/fr\/wp-json\/wp\/v2\/pages\/12551"}],"collection":[{"href":"https:\/\/www.maxima-dia.com\/fr\/wp-json\/wp\/v2\/pages"}],"about":[{"href":"https:\/\/www.maxima-dia.com\/fr\/wp-json\/wp\/v2\/types\/page"}],"author":[{"embeddable":true,"href":"https:\/\/www.maxima-dia.com\/fr\/wp-json\/wp\/v2\/users\/29"}],"replies":[{"embeddable":true,"href":"https:\/\/www.maxima-dia.com\/fr\/wp-json\/wp\/v2\/comments?post=12551"}],"version-history":[{"count":0,"href":"https:\/\/www.maxima-dia.com\/fr\/wp-json\/wp\/v2\/pages\/12551\/revisions"}],"wp:attachment":[{"href":"https:\/\/www.maxima-dia.com\/fr\/wp-json\/wp\/v2\/media?parent=12551"}],"curies":[{"name":"wp","href":"https:\/\/api.w.org\/{rel}","templated":true}]}}