{"id":12575,"date":"2017-02-08T08:54:33","date_gmt":"2017-02-08T07:54:33","guid":{"rendered":"http:\/\/www.maxima-dia.com\/?page_id=12575\/"},"modified":"2019-08-07T11:34:57","modified_gmt":"2019-08-07T09:34:57","slug":"plateaux-de-poncage","status":"publish","type":"page","link":"https:\/\/www.maxima-dia.com\/fr\/plateaux-de-poncage\/","title":{"rendered":"Plateaux de Pon\u00e7age"},"content":{"rendered":"<div class=\"wpb-content-wrapper\"><p>[vc_row bottom_padding=\u00a0\u00bb50&Prime;][vc_column width=\u00a0\u00bb1\/1&Prime;][vc_column_text]La gamme des plateaux de pon\u00e7age Maxima a \u00e9t\u00e9 con\u00e7ue aussi bien pour un usage universel dans le domaine du b\u00e2timent que sp\u00e9cifique dans celui des mat\u00e9riaux pierreux. Les diam\u00e8tres disponibles vont de 100 \u00e0 180 mm.[\/vc_column_text][\/vc_column][\/vc_row][vc_row][vc_column width=\u00a0\u00bb1\/1&Prime;][vc_basic_grid post_type=\u00a0\u00bbcustom\u00a0\u00bb element_width=\u00a0\u00bb3&Prime; gap=\u00a0\u00bb10&Prime; item=\u00a0\u00bb15386&Prime; initial_loading_animation=\u00a0\u00bbnone\u00a0\u00bb grid_id=\u00a0\u00bbvc_gid:1539681641779-9b3491f5-fee9-4&Prime; custom_query=\u00a0\u00bbpost_type=page&amp;post_parent=12575&amp;sort_column=menu_order&amp;orderby=menu_order&amp;order=ASC&amp;post_status=publish&amp;posts_per_page=100&Prime;][\/vc_column][\/vc_row]<\/p>\n<\/div>","protected":false},"excerpt":{"rendered":"<p>[vc_row bottom_padding=\u00a0\u00bb50&Prime;][vc_column width=\u00a0\u00bb1\/1&Prime;][vc_column_text]La gamme des plateaux de pon\u00e7age Maxima a \u00e9t\u00e9 con\u00e7ue aussi bien pour un usage universel dans le domaine du b\u00e2timent que sp\u00e9cifique dans celui des mat\u00e9riaux pierreux. Les diam\u00e8tres disponibles vont de 100 \u00e0 180 mm.[\/vc_column_text][\/vc_column][\/vc_row][vc_row][vc_column width=\u00a0\u00bb1\/1&Prime;][vc_basic_grid post_type=\u00a0\u00bbcustom\u00a0\u00bb element_width=\u00a0\u00bb3&Prime; gap=\u00a0\u00bb10&Prime; item=\u00a0\u00bb15386&Prime; initial_loading_animation=\u00a0\u00bbnone\u00a0\u00bb grid_id=\u00a0\u00bbvc_gid:1539681641779-9b3491f5-fee9-4&Prime; custom_query=\u00a0\u00bbpost_type=page&amp;post_parent=12575&amp;sort_column=menu_order&amp;orderby=menu_order&amp;order=ASC&amp;post_status=publish&amp;posts_per_page=100&Prime;][\/vc_column][\/vc_row]<\/p>\n","protected":false},"author":29,"featured_media":0,"parent":0,"menu_order":416,"comment_status":"closed","ping_status":"closed","template":"","meta":{"ngg_post_thumbnail":0,"_joinchat":[],"footnotes":""},"class_list":["post-12575","page","type-page","status-publish","hentry"],"yoast_head":"<!-- This site is optimized with the Yoast SEO plugin v25.5 - https:\/\/yoast.com\/wordpress\/plugins\/seo\/ -->\n<title>Plateaux de Pon\u00e7age - Maxima SpA<\/title>\n<meta name=\"robots\" content=\"index, follow, max-snippet:-1, max-image-preview:large, max-video-preview:-1\" \/>\n<link rel=\"canonical\" href=\"https:\/\/www.maxima-dia.com\/fr\/plateaux-de-poncage\/\" \/>\n<meta property=\"og:locale\" content=\"fr_FR\" \/>\n<meta property=\"og:type\" content=\"article\" \/>\n<meta property=\"og:title\" content=\"Plateaux de Pon\u00e7age - Maxima SpA\" \/>\n<meta property=\"og:description\" content=\"[vc_row bottom_padding=\u00a0\u00bb50&Prime;][vc_column width=\u00a0\u00bb1\/1&Prime;][vc_column_text]La gamme des plateaux de pon\u00e7age Maxima a \u00e9t\u00e9 con\u00e7ue aussi bien pour un usage universel dans le domaine du b\u00e2timent que sp\u00e9cifique dans celui des mat\u00e9riaux pierreux. Les diam\u00e8tres disponibles vont de 100 \u00e0 180 mm.[\/vc_column_text][\/vc_column][\/vc_row][vc_row][vc_column width=\u00a0\u00bb1\/1&Prime;][vc_basic_grid post_type=\u00a0\u00bbcustom\u00a0\u00bb element_width=\u00a0\u00bb3&Prime; gap=\u00a0\u00bb10&Prime; item=\u00a0\u00bb15386&Prime; initial_loading_animation=\u00a0\u00bbnone\u00a0\u00bb grid_id=\u00a0\u00bbvc_gid:1539681641779-9b3491f5-fee9-4&Prime; custom_query=\u00a0\u00bbpost_type=page&amp;post_parent=12575&amp;sort_column=menu_order&amp;orderby=menu_order&amp;order=ASC&amp;post_status=publish&amp;posts_per_page=100&Prime;][\/vc_column][\/vc_row]\" \/>\n<meta property=\"og:url\" content=\"https:\/\/www.maxima-dia.com\/fr\/plateaux-de-poncage\/\" \/>\n<meta property=\"og:site_name\" content=\"Maxima SpA\" \/>\n<meta property=\"article:publisher\" content=\"https:\/\/www.facebook.com\/Maxima-spa-106098566139597\" \/>\n<meta property=\"article:modified_time\" content=\"2019-08-07T09:34:57+00:00\" \/>\n<meta property=\"og:image\" content=\"https:\/\/www.maxima-dia.com\/wp-content\/uploads\/2022\/03\/MaximaSpA-logo-quadrato.jpg\" \/>\n\t<meta property=\"og:image:width\" content=\"500\" \/>\n\t<meta property=\"og:image:height\" content=\"500\" \/>\n\t<meta property=\"og:image:type\" content=\"image\/jpeg\" \/>\n<meta name=\"twitter:card\" content=\"summary_large_image\" \/>\n<meta name=\"twitter:site\" content=\"@Maximadia\" \/>\n<meta name=\"twitter:label1\" content=\"Dur\u00e9e de lecture estim\u00e9e\" \/>\n\t<meta name=\"twitter:data1\" content=\"1 minute\" \/>\n<script type=\"application\/ld+json\" class=\"yoast-schema-graph\">{\"@context\":\"https:\/\/schema.org\",\"@graph\":[{\"@type\":\"WebPage\",\"@id\":\"https:\/\/www.maxima-dia.com\/fr\/plateaux-de-poncage\/\",\"url\":\"https:\/\/www.maxima-dia.com\/fr\/plateaux-de-poncage\/\",\"name\":\"Plateaux de Pon\u00e7age - Maxima SpA\",\"isPartOf\":{\"@id\":\"https:\/\/www.maxima-dia.com\/fr\/#website\"},\"datePublished\":\"2017-02-08T07:54:33+00:00\",\"dateModified\":\"2019-08-07T09:34:57+00:00\",\"breadcrumb\":{\"@id\":\"https:\/\/www.maxima-dia.com\/fr\/plateaux-de-poncage\/#breadcrumb\"},\"inLanguage\":\"fr-FR\",\"potentialAction\":[{\"@type\":\"ReadAction\",\"target\":[\"https:\/\/www.maxima-dia.com\/fr\/plateaux-de-poncage\/\"]}]},{\"@type\":\"BreadcrumbList\",\"@id\":\"https:\/\/www.maxima-dia.com\/fr\/plateaux-de-poncage\/#breadcrumb\",\"itemListElement\":[{\"@type\":\"ListItem\",\"position\":1,\"name\":\"Home\",\"item\":\"https:\/\/www.maxima-dia.com\/fr\/\"},{\"@type\":\"ListItem\",\"position\":2,\"name\":\"Plateaux de Pon\u00e7age\"}]},{\"@type\":\"WebSite\",\"@id\":\"https:\/\/www.maxima-dia.com\/fr\/#website\",\"url\":\"https:\/\/www.maxima-dia.com\/fr\/\",\"name\":\"Maxima SpA\",\"description\":\"Only for the real professionals\",\"potentialAction\":[{\"@type\":\"SearchAction\",\"target\":{\"@type\":\"EntryPoint\",\"urlTemplate\":\"https:\/\/www.maxima-dia.com\/fr\/?s={search_term_string}\"},\"query-input\":{\"@type\":\"PropertyValueSpecification\",\"valueRequired\":true,\"valueName\":\"search_term_string\"}}],\"inLanguage\":\"fr-FR\"}]}<\/script>\n<!-- \/ Yoast SEO plugin. -->","yoast_head_json":{"title":"Plateaux de Pon\u00e7age - Maxima SpA","robots":{"index":"index","follow":"follow","max-snippet":"max-snippet:-1","max-image-preview":"max-image-preview:large","max-video-preview":"max-video-preview:-1"},"canonical":"https:\/\/www.maxima-dia.com\/fr\/plateaux-de-poncage\/","og_locale":"fr_FR","og_type":"article","og_title":"Plateaux de Pon\u00e7age - Maxima SpA","og_description":"[vc_row bottom_padding=\u00a0\u00bb50&Prime;][vc_column width=\u00a0\u00bb1\/1&Prime;][vc_column_text]La gamme des plateaux de pon\u00e7age Maxima a \u00e9t\u00e9 con\u00e7ue aussi bien pour un usage universel dans le domaine du b\u00e2timent que sp\u00e9cifique dans celui des mat\u00e9riaux pierreux. Les diam\u00e8tres disponibles vont de 100 \u00e0 180 mm.[\/vc_column_text][\/vc_column][\/vc_row][vc_row][vc_column width=\u00a0\u00bb1\/1&Prime;][vc_basic_grid post_type=\u00a0\u00bbcustom\u00a0\u00bb element_width=\u00a0\u00bb3&Prime; gap=\u00a0\u00bb10&Prime; item=\u00a0\u00bb15386&Prime; initial_loading_animation=\u00a0\u00bbnone\u00a0\u00bb grid_id=\u00a0\u00bbvc_gid:1539681641779-9b3491f5-fee9-4&Prime; custom_query=\u00a0\u00bbpost_type=page&amp;post_parent=12575&amp;sort_column=menu_order&amp;orderby=menu_order&amp;order=ASC&amp;post_status=publish&amp;posts_per_page=100&Prime;][\/vc_column][\/vc_row]","og_url":"https:\/\/www.maxima-dia.com\/fr\/plateaux-de-poncage\/","og_site_name":"Maxima SpA","article_publisher":"https:\/\/www.facebook.com\/Maxima-spa-106098566139597","article_modified_time":"2019-08-07T09:34:57+00:00","og_image":[{"width":500,"height":500,"url":"https:\/\/www.maxima-dia.com\/wp-content\/uploads\/2022\/03\/MaximaSpA-logo-quadrato.jpg","type":"image\/jpeg"}],"twitter_card":"summary_large_image","twitter_site":"@Maximadia","twitter_misc":{"Dur\u00e9e de lecture estim\u00e9e":"1 minute"},"schema":{"@context":"https:\/\/schema.org","@graph":[{"@type":"WebPage","@id":"https:\/\/www.maxima-dia.com\/fr\/plateaux-de-poncage\/","url":"https:\/\/www.maxima-dia.com\/fr\/plateaux-de-poncage\/","name":"Plateaux de Pon\u00e7age - Maxima SpA","isPartOf":{"@id":"https:\/\/www.maxima-dia.com\/fr\/#website"},"datePublished":"2017-02-08T07:54:33+00:00","dateModified":"2019-08-07T09:34:57+00:00","breadcrumb":{"@id":"https:\/\/www.maxima-dia.com\/fr\/plateaux-de-poncage\/#breadcrumb"},"inLanguage":"fr-FR","potentialAction":[{"@type":"ReadAction","target":["https:\/\/www.maxima-dia.com\/fr\/plateaux-de-poncage\/"]}]},{"@type":"BreadcrumbList","@id":"https:\/\/www.maxima-dia.com\/fr\/plateaux-de-poncage\/#breadcrumb","itemListElement":[{"@type":"ListItem","position":1,"name":"Home","item":"https:\/\/www.maxima-dia.com\/fr\/"},{"@type":"ListItem","position":2,"name":"Plateaux de Pon\u00e7age"}]},{"@type":"WebSite","@id":"https:\/\/www.maxima-dia.com\/fr\/#website","url":"https:\/\/www.maxima-dia.com\/fr\/","name":"Maxima SpA","description":"Only for the real professionals","potentialAction":[{"@type":"SearchAction","target":{"@type":"EntryPoint","urlTemplate":"https:\/\/www.maxima-dia.com\/fr\/?s={search_term_string}"},"query-input":{"@type":"PropertyValueSpecification","valueRequired":true,"valueName":"search_term_string"}}],"inLanguage":"fr-FR"}]}},"_links":{"self":[{"href":"https:\/\/www.maxima-dia.com\/fr\/wp-json\/wp\/v2\/pages\/12575"}],"collection":[{"href":"https:\/\/www.maxima-dia.com\/fr\/wp-json\/wp\/v2\/pages"}],"about":[{"href":"https:\/\/www.maxima-dia.com\/fr\/wp-json\/wp\/v2\/types\/page"}],"author":[{"embeddable":true,"href":"https:\/\/www.maxima-dia.com\/fr\/wp-json\/wp\/v2\/users\/29"}],"replies":[{"embeddable":true,"href":"https:\/\/www.maxima-dia.com\/fr\/wp-json\/wp\/v2\/comments?post=12575"}],"version-history":[{"count":0,"href":"https:\/\/www.maxima-dia.com\/fr\/wp-json\/wp\/v2\/pages\/12575\/revisions"}],"wp:attachment":[{"href":"https:\/\/www.maxima-dia.com\/fr\/wp-json\/wp\/v2\/media?parent=12575"}],"curies":[{"name":"wp","href":"https:\/\/api.w.org\/{rel}","templated":true}]}}