{"id":15020,"date":"2017-03-07T12:04:53","date_gmt":"2017-03-07T11:04:53","guid":{"rendered":"http:\/\/www.maxima-dia.com\/?page_id=15020\/"},"modified":"2021-12-10T10:32:42","modified_gmt":"2021-12-10T09:32:42","slug":"gris-emergency","status":"publish","type":"page","link":"https:\/\/www.maxima-dia.com\/fr\/disques-diamantes-specifiques\/gris-emergency\/","title":{"rendered":"Gris Emergency"},"content":{"rendered":"<div class=\"wpb-content-wrapper\"><p>[vc_row][vc_column text_align=\u00a0\u00bbcenter\u00a0\u00bb width=\u00a0\u00bb1\/4&Prime;][vc_column_text]<a href=\"\/wp-content\/uploads\/2017\/02\/grigio-emergency.jpg\"><img loading=\"lazy\" decoding=\"async\" class=\"alignnone wp-image-13847 size-thumbnail\" src=\"\/wp-content\/uploads\/2017\/02\/grigio-emergency-150x150.jpg\" alt=\"GRIGIO EMERGENCY\" width=\"150\" height=\"150\" srcset=\"https:\/\/www.maxima-dia.com\/wp-content\/uploads\/2017\/02\/grigio-emergency-150x150.jpg 150w, https:\/\/www.maxima-dia.com\/wp-content\/uploads\/2017\/02\/grigio-emergency-300x300.jpg 300w, https:\/\/www.maxima-dia.com\/wp-content\/uploads\/2017\/02\/grigio-emergency-768x768.jpg 768w, https:\/\/www.maxima-dia.com\/wp-content\/uploads\/2017\/02\/grigio-emergency-1024x1024.jpg 1024w, https:\/\/www.maxima-dia.com\/wp-content\/uploads\/2017\/02\/grigio-emergency-80x80.jpg 80w, https:\/\/www.maxima-dia.com\/wp-content\/uploads\/2017\/02\/grigio-emergency-500x500.jpg 500w, https:\/\/www.maxima-dia.com\/wp-content\/uploads\/2017\/02\/grigio-emergency-1000x1000.jpg 1000w, https:\/\/www.maxima-dia.com\/wp-content\/uploads\/2017\/02\/grigio-emergency.jpg 1200w\" sizes=\"(max-width: 150px) 100vw, 150px\" \/><\/a>[\/vc_column_text][vc_column_text css_animation=\u00a0\u00bbslideInDown\u00a0\u00bb el_class=\u00a0\u00bbhidebuybutton\u00a0\u00bb]<a href=\"https:\/\/www.storemaxima.com\/fr\/disques-diamante-specifiques\/179-gris-emergency.html\" target=\"_blank\" rel=\"noopener\"><img loading=\"lazy\" decoding=\"async\" class=\"alignnone\" title=\"Acheter sur www.storemaxima.com\" src=\"https:\/\/www.maxima-dia.com\/wp-content\/uploads\/2019\/12\/pulsante-acquista-storemaxima.com-fr.svg\" alt=\"Acheter sur www.storemaxima.com\" width=\"180\" height=\"80\"><\/a>[\/vc_column_text][vc_btn title=\u00a0\u00bbFiche du produit\u00a0\u00bb style=\u00a0\u00bboutline-custom\u00a0\u00bb outline_custom_color=\u00a0\u00bb#cc0000&Prime; outline_custom_hover_background=\u00a0\u00bb#910000&Prime; outline_custom_hover_text=\u00a0\u00bb#f7f7f7&Prime; align=\u00a0\u00bbcenter\u00a0\u00bb i_icon_fontawesome=\u00a0\u00bbfas fa-download\u00a0\u00bb add_icon=\u00a0\u00bbtrue\u00a0\u00bb css=\u00a0\u00bb.vc_custom_1639128759154{margin-top: 5px !important;margin-right: 5px !important;margin-bottom: 5px !important;margin-left: 5px !important;}\u00a0\u00bb link=\u00a0\u00bburl:%2Fdl.php%3Ffile_url%3Dhttps%3A%2F%2Fwww.maxima-dia.com%2Fwp-content%2Fuploads%2F2021%2F11%2FDISQUES-SPE%25CC%2581CIFIQUES-GRIS-EMERGENCY-NOIR-MULTICUT-ARGENT-COUPE-PONC%25CC%25A7AGE-FR.pdf\u00a0\u00bb][\/vc_column][vc_column width=\u00a0\u00bb3\/4&Prime;][vc_column_text]<\/p>\n<p class=\"p1\">Comme son nom l\u2019indique, <strong>Gris Emergency<\/strong> est le disque pour les cas d\u2019urgence : il coupe \u00e0 sec extr\u00eamement rapidement toutes sortes de mat\u00e9riaux, mais il a une dur\u00e9e de vie relativement courte. Mont\u00e9 sur une d\u00e9coupeuse thermique, il r\u00e9v\u00e8le son extr\u00eame efficacit\u00e9 et sa grande vitesse de coupe, gr\u00e2ce \u00e0 la technique particuli\u00e8re de production qui permet au diamant d\u2019\u00eatre fix\u00e9 directement sur la surface de l\u2019\u00e2me en acier.<br \/>\n<strong>Ne convient pas \u00e0 une utilisation g\u00e9n\u00e9rale du b\u00e2timent.<\/strong><\/p>\n<table class=\"tabellatecnica\" style=\"width: 80%;\" border=\"0\" cellspacing=\"0\" cellpadding=\"0\">\n<thead>\n<tr>\n<td class=\"testata\" colspan=\"2\">TABLEAU TECHNIQUE<\/td>\n<\/tr>\n<\/thead>\n<tbody>\n<tr>\n<td class=\"prima\">Cured Concrete \/ Bricks \/ Roofing tiles<\/td>\n<td class=\"seconda\"><b class=\"txtred\">\u2605<\/b><b class=\"txtred\">\u2605<\/b><\/td>\n<\/tr>\n<tr>\n<td class=\"prima\">Slightly reinforced concrete<\/td>\n<td class=\"seconda\"><b class=\"txtred\">\u2605<\/b><b class=\"txtred\">\u2605<\/b>&nbsp;<\/td>\n<\/tr>\n<tr>\n<td class=\"prima\">Highly reinforced concrete<\/td>\n<td class=\"seconda\"><b class=\"txtred\">\u2605<\/b><b class=\"txtred\">\u2605<\/b>&nbsp;<\/td>\n<\/tr>\n<tr>\n<td class=\"prima\">Granite\/ Natural stone \/ Porphyries<\/td>\n<td class=\"seconda\"><b class=\"txtred\">\u2605<\/b><b class=\"txtred\">\u2605<\/b>&nbsp;<\/td>\n<\/tr>\n<tr>\n<td class=\"prima\">Marble<\/td>\n<td class=\"seconda\"><b class=\"txtred\">\u2605<\/b><b class=\"txtred\">\u2605<\/b>&nbsp;<\/td>\n<\/tr>\n<tr>\n<td class=\"prima\">Refractories<\/td>\n<td class=\"seconda\"><b class=\"txtred\">\u2605<\/b><b class=\"txtred\">\u2605<\/b><\/td>\n<\/tr>\n<tr>\n<td class=\"prima\">Plastic \/ PVC \/ Plexiglass<\/td>\n<td class=\"seconda\"><b class=\"txtred\">\u2605<\/b><b class=\"txtred\">\u2605<\/b>&nbsp;<\/td>\n<\/tr>\n<tr>\n<td class=\"prima\">Steel \/ Iron \/ Sheet<\/td>\n<td class=\"seconda\"><b class=\"txtred\">\u2605<\/b><b class=\"txtred\">\u2605<\/b>&nbsp;<\/td>\n<\/tr>\n<tr>\n<td class=\"prima\">Double \/ Single fired ceramic tiles<\/td>\n<td class=\"seconda\"><b class=\"txtred\">\u2605<\/b><b class=\"txtred\">\u2605<\/b>&nbsp;<\/td>\n<\/tr>\n<tr>\n<td class=\"prima\">Porcelain stoneware \/Klinker tiles<\/td>\n<td class=\"seconda\"><b class=\"txtred\">\u2605<\/b><b class=\"txtred\">\u2605<\/b><\/td>\n<\/tr>\n<tr>\n<td class=\"prima\">Fresh cement \/ Asphalt<\/td>\n<td class=\"seconda\"><b class=\"txtred\">\u2605<\/b><b class=\"txtred\">\u2605<\/b><\/td>\n<\/tr>\n<tr>\n<td class=\"prima\">Wood (max. H. 2 cm)<\/td>\n<td class=\"seconda\"><b class=\"txtred\">\u2605<\/b><b class=\"txtred\">\u2605<\/b><\/td>\n<\/tr>\n<tr>\n<td class=\"intervallo\" colspan=\"2\">&nbsp;<\/td>\n<\/tr>\n<tr>\n<td class=\"prima\">Cutting speed<\/td>\n<td class=\"seconda\"><b class=\"txtred\">\u2605<\/b><b class=\"txtred\">\u2605<\/b><b class=\"txtred\">\u2605<\/b><b class=\"txtred\">\u2605<\/b><b class=\"txtred\">\u2605<\/b><\/td>\n<\/tr>\n<tr>\n<td class=\"prima\">Average life<\/td>\n<td class=\"seconda\"><b class=\"txtred\">\u2605<\/b><\/td>\n<\/tr>\n<tr>\n<td class=\"legenda\" colspan=\"2\">sufficient<b class=\"txtred\">\u2605<\/b>&nbsp;&nbsp;&nbsp;&nbsp; average<b class=\"txtred\">\u2605<\/b><b class=\"txtred\">\u2605<\/b>&nbsp;&nbsp;&nbsp;&nbsp; good<b class=\"txtred\">\u2605<\/b><b class=\"txtred\">\u2605<\/b><b class=\"txtred\">\u2605<\/b>&nbsp;&nbsp;&nbsp;&nbsp; excellent<b class=\"txtred\">\u2605<\/b><b class=\"txtred\">\u2605<\/b><b class=\"txtred\">\u2605<\/b><b class=\"txtred\">\u2605<\/b>&nbsp;&nbsp;&nbsp;&nbsp; super<b class=\"txtred\">\u2605<\/b><b class=\"txtred\">\u2605<\/b><b class=\"txtred\">\u2605<\/b><b class=\"txtred\">\u2605<\/b><b class=\"txtred\">\u2605<\/b><\/td>\n<\/tr>\n<\/tbody>\n<\/table>\n<p>&nbsp;<\/p>\n<table class=\"tabellatecnica\" style=\"width: 80%;\" border=\"0\" cellspacing=\"0\" cellpadding=\"0\">\n<thead>\n<tr>\n<td class=\"testata\" style=\"width: 99.7998%;\">DIAM\u00c8TRES DISPONIBLES<\/td>\n<\/tr>\n<\/thead>\n<tbody>\n<tr>\n<td style=\"width: 99.7998%;\"><a href=\"\/wp-content\/uploads\/2013\/11\/s-taglio2.png\"><img loading=\"lazy\" decoding=\"async\" class=\"alignleft wp-image-7025\" src=\"\/wp-content\/uploads\/2013\/11\/s-taglio2.png\" alt=\"\" width=\"141\" height=\"65\" srcset=\"https:\/\/www.maxima-dia.com\/wp-content\/uploads\/2013\/11\/s-taglio2.png 365w, https:\/\/www.maxima-dia.com\/wp-content\/uploads\/2013\/11\/s-taglio2-300x138.png 300w\" sizes=\"(max-width: 141px) 100vw, 141px\" \/><\/a>&nbsp;300-350<\/td>\n<\/tr>\n<\/tbody>\n<\/table>\n<p>&nbsp;[\/vc_column_text][\/vc_column][\/vc_row]<\/p>\n<\/div>","protected":false},"excerpt":{"rendered":"<p>[vc_row][vc_column text_align=\u00a0\u00bbcenter\u00a0\u00bb width=\u00a0\u00bb1\/4&Prime;][vc_column_text][\/vc_column_text][vc_column_text css_animation=\u00a0\u00bbslideInDown\u00a0\u00bb el_class=\u00a0\u00bbhidebuybutton\u00a0\u00bb][\/vc_column_text][vc_btn title=\u00a0\u00bbFiche du produit\u00a0\u00bb style=\u00a0\u00bboutline-custom\u00a0\u00bb outline_custom_color=\u00a0\u00bb#cc0000&Prime; outline_custom_hover_background=\u00a0\u00bb#910000&Prime; outline_custom_hover_text=\u00a0\u00bb#f7f7f7&Prime; align=\u00a0\u00bbcenter\u00a0\u00bb i_icon_fontawesome=\u00a0\u00bbfas fa-download\u00a0\u00bb add_icon=\u00a0\u00bbtrue\u00a0\u00bb css=\u00a0\u00bb.vc_custom_1639128759154{margin-top: 5px !important;margin-right: 5px !important;margin-bottom: 5px !important;margin-left: 5px !important;}\u00a0\u00bb link=\u00a0\u00bburl:%2Fdl.php%3Ffile_url%3Dhttps%3A%2F%2Fwww.maxima-dia.com%2Fwp-content%2Fuploads%2F2021%2F11%2FDISQUES-SPE%25CC%2581CIFIQUES-GRIS-EMERGENCY-NOIR-MULTICUT-ARGENT-COUPE-PONC%25CC%25A7AGE-FR.pdf\u00a0\u00bb][\/vc_column][vc_column width=\u00a0\u00bb3\/4&Prime;][vc_column_text] Comme son nom l\u2019indique, Gris Emergency est le disque pour les cas d\u2019urgence : il coupe \u00e0 sec extr\u00eamement rapidement toutes sortes de mat\u00e9riaux, mais il a une dur\u00e9e de vie relativement courte. Mont\u00e9 sur une d\u00e9coupeuse thermique, il r\u00e9v\u00e8le son extr\u00eame efficacit\u00e9 et sa grande vitesse de coupe, gr\u00e2ce \u00e0 la technique particuli\u00e8re de production qui permet au diamant d\u2019\u00eatre fix\u00e9 directement sur la surface de l\u2019\u00e2me en acier. Ne convient pas \u00e0 une utilisation g\u00e9n\u00e9rale du b\u00e2timent. TABLEAU TECHNIQUE Cured Concrete \/ Bricks \/ Roofing tiles \u2605\u2605 Slightly reinforced concrete \u2605\u2605&nbsp; Highly reinforced concrete \u2605\u2605&nbsp; Granite\/ Natural stone \/ Porphyries \u2605\u2605&nbsp; Marble \u2605\u2605&nbsp; Refractories \u2605\u2605 Plastic \/ PVC \/ Plexiglass \u2605\u2605&nbsp; Steel \/ Iron \/ Sheet \u2605\u2605&nbsp; Double \/ Single fired ceramic tiles \u2605\u2605&nbsp; Porcelain stoneware \/Klinker tiles \u2605\u2605 Fresh cement \/ Asphalt \u2605\u2605 Wood (max. H. 2 cm) \u2605\u2605 &nbsp; Cutting speed \u2605\u2605\u2605\u2605\u2605 Average life \u2605 sufficient\u2605&nbsp;&nbsp;&nbsp;&nbsp; average\u2605\u2605&nbsp;&nbsp;&nbsp;&nbsp; good\u2605\u2605\u2605&nbsp;&nbsp;&nbsp;&nbsp; excellent\u2605\u2605\u2605\u2605&nbsp;&nbsp;&nbsp;&nbsp; super\u2605\u2605\u2605\u2605\u2605 &nbsp; DIAM\u00c8TRES DISPONIBLES &nbsp;300-350 &nbsp;[\/vc_column_text][\/vc_column][\/vc_row]<\/p>\n","protected":false},"author":29,"featured_media":24315,"parent":12551,"menu_order":1,"comment_status":"closed","ping_status":"closed","template":"","meta":{"ngg_post_thumbnail":0,"_joinchat":[],"footnotes":""},"class_list":["post-15020","page","type-page","status-publish","has-post-thumbnail","hentry"],"yoast_head":"<!-- This site is optimized with the Yoast SEO plugin v25.5 - https:\/\/yoast.com\/wordpress\/plugins\/seo\/ -->\n<title>Gris Emergency - Maxima SpA<\/title>\n<meta name=\"robots\" content=\"index, follow, max-snippet:-1, max-image-preview:large, max-video-preview:-1\" \/>\n<link rel=\"canonical\" href=\"https:\/\/www.maxima-dia.com\/fr\/disques-diamantes-specifiques\/gris-emergency\/\" \/>\n<meta property=\"og:locale\" content=\"fr_FR\" \/>\n<meta property=\"og:type\" content=\"article\" \/>\n<meta property=\"og:title\" content=\"Gris Emergency - Maxima SpA\" \/>\n<meta property=\"og:description\" content=\"[vc_row][vc_column text_align=\u00a0\u00bbcenter\u00a0\u00bb width=\u00a0\u00bb1\/4&Prime;][vc_column_text][\/vc_column_text][vc_column_text css_animation=\u00a0\u00bbslideInDown\u00a0\u00bb el_class=\u00a0\u00bbhidebuybutton\u00a0\u00bb][\/vc_column_text][vc_btn title=\u00a0\u00bbFiche du produit\u00a0\u00bb style=\u00a0\u00bboutline-custom\u00a0\u00bb outline_custom_color=\u00a0\u00bb#cc0000&Prime; outline_custom_hover_background=\u00a0\u00bb#910000&Prime; outline_custom_hover_text=\u00a0\u00bb#f7f7f7&Prime; align=\u00a0\u00bbcenter\u00a0\u00bb i_icon_fontawesome=\u00a0\u00bbfas fa-download\u00a0\u00bb add_icon=\u00a0\u00bbtrue\u00a0\u00bb css=\u00a0\u00bb.vc_custom_1639128759154{margin-top: 5px !important;margin-right: 5px !important;margin-bottom: 5px !important;margin-left: 5px !important;}\u00a0\u00bb link=\u00a0\u00bburl:%2Fdl.php%3Ffile_url%3Dhttps%3A%2F%2Fwww.maxima-dia.com%2Fwp-content%2Fuploads%2F2021%2F11%2FDISQUES-SPE%25CC%2581CIFIQUES-GRIS-EMERGENCY-NOIR-MULTICUT-ARGENT-COUPE-PONC%25CC%25A7AGE-FR.pdf\u00a0\u00bb][\/vc_column][vc_column width=\u00a0\u00bb3\/4&Prime;][vc_column_text] Comme son nom l\u2019indique, Gris Emergency est le disque pour les cas d\u2019urgence : il coupe \u00e0 sec extr\u00eamement rapidement toutes sortes de mat\u00e9riaux, mais il a une dur\u00e9e de vie relativement courte. Mont\u00e9 sur une d\u00e9coupeuse thermique, il r\u00e9v\u00e8le son extr\u00eame efficacit\u00e9 et sa grande vitesse de coupe, gr\u00e2ce \u00e0 la technique particuli\u00e8re de production qui permet au diamant d\u2019\u00eatre fix\u00e9 directement sur la surface de l\u2019\u00e2me en acier. Ne convient pas \u00e0 une utilisation g\u00e9n\u00e9rale du b\u00e2timent. TABLEAU TECHNIQUE Cured Concrete \/ Bricks \/ Roofing tiles \u2605\u2605 Slightly reinforced concrete \u2605\u2605&nbsp; Highly reinforced concrete \u2605\u2605&nbsp; Granite\/ Natural stone \/ Porphyries \u2605\u2605&nbsp; Marble \u2605\u2605&nbsp; Refractories \u2605\u2605 Plastic \/ PVC \/ Plexiglass \u2605\u2605&nbsp; Steel \/ Iron \/ Sheet \u2605\u2605&nbsp; Double \/ Single fired ceramic tiles \u2605\u2605&nbsp; Porcelain stoneware \/Klinker tiles \u2605\u2605 Fresh cement \/ Asphalt \u2605\u2605 Wood (max. H. 2 cm) \u2605\u2605 &nbsp; Cutting speed \u2605\u2605\u2605\u2605\u2605 Average life \u2605 sufficient\u2605&nbsp;&nbsp;&nbsp;&nbsp; average\u2605\u2605&nbsp;&nbsp;&nbsp;&nbsp; good\u2605\u2605\u2605&nbsp;&nbsp;&nbsp;&nbsp; excellent\u2605\u2605\u2605\u2605&nbsp;&nbsp;&nbsp;&nbsp; super\u2605\u2605\u2605\u2605\u2605 &nbsp; DIAM\u00c8TRES DISPONIBLES &nbsp;300-350 &nbsp;[\/vc_column_text][\/vc_column][\/vc_row]\" \/>\n<meta property=\"og:url\" content=\"https:\/\/www.maxima-dia.com\/fr\/disques-diamantes-specifiques\/gris-emergency\/\" \/>\n<meta property=\"og:site_name\" content=\"Maxima SpA\" \/>\n<meta property=\"article:publisher\" content=\"https:\/\/www.facebook.com\/Maxima-spa-106098566139597\" \/>\n<meta property=\"article:modified_time\" content=\"2021-12-10T09:32:42+00:00\" \/>\n<meta property=\"og:image\" content=\"https:\/\/www.maxima-dia.com\/wp-content\/uploads\/2017\/02\/grigio-emergency.jpg\" \/>\n\t<meta property=\"og:image:width\" content=\"1200\" \/>\n\t<meta property=\"og:image:height\" content=\"1200\" \/>\n\t<meta property=\"og:image:type\" content=\"image\/jpeg\" \/>\n<meta name=\"twitter:card\" content=\"summary_large_image\" \/>\n<meta name=\"twitter:site\" content=\"@Maximadia\" \/>\n<meta name=\"twitter:label1\" content=\"Dur\u00e9e de lecture estim\u00e9e\" \/>\n\t<meta name=\"twitter:data1\" content=\"11 minutes\" \/>\n<script type=\"application\/ld+json\" class=\"yoast-schema-graph\">{\"@context\":\"https:\/\/schema.org\",\"@graph\":[{\"@type\":\"WebPage\",\"@id\":\"https:\/\/www.maxima-dia.com\/fr\/disques-diamantes-specifiques\/gris-emergency\/\",\"url\":\"https:\/\/www.maxima-dia.com\/fr\/disques-diamantes-specifiques\/gris-emergency\/\",\"name\":\"Gris Emergency - Maxima SpA\",\"isPartOf\":{\"@id\":\"https:\/\/www.maxima-dia.com\/fr\/#website\"},\"primaryImageOfPage\":{\"@id\":\"https:\/\/www.maxima-dia.com\/fr\/disques-diamantes-specifiques\/gris-emergency\/#primaryimage\"},\"image\":{\"@id\":\"https:\/\/www.maxima-dia.com\/fr\/disques-diamantes-specifiques\/gris-emergency\/#primaryimage\"},\"thumbnailUrl\":\"https:\/\/www.maxima-dia.com\/wp-content\/uploads\/2017\/02\/grigio-emergency.jpg\",\"datePublished\":\"2017-03-07T11:04:53+00:00\",\"dateModified\":\"2021-12-10T09:32:42+00:00\",\"breadcrumb\":{\"@id\":\"https:\/\/www.maxima-dia.com\/fr\/disques-diamantes-specifiques\/gris-emergency\/#breadcrumb\"},\"inLanguage\":\"fr-FR\",\"potentialAction\":[{\"@type\":\"ReadAction\",\"target\":[\"https:\/\/www.maxima-dia.com\/fr\/disques-diamantes-specifiques\/gris-emergency\/\"]}]},{\"@type\":\"ImageObject\",\"inLanguage\":\"fr-FR\",\"@id\":\"https:\/\/www.maxima-dia.com\/fr\/disques-diamantes-specifiques\/gris-emergency\/#primaryimage\",\"url\":\"https:\/\/www.maxima-dia.com\/wp-content\/uploads\/2017\/02\/grigio-emergency.jpg\",\"contentUrl\":\"https:\/\/www.maxima-dia.com\/wp-content\/uploads\/2017\/02\/grigio-emergency.jpg\",\"width\":1200,\"height\":1200},{\"@type\":\"BreadcrumbList\",\"@id\":\"https:\/\/www.maxima-dia.com\/fr\/disques-diamantes-specifiques\/gris-emergency\/#breadcrumb\",\"itemListElement\":[{\"@type\":\"ListItem\",\"position\":1,\"name\":\"Home\",\"item\":\"https:\/\/www.maxima-dia.com\/fr\/\"},{\"@type\":\"ListItem\",\"position\":2,\"name\":\"Disques Diamant\u00e9s Sp\u00e8cifiques\",\"item\":\"https:\/\/www.maxima-dia.com\/fr\/disques-diamantes-specifiques\/\"},{\"@type\":\"ListItem\",\"position\":3,\"name\":\"Gris Emergency\"}]},{\"@type\":\"WebSite\",\"@id\":\"https:\/\/www.maxima-dia.com\/fr\/#website\",\"url\":\"https:\/\/www.maxima-dia.com\/fr\/\",\"name\":\"Maxima SpA\",\"description\":\"Only for the real professionals\",\"potentialAction\":[{\"@type\":\"SearchAction\",\"target\":{\"@type\":\"EntryPoint\",\"urlTemplate\":\"https:\/\/www.maxima-dia.com\/fr\/?s={search_term_string}\"},\"query-input\":{\"@type\":\"PropertyValueSpecification\",\"valueRequired\":true,\"valueName\":\"search_term_string\"}}],\"inLanguage\":\"fr-FR\"}]}<\/script>\n<!-- \/ Yoast SEO plugin. -->","yoast_head_json":{"title":"Gris Emergency - Maxima SpA","robots":{"index":"index","follow":"follow","max-snippet":"max-snippet:-1","max-image-preview":"max-image-preview:large","max-video-preview":"max-video-preview:-1"},"canonical":"https:\/\/www.maxima-dia.com\/fr\/disques-diamantes-specifiques\/gris-emergency\/","og_locale":"fr_FR","og_type":"article","og_title":"Gris Emergency - Maxima SpA","og_description":"[vc_row][vc_column text_align=\u00a0\u00bbcenter\u00a0\u00bb width=\u00a0\u00bb1\/4&Prime;][vc_column_text][\/vc_column_text][vc_column_text css_animation=\u00a0\u00bbslideInDown\u00a0\u00bb el_class=\u00a0\u00bbhidebuybutton\u00a0\u00bb][\/vc_column_text][vc_btn title=\u00a0\u00bbFiche du produit\u00a0\u00bb style=\u00a0\u00bboutline-custom\u00a0\u00bb outline_custom_color=\u00a0\u00bb#cc0000&Prime; outline_custom_hover_background=\u00a0\u00bb#910000&Prime; outline_custom_hover_text=\u00a0\u00bb#f7f7f7&Prime; align=\u00a0\u00bbcenter\u00a0\u00bb i_icon_fontawesome=\u00a0\u00bbfas fa-download\u00a0\u00bb add_icon=\u00a0\u00bbtrue\u00a0\u00bb css=\u00a0\u00bb.vc_custom_1639128759154{margin-top: 5px !important;margin-right: 5px !important;margin-bottom: 5px !important;margin-left: 5px !important;}\u00a0\u00bb link=\u00a0\u00bburl:%2Fdl.php%3Ffile_url%3Dhttps%3A%2F%2Fwww.maxima-dia.com%2Fwp-content%2Fuploads%2F2021%2F11%2FDISQUES-SPE%25CC%2581CIFIQUES-GRIS-EMERGENCY-NOIR-MULTICUT-ARGENT-COUPE-PONC%25CC%25A7AGE-FR.pdf\u00a0\u00bb][\/vc_column][vc_column width=\u00a0\u00bb3\/4&Prime;][vc_column_text] Comme son nom l\u2019indique, Gris Emergency est le disque pour les cas d\u2019urgence : il coupe \u00e0 sec extr\u00eamement rapidement toutes sortes de mat\u00e9riaux, mais il a une dur\u00e9e de vie relativement courte. Mont\u00e9 sur une d\u00e9coupeuse thermique, il r\u00e9v\u00e8le son extr\u00eame efficacit\u00e9 et sa grande vitesse de coupe, gr\u00e2ce \u00e0 la technique particuli\u00e8re de production qui permet au diamant d\u2019\u00eatre fix\u00e9 directement sur la surface de l\u2019\u00e2me en acier. Ne convient pas \u00e0 une utilisation g\u00e9n\u00e9rale du b\u00e2timent. TABLEAU TECHNIQUE Cured Concrete \/ Bricks \/ Roofing tiles \u2605\u2605 Slightly reinforced concrete \u2605\u2605&nbsp; Highly reinforced concrete \u2605\u2605&nbsp; Granite\/ Natural stone \/ Porphyries \u2605\u2605&nbsp; Marble \u2605\u2605&nbsp; Refractories \u2605\u2605 Plastic \/ PVC \/ Plexiglass \u2605\u2605&nbsp; Steel \/ Iron \/ Sheet \u2605\u2605&nbsp; Double \/ Single fired ceramic tiles \u2605\u2605&nbsp; Porcelain stoneware \/Klinker tiles \u2605\u2605 Fresh cement \/ Asphalt \u2605\u2605 Wood (max. H. 2 cm) \u2605\u2605 &nbsp; Cutting speed \u2605\u2605\u2605\u2605\u2605 Average life \u2605 sufficient\u2605&nbsp;&nbsp;&nbsp;&nbsp; average\u2605\u2605&nbsp;&nbsp;&nbsp;&nbsp; good\u2605\u2605\u2605&nbsp;&nbsp;&nbsp;&nbsp; excellent\u2605\u2605\u2605\u2605&nbsp;&nbsp;&nbsp;&nbsp; super\u2605\u2605\u2605\u2605\u2605 &nbsp; DIAM\u00c8TRES DISPONIBLES &nbsp;300-350 &nbsp;[\/vc_column_text][\/vc_column][\/vc_row]","og_url":"https:\/\/www.maxima-dia.com\/fr\/disques-diamantes-specifiques\/gris-emergency\/","og_site_name":"Maxima SpA","article_publisher":"https:\/\/www.facebook.com\/Maxima-spa-106098566139597","article_modified_time":"2021-12-10T09:32:42+00:00","og_image":[{"width":1200,"height":1200,"url":"https:\/\/www.maxima-dia.com\/wp-content\/uploads\/2017\/02\/grigio-emergency.jpg","type":"image\/jpeg"}],"twitter_card":"summary_large_image","twitter_site":"@Maximadia","twitter_misc":{"Dur\u00e9e de lecture estim\u00e9e":"11 minutes"},"schema":{"@context":"https:\/\/schema.org","@graph":[{"@type":"WebPage","@id":"https:\/\/www.maxima-dia.com\/fr\/disques-diamantes-specifiques\/gris-emergency\/","url":"https:\/\/www.maxima-dia.com\/fr\/disques-diamantes-specifiques\/gris-emergency\/","name":"Gris Emergency - Maxima SpA","isPartOf":{"@id":"https:\/\/www.maxima-dia.com\/fr\/#website"},"primaryImageOfPage":{"@id":"https:\/\/www.maxima-dia.com\/fr\/disques-diamantes-specifiques\/gris-emergency\/#primaryimage"},"image":{"@id":"https:\/\/www.maxima-dia.com\/fr\/disques-diamantes-specifiques\/gris-emergency\/#primaryimage"},"thumbnailUrl":"https:\/\/www.maxima-dia.com\/wp-content\/uploads\/2017\/02\/grigio-emergency.jpg","datePublished":"2017-03-07T11:04:53+00:00","dateModified":"2021-12-10T09:32:42+00:00","breadcrumb":{"@id":"https:\/\/www.maxima-dia.com\/fr\/disques-diamantes-specifiques\/gris-emergency\/#breadcrumb"},"inLanguage":"fr-FR","potentialAction":[{"@type":"ReadAction","target":["https:\/\/www.maxima-dia.com\/fr\/disques-diamantes-specifiques\/gris-emergency\/"]}]},{"@type":"ImageObject","inLanguage":"fr-FR","@id":"https:\/\/www.maxima-dia.com\/fr\/disques-diamantes-specifiques\/gris-emergency\/#primaryimage","url":"https:\/\/www.maxima-dia.com\/wp-content\/uploads\/2017\/02\/grigio-emergency.jpg","contentUrl":"https:\/\/www.maxima-dia.com\/wp-content\/uploads\/2017\/02\/grigio-emergency.jpg","width":1200,"height":1200},{"@type":"BreadcrumbList","@id":"https:\/\/www.maxima-dia.com\/fr\/disques-diamantes-specifiques\/gris-emergency\/#breadcrumb","itemListElement":[{"@type":"ListItem","position":1,"name":"Home","item":"https:\/\/www.maxima-dia.com\/fr\/"},{"@type":"ListItem","position":2,"name":"Disques Diamant\u00e9s Sp\u00e8cifiques","item":"https:\/\/www.maxima-dia.com\/fr\/disques-diamantes-specifiques\/"},{"@type":"ListItem","position":3,"name":"Gris Emergency"}]},{"@type":"WebSite","@id":"https:\/\/www.maxima-dia.com\/fr\/#website","url":"https:\/\/www.maxima-dia.com\/fr\/","name":"Maxima SpA","description":"Only for the real professionals","potentialAction":[{"@type":"SearchAction","target":{"@type":"EntryPoint","urlTemplate":"https:\/\/www.maxima-dia.com\/fr\/?s={search_term_string}"},"query-input":{"@type":"PropertyValueSpecification","valueRequired":true,"valueName":"search_term_string"}}],"inLanguage":"fr-FR"}]}},"_links":{"self":[{"href":"https:\/\/www.maxima-dia.com\/fr\/wp-json\/wp\/v2\/pages\/15020"}],"collection":[{"href":"https:\/\/www.maxima-dia.com\/fr\/wp-json\/wp\/v2\/pages"}],"about":[{"href":"https:\/\/www.maxima-dia.com\/fr\/wp-json\/wp\/v2\/types\/page"}],"author":[{"embeddable":true,"href":"https:\/\/www.maxima-dia.com\/fr\/wp-json\/wp\/v2\/users\/29"}],"replies":[{"embeddable":true,"href":"https:\/\/www.maxima-dia.com\/fr\/wp-json\/wp\/v2\/comments?post=15020"}],"version-history":[{"count":0,"href":"https:\/\/www.maxima-dia.com\/fr\/wp-json\/wp\/v2\/pages\/15020\/revisions"}],"up":[{"embeddable":true,"href":"https:\/\/www.maxima-dia.com\/fr\/wp-json\/wp\/v2\/pages\/12551"}],"wp:featuredmedia":[{"embeddable":true,"href":"https:\/\/www.maxima-dia.com\/fr\/wp-json\/wp\/v2\/media\/24315"}],"wp:attachment":[{"href":"https:\/\/www.maxima-dia.com\/fr\/wp-json\/wp\/v2\/media?parent=15020"}],"curies":[{"name":"wp","href":"https:\/\/api.w.org\/{rel}","templated":true}]}}