{"id":15121,"date":"2017-03-08T10:56:44","date_gmt":"2017-03-08T09:56:44","guid":{"rendered":"http:\/\/www.maxima-dia.com\/?page_id=15121\/"},"modified":"2021-12-10T10:06:20","modified_gmt":"2021-12-10T09:06:20","slug":"motomax-350","status":"publish","type":"page","link":"https:\/\/www.maxima-dia.com\/fr\/machines-de-coupe-pour-le-batiment\/motomax-350\/","title":{"rendered":"Motomax 350"},"content":{"rendered":"<div class=\"wpb-content-wrapper\"><p>[vc_row][vc_column text_align=\u00a0\u00bbcenter\u00a0\u00bb width=\u00a0\u00bb1\/4&Prime;][vc_column_text]<a href=\"\/wp-content\/uploads\/2017\/02\/motomax-350.jpg\"><img loading=\"lazy\" decoding=\"async\" class=\"alignnone wp-image-13892 size-thumbnail\" src=\"\/wp-content\/uploads\/2017\/02\/motomax-350-150x150.jpg\" alt=\"MOTOMAX 350\" width=\"150\" height=\"150\" srcset=\"https:\/\/www.maxima-dia.com\/wp-content\/uploads\/2017\/02\/motomax-350-150x150.jpg 150w, https:\/\/www.maxima-dia.com\/wp-content\/uploads\/2017\/02\/motomax-350-300x300.jpg 300w, https:\/\/www.maxima-dia.com\/wp-content\/uploads\/2017\/02\/motomax-350-768x768.jpg 768w, https:\/\/www.maxima-dia.com\/wp-content\/uploads\/2017\/02\/motomax-350-1024x1024.jpg 1024w, https:\/\/www.maxima-dia.com\/wp-content\/uploads\/2017\/02\/motomax-350-80x80.jpg 80w, https:\/\/www.maxima-dia.com\/wp-content\/uploads\/2017\/02\/motomax-350-500x500.jpg 500w, https:\/\/www.maxima-dia.com\/wp-content\/uploads\/2017\/02\/motomax-350-1000x1000.jpg 1000w, https:\/\/www.maxima-dia.com\/wp-content\/uploads\/2017\/02\/motomax-350.jpg 1200w\" sizes=\"(max-width: 150px) 100vw, 150px\" \/><\/a><\/p>\n<p>Fabriqu\u00e9 en EU&nbsp;<img loading=\"lazy\" decoding=\"async\" src=\"\/wp-content\/uploads\/2013\/11\/eu.png\" alt=\"eu\" width=\"24\" height=\"16\"> &#8211; certifi\u00e9&nbsp;<span style=\"font-family: arial,helvetica,sans-serif;\">CE<\/span>[\/vc_column_text][vc_column_text css_animation=\u00a0\u00bbslideInDown\u00a0\u00bb el_class=\u00a0\u00bbhidebuybutton\u00a0\u00bb]<a href=\"https:\/\/www.storemaxima.com\/fr\/machines-de-coupe-pour-le-batiment\/205-motomax-350.html\" target=\"_blank\" rel=\"noopener\"><img loading=\"lazy\" decoding=\"async\" class=\"alignnone\" title=\"Acheter sur www.storemaxima.com\" src=\"https:\/\/www.maxima-dia.com\/wp-content\/uploads\/2019\/12\/pulsante-acquista-storemaxima.com-fr.svg\" alt=\"Acheter sur www.storemaxima.com\" width=\"180\" height=\"80\"><\/a>[\/vc_column_text][vc_btn title=\u00a0\u00bbFiche du produit\u00a0\u00bb style=\u00a0\u00bboutline-custom\u00a0\u00bb outline_custom_color=\u00a0\u00bb#cc0000&Prime; outline_custom_hover_background=\u00a0\u00bb#910000&Prime; outline_custom_hover_text=\u00a0\u00bb#f7f7f7&Prime; align=\u00a0\u00bbcenter\u00a0\u00bb i_icon_fontawesome=\u00a0\u00bbfas fa-download\u00a0\u00bb add_icon=\u00a0\u00bbtrue\u00a0\u00bb css=\u00a0\u00bb.vc_custom_1639127176459{margin-top: 5px !important;margin-right: 5px !important;margin-bottom: 5px !important;margin-left: 5px !important;}\u00a0\u00bb link=\u00a0\u00bburl:%2Fdl.php%3Ffile_url%3Dhttps%3A%2F%2Fwww.maxima-dia.com%2Fwp-content%2Fuploads%2F2021%2F11%2FMOTOMAX-350-FR.pdf\u00a0\u00bb][\/vc_column][vc_column width=\u00a0\u00bb3\/4&Prime;][vc_column_text]La d\u00e9coupeuse thermique <strong>Motomax 350<\/strong> avec moteur \u00e0 deux temps utilise le syst\u00e8me EasyLubeTM pour ajouter \u00e9lectroniquement huile au carburant, pour \u00e9liminer les erreurs de m\u00e9lange et les cons\u00e9quences de ceux-ci (Photo 1). La machine est dot\u00e9e de bouton rotatif d\u2019agitation (Photo 2). L\u2019\u00e9clairage est simple, avec l\u2019injection \u00e9lectronique et aucune vanne \u00e0 tirer manuellement. Moteur avec une puissance de 5,5 HP qui port un disque de 350 mm avec 9500 RPM pour couper le b\u00e9ton, le b\u00e9ton arm\u00e9, l\u2019asphalte, la pierre et autres mat\u00e9riels.<\/p>\n<table class=\"tabellafotocarotaggio\" style=\"width: 100%;\">\n<tbody>\n<tr>\n<td style=\"width: 50%; text-align: center;\"><a href=\"\/wp-content\/uploads\/2017\/02\/motomax-350-f1.jpg\"><img loading=\"lazy\" decoding=\"async\" class=\"alignnone wp-image-13890 size-thumbnail\" src=\"\/wp-content\/uploads\/2017\/02\/motomax-350-f1-150x150.jpg\" alt=\"\" width=\"150\" height=\"150\" srcset=\"https:\/\/www.maxima-dia.com\/wp-content\/uploads\/2017\/02\/motomax-350-f1-150x150.jpg 150w, https:\/\/www.maxima-dia.com\/wp-content\/uploads\/2017\/02\/motomax-350-f1-80x80.jpg 80w, https:\/\/www.maxima-dia.com\/wp-content\/uploads\/2017\/02\/motomax-350-f1-500x500.jpg 500w, https:\/\/www.maxima-dia.com\/wp-content\/uploads\/2017\/02\/motomax-350-f1-1000x1000.jpg 1000w\" sizes=\"(max-width: 150px) 100vw, 150px\" \/><\/a><\/td>\n<td style=\"width: 50%; text-align: center;\"><a href=\"\/wp-content\/uploads\/2017\/02\/motomax-350-f2.jpg\"><img loading=\"lazy\" decoding=\"async\" class=\"alignnone wp-image-13891 size-thumbnail\" src=\"\/wp-content\/uploads\/2017\/02\/motomax-350-f2-150x150.jpg\" alt=\"\" width=\"150\" height=\"150\" srcset=\"https:\/\/www.maxima-dia.com\/wp-content\/uploads\/2017\/02\/motomax-350-f2-150x150.jpg 150w, https:\/\/www.maxima-dia.com\/wp-content\/uploads\/2017\/02\/motomax-350-f2-80x80.jpg 80w, https:\/\/www.maxima-dia.com\/wp-content\/uploads\/2017\/02\/motomax-350-f2-500x500.jpg 500w, https:\/\/www.maxima-dia.com\/wp-content\/uploads\/2017\/02\/motomax-350-f2-1000x1000.jpg 1000w\" sizes=\"(max-width: 150px) 100vw, 150px\" \/><\/a><\/td>\n<\/tr>\n<\/tbody>\n<\/table>\n<p>&nbsp;<\/p>\n<p><strong>Caract\u00e9ristiques:<\/strong><\/p>\n<ul>\n<li>Syst\u00e8me brevet\u00e9 EasyLube\u2122 qui m\u00e9lange automatiquement huile et carburant pour une efficacit\u00e9 Maximale et pour \u00e9viter les dommages<\/li>\n<li>Allumage simple&nbsp;<\/li>\n<li>Excellent \u00e9quilibre&nbsp;<\/li>\n<li>Robustesse&nbsp;<\/li>\n<li>N\u00e9cessite un faible entretien&nbsp;<\/li>\n<li>Faibles vibrations, poussi\u00e8res et \u00e9missions&nbsp;<\/li>\n<li>Carter et disque rotatif pour la coupe au ras du mur<\/li>\n<\/ul>\n<table class=\"tabellatecnica\" style=\"width: 100%;\" border=\"0\" cellspacing=\"0\" cellpadding=\"0\">\n<thead>\n<tr style=\"height: 24px;\">\n<td class=\"testata\" style=\"height: 24px;\" colspan=\"2\">CARACT\u00c9RISTIQUES TECHNIQUES<\/td>\n<\/tr>\n<\/thead>\n<tbody>\n<tr style=\"height: 24px;\">\n<td class=\"coltesto1\" style=\"width: 50%; height: 24px;\">Moteur : monocylindre de 81 cm3 \u00e0 2 temps Lavage 4 canaux, syst\u00e8me de m\u00e9lange automatique brevet\u00e9 EasyLube\u2122<\/td>\n<td class=\"coltesto2\" style=\"width: 50%; height: 24px;\">Filtre \u00e0 air : papier<\/td>\n<\/tr>\n<tr style=\"height: 24px;\">\n<td class=\"coltesto1\" style=\"width: 50%; height: 24px;\">Puissance max par tour : 5,5 CV\/9.500 rpm<\/td>\n<td class=\"coltesto2\" style=\"width: 50%; height: 24px;\">Diam\u00e8tre du disque : 350 mm &#8211; Al\u00e9sage 25,4 mm<\/td>\n<\/tr>\n<tr style=\"height: 24px;\">\n<td class=\"coltesto1\" style=\"width: 50%; height: 24px;\">Nombre de tours max \u00e0 vide : 9.500 + 200 rpm<\/td>\n<td class=\"coltesto2\" style=\"width: 50%; height: 24px;\">Profondeur de coupe Maximale : 125 mm<\/td>\n<\/tr>\n<tr style=\"height: 24px;\">\n<td class=\"coltesto2\" style=\"width: 50%; height: 24px;\">Capacit\u00e9 du r\u00e9servoir : 0,9 l<\/td>\n<td class=\"coltesto2\" style=\"width: 50%; height: 24px;\">Dimensions (H x P x L) : 430 x 267 x 775 mm<\/td>\n<\/tr>\n<tr style=\"height: 24px;\">\n<td class=\"coltesto2\" style=\"width: 50%; height: 24px;\">Capacit\u00e9 du r\u00e9servoir d\u2019huile : 0,32 l<\/td>\n<td class=\"coltesto2\" style=\"width: 50%; height: 24px;\">Poids : 10,5 Kg<\/td>\n<\/tr>\n<\/tbody>\n<\/table>\n<div id=\"gtx-trans\" style=\"position: absolute; left: 766px; top: 681px;\">\n<div class=\"gtx-trans-icon\">&nbsp;<\/div>\n<\/div>\n<p>[\/vc_column_text][\/vc_column][\/vc_row]<\/p>\n<\/div>","protected":false},"excerpt":{"rendered":"<p>[vc_row][vc_column text_align=\u00a0\u00bbcenter\u00a0\u00bb width=\u00a0\u00bb1\/4&Prime;][vc_column_text] Fabriqu\u00e9 en EU&nbsp; &#8211; certifi\u00e9&nbsp;CE[\/vc_column_text][vc_column_text css_animation=\u00a0\u00bbslideInDown\u00a0\u00bb el_class=\u00a0\u00bbhidebuybutton\u00a0\u00bb][\/vc_column_text][vc_btn title=\u00a0\u00bbFiche du produit\u00a0\u00bb style=\u00a0\u00bboutline-custom\u00a0\u00bb outline_custom_color=\u00a0\u00bb#cc0000&Prime; outline_custom_hover_background=\u00a0\u00bb#910000&Prime; outline_custom_hover_text=\u00a0\u00bb#f7f7f7&Prime; align=\u00a0\u00bbcenter\u00a0\u00bb i_icon_fontawesome=\u00a0\u00bbfas fa-download\u00a0\u00bb add_icon=\u00a0\u00bbtrue\u00a0\u00bb css=\u00a0\u00bb.vc_custom_1639127176459{margin-top: 5px !important;margin-right: 5px !important;margin-bottom: 5px !important;margin-left: 5px !important;}\u00a0\u00bb link=\u00a0\u00bburl:%2Fdl.php%3Ffile_url%3Dhttps%3A%2F%2Fwww.maxima-dia.com%2Fwp-content%2Fuploads%2F2021%2F11%2FMOTOMAX-350-FR.pdf\u00a0\u00bb][\/vc_column][vc_column width=\u00a0\u00bb3\/4&Prime;][vc_column_text]La d\u00e9coupeuse thermique Motomax 350 avec moteur \u00e0 deux temps utilise le syst\u00e8me EasyLubeTM pour ajouter \u00e9lectroniquement huile au carburant, pour \u00e9liminer les erreurs de m\u00e9lange et les cons\u00e9quences de ceux-ci (Photo 1). La machine est dot\u00e9e de bouton rotatif d\u2019agitation (Photo 2). L\u2019\u00e9clairage est simple, avec l\u2019injection \u00e9lectronique et aucune vanne \u00e0 tirer manuellement. Moteur avec une puissance de 5,5 HP qui port un disque de 350 mm avec 9500 RPM pour couper le b\u00e9ton, le b\u00e9ton arm\u00e9, l\u2019asphalte, la pierre et autres mat\u00e9riels. &nbsp; Caract\u00e9ristiques: Syst\u00e8me brevet\u00e9 EasyLube\u2122 qui m\u00e9lange automatiquement huile et carburant pour une efficacit\u00e9 Maximale et pour \u00e9viter les dommages Allumage simple&nbsp; Excellent \u00e9quilibre&nbsp; Robustesse&nbsp; N\u00e9cessite un faible entretien&nbsp; Faibles vibrations, poussi\u00e8res et \u00e9missions&nbsp; Carter et disque rotatif pour la coupe au ras du mur CARACT\u00c9RISTIQUES TECHNIQUES Moteur : monocylindre de 81 cm3 \u00e0 2 temps Lavage 4 canaux, syst\u00e8me de m\u00e9lange automatique brevet\u00e9 EasyLube\u2122 Filtre \u00e0 air : papier Puissance max par tour : 5,5 CV\/9.500 rpm Diam\u00e8tre du disque : 350 mm [&hellip;]<\/p>\n","protected":false},"author":29,"featured_media":13892,"parent":12475,"menu_order":8,"comment_status":"closed","ping_status":"closed","template":"","meta":{"ngg_post_thumbnail":0,"_joinchat":[],"footnotes":""},"class_list":["post-15121","page","type-page","status-publish","has-post-thumbnail","hentry"],"yoast_head":"<!-- This site is optimized with the Yoast SEO plugin v25.5 - https:\/\/yoast.com\/wordpress\/plugins\/seo\/ -->\n<title>Motomax 350 - Maxima SpA<\/title>\n<meta name=\"robots\" content=\"index, follow, max-snippet:-1, max-image-preview:large, max-video-preview:-1\" \/>\n<link rel=\"canonical\" href=\"https:\/\/www.maxima-dia.com\/fr\/machines-de-coupe-pour-le-batiment\/motomax-350\/\" \/>\n<meta property=\"og:locale\" content=\"fr_FR\" \/>\n<meta property=\"og:type\" content=\"article\" \/>\n<meta property=\"og:title\" content=\"Motomax 350 - Maxima SpA\" \/>\n<meta property=\"og:description\" content=\"[vc_row][vc_column text_align=\u00a0\u00bbcenter\u00a0\u00bb width=\u00a0\u00bb1\/4&Prime;][vc_column_text] Fabriqu\u00e9 en EU&nbsp; &#8211; certifi\u00e9&nbsp;CE[\/vc_column_text][vc_column_text css_animation=\u00a0\u00bbslideInDown\u00a0\u00bb el_class=\u00a0\u00bbhidebuybutton\u00a0\u00bb][\/vc_column_text][vc_btn title=\u00a0\u00bbFiche du produit\u00a0\u00bb style=\u00a0\u00bboutline-custom\u00a0\u00bb outline_custom_color=\u00a0\u00bb#cc0000&Prime; outline_custom_hover_background=\u00a0\u00bb#910000&Prime; outline_custom_hover_text=\u00a0\u00bb#f7f7f7&Prime; align=\u00a0\u00bbcenter\u00a0\u00bb i_icon_fontawesome=\u00a0\u00bbfas fa-download\u00a0\u00bb add_icon=\u00a0\u00bbtrue\u00a0\u00bb css=\u00a0\u00bb.vc_custom_1639127176459{margin-top: 5px !important;margin-right: 5px !important;margin-bottom: 5px !important;margin-left: 5px !important;}\u00a0\u00bb link=\u00a0\u00bburl:%2Fdl.php%3Ffile_url%3Dhttps%3A%2F%2Fwww.maxima-dia.com%2Fwp-content%2Fuploads%2F2021%2F11%2FMOTOMAX-350-FR.pdf\u00a0\u00bb][\/vc_column][vc_column width=\u00a0\u00bb3\/4&Prime;][vc_column_text]La d\u00e9coupeuse thermique Motomax 350 avec moteur \u00e0 deux temps utilise le syst\u00e8me EasyLubeTM pour ajouter \u00e9lectroniquement huile au carburant, pour \u00e9liminer les erreurs de m\u00e9lange et les cons\u00e9quences de ceux-ci (Photo 1). La machine est dot\u00e9e de bouton rotatif d\u2019agitation (Photo 2). L\u2019\u00e9clairage est simple, avec l\u2019injection \u00e9lectronique et aucune vanne \u00e0 tirer manuellement. Moteur avec une puissance de 5,5 HP qui port un disque de 350 mm avec 9500 RPM pour couper le b\u00e9ton, le b\u00e9ton arm\u00e9, l\u2019asphalte, la pierre et autres mat\u00e9riels. &nbsp; Caract\u00e9ristiques: Syst\u00e8me brevet\u00e9 EasyLube\u2122 qui m\u00e9lange automatiquement huile et carburant pour une efficacit\u00e9 Maximale et pour \u00e9viter les dommages Allumage simple&nbsp; Excellent \u00e9quilibre&nbsp; Robustesse&nbsp; N\u00e9cessite un faible entretien&nbsp; Faibles vibrations, poussi\u00e8res et \u00e9missions&nbsp; Carter et disque rotatif pour la coupe au ras du mur CARACT\u00c9RISTIQUES TECHNIQUES Moteur : monocylindre de 81 cm3 \u00e0 2 temps Lavage 4 canaux, syst\u00e8me de m\u00e9lange automatique brevet\u00e9 EasyLube\u2122 Filtre \u00e0 air : papier Puissance max par tour : 5,5 CV\/9.500 rpm Diam\u00e8tre du disque : 350 mm [&hellip;]\" \/>\n<meta property=\"og:url\" content=\"https:\/\/www.maxima-dia.com\/fr\/machines-de-coupe-pour-le-batiment\/motomax-350\/\" \/>\n<meta property=\"og:site_name\" content=\"Maxima SpA\" \/>\n<meta property=\"article:publisher\" content=\"https:\/\/www.facebook.com\/Maxima-spa-106098566139597\" \/>\n<meta property=\"article:modified_time\" content=\"2021-12-10T09:06:20+00:00\" \/>\n<meta property=\"og:image\" content=\"https:\/\/www.maxima-dia.com\/wp-content\/uploads\/2017\/02\/motomax-350.jpg\" \/>\n\t<meta property=\"og:image:width\" content=\"1200\" \/>\n\t<meta property=\"og:image:height\" content=\"1200\" \/>\n\t<meta property=\"og:image:type\" content=\"image\/jpeg\" \/>\n<meta name=\"twitter:card\" content=\"summary_large_image\" \/>\n<meta name=\"twitter:site\" content=\"@Maximadia\" \/>\n<meta name=\"twitter:label1\" content=\"Dur\u00e9e de lecture estim\u00e9e\" \/>\n\t<meta name=\"twitter:data1\" content=\"2 minutes\" \/>\n<script type=\"application\/ld+json\" class=\"yoast-schema-graph\">{\"@context\":\"https:\/\/schema.org\",\"@graph\":[{\"@type\":\"WebPage\",\"@id\":\"https:\/\/www.maxima-dia.com\/fr\/machines-de-coupe-pour-le-batiment\/motomax-350\/\",\"url\":\"https:\/\/www.maxima-dia.com\/fr\/machines-de-coupe-pour-le-batiment\/motomax-350\/\",\"name\":\"Motomax 350 - Maxima SpA\",\"isPartOf\":{\"@id\":\"https:\/\/www.maxima-dia.com\/fr\/#website\"},\"primaryImageOfPage\":{\"@id\":\"https:\/\/www.maxima-dia.com\/fr\/machines-de-coupe-pour-le-batiment\/motomax-350\/#primaryimage\"},\"image\":{\"@id\":\"https:\/\/www.maxima-dia.com\/fr\/machines-de-coupe-pour-le-batiment\/motomax-350\/#primaryimage\"},\"thumbnailUrl\":\"https:\/\/www.maxima-dia.com\/wp-content\/uploads\/2017\/02\/motomax-350.jpg\",\"datePublished\":\"2017-03-08T09:56:44+00:00\",\"dateModified\":\"2021-12-10T09:06:20+00:00\",\"breadcrumb\":{\"@id\":\"https:\/\/www.maxima-dia.com\/fr\/machines-de-coupe-pour-le-batiment\/motomax-350\/#breadcrumb\"},\"inLanguage\":\"fr-FR\",\"potentialAction\":[{\"@type\":\"ReadAction\",\"target\":[\"https:\/\/www.maxima-dia.com\/fr\/machines-de-coupe-pour-le-batiment\/motomax-350\/\"]}]},{\"@type\":\"ImageObject\",\"inLanguage\":\"fr-FR\",\"@id\":\"https:\/\/www.maxima-dia.com\/fr\/machines-de-coupe-pour-le-batiment\/motomax-350\/#primaryimage\",\"url\":\"https:\/\/www.maxima-dia.com\/wp-content\/uploads\/2017\/02\/motomax-350.jpg\",\"contentUrl\":\"https:\/\/www.maxima-dia.com\/wp-content\/uploads\/2017\/02\/motomax-350.jpg\",\"width\":1200,\"height\":1200,\"caption\":\"MOTOMAX 350\"},{\"@type\":\"BreadcrumbList\",\"@id\":\"https:\/\/www.maxima-dia.com\/fr\/machines-de-coupe-pour-le-batiment\/motomax-350\/#breadcrumb\",\"itemListElement\":[{\"@type\":\"ListItem\",\"position\":1,\"name\":\"Home\",\"item\":\"https:\/\/www.maxima-dia.com\/fr\/\"},{\"@type\":\"ListItem\",\"position\":2,\"name\":\"Machines de coupe pour le b\u00e2timent\",\"item\":\"https:\/\/www.maxima-dia.com\/fr\/machines-de-coupe-pour-le-batiment\/\"},{\"@type\":\"ListItem\",\"position\":3,\"name\":\"Motomax 350\"}]},{\"@type\":\"WebSite\",\"@id\":\"https:\/\/www.maxima-dia.com\/fr\/#website\",\"url\":\"https:\/\/www.maxima-dia.com\/fr\/\",\"name\":\"Maxima SpA\",\"description\":\"Only for the real professionals\",\"potentialAction\":[{\"@type\":\"SearchAction\",\"target\":{\"@type\":\"EntryPoint\",\"urlTemplate\":\"https:\/\/www.maxima-dia.com\/fr\/?s={search_term_string}\"},\"query-input\":{\"@type\":\"PropertyValueSpecification\",\"valueRequired\":true,\"valueName\":\"search_term_string\"}}],\"inLanguage\":\"fr-FR\"}]}<\/script>\n<!-- \/ Yoast SEO plugin. -->","yoast_head_json":{"title":"Motomax 350 - Maxima SpA","robots":{"index":"index","follow":"follow","max-snippet":"max-snippet:-1","max-image-preview":"max-image-preview:large","max-video-preview":"max-video-preview:-1"},"canonical":"https:\/\/www.maxima-dia.com\/fr\/machines-de-coupe-pour-le-batiment\/motomax-350\/","og_locale":"fr_FR","og_type":"article","og_title":"Motomax 350 - Maxima SpA","og_description":"[vc_row][vc_column text_align=\u00a0\u00bbcenter\u00a0\u00bb width=\u00a0\u00bb1\/4&Prime;][vc_column_text] Fabriqu\u00e9 en EU&nbsp; &#8211; certifi\u00e9&nbsp;CE[\/vc_column_text][vc_column_text css_animation=\u00a0\u00bbslideInDown\u00a0\u00bb el_class=\u00a0\u00bbhidebuybutton\u00a0\u00bb][\/vc_column_text][vc_btn title=\u00a0\u00bbFiche du produit\u00a0\u00bb style=\u00a0\u00bboutline-custom\u00a0\u00bb outline_custom_color=\u00a0\u00bb#cc0000&Prime; outline_custom_hover_background=\u00a0\u00bb#910000&Prime; outline_custom_hover_text=\u00a0\u00bb#f7f7f7&Prime; align=\u00a0\u00bbcenter\u00a0\u00bb i_icon_fontawesome=\u00a0\u00bbfas fa-download\u00a0\u00bb add_icon=\u00a0\u00bbtrue\u00a0\u00bb css=\u00a0\u00bb.vc_custom_1639127176459{margin-top: 5px !important;margin-right: 5px !important;margin-bottom: 5px !important;margin-left: 5px !important;}\u00a0\u00bb link=\u00a0\u00bburl:%2Fdl.php%3Ffile_url%3Dhttps%3A%2F%2Fwww.maxima-dia.com%2Fwp-content%2Fuploads%2F2021%2F11%2FMOTOMAX-350-FR.pdf\u00a0\u00bb][\/vc_column][vc_column width=\u00a0\u00bb3\/4&Prime;][vc_column_text]La d\u00e9coupeuse thermique Motomax 350 avec moteur \u00e0 deux temps utilise le syst\u00e8me EasyLubeTM pour ajouter \u00e9lectroniquement huile au carburant, pour \u00e9liminer les erreurs de m\u00e9lange et les cons\u00e9quences de ceux-ci (Photo 1). La machine est dot\u00e9e de bouton rotatif d\u2019agitation (Photo 2). L\u2019\u00e9clairage est simple, avec l\u2019injection \u00e9lectronique et aucune vanne \u00e0 tirer manuellement. Moteur avec une puissance de 5,5 HP qui port un disque de 350 mm avec 9500 RPM pour couper le b\u00e9ton, le b\u00e9ton arm\u00e9, l\u2019asphalte, la pierre et autres mat\u00e9riels. &nbsp; Caract\u00e9ristiques: Syst\u00e8me brevet\u00e9 EasyLube\u2122 qui m\u00e9lange automatiquement huile et carburant pour une efficacit\u00e9 Maximale et pour \u00e9viter les dommages Allumage simple&nbsp; Excellent \u00e9quilibre&nbsp; Robustesse&nbsp; N\u00e9cessite un faible entretien&nbsp; Faibles vibrations, poussi\u00e8res et \u00e9missions&nbsp; Carter et disque rotatif pour la coupe au ras du mur CARACT\u00c9RISTIQUES TECHNIQUES Moteur : monocylindre de 81 cm3 \u00e0 2 temps Lavage 4 canaux, syst\u00e8me de m\u00e9lange automatique brevet\u00e9 EasyLube\u2122 Filtre \u00e0 air : papier Puissance max par tour : 5,5 CV\/9.500 rpm Diam\u00e8tre du disque : 350 mm [&hellip;]","og_url":"https:\/\/www.maxima-dia.com\/fr\/machines-de-coupe-pour-le-batiment\/motomax-350\/","og_site_name":"Maxima SpA","article_publisher":"https:\/\/www.facebook.com\/Maxima-spa-106098566139597","article_modified_time":"2021-12-10T09:06:20+00:00","og_image":[{"width":1200,"height":1200,"url":"https:\/\/www.maxima-dia.com\/wp-content\/uploads\/2017\/02\/motomax-350.jpg","type":"image\/jpeg"}],"twitter_card":"summary_large_image","twitter_site":"@Maximadia","twitter_misc":{"Dur\u00e9e de lecture estim\u00e9e":"2 minutes"},"schema":{"@context":"https:\/\/schema.org","@graph":[{"@type":"WebPage","@id":"https:\/\/www.maxima-dia.com\/fr\/machines-de-coupe-pour-le-batiment\/motomax-350\/","url":"https:\/\/www.maxima-dia.com\/fr\/machines-de-coupe-pour-le-batiment\/motomax-350\/","name":"Motomax 350 - Maxima SpA","isPartOf":{"@id":"https:\/\/www.maxima-dia.com\/fr\/#website"},"primaryImageOfPage":{"@id":"https:\/\/www.maxima-dia.com\/fr\/machines-de-coupe-pour-le-batiment\/motomax-350\/#primaryimage"},"image":{"@id":"https:\/\/www.maxima-dia.com\/fr\/machines-de-coupe-pour-le-batiment\/motomax-350\/#primaryimage"},"thumbnailUrl":"https:\/\/www.maxima-dia.com\/wp-content\/uploads\/2017\/02\/motomax-350.jpg","datePublished":"2017-03-08T09:56:44+00:00","dateModified":"2021-12-10T09:06:20+00:00","breadcrumb":{"@id":"https:\/\/www.maxima-dia.com\/fr\/machines-de-coupe-pour-le-batiment\/motomax-350\/#breadcrumb"},"inLanguage":"fr-FR","potentialAction":[{"@type":"ReadAction","target":["https:\/\/www.maxima-dia.com\/fr\/machines-de-coupe-pour-le-batiment\/motomax-350\/"]}]},{"@type":"ImageObject","inLanguage":"fr-FR","@id":"https:\/\/www.maxima-dia.com\/fr\/machines-de-coupe-pour-le-batiment\/motomax-350\/#primaryimage","url":"https:\/\/www.maxima-dia.com\/wp-content\/uploads\/2017\/02\/motomax-350.jpg","contentUrl":"https:\/\/www.maxima-dia.com\/wp-content\/uploads\/2017\/02\/motomax-350.jpg","width":1200,"height":1200,"caption":"MOTOMAX 350"},{"@type":"BreadcrumbList","@id":"https:\/\/www.maxima-dia.com\/fr\/machines-de-coupe-pour-le-batiment\/motomax-350\/#breadcrumb","itemListElement":[{"@type":"ListItem","position":1,"name":"Home","item":"https:\/\/www.maxima-dia.com\/fr\/"},{"@type":"ListItem","position":2,"name":"Machines de coupe pour le b\u00e2timent","item":"https:\/\/www.maxima-dia.com\/fr\/machines-de-coupe-pour-le-batiment\/"},{"@type":"ListItem","position":3,"name":"Motomax 350"}]},{"@type":"WebSite","@id":"https:\/\/www.maxima-dia.com\/fr\/#website","url":"https:\/\/www.maxima-dia.com\/fr\/","name":"Maxima SpA","description":"Only for the real professionals","potentialAction":[{"@type":"SearchAction","target":{"@type":"EntryPoint","urlTemplate":"https:\/\/www.maxima-dia.com\/fr\/?s={search_term_string}"},"query-input":{"@type":"PropertyValueSpecification","valueRequired":true,"valueName":"search_term_string"}}],"inLanguage":"fr-FR"}]}},"_links":{"self":[{"href":"https:\/\/www.maxima-dia.com\/fr\/wp-json\/wp\/v2\/pages\/15121"}],"collection":[{"href":"https:\/\/www.maxima-dia.com\/fr\/wp-json\/wp\/v2\/pages"}],"about":[{"href":"https:\/\/www.maxima-dia.com\/fr\/wp-json\/wp\/v2\/types\/page"}],"author":[{"embeddable":true,"href":"https:\/\/www.maxima-dia.com\/fr\/wp-json\/wp\/v2\/users\/29"}],"replies":[{"embeddable":true,"href":"https:\/\/www.maxima-dia.com\/fr\/wp-json\/wp\/v2\/comments?post=15121"}],"version-history":[{"count":0,"href":"https:\/\/www.maxima-dia.com\/fr\/wp-json\/wp\/v2\/pages\/15121\/revisions"}],"up":[{"embeddable":true,"href":"https:\/\/www.maxima-dia.com\/fr\/wp-json\/wp\/v2\/pages\/12475"}],"wp:featuredmedia":[{"embeddable":true,"href":"https:\/\/www.maxima-dia.com\/fr\/wp-json\/wp\/v2\/media\/13892"}],"wp:attachment":[{"href":"https:\/\/www.maxima-dia.com\/fr\/wp-json\/wp\/v2\/media?parent=15121"}],"curies":[{"name":"wp","href":"https:\/\/api.w.org\/{rel}","templated":true}]}}