{"id":15216,"date":"2017-03-09T11:53:26","date_gmt":"2017-03-09T10:53:26","guid":{"rendered":"http:\/\/www.maxima-dia.com\/?page_id=15216\/"},"modified":"2024-07-19T08:39:10","modified_gmt":"2024-07-19T06:39:10","slug":"caromax-1800-asp","status":"publish","type":"page","link":"https:\/\/www.maxima-dia.com\/fr\/machines-de-carottages-pour-le-batiment\/caromax-1800-asp\/","title":{"rendered":"Caromax 1800 Asp"},"content":{"rendered":"<div class=\"wpb-content-wrapper\"><p>[vc_row][vc_column text_align=\u00a0\u00bbcenter\u00a0\u00bb width=\u00a0\u00bb1\/4&Prime;][vc_column_text]<a href=\"\/wp-content\/uploads\/2017\/02\/caromax-1800-asp.jpg\"><img loading=\"lazy\" decoding=\"async\" class=\"alignnone wp-image-13718 size-thumbnail\" src=\"\/wp-content\/uploads\/2017\/02\/caromax-1800-asp-150x150.jpg\" alt=\"CAROMAX 1800 ASP\" width=\"150\" height=\"150\" srcset=\"https:\/\/www.maxima-dia.com\/wp-content\/uploads\/2017\/02\/caromax-1800-asp-150x150.jpg 150w, https:\/\/www.maxima-dia.com\/wp-content\/uploads\/2017\/02\/caromax-1800-asp-300x300.jpg 300w, https:\/\/www.maxima-dia.com\/wp-content\/uploads\/2017\/02\/caromax-1800-asp-768x768.jpg 768w, https:\/\/www.maxima-dia.com\/wp-content\/uploads\/2017\/02\/caromax-1800-asp-1024x1024.jpg 1024w, https:\/\/www.maxima-dia.com\/wp-content\/uploads\/2017\/02\/caromax-1800-asp-80x80.jpg 80w, https:\/\/www.maxima-dia.com\/wp-content\/uploads\/2017\/02\/caromax-1800-asp-500x500.jpg 500w, https:\/\/www.maxima-dia.com\/wp-content\/uploads\/2017\/02\/caromax-1800-asp-1000x1000.jpg 1000w, https:\/\/www.maxima-dia.com\/wp-content\/uploads\/2017\/02\/caromax-1800-asp.jpg 1200w\" sizes=\"(max-width: 150px) 100vw, 150px\" \/><\/a><\/p>\n<p>Fabriqu\u00e9 en EU&nbsp;<img loading=\"lazy\" decoding=\"async\" src=\"\/wp-content\/uploads\/2013\/11\/eu.png\" alt=\"eu\" width=\"24\" height=\"16\"> &#8211;&nbsp;certifi\u00e9&nbsp;<span style=\"font-family: arial,helvetica,sans-serif;\">CE<\/span>[\/vc_column_text][vc_column_text css_animation=\u00a0\u00bbslideInDown\u00a0\u00bb el_class=\u00a0\u00bbhidebuybutton\u00a0\u00bb]<a href=\"https:\/\/www.storemaxima.com\/fr\/machines-de-carottages-pour-le-batiment\/210-caromax-1800-asp.html\" target=\"_blank\" rel=\"noopener\"><img loading=\"lazy\" decoding=\"async\" class=\"alignnone\" title=\"Acheter sur www.storemaxima.com\" src=\"https:\/\/www.maxima-dia.com\/wp-content\/uploads\/2019\/12\/pulsante-acquista-storemaxima.com-fr.svg\" alt=\"Acheter sur www.storemaxima.com\" width=\"180\" height=\"80\"><\/a>[\/vc_column_text][vc_btn title=\u00a0\u00bbFiche du produit\u00a0\u00bb style=\u00a0\u00bboutline-custom\u00a0\u00bb outline_custom_color=\u00a0\u00bb#cc0000&Prime; outline_custom_hover_background=\u00a0\u00bb#910000&Prime; outline_custom_hover_text=\u00a0\u00bb#f7f7f7&Prime; align=\u00a0\u00bbcenter\u00a0\u00bb i_icon_fontawesome=\u00a0\u00bbfas fa-download\u00a0\u00bb css=\u00a0\u00bb.vc_custom_1721371149272{margin-top: 5px !important;margin-right: 5px !important;margin-bottom: 5px !important;margin-left: 5px !important;}\u00a0\u00bb add_icon=\u00a0\u00bbtrue\u00a0\u00bb link=\u00a0\u00bburl:%2Fdl.php%3Ffile_url%3Dhttps%3A%2F%2Fwww.maxima-dia.com%2Fwp-content%2Fuploads%2F2021%2F11%2FCAROMAX-1800-ASP-FR.pdf\u00a0\u00bb][\/vc_column][vc_column width=\u00a0\u00bb3\/4&Prime;][vc_column_text]Le <strong>CAROMAX 1800 ASP<\/strong> est le fr\u00e8re du <a href=\"https:\/\/www.maxima-dia.com\/fr\/machines-de-carottages-pour-le-batiment\/caromax-1800\/\"><strong>Caromax 1800<\/strong><\/a>, avec une t\u00eate en plastique pr\u00e9vue pour l\u2019aspiration de la poussi\u00e8re et un raccord 1 1\/4. Il est id\u00e9al pour ceux qui travaillent exclusivement en int\u00e9rieur. Dot\u00e9 de la micropercussion et d\u2019une puissance de 1800 W. Le diam\u00e8tre Maximal est le foret de diam\u00e8tre 162 mm. Le double embrayage, m\u00e9canique et \u00e9lectronique, garantit usage en toute s\u00e9curit\u00e9 pour l\u2019utilisateur m\u00eame peu exp\u00e9riment\u00e9 mais aussi une meilleure dur\u00e9e de vie pour la machine. En utilisant les forets diamant\u00e9s Maxima, la carotteuse est capable de percer \u00e0 sec du b\u00e9ton arm\u00e9.<\/p>\n<table class=\"tabellafotocarotaggio\" style=\"width: 100%;\">\n<tbody>\n<tr>\n<td style=\"width: 25%; text-align: center;\"><a href=\"\/wp-content\/uploads\/2017\/02\/caromax-1800-asp-livella.jpg\"><img loading=\"lazy\" decoding=\"async\" class=\"alignnone wp-image-13715 size-thumbnail\" src=\"\/wp-content\/uploads\/2017\/02\/caromax-1800-asp-livella-150x150.jpg\" alt=\"\" width=\"150\" height=\"150\" srcset=\"https:\/\/www.maxima-dia.com\/wp-content\/uploads\/2017\/02\/caromax-1800-asp-livella-150x150.jpg 150w, https:\/\/www.maxima-dia.com\/wp-content\/uploads\/2017\/02\/caromax-1800-asp-livella-80x80.jpg 80w, https:\/\/www.maxima-dia.com\/wp-content\/uploads\/2017\/02\/caromax-1800-asp-livella-500x500.jpg 500w\" sizes=\"(max-width: 150px) 100vw, 150px\" \/><\/a><\/td>\n<td style=\"width: 25%; text-align: center;\"><a href=\"\/wp-content\/uploads\/2017\/02\/caromax-1800-asp-pulsante.jpg\"><img loading=\"lazy\" decoding=\"async\" class=\"alignnone wp-image-13716 size-thumbnail\" src=\"\/wp-content\/uploads\/2017\/02\/caromax-1800-asp-pulsante-150x150.jpg\" alt=\"\" width=\"150\" height=\"150\" srcset=\"https:\/\/www.maxima-dia.com\/wp-content\/uploads\/2017\/02\/caromax-1800-asp-pulsante-150x150.jpg 150w, https:\/\/www.maxima-dia.com\/wp-content\/uploads\/2017\/02\/caromax-1800-asp-pulsante-80x80.jpg 80w, https:\/\/www.maxima-dia.com\/wp-content\/uploads\/2017\/02\/caromax-1800-asp-pulsante-500x500.jpg 500w\" sizes=\"(max-width: 150px) 100vw, 150px\" \/><\/a>&nbsp;<\/td>\n<td style=\"width: 25%; text-align: center;\"><a href=\"\/wp-content\/uploads\/2017\/02\/caromax-1800-asp-led.jpg\"><img loading=\"lazy\" decoding=\"async\" class=\"alignnone wp-image-13714 size-thumbnail\" src=\"\/wp-content\/uploads\/2017\/02\/caromax-1800-asp-led-150x150.jpg\" alt=\"\" width=\"150\" height=\"150\" srcset=\"https:\/\/www.maxima-dia.com\/wp-content\/uploads\/2017\/02\/caromax-1800-asp-led-150x150.jpg 150w, https:\/\/www.maxima-dia.com\/wp-content\/uploads\/2017\/02\/caromax-1800-asp-led-80x80.jpg 80w, https:\/\/www.maxima-dia.com\/wp-content\/uploads\/2017\/02\/caromax-1800-asp-led-500x500.jpg 500w\" sizes=\"(max-width: 150px) 100vw, 150px\" \/><\/a>&nbsp;<\/td>\n<td style=\"width: 25%; text-align: center;\"><a href=\"\/wp-content\/uploads\/2017\/02\/caromax-1800-asp-testa-rotante.jpg\"><img loading=\"lazy\" decoding=\"async\" class=\"alignnone wp-image-13717 size-thumbnail\" src=\"\/wp-content\/uploads\/2017\/02\/caromax-1800-asp-testa-rotante-150x150.jpg\" alt=\"\" width=\"150\" height=\"150\" srcset=\"https:\/\/www.maxima-dia.com\/wp-content\/uploads\/2017\/02\/caromax-1800-asp-testa-rotante-150x150.jpg 150w, https:\/\/www.maxima-dia.com\/wp-content\/uploads\/2017\/02\/caromax-1800-asp-testa-rotante-80x80.jpg 80w, https:\/\/www.maxima-dia.com\/wp-content\/uploads\/2017\/02\/caromax-1800-asp-testa-rotante-500x500.jpg 500w\" sizes=\"(max-width: 150px) 100vw, 150px\" \/><\/a><\/td>\n<\/tr>\n<\/tbody>\n<\/table>\n<p>&nbsp;<\/p>\n<table class=\"tabellatecnica\" style=\"width: 100%;\" border=\"0\" cellspacing=\"0\" cellpadding=\"0\">\n<thead>\n<tr style=\"height: 24px;\">\n<td class=\"testata\" style=\"height: 24px;\" colspan=\"2\">CARACT\u00c9RISTIQUES TECHNIQUES<\/td>\n<\/tr>\n<\/thead>\n<tbody>\n<tr style=\"height: 24px;\">\n<td class=\"coltesto1\" style=\"width: 50%; height: 24px;\">Puissance absorb\u00e9e: 1800 W &#8211; 230 V<\/td>\n<td class=\"coltesto2\" style=\"width: 50%; height: 24px;\">Raccord: 1\/2 gas e 1\u201d1\/4<\/td>\n<\/tr>\n<tr style=\"height: 24px;\">\n<td class=\"coltesto1\" style=\"width: 50%; height: 24px;\">Diam\u00e8tre max. de forage: 205 mm avec Foretto Laser Oro Spiral<\/td>\n<td class=\"coltesto2\" style=\"width: 50%; height: 24px;\">Embrayage m\u00e9canique: OUI<\/td>\n<\/tr>\n<tr style=\"height: 24px;\">\n<td class=\"coltesto1\" style=\"width: 50%; height: 24px;\">Diam\u00e8tre max. de forage: 162 mm avec Foretto Aspirazione 300<\/td>\n<td class=\"coltesto2\" style=\"width: 50%; height: 24px;\">Embrayage \u00e9lectronique:&nbsp;OUI<\/td>\n<\/tr>\n<tr style=\"height: 24px;\">\n<td class=\"coltesto1\" style=\"width: 50%; height: 24px;\">Couple: 17&nbsp;Nm<\/td>\n<td class=\"coltesto2\" style=\"width: 50%; height: 24px;\">Livr\u00e9e avec: coffret de transport et accessoires<\/td>\n<\/tr>\n<tr style=\"height: 24px;\">\n<td class=\"coltesto2\" style=\"width: 50%; height: 24px;\">Micro-percussion: 33.000&nbsp;coups\/min at 0.1&nbsp;joules<\/td>\n<td class=\"coltesto2\" style=\"width: 50%; height: 24px;\">Poids: 6,5 Kg<\/td>\n<\/tr>\n<tr style=\"height: 24px;\">\n<td class=\"coltesto2\" style=\"width: 50%; height: 24px;\">Vitesse: 1150 tours\/min<\/td>\n<td class=\"coltesto2\" style=\"width: 50%; height: 24px;\">&nbsp;<\/td>\n<\/tr>\n<\/tbody>\n<\/table>\n<p>&nbsp;[\/vc_column_text][\/vc_column][\/vc_row]<\/p>\n<\/div>","protected":false},"excerpt":{"rendered":"<p>[vc_row][vc_column text_align=\u00a0\u00bbcenter\u00a0\u00bb width=\u00a0\u00bb1\/4&Prime;][vc_column_text] Fabriqu\u00e9 en EU&nbsp; &#8211;&nbsp;certifi\u00e9&nbsp;CE[\/vc_column_text][vc_column_text css_animation=\u00a0\u00bbslideInDown\u00a0\u00bb el_class=\u00a0\u00bbhidebuybutton\u00a0\u00bb][\/vc_column_text][vc_btn title=\u00a0\u00bbFiche du produit\u00a0\u00bb style=\u00a0\u00bboutline-custom\u00a0\u00bb outline_custom_color=\u00a0\u00bb#cc0000&Prime; outline_custom_hover_background=\u00a0\u00bb#910000&Prime; outline_custom_hover_text=\u00a0\u00bb#f7f7f7&Prime; align=\u00a0\u00bbcenter\u00a0\u00bb i_icon_fontawesome=\u00a0\u00bbfas fa-download\u00a0\u00bb css=\u00a0\u00bb.vc_custom_1721371149272{margin-top: 5px !important;margin-right: 5px !important;margin-bottom: 5px !important;margin-left: 5px !important;}\u00a0\u00bb add_icon=\u00a0\u00bbtrue\u00a0\u00bb link=\u00a0\u00bburl:%2Fdl.php%3Ffile_url%3Dhttps%3A%2F%2Fwww.maxima-dia.com%2Fwp-content%2Fuploads%2F2021%2F11%2FCAROMAX-1800-ASP-FR.pdf\u00a0\u00bb][\/vc_column][vc_column width=\u00a0\u00bb3\/4&Prime;][vc_column_text]Le CAROMAX 1800 ASP est le fr\u00e8re du Caromax 1800, avec une t\u00eate en plastique pr\u00e9vue pour l\u2019aspiration de la poussi\u00e8re et un raccord 1 1\/4. Il est id\u00e9al pour ceux qui travaillent exclusivement en int\u00e9rieur. Dot\u00e9 de la micropercussion et d\u2019une puissance de 1800 W. Le diam\u00e8tre Maximal est le foret de diam\u00e8tre 162 mm. Le double embrayage, m\u00e9canique et \u00e9lectronique, garantit usage en toute s\u00e9curit\u00e9 pour l\u2019utilisateur m\u00eame peu exp\u00e9riment\u00e9 mais aussi une meilleure dur\u00e9e de vie pour la machine. En utilisant les forets diamant\u00e9s Maxima, la carotteuse est capable de percer \u00e0 sec du b\u00e9ton arm\u00e9. &nbsp; &nbsp; &nbsp; CARACT\u00c9RISTIQUES TECHNIQUES Puissance absorb\u00e9e: 1800 W &#8211; 230 V Raccord: 1\/2 gas e 1\u201d1\/4 Diam\u00e8tre max. de forage: 205 mm avec Foretto Laser Oro Spiral Embrayage m\u00e9canique: OUI Diam\u00e8tre max. de forage: 162 mm avec Foretto Aspirazione 300 Embrayage \u00e9lectronique:&nbsp;OUI Couple: 17&nbsp;Nm Livr\u00e9e avec: coffret de transport et accessoires Micro-percussion: 33.000&nbsp;coups\/min at 0.1&nbsp;joules Poids: 6,5 Kg Vitesse: 1150 tours\/min &nbsp; &nbsp;[\/vc_column_text][\/vc_column][\/vc_row]<\/p>\n","protected":false},"author":29,"featured_media":13718,"parent":12465,"menu_order":4,"comment_status":"closed","ping_status":"closed","template":"","meta":{"ngg_post_thumbnail":0,"_joinchat":[],"footnotes":""},"class_list":["post-15216","page","type-page","status-publish","has-post-thumbnail","hentry"],"yoast_head":"<!-- This site is optimized with the Yoast SEO plugin v25.5 - https:\/\/yoast.com\/wordpress\/plugins\/seo\/ -->\n<title>Caromax 1800 Asp - Maxima SpA<\/title>\n<meta name=\"robots\" content=\"index, follow, max-snippet:-1, max-image-preview:large, max-video-preview:-1\" \/>\n<link rel=\"canonical\" href=\"https:\/\/www.maxima-dia.com\/fr\/machines-de-carottages-pour-le-batiment\/caromax-1800-asp\/\" \/>\n<meta property=\"og:locale\" content=\"fr_FR\" \/>\n<meta property=\"og:type\" content=\"article\" \/>\n<meta property=\"og:title\" content=\"Caromax 1800 Asp - Maxima SpA\" \/>\n<meta property=\"og:description\" content=\"[vc_row][vc_column text_align=\u00a0\u00bbcenter\u00a0\u00bb width=\u00a0\u00bb1\/4&Prime;][vc_column_text] Fabriqu\u00e9 en EU&nbsp; &#8211;&nbsp;certifi\u00e9&nbsp;CE[\/vc_column_text][vc_column_text css_animation=\u00a0\u00bbslideInDown\u00a0\u00bb el_class=\u00a0\u00bbhidebuybutton\u00a0\u00bb][\/vc_column_text][vc_btn title=\u00a0\u00bbFiche du produit\u00a0\u00bb style=\u00a0\u00bboutline-custom\u00a0\u00bb outline_custom_color=\u00a0\u00bb#cc0000&Prime; outline_custom_hover_background=\u00a0\u00bb#910000&Prime; outline_custom_hover_text=\u00a0\u00bb#f7f7f7&Prime; align=\u00a0\u00bbcenter\u00a0\u00bb i_icon_fontawesome=\u00a0\u00bbfas fa-download\u00a0\u00bb css=\u00a0\u00bb.vc_custom_1721371149272{margin-top: 5px !important;margin-right: 5px !important;margin-bottom: 5px !important;margin-left: 5px !important;}\u00a0\u00bb add_icon=\u00a0\u00bbtrue\u00a0\u00bb link=\u00a0\u00bburl:%2Fdl.php%3Ffile_url%3Dhttps%3A%2F%2Fwww.maxima-dia.com%2Fwp-content%2Fuploads%2F2021%2F11%2FCAROMAX-1800-ASP-FR.pdf\u00a0\u00bb][\/vc_column][vc_column width=\u00a0\u00bb3\/4&Prime;][vc_column_text]Le CAROMAX 1800 ASP est le fr\u00e8re du Caromax 1800, avec une t\u00eate en plastique pr\u00e9vue pour l\u2019aspiration de la poussi\u00e8re et un raccord 1 1\/4. Il est id\u00e9al pour ceux qui travaillent exclusivement en int\u00e9rieur. Dot\u00e9 de la micropercussion et d\u2019une puissance de 1800 W. Le diam\u00e8tre Maximal est le foret de diam\u00e8tre 162 mm. Le double embrayage, m\u00e9canique et \u00e9lectronique, garantit usage en toute s\u00e9curit\u00e9 pour l\u2019utilisateur m\u00eame peu exp\u00e9riment\u00e9 mais aussi une meilleure dur\u00e9e de vie pour la machine. En utilisant les forets diamant\u00e9s Maxima, la carotteuse est capable de percer \u00e0 sec du b\u00e9ton arm\u00e9. &nbsp; &nbsp; &nbsp; CARACT\u00c9RISTIQUES TECHNIQUES Puissance absorb\u00e9e: 1800 W &#8211; 230 V Raccord: 1\/2 gas e 1\u201d1\/4 Diam\u00e8tre max. de forage: 205 mm avec Foretto Laser Oro Spiral Embrayage m\u00e9canique: OUI Diam\u00e8tre max. de forage: 162 mm avec Foretto Aspirazione 300 Embrayage \u00e9lectronique:&nbsp;OUI Couple: 17&nbsp;Nm Livr\u00e9e avec: coffret de transport et accessoires Micro-percussion: 33.000&nbsp;coups\/min at 0.1&nbsp;joules Poids: 6,5 Kg Vitesse: 1150 tours\/min &nbsp; &nbsp;[\/vc_column_text][\/vc_column][\/vc_row]\" \/>\n<meta property=\"og:url\" content=\"https:\/\/www.maxima-dia.com\/fr\/machines-de-carottages-pour-le-batiment\/caromax-1800-asp\/\" \/>\n<meta property=\"og:site_name\" content=\"Maxima SpA\" \/>\n<meta property=\"article:publisher\" content=\"https:\/\/www.facebook.com\/Maxima-spa-106098566139597\" \/>\n<meta property=\"article:modified_time\" content=\"2024-07-19T06:39:10+00:00\" \/>\n<meta property=\"og:image\" content=\"https:\/\/www.maxima-dia.com\/wp-content\/uploads\/2017\/02\/caromax-1800-asp.jpg\" \/>\n\t<meta property=\"og:image:width\" content=\"1200\" \/>\n\t<meta property=\"og:image:height\" content=\"1200\" \/>\n\t<meta property=\"og:image:type\" content=\"image\/jpeg\" \/>\n<meta name=\"twitter:card\" content=\"summary_large_image\" \/>\n<meta name=\"twitter:site\" content=\"@Maximadia\" \/>\n<meta name=\"twitter:label1\" content=\"Dur\u00e9e de lecture estim\u00e9e\" \/>\n\t<meta name=\"twitter:data1\" content=\"3 minutes\" \/>\n<script type=\"application\/ld+json\" class=\"yoast-schema-graph\">{\"@context\":\"https:\/\/schema.org\",\"@graph\":[{\"@type\":\"WebPage\",\"@id\":\"https:\/\/www.maxima-dia.com\/fr\/machines-de-carottages-pour-le-batiment\/caromax-1800-asp\/\",\"url\":\"https:\/\/www.maxima-dia.com\/fr\/machines-de-carottages-pour-le-batiment\/caromax-1800-asp\/\",\"name\":\"Caromax 1800 Asp - Maxima SpA\",\"isPartOf\":{\"@id\":\"https:\/\/www.maxima-dia.com\/fr\/#website\"},\"primaryImageOfPage\":{\"@id\":\"https:\/\/www.maxima-dia.com\/fr\/machines-de-carottages-pour-le-batiment\/caromax-1800-asp\/#primaryimage\"},\"image\":{\"@id\":\"https:\/\/www.maxima-dia.com\/fr\/machines-de-carottages-pour-le-batiment\/caromax-1800-asp\/#primaryimage\"},\"thumbnailUrl\":\"https:\/\/www.maxima-dia.com\/wp-content\/uploads\/2017\/02\/caromax-1800-asp.jpg\",\"datePublished\":\"2017-03-09T10:53:26+00:00\",\"dateModified\":\"2024-07-19T06:39:10+00:00\",\"breadcrumb\":{\"@id\":\"https:\/\/www.maxima-dia.com\/fr\/machines-de-carottages-pour-le-batiment\/caromax-1800-asp\/#breadcrumb\"},\"inLanguage\":\"fr-FR\",\"potentialAction\":[{\"@type\":\"ReadAction\",\"target\":[\"https:\/\/www.maxima-dia.com\/fr\/machines-de-carottages-pour-le-batiment\/caromax-1800-asp\/\"]}]},{\"@type\":\"ImageObject\",\"inLanguage\":\"fr-FR\",\"@id\":\"https:\/\/www.maxima-dia.com\/fr\/machines-de-carottages-pour-le-batiment\/caromax-1800-asp\/#primaryimage\",\"url\":\"https:\/\/www.maxima-dia.com\/wp-content\/uploads\/2017\/02\/caromax-1800-asp.jpg\",\"contentUrl\":\"https:\/\/www.maxima-dia.com\/wp-content\/uploads\/2017\/02\/caromax-1800-asp.jpg\",\"width\":1200,\"height\":1200,\"caption\":\"CAROMAX 1800 ASP\"},{\"@type\":\"BreadcrumbList\",\"@id\":\"https:\/\/www.maxima-dia.com\/fr\/machines-de-carottages-pour-le-batiment\/caromax-1800-asp\/#breadcrumb\",\"itemListElement\":[{\"@type\":\"ListItem\",\"position\":1,\"name\":\"Home\",\"item\":\"https:\/\/www.maxima-dia.com\/fr\/\"},{\"@type\":\"ListItem\",\"position\":2,\"name\":\"Machines de carottages pour le B\u00e2timent\",\"item\":\"https:\/\/www.maxima-dia.com\/fr\/machines-de-carottages-pour-le-batiment\/\"},{\"@type\":\"ListItem\",\"position\":3,\"name\":\"Caromax 1800 Asp\"}]},{\"@type\":\"WebSite\",\"@id\":\"https:\/\/www.maxima-dia.com\/fr\/#website\",\"url\":\"https:\/\/www.maxima-dia.com\/fr\/\",\"name\":\"Maxima SpA\",\"description\":\"Only for the real professionals\",\"potentialAction\":[{\"@type\":\"SearchAction\",\"target\":{\"@type\":\"EntryPoint\",\"urlTemplate\":\"https:\/\/www.maxima-dia.com\/fr\/?s={search_term_string}\"},\"query-input\":{\"@type\":\"PropertyValueSpecification\",\"valueRequired\":true,\"valueName\":\"search_term_string\"}}],\"inLanguage\":\"fr-FR\"}]}<\/script>\n<!-- \/ Yoast SEO plugin. -->","yoast_head_json":{"title":"Caromax 1800 Asp - Maxima SpA","robots":{"index":"index","follow":"follow","max-snippet":"max-snippet:-1","max-image-preview":"max-image-preview:large","max-video-preview":"max-video-preview:-1"},"canonical":"https:\/\/www.maxima-dia.com\/fr\/machines-de-carottages-pour-le-batiment\/caromax-1800-asp\/","og_locale":"fr_FR","og_type":"article","og_title":"Caromax 1800 Asp - Maxima SpA","og_description":"[vc_row][vc_column text_align=\u00a0\u00bbcenter\u00a0\u00bb width=\u00a0\u00bb1\/4&Prime;][vc_column_text] Fabriqu\u00e9 en EU&nbsp; &#8211;&nbsp;certifi\u00e9&nbsp;CE[\/vc_column_text][vc_column_text css_animation=\u00a0\u00bbslideInDown\u00a0\u00bb el_class=\u00a0\u00bbhidebuybutton\u00a0\u00bb][\/vc_column_text][vc_btn title=\u00a0\u00bbFiche du produit\u00a0\u00bb style=\u00a0\u00bboutline-custom\u00a0\u00bb outline_custom_color=\u00a0\u00bb#cc0000&Prime; outline_custom_hover_background=\u00a0\u00bb#910000&Prime; outline_custom_hover_text=\u00a0\u00bb#f7f7f7&Prime; align=\u00a0\u00bbcenter\u00a0\u00bb i_icon_fontawesome=\u00a0\u00bbfas fa-download\u00a0\u00bb css=\u00a0\u00bb.vc_custom_1721371149272{margin-top: 5px !important;margin-right: 5px !important;margin-bottom: 5px !important;margin-left: 5px !important;}\u00a0\u00bb add_icon=\u00a0\u00bbtrue\u00a0\u00bb link=\u00a0\u00bburl:%2Fdl.php%3Ffile_url%3Dhttps%3A%2F%2Fwww.maxima-dia.com%2Fwp-content%2Fuploads%2F2021%2F11%2FCAROMAX-1800-ASP-FR.pdf\u00a0\u00bb][\/vc_column][vc_column width=\u00a0\u00bb3\/4&Prime;][vc_column_text]Le CAROMAX 1800 ASP est le fr\u00e8re du Caromax 1800, avec une t\u00eate en plastique pr\u00e9vue pour l\u2019aspiration de la poussi\u00e8re et un raccord 1 1\/4. Il est id\u00e9al pour ceux qui travaillent exclusivement en int\u00e9rieur. Dot\u00e9 de la micropercussion et d\u2019une puissance de 1800 W. Le diam\u00e8tre Maximal est le foret de diam\u00e8tre 162 mm. Le double embrayage, m\u00e9canique et \u00e9lectronique, garantit usage en toute s\u00e9curit\u00e9 pour l\u2019utilisateur m\u00eame peu exp\u00e9riment\u00e9 mais aussi une meilleure dur\u00e9e de vie pour la machine. En utilisant les forets diamant\u00e9s Maxima, la carotteuse est capable de percer \u00e0 sec du b\u00e9ton arm\u00e9. &nbsp; &nbsp; &nbsp; CARACT\u00c9RISTIQUES TECHNIQUES Puissance absorb\u00e9e: 1800 W &#8211; 230 V Raccord: 1\/2 gas e 1\u201d1\/4 Diam\u00e8tre max. de forage: 205 mm avec Foretto Laser Oro Spiral Embrayage m\u00e9canique: OUI Diam\u00e8tre max. de forage: 162 mm avec Foretto Aspirazione 300 Embrayage \u00e9lectronique:&nbsp;OUI Couple: 17&nbsp;Nm Livr\u00e9e avec: coffret de transport et accessoires Micro-percussion: 33.000&nbsp;coups\/min at 0.1&nbsp;joules Poids: 6,5 Kg Vitesse: 1150 tours\/min &nbsp; &nbsp;[\/vc_column_text][\/vc_column][\/vc_row]","og_url":"https:\/\/www.maxima-dia.com\/fr\/machines-de-carottages-pour-le-batiment\/caromax-1800-asp\/","og_site_name":"Maxima SpA","article_publisher":"https:\/\/www.facebook.com\/Maxima-spa-106098566139597","article_modified_time":"2024-07-19T06:39:10+00:00","og_image":[{"width":1200,"height":1200,"url":"https:\/\/www.maxima-dia.com\/wp-content\/uploads\/2017\/02\/caromax-1800-asp.jpg","type":"image\/jpeg"}],"twitter_card":"summary_large_image","twitter_site":"@Maximadia","twitter_misc":{"Dur\u00e9e de lecture estim\u00e9e":"3 minutes"},"schema":{"@context":"https:\/\/schema.org","@graph":[{"@type":"WebPage","@id":"https:\/\/www.maxima-dia.com\/fr\/machines-de-carottages-pour-le-batiment\/caromax-1800-asp\/","url":"https:\/\/www.maxima-dia.com\/fr\/machines-de-carottages-pour-le-batiment\/caromax-1800-asp\/","name":"Caromax 1800 Asp - Maxima SpA","isPartOf":{"@id":"https:\/\/www.maxima-dia.com\/fr\/#website"},"primaryImageOfPage":{"@id":"https:\/\/www.maxima-dia.com\/fr\/machines-de-carottages-pour-le-batiment\/caromax-1800-asp\/#primaryimage"},"image":{"@id":"https:\/\/www.maxima-dia.com\/fr\/machines-de-carottages-pour-le-batiment\/caromax-1800-asp\/#primaryimage"},"thumbnailUrl":"https:\/\/www.maxima-dia.com\/wp-content\/uploads\/2017\/02\/caromax-1800-asp.jpg","datePublished":"2017-03-09T10:53:26+00:00","dateModified":"2024-07-19T06:39:10+00:00","breadcrumb":{"@id":"https:\/\/www.maxima-dia.com\/fr\/machines-de-carottages-pour-le-batiment\/caromax-1800-asp\/#breadcrumb"},"inLanguage":"fr-FR","potentialAction":[{"@type":"ReadAction","target":["https:\/\/www.maxima-dia.com\/fr\/machines-de-carottages-pour-le-batiment\/caromax-1800-asp\/"]}]},{"@type":"ImageObject","inLanguage":"fr-FR","@id":"https:\/\/www.maxima-dia.com\/fr\/machines-de-carottages-pour-le-batiment\/caromax-1800-asp\/#primaryimage","url":"https:\/\/www.maxima-dia.com\/wp-content\/uploads\/2017\/02\/caromax-1800-asp.jpg","contentUrl":"https:\/\/www.maxima-dia.com\/wp-content\/uploads\/2017\/02\/caromax-1800-asp.jpg","width":1200,"height":1200,"caption":"CAROMAX 1800 ASP"},{"@type":"BreadcrumbList","@id":"https:\/\/www.maxima-dia.com\/fr\/machines-de-carottages-pour-le-batiment\/caromax-1800-asp\/#breadcrumb","itemListElement":[{"@type":"ListItem","position":1,"name":"Home","item":"https:\/\/www.maxima-dia.com\/fr\/"},{"@type":"ListItem","position":2,"name":"Machines de carottages pour le B\u00e2timent","item":"https:\/\/www.maxima-dia.com\/fr\/machines-de-carottages-pour-le-batiment\/"},{"@type":"ListItem","position":3,"name":"Caromax 1800 Asp"}]},{"@type":"WebSite","@id":"https:\/\/www.maxima-dia.com\/fr\/#website","url":"https:\/\/www.maxima-dia.com\/fr\/","name":"Maxima SpA","description":"Only for the real professionals","potentialAction":[{"@type":"SearchAction","target":{"@type":"EntryPoint","urlTemplate":"https:\/\/www.maxima-dia.com\/fr\/?s={search_term_string}"},"query-input":{"@type":"PropertyValueSpecification","valueRequired":true,"valueName":"search_term_string"}}],"inLanguage":"fr-FR"}]}},"_links":{"self":[{"href":"https:\/\/www.maxima-dia.com\/fr\/wp-json\/wp\/v2\/pages\/15216"}],"collection":[{"href":"https:\/\/www.maxima-dia.com\/fr\/wp-json\/wp\/v2\/pages"}],"about":[{"href":"https:\/\/www.maxima-dia.com\/fr\/wp-json\/wp\/v2\/types\/page"}],"author":[{"embeddable":true,"href":"https:\/\/www.maxima-dia.com\/fr\/wp-json\/wp\/v2\/users\/29"}],"replies":[{"embeddable":true,"href":"https:\/\/www.maxima-dia.com\/fr\/wp-json\/wp\/v2\/comments?post=15216"}],"version-history":[{"count":2,"href":"https:\/\/www.maxima-dia.com\/fr\/wp-json\/wp\/v2\/pages\/15216\/revisions"}],"predecessor-version":[{"id":43895,"href":"https:\/\/www.maxima-dia.com\/fr\/wp-json\/wp\/v2\/pages\/15216\/revisions\/43895"}],"up":[{"embeddable":true,"href":"https:\/\/www.maxima-dia.com\/fr\/wp-json\/wp\/v2\/pages\/12465"}],"wp:featuredmedia":[{"embeddable":true,"href":"https:\/\/www.maxima-dia.com\/fr\/wp-json\/wp\/v2\/media\/13718"}],"wp:attachment":[{"href":"https:\/\/www.maxima-dia.com\/fr\/wp-json\/wp\/v2\/media?parent=15216"}],"curies":[{"name":"wp","href":"https:\/\/api.w.org\/{rel}","templated":true}]}}