{"id":15229,"date":"2017-03-09T12:18:13","date_gmt":"2017-03-09T11:18:13","guid":{"rendered":"http:\/\/www.maxima-dia.com\/?page_id=15229\/"},"modified":"2021-12-10T11:35:47","modified_gmt":"2021-12-10T10:35:47","slug":"caromax-1000","status":"publish","type":"page","link":"https:\/\/www.maxima-dia.com\/fr\/machines-de-carottages-pour-le-batiment\/caromax-1000\/","title":{"rendered":"Caromax 1000"},"content":{"rendered":"<div class=\"wpb-content-wrapper\"><p>[vc_row][vc_column text_align=\u00a0\u00bbcenter\u00a0\u00bb width=\u00a0\u00bb1\/4&Prime;][vc_column_text]<a href=\"https:\/\/www.maxima-dia.com\/wp-content\/uploads\/2021\/08\/CAROMAX1000.jpg\"><img loading=\"lazy\" decoding=\"async\" class=\"alignnone wp-image-30113 size-thumbnail\" src=\"https:\/\/www.maxima-dia.com\/wp-content\/uploads\/2021\/08\/CAROMAX1000-150x150.jpg\" alt=\"\" width=\"150\" height=\"150\" srcset=\"https:\/\/www.maxima-dia.com\/wp-content\/uploads\/2021\/08\/CAROMAX1000-150x150.jpg 150w, https:\/\/www.maxima-dia.com\/wp-content\/uploads\/2021\/08\/CAROMAX1000-300x300.jpg 300w, https:\/\/www.maxima-dia.com\/wp-content\/uploads\/2021\/08\/CAROMAX1000-1024x1024.jpg 1024w, https:\/\/www.maxima-dia.com\/wp-content\/uploads\/2021\/08\/CAROMAX1000-768x768.jpg 768w, https:\/\/www.maxima-dia.com\/wp-content\/uploads\/2021\/08\/CAROMAX1000-1536x1536.jpg 1536w, https:\/\/www.maxima-dia.com\/wp-content\/uploads\/2021\/08\/CAROMAX1000-80x80.jpg 80w, https:\/\/www.maxima-dia.com\/wp-content\/uploads\/2021\/08\/CAROMAX1000-500x500.jpg 500w, https:\/\/www.maxima-dia.com\/wp-content\/uploads\/2021\/08\/CAROMAX1000-1000x1000.jpg 1000w, https:\/\/www.maxima-dia.com\/wp-content\/uploads\/2021\/08\/CAROMAX1000.jpg 1700w\" sizes=\"(max-width: 150px) 100vw, 150px\" \/><\/a><\/p>\n<p>Fabriqu\u00e9 en EU&nbsp;<img loading=\"lazy\" decoding=\"async\" src=\"\/wp-content\/uploads\/2013\/11\/eu.png\" alt=\"eu\" width=\"24\" height=\"16\"> &#8211; certifi\u00e9&nbsp;<span style=\"font-family: arial,helvetica,sans-serif;\">CE<\/span>[\/vc_column_text][vc_column_text css_animation=\u00a0\u00bbslideInDown\u00a0\u00bb el_class=\u00a0\u00bbhidebuybutton\u00a0\u00bb]<a href=\"https:\/\/www.storemaxima.com\/fr\/machines-de-carottages-pour-le-batiment\/217-caromax-1000.html\" target=\"_blank\" rel=\"noopener\"><img loading=\"lazy\" decoding=\"async\" class=\"alignnone\" title=\"Acheter sur www.storemaxima.com\" src=\"https:\/\/www.maxima-dia.com\/wp-content\/uploads\/2019\/12\/pulsante-acquista-storemaxima.com-fr.svg\" alt=\"Acheter sur www.storemaxima.com\" width=\"180\" height=\"80\"><\/a>[\/vc_column_text][vc_btn title=\u00a0\u00bbFiche du produit\u00a0\u00bb style=\u00a0\u00bboutline-custom\u00a0\u00bb outline_custom_color=\u00a0\u00bb#cc0000&Prime; outline_custom_hover_background=\u00a0\u00bb#910000&Prime; outline_custom_hover_text=\u00a0\u00bb#f7f7f7&Prime; align=\u00a0\u00bbcenter\u00a0\u00bb i_icon_fontawesome=\u00a0\u00bbfas fa-download\u00a0\u00bb add_icon=\u00a0\u00bbtrue\u00a0\u00bb css=\u00a0\u00bb.vc_custom_1639132543975{margin-top: 5px !important;margin-right: 5px !important;margin-bottom: 5px !important;margin-left: 5px !important;}\u00a0\u00bb link=\u00a0\u00bburl:%2Fdl.php%3Ffile_url%3Dhttps%3A%2F%2Fwww.maxima-dia.com%2Fwp-content%2Fuploads%2F2021%2F11%2FCAROMAX-1000-FR.pdf\u00a0\u00bb][\/vc_column][vc_column width=\u00a0\u00bb3\/4&Prime;][vc_column_text]Le top de gamme est la <strong>Caromax 1000<\/strong>. Elle utilise la Colonne Professionnelle 1000 et le moteur triphas\u00e9 CWEKSR75. Ce syst\u00e8me, gr\u00e2ce \u00e0 une puissance de 7500 W permet des forages de 1000 mm de diam\u00e8tre et 1080 mm de profondeur sans l\u2019utilisation de rallonges. Dot\u00e9e d\u2019un stabilisateur, cette machine est particuli\u00e8rement indiqu\u00e9e pour des forages continus de grand diam\u00e8tre, la colonne professionnelle 1000 permet d\u2019effectuer des trous avec une inclination de 60\u00b0 soit par devant que par derri\u00e8re.<\/p>\n<table class=\"tabellafotocarotaggio\" style=\"width: 100%;\">\n<tbody>\n<tr>\n<td style=\"width: 33%; text-align: center;\"><a href=\"https:\/\/www.maxima-dia.com\/wp-content\/uploads\/2021\/08\/CAROMAX1000-2.jpg\"><img loading=\"lazy\" decoding=\"async\" class=\"alignnone size-thumbnail wp-image-30093\" src=\"https:\/\/www.maxima-dia.com\/wp-content\/uploads\/2021\/08\/CAROMAX1000-2-150x150.jpg\" alt=\"\" width=\"150\" height=\"150\" srcset=\"https:\/\/www.maxima-dia.com\/wp-content\/uploads\/2021\/08\/CAROMAX1000-2-150x150.jpg 150w, https:\/\/www.maxima-dia.com\/wp-content\/uploads\/2021\/08\/CAROMAX1000-2-300x300.jpg 300w, https:\/\/www.maxima-dia.com\/wp-content\/uploads\/2021\/08\/CAROMAX1000-2-1024x1024.jpg 1024w, https:\/\/www.maxima-dia.com\/wp-content\/uploads\/2021\/08\/CAROMAX1000-2-768x768.jpg 768w, https:\/\/www.maxima-dia.com\/wp-content\/uploads\/2021\/08\/CAROMAX1000-2-1536x1536.jpg 1536w, https:\/\/www.maxima-dia.com\/wp-content\/uploads\/2021\/08\/CAROMAX1000-2-80x80.jpg 80w, https:\/\/www.maxima-dia.com\/wp-content\/uploads\/2021\/08\/CAROMAX1000-2-500x500.jpg 500w, https:\/\/www.maxima-dia.com\/wp-content\/uploads\/2021\/08\/CAROMAX1000-2-1000x1000.jpg 1000w, https:\/\/www.maxima-dia.com\/wp-content\/uploads\/2021\/08\/CAROMAX1000-2.jpg 1700w\" sizes=\"(max-width: 150px) 100vw, 150px\" \/><\/a><\/td>\n<td style=\"width: 33%; text-align: center;\"><a href=\"https:\/\/www.maxima-dia.com\/wp-content\/uploads\/2021\/08\/CAROMAX1000-3.jpg\"><img loading=\"lazy\" decoding=\"async\" class=\"alignnone size-thumbnail wp-image-30099\" src=\"https:\/\/www.maxima-dia.com\/wp-content\/uploads\/2021\/08\/CAROMAX1000-3-150x150.jpg\" alt=\"\" width=\"150\" height=\"150\" srcset=\"https:\/\/www.maxima-dia.com\/wp-content\/uploads\/2021\/08\/CAROMAX1000-3-150x150.jpg 150w, https:\/\/www.maxima-dia.com\/wp-content\/uploads\/2021\/08\/CAROMAX1000-3-300x300.jpg 300w, https:\/\/www.maxima-dia.com\/wp-content\/uploads\/2021\/08\/CAROMAX1000-3-1024x1024.jpg 1024w, https:\/\/www.maxima-dia.com\/wp-content\/uploads\/2021\/08\/CAROMAX1000-3-768x768.jpg 768w, https:\/\/www.maxima-dia.com\/wp-content\/uploads\/2021\/08\/CAROMAX1000-3-1536x1536.jpg 1536w, https:\/\/www.maxima-dia.com\/wp-content\/uploads\/2021\/08\/CAROMAX1000-3-80x80.jpg 80w, https:\/\/www.maxima-dia.com\/wp-content\/uploads\/2021\/08\/CAROMAX1000-3-500x500.jpg 500w, https:\/\/www.maxima-dia.com\/wp-content\/uploads\/2021\/08\/CAROMAX1000-3-1000x1000.jpg 1000w, https:\/\/www.maxima-dia.com\/wp-content\/uploads\/2021\/08\/CAROMAX1000-3.jpg 1700w\" sizes=\"(max-width: 150px) 100vw, 150px\" \/><\/a><\/td>\n<td style=\"width: 33%; text-align: center;\"><a href=\"https:\/\/www.maxima-dia.com\/wp-content\/uploads\/2021\/08\/CAROMAX1000-4.jpg\"><img loading=\"lazy\" decoding=\"async\" class=\"alignnone size-thumbnail wp-image-30105\" src=\"https:\/\/www.maxima-dia.com\/wp-content\/uploads\/2021\/08\/CAROMAX1000-4-150x150.jpg\" alt=\"\" width=\"150\" height=\"150\" srcset=\"https:\/\/www.maxima-dia.com\/wp-content\/uploads\/2021\/08\/CAROMAX1000-4-150x150.jpg 150w, https:\/\/www.maxima-dia.com\/wp-content\/uploads\/2021\/08\/CAROMAX1000-4-300x300.jpg 300w, https:\/\/www.maxima-dia.com\/wp-content\/uploads\/2021\/08\/CAROMAX1000-4-1024x1024.jpg 1024w, https:\/\/www.maxima-dia.com\/wp-content\/uploads\/2021\/08\/CAROMAX1000-4-768x768.jpg 768w, https:\/\/www.maxima-dia.com\/wp-content\/uploads\/2021\/08\/CAROMAX1000-4-1536x1536.jpg 1536w, https:\/\/www.maxima-dia.com\/wp-content\/uploads\/2021\/08\/CAROMAX1000-4-80x80.jpg 80w, https:\/\/www.maxima-dia.com\/wp-content\/uploads\/2021\/08\/CAROMAX1000-4-500x500.jpg 500w, https:\/\/www.maxima-dia.com\/wp-content\/uploads\/2021\/08\/CAROMAX1000-4-1000x1000.jpg 1000w, https:\/\/www.maxima-dia.com\/wp-content\/uploads\/2021\/08\/CAROMAX1000-4.jpg 1700w\" sizes=\"(max-width: 150px) 100vw, 150px\" \/><\/a><\/td>\n<\/tr>\n<\/tbody>\n<\/table>\n<p>&nbsp;<\/p>\n<table class=\"tabellatecnica\" style=\"width: 100%;\" border=\"0\" cellspacing=\"0\" cellpadding=\"0\">\n<thead>\n<tr>\n<td class=\"testata\" colspan=\"2\">CARACT\u00c9RISTIQUES TECHNIQUES<\/td>\n<\/tr>\n<\/thead>\n<tbody>\n<tr>\n<td class=\"coltesto1\" style=\"width: 50%;\">Moteur : CWEKSR75 7500 W &#8211; 400 V<\/td>\n<td class=\"coltesto1\" style=\"width: 50%;\">3 Vitesses \u00e0 vide:<\/td>\n<\/tr>\n<tr>\n<td class=\"coltesto1\" style=\"width: 50%;\">Raccord : 1\u201d1\/4<\/td>\n<td class=\"coltesto1\" style=\"width: 50%;\" rowspan=\"3\">1 &#8211; 60 &#8211; 115 Tours \/ Min capacit\u00e9 de per\u00e7age : 580 &#8211; 1000 mm<br \/>\n2 &#8211; 2115 &#8211; 230 tours \/ Min capacit\u00e9 de per\u00e7age : 290 &#8211; 500 mm<br \/>\n3 &#8211; 3180 &#8211; 360 tours \/ Min capacit\u00e9 de per\u00e7age : 190 &#8211; 320 mm<\/td>\n<\/tr>\n<tr>\n<td class=\"coltesto2\" style=\"width: 50%;\">Diam\u00e8tre de per\u00e7age max 1000 mm<\/td>\n<\/tr>\n<tr>\n<td class=\"coltesto2\" style=\"width: 50%;\">Course Utile : 1080 mm<\/td>\n<\/tr>\n<tr>\n<td class=\"coltesto2\" style=\"width: 50%;\">Cr\u00e9maill\u00e8re oppos\u00e9e au c\u00f4t\u00e9 moteur<\/td>\n<td class=\"coltesto2\" style=\"width: 50%;\">Inclinable \u00e0 60\u00b0<\/td>\n<\/tr>\n<tr>\n<td class=\"coltesto2\" style=\"width: 50%;\">D\u00e9crochage Rapide du Moteur<\/td>\n<td class=\"coltesto2\" style=\"width: 50%;\">Poids Colonne : 37 Kg &#8211; Poids Moteur : 19,5 Kg<\/td>\n<\/tr>\n<\/tbody>\n<\/table>\n<div id=\"gtx-trans\" style=\"position: absolute; left: 719px; top: 531px;\">\n<div class=\"gtx-trans-icon\">&nbsp;<\/div>\n<\/div>\n<p>[\/vc_column_text][\/vc_column][\/vc_row]<\/p>\n<\/div>","protected":false},"excerpt":{"rendered":"<p>[vc_row][vc_column text_align=\u00a0\u00bbcenter\u00a0\u00bb width=\u00a0\u00bb1\/4&Prime;][vc_column_text] Fabriqu\u00e9 en EU&nbsp; &#8211; certifi\u00e9&nbsp;CE[\/vc_column_text][vc_column_text css_animation=\u00a0\u00bbslideInDown\u00a0\u00bb el_class=\u00a0\u00bbhidebuybutton\u00a0\u00bb][\/vc_column_text][vc_btn title=\u00a0\u00bbFiche du produit\u00a0\u00bb style=\u00a0\u00bboutline-custom\u00a0\u00bb outline_custom_color=\u00a0\u00bb#cc0000&Prime; outline_custom_hover_background=\u00a0\u00bb#910000&Prime; outline_custom_hover_text=\u00a0\u00bb#f7f7f7&Prime; align=\u00a0\u00bbcenter\u00a0\u00bb i_icon_fontawesome=\u00a0\u00bbfas fa-download\u00a0\u00bb add_icon=\u00a0\u00bbtrue\u00a0\u00bb css=\u00a0\u00bb.vc_custom_1639132543975{margin-top: 5px !important;margin-right: 5px !important;margin-bottom: 5px !important;margin-left: 5px !important;}\u00a0\u00bb link=\u00a0\u00bburl:%2Fdl.php%3Ffile_url%3Dhttps%3A%2F%2Fwww.maxima-dia.com%2Fwp-content%2Fuploads%2F2021%2F11%2FCAROMAX-1000-FR.pdf\u00a0\u00bb][\/vc_column][vc_column width=\u00a0\u00bb3\/4&Prime;][vc_column_text]Le top de gamme est la Caromax 1000. Elle utilise la Colonne Professionnelle 1000 et le moteur triphas\u00e9 CWEKSR75. Ce syst\u00e8me, gr\u00e2ce \u00e0 une puissance de 7500 W permet des forages de 1000 mm de diam\u00e8tre et 1080 mm de profondeur sans l\u2019utilisation de rallonges. Dot\u00e9e d\u2019un stabilisateur, cette machine est particuli\u00e8rement indiqu\u00e9e pour des forages continus de grand diam\u00e8tre, la colonne professionnelle 1000 permet d\u2019effectuer des trous avec une inclination de 60\u00b0 soit par devant que par derri\u00e8re. &nbsp; CARACT\u00c9RISTIQUES TECHNIQUES Moteur : CWEKSR75 7500 W &#8211; 400 V 3 Vitesses \u00e0 vide: Raccord : 1\u201d1\/4 1 &#8211; 60 &#8211; 115 Tours \/ Min capacit\u00e9 de per\u00e7age : 580 &#8211; 1000 mm 2 &#8211; 2115 &#8211; 230 tours \/ Min capacit\u00e9 de per\u00e7age : 290 &#8211; 500 mm 3 &#8211; 3180 &#8211; 360 tours \/ Min capacit\u00e9 de per\u00e7age : 190 &#8211; 320 mm Diam\u00e8tre de per\u00e7age max 1000 mm Course Utile : 1080 mm Cr\u00e9maill\u00e8re oppos\u00e9e au c\u00f4t\u00e9 moteur Inclinable \u00e0 60\u00b0 D\u00e9crochage Rapide du Moteur Poids [&hellip;]<\/p>\n","protected":false},"author":29,"featured_media":30113,"parent":12465,"menu_order":16,"comment_status":"closed","ping_status":"closed","template":"","meta":{"ngg_post_thumbnail":0,"_joinchat":[],"footnotes":""},"class_list":["post-15229","page","type-page","status-publish","has-post-thumbnail","hentry"],"yoast_head":"<!-- This site is optimized with the Yoast SEO plugin v25.5 - https:\/\/yoast.com\/wordpress\/plugins\/seo\/ -->\n<title>Caromax 1000 - Maxima SpA<\/title>\n<meta name=\"robots\" content=\"index, follow, max-snippet:-1, max-image-preview:large, max-video-preview:-1\" \/>\n<link rel=\"canonical\" href=\"https:\/\/www.maxima-dia.com\/fr\/machines-de-carottages-pour-le-batiment\/caromax-1000\/\" \/>\n<meta property=\"og:locale\" content=\"fr_FR\" \/>\n<meta property=\"og:type\" content=\"article\" \/>\n<meta property=\"og:title\" content=\"Caromax 1000 - Maxima SpA\" \/>\n<meta property=\"og:description\" content=\"[vc_row][vc_column text_align=\u00a0\u00bbcenter\u00a0\u00bb width=\u00a0\u00bb1\/4&Prime;][vc_column_text] Fabriqu\u00e9 en EU&nbsp; &#8211; certifi\u00e9&nbsp;CE[\/vc_column_text][vc_column_text css_animation=\u00a0\u00bbslideInDown\u00a0\u00bb el_class=\u00a0\u00bbhidebuybutton\u00a0\u00bb][\/vc_column_text][vc_btn title=\u00a0\u00bbFiche du produit\u00a0\u00bb style=\u00a0\u00bboutline-custom\u00a0\u00bb outline_custom_color=\u00a0\u00bb#cc0000&Prime; outline_custom_hover_background=\u00a0\u00bb#910000&Prime; outline_custom_hover_text=\u00a0\u00bb#f7f7f7&Prime; align=\u00a0\u00bbcenter\u00a0\u00bb i_icon_fontawesome=\u00a0\u00bbfas fa-download\u00a0\u00bb add_icon=\u00a0\u00bbtrue\u00a0\u00bb css=\u00a0\u00bb.vc_custom_1639132543975{margin-top: 5px !important;margin-right: 5px !important;margin-bottom: 5px !important;margin-left: 5px !important;}\u00a0\u00bb link=\u00a0\u00bburl:%2Fdl.php%3Ffile_url%3Dhttps%3A%2F%2Fwww.maxima-dia.com%2Fwp-content%2Fuploads%2F2021%2F11%2FCAROMAX-1000-FR.pdf\u00a0\u00bb][\/vc_column][vc_column width=\u00a0\u00bb3\/4&Prime;][vc_column_text]Le top de gamme est la Caromax 1000. Elle utilise la Colonne Professionnelle 1000 et le moteur triphas\u00e9 CWEKSR75. Ce syst\u00e8me, gr\u00e2ce \u00e0 une puissance de 7500 W permet des forages de 1000 mm de diam\u00e8tre et 1080 mm de profondeur sans l\u2019utilisation de rallonges. Dot\u00e9e d\u2019un stabilisateur, cette machine est particuli\u00e8rement indiqu\u00e9e pour des forages continus de grand diam\u00e8tre, la colonne professionnelle 1000 permet d\u2019effectuer des trous avec une inclination de 60\u00b0 soit par devant que par derri\u00e8re. &nbsp; CARACT\u00c9RISTIQUES TECHNIQUES Moteur : CWEKSR75 7500 W &#8211; 400 V 3 Vitesses \u00e0 vide: Raccord : 1\u201d1\/4 1 &#8211; 60 &#8211; 115 Tours \/ Min capacit\u00e9 de per\u00e7age : 580 &#8211; 1000 mm 2 &#8211; 2115 &#8211; 230 tours \/ Min capacit\u00e9 de per\u00e7age : 290 &#8211; 500 mm 3 &#8211; 3180 &#8211; 360 tours \/ Min capacit\u00e9 de per\u00e7age : 190 &#8211; 320 mm Diam\u00e8tre de per\u00e7age max 1000 mm Course Utile : 1080 mm Cr\u00e9maill\u00e8re oppos\u00e9e au c\u00f4t\u00e9 moteur Inclinable \u00e0 60\u00b0 D\u00e9crochage Rapide du Moteur Poids [&hellip;]\" \/>\n<meta property=\"og:url\" content=\"https:\/\/www.maxima-dia.com\/fr\/machines-de-carottages-pour-le-batiment\/caromax-1000\/\" \/>\n<meta property=\"og:site_name\" content=\"Maxima SpA\" \/>\n<meta property=\"article:publisher\" content=\"https:\/\/www.facebook.com\/Maxima-spa-106098566139597\" \/>\n<meta property=\"article:modified_time\" content=\"2021-12-10T10:35:47+00:00\" \/>\n<meta property=\"og:image\" content=\"https:\/\/www.maxima-dia.com\/wp-content\/uploads\/2021\/08\/CAROMAX1000.jpg\" \/>\n\t<meta property=\"og:image:width\" content=\"1700\" \/>\n\t<meta property=\"og:image:height\" content=\"1700\" \/>\n\t<meta property=\"og:image:type\" content=\"image\/jpeg\" \/>\n<meta name=\"twitter:card\" content=\"summary_large_image\" \/>\n<meta name=\"twitter:site\" content=\"@Maximadia\" \/>\n<meta name=\"twitter:label1\" content=\"Dur\u00e9e de lecture estim\u00e9e\" \/>\n\t<meta name=\"twitter:data1\" content=\"3 minutes\" \/>\n<script type=\"application\/ld+json\" class=\"yoast-schema-graph\">{\"@context\":\"https:\/\/schema.org\",\"@graph\":[{\"@type\":\"WebPage\",\"@id\":\"https:\/\/www.maxima-dia.com\/fr\/machines-de-carottages-pour-le-batiment\/caromax-1000\/\",\"url\":\"https:\/\/www.maxima-dia.com\/fr\/machines-de-carottages-pour-le-batiment\/caromax-1000\/\",\"name\":\"Caromax 1000 - Maxima SpA\",\"isPartOf\":{\"@id\":\"https:\/\/www.maxima-dia.com\/fr\/#website\"},\"primaryImageOfPage\":{\"@id\":\"https:\/\/www.maxima-dia.com\/fr\/machines-de-carottages-pour-le-batiment\/caromax-1000\/#primaryimage\"},\"image\":{\"@id\":\"https:\/\/www.maxima-dia.com\/fr\/machines-de-carottages-pour-le-batiment\/caromax-1000\/#primaryimage\"},\"thumbnailUrl\":\"https:\/\/www.maxima-dia.com\/wp-content\/uploads\/2021\/08\/CAROMAX1000.jpg\",\"datePublished\":\"2017-03-09T11:18:13+00:00\",\"dateModified\":\"2021-12-10T10:35:47+00:00\",\"breadcrumb\":{\"@id\":\"https:\/\/www.maxima-dia.com\/fr\/machines-de-carottages-pour-le-batiment\/caromax-1000\/#breadcrumb\"},\"inLanguage\":\"fr-FR\",\"potentialAction\":[{\"@type\":\"ReadAction\",\"target\":[\"https:\/\/www.maxima-dia.com\/fr\/machines-de-carottages-pour-le-batiment\/caromax-1000\/\"]}]},{\"@type\":\"ImageObject\",\"inLanguage\":\"fr-FR\",\"@id\":\"https:\/\/www.maxima-dia.com\/fr\/machines-de-carottages-pour-le-batiment\/caromax-1000\/#primaryimage\",\"url\":\"https:\/\/www.maxima-dia.com\/wp-content\/uploads\/2021\/08\/CAROMAX1000.jpg\",\"contentUrl\":\"https:\/\/www.maxima-dia.com\/wp-content\/uploads\/2021\/08\/CAROMAX1000.jpg\",\"width\":1700,\"height\":1700},{\"@type\":\"BreadcrumbList\",\"@id\":\"https:\/\/www.maxima-dia.com\/fr\/machines-de-carottages-pour-le-batiment\/caromax-1000\/#breadcrumb\",\"itemListElement\":[{\"@type\":\"ListItem\",\"position\":1,\"name\":\"Home\",\"item\":\"https:\/\/www.maxima-dia.com\/fr\/\"},{\"@type\":\"ListItem\",\"position\":2,\"name\":\"Machines de carottages pour le B\u00e2timent\",\"item\":\"https:\/\/www.maxima-dia.com\/fr\/machines-de-carottages-pour-le-batiment\/\"},{\"@type\":\"ListItem\",\"position\":3,\"name\":\"Caromax 1000\"}]},{\"@type\":\"WebSite\",\"@id\":\"https:\/\/www.maxima-dia.com\/fr\/#website\",\"url\":\"https:\/\/www.maxima-dia.com\/fr\/\",\"name\":\"Maxima SpA\",\"description\":\"Only for the real professionals\",\"potentialAction\":[{\"@type\":\"SearchAction\",\"target\":{\"@type\":\"EntryPoint\",\"urlTemplate\":\"https:\/\/www.maxima-dia.com\/fr\/?s={search_term_string}\"},\"query-input\":{\"@type\":\"PropertyValueSpecification\",\"valueRequired\":true,\"valueName\":\"search_term_string\"}}],\"inLanguage\":\"fr-FR\"}]}<\/script>\n<!-- \/ Yoast SEO plugin. -->","yoast_head_json":{"title":"Caromax 1000 - Maxima SpA","robots":{"index":"index","follow":"follow","max-snippet":"max-snippet:-1","max-image-preview":"max-image-preview:large","max-video-preview":"max-video-preview:-1"},"canonical":"https:\/\/www.maxima-dia.com\/fr\/machines-de-carottages-pour-le-batiment\/caromax-1000\/","og_locale":"fr_FR","og_type":"article","og_title":"Caromax 1000 - Maxima SpA","og_description":"[vc_row][vc_column text_align=\u00a0\u00bbcenter\u00a0\u00bb width=\u00a0\u00bb1\/4&Prime;][vc_column_text] Fabriqu\u00e9 en EU&nbsp; &#8211; certifi\u00e9&nbsp;CE[\/vc_column_text][vc_column_text css_animation=\u00a0\u00bbslideInDown\u00a0\u00bb el_class=\u00a0\u00bbhidebuybutton\u00a0\u00bb][\/vc_column_text][vc_btn title=\u00a0\u00bbFiche du produit\u00a0\u00bb style=\u00a0\u00bboutline-custom\u00a0\u00bb outline_custom_color=\u00a0\u00bb#cc0000&Prime; outline_custom_hover_background=\u00a0\u00bb#910000&Prime; outline_custom_hover_text=\u00a0\u00bb#f7f7f7&Prime; align=\u00a0\u00bbcenter\u00a0\u00bb i_icon_fontawesome=\u00a0\u00bbfas fa-download\u00a0\u00bb add_icon=\u00a0\u00bbtrue\u00a0\u00bb css=\u00a0\u00bb.vc_custom_1639132543975{margin-top: 5px !important;margin-right: 5px !important;margin-bottom: 5px !important;margin-left: 5px !important;}\u00a0\u00bb link=\u00a0\u00bburl:%2Fdl.php%3Ffile_url%3Dhttps%3A%2F%2Fwww.maxima-dia.com%2Fwp-content%2Fuploads%2F2021%2F11%2FCAROMAX-1000-FR.pdf\u00a0\u00bb][\/vc_column][vc_column width=\u00a0\u00bb3\/4&Prime;][vc_column_text]Le top de gamme est la Caromax 1000. Elle utilise la Colonne Professionnelle 1000 et le moteur triphas\u00e9 CWEKSR75. Ce syst\u00e8me, gr\u00e2ce \u00e0 une puissance de 7500 W permet des forages de 1000 mm de diam\u00e8tre et 1080 mm de profondeur sans l\u2019utilisation de rallonges. Dot\u00e9e d\u2019un stabilisateur, cette machine est particuli\u00e8rement indiqu\u00e9e pour des forages continus de grand diam\u00e8tre, la colonne professionnelle 1000 permet d\u2019effectuer des trous avec une inclination de 60\u00b0 soit par devant que par derri\u00e8re. &nbsp; CARACT\u00c9RISTIQUES TECHNIQUES Moteur : CWEKSR75 7500 W &#8211; 400 V 3 Vitesses \u00e0 vide: Raccord : 1\u201d1\/4 1 &#8211; 60 &#8211; 115 Tours \/ Min capacit\u00e9 de per\u00e7age : 580 &#8211; 1000 mm 2 &#8211; 2115 &#8211; 230 tours \/ Min capacit\u00e9 de per\u00e7age : 290 &#8211; 500 mm 3 &#8211; 3180 &#8211; 360 tours \/ Min capacit\u00e9 de per\u00e7age : 190 &#8211; 320 mm Diam\u00e8tre de per\u00e7age max 1000 mm Course Utile : 1080 mm Cr\u00e9maill\u00e8re oppos\u00e9e au c\u00f4t\u00e9 moteur Inclinable \u00e0 60\u00b0 D\u00e9crochage Rapide du Moteur Poids [&hellip;]","og_url":"https:\/\/www.maxima-dia.com\/fr\/machines-de-carottages-pour-le-batiment\/caromax-1000\/","og_site_name":"Maxima SpA","article_publisher":"https:\/\/www.facebook.com\/Maxima-spa-106098566139597","article_modified_time":"2021-12-10T10:35:47+00:00","og_image":[{"width":1700,"height":1700,"url":"https:\/\/www.maxima-dia.com\/wp-content\/uploads\/2021\/08\/CAROMAX1000.jpg","type":"image\/jpeg"}],"twitter_card":"summary_large_image","twitter_site":"@Maximadia","twitter_misc":{"Dur\u00e9e de lecture estim\u00e9e":"3 minutes"},"schema":{"@context":"https:\/\/schema.org","@graph":[{"@type":"WebPage","@id":"https:\/\/www.maxima-dia.com\/fr\/machines-de-carottages-pour-le-batiment\/caromax-1000\/","url":"https:\/\/www.maxima-dia.com\/fr\/machines-de-carottages-pour-le-batiment\/caromax-1000\/","name":"Caromax 1000 - Maxima SpA","isPartOf":{"@id":"https:\/\/www.maxima-dia.com\/fr\/#website"},"primaryImageOfPage":{"@id":"https:\/\/www.maxima-dia.com\/fr\/machines-de-carottages-pour-le-batiment\/caromax-1000\/#primaryimage"},"image":{"@id":"https:\/\/www.maxima-dia.com\/fr\/machines-de-carottages-pour-le-batiment\/caromax-1000\/#primaryimage"},"thumbnailUrl":"https:\/\/www.maxima-dia.com\/wp-content\/uploads\/2021\/08\/CAROMAX1000.jpg","datePublished":"2017-03-09T11:18:13+00:00","dateModified":"2021-12-10T10:35:47+00:00","breadcrumb":{"@id":"https:\/\/www.maxima-dia.com\/fr\/machines-de-carottages-pour-le-batiment\/caromax-1000\/#breadcrumb"},"inLanguage":"fr-FR","potentialAction":[{"@type":"ReadAction","target":["https:\/\/www.maxima-dia.com\/fr\/machines-de-carottages-pour-le-batiment\/caromax-1000\/"]}]},{"@type":"ImageObject","inLanguage":"fr-FR","@id":"https:\/\/www.maxima-dia.com\/fr\/machines-de-carottages-pour-le-batiment\/caromax-1000\/#primaryimage","url":"https:\/\/www.maxima-dia.com\/wp-content\/uploads\/2021\/08\/CAROMAX1000.jpg","contentUrl":"https:\/\/www.maxima-dia.com\/wp-content\/uploads\/2021\/08\/CAROMAX1000.jpg","width":1700,"height":1700},{"@type":"BreadcrumbList","@id":"https:\/\/www.maxima-dia.com\/fr\/machines-de-carottages-pour-le-batiment\/caromax-1000\/#breadcrumb","itemListElement":[{"@type":"ListItem","position":1,"name":"Home","item":"https:\/\/www.maxima-dia.com\/fr\/"},{"@type":"ListItem","position":2,"name":"Machines de carottages pour le B\u00e2timent","item":"https:\/\/www.maxima-dia.com\/fr\/machines-de-carottages-pour-le-batiment\/"},{"@type":"ListItem","position":3,"name":"Caromax 1000"}]},{"@type":"WebSite","@id":"https:\/\/www.maxima-dia.com\/fr\/#website","url":"https:\/\/www.maxima-dia.com\/fr\/","name":"Maxima SpA","description":"Only for the real professionals","potentialAction":[{"@type":"SearchAction","target":{"@type":"EntryPoint","urlTemplate":"https:\/\/www.maxima-dia.com\/fr\/?s={search_term_string}"},"query-input":{"@type":"PropertyValueSpecification","valueRequired":true,"valueName":"search_term_string"}}],"inLanguage":"fr-FR"}]}},"_links":{"self":[{"href":"https:\/\/www.maxima-dia.com\/fr\/wp-json\/wp\/v2\/pages\/15229"}],"collection":[{"href":"https:\/\/www.maxima-dia.com\/fr\/wp-json\/wp\/v2\/pages"}],"about":[{"href":"https:\/\/www.maxima-dia.com\/fr\/wp-json\/wp\/v2\/types\/page"}],"author":[{"embeddable":true,"href":"https:\/\/www.maxima-dia.com\/fr\/wp-json\/wp\/v2\/users\/29"}],"replies":[{"embeddable":true,"href":"https:\/\/www.maxima-dia.com\/fr\/wp-json\/wp\/v2\/comments?post=15229"}],"version-history":[{"count":0,"href":"https:\/\/www.maxima-dia.com\/fr\/wp-json\/wp\/v2\/pages\/15229\/revisions"}],"up":[{"embeddable":true,"href":"https:\/\/www.maxima-dia.com\/fr\/wp-json\/wp\/v2\/pages\/12465"}],"wp:featuredmedia":[{"embeddable":true,"href":"https:\/\/www.maxima-dia.com\/fr\/wp-json\/wp\/v2\/media\/30113"}],"wp:attachment":[{"href":"https:\/\/www.maxima-dia.com\/fr\/wp-json\/wp\/v2\/media?parent=15229"}],"curies":[{"name":"wp","href":"https:\/\/api.w.org\/{rel}","templated":true}]}}