{"id":15256,"date":"2017-03-13T09:44:57","date_gmt":"2017-03-13T08:44:57","guid":{"rendered":"http:\/\/www.maxima-dia.com\/?page_id=15256\/"},"modified":"2021-12-10T11:36:18","modified_gmt":"2021-12-10T10:36:18","slug":"caromax-id-700","status":"publish","type":"page","link":"https:\/\/www.maxima-dia.com\/fr\/machines-de-carottages-pour-le-batiment\/caromax-id-700\/","title":{"rendered":"Caromax Id 700"},"content":{"rendered":"<div class=\"wpb-content-wrapper\"><p>[vc_row][vc_column text_align=\u00a0\u00bbcenter\u00a0\u00bb width=\u00a0\u00bb1\/4&Prime;][vc_column_text]<a href=\"\/wp-content\/uploads\/2017\/02\/caromax-id-700.jpg\"><img loading=\"lazy\" decoding=\"async\" class=\"alignnone wp-image-13733 size-thumbnail\" src=\"\/wp-content\/uploads\/2017\/02\/caromax-id-700-150x150.jpg\" alt=\"CAROMAX ID 700\" width=\"150\" height=\"150\" srcset=\"https:\/\/www.maxima-dia.com\/wp-content\/uploads\/2017\/02\/caromax-id-700-150x150.jpg 150w, https:\/\/www.maxima-dia.com\/wp-content\/uploads\/2017\/02\/caromax-id-700-300x300.jpg 300w, https:\/\/www.maxima-dia.com\/wp-content\/uploads\/2017\/02\/caromax-id-700-768x768.jpg 768w, https:\/\/www.maxima-dia.com\/wp-content\/uploads\/2017\/02\/caromax-id-700-1024x1024.jpg 1024w, https:\/\/www.maxima-dia.com\/wp-content\/uploads\/2017\/02\/caromax-id-700-80x80.jpg 80w, https:\/\/www.maxima-dia.com\/wp-content\/uploads\/2017\/02\/caromax-id-700-500x500.jpg 500w, https:\/\/www.maxima-dia.com\/wp-content\/uploads\/2017\/02\/caromax-id-700-1000x1000.jpg 1000w, https:\/\/www.maxima-dia.com\/wp-content\/uploads\/2017\/02\/caromax-id-700.jpg 1200w\" sizes=\"(max-width: 150px) 100vw, 150px\" \/><\/a><\/p>\n<p>Fabriqu\u00e9 en EU&nbsp;<img loading=\"lazy\" decoding=\"async\" src=\"\/wp-content\/uploads\/2013\/11\/eu.png\" alt=\"eu\" width=\"24\" height=\"16\"> &#8211; certifi\u00e9&nbsp;<span style=\"font-family: arial,helvetica,sans-serif;\">CE<\/span>[\/vc_column_text][vc_column_text css_animation=\u00a0\u00bbslideInDown\u00a0\u00bb el_class=\u00a0\u00bbhidebuybutton\u00a0\u00bb]<a href=\"https:\/\/www.storemaxima.com\/fr\/machines-de-carottages-pour-le-batiment\/180-caromax-id-700.html\" target=\"_blank\" rel=\"noopener\"><img loading=\"lazy\" decoding=\"async\" class=\"alignnone\" title=\"Acheter sur www.storemaxima.com\" src=\"https:\/\/www.maxima-dia.com\/wp-content\/uploads\/2019\/12\/pulsante-acquista-storemaxima.com-fr.svg\" alt=\"Acheter sur www.storemaxima.com\" width=\"180\" height=\"80\"><\/a>[\/vc_column_text][vc_btn title=\u00a0\u00bbFiche du produit\u00a0\u00bb style=\u00a0\u00bboutline-custom\u00a0\u00bb outline_custom_color=\u00a0\u00bb#cc0000&Prime; outline_custom_hover_background=\u00a0\u00bb#910000&Prime; outline_custom_hover_text=\u00a0\u00bb#f7f7f7&Prime; align=\u00a0\u00bbcenter\u00a0\u00bb i_icon_fontawesome=\u00a0\u00bbfas fa-download\u00a0\u00bb add_icon=\u00a0\u00bbtrue\u00a0\u00bb css=\u00a0\u00bb.vc_custom_1639132574070{margin-top: 5px !important;margin-right: 5px !important;margin-bottom: 5px !important;margin-left: 5px !important;}\u00a0\u00bb link=\u00a0\u00bburl:%2Fdl.php%3Ffile_url%3Dhttps%3A%2F%2Fwww.maxima-dia.com%2Fwp-content%2Fuploads%2F2021%2F11%2FCAROMAX-ID700-FR.pdf\u00a0\u00bb][\/vc_column][vc_column width=\u00a0\u00bb3\/4&Prime;][vc_column_text]La <strong>Caromax ID 700<\/strong> est la carotteuse hydraulique id\u00e9ale pour les forages de gros diam\u00e8tre. Le moteur peut \u00eatre connect\u00e9 aussi bien \u00e0 la centrale hydraulique mod. AS30 qu\u2019\u00e0 d\u2019autres sorties hydrauliques, mini-excavateurs ou autres machines hydrauliques, avec un d\u00e9bit max 30 l\/ min. Id\u00e9al lorsque le chantier ne dispose pas de courant \u00e9lectrique ou lorsque cela est n\u00e9cessaire pour des raisons de s\u00e9curit\u00e9, par exemple pour les forages sous-marins.<\/p>\n<table class=\"tabellafotocarotaggio\" style=\"width: 100%;\">\n<tbody>\n<tr>\n<td style=\"width: 33%; text-align: center;\"><a href=\"\/wp-content\/uploads\/2017\/02\/caromax-id-700-1.jpg\"><img loading=\"lazy\" decoding=\"async\" class=\"alignnone size-thumbnail wp-image-13730\" src=\"\/wp-content\/uploads\/2017\/02\/caromax-id-700-1-150x150.jpg\" alt=\"\" width=\"150\" height=\"150\" srcset=\"https:\/\/www.maxima-dia.com\/wp-content\/uploads\/2017\/02\/caromax-id-700-1-150x150.jpg 150w, https:\/\/www.maxima-dia.com\/wp-content\/uploads\/2017\/02\/caromax-id-700-1-80x80.jpg 80w, https:\/\/www.maxima-dia.com\/wp-content\/uploads\/2017\/02\/caromax-id-700-1-500x500.jpg 500w\" sizes=\"(max-width: 150px) 100vw, 150px\" \/><\/a><\/td>\n<td style=\"width: 33%; text-align: center;\"><a href=\"\/wp-content\/uploads\/2017\/02\/caromax-id-700-2.jpg\"><img loading=\"lazy\" decoding=\"async\" class=\"alignnone size-thumbnail wp-image-13731\" src=\"\/wp-content\/uploads\/2017\/02\/caromax-id-700-2-150x150.jpg\" alt=\"\" width=\"150\" height=\"150\" srcset=\"https:\/\/www.maxima-dia.com\/wp-content\/uploads\/2017\/02\/caromax-id-700-2-150x150.jpg 150w, https:\/\/www.maxima-dia.com\/wp-content\/uploads\/2017\/02\/caromax-id-700-2-80x80.jpg 80w, https:\/\/www.maxima-dia.com\/wp-content\/uploads\/2017\/02\/caromax-id-700-2-500x500.jpg 500w\" sizes=\"(max-width: 150px) 100vw, 150px\" \/><\/a><\/td>\n<td style=\"width: 33%; text-align: center;\"><a href=\"\/wp-content\/uploads\/2017\/02\/caromax-id-700-3.jpg\"><img loading=\"lazy\" decoding=\"async\" class=\"alignnone size-thumbnail wp-image-13732\" src=\"\/wp-content\/uploads\/2017\/02\/caromax-id-700-3-150x150.jpg\" alt=\"\" width=\"150\" height=\"150\" srcset=\"https:\/\/www.maxima-dia.com\/wp-content\/uploads\/2017\/02\/caromax-id-700-3-150x150.jpg 150w, https:\/\/www.maxima-dia.com\/wp-content\/uploads\/2017\/02\/caromax-id-700-3-80x80.jpg 80w, https:\/\/www.maxima-dia.com\/wp-content\/uploads\/2017\/02\/caromax-id-700-3-500x500.jpg 500w\" sizes=\"(max-width: 150px) 100vw, 150px\" \/><\/a><\/td>\n<\/tr>\n<\/tbody>\n<\/table>\n<p>&nbsp;<\/p>\n<table class=\"tabellatecnica\" style=\"width: 100%; height: 168px;\" border=\"0\" cellspacing=\"0\" cellpadding=\"0\">\n<thead>\n<tr style=\"height: 24px;\">\n<td class=\"testata\" style=\"height: 24px;\" colspan=\"2\">CARACT\u00c9RISTIQUES TECHNIQUES<\/td>\n<\/tr>\n<\/thead>\n<tbody>\n<tr style=\"height: 24px;\">\n<td class=\"coltesto2\" style=\"width: 50%; height: 24px;\">Moteur : hydraulique AK50<\/td>\n<td class=\"coltesto2\" style=\"width: 50%; height: 24px;\">Vitesse : 90 &#8211; 760 Tours\/Min<\/td>\n<\/tr>\n<tr style=\"height: 24px;\">\n<td class=\"coltesto2\" style=\"width: 50%; height: 24px;\">Attaque : 1\u201d1\/4<\/td>\n<td class=\"coltesto2\" style=\"width: 50%; height: 24px;\">D\u00e9bit : 30 &#8211; 38 l<\/td>\n<\/tr>\n<tr style=\"height: 24px;\">\n<td class=\"coltesto2\" style=\"width: 50%; height: 24px;\">Diam\u00e8tre de per\u00e7age max 700 mm<\/td>\n<td class=\"coltesto2\" style=\"width: 50%; height: 24px;\">Pression : 120 &#8211; 200 Bar<\/td>\n<\/tr>\n<tr style=\"height: 24px;\">\n<td class=\"coltesto2\" style=\"width: 50%; height: 24px;\">Course utile : 600 mm<\/td>\n<td class=\"coltesto2\" style=\"width: 50%; height: 24px;\">Poids de la colonne : 45 Kg<\/td>\n<\/tr>\n<tr style=\"height: 24px;\">\n<td class=\"coltesto2\" style=\"width: 50%; height: 24px;\">Inclinable \u00e0 45\u00b0<\/td>\n<td class=\"coltesto2\" style=\"width: 50%; height: 24px;\">Poids Moteur : 13 Kg<\/td>\n<\/tr>\n<tr style=\"height: 24px;\">\n<td class=\"coltesto2\" style=\"width: 50%; height: 24px;\">Quick Motor Release<\/td>\n<td class=\"coltesto2\" style=\"width: 50%; height: 24px;\">&nbsp;<\/td>\n<\/tr>\n<\/tbody>\n<\/table>\n<div id=\"gtx-trans\" style=\"position: absolute; left: 637px; top: 433px;\">\n<div class=\"gtx-trans-icon\">&nbsp;<\/div>\n<\/div>\n<p>[\/vc_column_text][\/vc_column][\/vc_row]<\/p>\n<\/div>","protected":false},"excerpt":{"rendered":"<p>[vc_row][vc_column text_align=\u00a0\u00bbcenter\u00a0\u00bb width=\u00a0\u00bb1\/4&Prime;][vc_column_text] Fabriqu\u00e9 en EU&nbsp; &#8211; certifi\u00e9&nbsp;CE[\/vc_column_text][vc_column_text css_animation=\u00a0\u00bbslideInDown\u00a0\u00bb el_class=\u00a0\u00bbhidebuybutton\u00a0\u00bb][\/vc_column_text][vc_btn title=\u00a0\u00bbFiche du produit\u00a0\u00bb style=\u00a0\u00bboutline-custom\u00a0\u00bb outline_custom_color=\u00a0\u00bb#cc0000&Prime; outline_custom_hover_background=\u00a0\u00bb#910000&Prime; outline_custom_hover_text=\u00a0\u00bb#f7f7f7&Prime; align=\u00a0\u00bbcenter\u00a0\u00bb i_icon_fontawesome=\u00a0\u00bbfas fa-download\u00a0\u00bb add_icon=\u00a0\u00bbtrue\u00a0\u00bb css=\u00a0\u00bb.vc_custom_1639132574070{margin-top: 5px !important;margin-right: 5px !important;margin-bottom: 5px !important;margin-left: 5px !important;}\u00a0\u00bb link=\u00a0\u00bburl:%2Fdl.php%3Ffile_url%3Dhttps%3A%2F%2Fwww.maxima-dia.com%2Fwp-content%2Fuploads%2F2021%2F11%2FCAROMAX-ID700-FR.pdf\u00a0\u00bb][\/vc_column][vc_column width=\u00a0\u00bb3\/4&Prime;][vc_column_text]La Caromax ID 700 est la carotteuse hydraulique id\u00e9ale pour les forages de gros diam\u00e8tre. Le moteur peut \u00eatre connect\u00e9 aussi bien \u00e0 la centrale hydraulique mod. AS30 qu\u2019\u00e0 d\u2019autres sorties hydrauliques, mini-excavateurs ou autres machines hydrauliques, avec un d\u00e9bit max 30 l\/ min. Id\u00e9al lorsque le chantier ne dispose pas de courant \u00e9lectrique ou lorsque cela est n\u00e9cessaire pour des raisons de s\u00e9curit\u00e9, par exemple pour les forages sous-marins. &nbsp; CARACT\u00c9RISTIQUES TECHNIQUES Moteur : hydraulique AK50 Vitesse : 90 &#8211; 760 Tours\/Min Attaque : 1\u201d1\/4 D\u00e9bit : 30 &#8211; 38 l Diam\u00e8tre de per\u00e7age max 700 mm Pression : 120 &#8211; 200 Bar Course utile : 600 mm Poids de la colonne : 45 Kg Inclinable \u00e0 45\u00b0 Poids Moteur : 13 Kg Quick Motor Release &nbsp; &nbsp; [\/vc_column_text][\/vc_column][\/vc_row]<\/p>\n","protected":false},"author":29,"featured_media":24920,"parent":12465,"menu_order":17,"comment_status":"closed","ping_status":"closed","template":"","meta":{"ngg_post_thumbnail":0,"_joinchat":[],"footnotes":""},"class_list":["post-15256","page","type-page","status-publish","has-post-thumbnail","hentry"],"yoast_head":"<!-- This site is optimized with the Yoast SEO plugin v25.5 - https:\/\/yoast.com\/wordpress\/plugins\/seo\/ -->\n<title>Caromax Id 700 - Maxima SpA<\/title>\n<meta name=\"robots\" content=\"index, follow, max-snippet:-1, max-image-preview:large, max-video-preview:-1\" \/>\n<link rel=\"canonical\" href=\"https:\/\/www.maxima-dia.com\/fr\/machines-de-carottages-pour-le-batiment\/caromax-id-700\/\" \/>\n<meta property=\"og:locale\" content=\"fr_FR\" \/>\n<meta property=\"og:type\" content=\"article\" \/>\n<meta property=\"og:title\" content=\"Caromax Id 700 - Maxima SpA\" \/>\n<meta property=\"og:description\" content=\"[vc_row][vc_column text_align=\u00a0\u00bbcenter\u00a0\u00bb width=\u00a0\u00bb1\/4&Prime;][vc_column_text] Fabriqu\u00e9 en EU&nbsp; &#8211; certifi\u00e9&nbsp;CE[\/vc_column_text][vc_column_text css_animation=\u00a0\u00bbslideInDown\u00a0\u00bb el_class=\u00a0\u00bbhidebuybutton\u00a0\u00bb][\/vc_column_text][vc_btn title=\u00a0\u00bbFiche du produit\u00a0\u00bb style=\u00a0\u00bboutline-custom\u00a0\u00bb outline_custom_color=\u00a0\u00bb#cc0000&Prime; outline_custom_hover_background=\u00a0\u00bb#910000&Prime; outline_custom_hover_text=\u00a0\u00bb#f7f7f7&Prime; align=\u00a0\u00bbcenter\u00a0\u00bb i_icon_fontawesome=\u00a0\u00bbfas fa-download\u00a0\u00bb add_icon=\u00a0\u00bbtrue\u00a0\u00bb css=\u00a0\u00bb.vc_custom_1639132574070{margin-top: 5px !important;margin-right: 5px !important;margin-bottom: 5px !important;margin-left: 5px !important;}\u00a0\u00bb link=\u00a0\u00bburl:%2Fdl.php%3Ffile_url%3Dhttps%3A%2F%2Fwww.maxima-dia.com%2Fwp-content%2Fuploads%2F2021%2F11%2FCAROMAX-ID700-FR.pdf\u00a0\u00bb][\/vc_column][vc_column width=\u00a0\u00bb3\/4&Prime;][vc_column_text]La Caromax ID 700 est la carotteuse hydraulique id\u00e9ale pour les forages de gros diam\u00e8tre. Le moteur peut \u00eatre connect\u00e9 aussi bien \u00e0 la centrale hydraulique mod. AS30 qu\u2019\u00e0 d\u2019autres sorties hydrauliques, mini-excavateurs ou autres machines hydrauliques, avec un d\u00e9bit max 30 l\/ min. Id\u00e9al lorsque le chantier ne dispose pas de courant \u00e9lectrique ou lorsque cela est n\u00e9cessaire pour des raisons de s\u00e9curit\u00e9, par exemple pour les forages sous-marins. &nbsp; CARACT\u00c9RISTIQUES TECHNIQUES Moteur : hydraulique AK50 Vitesse : 90 &#8211; 760 Tours\/Min Attaque : 1\u201d1\/4 D\u00e9bit : 30 &#8211; 38 l Diam\u00e8tre de per\u00e7age max 700 mm Pression : 120 &#8211; 200 Bar Course utile : 600 mm Poids de la colonne : 45 Kg Inclinable \u00e0 45\u00b0 Poids Moteur : 13 Kg Quick Motor Release &nbsp; &nbsp; [\/vc_column_text][\/vc_column][\/vc_row]\" \/>\n<meta property=\"og:url\" content=\"https:\/\/www.maxima-dia.com\/fr\/machines-de-carottages-pour-le-batiment\/caromax-id-700\/\" \/>\n<meta property=\"og:site_name\" content=\"Maxima SpA\" \/>\n<meta property=\"article:publisher\" content=\"https:\/\/www.facebook.com\/Maxima-spa-106098566139597\" \/>\n<meta property=\"article:modified_time\" content=\"2021-12-10T10:36:18+00:00\" \/>\n<meta property=\"og:image\" content=\"https:\/\/www.maxima-dia.com\/wp-content\/uploads\/2017\/02\/caromax-id-700.jpg\" \/>\n\t<meta property=\"og:image:width\" content=\"1200\" \/>\n\t<meta property=\"og:image:height\" content=\"1200\" \/>\n\t<meta property=\"og:image:type\" content=\"image\/jpeg\" \/>\n<meta name=\"twitter:card\" content=\"summary_large_image\" \/>\n<meta name=\"twitter:site\" content=\"@Maximadia\" \/>\n<meta name=\"twitter:label1\" content=\"Dur\u00e9e de lecture estim\u00e9e\" \/>\n\t<meta name=\"twitter:data1\" content=\"2 minutes\" \/>\n<script type=\"application\/ld+json\" class=\"yoast-schema-graph\">{\"@context\":\"https:\/\/schema.org\",\"@graph\":[{\"@type\":\"WebPage\",\"@id\":\"https:\/\/www.maxima-dia.com\/fr\/machines-de-carottages-pour-le-batiment\/caromax-id-700\/\",\"url\":\"https:\/\/www.maxima-dia.com\/fr\/machines-de-carottages-pour-le-batiment\/caromax-id-700\/\",\"name\":\"Caromax Id 700 - Maxima SpA\",\"isPartOf\":{\"@id\":\"https:\/\/www.maxima-dia.com\/fr\/#website\"},\"primaryImageOfPage\":{\"@id\":\"https:\/\/www.maxima-dia.com\/fr\/machines-de-carottages-pour-le-batiment\/caromax-id-700\/#primaryimage\"},\"image\":{\"@id\":\"https:\/\/www.maxima-dia.com\/fr\/machines-de-carottages-pour-le-batiment\/caromax-id-700\/#primaryimage\"},\"thumbnailUrl\":\"https:\/\/www.maxima-dia.com\/wp-content\/uploads\/2017\/02\/caromax-id-700.jpg\",\"datePublished\":\"2017-03-13T08:44:57+00:00\",\"dateModified\":\"2021-12-10T10:36:18+00:00\",\"breadcrumb\":{\"@id\":\"https:\/\/www.maxima-dia.com\/fr\/machines-de-carottages-pour-le-batiment\/caromax-id-700\/#breadcrumb\"},\"inLanguage\":\"fr-FR\",\"potentialAction\":[{\"@type\":\"ReadAction\",\"target\":[\"https:\/\/www.maxima-dia.com\/fr\/machines-de-carottages-pour-le-batiment\/caromax-id-700\/\"]}]},{\"@type\":\"ImageObject\",\"inLanguage\":\"fr-FR\",\"@id\":\"https:\/\/www.maxima-dia.com\/fr\/machines-de-carottages-pour-le-batiment\/caromax-id-700\/#primaryimage\",\"url\":\"https:\/\/www.maxima-dia.com\/wp-content\/uploads\/2017\/02\/caromax-id-700.jpg\",\"contentUrl\":\"https:\/\/www.maxima-dia.com\/wp-content\/uploads\/2017\/02\/caromax-id-700.jpg\",\"width\":1200,\"height\":1200},{\"@type\":\"BreadcrumbList\",\"@id\":\"https:\/\/www.maxima-dia.com\/fr\/machines-de-carottages-pour-le-batiment\/caromax-id-700\/#breadcrumb\",\"itemListElement\":[{\"@type\":\"ListItem\",\"position\":1,\"name\":\"Home\",\"item\":\"https:\/\/www.maxima-dia.com\/fr\/\"},{\"@type\":\"ListItem\",\"position\":2,\"name\":\"Machines de carottages pour le B\u00e2timent\",\"item\":\"https:\/\/www.maxima-dia.com\/fr\/machines-de-carottages-pour-le-batiment\/\"},{\"@type\":\"ListItem\",\"position\":3,\"name\":\"Caromax Id 700\"}]},{\"@type\":\"WebSite\",\"@id\":\"https:\/\/www.maxima-dia.com\/fr\/#website\",\"url\":\"https:\/\/www.maxima-dia.com\/fr\/\",\"name\":\"Maxima SpA\",\"description\":\"Only for the real professionals\",\"potentialAction\":[{\"@type\":\"SearchAction\",\"target\":{\"@type\":\"EntryPoint\",\"urlTemplate\":\"https:\/\/www.maxima-dia.com\/fr\/?s={search_term_string}\"},\"query-input\":{\"@type\":\"PropertyValueSpecification\",\"valueRequired\":true,\"valueName\":\"search_term_string\"}}],\"inLanguage\":\"fr-FR\"}]}<\/script>\n<!-- \/ Yoast SEO plugin. -->","yoast_head_json":{"title":"Caromax Id 700 - Maxima SpA","robots":{"index":"index","follow":"follow","max-snippet":"max-snippet:-1","max-image-preview":"max-image-preview:large","max-video-preview":"max-video-preview:-1"},"canonical":"https:\/\/www.maxima-dia.com\/fr\/machines-de-carottages-pour-le-batiment\/caromax-id-700\/","og_locale":"fr_FR","og_type":"article","og_title":"Caromax Id 700 - Maxima SpA","og_description":"[vc_row][vc_column text_align=\u00a0\u00bbcenter\u00a0\u00bb width=\u00a0\u00bb1\/4&Prime;][vc_column_text] Fabriqu\u00e9 en EU&nbsp; &#8211; certifi\u00e9&nbsp;CE[\/vc_column_text][vc_column_text css_animation=\u00a0\u00bbslideInDown\u00a0\u00bb el_class=\u00a0\u00bbhidebuybutton\u00a0\u00bb][\/vc_column_text][vc_btn title=\u00a0\u00bbFiche du produit\u00a0\u00bb style=\u00a0\u00bboutline-custom\u00a0\u00bb outline_custom_color=\u00a0\u00bb#cc0000&Prime; outline_custom_hover_background=\u00a0\u00bb#910000&Prime; outline_custom_hover_text=\u00a0\u00bb#f7f7f7&Prime; align=\u00a0\u00bbcenter\u00a0\u00bb i_icon_fontawesome=\u00a0\u00bbfas fa-download\u00a0\u00bb add_icon=\u00a0\u00bbtrue\u00a0\u00bb css=\u00a0\u00bb.vc_custom_1639132574070{margin-top: 5px !important;margin-right: 5px !important;margin-bottom: 5px !important;margin-left: 5px !important;}\u00a0\u00bb link=\u00a0\u00bburl:%2Fdl.php%3Ffile_url%3Dhttps%3A%2F%2Fwww.maxima-dia.com%2Fwp-content%2Fuploads%2F2021%2F11%2FCAROMAX-ID700-FR.pdf\u00a0\u00bb][\/vc_column][vc_column width=\u00a0\u00bb3\/4&Prime;][vc_column_text]La Caromax ID 700 est la carotteuse hydraulique id\u00e9ale pour les forages de gros diam\u00e8tre. Le moteur peut \u00eatre connect\u00e9 aussi bien \u00e0 la centrale hydraulique mod. AS30 qu\u2019\u00e0 d\u2019autres sorties hydrauliques, mini-excavateurs ou autres machines hydrauliques, avec un d\u00e9bit max 30 l\/ min. Id\u00e9al lorsque le chantier ne dispose pas de courant \u00e9lectrique ou lorsque cela est n\u00e9cessaire pour des raisons de s\u00e9curit\u00e9, par exemple pour les forages sous-marins. &nbsp; CARACT\u00c9RISTIQUES TECHNIQUES Moteur : hydraulique AK50 Vitesse : 90 &#8211; 760 Tours\/Min Attaque : 1\u201d1\/4 D\u00e9bit : 30 &#8211; 38 l Diam\u00e8tre de per\u00e7age max 700 mm Pression : 120 &#8211; 200 Bar Course utile : 600 mm Poids de la colonne : 45 Kg Inclinable \u00e0 45\u00b0 Poids Moteur : 13 Kg Quick Motor Release &nbsp; &nbsp; [\/vc_column_text][\/vc_column][\/vc_row]","og_url":"https:\/\/www.maxima-dia.com\/fr\/machines-de-carottages-pour-le-batiment\/caromax-id-700\/","og_site_name":"Maxima SpA","article_publisher":"https:\/\/www.facebook.com\/Maxima-spa-106098566139597","article_modified_time":"2021-12-10T10:36:18+00:00","og_image":[{"width":1200,"height":1200,"url":"https:\/\/www.maxima-dia.com\/wp-content\/uploads\/2017\/02\/caromax-id-700.jpg","type":"image\/jpeg"}],"twitter_card":"summary_large_image","twitter_site":"@Maximadia","twitter_misc":{"Dur\u00e9e de lecture estim\u00e9e":"2 minutes"},"schema":{"@context":"https:\/\/schema.org","@graph":[{"@type":"WebPage","@id":"https:\/\/www.maxima-dia.com\/fr\/machines-de-carottages-pour-le-batiment\/caromax-id-700\/","url":"https:\/\/www.maxima-dia.com\/fr\/machines-de-carottages-pour-le-batiment\/caromax-id-700\/","name":"Caromax Id 700 - Maxima SpA","isPartOf":{"@id":"https:\/\/www.maxima-dia.com\/fr\/#website"},"primaryImageOfPage":{"@id":"https:\/\/www.maxima-dia.com\/fr\/machines-de-carottages-pour-le-batiment\/caromax-id-700\/#primaryimage"},"image":{"@id":"https:\/\/www.maxima-dia.com\/fr\/machines-de-carottages-pour-le-batiment\/caromax-id-700\/#primaryimage"},"thumbnailUrl":"https:\/\/www.maxima-dia.com\/wp-content\/uploads\/2017\/02\/caromax-id-700.jpg","datePublished":"2017-03-13T08:44:57+00:00","dateModified":"2021-12-10T10:36:18+00:00","breadcrumb":{"@id":"https:\/\/www.maxima-dia.com\/fr\/machines-de-carottages-pour-le-batiment\/caromax-id-700\/#breadcrumb"},"inLanguage":"fr-FR","potentialAction":[{"@type":"ReadAction","target":["https:\/\/www.maxima-dia.com\/fr\/machines-de-carottages-pour-le-batiment\/caromax-id-700\/"]}]},{"@type":"ImageObject","inLanguage":"fr-FR","@id":"https:\/\/www.maxima-dia.com\/fr\/machines-de-carottages-pour-le-batiment\/caromax-id-700\/#primaryimage","url":"https:\/\/www.maxima-dia.com\/wp-content\/uploads\/2017\/02\/caromax-id-700.jpg","contentUrl":"https:\/\/www.maxima-dia.com\/wp-content\/uploads\/2017\/02\/caromax-id-700.jpg","width":1200,"height":1200},{"@type":"BreadcrumbList","@id":"https:\/\/www.maxima-dia.com\/fr\/machines-de-carottages-pour-le-batiment\/caromax-id-700\/#breadcrumb","itemListElement":[{"@type":"ListItem","position":1,"name":"Home","item":"https:\/\/www.maxima-dia.com\/fr\/"},{"@type":"ListItem","position":2,"name":"Machines de carottages pour le B\u00e2timent","item":"https:\/\/www.maxima-dia.com\/fr\/machines-de-carottages-pour-le-batiment\/"},{"@type":"ListItem","position":3,"name":"Caromax Id 700"}]},{"@type":"WebSite","@id":"https:\/\/www.maxima-dia.com\/fr\/#website","url":"https:\/\/www.maxima-dia.com\/fr\/","name":"Maxima SpA","description":"Only for the real professionals","potentialAction":[{"@type":"SearchAction","target":{"@type":"EntryPoint","urlTemplate":"https:\/\/www.maxima-dia.com\/fr\/?s={search_term_string}"},"query-input":{"@type":"PropertyValueSpecification","valueRequired":true,"valueName":"search_term_string"}}],"inLanguage":"fr-FR"}]}},"_links":{"self":[{"href":"https:\/\/www.maxima-dia.com\/fr\/wp-json\/wp\/v2\/pages\/15256"}],"collection":[{"href":"https:\/\/www.maxima-dia.com\/fr\/wp-json\/wp\/v2\/pages"}],"about":[{"href":"https:\/\/www.maxima-dia.com\/fr\/wp-json\/wp\/v2\/types\/page"}],"author":[{"embeddable":true,"href":"https:\/\/www.maxima-dia.com\/fr\/wp-json\/wp\/v2\/users\/29"}],"replies":[{"embeddable":true,"href":"https:\/\/www.maxima-dia.com\/fr\/wp-json\/wp\/v2\/comments?post=15256"}],"version-history":[{"count":0,"href":"https:\/\/www.maxima-dia.com\/fr\/wp-json\/wp\/v2\/pages\/15256\/revisions"}],"up":[{"embeddable":true,"href":"https:\/\/www.maxima-dia.com\/fr\/wp-json\/wp\/v2\/pages\/12465"}],"wp:featuredmedia":[{"embeddable":true,"href":"https:\/\/www.maxima-dia.com\/fr\/wp-json\/wp\/v2\/media\/24920"}],"wp:attachment":[{"href":"https:\/\/www.maxima-dia.com\/fr\/wp-json\/wp\/v2\/media?parent=15256"}],"curies":[{"name":"wp","href":"https:\/\/api.w.org\/{rel}","templated":true}]}}