{"id":18928,"date":"2018-10-17T12:11:55","date_gmt":"2018-10-17T10:11:55","guid":{"rendered":"https:\/\/www.maxima-dia.com\/?page_id=18928"},"modified":"2022-11-16T11:59:43","modified_gmt":"2022-11-16T10:59:43","slug":"blanc-cup","status":"publish","type":"page","link":"https:\/\/www.maxima-dia.com\/fr\/plateaux-de-poncage\/blanc-cup\/","title":{"rendered":"Blanc Cup"},"content":{"rendered":"<div class=\"wpb-content-wrapper\"><p>[vc_row][vc_column text_align=\u00a0\u00bbcenter\u00a0\u00bb width=\u00a0\u00bb1\/4&Prime;][vc_column_text]<a href=\"https:\/\/www.maxima-dia.com\/wp-content\/uploads\/2022\/11\/BIANCO_CUP-11-2022.jpg\"><img loading=\"lazy\" decoding=\"async\" class=\"alignnone size-thumbnail wp-image-35686\" src=\"https:\/\/www.maxima-dia.com\/wp-content\/uploads\/2022\/11\/BIANCO_CUP-11-2022-150x150.jpg\" alt=\"\" width=\"150\" height=\"150\" srcset=\"https:\/\/www.maxima-dia.com\/wp-content\/uploads\/2022\/11\/BIANCO_CUP-11-2022-150x150.jpg 150w, https:\/\/www.maxima-dia.com\/wp-content\/uploads\/2022\/11\/BIANCO_CUP-11-2022-300x300.jpg 300w, https:\/\/www.maxima-dia.com\/wp-content\/uploads\/2022\/11\/BIANCO_CUP-11-2022-1024x1024.jpg 1024w, https:\/\/www.maxima-dia.com\/wp-content\/uploads\/2022\/11\/BIANCO_CUP-11-2022-768x768.jpg 768w, https:\/\/www.maxima-dia.com\/wp-content\/uploads\/2022\/11\/BIANCO_CUP-11-2022-80x80.jpg 80w, https:\/\/www.maxima-dia.com\/wp-content\/uploads\/2022\/11\/BIANCO_CUP-11-2022-500x500.jpg 500w, https:\/\/www.maxima-dia.com\/wp-content\/uploads\/2022\/11\/BIANCO_CUP-11-2022-1000x1000.jpg 1000w, https:\/\/www.maxima-dia.com\/wp-content\/uploads\/2022\/11\/BIANCO_CUP-11-2022.jpg 1500w\" sizes=\"(max-width: 150px) 100vw, 150px\" \/><\/a>[\/vc_column_text][vc_column_text css_animation=\u00a0\u00bbslideInDown\u00a0\u00bb el_class=\u00a0\u00bbhidebuybutton\u00a0\u00bb]<a href=\"https:\/\/www.storemaxima.com\/fr\/plateaux-diamante-de-poncage\/243-blanc-cup.html\" target=\"_blank\" rel=\"noopener\"><img loading=\"lazy\" decoding=\"async\" class=\"alignnone\" title=\"Acheter sur www.storemaxima.com\" src=\"https:\/\/www.maxima-dia.com\/wp-content\/uploads\/2019\/12\/pulsante-acquista-storemaxima.com-fr.svg\" alt=\"Acheter sur www.storemaxima.com\" width=\"180\" height=\"80\"><\/a>[\/vc_column_text][vc_btn title=\u00a0\u00bbFiche du produit\u00a0\u00bb style=\u00a0\u00bboutline-custom\u00a0\u00bb outline_custom_color=\u00a0\u00bb#cc0000&Prime; outline_custom_hover_background=\u00a0\u00bb#910000&Prime; outline_custom_hover_text=\u00a0\u00bb#f7f7f7&Prime; align=\u00a0\u00bbcenter\u00a0\u00bb i_icon_fontawesome=\u00a0\u00bbfas fa-download\u00a0\u00bb add_icon=\u00a0\u00bbtrue\u00a0\u00bb css=\u00a0\u00bb.vc_custom_1639131932528{margin-top: 5px !important;margin-right: 5px !important;margin-bottom: 5px !important;margin-left: 5px !important;}\u00a0\u00bb link=\u00a0\u00bburl:%2Fdl.php%3Ffile_url%3Dhttps%3A%2F%2Fwww.maxima-dia.com%2Fwp-content%2Fuploads%2F2021%2F11%2FPLATEAUX-VERT-CUP-BLANC-CUP-JAUNE-CUP-FR.pdf\u00a0\u00bb][\/vc_column][vc_column width=\u00a0\u00bb3\/4&Prime;][vc_column_text]Les segments trap\u00e9zo\u00efdaux, la cannelure sur le sens de rotation et les trous en proximit\u00e9 des segments rendent le Plateau <strong>Blanc Cup<\/strong> un outil exceptionnellement fluide et agile, tout en gardant une excellente qualit\u00e9 abrasive. Les segments sont soud\u00e9s au laser. Il r\u00e9unit la finesse et la force dans une seule solution, s\u2019inscrivant dans une gamme moyenne tr\u00e8s appr\u00e9ci\u00e9e par qui ponce fr\u00e9quemment. Il est id\u00e9al pour les utilisations avec des meuleuses et des ponceuses manuelles, pour des utilisations universelles dans le domaine de la construction ou sp\u00e9cifiques dans le domaine de la pierre.<\/p>\n<table class=\"tabellatecnica\" style=\"width: 80%;\" border=\"0\" cellspacing=\"0\" cellpadding=\"0\">\n<thead>\n<tr>\n<td class=\"testata\" colspan=\"2\">TABLEAU TECHNIQUE<\/td>\n<\/tr>\n<\/thead>\n<tbody>\n<tr>\n<td class=\"prima\">B\u00e9ton durci \/ Briques \/ Tuiles<\/td>\n<td class=\"seconda\"><b class=\"txtred\">\u2605<\/b><b class=\"txtred\">\u2605<\/b><b class=\"txtred\">\u2605<\/b><b class=\"txtred\">\u2605<\/b><\/td>\n<\/tr>\n<tr>\n<td class=\"prima\">B\u00e9ton l\u00e9g\u00e8rement arm\u00e9<\/td>\n<td class=\"seconda\"><b class=\"txtred\">\u2605<\/b><b class=\"txtred\">\u2605<\/b><b class=\"txtred\">\u2605<\/b><\/td>\n<\/tr>\n<tr>\n<td class=\"prima\">B\u00e9ton fortement arm\u00e9<\/td>\n<td class=\"seconda\"><b class=\"txtred\">\u2605<\/b><\/td>\n<\/tr>\n<tr>\n<td class=\"prima\">Granits \/ Pierres naturelles \/ Porphyres<\/td>\n<td class=\"seconda\"><b class=\"txtred\">\u2605<\/b><b class=\"txtred\">\u2605<\/b><\/td>\n<\/tr>\n<tr>\n<td class=\"prima\">Marbres<\/td>\n<td class=\"seconda\"><b class=\"txtred\">\u2605<\/b><\/td>\n<\/tr>\n<tr>\n<td class=\"prima\">R\u00e9fractaires<\/td>\n<td class=\"seconda\"><b class=\"txtred\">\u2605<\/b><b class=\"txtred\">\u2605<\/b><\/td>\n<\/tr>\n<tr>\n<td class=\"prima\">Gr\u00e8s \/ Plaques de jard lav\u00e9<\/td>\n<td class=\"seconda\"><b class=\"txtred\">\u2605<\/b><b class=\"txtred\">\u2605<\/b><\/td>\n<\/tr>\n<tr>\n<td class=\"prima\">C\u00e9ramique double cuisson<\/td>\n<td class=\"seconda\">&nbsp;<\/td>\n<\/tr>\n<tr>\n<td class=\"prima\">C\u00e9ramique monocuisson<\/td>\n<td class=\"seconda\">&nbsp;<\/td>\n<\/tr>\n<tr>\n<td class=\"prima\">Gr\u00e8s porcelain\u00e9 \/ Clinker<\/td>\n<td class=\"seconda\">&nbsp;<\/td>\n<\/tr>\n<tr>\n<td class=\"prima\">Ciment frais<\/td>\n<td class=\"seconda\"><b class=\"txtred\">\u2605<\/b><\/td>\n<\/tr>\n<tr>\n<td class=\"prima\">Asphalte<\/td>\n<td class=\"seconda\">&nbsp;<\/td>\n<\/tr>\n<tr>\n<td class=\"intervallo\" colspan=\"2\">&nbsp;<\/td>\n<\/tr>\n<tr>\n<td class=\"prima\">Vitesse de coupe<\/td>\n<td class=\"seconda\"><b class=\"txtred\">\u2605<\/b><b class=\"txtred\">\u2605<\/b><b class=\"txtred\">\u2605<\/b><b class=\"txtred\">\u2605<\/b><\/td>\n<\/tr>\n<tr>\n<td class=\"prima\">Dur\u00e9e de vie moyenne<\/td>\n<td class=\"seconda\"><b class=\"txtred\">\u2605<\/b><b class=\"txtred\">\u2605<\/b><b class=\"txtred\">\u2605<\/b><\/td>\n<\/tr>\n<tr>\n<td class=\"legenda\" colspan=\"2\"><strong>passable<\/strong>&nbsp;<b class=\"txtred\">\u2605<\/b>&nbsp;<strong>moyen<\/strong>&nbsp;<b class=\"txtred\">\u2605<\/b><b class=\"txtred\">\u2605<\/b>&nbsp;<strong>bon<\/strong>&nbsp;<b class=\"txtred\">\u2605<\/b><b class=\"txtred\">\u2605<\/b><b class=\"txtred\">\u2605<\/b>&nbsp;<strong>excellent&nbsp;<\/strong><b class=\"txtred\">\u2605<\/b><b class=\"txtred\">\u2605<\/b><b class=\"txtred\">\u2605<\/b><b class=\"txtred\">\u2605<\/b>&nbsp;<strong>super<\/strong>&nbsp;<b class=\"txtred\">\u2605<\/b><b class=\"txtred\">\u2605<\/b><b class=\"txtred\">\u2605<\/b><b class=\"txtred\">\u2605<\/b><b class=\"txtred\">\u2605<\/b><\/td>\n<\/tr>\n<\/tbody>\n<\/table>\n<p>&nbsp;<\/p>\n<table class=\"tabellatecnica\" style=\"width: 80%;\" border=\"0\" cellspacing=\"0\" cellpadding=\"0\">\n<thead>\n<tr>\n<td class=\"testata\" colspan=\"2\">DIAM\u00c8TRES DISPONIBLES<\/td>\n<\/tr>\n<\/thead>\n<tbody>\n<tr>\n<td style=\"width: 50%;\"><img decoding=\"async\" class=\" wp-image-7009 alignleft\" src=\"\/wp-content\/uploads\/2013\/10\/s-taglio1.png\" alt=\"s-taglio1\" height=\"30\" srcset=\"https:\/\/www.maxima-dia.com\/wp-content\/uploads\/2013\/10\/s-taglio1.png 381w, https:\/\/www.maxima-dia.com\/wp-content\/uploads\/2013\/10\/s-taglio1-300x140.png 300w\" sizes=\"(max-width: 381px) 100vw, 381px\" \/>125-180<\/td>\n<td style=\"width: 50%;\"><img loading=\"lazy\" decoding=\"async\" class=\"alignleft wp-image-15716 size-full\" src=\"\/wp-content\/uploads\/2013\/11\/icon_levimax.png\" alt=\"\" width=\"42\" height=\"30\">125<\/td>\n<\/tr>\n<\/tbody>\n<\/table>\n<p>&nbsp;[\/vc_column_text][\/vc_column][\/vc_row]<\/p>\n<\/div>","protected":false},"excerpt":{"rendered":"<p>[vc_row][vc_column text_align=\u00a0\u00bbcenter\u00a0\u00bb width=\u00a0\u00bb1\/4&Prime;][vc_column_text][\/vc_column_text][vc_column_text css_animation=\u00a0\u00bbslideInDown\u00a0\u00bb el_class=\u00a0\u00bbhidebuybutton\u00a0\u00bb][\/vc_column_text][vc_btn title=\u00a0\u00bbFiche du produit\u00a0\u00bb style=\u00a0\u00bboutline-custom\u00a0\u00bb outline_custom_color=\u00a0\u00bb#cc0000&Prime; outline_custom_hover_background=\u00a0\u00bb#910000&Prime; outline_custom_hover_text=\u00a0\u00bb#f7f7f7&Prime; align=\u00a0\u00bbcenter\u00a0\u00bb i_icon_fontawesome=\u00a0\u00bbfas fa-download\u00a0\u00bb add_icon=\u00a0\u00bbtrue\u00a0\u00bb css=\u00a0\u00bb.vc_custom_1639131932528{margin-top: 5px !important;margin-right: 5px !important;margin-bottom: 5px !important;margin-left: 5px !important;}\u00a0\u00bb link=\u00a0\u00bburl:%2Fdl.php%3Ffile_url%3Dhttps%3A%2F%2Fwww.maxima-dia.com%2Fwp-content%2Fuploads%2F2021%2F11%2FPLATEAUX-VERT-CUP-BLANC-CUP-JAUNE-CUP-FR.pdf\u00a0\u00bb][\/vc_column][vc_column width=\u00a0\u00bb3\/4&Prime;][vc_column_text]Les segments trap\u00e9zo\u00efdaux, la cannelure sur le sens de rotation et les trous en proximit\u00e9 des segments rendent le Plateau Blanc Cup un outil exceptionnellement fluide et agile, tout en gardant une excellente qualit\u00e9 abrasive. Les segments sont soud\u00e9s au laser. Il r\u00e9unit la finesse et la force dans une seule solution, s\u2019inscrivant dans une gamme moyenne tr\u00e8s appr\u00e9ci\u00e9e par qui ponce fr\u00e9quemment. Il est id\u00e9al pour les utilisations avec des meuleuses et des ponceuses manuelles, pour des utilisations universelles dans le domaine de la construction ou sp\u00e9cifiques dans le domaine de la pierre. TABLEAU TECHNIQUE B\u00e9ton durci \/ Briques \/ Tuiles \u2605\u2605\u2605\u2605 B\u00e9ton l\u00e9g\u00e8rement arm\u00e9 \u2605\u2605\u2605 B\u00e9ton fortement arm\u00e9 \u2605 Granits \/ Pierres naturelles \/ Porphyres \u2605\u2605 Marbres \u2605 R\u00e9fractaires \u2605\u2605 Gr\u00e8s \/ Plaques de jard lav\u00e9 \u2605\u2605 C\u00e9ramique double cuisson &nbsp; C\u00e9ramique monocuisson &nbsp; Gr\u00e8s porcelain\u00e9 \/ Clinker &nbsp; Ciment frais \u2605 Asphalte &nbsp; &nbsp; Vitesse de coupe \u2605\u2605\u2605\u2605 Dur\u00e9e de vie moyenne \u2605\u2605\u2605 passable&nbsp;\u2605&nbsp;moyen&nbsp;\u2605\u2605&nbsp;bon&nbsp;\u2605\u2605\u2605&nbsp;excellent&nbsp;\u2605\u2605\u2605\u2605&nbsp;super&nbsp;\u2605\u2605\u2605\u2605\u2605 &nbsp; DIAM\u00c8TRES DISPONIBLES 125-180 125 &nbsp;[\/vc_column_text][\/vc_column][\/vc_row]<\/p>\n","protected":false},"author":29,"featured_media":35686,"parent":12575,"menu_order":8,"comment_status":"closed","ping_status":"closed","template":"","meta":{"ngg_post_thumbnail":0,"_joinchat":[],"footnotes":""},"class_list":["post-18928","page","type-page","status-publish","has-post-thumbnail","hentry"],"yoast_head":"<!-- This site is optimized with the Yoast SEO plugin v25.5 - https:\/\/yoast.com\/wordpress\/plugins\/seo\/ -->\n<title>Blanc Cup - Maxima SpA<\/title>\n<meta name=\"robots\" content=\"index, follow, max-snippet:-1, max-image-preview:large, max-video-preview:-1\" \/>\n<link rel=\"canonical\" href=\"https:\/\/www.maxima-dia.com\/fr\/plateaux-de-poncage\/blanc-cup\/\" \/>\n<meta property=\"og:locale\" content=\"fr_FR\" \/>\n<meta property=\"og:type\" content=\"article\" \/>\n<meta property=\"og:title\" content=\"Blanc Cup - Maxima SpA\" \/>\n<meta property=\"og:description\" content=\"[vc_row][vc_column text_align=\u00a0\u00bbcenter\u00a0\u00bb width=\u00a0\u00bb1\/4&Prime;][vc_column_text][\/vc_column_text][vc_column_text css_animation=\u00a0\u00bbslideInDown\u00a0\u00bb el_class=\u00a0\u00bbhidebuybutton\u00a0\u00bb][\/vc_column_text][vc_btn title=\u00a0\u00bbFiche du produit\u00a0\u00bb style=\u00a0\u00bboutline-custom\u00a0\u00bb outline_custom_color=\u00a0\u00bb#cc0000&Prime; outline_custom_hover_background=\u00a0\u00bb#910000&Prime; outline_custom_hover_text=\u00a0\u00bb#f7f7f7&Prime; align=\u00a0\u00bbcenter\u00a0\u00bb i_icon_fontawesome=\u00a0\u00bbfas fa-download\u00a0\u00bb add_icon=\u00a0\u00bbtrue\u00a0\u00bb css=\u00a0\u00bb.vc_custom_1639131932528{margin-top: 5px !important;margin-right: 5px !important;margin-bottom: 5px !important;margin-left: 5px !important;}\u00a0\u00bb link=\u00a0\u00bburl:%2Fdl.php%3Ffile_url%3Dhttps%3A%2F%2Fwww.maxima-dia.com%2Fwp-content%2Fuploads%2F2021%2F11%2FPLATEAUX-VERT-CUP-BLANC-CUP-JAUNE-CUP-FR.pdf\u00a0\u00bb][\/vc_column][vc_column width=\u00a0\u00bb3\/4&Prime;][vc_column_text]Les segments trap\u00e9zo\u00efdaux, la cannelure sur le sens de rotation et les trous en proximit\u00e9 des segments rendent le Plateau Blanc Cup un outil exceptionnellement fluide et agile, tout en gardant une excellente qualit\u00e9 abrasive. Les segments sont soud\u00e9s au laser. Il r\u00e9unit la finesse et la force dans une seule solution, s\u2019inscrivant dans une gamme moyenne tr\u00e8s appr\u00e9ci\u00e9e par qui ponce fr\u00e9quemment. Il est id\u00e9al pour les utilisations avec des meuleuses et des ponceuses manuelles, pour des utilisations universelles dans le domaine de la construction ou sp\u00e9cifiques dans le domaine de la pierre. TABLEAU TECHNIQUE B\u00e9ton durci \/ Briques \/ Tuiles \u2605\u2605\u2605\u2605 B\u00e9ton l\u00e9g\u00e8rement arm\u00e9 \u2605\u2605\u2605 B\u00e9ton fortement arm\u00e9 \u2605 Granits \/ Pierres naturelles \/ Porphyres \u2605\u2605 Marbres \u2605 R\u00e9fractaires \u2605\u2605 Gr\u00e8s \/ Plaques de jard lav\u00e9 \u2605\u2605 C\u00e9ramique double cuisson &nbsp; C\u00e9ramique monocuisson &nbsp; Gr\u00e8s porcelain\u00e9 \/ Clinker &nbsp; Ciment frais \u2605 Asphalte &nbsp; &nbsp; Vitesse de coupe \u2605\u2605\u2605\u2605 Dur\u00e9e de vie moyenne \u2605\u2605\u2605 passable&nbsp;\u2605&nbsp;moyen&nbsp;\u2605\u2605&nbsp;bon&nbsp;\u2605\u2605\u2605&nbsp;excellent&nbsp;\u2605\u2605\u2605\u2605&nbsp;super&nbsp;\u2605\u2605\u2605\u2605\u2605 &nbsp; DIAM\u00c8TRES DISPONIBLES 125-180 125 &nbsp;[\/vc_column_text][\/vc_column][\/vc_row]\" \/>\n<meta property=\"og:url\" content=\"https:\/\/www.maxima-dia.com\/fr\/plateaux-de-poncage\/blanc-cup\/\" \/>\n<meta property=\"og:site_name\" content=\"Maxima SpA\" \/>\n<meta property=\"article:publisher\" content=\"https:\/\/www.facebook.com\/Maxima-spa-106098566139597\" \/>\n<meta property=\"article:modified_time\" content=\"2022-11-16T10:59:43+00:00\" \/>\n<meta property=\"og:image\" content=\"https:\/\/www.maxima-dia.com\/wp-content\/uploads\/2022\/11\/BIANCO_CUP-11-2022.jpg\" \/>\n\t<meta property=\"og:image:width\" content=\"1500\" \/>\n\t<meta property=\"og:image:height\" content=\"1500\" \/>\n\t<meta property=\"og:image:type\" content=\"image\/jpeg\" \/>\n<meta name=\"twitter:card\" content=\"summary_large_image\" \/>\n<meta name=\"twitter:site\" content=\"@Maximadia\" \/>\n<meta name=\"twitter:label1\" content=\"Dur\u00e9e de lecture estim\u00e9e\" \/>\n\t<meta name=\"twitter:data1\" content=\"10 minutes\" \/>\n<script type=\"application\/ld+json\" class=\"yoast-schema-graph\">{\"@context\":\"https:\/\/schema.org\",\"@graph\":[{\"@type\":\"WebPage\",\"@id\":\"https:\/\/www.maxima-dia.com\/fr\/plateaux-de-poncage\/blanc-cup\/\",\"url\":\"https:\/\/www.maxima-dia.com\/fr\/plateaux-de-poncage\/blanc-cup\/\",\"name\":\"Blanc Cup - Maxima SpA\",\"isPartOf\":{\"@id\":\"https:\/\/www.maxima-dia.com\/fr\/#website\"},\"primaryImageOfPage\":{\"@id\":\"https:\/\/www.maxima-dia.com\/fr\/plateaux-de-poncage\/blanc-cup\/#primaryimage\"},\"image\":{\"@id\":\"https:\/\/www.maxima-dia.com\/fr\/plateaux-de-poncage\/blanc-cup\/#primaryimage\"},\"thumbnailUrl\":\"https:\/\/www.maxima-dia.com\/wp-content\/uploads\/2022\/11\/BIANCO_CUP-11-2022.jpg\",\"datePublished\":\"2018-10-17T10:11:55+00:00\",\"dateModified\":\"2022-11-16T10:59:43+00:00\",\"breadcrumb\":{\"@id\":\"https:\/\/www.maxima-dia.com\/fr\/plateaux-de-poncage\/blanc-cup\/#breadcrumb\"},\"inLanguage\":\"fr-FR\",\"potentialAction\":[{\"@type\":\"ReadAction\",\"target\":[\"https:\/\/www.maxima-dia.com\/fr\/plateaux-de-poncage\/blanc-cup\/\"]}]},{\"@type\":\"ImageObject\",\"inLanguage\":\"fr-FR\",\"@id\":\"https:\/\/www.maxima-dia.com\/fr\/plateaux-de-poncage\/blanc-cup\/#primaryimage\",\"url\":\"https:\/\/www.maxima-dia.com\/wp-content\/uploads\/2022\/11\/BIANCO_CUP-11-2022.jpg\",\"contentUrl\":\"https:\/\/www.maxima-dia.com\/wp-content\/uploads\/2022\/11\/BIANCO_CUP-11-2022.jpg\",\"width\":1500,\"height\":1500},{\"@type\":\"BreadcrumbList\",\"@id\":\"https:\/\/www.maxima-dia.com\/fr\/plateaux-de-poncage\/blanc-cup\/#breadcrumb\",\"itemListElement\":[{\"@type\":\"ListItem\",\"position\":1,\"name\":\"Home\",\"item\":\"https:\/\/www.maxima-dia.com\/fr\/\"},{\"@type\":\"ListItem\",\"position\":2,\"name\":\"Plateaux de Pon\u00e7age\",\"item\":\"https:\/\/www.maxima-dia.com\/fr\/plateaux-de-poncage\/\"},{\"@type\":\"ListItem\",\"position\":3,\"name\":\"Blanc Cup\"}]},{\"@type\":\"WebSite\",\"@id\":\"https:\/\/www.maxima-dia.com\/fr\/#website\",\"url\":\"https:\/\/www.maxima-dia.com\/fr\/\",\"name\":\"Maxima SpA\",\"description\":\"Only for the real professionals\",\"potentialAction\":[{\"@type\":\"SearchAction\",\"target\":{\"@type\":\"EntryPoint\",\"urlTemplate\":\"https:\/\/www.maxima-dia.com\/fr\/?s={search_term_string}\"},\"query-input\":{\"@type\":\"PropertyValueSpecification\",\"valueRequired\":true,\"valueName\":\"search_term_string\"}}],\"inLanguage\":\"fr-FR\"}]}<\/script>\n<!-- \/ Yoast SEO plugin. -->","yoast_head_json":{"title":"Blanc Cup - Maxima SpA","robots":{"index":"index","follow":"follow","max-snippet":"max-snippet:-1","max-image-preview":"max-image-preview:large","max-video-preview":"max-video-preview:-1"},"canonical":"https:\/\/www.maxima-dia.com\/fr\/plateaux-de-poncage\/blanc-cup\/","og_locale":"fr_FR","og_type":"article","og_title":"Blanc Cup - Maxima SpA","og_description":"[vc_row][vc_column text_align=\u00a0\u00bbcenter\u00a0\u00bb width=\u00a0\u00bb1\/4&Prime;][vc_column_text][\/vc_column_text][vc_column_text css_animation=\u00a0\u00bbslideInDown\u00a0\u00bb el_class=\u00a0\u00bbhidebuybutton\u00a0\u00bb][\/vc_column_text][vc_btn title=\u00a0\u00bbFiche du produit\u00a0\u00bb style=\u00a0\u00bboutline-custom\u00a0\u00bb outline_custom_color=\u00a0\u00bb#cc0000&Prime; outline_custom_hover_background=\u00a0\u00bb#910000&Prime; outline_custom_hover_text=\u00a0\u00bb#f7f7f7&Prime; align=\u00a0\u00bbcenter\u00a0\u00bb i_icon_fontawesome=\u00a0\u00bbfas fa-download\u00a0\u00bb add_icon=\u00a0\u00bbtrue\u00a0\u00bb css=\u00a0\u00bb.vc_custom_1639131932528{margin-top: 5px !important;margin-right: 5px !important;margin-bottom: 5px !important;margin-left: 5px !important;}\u00a0\u00bb link=\u00a0\u00bburl:%2Fdl.php%3Ffile_url%3Dhttps%3A%2F%2Fwww.maxima-dia.com%2Fwp-content%2Fuploads%2F2021%2F11%2FPLATEAUX-VERT-CUP-BLANC-CUP-JAUNE-CUP-FR.pdf\u00a0\u00bb][\/vc_column][vc_column width=\u00a0\u00bb3\/4&Prime;][vc_column_text]Les segments trap\u00e9zo\u00efdaux, la cannelure sur le sens de rotation et les trous en proximit\u00e9 des segments rendent le Plateau Blanc Cup un outil exceptionnellement fluide et agile, tout en gardant une excellente qualit\u00e9 abrasive. Les segments sont soud\u00e9s au laser. Il r\u00e9unit la finesse et la force dans une seule solution, s\u2019inscrivant dans une gamme moyenne tr\u00e8s appr\u00e9ci\u00e9e par qui ponce fr\u00e9quemment. Il est id\u00e9al pour les utilisations avec des meuleuses et des ponceuses manuelles, pour des utilisations universelles dans le domaine de la construction ou sp\u00e9cifiques dans le domaine de la pierre. TABLEAU TECHNIQUE B\u00e9ton durci \/ Briques \/ Tuiles \u2605\u2605\u2605\u2605 B\u00e9ton l\u00e9g\u00e8rement arm\u00e9 \u2605\u2605\u2605 B\u00e9ton fortement arm\u00e9 \u2605 Granits \/ Pierres naturelles \/ Porphyres \u2605\u2605 Marbres \u2605 R\u00e9fractaires \u2605\u2605 Gr\u00e8s \/ Plaques de jard lav\u00e9 \u2605\u2605 C\u00e9ramique double cuisson &nbsp; C\u00e9ramique monocuisson &nbsp; Gr\u00e8s porcelain\u00e9 \/ Clinker &nbsp; Ciment frais \u2605 Asphalte &nbsp; &nbsp; Vitesse de coupe \u2605\u2605\u2605\u2605 Dur\u00e9e de vie moyenne \u2605\u2605\u2605 passable&nbsp;\u2605&nbsp;moyen&nbsp;\u2605\u2605&nbsp;bon&nbsp;\u2605\u2605\u2605&nbsp;excellent&nbsp;\u2605\u2605\u2605\u2605&nbsp;super&nbsp;\u2605\u2605\u2605\u2605\u2605 &nbsp; DIAM\u00c8TRES DISPONIBLES 125-180 125 &nbsp;[\/vc_column_text][\/vc_column][\/vc_row]","og_url":"https:\/\/www.maxima-dia.com\/fr\/plateaux-de-poncage\/blanc-cup\/","og_site_name":"Maxima SpA","article_publisher":"https:\/\/www.facebook.com\/Maxima-spa-106098566139597","article_modified_time":"2022-11-16T10:59:43+00:00","og_image":[{"width":1500,"height":1500,"url":"https:\/\/www.maxima-dia.com\/wp-content\/uploads\/2022\/11\/BIANCO_CUP-11-2022.jpg","type":"image\/jpeg"}],"twitter_card":"summary_large_image","twitter_site":"@Maximadia","twitter_misc":{"Dur\u00e9e de lecture estim\u00e9e":"10 minutes"},"schema":{"@context":"https:\/\/schema.org","@graph":[{"@type":"WebPage","@id":"https:\/\/www.maxima-dia.com\/fr\/plateaux-de-poncage\/blanc-cup\/","url":"https:\/\/www.maxima-dia.com\/fr\/plateaux-de-poncage\/blanc-cup\/","name":"Blanc Cup - Maxima SpA","isPartOf":{"@id":"https:\/\/www.maxima-dia.com\/fr\/#website"},"primaryImageOfPage":{"@id":"https:\/\/www.maxima-dia.com\/fr\/plateaux-de-poncage\/blanc-cup\/#primaryimage"},"image":{"@id":"https:\/\/www.maxima-dia.com\/fr\/plateaux-de-poncage\/blanc-cup\/#primaryimage"},"thumbnailUrl":"https:\/\/www.maxima-dia.com\/wp-content\/uploads\/2022\/11\/BIANCO_CUP-11-2022.jpg","datePublished":"2018-10-17T10:11:55+00:00","dateModified":"2022-11-16T10:59:43+00:00","breadcrumb":{"@id":"https:\/\/www.maxima-dia.com\/fr\/plateaux-de-poncage\/blanc-cup\/#breadcrumb"},"inLanguage":"fr-FR","potentialAction":[{"@type":"ReadAction","target":["https:\/\/www.maxima-dia.com\/fr\/plateaux-de-poncage\/blanc-cup\/"]}]},{"@type":"ImageObject","inLanguage":"fr-FR","@id":"https:\/\/www.maxima-dia.com\/fr\/plateaux-de-poncage\/blanc-cup\/#primaryimage","url":"https:\/\/www.maxima-dia.com\/wp-content\/uploads\/2022\/11\/BIANCO_CUP-11-2022.jpg","contentUrl":"https:\/\/www.maxima-dia.com\/wp-content\/uploads\/2022\/11\/BIANCO_CUP-11-2022.jpg","width":1500,"height":1500},{"@type":"BreadcrumbList","@id":"https:\/\/www.maxima-dia.com\/fr\/plateaux-de-poncage\/blanc-cup\/#breadcrumb","itemListElement":[{"@type":"ListItem","position":1,"name":"Home","item":"https:\/\/www.maxima-dia.com\/fr\/"},{"@type":"ListItem","position":2,"name":"Plateaux de Pon\u00e7age","item":"https:\/\/www.maxima-dia.com\/fr\/plateaux-de-poncage\/"},{"@type":"ListItem","position":3,"name":"Blanc Cup"}]},{"@type":"WebSite","@id":"https:\/\/www.maxima-dia.com\/fr\/#website","url":"https:\/\/www.maxima-dia.com\/fr\/","name":"Maxima SpA","description":"Only for the real professionals","potentialAction":[{"@type":"SearchAction","target":{"@type":"EntryPoint","urlTemplate":"https:\/\/www.maxima-dia.com\/fr\/?s={search_term_string}"},"query-input":{"@type":"PropertyValueSpecification","valueRequired":true,"valueName":"search_term_string"}}],"inLanguage":"fr-FR"}]}},"_links":{"self":[{"href":"https:\/\/www.maxima-dia.com\/fr\/wp-json\/wp\/v2\/pages\/18928"}],"collection":[{"href":"https:\/\/www.maxima-dia.com\/fr\/wp-json\/wp\/v2\/pages"}],"about":[{"href":"https:\/\/www.maxima-dia.com\/fr\/wp-json\/wp\/v2\/types\/page"}],"author":[{"embeddable":true,"href":"https:\/\/www.maxima-dia.com\/fr\/wp-json\/wp\/v2\/users\/29"}],"replies":[{"embeddable":true,"href":"https:\/\/www.maxima-dia.com\/fr\/wp-json\/wp\/v2\/comments?post=18928"}],"version-history":[{"count":2,"href":"https:\/\/www.maxima-dia.com\/fr\/wp-json\/wp\/v2\/pages\/18928\/revisions"}],"predecessor-version":[{"id":35746,"href":"https:\/\/www.maxima-dia.com\/fr\/wp-json\/wp\/v2\/pages\/18928\/revisions\/35746"}],"up":[{"embeddable":true,"href":"https:\/\/www.maxima-dia.com\/fr\/wp-json\/wp\/v2\/pages\/12575"}],"wp:featuredmedia":[{"embeddable":true,"href":"https:\/\/www.maxima-dia.com\/fr\/wp-json\/wp\/v2\/media\/35686"}],"wp:attachment":[{"href":"https:\/\/www.maxima-dia.com\/fr\/wp-json\/wp\/v2\/media?parent=18928"}],"curies":[{"name":"wp","href":"https:\/\/api.w.org\/{rel}","templated":true}]}}