{"id":19026,"date":"2018-10-22T10:32:13","date_gmt":"2018-10-22T08:32:13","guid":{"rendered":"https:\/\/www.maxima-dia.com\/?page_id=19026"},"modified":"2019-08-07T11:34:33","modified_gmt":"2019-08-07T09:34:33","slug":"machine-a-poncer-pour-la-construction","status":"publish","type":"page","link":"https:\/\/www.maxima-dia.com\/fr\/machine-a-poncer-pour-la-construction\/","title":{"rendered":"Machine \u00e0 poncer pour la construction"},"content":{"rendered":"<div class=\"wpb-content-wrapper\"><p>[vc_row bottom_padding=\u00a0\u00bb50&Prime;][vc_column width=\u00a0\u00bb1\/1&Prime;][vc_column_text]Cette section pr\u00e9sente toutes les machines&nbsp;\u00e0 poncer de construction, avec les outils diamant\u00e9s de la gamme Maxima, Levimax et Aspiramax, qui compl\u00e8tent l\u2019offre des d\u00e9taillants proposant ou louant des \u00e9quipements pour les entreprises de construction. Tous les \u00e9quipements propos\u00e9s sont fabriqu\u00e9s dans l\u2019Union Europ\u00e9enne et s\u2019accompagnent&nbsp;<img loading=\"lazy\" decoding=\"async\" class=\"wp-image-6471\" src=\"\/wp-content\/uploads\/2011\/09\/eu_flag.png\" alt=\"\" width=\"18\" height=\"15\">, d\u2019une certification CE.[\/vc_column_text][\/vc_column][\/vc_row][vc_row][vc_column width=\u00a0\u00bb1\/1&Prime;][vc_basic_grid post_type=\u00a0\u00bbcustom\u00a0\u00bb element_width=\u00a0\u00bb3&Prime; gap=\u00a0\u00bb10&Prime; item=\u00a0\u00bb15386&Prime; initial_loading_animation=\u00a0\u00bbnone\u00a0\u00bb grid_id=\u00a0\u00bbvc_gid:1540204269436-1e7adc72-2e14-1&Prime; custom_query=\u00a0\u00bbpost_type=page&amp;post_parent=19026&amp;sort_column=menu_order&amp;orderby=menu_order&amp;order=ASC&amp;post_status=publish&amp;posts_per_page=100&Prime;][\/vc_column][\/vc_row]<\/p>\n<\/div>","protected":false},"excerpt":{"rendered":"<p>[vc_row bottom_padding=\u00a0\u00bb50&Prime;][vc_column width=\u00a0\u00bb1\/1&Prime;][vc_column_text]Cette section pr\u00e9sente toutes les machines&nbsp;\u00e0 poncer de construction, avec les outils diamant\u00e9s de la gamme Maxima, Levimax et Aspiramax, qui compl\u00e8tent l\u2019offre des d\u00e9taillants proposant ou louant des \u00e9quipements pour les entreprises de construction. Tous les \u00e9quipements propos\u00e9s sont fabriqu\u00e9s dans l\u2019Union Europ\u00e9enne et s\u2019accompagnent&nbsp;, d\u2019une certification CE.[\/vc_column_text][\/vc_column][\/vc_row][vc_row][vc_column width=\u00a0\u00bb1\/1&Prime;][vc_basic_grid post_type=\u00a0\u00bbcustom\u00a0\u00bb element_width=\u00a0\u00bb3&Prime; gap=\u00a0\u00bb10&Prime; item=\u00a0\u00bb15386&Prime; initial_loading_animation=\u00a0\u00bbnone\u00a0\u00bb grid_id=\u00a0\u00bbvc_gid:1540204269436-1e7adc72-2e14-1&Prime; custom_query=\u00a0\u00bbpost_type=page&amp;post_parent=19026&amp;sort_column=menu_order&amp;orderby=menu_order&amp;order=ASC&amp;post_status=publish&amp;posts_per_page=100&Prime;][\/vc_column][\/vc_row]<\/p>\n","protected":false},"author":29,"featured_media":0,"parent":0,"menu_order":272,"comment_status":"closed","ping_status":"closed","template":"","meta":{"ngg_post_thumbnail":0,"_joinchat":[],"footnotes":""},"class_list":["post-19026","page","type-page","status-publish","hentry"],"yoast_head":"<!-- This site is optimized with the Yoast SEO plugin v25.5 - https:\/\/yoast.com\/wordpress\/plugins\/seo\/ -->\n<title>Machine \u00e0 poncer pour la construction - Maxima SpA<\/title>\n<meta name=\"robots\" content=\"index, follow, max-snippet:-1, max-image-preview:large, max-video-preview:-1\" \/>\n<link rel=\"canonical\" href=\"https:\/\/www.maxima-dia.com\/fr\/machine-a-poncer-pour-la-construction\/\" \/>\n<meta property=\"og:locale\" content=\"fr_FR\" \/>\n<meta property=\"og:type\" content=\"article\" \/>\n<meta property=\"og:title\" content=\"Machine \u00e0 poncer pour la construction - Maxima SpA\" \/>\n<meta property=\"og:description\" content=\"[vc_row bottom_padding=\u00a0\u00bb50&Prime;][vc_column width=\u00a0\u00bb1\/1&Prime;][vc_column_text]Cette section pr\u00e9sente toutes les machines&nbsp;\u00e0 poncer de construction, avec les outils diamant\u00e9s de la gamme Maxima, Levimax et Aspiramax, qui compl\u00e8tent l\u2019offre des d\u00e9taillants proposant ou louant des \u00e9quipements pour les entreprises de construction. Tous les \u00e9quipements propos\u00e9s sont fabriqu\u00e9s dans l\u2019Union Europ\u00e9enne et s\u2019accompagnent&nbsp;, d\u2019une certification CE.[\/vc_column_text][\/vc_column][\/vc_row][vc_row][vc_column width=\u00a0\u00bb1\/1&Prime;][vc_basic_grid post_type=\u00a0\u00bbcustom\u00a0\u00bb element_width=\u00a0\u00bb3&Prime; gap=\u00a0\u00bb10&Prime; item=\u00a0\u00bb15386&Prime; initial_loading_animation=\u00a0\u00bbnone\u00a0\u00bb grid_id=\u00a0\u00bbvc_gid:1540204269436-1e7adc72-2e14-1&Prime; custom_query=\u00a0\u00bbpost_type=page&amp;post_parent=19026&amp;sort_column=menu_order&amp;orderby=menu_order&amp;order=ASC&amp;post_status=publish&amp;posts_per_page=100&Prime;][\/vc_column][\/vc_row]\" \/>\n<meta property=\"og:url\" content=\"https:\/\/www.maxima-dia.com\/fr\/machine-a-poncer-pour-la-construction\/\" \/>\n<meta property=\"og:site_name\" content=\"Maxima SpA\" \/>\n<meta property=\"article:publisher\" content=\"https:\/\/www.facebook.com\/Maxima-spa-106098566139597\" \/>\n<meta property=\"article:modified_time\" content=\"2019-08-07T09:34:33+00:00\" \/>\n<meta property=\"og:image\" content=\"https:\/\/www.maxima-dia.com\/wp-content\/uploads\/2011\/09\/eu_flag.png\" \/>\n<meta name=\"twitter:card\" content=\"summary_large_image\" \/>\n<meta name=\"twitter:site\" content=\"@Maximadia\" \/>\n<meta name=\"twitter:label1\" content=\"Dur\u00e9e de lecture estim\u00e9e\" \/>\n\t<meta name=\"twitter:data1\" content=\"1 minute\" \/>\n<script type=\"application\/ld+json\" class=\"yoast-schema-graph\">{\"@context\":\"https:\/\/schema.org\",\"@graph\":[{\"@type\":\"WebPage\",\"@id\":\"https:\/\/www.maxima-dia.com\/fr\/machine-a-poncer-pour-la-construction\/\",\"url\":\"https:\/\/www.maxima-dia.com\/fr\/machine-a-poncer-pour-la-construction\/\",\"name\":\"Machine \u00e0 poncer pour la construction - Maxima SpA\",\"isPartOf\":{\"@id\":\"https:\/\/www.maxima-dia.com\/fr\/#website\"},\"datePublished\":\"2018-10-22T08:32:13+00:00\",\"dateModified\":\"2019-08-07T09:34:33+00:00\",\"breadcrumb\":{\"@id\":\"https:\/\/www.maxima-dia.com\/fr\/machine-a-poncer-pour-la-construction\/#breadcrumb\"},\"inLanguage\":\"fr-FR\",\"potentialAction\":[{\"@type\":\"ReadAction\",\"target\":[\"https:\/\/www.maxima-dia.com\/fr\/machine-a-poncer-pour-la-construction\/\"]}]},{\"@type\":\"BreadcrumbList\",\"@id\":\"https:\/\/www.maxima-dia.com\/fr\/machine-a-poncer-pour-la-construction\/#breadcrumb\",\"itemListElement\":[{\"@type\":\"ListItem\",\"position\":1,\"name\":\"Home\",\"item\":\"https:\/\/www.maxima-dia.com\/fr\/\"},{\"@type\":\"ListItem\",\"position\":2,\"name\":\"Machine \u00e0 poncer pour la construction\"}]},{\"@type\":\"WebSite\",\"@id\":\"https:\/\/www.maxima-dia.com\/fr\/#website\",\"url\":\"https:\/\/www.maxima-dia.com\/fr\/\",\"name\":\"Maxima SpA\",\"description\":\"Only for the real professionals\",\"potentialAction\":[{\"@type\":\"SearchAction\",\"target\":{\"@type\":\"EntryPoint\",\"urlTemplate\":\"https:\/\/www.maxima-dia.com\/fr\/?s={search_term_string}\"},\"query-input\":{\"@type\":\"PropertyValueSpecification\",\"valueRequired\":true,\"valueName\":\"search_term_string\"}}],\"inLanguage\":\"fr-FR\"}]}<\/script>\n<!-- \/ Yoast SEO plugin. -->","yoast_head_json":{"title":"Machine \u00e0 poncer pour la construction - Maxima SpA","robots":{"index":"index","follow":"follow","max-snippet":"max-snippet:-1","max-image-preview":"max-image-preview:large","max-video-preview":"max-video-preview:-1"},"canonical":"https:\/\/www.maxima-dia.com\/fr\/machine-a-poncer-pour-la-construction\/","og_locale":"fr_FR","og_type":"article","og_title":"Machine \u00e0 poncer pour la construction - Maxima SpA","og_description":"[vc_row bottom_padding=\u00a0\u00bb50&Prime;][vc_column width=\u00a0\u00bb1\/1&Prime;][vc_column_text]Cette section pr\u00e9sente toutes les machines&nbsp;\u00e0 poncer de construction, avec les outils diamant\u00e9s de la gamme Maxima, Levimax et Aspiramax, qui compl\u00e8tent l\u2019offre des d\u00e9taillants proposant ou louant des \u00e9quipements pour les entreprises de construction. Tous les \u00e9quipements propos\u00e9s sont fabriqu\u00e9s dans l\u2019Union Europ\u00e9enne et s\u2019accompagnent&nbsp;, d\u2019une certification CE.[\/vc_column_text][\/vc_column][\/vc_row][vc_row][vc_column width=\u00a0\u00bb1\/1&Prime;][vc_basic_grid post_type=\u00a0\u00bbcustom\u00a0\u00bb element_width=\u00a0\u00bb3&Prime; gap=\u00a0\u00bb10&Prime; item=\u00a0\u00bb15386&Prime; initial_loading_animation=\u00a0\u00bbnone\u00a0\u00bb grid_id=\u00a0\u00bbvc_gid:1540204269436-1e7adc72-2e14-1&Prime; custom_query=\u00a0\u00bbpost_type=page&amp;post_parent=19026&amp;sort_column=menu_order&amp;orderby=menu_order&amp;order=ASC&amp;post_status=publish&amp;posts_per_page=100&Prime;][\/vc_column][\/vc_row]","og_url":"https:\/\/www.maxima-dia.com\/fr\/machine-a-poncer-pour-la-construction\/","og_site_name":"Maxima SpA","article_publisher":"https:\/\/www.facebook.com\/Maxima-spa-106098566139597","article_modified_time":"2019-08-07T09:34:33+00:00","og_image":[{"url":"https:\/\/www.maxima-dia.com\/wp-content\/uploads\/2011\/09\/eu_flag.png","type":"","width":"","height":""}],"twitter_card":"summary_large_image","twitter_site":"@Maximadia","twitter_misc":{"Dur\u00e9e de lecture estim\u00e9e":"1 minute"},"schema":{"@context":"https:\/\/schema.org","@graph":[{"@type":"WebPage","@id":"https:\/\/www.maxima-dia.com\/fr\/machine-a-poncer-pour-la-construction\/","url":"https:\/\/www.maxima-dia.com\/fr\/machine-a-poncer-pour-la-construction\/","name":"Machine \u00e0 poncer pour la construction - Maxima SpA","isPartOf":{"@id":"https:\/\/www.maxima-dia.com\/fr\/#website"},"datePublished":"2018-10-22T08:32:13+00:00","dateModified":"2019-08-07T09:34:33+00:00","breadcrumb":{"@id":"https:\/\/www.maxima-dia.com\/fr\/machine-a-poncer-pour-la-construction\/#breadcrumb"},"inLanguage":"fr-FR","potentialAction":[{"@type":"ReadAction","target":["https:\/\/www.maxima-dia.com\/fr\/machine-a-poncer-pour-la-construction\/"]}]},{"@type":"BreadcrumbList","@id":"https:\/\/www.maxima-dia.com\/fr\/machine-a-poncer-pour-la-construction\/#breadcrumb","itemListElement":[{"@type":"ListItem","position":1,"name":"Home","item":"https:\/\/www.maxima-dia.com\/fr\/"},{"@type":"ListItem","position":2,"name":"Machine \u00e0 poncer pour la construction"}]},{"@type":"WebSite","@id":"https:\/\/www.maxima-dia.com\/fr\/#website","url":"https:\/\/www.maxima-dia.com\/fr\/","name":"Maxima SpA","description":"Only for the real professionals","potentialAction":[{"@type":"SearchAction","target":{"@type":"EntryPoint","urlTemplate":"https:\/\/www.maxima-dia.com\/fr\/?s={search_term_string}"},"query-input":{"@type":"PropertyValueSpecification","valueRequired":true,"valueName":"search_term_string"}}],"inLanguage":"fr-FR"}]}},"_links":{"self":[{"href":"https:\/\/www.maxima-dia.com\/fr\/wp-json\/wp\/v2\/pages\/19026"}],"collection":[{"href":"https:\/\/www.maxima-dia.com\/fr\/wp-json\/wp\/v2\/pages"}],"about":[{"href":"https:\/\/www.maxima-dia.com\/fr\/wp-json\/wp\/v2\/types\/page"}],"author":[{"embeddable":true,"href":"https:\/\/www.maxima-dia.com\/fr\/wp-json\/wp\/v2\/users\/29"}],"replies":[{"embeddable":true,"href":"https:\/\/www.maxima-dia.com\/fr\/wp-json\/wp\/v2\/comments?post=19026"}],"version-history":[{"count":0,"href":"https:\/\/www.maxima-dia.com\/fr\/wp-json\/wp\/v2\/pages\/19026\/revisions"}],"wp:attachment":[{"href":"https:\/\/www.maxima-dia.com\/fr\/wp-json\/wp\/v2\/media?parent=19026"}],"curies":[{"name":"wp","href":"https:\/\/api.w.org\/{rel}","templated":true}]}}