{"id":19122,"date":"2018-10-23T09:51:01","date_gmt":"2018-10-23T07:51:01","guid":{"rendered":"https:\/\/www.maxima-dia.com\/?page_id=19122"},"modified":"2021-12-10T09:45:53","modified_gmt":"2021-12-10T08:45:53","slug":"aspiramax-600","status":"publish","type":"page","link":"https:\/\/www.maxima-dia.com\/fr\/machine-a-poncer-pour-la-construction\/aspiramax-600\/","title":{"rendered":"Aspiramax 600"},"content":{"rendered":"<div class=\"wpb-content-wrapper\"><p>[vc_row][vc_column text_align=\u00a0\u00bbcenter\u00a0\u00bb width=\u00a0\u00bb1\/4&Prime;][vc_column_text]<a href=\"https:\/\/www.maxima-dia.com\/wp-content\/uploads\/2018\/10\/ASPIRAMAX-600-catalogo-01.jpg\"><img loading=\"lazy\" decoding=\"async\" class=\"alignnone wp-image-18589 size-thumbnail\" src=\"https:\/\/www.maxima-dia.com\/wp-content\/uploads\/2018\/10\/ASPIRAMAX-600-catalogo-01-150x150.jpg\" alt=\"\" width=\"150\" height=\"150\" srcset=\"https:\/\/www.maxima-dia.com\/wp-content\/uploads\/2018\/10\/ASPIRAMAX-600-catalogo-01-150x150.jpg 150w, https:\/\/www.maxima-dia.com\/wp-content\/uploads\/2018\/10\/ASPIRAMAX-600-catalogo-01-300x300.jpg 300w, https:\/\/www.maxima-dia.com\/wp-content\/uploads\/2018\/10\/ASPIRAMAX-600-catalogo-01-768x768.jpg 768w, https:\/\/www.maxima-dia.com\/wp-content\/uploads\/2018\/10\/ASPIRAMAX-600-catalogo-01-1024x1024.jpg 1024w, https:\/\/www.maxima-dia.com\/wp-content\/uploads\/2018\/10\/ASPIRAMAX-600-catalogo-01-80x80.jpg 80w, https:\/\/www.maxima-dia.com\/wp-content\/uploads\/2018\/10\/ASPIRAMAX-600-catalogo-01-500x500.jpg 500w, https:\/\/www.maxima-dia.com\/wp-content\/uploads\/2018\/10\/ASPIRAMAX-600-catalogo-01-1000x1000.jpg 1000w, https:\/\/www.maxima-dia.com\/wp-content\/uploads\/2018\/10\/ASPIRAMAX-600-catalogo-01.jpg 1500w\" sizes=\"(max-width: 150px) 100vw, 150px\" \/><\/a><\/p>\n<p>Fabriqu\u00e9 en EU&nbsp;<img loading=\"lazy\" decoding=\"async\" src=\"\/wp-content\/uploads\/2013\/11\/eu.png\" alt=\"eu\" width=\"24\" height=\"16\"> &#8211;&nbsp;certifi\u00e9&nbsp;<span style=\"font-family: arial,helvetica,sans-serif;\">CE<\/span>[\/vc_column_text][vc_column_text css_animation=\u00a0\u00bbslideInDown\u00a0\u00bb el_class=\u00a0\u00bbhidebuybutton\u00a0\u00bb]<a href=\"https:\/\/www.storemaxima.com\/fr\/poncage\/234-2881-aspiramax-600.html\" target=\"_blank\" rel=\"noopener\"><img loading=\"lazy\" decoding=\"async\" class=\"alignnone\" title=\"Acheter sur www.storemaxima.com\" src=\"https:\/\/www.maxima-dia.com\/wp-content\/uploads\/2019\/12\/pulsante-acquista-storemaxima.com-fr.svg\" alt=\"Acheter sur www.storemaxima.com\" width=\"180\" height=\"80\"><\/a>[\/vc_column_text][vc_btn title=\u00a0\u00bbFiche du produit\u00a0\u00bb style=\u00a0\u00bboutline-custom\u00a0\u00bb outline_custom_color=\u00a0\u00bb#cc0000&Prime; outline_custom_hover_background=\u00a0\u00bb#910000&Prime; outline_custom_hover_text=\u00a0\u00bb#f7f7f7&Prime; align=\u00a0\u00bbcenter\u00a0\u00bb i_icon_fontawesome=\u00a0\u00bbfas fa-download\u00a0\u00bb add_icon=\u00a0\u00bbtrue\u00a0\u00bb css=\u00a0\u00bb.vc_custom_1639125908720{margin-top: 5px !important;margin-right: 5px !important;margin-bottom: 5px !important;margin-left: 5px !important;}\u00a0\u00bb link=\u00a0\u00bburl:%2Fdl.php%3Ffile_url%3Dhttps%3A%2F%2Fwww.maxima-dia.com%2Fwp-content%2Fuploads%2F2021%2F11%2FASPIRAMAX-600-FR.pdf\u00a0\u00bb][\/vc_column][vc_column width=\u00a0\u00bb3\/4&Prime;][vc_column_text]Pendant la cr\u00e9ation de l\u2019<strong>Aspiramax 600<\/strong> les ing\u00e9nieurs de Maxima se sont concentr\u00e9s sur la qualit\u00e9 constructive et sur la puissance d\u2019aspiration afin d\u2019obtenir une machine avec une dur\u00e9e d\u2019utilit\u00e9 sup\u00e9rieure et adapt\u00e9e \u00e0 un large \u00e9ventail d\u2019applications possibles pendant un usage intensif. Il est con\u00e7u pour aspirer une quantit\u00e9 importante de poussi\u00e8res lorsqu\u2019il est utilis\u00e9 en m\u00eame temps que des machines qui produisent beaucoup de copeaux ; comme dans le cas des pavages en b\u00e9ton, pierre ou encore, marbre. L\u2019emploi id\u00e9al est en l\u2019associant avec des machines \u00e0 poncer, telles que la <strong>Levimax 280<\/strong> et <strong>Levimax 550<\/strong>, ou avec n\u2019importe quel autre machine pour le b\u00e2timent qui durant l\u2019utilisation n\u00e9cessite l\u2019aspiration d\u2019une grande quantit\u00e9 de poussi\u00e8res.<\/p>\n<table class=\"tabellafotocarotaggio\" style=\"width: 100%;\">\n<tbody>\n<tr>\n<td style=\"text-align: center; width: 20%;\"><a href=\"https:\/\/www.maxima-dia.com\/wp-content\/uploads\/2018\/10\/ASPIRAMAX-600-catalogo-04.jpg\"><img loading=\"lazy\" decoding=\"async\" class=\"alignnone wp-image-18602 size-thumbnail\" src=\"https:\/\/www.maxima-dia.com\/wp-content\/uploads\/2018\/10\/ASPIRAMAX-600-catalogo-04-150x150.jpg\" alt=\"\" width=\"150\" height=\"150\" srcset=\"https:\/\/www.maxima-dia.com\/wp-content\/uploads\/2018\/10\/ASPIRAMAX-600-catalogo-04-150x150.jpg 150w, https:\/\/www.maxima-dia.com\/wp-content\/uploads\/2018\/10\/ASPIRAMAX-600-catalogo-04-300x300.jpg 300w, https:\/\/www.maxima-dia.com\/wp-content\/uploads\/2018\/10\/ASPIRAMAX-600-catalogo-04-768x768.jpg 768w, https:\/\/www.maxima-dia.com\/wp-content\/uploads\/2018\/10\/ASPIRAMAX-600-catalogo-04-1024x1024.jpg 1024w, https:\/\/www.maxima-dia.com\/wp-content\/uploads\/2018\/10\/ASPIRAMAX-600-catalogo-04-80x80.jpg 80w, https:\/\/www.maxima-dia.com\/wp-content\/uploads\/2018\/10\/ASPIRAMAX-600-catalogo-04-500x500.jpg 500w, https:\/\/www.maxima-dia.com\/wp-content\/uploads\/2018\/10\/ASPIRAMAX-600-catalogo-04-1000x1000.jpg 1000w, https:\/\/www.maxima-dia.com\/wp-content\/uploads\/2018\/10\/ASPIRAMAX-600-catalogo-04.jpg 1500w\" sizes=\"(max-width: 150px) 100vw, 150px\" \/><\/a><\/td>\n<td style=\"text-align: center; width: 20%;\"><a href=\"https:\/\/www.maxima-dia.com\/wp-content\/uploads\/2018\/10\/ASPIRAMAX-600-catalogo-02.jpg\"><img loading=\"lazy\" decoding=\"async\" class=\"alignnone wp-image-18592 size-thumbnail\" src=\"https:\/\/www.maxima-dia.com\/wp-content\/uploads\/2018\/10\/ASPIRAMAX-600-catalogo-02-150x150.jpg\" alt=\"\" width=\"150\" height=\"150\" srcset=\"https:\/\/www.maxima-dia.com\/wp-content\/uploads\/2018\/10\/ASPIRAMAX-600-catalogo-02-150x150.jpg 150w, https:\/\/www.maxima-dia.com\/wp-content\/uploads\/2018\/10\/ASPIRAMAX-600-catalogo-02-300x300.jpg 300w, https:\/\/www.maxima-dia.com\/wp-content\/uploads\/2018\/10\/ASPIRAMAX-600-catalogo-02-768x768.jpg 768w, https:\/\/www.maxima-dia.com\/wp-content\/uploads\/2018\/10\/ASPIRAMAX-600-catalogo-02-1024x1024.jpg 1024w, https:\/\/www.maxima-dia.com\/wp-content\/uploads\/2018\/10\/ASPIRAMAX-600-catalogo-02-80x80.jpg 80w, https:\/\/www.maxima-dia.com\/wp-content\/uploads\/2018\/10\/ASPIRAMAX-600-catalogo-02-500x500.jpg 500w, https:\/\/www.maxima-dia.com\/wp-content\/uploads\/2018\/10\/ASPIRAMAX-600-catalogo-02-1000x1000.jpg 1000w, https:\/\/www.maxima-dia.com\/wp-content\/uploads\/2018\/10\/ASPIRAMAX-600-catalogo-02.jpg 1500w\" sizes=\"(max-width: 150px) 100vw, 150px\" \/><\/a>&nbsp;<\/td>\n<td style=\"text-align: center; width: 20%;\"><a href=\"https:\/\/www.maxima-dia.com\/wp-content\/uploads\/2018\/10\/ASPIRAMAX-600-catalogo-03.jpg\"><img loading=\"lazy\" decoding=\"async\" class=\"alignnone wp-image-18597 size-thumbnail\" src=\"https:\/\/www.maxima-dia.com\/wp-content\/uploads\/2018\/10\/ASPIRAMAX-600-catalogo-03-150x150.jpg\" alt=\"\" width=\"150\" height=\"150\" srcset=\"https:\/\/www.maxima-dia.com\/wp-content\/uploads\/2018\/10\/ASPIRAMAX-600-catalogo-03-150x150.jpg 150w, https:\/\/www.maxima-dia.com\/wp-content\/uploads\/2018\/10\/ASPIRAMAX-600-catalogo-03-300x300.jpg 300w, https:\/\/www.maxima-dia.com\/wp-content\/uploads\/2018\/10\/ASPIRAMAX-600-catalogo-03-768x768.jpg 768w, https:\/\/www.maxima-dia.com\/wp-content\/uploads\/2018\/10\/ASPIRAMAX-600-catalogo-03-1024x1024.jpg 1024w, https:\/\/www.maxima-dia.com\/wp-content\/uploads\/2018\/10\/ASPIRAMAX-600-catalogo-03-80x80.jpg 80w, https:\/\/www.maxima-dia.com\/wp-content\/uploads\/2018\/10\/ASPIRAMAX-600-catalogo-03-500x500.jpg 500w, https:\/\/www.maxima-dia.com\/wp-content\/uploads\/2018\/10\/ASPIRAMAX-600-catalogo-03-1000x1000.jpg 1000w, https:\/\/www.maxima-dia.com\/wp-content\/uploads\/2018\/10\/ASPIRAMAX-600-catalogo-03.jpg 1500w\" sizes=\"(max-width: 150px) 100vw, 150px\" \/><\/a><\/td>\n<td style=\"text-align: center; width: 20%;\"><a href=\"https:\/\/www.maxima-dia.com\/wp-content\/uploads\/2018\/10\/ASPIRAMAX-600-catalogo-05.jpg\"><img loading=\"lazy\" decoding=\"async\" class=\"alignnone wp-image-18607 size-thumbnail\" src=\"https:\/\/www.maxima-dia.com\/wp-content\/uploads\/2018\/10\/ASPIRAMAX-600-catalogo-05-150x150.jpg\" alt=\"\" width=\"150\" height=\"150\" srcset=\"https:\/\/www.maxima-dia.com\/wp-content\/uploads\/2018\/10\/ASPIRAMAX-600-catalogo-05-150x150.jpg 150w, https:\/\/www.maxima-dia.com\/wp-content\/uploads\/2018\/10\/ASPIRAMAX-600-catalogo-05-300x300.jpg 300w, https:\/\/www.maxima-dia.com\/wp-content\/uploads\/2018\/10\/ASPIRAMAX-600-catalogo-05-768x768.jpg 768w, https:\/\/www.maxima-dia.com\/wp-content\/uploads\/2018\/10\/ASPIRAMAX-600-catalogo-05-1024x1024.jpg 1024w, https:\/\/www.maxima-dia.com\/wp-content\/uploads\/2018\/10\/ASPIRAMAX-600-catalogo-05-80x80.jpg 80w, https:\/\/www.maxima-dia.com\/wp-content\/uploads\/2018\/10\/ASPIRAMAX-600-catalogo-05-500x500.jpg 500w, https:\/\/www.maxima-dia.com\/wp-content\/uploads\/2018\/10\/ASPIRAMAX-600-catalogo-05-1000x1000.jpg 1000w, https:\/\/www.maxima-dia.com\/wp-content\/uploads\/2018\/10\/ASPIRAMAX-600-catalogo-05.jpg 1500w\" sizes=\"(max-width: 150px) 100vw, 150px\" \/><\/a>&nbsp;<\/td>\n<td style=\"text-align: center; width: 20%;\"><a href=\"https:\/\/www.maxima-dia.com\/wp-content\/uploads\/2018\/10\/ASPIRAMAX-600-catalogo-06.jpg\"><img loading=\"lazy\" decoding=\"async\" class=\"alignnone wp-image-18612 size-thumbnail\" src=\"https:\/\/www.maxima-dia.com\/wp-content\/uploads\/2018\/10\/ASPIRAMAX-600-catalogo-06-150x150.jpg\" alt=\"\" width=\"150\" height=\"150\" srcset=\"https:\/\/www.maxima-dia.com\/wp-content\/uploads\/2018\/10\/ASPIRAMAX-600-catalogo-06-150x150.jpg 150w, https:\/\/www.maxima-dia.com\/wp-content\/uploads\/2018\/10\/ASPIRAMAX-600-catalogo-06-300x300.jpg 300w, https:\/\/www.maxima-dia.com\/wp-content\/uploads\/2018\/10\/ASPIRAMAX-600-catalogo-06-768x768.jpg 768w, https:\/\/www.maxima-dia.com\/wp-content\/uploads\/2018\/10\/ASPIRAMAX-600-catalogo-06-1024x1024.jpg 1024w, https:\/\/www.maxima-dia.com\/wp-content\/uploads\/2018\/10\/ASPIRAMAX-600-catalogo-06-80x80.jpg 80w, https:\/\/www.maxima-dia.com\/wp-content\/uploads\/2018\/10\/ASPIRAMAX-600-catalogo-06-500x500.jpg 500w, https:\/\/www.maxima-dia.com\/wp-content\/uploads\/2018\/10\/ASPIRAMAX-600-catalogo-06-1000x1000.jpg 1000w, https:\/\/www.maxima-dia.com\/wp-content\/uploads\/2018\/10\/ASPIRAMAX-600-catalogo-06.jpg 1500w\" sizes=\"(max-width: 150px) 100vw, 150px\" \/><\/a><\/td>\n<\/tr>\n<\/tbody>\n<\/table>\n<p>&nbsp;<\/p>\n<table class=\"tabellatecnica\" style=\"width: 100%;\" border=\"0\" cellspacing=\"0\" cellpadding=\"0\">\n<thead>\n<tr>\n<td class=\"testata\" style=\"width: 100%;\" colspan=\"2\">CARACT\u00c9RISTIQUES TECHNIQUES<\/td>\n<\/tr>\n<\/thead>\n<tbody>\n<tr>\n<td class=\"coltesto1\" style=\"width: 50%;\">Power: 3 motors x 1400 W each &#8211; 230 V &#8211; 50\/60 Hz<\/td>\n<td class=\"coltesto2\" style=\"width: 50%;\">Protection: IP 42<\/td>\n<\/tr>\n<tr>\n<td class=\"coltesto1\" style=\"width: 50%;\">Total Max Power: 4800 W &#8211; 20 A<\/td>\n<td class=\"coltesto2\" style=\"width: 50%;\">Maximum depression: mmH<sub>2<\/sub>O: 2450<\/td>\n<\/tr>\n<tr>\n<td class=\"coltesto1\" style=\"width: 50%;\">N\u00b01 Innovative Filter<\/td>\n<td class=\"coltesto2\" style=\"width: 50%;\">Suction: m<sup>3<\/sup>\/h: 600<\/td>\n<\/tr>\n<tr>\n<td class=\"coltesto2\" style=\"width: 50%;\">Weight: 125 Kg<\/td>\n<td class=\"coltesto2\" style=\"width: 50%;\">Suction Pipe Length: 4,5 m<\/td>\n<\/tr>\n<tr>\n<td class=\"coltesto2\" style=\"width: 50%;\">Capacity: Longpac 30 notches for 25 Kg each<\/td>\n<td class=\"coltesto2\" style=\"width: 50%;\">Dimensions (Lenght x Width x Height): 70 x 140 x 130 cm<\/td>\n<\/tr>\n<tr>\n<td style=\"width: 50%;\">Filtered surface: 14.000 cm<sup>2<\/sup><\/td>\n<td style=\"width: 50%;\">Hour counter: yes<\/td>\n<\/tr>\n<\/tbody>\n<\/table>\n<p>[\/vc_column_text][\/vc_column][\/vc_row]<\/p>\n<\/div>","protected":false},"excerpt":{"rendered":"<p>[vc_row][vc_column text_align=\u00a0\u00bbcenter\u00a0\u00bb width=\u00a0\u00bb1\/4&Prime;][vc_column_text] Fabriqu\u00e9 en EU&nbsp; &#8211;&nbsp;certifi\u00e9&nbsp;CE[\/vc_column_text][vc_column_text css_animation=\u00a0\u00bbslideInDown\u00a0\u00bb el_class=\u00a0\u00bbhidebuybutton\u00a0\u00bb][\/vc_column_text][vc_btn title=\u00a0\u00bbFiche du produit\u00a0\u00bb style=\u00a0\u00bboutline-custom\u00a0\u00bb outline_custom_color=\u00a0\u00bb#cc0000&Prime; outline_custom_hover_background=\u00a0\u00bb#910000&Prime; outline_custom_hover_text=\u00a0\u00bb#f7f7f7&Prime; align=\u00a0\u00bbcenter\u00a0\u00bb i_icon_fontawesome=\u00a0\u00bbfas fa-download\u00a0\u00bb add_icon=\u00a0\u00bbtrue\u00a0\u00bb css=\u00a0\u00bb.vc_custom_1639125908720{margin-top: 5px !important;margin-right: 5px !important;margin-bottom: 5px !important;margin-left: 5px !important;}\u00a0\u00bb link=\u00a0\u00bburl:%2Fdl.php%3Ffile_url%3Dhttps%3A%2F%2Fwww.maxima-dia.com%2Fwp-content%2Fuploads%2F2021%2F11%2FASPIRAMAX-600-FR.pdf\u00a0\u00bb][\/vc_column][vc_column width=\u00a0\u00bb3\/4&Prime;][vc_column_text]Pendant la cr\u00e9ation de l\u2019Aspiramax 600 les ing\u00e9nieurs de Maxima se sont concentr\u00e9s sur la qualit\u00e9 constructive et sur la puissance d\u2019aspiration afin d\u2019obtenir une machine avec une dur\u00e9e d\u2019utilit\u00e9 sup\u00e9rieure et adapt\u00e9e \u00e0 un large \u00e9ventail d\u2019applications possibles pendant un usage intensif. Il est con\u00e7u pour aspirer une quantit\u00e9 importante de poussi\u00e8res lorsqu\u2019il est utilis\u00e9 en m\u00eame temps que des machines qui produisent beaucoup de copeaux ; comme dans le cas des pavages en b\u00e9ton, pierre ou encore, marbre. L\u2019emploi id\u00e9al est en l\u2019associant avec des machines \u00e0 poncer, telles que la Levimax 280 et Levimax 550, ou avec n\u2019importe quel autre machine pour le b\u00e2timent qui durant l\u2019utilisation n\u00e9cessite l\u2019aspiration d\u2019une grande quantit\u00e9 de poussi\u00e8res. &nbsp; &nbsp; &nbsp; CARACT\u00c9RISTIQUES TECHNIQUES Power: 3 motors x 1400 W each &#8211; 230 V &#8211; 50\/60 Hz Protection: IP 42 Total Max Power: 4800 W &#8211; 20 A Maximum depression: mmH2O: 2450 N\u00b01 Innovative Filter Suction: m3\/h: 600 Weight: 125 Kg Suction Pipe Length: 4,5 m Capacity: Longpac 30 notches for 25 [&hellip;]<\/p>\n","protected":false},"author":29,"featured_media":18589,"parent":19026,"menu_order":7,"comment_status":"closed","ping_status":"closed","template":"","meta":{"ngg_post_thumbnail":0,"_joinchat":[],"footnotes":""},"class_list":["post-19122","page","type-page","status-publish","has-post-thumbnail","hentry"],"yoast_head":"<!-- This site is optimized with the Yoast SEO plugin v25.5 - https:\/\/yoast.com\/wordpress\/plugins\/seo\/ -->\n<title>Aspiramax 600 - Maxima SpA<\/title>\n<meta name=\"description\" content=\"Il s\u2019agit de la foreuse \u00e0 outils diamant\u00e9s professionnelle \u00e0 sec la plus vendue: CAROMAX 1800 associe \u00e0 la micro-vibration une puissance de 1800 W, ce qui en fait le mod\u00e8le le plus performant du march\u00e9\" \/>\n<meta name=\"robots\" content=\"index, follow, max-snippet:-1, max-image-preview:large, max-video-preview:-1\" \/>\n<link rel=\"canonical\" href=\"https:\/\/www.maxima-dia.com\/fr\/machine-a-poncer-pour-la-construction\/aspiramax-600\/\" \/>\n<meta property=\"og:locale\" content=\"fr_FR\" \/>\n<meta property=\"og:type\" content=\"article\" \/>\n<meta property=\"og:title\" content=\"Aspiramax 600 - Maxima SpA\" \/>\n<meta property=\"og:description\" content=\"Il s\u2019agit de la foreuse \u00e0 outils diamant\u00e9s professionnelle \u00e0 sec la plus vendue: CAROMAX 1800 associe \u00e0 la micro-vibration une puissance de 1800 W, ce qui en fait le mod\u00e8le le plus performant du march\u00e9\" \/>\n<meta property=\"og:url\" content=\"https:\/\/www.maxima-dia.com\/fr\/machine-a-poncer-pour-la-construction\/aspiramax-600\/\" \/>\n<meta property=\"og:site_name\" content=\"Maxima SpA\" \/>\n<meta property=\"article:publisher\" content=\"https:\/\/www.facebook.com\/Maxima-spa-106098566139597\" \/>\n<meta property=\"article:modified_time\" content=\"2021-12-10T08:45:53+00:00\" \/>\n<meta property=\"og:image\" content=\"https:\/\/www.maxima-dia.com\/wp-content\/uploads\/2018\/10\/ASPIRAMAX-600-catalogo-01.jpg\" \/>\n\t<meta property=\"og:image:width\" content=\"1500\" \/>\n\t<meta property=\"og:image:height\" content=\"1500\" \/>\n\t<meta property=\"og:image:type\" content=\"image\/jpeg\" \/>\n<meta name=\"twitter:card\" content=\"summary_large_image\" \/>\n<meta name=\"twitter:site\" content=\"@Maximadia\" \/>\n<meta name=\"twitter:label1\" content=\"Dur\u00e9e de lecture estim\u00e9e\" \/>\n\t<meta name=\"twitter:data1\" content=\"3 minutes\" \/>\n<script type=\"application\/ld+json\" class=\"yoast-schema-graph\">{\"@context\":\"https:\/\/schema.org\",\"@graph\":[{\"@type\":\"WebPage\",\"@id\":\"https:\/\/www.maxima-dia.com\/fr\/machine-a-poncer-pour-la-construction\/aspiramax-600\/\",\"url\":\"https:\/\/www.maxima-dia.com\/fr\/machine-a-poncer-pour-la-construction\/aspiramax-600\/\",\"name\":\"Aspiramax 600 - Maxima SpA\",\"isPartOf\":{\"@id\":\"https:\/\/www.maxima-dia.com\/fr\/#website\"},\"primaryImageOfPage\":{\"@id\":\"https:\/\/www.maxima-dia.com\/fr\/machine-a-poncer-pour-la-construction\/aspiramax-600\/#primaryimage\"},\"image\":{\"@id\":\"https:\/\/www.maxima-dia.com\/fr\/machine-a-poncer-pour-la-construction\/aspiramax-600\/#primaryimage\"},\"thumbnailUrl\":\"https:\/\/www.maxima-dia.com\/wp-content\/uploads\/2018\/10\/ASPIRAMAX-600-catalogo-01.jpg\",\"datePublished\":\"2018-10-23T07:51:01+00:00\",\"dateModified\":\"2021-12-10T08:45:53+00:00\",\"description\":\"Il s\u2019agit de la foreuse \u00e0 outils diamant\u00e9s professionnelle \u00e0 sec la plus vendue: CAROMAX 1800 associe \u00e0 la micro-vibration une puissance de 1800 W, ce qui en fait le mod\u00e8le le plus performant du march\u00e9\",\"breadcrumb\":{\"@id\":\"https:\/\/www.maxima-dia.com\/fr\/machine-a-poncer-pour-la-construction\/aspiramax-600\/#breadcrumb\"},\"inLanguage\":\"fr-FR\",\"potentialAction\":[{\"@type\":\"ReadAction\",\"target\":[\"https:\/\/www.maxima-dia.com\/fr\/machine-a-poncer-pour-la-construction\/aspiramax-600\/\"]}]},{\"@type\":\"ImageObject\",\"inLanguage\":\"fr-FR\",\"@id\":\"https:\/\/www.maxima-dia.com\/fr\/machine-a-poncer-pour-la-construction\/aspiramax-600\/#primaryimage\",\"url\":\"https:\/\/www.maxima-dia.com\/wp-content\/uploads\/2018\/10\/ASPIRAMAX-600-catalogo-01.jpg\",\"contentUrl\":\"https:\/\/www.maxima-dia.com\/wp-content\/uploads\/2018\/10\/ASPIRAMAX-600-catalogo-01.jpg\",\"width\":1500,\"height\":1500,\"caption\":\"Aspiramax 600\"},{\"@type\":\"BreadcrumbList\",\"@id\":\"https:\/\/www.maxima-dia.com\/fr\/machine-a-poncer-pour-la-construction\/aspiramax-600\/#breadcrumb\",\"itemListElement\":[{\"@type\":\"ListItem\",\"position\":1,\"name\":\"Home\",\"item\":\"https:\/\/www.maxima-dia.com\/fr\/\"},{\"@type\":\"ListItem\",\"position\":2,\"name\":\"Machine \u00e0 poncer pour la construction\",\"item\":\"https:\/\/www.maxima-dia.com\/fr\/machine-a-poncer-pour-la-construction\/\"},{\"@type\":\"ListItem\",\"position\":3,\"name\":\"Aspiramax 600\"}]},{\"@type\":\"WebSite\",\"@id\":\"https:\/\/www.maxima-dia.com\/fr\/#website\",\"url\":\"https:\/\/www.maxima-dia.com\/fr\/\",\"name\":\"Maxima SpA\",\"description\":\"Only for the real professionals\",\"potentialAction\":[{\"@type\":\"SearchAction\",\"target\":{\"@type\":\"EntryPoint\",\"urlTemplate\":\"https:\/\/www.maxima-dia.com\/fr\/?s={search_term_string}\"},\"query-input\":{\"@type\":\"PropertyValueSpecification\",\"valueRequired\":true,\"valueName\":\"search_term_string\"}}],\"inLanguage\":\"fr-FR\"}]}<\/script>\n<!-- \/ Yoast SEO plugin. -->","yoast_head_json":{"title":"Aspiramax 600 - Maxima SpA","description":"Il s\u2019agit de la foreuse \u00e0 outils diamant\u00e9s professionnelle \u00e0 sec la plus vendue: CAROMAX 1800 associe \u00e0 la micro-vibration une puissance de 1800 W, ce qui en fait le mod\u00e8le le plus performant du march\u00e9","robots":{"index":"index","follow":"follow","max-snippet":"max-snippet:-1","max-image-preview":"max-image-preview:large","max-video-preview":"max-video-preview:-1"},"canonical":"https:\/\/www.maxima-dia.com\/fr\/machine-a-poncer-pour-la-construction\/aspiramax-600\/","og_locale":"fr_FR","og_type":"article","og_title":"Aspiramax 600 - Maxima SpA","og_description":"Il s\u2019agit de la foreuse \u00e0 outils diamant\u00e9s professionnelle \u00e0 sec la plus vendue: CAROMAX 1800 associe \u00e0 la micro-vibration une puissance de 1800 W, ce qui en fait le mod\u00e8le le plus performant du march\u00e9","og_url":"https:\/\/www.maxima-dia.com\/fr\/machine-a-poncer-pour-la-construction\/aspiramax-600\/","og_site_name":"Maxima SpA","article_publisher":"https:\/\/www.facebook.com\/Maxima-spa-106098566139597","article_modified_time":"2021-12-10T08:45:53+00:00","og_image":[{"width":1500,"height":1500,"url":"https:\/\/www.maxima-dia.com\/wp-content\/uploads\/2018\/10\/ASPIRAMAX-600-catalogo-01.jpg","type":"image\/jpeg"}],"twitter_card":"summary_large_image","twitter_site":"@Maximadia","twitter_misc":{"Dur\u00e9e de lecture estim\u00e9e":"3 minutes"},"schema":{"@context":"https:\/\/schema.org","@graph":[{"@type":"WebPage","@id":"https:\/\/www.maxima-dia.com\/fr\/machine-a-poncer-pour-la-construction\/aspiramax-600\/","url":"https:\/\/www.maxima-dia.com\/fr\/machine-a-poncer-pour-la-construction\/aspiramax-600\/","name":"Aspiramax 600 - Maxima SpA","isPartOf":{"@id":"https:\/\/www.maxima-dia.com\/fr\/#website"},"primaryImageOfPage":{"@id":"https:\/\/www.maxima-dia.com\/fr\/machine-a-poncer-pour-la-construction\/aspiramax-600\/#primaryimage"},"image":{"@id":"https:\/\/www.maxima-dia.com\/fr\/machine-a-poncer-pour-la-construction\/aspiramax-600\/#primaryimage"},"thumbnailUrl":"https:\/\/www.maxima-dia.com\/wp-content\/uploads\/2018\/10\/ASPIRAMAX-600-catalogo-01.jpg","datePublished":"2018-10-23T07:51:01+00:00","dateModified":"2021-12-10T08:45:53+00:00","description":"Il s\u2019agit de la foreuse \u00e0 outils diamant\u00e9s professionnelle \u00e0 sec la plus vendue: CAROMAX 1800 associe \u00e0 la micro-vibration une puissance de 1800 W, ce qui en fait le mod\u00e8le le plus performant du march\u00e9","breadcrumb":{"@id":"https:\/\/www.maxima-dia.com\/fr\/machine-a-poncer-pour-la-construction\/aspiramax-600\/#breadcrumb"},"inLanguage":"fr-FR","potentialAction":[{"@type":"ReadAction","target":["https:\/\/www.maxima-dia.com\/fr\/machine-a-poncer-pour-la-construction\/aspiramax-600\/"]}]},{"@type":"ImageObject","inLanguage":"fr-FR","@id":"https:\/\/www.maxima-dia.com\/fr\/machine-a-poncer-pour-la-construction\/aspiramax-600\/#primaryimage","url":"https:\/\/www.maxima-dia.com\/wp-content\/uploads\/2018\/10\/ASPIRAMAX-600-catalogo-01.jpg","contentUrl":"https:\/\/www.maxima-dia.com\/wp-content\/uploads\/2018\/10\/ASPIRAMAX-600-catalogo-01.jpg","width":1500,"height":1500,"caption":"Aspiramax 600"},{"@type":"BreadcrumbList","@id":"https:\/\/www.maxima-dia.com\/fr\/machine-a-poncer-pour-la-construction\/aspiramax-600\/#breadcrumb","itemListElement":[{"@type":"ListItem","position":1,"name":"Home","item":"https:\/\/www.maxima-dia.com\/fr\/"},{"@type":"ListItem","position":2,"name":"Machine \u00e0 poncer pour la construction","item":"https:\/\/www.maxima-dia.com\/fr\/machine-a-poncer-pour-la-construction\/"},{"@type":"ListItem","position":3,"name":"Aspiramax 600"}]},{"@type":"WebSite","@id":"https:\/\/www.maxima-dia.com\/fr\/#website","url":"https:\/\/www.maxima-dia.com\/fr\/","name":"Maxima SpA","description":"Only for the real professionals","potentialAction":[{"@type":"SearchAction","target":{"@type":"EntryPoint","urlTemplate":"https:\/\/www.maxima-dia.com\/fr\/?s={search_term_string}"},"query-input":{"@type":"PropertyValueSpecification","valueRequired":true,"valueName":"search_term_string"}}],"inLanguage":"fr-FR"}]}},"_links":{"self":[{"href":"https:\/\/www.maxima-dia.com\/fr\/wp-json\/wp\/v2\/pages\/19122"}],"collection":[{"href":"https:\/\/www.maxima-dia.com\/fr\/wp-json\/wp\/v2\/pages"}],"about":[{"href":"https:\/\/www.maxima-dia.com\/fr\/wp-json\/wp\/v2\/types\/page"}],"author":[{"embeddable":true,"href":"https:\/\/www.maxima-dia.com\/fr\/wp-json\/wp\/v2\/users\/29"}],"replies":[{"embeddable":true,"href":"https:\/\/www.maxima-dia.com\/fr\/wp-json\/wp\/v2\/comments?post=19122"}],"version-history":[{"count":0,"href":"https:\/\/www.maxima-dia.com\/fr\/wp-json\/wp\/v2\/pages\/19122\/revisions"}],"up":[{"embeddable":true,"href":"https:\/\/www.maxima-dia.com\/fr\/wp-json\/wp\/v2\/pages\/19026"}],"wp:featuredmedia":[{"embeddable":true,"href":"https:\/\/www.maxima-dia.com\/fr\/wp-json\/wp\/v2\/media\/18589"}],"wp:attachment":[{"href":"https:\/\/www.maxima-dia.com\/fr\/wp-json\/wp\/v2\/media?parent=19122"}],"curies":[{"name":"wp","href":"https:\/\/api.w.org\/{rel}","templated":true}]}}