{"id":19183,"date":"2018-10-24T10:43:23","date_gmt":"2018-10-24T08:43:23","guid":{"rendered":"https:\/\/www.maxima-dia.com\/?page_id=19183"},"modified":"2021-12-10T08:51:30","modified_gmt":"2021-12-10T07:51:30","slug":"cuffia-t115-t125-t230","status":"publish","type":"page","link":"https:\/\/www.maxima-dia.com\/fr\/accessoires-pour-la-coupe-le-carottage-et-le-poncage\/cuffia-t115-t125-t230\/","title":{"rendered":"Cuffia T115 &#8211; T125 &#8211; T230"},"content":{"rendered":"<div class=\"wpb-content-wrapper\"><p>[vc_row][vc_column text_align=\u00a0\u00bbcenter\u00a0\u00bb width=\u00a0\u00bb1\/4&Prime;][vc_column_text]<a href=\"https:\/\/www.maxima-dia.com\/wp-content\/uploads\/2021\/07\/CUFFIA_T115-T125-T230.jpg\"><img loading=\"lazy\" decoding=\"async\" class=\"alignnone wp-image-29518 size-thumbnail\" src=\"https:\/\/www.maxima-dia.com\/wp-content\/uploads\/2021\/07\/CUFFIA_T115-T125-T230-150x150.jpg\" alt=\"\" width=\"150\" height=\"150\" srcset=\"https:\/\/www.maxima-dia.com\/wp-content\/uploads\/2021\/07\/CUFFIA_T115-T125-T230-150x150.jpg 150w, https:\/\/www.maxima-dia.com\/wp-content\/uploads\/2021\/07\/CUFFIA_T115-T125-T230-300x300.jpg 300w, https:\/\/www.maxima-dia.com\/wp-content\/uploads\/2021\/07\/CUFFIA_T115-T125-T230-1024x1024.jpg 1024w, https:\/\/www.maxima-dia.com\/wp-content\/uploads\/2021\/07\/CUFFIA_T115-T125-T230-768x768.jpg 768w, https:\/\/www.maxima-dia.com\/wp-content\/uploads\/2021\/07\/CUFFIA_T115-T125-T230-1536x1536.jpg 1536w, https:\/\/www.maxima-dia.com\/wp-content\/uploads\/2021\/07\/CUFFIA_T115-T125-T230-80x80.jpg 80w, https:\/\/www.maxima-dia.com\/wp-content\/uploads\/2021\/07\/CUFFIA_T115-T125-T230-500x500.jpg 500w, https:\/\/www.maxima-dia.com\/wp-content\/uploads\/2021\/07\/CUFFIA_T115-T125-T230-1000x1000.jpg 1000w, https:\/\/www.maxima-dia.com\/wp-content\/uploads\/2021\/07\/CUFFIA_T115-T125-T230.jpg 1699w\" sizes=\"(max-width: 150px) 100vw, 150px\" \/><\/a>[\/vc_column_text][vc_column_text css_animation=\u00a0\u00bbslideInDown\u00a0\u00bb el_class=\u00a0\u00bbhidebuybutton\u00a0\u00bb]<a href=\"https:\/\/www.storemaxima.com\/fr\/accessoires-pour-la-coupe-le-carottage-et-le-poncage\/226-cuffia-t115-t125-t230.html\" target=\"_blank\" rel=\"noopener\"><img loading=\"lazy\" decoding=\"async\" class=\"alignnone\" title=\"Acheter sur www.storemaxima.com\" src=\"https:\/\/www.maxima-dia.com\/wp-content\/uploads\/2019\/12\/pulsante-acquista-storemaxima.com-fr.svg\" alt=\"Acheter sur www.storemaxima.com\" width=\"180\" height=\"80\"><\/a>[\/vc_column_text][vc_btn title=\u00a0\u00bbFiche du produit\u00a0\u00bb style=\u00a0\u00bboutline-custom\u00a0\u00bb outline_custom_color=\u00a0\u00bb#cc0000&Prime; outline_custom_hover_background=\u00a0\u00bb#910000&Prime; outline_custom_hover_text=\u00a0\u00bb#f7f7f7&Prime; align=\u00a0\u00bbcenter\u00a0\u00bb i_icon_fontawesome=\u00a0\u00bbfas fa-download\u00a0\u00bb add_icon=\u00a0\u00bbtrue\u00a0\u00bb css=\u00a0\u00bb.vc_custom_1639122686571{margin-top: 5px !important;margin-right: 5px !important;margin-bottom: 5px !important;margin-left: 5px !important;}\u00a0\u00bb link=\u00a0\u00bburl:%2Fdl.php%3Ffile_url%3Dhttps%3A%2F%2Fwww.maxima-dia.com%2Fwp-content%2Fuploads%2F2021%2F11%2FACCESSOIRES-DE-COUPE-SLITTA-JOLLY-COIFFE-FR.pdf\u00a0\u00bb][\/vc_column][vc_column width=\u00a0\u00bb3\/4&Prime;][vc_column_text]Protection m\u00e9tallique applicable sur toutes les meuleuses 115, 125 et 230. En plus du carter existant, la <strong>Coiffe T115<\/strong>, <strong>T125<\/strong> et <strong>T230<\/strong> permet de r\u00e9duire le d\u00e9gagement de poussi\u00e8re de plus de 90%. Utilisable avec et sans aspirateur professionnel. Dans ce dernier cas, il suffit simplement de brancher dans l\u2019adaptateur un simple tube pour acheminer les poussi\u00e8res dans un r\u00e9cipient.<\/p>\n<table class=\"tabellafotocarotaggio\" style=\"width: 100%;\">\n<tbody>\n<tr>\n<td style=\"text-align: center; width: 25%;\"><a href=\"https:\/\/www.maxima-dia.com\/wp-content\/uploads\/2021\/07\/CUFFIA_T115-T125-T230.jpg\"><img loading=\"lazy\" decoding=\"async\" class=\"alignnone wp-image-29516 size-thumbnail\" src=\"https:\/\/www.maxima-dia.com\/wp-content\/uploads\/2021\/07\/CUFFIA_T115-T125-T230-150x150.jpg\" alt=\"\" width=\"150\" height=\"150\" srcset=\"https:\/\/www.maxima-dia.com\/wp-content\/uploads\/2021\/07\/CUFFIA_T115-T125-T230-150x150.jpg 150w, https:\/\/www.maxima-dia.com\/wp-content\/uploads\/2021\/07\/CUFFIA_T115-T125-T230-300x300.jpg 300w, https:\/\/www.maxima-dia.com\/wp-content\/uploads\/2021\/07\/CUFFIA_T115-T125-T230-1024x1024.jpg 1024w, https:\/\/www.maxima-dia.com\/wp-content\/uploads\/2021\/07\/CUFFIA_T115-T125-T230-768x768.jpg 768w, https:\/\/www.maxima-dia.com\/wp-content\/uploads\/2021\/07\/CUFFIA_T115-T125-T230-1536x1536.jpg 1536w, https:\/\/www.maxima-dia.com\/wp-content\/uploads\/2021\/07\/CUFFIA_T115-T125-T230-80x80.jpg 80w, https:\/\/www.maxima-dia.com\/wp-content\/uploads\/2021\/07\/CUFFIA_T115-T125-T230-500x500.jpg 500w, https:\/\/www.maxima-dia.com\/wp-content\/uploads\/2021\/07\/CUFFIA_T115-T125-T230-1000x1000.jpg 1000w, https:\/\/www.maxima-dia.com\/wp-content\/uploads\/2021\/07\/CUFFIA_T115-T125-T230.jpg 1699w\" sizes=\"(max-width: 150px) 100vw, 150px\" \/><\/a><\/td>\n<td style=\"text-align: center; width: 25%;\"><a href=\"https:\/\/www.maxima-dia.com\/wp-content\/uploads\/2021\/07\/CUFFIA_T115-T125-T230-2.jpg\"><img loading=\"lazy\" decoding=\"async\" class=\"alignnone wp-image-29504 size-thumbnail\" src=\"https:\/\/www.maxima-dia.com\/wp-content\/uploads\/2021\/07\/CUFFIA_T115-T125-T230-2-150x150.jpg\" alt=\"\" width=\"150\" height=\"150\" srcset=\"https:\/\/www.maxima-dia.com\/wp-content\/uploads\/2021\/07\/CUFFIA_T115-T125-T230-2-150x150.jpg 150w, https:\/\/www.maxima-dia.com\/wp-content\/uploads\/2021\/07\/CUFFIA_T115-T125-T230-2-300x300.jpg 300w, https:\/\/www.maxima-dia.com\/wp-content\/uploads\/2021\/07\/CUFFIA_T115-T125-T230-2-1024x1024.jpg 1024w, https:\/\/www.maxima-dia.com\/wp-content\/uploads\/2021\/07\/CUFFIA_T115-T125-T230-2-768x768.jpg 768w, https:\/\/www.maxima-dia.com\/wp-content\/uploads\/2021\/07\/CUFFIA_T115-T125-T230-2-1536x1536.jpg 1536w, https:\/\/www.maxima-dia.com\/wp-content\/uploads\/2021\/07\/CUFFIA_T115-T125-T230-2-80x80.jpg 80w, https:\/\/www.maxima-dia.com\/wp-content\/uploads\/2021\/07\/CUFFIA_T115-T125-T230-2-500x500.jpg 500w, https:\/\/www.maxima-dia.com\/wp-content\/uploads\/2021\/07\/CUFFIA_T115-T125-T230-2-1000x1000.jpg 1000w, https:\/\/www.maxima-dia.com\/wp-content\/uploads\/2021\/07\/CUFFIA_T115-T125-T230-2.jpg 1700w\" sizes=\"(max-width: 150px) 100vw, 150px\" \/><\/a>&nbsp;<\/td>\n<td style=\"text-align: center; width: 25%;\"><a href=\"https:\/\/www.maxima-dia.com\/wp-content\/uploads\/2021\/07\/CUFFIA_T115-T125-T230-3.jpg\"><img loading=\"lazy\" decoding=\"async\" class=\"alignnone wp-image-29510 size-thumbnail\" src=\"https:\/\/www.maxima-dia.com\/wp-content\/uploads\/2021\/07\/CUFFIA_T115-T125-T230-3-150x150.jpg\" alt=\"\" width=\"150\" height=\"150\" srcset=\"https:\/\/www.maxima-dia.com\/wp-content\/uploads\/2021\/07\/CUFFIA_T115-T125-T230-3-150x150.jpg 150w, https:\/\/www.maxima-dia.com\/wp-content\/uploads\/2021\/07\/CUFFIA_T115-T125-T230-3-300x300.jpg 300w, https:\/\/www.maxima-dia.com\/wp-content\/uploads\/2021\/07\/CUFFIA_T115-T125-T230-3-1024x1024.jpg 1024w, https:\/\/www.maxima-dia.com\/wp-content\/uploads\/2021\/07\/CUFFIA_T115-T125-T230-3-768x768.jpg 768w, https:\/\/www.maxima-dia.com\/wp-content\/uploads\/2021\/07\/CUFFIA_T115-T125-T230-3-1536x1536.jpg 1536w, https:\/\/www.maxima-dia.com\/wp-content\/uploads\/2021\/07\/CUFFIA_T115-T125-T230-3-80x80.jpg 80w, https:\/\/www.maxima-dia.com\/wp-content\/uploads\/2021\/07\/CUFFIA_T115-T125-T230-3-500x500.jpg 500w, https:\/\/www.maxima-dia.com\/wp-content\/uploads\/2021\/07\/CUFFIA_T115-T125-T230-3-1000x1000.jpg 1000w, https:\/\/www.maxima-dia.com\/wp-content\/uploads\/2021\/07\/CUFFIA_T115-T125-T230-3.jpg 1700w\" sizes=\"(max-width: 150px) 100vw, 150px\" \/><\/a><\/td>\n<\/tr>\n<\/tbody>\n<\/table>\n<p>&nbsp;<\/p>\n<p>&nbsp;<\/p>\n<div id=\"gtx-trans\" style=\"position: absolute; left: 911px; top: -10px;\">\n<div class=\"gtx-trans-icon\">&nbsp;<\/div>\n<\/div>\n<p>[\/vc_column_text][\/vc_column][\/vc_row]<\/p>\n<\/div>","protected":false},"excerpt":{"rendered":"<p>[vc_row][vc_column text_align=\u00a0\u00bbcenter\u00a0\u00bb width=\u00a0\u00bb1\/4&Prime;][vc_column_text][\/vc_column_text][vc_column_text css_animation=\u00a0\u00bbslideInDown\u00a0\u00bb el_class=\u00a0\u00bbhidebuybutton\u00a0\u00bb][\/vc_column_text][vc_btn title=\u00a0\u00bbFiche du produit\u00a0\u00bb style=\u00a0\u00bboutline-custom\u00a0\u00bb outline_custom_color=\u00a0\u00bb#cc0000&Prime; outline_custom_hover_background=\u00a0\u00bb#910000&Prime; outline_custom_hover_text=\u00a0\u00bb#f7f7f7&Prime; align=\u00a0\u00bbcenter\u00a0\u00bb i_icon_fontawesome=\u00a0\u00bbfas fa-download\u00a0\u00bb add_icon=\u00a0\u00bbtrue\u00a0\u00bb css=\u00a0\u00bb.vc_custom_1639122686571{margin-top: 5px !important;margin-right: 5px !important;margin-bottom: 5px !important;margin-left: 5px !important;}\u00a0\u00bb link=\u00a0\u00bburl:%2Fdl.php%3Ffile_url%3Dhttps%3A%2F%2Fwww.maxima-dia.com%2Fwp-content%2Fuploads%2F2021%2F11%2FACCESSOIRES-DE-COUPE-SLITTA-JOLLY-COIFFE-FR.pdf\u00a0\u00bb][\/vc_column][vc_column width=\u00a0\u00bb3\/4&Prime;][vc_column_text]Protection m\u00e9tallique applicable sur toutes les meuleuses 115, 125 et 230. En plus du carter existant, la Coiffe T115, T125 et T230 permet de r\u00e9duire le d\u00e9gagement de poussi\u00e8re de plus de 90%. Utilisable avec et sans aspirateur professionnel. Dans ce dernier cas, il suffit simplement de brancher dans l\u2019adaptateur un simple tube pour acheminer les poussi\u00e8res dans un r\u00e9cipient. &nbsp; &nbsp; &nbsp; &nbsp; [\/vc_column_text][\/vc_column][\/vc_row]<\/p>\n","protected":false},"author":29,"featured_media":29518,"parent":19386,"menu_order":4,"comment_status":"closed","ping_status":"closed","template":"","meta":{"ngg_post_thumbnail":0,"_joinchat":[],"footnotes":""},"class_list":["post-19183","page","type-page","status-publish","has-post-thumbnail","hentry"],"yoast_head":"<!-- This site is optimized with the Yoast SEO plugin v25.5 - https:\/\/yoast.com\/wordpress\/plugins\/seo\/ -->\n<title>Cuffia T115 - T125 - T230 - Maxima SpA<\/title>\n<meta name=\"robots\" content=\"index, follow, max-snippet:-1, max-image-preview:large, max-video-preview:-1\" \/>\n<link rel=\"canonical\" href=\"https:\/\/www.maxima-dia.com\/fr\/accessoires-pour-la-coupe-le-carottage-et-le-poncage\/cuffia-t115-t125-t230\/\" \/>\n<meta property=\"og:locale\" content=\"fr_FR\" \/>\n<meta property=\"og:type\" content=\"article\" \/>\n<meta property=\"og:title\" content=\"Cuffia T115 - T125 - T230 - Maxima SpA\" \/>\n<meta property=\"og:description\" content=\"[vc_row][vc_column text_align=\u00a0\u00bbcenter\u00a0\u00bb width=\u00a0\u00bb1\/4&Prime;][vc_column_text][\/vc_column_text][vc_column_text css_animation=\u00a0\u00bbslideInDown\u00a0\u00bb el_class=\u00a0\u00bbhidebuybutton\u00a0\u00bb][\/vc_column_text][vc_btn title=\u00a0\u00bbFiche du produit\u00a0\u00bb style=\u00a0\u00bboutline-custom\u00a0\u00bb outline_custom_color=\u00a0\u00bb#cc0000&Prime; outline_custom_hover_background=\u00a0\u00bb#910000&Prime; outline_custom_hover_text=\u00a0\u00bb#f7f7f7&Prime; align=\u00a0\u00bbcenter\u00a0\u00bb i_icon_fontawesome=\u00a0\u00bbfas fa-download\u00a0\u00bb add_icon=\u00a0\u00bbtrue\u00a0\u00bb css=\u00a0\u00bb.vc_custom_1639122686571{margin-top: 5px !important;margin-right: 5px !important;margin-bottom: 5px !important;margin-left: 5px !important;}\u00a0\u00bb link=\u00a0\u00bburl:%2Fdl.php%3Ffile_url%3Dhttps%3A%2F%2Fwww.maxima-dia.com%2Fwp-content%2Fuploads%2F2021%2F11%2FACCESSOIRES-DE-COUPE-SLITTA-JOLLY-COIFFE-FR.pdf\u00a0\u00bb][\/vc_column][vc_column width=\u00a0\u00bb3\/4&Prime;][vc_column_text]Protection m\u00e9tallique applicable sur toutes les meuleuses 115, 125 et 230. En plus du carter existant, la Coiffe T115, T125 et T230 permet de r\u00e9duire le d\u00e9gagement de poussi\u00e8re de plus de 90%. Utilisable avec et sans aspirateur professionnel. Dans ce dernier cas, il suffit simplement de brancher dans l\u2019adaptateur un simple tube pour acheminer les poussi\u00e8res dans un r\u00e9cipient. &nbsp; &nbsp; &nbsp; &nbsp; [\/vc_column_text][\/vc_column][\/vc_row]\" \/>\n<meta property=\"og:url\" content=\"https:\/\/www.maxima-dia.com\/fr\/accessoires-pour-la-coupe-le-carottage-et-le-poncage\/cuffia-t115-t125-t230\/\" \/>\n<meta property=\"og:site_name\" content=\"Maxima SpA\" \/>\n<meta property=\"article:publisher\" content=\"https:\/\/www.facebook.com\/Maxima-spa-106098566139597\" \/>\n<meta property=\"article:modified_time\" content=\"2021-12-10T07:51:30+00:00\" \/>\n<meta property=\"og:image\" content=\"https:\/\/www.maxima-dia.com\/wp-content\/uploads\/2021\/07\/CUFFIA_T115-T125-T230.jpg\" \/>\n\t<meta property=\"og:image:width\" content=\"1699\" \/>\n\t<meta property=\"og:image:height\" content=\"1700\" \/>\n\t<meta property=\"og:image:type\" content=\"image\/jpeg\" \/>\n<meta name=\"twitter:card\" content=\"summary_large_image\" \/>\n<meta name=\"twitter:site\" content=\"@Maximadia\" \/>\n<meta name=\"twitter:label1\" content=\"Dur\u00e9e de lecture estim\u00e9e\" \/>\n\t<meta name=\"twitter:data1\" content=\"2 minutes\" \/>\n<script type=\"application\/ld+json\" class=\"yoast-schema-graph\">{\"@context\":\"https:\/\/schema.org\",\"@graph\":[{\"@type\":\"WebPage\",\"@id\":\"https:\/\/www.maxima-dia.com\/fr\/accessoires-pour-la-coupe-le-carottage-et-le-poncage\/cuffia-t115-t125-t230\/\",\"url\":\"https:\/\/www.maxima-dia.com\/fr\/accessoires-pour-la-coupe-le-carottage-et-le-poncage\/cuffia-t115-t125-t230\/\",\"name\":\"Cuffia T115 - T125 - T230 - Maxima SpA\",\"isPartOf\":{\"@id\":\"https:\/\/www.maxima-dia.com\/fr\/#website\"},\"primaryImageOfPage\":{\"@id\":\"https:\/\/www.maxima-dia.com\/fr\/accessoires-pour-la-coupe-le-carottage-et-le-poncage\/cuffia-t115-t125-t230\/#primaryimage\"},\"image\":{\"@id\":\"https:\/\/www.maxima-dia.com\/fr\/accessoires-pour-la-coupe-le-carottage-et-le-poncage\/cuffia-t115-t125-t230\/#primaryimage\"},\"thumbnailUrl\":\"https:\/\/www.maxima-dia.com\/wp-content\/uploads\/2021\/07\/CUFFIA_T115-T125-T230.jpg\",\"datePublished\":\"2018-10-24T08:43:23+00:00\",\"dateModified\":\"2021-12-10T07:51:30+00:00\",\"breadcrumb\":{\"@id\":\"https:\/\/www.maxima-dia.com\/fr\/accessoires-pour-la-coupe-le-carottage-et-le-poncage\/cuffia-t115-t125-t230\/#breadcrumb\"},\"inLanguage\":\"fr-FR\",\"potentialAction\":[{\"@type\":\"ReadAction\",\"target\":[\"https:\/\/www.maxima-dia.com\/fr\/accessoires-pour-la-coupe-le-carottage-et-le-poncage\/cuffia-t115-t125-t230\/\"]}]},{\"@type\":\"ImageObject\",\"inLanguage\":\"fr-FR\",\"@id\":\"https:\/\/www.maxima-dia.com\/fr\/accessoires-pour-la-coupe-le-carottage-et-le-poncage\/cuffia-t115-t125-t230\/#primaryimage\",\"url\":\"https:\/\/www.maxima-dia.com\/wp-content\/uploads\/2021\/07\/CUFFIA_T115-T125-T230.jpg\",\"contentUrl\":\"https:\/\/www.maxima-dia.com\/wp-content\/uploads\/2021\/07\/CUFFIA_T115-T125-T230.jpg\",\"width\":1699,\"height\":1700},{\"@type\":\"BreadcrumbList\",\"@id\":\"https:\/\/www.maxima-dia.com\/fr\/accessoires-pour-la-coupe-le-carottage-et-le-poncage\/cuffia-t115-t125-t230\/#breadcrumb\",\"itemListElement\":[{\"@type\":\"ListItem\",\"position\":1,\"name\":\"Home\",\"item\":\"https:\/\/www.maxima-dia.com\/fr\/\"},{\"@type\":\"ListItem\",\"position\":2,\"name\":\"Accessoires pour la coupe, le carottage et le pon\u00e7age\",\"item\":\"https:\/\/www.maxima-dia.com\/fr\/accessoires-pour-la-coupe-le-carottage-et-le-poncage\/\"},{\"@type\":\"ListItem\",\"position\":3,\"name\":\"Cuffia T115 &#8211; T125 &#8211; T230\"}]},{\"@type\":\"WebSite\",\"@id\":\"https:\/\/www.maxima-dia.com\/fr\/#website\",\"url\":\"https:\/\/www.maxima-dia.com\/fr\/\",\"name\":\"Maxima SpA\",\"description\":\"Only for the real professionals\",\"potentialAction\":[{\"@type\":\"SearchAction\",\"target\":{\"@type\":\"EntryPoint\",\"urlTemplate\":\"https:\/\/www.maxima-dia.com\/fr\/?s={search_term_string}\"},\"query-input\":{\"@type\":\"PropertyValueSpecification\",\"valueRequired\":true,\"valueName\":\"search_term_string\"}}],\"inLanguage\":\"fr-FR\"}]}<\/script>\n<!-- \/ Yoast SEO plugin. -->","yoast_head_json":{"title":"Cuffia T115 - T125 - T230 - Maxima SpA","robots":{"index":"index","follow":"follow","max-snippet":"max-snippet:-1","max-image-preview":"max-image-preview:large","max-video-preview":"max-video-preview:-1"},"canonical":"https:\/\/www.maxima-dia.com\/fr\/accessoires-pour-la-coupe-le-carottage-et-le-poncage\/cuffia-t115-t125-t230\/","og_locale":"fr_FR","og_type":"article","og_title":"Cuffia T115 - T125 - T230 - Maxima SpA","og_description":"[vc_row][vc_column text_align=\u00a0\u00bbcenter\u00a0\u00bb width=\u00a0\u00bb1\/4&Prime;][vc_column_text][\/vc_column_text][vc_column_text css_animation=\u00a0\u00bbslideInDown\u00a0\u00bb el_class=\u00a0\u00bbhidebuybutton\u00a0\u00bb][\/vc_column_text][vc_btn title=\u00a0\u00bbFiche du produit\u00a0\u00bb style=\u00a0\u00bboutline-custom\u00a0\u00bb outline_custom_color=\u00a0\u00bb#cc0000&Prime; outline_custom_hover_background=\u00a0\u00bb#910000&Prime; outline_custom_hover_text=\u00a0\u00bb#f7f7f7&Prime; align=\u00a0\u00bbcenter\u00a0\u00bb i_icon_fontawesome=\u00a0\u00bbfas fa-download\u00a0\u00bb add_icon=\u00a0\u00bbtrue\u00a0\u00bb css=\u00a0\u00bb.vc_custom_1639122686571{margin-top: 5px !important;margin-right: 5px !important;margin-bottom: 5px !important;margin-left: 5px !important;}\u00a0\u00bb link=\u00a0\u00bburl:%2Fdl.php%3Ffile_url%3Dhttps%3A%2F%2Fwww.maxima-dia.com%2Fwp-content%2Fuploads%2F2021%2F11%2FACCESSOIRES-DE-COUPE-SLITTA-JOLLY-COIFFE-FR.pdf\u00a0\u00bb][\/vc_column][vc_column width=\u00a0\u00bb3\/4&Prime;][vc_column_text]Protection m\u00e9tallique applicable sur toutes les meuleuses 115, 125 et 230. En plus du carter existant, la Coiffe T115, T125 et T230 permet de r\u00e9duire le d\u00e9gagement de poussi\u00e8re de plus de 90%. Utilisable avec et sans aspirateur professionnel. Dans ce dernier cas, il suffit simplement de brancher dans l\u2019adaptateur un simple tube pour acheminer les poussi\u00e8res dans un r\u00e9cipient. &nbsp; &nbsp; &nbsp; &nbsp; [\/vc_column_text][\/vc_column][\/vc_row]","og_url":"https:\/\/www.maxima-dia.com\/fr\/accessoires-pour-la-coupe-le-carottage-et-le-poncage\/cuffia-t115-t125-t230\/","og_site_name":"Maxima SpA","article_publisher":"https:\/\/www.facebook.com\/Maxima-spa-106098566139597","article_modified_time":"2021-12-10T07:51:30+00:00","og_image":[{"width":1699,"height":1700,"url":"https:\/\/www.maxima-dia.com\/wp-content\/uploads\/2021\/07\/CUFFIA_T115-T125-T230.jpg","type":"image\/jpeg"}],"twitter_card":"summary_large_image","twitter_site":"@Maximadia","twitter_misc":{"Dur\u00e9e de lecture estim\u00e9e":"2 minutes"},"schema":{"@context":"https:\/\/schema.org","@graph":[{"@type":"WebPage","@id":"https:\/\/www.maxima-dia.com\/fr\/accessoires-pour-la-coupe-le-carottage-et-le-poncage\/cuffia-t115-t125-t230\/","url":"https:\/\/www.maxima-dia.com\/fr\/accessoires-pour-la-coupe-le-carottage-et-le-poncage\/cuffia-t115-t125-t230\/","name":"Cuffia T115 - T125 - T230 - Maxima SpA","isPartOf":{"@id":"https:\/\/www.maxima-dia.com\/fr\/#website"},"primaryImageOfPage":{"@id":"https:\/\/www.maxima-dia.com\/fr\/accessoires-pour-la-coupe-le-carottage-et-le-poncage\/cuffia-t115-t125-t230\/#primaryimage"},"image":{"@id":"https:\/\/www.maxima-dia.com\/fr\/accessoires-pour-la-coupe-le-carottage-et-le-poncage\/cuffia-t115-t125-t230\/#primaryimage"},"thumbnailUrl":"https:\/\/www.maxima-dia.com\/wp-content\/uploads\/2021\/07\/CUFFIA_T115-T125-T230.jpg","datePublished":"2018-10-24T08:43:23+00:00","dateModified":"2021-12-10T07:51:30+00:00","breadcrumb":{"@id":"https:\/\/www.maxima-dia.com\/fr\/accessoires-pour-la-coupe-le-carottage-et-le-poncage\/cuffia-t115-t125-t230\/#breadcrumb"},"inLanguage":"fr-FR","potentialAction":[{"@type":"ReadAction","target":["https:\/\/www.maxima-dia.com\/fr\/accessoires-pour-la-coupe-le-carottage-et-le-poncage\/cuffia-t115-t125-t230\/"]}]},{"@type":"ImageObject","inLanguage":"fr-FR","@id":"https:\/\/www.maxima-dia.com\/fr\/accessoires-pour-la-coupe-le-carottage-et-le-poncage\/cuffia-t115-t125-t230\/#primaryimage","url":"https:\/\/www.maxima-dia.com\/wp-content\/uploads\/2021\/07\/CUFFIA_T115-T125-T230.jpg","contentUrl":"https:\/\/www.maxima-dia.com\/wp-content\/uploads\/2021\/07\/CUFFIA_T115-T125-T230.jpg","width":1699,"height":1700},{"@type":"BreadcrumbList","@id":"https:\/\/www.maxima-dia.com\/fr\/accessoires-pour-la-coupe-le-carottage-et-le-poncage\/cuffia-t115-t125-t230\/#breadcrumb","itemListElement":[{"@type":"ListItem","position":1,"name":"Home","item":"https:\/\/www.maxima-dia.com\/fr\/"},{"@type":"ListItem","position":2,"name":"Accessoires pour la coupe, le carottage et le pon\u00e7age","item":"https:\/\/www.maxima-dia.com\/fr\/accessoires-pour-la-coupe-le-carottage-et-le-poncage\/"},{"@type":"ListItem","position":3,"name":"Cuffia T115 &#8211; T125 &#8211; T230"}]},{"@type":"WebSite","@id":"https:\/\/www.maxima-dia.com\/fr\/#website","url":"https:\/\/www.maxima-dia.com\/fr\/","name":"Maxima SpA","description":"Only for the real professionals","potentialAction":[{"@type":"SearchAction","target":{"@type":"EntryPoint","urlTemplate":"https:\/\/www.maxima-dia.com\/fr\/?s={search_term_string}"},"query-input":{"@type":"PropertyValueSpecification","valueRequired":true,"valueName":"search_term_string"}}],"inLanguage":"fr-FR"}]}},"_links":{"self":[{"href":"https:\/\/www.maxima-dia.com\/fr\/wp-json\/wp\/v2\/pages\/19183"}],"collection":[{"href":"https:\/\/www.maxima-dia.com\/fr\/wp-json\/wp\/v2\/pages"}],"about":[{"href":"https:\/\/www.maxima-dia.com\/fr\/wp-json\/wp\/v2\/types\/page"}],"author":[{"embeddable":true,"href":"https:\/\/www.maxima-dia.com\/fr\/wp-json\/wp\/v2\/users\/29"}],"replies":[{"embeddable":true,"href":"https:\/\/www.maxima-dia.com\/fr\/wp-json\/wp\/v2\/comments?post=19183"}],"version-history":[{"count":0,"href":"https:\/\/www.maxima-dia.com\/fr\/wp-json\/wp\/v2\/pages\/19183\/revisions"}],"up":[{"embeddable":true,"href":"https:\/\/www.maxima-dia.com\/fr\/wp-json\/wp\/v2\/pages\/19386"}],"wp:featuredmedia":[{"embeddable":true,"href":"https:\/\/www.maxima-dia.com\/fr\/wp-json\/wp\/v2\/media\/29518"}],"wp:attachment":[{"href":"https:\/\/www.maxima-dia.com\/fr\/wp-json\/wp\/v2\/media?parent=19183"}],"curies":[{"name":"wp","href":"https:\/\/api.w.org\/{rel}","templated":true}]}}