{"id":19429,"date":"2018-10-25T10:20:07","date_gmt":"2018-10-25T08:20:07","guid":{"rendered":"https:\/\/www.maxima-dia.com\/?page_id=19429"},"modified":"2021-12-20T12:05:19","modified_gmt":"2021-12-20T11:05:19","slug":"protections-l125-l180","status":"publish","type":"page","link":"https:\/\/www.maxima-dia.com\/fr\/accessoires-pour-la-coupe-le-carottage-et-le-poncage\/protections-l125-l180\/","title":{"rendered":"Protections L125 &#8211; L180"},"content":{"rendered":"<div class=\"wpb-content-wrapper\"><p>[vc_row][vc_column text_align=\u00a0\u00bbcenter\u00a0\u00bb width=\u00a0\u00bb1\/4&Prime;][vc_column_text]<a href=\"https:\/\/www.maxima-dia.com\/wp-content\/uploads\/2018\/10\/CuffiaL125L180catalogo03.jpg\"><img loading=\"lazy\" decoding=\"async\" class=\"alignnone wp-image-19241 size-thumbnail\" src=\"https:\/\/www.maxima-dia.com\/wp-content\/uploads\/2018\/10\/CuffiaL125L180catalogo03-150x150.jpg\" alt=\"\" width=\"150\" height=\"150\" srcset=\"https:\/\/www.maxima-dia.com\/wp-content\/uploads\/2018\/10\/CuffiaL125L180catalogo03-150x150.jpg 150w, https:\/\/www.maxima-dia.com\/wp-content\/uploads\/2018\/10\/CuffiaL125L180catalogo03-300x300.jpg 300w, https:\/\/www.maxima-dia.com\/wp-content\/uploads\/2018\/10\/CuffiaL125L180catalogo03-768x768.jpg 768w, https:\/\/www.maxima-dia.com\/wp-content\/uploads\/2018\/10\/CuffiaL125L180catalogo03-1024x1024.jpg 1024w, https:\/\/www.maxima-dia.com\/wp-content\/uploads\/2018\/10\/CuffiaL125L180catalogo03-80x80.jpg 80w, https:\/\/www.maxima-dia.com\/wp-content\/uploads\/2018\/10\/CuffiaL125L180catalogo03-500x500.jpg 500w, https:\/\/www.maxima-dia.com\/wp-content\/uploads\/2018\/10\/CuffiaL125L180catalogo03-1000x1000.jpg 1000w, https:\/\/www.maxima-dia.com\/wp-content\/uploads\/2018\/10\/CuffiaL125L180catalogo03.jpg 1500w\" sizes=\"(max-width: 150px) 100vw, 150px\" \/><\/a>[\/vc_column_text][vc_column_text css_animation=\u00a0\u00bbslideInDown\u00a0\u00bb el_class=\u00a0\u00bbhidebuybutton\u00a0\u00bb]<a href=\"https:\/\/www.storemaxima.com\/fr\/poncage\/229-protections-l125-l180.html\" target=\"_blank\" rel=\"noopener\"><img loading=\"lazy\" decoding=\"async\" class=\"alignnone\" title=\"Acheter sur www.storemaxima.com\" src=\"https:\/\/www.maxima-dia.com\/wp-content\/uploads\/2019\/12\/pulsante-acquista-storemaxima.com-fr.svg\" alt=\"Acheter sur www.storemaxima.com\" width=\"180\" height=\"80\"><\/a>[\/vc_column_text][vc_btn title=\u00a0\u00bbFiche du produit\u00a0\u00bb style=\u00a0\u00bboutline-custom\u00a0\u00bb outline_custom_color=\u00a0\u00bb#cc0000&Prime; outline_custom_hover_background=\u00a0\u00bb#910000&Prime; outline_custom_hover_text=\u00a0\u00bb#f7f7f7&Prime; align=\u00a0\u00bbcenter\u00a0\u00bb i_icon_fontawesome=\u00a0\u00bbfas fa-download\u00a0\u00bb add_icon=\u00a0\u00bbtrue\u00a0\u00bb css=\u00a0\u00bb.vc_custom_1639122739326{margin-top: 5px !important;margin-right: 5px !important;margin-bottom: 5px !important;margin-left: 5px !important;}\u00a0\u00bb link=\u00a0\u00bburl:%2Fdl.php%3Ffile_url%3Dhttps%3A%2F%2Fwww.maxima-dia.com%2Fwp-content%2Fuploads%2F2021%2F11%2FACCESSOIRES-DE-COUPE-SLITTA-JOLLY-COIFFE-FR.pdf\u00a0\u00bb][\/vc_column][vc_column width=\u00a0\u00bb3\/4&Prime;][vc_column_text]Si l\u2019on ne peut pas disposer d\u2019une ponceuse professionnelle, les utilisateurs pourront, gr\u00e2ce \u00e0 leurs <strong>Coiffes L125<\/strong> et <strong>L180<\/strong>, transformer des meuleuses normales en petites ponceuses \u00e0 un co\u00fbt modique en montant le plateau adapt\u00e9. Agile, flexible, l\u00e9ger et maniable, il peut \u00e9galement \u00eatre utilis\u00e9 pour l\u2019utilisation au ras du mur gr\u00e2ce \u00e0 sa porte lat\u00e9rale et ses roues de glissement. Il s\u2019adapte \u00e0 toutes les surfaces gr\u00e2ce \u00e0 son joint en caoutchouc.<\/p>\n<table class=\"tabellafotocarotaggio\" style=\"width: 100%;\">\n<tbody>\n<tr>\n<td style=\"text-align: center; width: 20%;\"><a href=\"https:\/\/www.maxima-dia.com\/wp-content\/uploads\/2018\/10\/CuffiaL125L180-f05.jpg\"><img loading=\"lazy\" decoding=\"async\" class=\"alignnone wp-image-19214 size-thumbnail\" src=\"https:\/\/www.maxima-dia.com\/wp-content\/uploads\/2018\/10\/CuffiaL125L180-f05-150x150.jpg\" alt=\"\" width=\"150\" height=\"150\" srcset=\"https:\/\/www.maxima-dia.com\/wp-content\/uploads\/2018\/10\/CuffiaL125L180-f05-150x150.jpg 150w, https:\/\/www.maxima-dia.com\/wp-content\/uploads\/2018\/10\/CuffiaL125L180-f05-300x300.jpg 300w, https:\/\/www.maxima-dia.com\/wp-content\/uploads\/2018\/10\/CuffiaL125L180-f05-768x768.jpg 768w, https:\/\/www.maxima-dia.com\/wp-content\/uploads\/2018\/10\/CuffiaL125L180-f05-1024x1024.jpg 1024w, https:\/\/www.maxima-dia.com\/wp-content\/uploads\/2018\/10\/CuffiaL125L180-f05-80x80.jpg 80w, https:\/\/www.maxima-dia.com\/wp-content\/uploads\/2018\/10\/CuffiaL125L180-f05-500x500.jpg 500w, https:\/\/www.maxima-dia.com\/wp-content\/uploads\/2018\/10\/CuffiaL125L180-f05-1000x1000.jpg 1000w, https:\/\/www.maxima-dia.com\/wp-content\/uploads\/2018\/10\/CuffiaL125L180-f05.jpg 1500w\" sizes=\"(max-width: 150px) 100vw, 150px\" \/><\/a><\/td>\n<td style=\"text-align: center; width: 20%;\"><a href=\"https:\/\/www.maxima-dia.com\/wp-content\/uploads\/2018\/10\/CuffiaL125L180-f06-fondo-bianco.jpg\"><img loading=\"lazy\" decoding=\"async\" class=\"alignnone wp-image-19219 size-thumbnail\" src=\"https:\/\/www.maxima-dia.com\/wp-content\/uploads\/2018\/10\/CuffiaL125L180-f06-fondo-bianco-150x150.jpg\" alt=\"\" width=\"150\" height=\"150\" srcset=\"https:\/\/www.maxima-dia.com\/wp-content\/uploads\/2018\/10\/CuffiaL125L180-f06-fondo-bianco-150x150.jpg 150w, https:\/\/www.maxima-dia.com\/wp-content\/uploads\/2018\/10\/CuffiaL125L180-f06-fondo-bianco-300x300.jpg 300w, https:\/\/www.maxima-dia.com\/wp-content\/uploads\/2018\/10\/CuffiaL125L180-f06-fondo-bianco-768x768.jpg 768w, https:\/\/www.maxima-dia.com\/wp-content\/uploads\/2018\/10\/CuffiaL125L180-f06-fondo-bianco-1024x1024.jpg 1024w, https:\/\/www.maxima-dia.com\/wp-content\/uploads\/2018\/10\/CuffiaL125L180-f06-fondo-bianco-80x80.jpg 80w, https:\/\/www.maxima-dia.com\/wp-content\/uploads\/2018\/10\/CuffiaL125L180-f06-fondo-bianco-500x500.jpg 500w, https:\/\/www.maxima-dia.com\/wp-content\/uploads\/2018\/10\/CuffiaL125L180-f06-fondo-bianco-1000x1000.jpg 1000w, https:\/\/www.maxima-dia.com\/wp-content\/uploads\/2018\/10\/CuffiaL125L180-f06-fondo-bianco.jpg 1500w\" sizes=\"(max-width: 150px) 100vw, 150px\" \/><\/a>&nbsp;<\/td>\n<td style=\"text-align: center; width: 20%;\"><a href=\"https:\/\/www.maxima-dia.com\/wp-content\/uploads\/2018\/10\/CuffiaL125L180-f07-fondo-bianco.jpg\"><img loading=\"lazy\" decoding=\"async\" class=\"alignnone wp-image-19224 size-thumbnail\" src=\"https:\/\/www.maxima-dia.com\/wp-content\/uploads\/2018\/10\/CuffiaL125L180-f07-fondo-bianco-150x150.jpg\" alt=\"\" width=\"150\" height=\"150\" srcset=\"https:\/\/www.maxima-dia.com\/wp-content\/uploads\/2018\/10\/CuffiaL125L180-f07-fondo-bianco-150x150.jpg 150w, https:\/\/www.maxima-dia.com\/wp-content\/uploads\/2018\/10\/CuffiaL125L180-f07-fondo-bianco-300x300.jpg 300w, https:\/\/www.maxima-dia.com\/wp-content\/uploads\/2018\/10\/CuffiaL125L180-f07-fondo-bianco-768x768.jpg 768w, https:\/\/www.maxima-dia.com\/wp-content\/uploads\/2018\/10\/CuffiaL125L180-f07-fondo-bianco-1024x1024.jpg 1024w, https:\/\/www.maxima-dia.com\/wp-content\/uploads\/2018\/10\/CuffiaL125L180-f07-fondo-bianco-80x80.jpg 80w, https:\/\/www.maxima-dia.com\/wp-content\/uploads\/2018\/10\/CuffiaL125L180-f07-fondo-bianco-500x500.jpg 500w, https:\/\/www.maxima-dia.com\/wp-content\/uploads\/2018\/10\/CuffiaL125L180-f07-fondo-bianco-1000x1000.jpg 1000w, https:\/\/www.maxima-dia.com\/wp-content\/uploads\/2018\/10\/CuffiaL125L180-f07-fondo-bianco.jpg 1500w\" sizes=\"(max-width: 150px) 100vw, 150px\" \/><\/a><\/td>\n<td style=\"text-align: center; width: 20%;\"><a href=\"https:\/\/www.maxima-dia.com\/wp-content\/uploads\/2018\/10\/CuffiaL125L180-testi.jpg\"><img loading=\"lazy\" decoding=\"async\" class=\"alignnone wp-image-19234 size-thumbnail\" src=\"https:\/\/www.maxima-dia.com\/wp-content\/uploads\/2018\/10\/CuffiaL125L180-testi-150x150.jpg\" alt=\"\" width=\"150\" height=\"150\" srcset=\"https:\/\/www.maxima-dia.com\/wp-content\/uploads\/2018\/10\/CuffiaL125L180-testi-150x150.jpg 150w, https:\/\/www.maxima-dia.com\/wp-content\/uploads\/2018\/10\/CuffiaL125L180-testi-300x300.jpg 300w, https:\/\/www.maxima-dia.com\/wp-content\/uploads\/2018\/10\/CuffiaL125L180-testi-768x768.jpg 768w, https:\/\/www.maxima-dia.com\/wp-content\/uploads\/2018\/10\/CuffiaL125L180-testi-1024x1024.jpg 1024w, https:\/\/www.maxima-dia.com\/wp-content\/uploads\/2018\/10\/CuffiaL125L180-testi-80x80.jpg 80w, https:\/\/www.maxima-dia.com\/wp-content\/uploads\/2018\/10\/CuffiaL125L180-testi-500x500.jpg 500w, https:\/\/www.maxima-dia.com\/wp-content\/uploads\/2018\/10\/CuffiaL125L180-testi-1000x1000.jpg 1000w, https:\/\/www.maxima-dia.com\/wp-content\/uploads\/2018\/10\/CuffiaL125L180-testi.jpg 1500w\" sizes=\"(max-width: 150px) 100vw, 150px\" \/><\/a><\/td>\n<td style=\"text-align: center; width: 20%;\"><a href=\"https:\/\/www.maxima-dia.com\/wp-content\/uploads\/2018\/10\/CuffiaL125L180-levigatrice-sportello.jpg\"><img loading=\"lazy\" decoding=\"async\" class=\"alignnone wp-image-19229 size-thumbnail\" src=\"https:\/\/www.maxima-dia.com\/wp-content\/uploads\/2018\/10\/CuffiaL125L180-levigatrice-sportello-150x150.jpg\" alt=\"\" width=\"150\" height=\"150\" srcset=\"https:\/\/www.maxima-dia.com\/wp-content\/uploads\/2018\/10\/CuffiaL125L180-levigatrice-sportello-150x150.jpg 150w, https:\/\/www.maxima-dia.com\/wp-content\/uploads\/2018\/10\/CuffiaL125L180-levigatrice-sportello-300x300.jpg 300w, https:\/\/www.maxima-dia.com\/wp-content\/uploads\/2018\/10\/CuffiaL125L180-levigatrice-sportello-768x768.jpg 768w, https:\/\/www.maxima-dia.com\/wp-content\/uploads\/2018\/10\/CuffiaL125L180-levigatrice-sportello-1024x1024.jpg 1024w, https:\/\/www.maxima-dia.com\/wp-content\/uploads\/2018\/10\/CuffiaL125L180-levigatrice-sportello-80x80.jpg 80w, https:\/\/www.maxima-dia.com\/wp-content\/uploads\/2018\/10\/CuffiaL125L180-levigatrice-sportello-500x500.jpg 500w, https:\/\/www.maxima-dia.com\/wp-content\/uploads\/2018\/10\/CuffiaL125L180-levigatrice-sportello-1000x1000.jpg 1000w, https:\/\/www.maxima-dia.com\/wp-content\/uploads\/2018\/10\/CuffiaL125L180-levigatrice-sportello.jpg 1500w\" sizes=\"(max-width: 150px) 100vw, 150px\" \/><\/a><\/td>\n<\/tr>\n<\/tbody>\n<\/table>\n<p>&nbsp;[\/vc_column_text][\/vc_column][\/vc_row]<\/p>\n<\/div>","protected":false},"excerpt":{"rendered":"<p>[vc_row][vc_column text_align=\u00a0\u00bbcenter\u00a0\u00bb width=\u00a0\u00bb1\/4&Prime;][vc_column_text][\/vc_column_text][vc_column_text css_animation=\u00a0\u00bbslideInDown\u00a0\u00bb el_class=\u00a0\u00bbhidebuybutton\u00a0\u00bb][\/vc_column_text][vc_btn title=\u00a0\u00bbFiche du produit\u00a0\u00bb style=\u00a0\u00bboutline-custom\u00a0\u00bb outline_custom_color=\u00a0\u00bb#cc0000&Prime; outline_custom_hover_background=\u00a0\u00bb#910000&Prime; outline_custom_hover_text=\u00a0\u00bb#f7f7f7&Prime; align=\u00a0\u00bbcenter\u00a0\u00bb i_icon_fontawesome=\u00a0\u00bbfas fa-download\u00a0\u00bb add_icon=\u00a0\u00bbtrue\u00a0\u00bb css=\u00a0\u00bb.vc_custom_1639122739326{margin-top: 5px !important;margin-right: 5px !important;margin-bottom: 5px !important;margin-left: 5px !important;}\u00a0\u00bb link=\u00a0\u00bburl:%2Fdl.php%3Ffile_url%3Dhttps%3A%2F%2Fwww.maxima-dia.com%2Fwp-content%2Fuploads%2F2021%2F11%2FACCESSOIRES-DE-COUPE-SLITTA-JOLLY-COIFFE-FR.pdf\u00a0\u00bb][\/vc_column][vc_column width=\u00a0\u00bb3\/4&Prime;][vc_column_text]Si l\u2019on ne peut pas disposer d\u2019une ponceuse professionnelle, les utilisateurs pourront, gr\u00e2ce \u00e0 leurs Coiffes L125 et L180, transformer des meuleuses normales en petites ponceuses \u00e0 un co\u00fbt modique en montant le plateau adapt\u00e9. Agile, flexible, l\u00e9ger et maniable, il peut \u00e9galement \u00eatre utilis\u00e9 pour l\u2019utilisation au ras du mur gr\u00e2ce \u00e0 sa porte lat\u00e9rale et ses roues de glissement. Il s\u2019adapte \u00e0 toutes les surfaces gr\u00e2ce \u00e0 son joint en caoutchouc. &nbsp; &nbsp;[\/vc_column_text][\/vc_column][\/vc_row]<\/p>\n","protected":false},"author":29,"featured_media":19241,"parent":19386,"menu_order":4,"comment_status":"closed","ping_status":"closed","template":"","meta":{"ngg_post_thumbnail":0,"_joinchat":[],"footnotes":""},"class_list":["post-19429","page","type-page","status-publish","has-post-thumbnail","hentry"],"yoast_head":"<!-- This site is optimized with the Yoast SEO plugin v25.5 - https:\/\/yoast.com\/wordpress\/plugins\/seo\/ -->\n<title>Protections L125 - L180 - Maxima SpA<\/title>\n<meta name=\"description\" content=\"L&#039;outil de coiffe L125 et L180 transforme la meuleuse en ponceuse \u00e0 faible co\u00fbt en montant le plateau adapt\u00e9\" \/>\n<meta name=\"robots\" content=\"index, follow, max-snippet:-1, max-image-preview:large, max-video-preview:-1\" \/>\n<link rel=\"canonical\" href=\"https:\/\/www.maxima-dia.com\/fr\/accessoires-pour-la-coupe-le-carottage-et-le-poncage\/protections-l125-l180\/\" \/>\n<meta property=\"og:locale\" content=\"fr_FR\" \/>\n<meta property=\"og:type\" content=\"article\" \/>\n<meta property=\"og:title\" content=\"Protections L125 - L180 - Maxima SpA\" \/>\n<meta property=\"og:description\" content=\"L&#039;outil de coiffe L125 et L180 transforme la meuleuse en ponceuse \u00e0 faible co\u00fbt en montant le plateau adapt\u00e9\" \/>\n<meta property=\"og:url\" content=\"https:\/\/www.maxima-dia.com\/fr\/accessoires-pour-la-coupe-le-carottage-et-le-poncage\/protections-l125-l180\/\" \/>\n<meta property=\"og:site_name\" content=\"Maxima SpA\" \/>\n<meta property=\"article:publisher\" content=\"https:\/\/www.facebook.com\/Maxima-spa-106098566139597\" \/>\n<meta property=\"article:modified_time\" content=\"2021-12-20T11:05:19+00:00\" \/>\n<meta property=\"og:image\" content=\"https:\/\/www.maxima-dia.com\/wp-content\/uploads\/2018\/10\/CuffiaL125L180catalogo03.jpg\" \/>\n\t<meta property=\"og:image:width\" content=\"1500\" \/>\n\t<meta property=\"og:image:height\" content=\"1500\" \/>\n\t<meta property=\"og:image:type\" content=\"image\/jpeg\" \/>\n<meta name=\"twitter:card\" content=\"summary_large_image\" \/>\n<meta name=\"twitter:site\" content=\"@Maximadia\" \/>\n<meta name=\"twitter:label1\" content=\"Dur\u00e9e de lecture estim\u00e9e\" \/>\n\t<meta name=\"twitter:data1\" content=\"2 minutes\" \/>\n<script type=\"application\/ld+json\" class=\"yoast-schema-graph\">{\"@context\":\"https:\/\/schema.org\",\"@graph\":[{\"@type\":\"WebPage\",\"@id\":\"https:\/\/www.maxima-dia.com\/fr\/accessoires-pour-la-coupe-le-carottage-et-le-poncage\/protections-l125-l180\/\",\"url\":\"https:\/\/www.maxima-dia.com\/fr\/accessoires-pour-la-coupe-le-carottage-et-le-poncage\/protections-l125-l180\/\",\"name\":\"Protections L125 - L180 - Maxima SpA\",\"isPartOf\":{\"@id\":\"https:\/\/www.maxima-dia.com\/fr\/#website\"},\"primaryImageOfPage\":{\"@id\":\"https:\/\/www.maxima-dia.com\/fr\/accessoires-pour-la-coupe-le-carottage-et-le-poncage\/protections-l125-l180\/#primaryimage\"},\"image\":{\"@id\":\"https:\/\/www.maxima-dia.com\/fr\/accessoires-pour-la-coupe-le-carottage-et-le-poncage\/protections-l125-l180\/#primaryimage\"},\"thumbnailUrl\":\"https:\/\/www.maxima-dia.com\/wp-content\/uploads\/2018\/10\/CuffiaL125L180catalogo03.jpg\",\"datePublished\":\"2018-10-25T08:20:07+00:00\",\"dateModified\":\"2021-12-20T11:05:19+00:00\",\"description\":\"L'outil de coiffe L125 et L180 transforme la meuleuse en ponceuse \u00e0 faible co\u00fbt en montant le plateau adapt\u00e9\",\"breadcrumb\":{\"@id\":\"https:\/\/www.maxima-dia.com\/fr\/accessoires-pour-la-coupe-le-carottage-et-le-poncage\/protections-l125-l180\/#breadcrumb\"},\"inLanguage\":\"fr-FR\",\"potentialAction\":[{\"@type\":\"ReadAction\",\"target\":[\"https:\/\/www.maxima-dia.com\/fr\/accessoires-pour-la-coupe-le-carottage-et-le-poncage\/protections-l125-l180\/\"]}]},{\"@type\":\"ImageObject\",\"inLanguage\":\"fr-FR\",\"@id\":\"https:\/\/www.maxima-dia.com\/fr\/accessoires-pour-la-coupe-le-carottage-et-le-poncage\/protections-l125-l180\/#primaryimage\",\"url\":\"https:\/\/www.maxima-dia.com\/wp-content\/uploads\/2018\/10\/CuffiaL125L180catalogo03.jpg\",\"contentUrl\":\"https:\/\/www.maxima-dia.com\/wp-content\/uploads\/2018\/10\/CuffiaL125L180catalogo03.jpg\",\"width\":1500,\"height\":1500},{\"@type\":\"BreadcrumbList\",\"@id\":\"https:\/\/www.maxima-dia.com\/fr\/accessoires-pour-la-coupe-le-carottage-et-le-poncage\/protections-l125-l180\/#breadcrumb\",\"itemListElement\":[{\"@type\":\"ListItem\",\"position\":1,\"name\":\"Home\",\"item\":\"https:\/\/www.maxima-dia.com\/fr\/\"},{\"@type\":\"ListItem\",\"position\":2,\"name\":\"Accessoires pour la coupe, le carottage et le pon\u00e7age\",\"item\":\"https:\/\/www.maxima-dia.com\/fr\/accessoires-pour-la-coupe-le-carottage-et-le-poncage\/\"},{\"@type\":\"ListItem\",\"position\":3,\"name\":\"Protections L125 &#8211; L180\"}]},{\"@type\":\"WebSite\",\"@id\":\"https:\/\/www.maxima-dia.com\/fr\/#website\",\"url\":\"https:\/\/www.maxima-dia.com\/fr\/\",\"name\":\"Maxima SpA\",\"description\":\"Only for the real professionals\",\"potentialAction\":[{\"@type\":\"SearchAction\",\"target\":{\"@type\":\"EntryPoint\",\"urlTemplate\":\"https:\/\/www.maxima-dia.com\/fr\/?s={search_term_string}\"},\"query-input\":{\"@type\":\"PropertyValueSpecification\",\"valueRequired\":true,\"valueName\":\"search_term_string\"}}],\"inLanguage\":\"fr-FR\"}]}<\/script>\n<!-- \/ Yoast SEO plugin. -->","yoast_head_json":{"title":"Protections L125 - L180 - Maxima SpA","description":"L'outil de coiffe L125 et L180 transforme la meuleuse en ponceuse \u00e0 faible co\u00fbt en montant le plateau adapt\u00e9","robots":{"index":"index","follow":"follow","max-snippet":"max-snippet:-1","max-image-preview":"max-image-preview:large","max-video-preview":"max-video-preview:-1"},"canonical":"https:\/\/www.maxima-dia.com\/fr\/accessoires-pour-la-coupe-le-carottage-et-le-poncage\/protections-l125-l180\/","og_locale":"fr_FR","og_type":"article","og_title":"Protections L125 - L180 - Maxima SpA","og_description":"L'outil de coiffe L125 et L180 transforme la meuleuse en ponceuse \u00e0 faible co\u00fbt en montant le plateau adapt\u00e9","og_url":"https:\/\/www.maxima-dia.com\/fr\/accessoires-pour-la-coupe-le-carottage-et-le-poncage\/protections-l125-l180\/","og_site_name":"Maxima SpA","article_publisher":"https:\/\/www.facebook.com\/Maxima-spa-106098566139597","article_modified_time":"2021-12-20T11:05:19+00:00","og_image":[{"width":1500,"height":1500,"url":"https:\/\/www.maxima-dia.com\/wp-content\/uploads\/2018\/10\/CuffiaL125L180catalogo03.jpg","type":"image\/jpeg"}],"twitter_card":"summary_large_image","twitter_site":"@Maximadia","twitter_misc":{"Dur\u00e9e de lecture estim\u00e9e":"2 minutes"},"schema":{"@context":"https:\/\/schema.org","@graph":[{"@type":"WebPage","@id":"https:\/\/www.maxima-dia.com\/fr\/accessoires-pour-la-coupe-le-carottage-et-le-poncage\/protections-l125-l180\/","url":"https:\/\/www.maxima-dia.com\/fr\/accessoires-pour-la-coupe-le-carottage-et-le-poncage\/protections-l125-l180\/","name":"Protections L125 - L180 - Maxima SpA","isPartOf":{"@id":"https:\/\/www.maxima-dia.com\/fr\/#website"},"primaryImageOfPage":{"@id":"https:\/\/www.maxima-dia.com\/fr\/accessoires-pour-la-coupe-le-carottage-et-le-poncage\/protections-l125-l180\/#primaryimage"},"image":{"@id":"https:\/\/www.maxima-dia.com\/fr\/accessoires-pour-la-coupe-le-carottage-et-le-poncage\/protections-l125-l180\/#primaryimage"},"thumbnailUrl":"https:\/\/www.maxima-dia.com\/wp-content\/uploads\/2018\/10\/CuffiaL125L180catalogo03.jpg","datePublished":"2018-10-25T08:20:07+00:00","dateModified":"2021-12-20T11:05:19+00:00","description":"L'outil de coiffe L125 et L180 transforme la meuleuse en ponceuse \u00e0 faible co\u00fbt en montant le plateau adapt\u00e9","breadcrumb":{"@id":"https:\/\/www.maxima-dia.com\/fr\/accessoires-pour-la-coupe-le-carottage-et-le-poncage\/protections-l125-l180\/#breadcrumb"},"inLanguage":"fr-FR","potentialAction":[{"@type":"ReadAction","target":["https:\/\/www.maxima-dia.com\/fr\/accessoires-pour-la-coupe-le-carottage-et-le-poncage\/protections-l125-l180\/"]}]},{"@type":"ImageObject","inLanguage":"fr-FR","@id":"https:\/\/www.maxima-dia.com\/fr\/accessoires-pour-la-coupe-le-carottage-et-le-poncage\/protections-l125-l180\/#primaryimage","url":"https:\/\/www.maxima-dia.com\/wp-content\/uploads\/2018\/10\/CuffiaL125L180catalogo03.jpg","contentUrl":"https:\/\/www.maxima-dia.com\/wp-content\/uploads\/2018\/10\/CuffiaL125L180catalogo03.jpg","width":1500,"height":1500},{"@type":"BreadcrumbList","@id":"https:\/\/www.maxima-dia.com\/fr\/accessoires-pour-la-coupe-le-carottage-et-le-poncage\/protections-l125-l180\/#breadcrumb","itemListElement":[{"@type":"ListItem","position":1,"name":"Home","item":"https:\/\/www.maxima-dia.com\/fr\/"},{"@type":"ListItem","position":2,"name":"Accessoires pour la coupe, le carottage et le pon\u00e7age","item":"https:\/\/www.maxima-dia.com\/fr\/accessoires-pour-la-coupe-le-carottage-et-le-poncage\/"},{"@type":"ListItem","position":3,"name":"Protections L125 &#8211; L180"}]},{"@type":"WebSite","@id":"https:\/\/www.maxima-dia.com\/fr\/#website","url":"https:\/\/www.maxima-dia.com\/fr\/","name":"Maxima SpA","description":"Only for the real professionals","potentialAction":[{"@type":"SearchAction","target":{"@type":"EntryPoint","urlTemplate":"https:\/\/www.maxima-dia.com\/fr\/?s={search_term_string}"},"query-input":{"@type":"PropertyValueSpecification","valueRequired":true,"valueName":"search_term_string"}}],"inLanguage":"fr-FR"}]}},"_links":{"self":[{"href":"https:\/\/www.maxima-dia.com\/fr\/wp-json\/wp\/v2\/pages\/19429"}],"collection":[{"href":"https:\/\/www.maxima-dia.com\/fr\/wp-json\/wp\/v2\/pages"}],"about":[{"href":"https:\/\/www.maxima-dia.com\/fr\/wp-json\/wp\/v2\/types\/page"}],"author":[{"embeddable":true,"href":"https:\/\/www.maxima-dia.com\/fr\/wp-json\/wp\/v2\/users\/29"}],"replies":[{"embeddable":true,"href":"https:\/\/www.maxima-dia.com\/fr\/wp-json\/wp\/v2\/comments?post=19429"}],"version-history":[{"count":0,"href":"https:\/\/www.maxima-dia.com\/fr\/wp-json\/wp\/v2\/pages\/19429\/revisions"}],"up":[{"embeddable":true,"href":"https:\/\/www.maxima-dia.com\/fr\/wp-json\/wp\/v2\/pages\/19386"}],"wp:featuredmedia":[{"embeddable":true,"href":"https:\/\/www.maxima-dia.com\/fr\/wp-json\/wp\/v2\/media\/19241"}],"wp:attachment":[{"href":"https:\/\/www.maxima-dia.com\/fr\/wp-json\/wp\/v2\/media?parent=19429"}],"curies":[{"name":"wp","href":"https:\/\/api.w.org\/{rel}","templated":true}]}}