{"id":27480,"date":"2021-02-05T11:01:54","date_gmt":"2021-02-05T10:01:54","guid":{"rendered":"https:\/\/www.maxima-dia.com\/?page_id=27480"},"modified":"2023-02-22T10:05:28","modified_gmt":"2023-02-22T09:05:28","slug":"demande-de-service-apres-vente-de-produits","status":"publish","type":"page","link":"https:\/\/www.maxima-dia.com\/fr\/demande-de-service-apres-vente-de-produits\/","title":{"rendered":"Demande de service apr\u00e8s-vente de produits"},"content":{"rendered":"<div class=\"wpb-content-wrapper\"><p>[vc_row][vc_column width=\u00a0\u00bb1\/1&Prime;][vc_column_text]\n&nbsp;<\/p>\n<h3>Demande de service apr\u00e8s-vente de produits<\/h3>\n<p>La section contient les demandes de SAV sur les produits Maxima, dans le cas o\u00f9 on rencontre des probl\u00e8mes, d\u00e9fauts de fonctionnement ou dommages.<\/p>\n<p>En indiquant les donn\u00e9es de contact et les informations concernant le produit, votre demande sera envoy\u00e9e directement \u00e0 notre service interne SAV, qui s\u2019occupera de traiter la question le plus vite possible pour vous apporter une aide efficace.<\/p>\n<p>La fiche vous permet de t\u00e9l\u00e9charger aussi des photos du produit pour compl\u00e9ter votre demande de SAV de mani\u00e8re claire et pr\u00e9cise.<\/p>\n<p>Pour demander de SAV sur nos produits, il est n\u00e9cessaire de remplir le formulaire suivant dans chaque partie obligatoire (<span style=\"color: #ff0000;\">*<\/span>).[\/vc_column_text]\n<div class=\"wpcf7 no-js\" id=\"wpcf7-f27479-o1\" lang=\"it-IT\" dir=\"ltr\" data-wpcf7-id=\"27479\">\n<div class=\"screen-reader-response\"><p role=\"status\" aria-live=\"polite\" aria-atomic=\"true\"><\/p> <ul><\/ul><\/div>\n<form action=\"\/fr\/wp-json\/wp\/v2\/pages\/27480#wpcf7-f27479-o1\" method=\"post\" class=\"wpcf7-form init\" aria-label=\"Modulo di contatto\" enctype=\"multipart\/form-data\" novalidate=\"novalidate\" data-status=\"init\">\n<div style=\"display: none;\">\n<input type=\"hidden\" name=\"_wpcf7\" value=\"27479\" \/>\n<input type=\"hidden\" name=\"_wpcf7_version\" value=\"6.0.6\" \/>\n<input type=\"hidden\" name=\"_wpcf7_locale\" value=\"it_IT\" \/>\n<input type=\"hidden\" name=\"_wpcf7_unit_tag\" value=\"wpcf7-f27479-o1\" \/>\n<input type=\"hidden\" name=\"_wpcf7_container_post\" value=\"0\" \/>\n<input type=\"hidden\" name=\"_wpcf7_posted_data_hash\" value=\"\" \/>\n<input type=\"hidden\" name=\"_wpcf7_recaptcha_response\" value=\"\" \/>\n<\/div>\n<div class=\"main-contact-page\" style=\"margin: 10px 0 0 20px;\">\n\t<p style=\"font-weight: bold;\">Demande de service apr\u00e8s-vente\n\t<\/p>\n\t<p>Produit (*):\n\t<\/p>\n\t<p><span class=\"wpcf7-form-control-wrap\" data-name=\"nomeprodotto\"><input size=\"40\" maxlength=\"400\" class=\"wpcf7-form-control wpcf7-text wpcf7-validates-as-required\" aria-required=\"true\" aria-invalid=\"false\" value=\"\" type=\"text\" name=\"nomeprodotto\" \/><\/span>\n\t<\/p>\n\t<p>Matricule du produit (*) (v\u00e9rifier sur la plaque):\n\t<\/p>\n\t<p><span class=\"wpcf7-form-control-wrap\" data-name=\"matricolaprodotto\"><input size=\"40\" maxlength=\"400\" class=\"wpcf7-form-control wpcf7-text wpcf7-validates-as-required\" aria-required=\"true\" aria-invalid=\"false\" value=\"\" type=\"text\" name=\"matricolaprodotto\" \/><\/span>\n\t<\/p>\n\t<p>Date d'achat:\n\t<\/p>\n\t<p><span class=\"wpcf7-form-control-wrap\" data-name=\"dataacquistoprodotto\"><input class=\"wpcf7-form-control wpcf7-date wpcf7-validates-as-date\" aria-invalid=\"false\" value=\"\" type=\"date\" name=\"dataacquistoprodotto\" \/><\/span>\n\t<\/p>\n\t<p>Achet\u00e9 aupr\u00e8s (indiquer le nom du fournisseur et le lieu):\n\t<\/p>\n\t<p><span class=\"wpcf7-form-control-wrap\" data-name=\"fornitoreprodotto\"><input size=\"40\" maxlength=\"400\" class=\"wpcf7-form-control wpcf7-text\" aria-invalid=\"false\" value=\"\" type=\"text\" name=\"fornitoreprodotto\" \/><\/span>\n\t<\/p>\n\t<p>D\u00e9crire avec pr\u00e9cision les d\u00e9fauts d\u00e9tect\u00e9s:\n\t<\/p>\n\t<p><span class=\"wpcf7-form-control-wrap\" data-name=\"difettoprodotto\"><textarea cols=\"40\" rows=\"10\" maxlength=\"2000\" class=\"wpcf7-form-control wpcf7-textarea\" aria-invalid=\"false\" name=\"difettoprodotto\"><\/textarea><\/span>\n\t<\/p>\n\t<p>&nbsp;\n\t<\/p>\n\t<p style=\"font-weight: bold;\">Informations de contact\n\t<\/p>\n\t<p>Nom de l\u2019entreprise (*):\n\t<\/p>\n\t<p><span class=\"wpcf7-form-control-wrap\" data-name=\"azienda\"><input size=\"40\" maxlength=\"400\" class=\"wpcf7-form-control wpcf7-text wpcf7-validates-as-required\" aria-required=\"true\" aria-invalid=\"false\" value=\"\" type=\"text\" name=\"azienda\" \/><\/span>\n\t<\/p>\n\t<p>Num\u00e9ro de TVA:\n\t<\/p>\n\t<p><span class=\"wpcf7-form-control-wrap\" data-name=\"partitaiva\"><input size=\"40\" maxlength=\"11\" class=\"wpcf7-form-control wpcf7-text\" aria-invalid=\"false\" value=\"\" type=\"text\" name=\"partitaiva\" \/><\/span>\n\t<\/p>\n\t<p>Nom du demandeur (*):\n\t<\/p>\n\t<p><span class=\"wpcf7-form-control-wrap\" data-name=\"nominativo\"><input size=\"40\" maxlength=\"400\" class=\"wpcf7-form-control wpcf7-text wpcf7-validates-as-required\" aria-required=\"true\" aria-invalid=\"false\" value=\"\" type=\"text\" name=\"nominativo\" \/><\/span>\n\t<\/p>\n\t<p>Adresse:\n\t<\/p>\n\t<p><span class=\"wpcf7-form-control-wrap\" data-name=\"indirizzo\"><input size=\"40\" maxlength=\"400\" class=\"wpcf7-form-control wpcf7-text\" aria-invalid=\"false\" value=\"\" type=\"text\" name=\"indirizzo\" \/><\/span>\n\t<\/p>\n\t<p>Ville (*):\n\t<\/p>\n\t<p><span class=\"wpcf7-form-control-wrap\" data-name=\"citta\"><input size=\"40\" maxlength=\"400\" class=\"wpcf7-form-control wpcf7-text wpcf7-validates-as-required\" aria-required=\"true\" aria-invalid=\"false\" value=\"\" type=\"text\" name=\"citta\" \/><\/span>\n\t<\/p>\n\t<p>Code postal (*):\n\t<\/p>\n\t<p><span class=\"wpcf7-form-control-wrap\" data-name=\"cap\"><input size=\"10\" maxlength=\"5\" class=\"wpcf7-form-control wpcf7-text wpcf7-validates-as-required\" aria-required=\"true\" aria-invalid=\"false\" value=\"\" type=\"text\" name=\"cap\" \/><\/span>\n\t<\/p>\n\t<p>R\u00e9gion:\n\t<\/p>\n\t<p><span class=\"wpcf7-form-control-wrap\" data-name=\"provincia\"><input size=\"40\" maxlength=\"400\" class=\"wpcf7-form-control wpcf7-text\" aria-invalid=\"false\" value=\"\" type=\"text\" name=\"provincia\" \/><\/span>\n\t<\/p>\n\t<p>Num\u00e9ro de t\u00e9l\u00e9phone (*):\n\t<\/p>\n\t<p><span class=\"wpcf7-form-control-wrap\" data-name=\"telefono\"><input size=\"40\" maxlength=\"400\" class=\"wpcf7-form-control wpcf7-text wpcf7-validates-as-required\" aria-required=\"true\" aria-invalid=\"false\" value=\"\" type=\"text\" name=\"telefono\" \/><\/span>\n\t<\/p>\n\t<p>E-mail (*)\n\t<\/p>\n\t<p><span class=\"wpcf7-form-control-wrap\" data-name=\"emailriferimento\"><input size=\"40\" maxlength=\"400\" class=\"wpcf7-form-control wpcf7-email wpcf7-validates-as-required wpcf7-text wpcf7-validates-as-email\" aria-required=\"true\" aria-invalid=\"false\" value=\"\" type=\"email\" name=\"emailriferimento\" \/><\/span>\n\t<\/p>\n\t<p>&nbsp;\n\t<\/p>\n\t<p style=\"font-weight: bold;\">informations suppl\u00e9mentaires\n\t<\/p>\n\t<p>Charger les images du d\u00e9faut d\u00e9tect\u00e9 (max 5):\n\t<\/p>\n\t<p><span class=\"wpcf7-form-control-wrap\" data-name=\"immagini01\"><input size=\"40\" class=\"wpcf7-form-control wpcf7-file\" accept=\".gif,.png,.jpg,.jpeg,.heic\" aria-invalid=\"false\" type=\"file\" name=\"immagini01\" \/><\/span>\n\t<\/p>\n\t<p><span class=\"wpcf7-form-control-wrap\" data-name=\"immagini02\"><input size=\"40\" class=\"wpcf7-form-control wpcf7-file\" accept=\".gif,.png,.jpg,.jpeg,.heic\" aria-invalid=\"false\" type=\"file\" name=\"immagini02\" \/><\/span>\n\t<\/p>\n\t<p><span class=\"wpcf7-form-control-wrap\" data-name=\"immagini03\"><input size=\"40\" class=\"wpcf7-form-control wpcf7-file\" accept=\".gif,.png,.jpg,.jpeg,.heic\" aria-invalid=\"false\" type=\"file\" name=\"immagini03\" \/><\/span>\n\t<\/p>\n\t<p><span class=\"wpcf7-form-control-wrap\" data-name=\"immagini04\"><input size=\"40\" class=\"wpcf7-form-control wpcf7-file\" accept=\".gif,.png,.jpg,.jpeg,.heic\" aria-invalid=\"false\" type=\"file\" name=\"immagini04\" \/><\/span>\n\t<\/p>\n\t<p><span class=\"wpcf7-form-control-wrap\" data-name=\"immagini05\"><input size=\"40\" class=\"wpcf7-form-control wpcf7-file\" accept=\".gif,.png,.jpg,.jpeg,.heic\" aria-invalid=\"false\" type=\"file\" name=\"immagini05\" \/><\/span>\n\t<\/p>\n\t<p>AUTORISATION DE TRAITEMENT DES DONN\u00c9ES \u00c0 CARACT\u00c8RE PERSONNEL\u00a0:<br \/>\nMaxima Spa traite les donn\u00e9es personnelles conform\u00e9ment \u00e0 la l\u00e9gislation europ\u00e9enne sur la protection des donn\u00e9es personnelles (ci-apr\u00e8s \"RGPD\", par souci de concision). Conform\u00e9ment aux articles 12, 13 et 14 du RGPD, Maxima Spa fournit ces informations sur le traitement des donn\u00e9es \u00e0 caract\u00e8re personnel qu\u2019elle effectue.\n\t<\/p>\n\t<p>Je d\u00e9clare avoir lu et donc accepter la <a href=\"https:\/\/www.maxima-dia.com\/it\/privacy-policy\/\">la politique<\/a><br \/>\n<span class=\"wpcf7-form-control-wrap\" data-name=\"accettazioneprivacy\"><span class=\"wpcf7-form-control wpcf7-acceptance\"><span class=\"wpcf7-list-item\"><input type=\"checkbox\" name=\"accettazioneprivacy\" value=\"1\" aria-invalid=\"false\" \/><\/span><\/span><\/span>\n\t<\/p>\n\t<p>\n\t\n\t<\/p>\n\t<p>&nbsp;\n\t<\/p>\n\t<p><input class=\"wpcf7-form-control wpcf7-submit has-spinner\" type=\"submit\" value=\"Je demande assistance\" \/>\n\t<\/p>\n<\/div><div class=\"wpcf7-response-output\" aria-hidden=\"true\"><\/div>\n<\/form>\n<\/div>\n[\/vc_column][\/vc_row]<\/p>\n<\/div>","protected":false},"excerpt":{"rendered":"<p>[vc_row][vc_column width=\u00a0\u00bb1\/1&Prime;][vc_column_text]&nbsp; Demande de service apr\u00e8s-vente de produits La section contient les demandes de SAV sur les produits Maxima, dans le cas o\u00f9 on rencontre des probl\u00e8mes, d\u00e9fauts de fonctionnement ou dommages. En indiquant les donn\u00e9es de contact et les informations concernant le produit, votre demande sera envoy\u00e9e directement \u00e0 notre service interne SAV, qui s\u2019occupera de traiter la question le plus vite possible pour vous apporter une aide efficace. La fiche vous permet de t\u00e9l\u00e9charger aussi des photos du produit pour compl\u00e9ter votre demande de SAV de mani\u00e8re claire et pr\u00e9cise. Pour demander de SAV sur nos produits, il est n\u00e9cessaire de remplir le formulaire suivant dans chaque partie obligatoire (*).[\/vc_column_text][\/vc_column][\/vc_row]<\/p>\n","protected":false},"author":29,"featured_media":0,"parent":0,"menu_order":14,"comment_status":"closed","ping_status":"closed","template":"","meta":{"ngg_post_thumbnail":0,"_joinchat":[],"footnotes":""},"class_list":["post-27480","page","type-page","status-publish","hentry"],"yoast_head":"<!-- This site is optimized with the Yoast SEO plugin v25.5 - https:\/\/yoast.com\/wordpress\/plugins\/seo\/ -->\n<title>Demande de service apr\u00e8s-vente de produits - Maxima SpA<\/title>\n<meta name=\"robots\" content=\"index, follow, max-snippet:-1, max-image-preview:large, max-video-preview:-1\" \/>\n<link rel=\"canonical\" href=\"https:\/\/www.maxima-dia.com\/fr\/demande-de-service-apres-vente-de-produits\/\" \/>\n<meta property=\"og:locale\" content=\"fr_FR\" \/>\n<meta property=\"og:type\" content=\"article\" \/>\n<meta property=\"og:title\" content=\"Demande de service apr\u00e8s-vente de produits - Maxima SpA\" \/>\n<meta property=\"og:description\" content=\"[vc_row][vc_column width=\u00a0\u00bb1\/1&Prime;][vc_column_text]&nbsp; Demande de service apr\u00e8s-vente de produits La section contient les demandes de SAV sur les produits Maxima, dans le cas o\u00f9 on rencontre des probl\u00e8mes, d\u00e9fauts de fonctionnement ou dommages. En indiquant les donn\u00e9es de contact et les informations concernant le produit, votre demande sera envoy\u00e9e directement \u00e0 notre service interne SAV, qui s\u2019occupera de traiter la question le plus vite possible pour vous apporter une aide efficace. La fiche vous permet de t\u00e9l\u00e9charger aussi des photos du produit pour compl\u00e9ter votre demande de SAV de mani\u00e8re claire et pr\u00e9cise. Pour demander de SAV sur nos produits, il est n\u00e9cessaire de remplir le formulaire suivant dans chaque partie obligatoire (*).[\/vc_column_text][\/vc_column][\/vc_row]\" \/>\n<meta property=\"og:url\" content=\"https:\/\/www.maxima-dia.com\/fr\/demande-de-service-apres-vente-de-produits\/\" \/>\n<meta property=\"og:site_name\" content=\"Maxima SpA\" \/>\n<meta property=\"article:publisher\" content=\"https:\/\/www.facebook.com\/Maxima-spa-106098566139597\" \/>\n<meta property=\"article:modified_time\" content=\"2023-02-22T09:05:28+00:00\" \/>\n<meta property=\"og:image\" content=\"https:\/\/www.maxima-dia.com\/wp-content\/uploads\/2022\/03\/MaximaSpA-logo-quadrato.jpg\" \/>\n\t<meta property=\"og:image:width\" content=\"500\" \/>\n\t<meta property=\"og:image:height\" content=\"500\" \/>\n\t<meta property=\"og:image:type\" content=\"image\/jpeg\" \/>\n<meta name=\"twitter:card\" content=\"summary_large_image\" \/>\n<meta name=\"twitter:site\" content=\"@Maximadia\" \/>\n<meta name=\"twitter:label1\" content=\"Dur\u00e9e de lecture estim\u00e9e\" \/>\n\t<meta name=\"twitter:data1\" content=\"1 minute\" \/>\n<script type=\"application\/ld+json\" class=\"yoast-schema-graph\">{\"@context\":\"https:\/\/schema.org\",\"@graph\":[{\"@type\":\"WebPage\",\"@id\":\"https:\/\/www.maxima-dia.com\/fr\/demande-de-service-apres-vente-de-produits\/\",\"url\":\"https:\/\/www.maxima-dia.com\/fr\/demande-de-service-apres-vente-de-produits\/\",\"name\":\"Demande de service apr\u00e8s-vente de produits - Maxima SpA\",\"isPartOf\":{\"@id\":\"https:\/\/www.maxima-dia.com\/fr\/#website\"},\"datePublished\":\"2021-02-05T10:01:54+00:00\",\"dateModified\":\"2023-02-22T09:05:28+00:00\",\"breadcrumb\":{\"@id\":\"https:\/\/www.maxima-dia.com\/fr\/demande-de-service-apres-vente-de-produits\/#breadcrumb\"},\"inLanguage\":\"fr-FR\",\"potentialAction\":[{\"@type\":\"ReadAction\",\"target\":[\"https:\/\/www.maxima-dia.com\/fr\/demande-de-service-apres-vente-de-produits\/\"]}]},{\"@type\":\"BreadcrumbList\",\"@id\":\"https:\/\/www.maxima-dia.com\/fr\/demande-de-service-apres-vente-de-produits\/#breadcrumb\",\"itemListElement\":[{\"@type\":\"ListItem\",\"position\":1,\"name\":\"Home\",\"item\":\"https:\/\/www.maxima-dia.com\/fr\/\"},{\"@type\":\"ListItem\",\"position\":2,\"name\":\"Demande de service apr\u00e8s-vente de produits\"}]},{\"@type\":\"WebSite\",\"@id\":\"https:\/\/www.maxima-dia.com\/fr\/#website\",\"url\":\"https:\/\/www.maxima-dia.com\/fr\/\",\"name\":\"Maxima SpA\",\"description\":\"Only for the real professionals\",\"potentialAction\":[{\"@type\":\"SearchAction\",\"target\":{\"@type\":\"EntryPoint\",\"urlTemplate\":\"https:\/\/www.maxima-dia.com\/fr\/?s={search_term_string}\"},\"query-input\":{\"@type\":\"PropertyValueSpecification\",\"valueRequired\":true,\"valueName\":\"search_term_string\"}}],\"inLanguage\":\"fr-FR\"}]}<\/script>\n<!-- \/ Yoast SEO plugin. -->","yoast_head_json":{"title":"Demande de service apr\u00e8s-vente de produits - Maxima SpA","robots":{"index":"index","follow":"follow","max-snippet":"max-snippet:-1","max-image-preview":"max-image-preview:large","max-video-preview":"max-video-preview:-1"},"canonical":"https:\/\/www.maxima-dia.com\/fr\/demande-de-service-apres-vente-de-produits\/","og_locale":"fr_FR","og_type":"article","og_title":"Demande de service apr\u00e8s-vente de produits - Maxima SpA","og_description":"[vc_row][vc_column width=\u00a0\u00bb1\/1&Prime;][vc_column_text]&nbsp; Demande de service apr\u00e8s-vente de produits La section contient les demandes de SAV sur les produits Maxima, dans le cas o\u00f9 on rencontre des probl\u00e8mes, d\u00e9fauts de fonctionnement ou dommages. En indiquant les donn\u00e9es de contact et les informations concernant le produit, votre demande sera envoy\u00e9e directement \u00e0 notre service interne SAV, qui s\u2019occupera de traiter la question le plus vite possible pour vous apporter une aide efficace. La fiche vous permet de t\u00e9l\u00e9charger aussi des photos du produit pour compl\u00e9ter votre demande de SAV de mani\u00e8re claire et pr\u00e9cise. Pour demander de SAV sur nos produits, il est n\u00e9cessaire de remplir le formulaire suivant dans chaque partie obligatoire (*).[\/vc_column_text][\/vc_column][\/vc_row]","og_url":"https:\/\/www.maxima-dia.com\/fr\/demande-de-service-apres-vente-de-produits\/","og_site_name":"Maxima SpA","article_publisher":"https:\/\/www.facebook.com\/Maxima-spa-106098566139597","article_modified_time":"2023-02-22T09:05:28+00:00","og_image":[{"width":500,"height":500,"url":"https:\/\/www.maxima-dia.com\/wp-content\/uploads\/2022\/03\/MaximaSpA-logo-quadrato.jpg","type":"image\/jpeg"}],"twitter_card":"summary_large_image","twitter_site":"@Maximadia","twitter_misc":{"Dur\u00e9e de lecture estim\u00e9e":"1 minute"},"schema":{"@context":"https:\/\/schema.org","@graph":[{"@type":"WebPage","@id":"https:\/\/www.maxima-dia.com\/fr\/demande-de-service-apres-vente-de-produits\/","url":"https:\/\/www.maxima-dia.com\/fr\/demande-de-service-apres-vente-de-produits\/","name":"Demande de service apr\u00e8s-vente de produits - Maxima SpA","isPartOf":{"@id":"https:\/\/www.maxima-dia.com\/fr\/#website"},"datePublished":"2021-02-05T10:01:54+00:00","dateModified":"2023-02-22T09:05:28+00:00","breadcrumb":{"@id":"https:\/\/www.maxima-dia.com\/fr\/demande-de-service-apres-vente-de-produits\/#breadcrumb"},"inLanguage":"fr-FR","potentialAction":[{"@type":"ReadAction","target":["https:\/\/www.maxima-dia.com\/fr\/demande-de-service-apres-vente-de-produits\/"]}]},{"@type":"BreadcrumbList","@id":"https:\/\/www.maxima-dia.com\/fr\/demande-de-service-apres-vente-de-produits\/#breadcrumb","itemListElement":[{"@type":"ListItem","position":1,"name":"Home","item":"https:\/\/www.maxima-dia.com\/fr\/"},{"@type":"ListItem","position":2,"name":"Demande de service apr\u00e8s-vente de produits"}]},{"@type":"WebSite","@id":"https:\/\/www.maxima-dia.com\/fr\/#website","url":"https:\/\/www.maxima-dia.com\/fr\/","name":"Maxima SpA","description":"Only for the real professionals","potentialAction":[{"@type":"SearchAction","target":{"@type":"EntryPoint","urlTemplate":"https:\/\/www.maxima-dia.com\/fr\/?s={search_term_string}"},"query-input":{"@type":"PropertyValueSpecification","valueRequired":true,"valueName":"search_term_string"}}],"inLanguage":"fr-FR"}]}},"_links":{"self":[{"href":"https:\/\/www.maxima-dia.com\/fr\/wp-json\/wp\/v2\/pages\/27480"}],"collection":[{"href":"https:\/\/www.maxima-dia.com\/fr\/wp-json\/wp\/v2\/pages"}],"about":[{"href":"https:\/\/www.maxima-dia.com\/fr\/wp-json\/wp\/v2\/types\/page"}],"author":[{"embeddable":true,"href":"https:\/\/www.maxima-dia.com\/fr\/wp-json\/wp\/v2\/users\/29"}],"replies":[{"embeddable":true,"href":"https:\/\/www.maxima-dia.com\/fr\/wp-json\/wp\/v2\/comments?post=27480"}],"version-history":[{"count":2,"href":"https:\/\/www.maxima-dia.com\/fr\/wp-json\/wp\/v2\/pages\/27480\/revisions"}],"predecessor-version":[{"id":35134,"href":"https:\/\/www.maxima-dia.com\/fr\/wp-json\/wp\/v2\/pages\/27480\/revisions\/35134"}],"wp:attachment":[{"href":"https:\/\/www.maxima-dia.com\/fr\/wp-json\/wp\/v2\/media?parent=27480"}],"curies":[{"name":"wp","href":"https:\/\/api.w.org\/{rel}","templated":true}]}}