{"id":29253,"date":"2021-07-12T12:24:58","date_gmt":"2021-07-12T10:24:58","guid":{"rendered":"https:\/\/www.maxima-dia.com\/?page_id=29253"},"modified":"2021-12-20T11:54:54","modified_gmt":"2021-12-20T10:54:54","slug":"vibramax-95-20-reversible","status":"publish","type":"page","link":"https:\/\/www.maxima-dia.com\/fr\/machine-pour-le-compactage\/vibramax-95-20-reversible\/","title":{"rendered":"Vibramax 95\/20 Reversible"},"content":{"rendered":"<div class=\"wpb-content-wrapper\"><p>[vc_row][vc_column text_align=\u00a0\u00bbcenter\u00a0\u00bb width=\u00a0\u00bb1\/4&Prime;][vc_column_text]<a href=\"https:\/\/www.maxima-dia.com\/wp-content\/uploads\/2021\/07\/VIBRAMAX95-20R.jpg\"><img loading=\"lazy\" decoding=\"async\" class=\"alignnone wp-image-29287 size-thumbnail\" src=\"https:\/\/www.maxima-dia.com\/wp-content\/uploads\/2021\/07\/VIBRAMAX95-20R-150x150.jpg\" alt=\"\" width=\"150\" height=\"150\" srcset=\"https:\/\/www.maxima-dia.com\/wp-content\/uploads\/2021\/07\/VIBRAMAX95-20R-150x150.jpg 150w, https:\/\/www.maxima-dia.com\/wp-content\/uploads\/2021\/07\/VIBRAMAX95-20R-300x300.jpg 300w, https:\/\/www.maxima-dia.com\/wp-content\/uploads\/2021\/07\/VIBRAMAX95-20R-1024x1024.jpg 1024w, https:\/\/www.maxima-dia.com\/wp-content\/uploads\/2021\/07\/VIBRAMAX95-20R-768x768.jpg 768w, https:\/\/www.maxima-dia.com\/wp-content\/uploads\/2021\/07\/VIBRAMAX95-20R-1536x1536.jpg 1536w, https:\/\/www.maxima-dia.com\/wp-content\/uploads\/2021\/07\/VIBRAMAX95-20R-80x80.jpg 80w, https:\/\/www.maxima-dia.com\/wp-content\/uploads\/2021\/07\/VIBRAMAX95-20R-500x500.jpg 500w, https:\/\/www.maxima-dia.com\/wp-content\/uploads\/2021\/07\/VIBRAMAX95-20R-1000x1000.jpg 1000w, https:\/\/www.maxima-dia.com\/wp-content\/uploads\/2021\/07\/VIBRAMAX95-20R.jpg 1700w\" sizes=\"(max-width: 150px) 100vw, 150px\" \/><\/a><\/p>\n<p>Fabriqu\u00e9 en EU&nbsp;<img loading=\"lazy\" decoding=\"async\" src=\"\/wp-content\/uploads\/2013\/11\/eu.png\" alt=\"eu\" width=\"24\" height=\"16\"> &#8211;&nbsp;certifi\u00e9 <span style=\"font-family: arial,helvetica,sans-serif;\">CE<\/span>[\/vc_column_text][vc_column_text css_animation=\u00a0\u00bbslideInDown\u00a0\u00bb el_class=\u00a0\u00bbhidebuybutton\u00a0\u00bb]<a href=\"https:\/\/www.storemaxima.com\/fr\/compactage\/294-vibramax-9520-r.html\" target=\"_blank\" rel=\"noopener\"><img loading=\"lazy\" decoding=\"async\" class=\"alignnone\" title=\"Acheter sur www.storemaxima.com\" src=\"https:\/\/www.maxima-dia.com\/wp-content\/uploads\/2019\/12\/pulsante-acquista-storemaxima.com-fr.svg\" alt=\"Acheter sur www.storemaxima.com\" width=\"180\" height=\"80\"><\/a>[\/vc_column_text][vc_btn title=\u00a0\u00bbFiche du produit\u00a0\u00bb style=\u00a0\u00bboutline-custom\u00a0\u00bb outline_custom_color=\u00a0\u00bb#cc0000&Prime; outline_custom_hover_background=\u00a0\u00bb#910000&Prime; outline_custom_hover_text=\u00a0\u00bb#f7f7f7&Prime; align=\u00a0\u00bbcenter\u00a0\u00bb i_icon_fontawesome=\u00a0\u00bbfas fa-download\u00a0\u00bb add_icon=\u00a0\u00bbtrue\u00a0\u00bb css=\u00a0\u00bb.vc_custom_1639122468314{margin-top: 5px !important;margin-right: 5px !important;margin-bottom: 5px !important;margin-left: 5px !important;}\u00a0\u00bb link=\u00a0\u00bburl:%2Fdl.php%3Ffile_url%3Dhttps%3A%2F%2Fwww.maxima-dia.com%2Fwp-content%2Fuploads%2F2021%2F11%2FVIBRAMAX-95-20R-FR.pdf\u00a0\u00bb][\/vc_column][vc_column width=\u00a0\u00bb3\/4&Prime;][vc_column_text]La nouvelle <strong>Vibramax 95\/20 R<\/strong>, gr\u00e2ce au moteur Honda GX 120 \u00e0 essence, synonyme de fiabilit\u00e9, et \u00e0 la grande force centrifuge de 20 kN, permet de compacter facilement et en profondeur le gravier\u2026 m\u00eame sur de grandes surfaces. Parfait pour la location gr\u00e2ce \u00e0 la plaque en acier robuste et de grandes dimensions ainsi qu\u2019\u00e0 la facilit\u00e9 de transport permise par la poign\u00e9e pliante. Elle est dot\u00e9e des caract\u00e9ristiques suivantes : guidon pliant avec levier pour d\u00e9placement en avant et en arri\u00e8re, levier pour le r\u00e9glage des vitesses, interrupteur de s\u00e9curit\u00e9 pour allumage\/extinction, caoutchoucs antivibrations au guidon et \u00e0 la base, compteur, crochet de levage. La base de la plaque est en acier \u00e0 haute r\u00e9sistance et est garantie 6 ans.<\/p>\n<table class=\"tabellafotocarotaggio\" style=\"width: 100%;\">\n<tbody>\n<tr>\n<td style=\"width: 25%; text-align: center;\"><a href=\"https:\/\/www.maxima-dia.com\/wp-content\/uploads\/2021\/07\/VIBRAMAX95-20R-3.jpg\"><img loading=\"lazy\" decoding=\"async\" class=\"alignnone wp-image-29261 size-thumbnail\" src=\"https:\/\/www.maxima-dia.com\/wp-content\/uploads\/2021\/07\/VIBRAMAX95-20R-3-150x150.jpg\" alt=\"\" width=\"150\" height=\"150\" srcset=\"https:\/\/www.maxima-dia.com\/wp-content\/uploads\/2021\/07\/VIBRAMAX95-20R-3-150x150.jpg 150w, https:\/\/www.maxima-dia.com\/wp-content\/uploads\/2021\/07\/VIBRAMAX95-20R-3-300x300.jpg 300w, https:\/\/www.maxima-dia.com\/wp-content\/uploads\/2021\/07\/VIBRAMAX95-20R-3-1024x1024.jpg 1024w, https:\/\/www.maxima-dia.com\/wp-content\/uploads\/2021\/07\/VIBRAMAX95-20R-3-768x768.jpg 768w, https:\/\/www.maxima-dia.com\/wp-content\/uploads\/2021\/07\/VIBRAMAX95-20R-3-1536x1536.jpg 1536w, https:\/\/www.maxima-dia.com\/wp-content\/uploads\/2021\/07\/VIBRAMAX95-20R-3-80x80.jpg 80w, https:\/\/www.maxima-dia.com\/wp-content\/uploads\/2021\/07\/VIBRAMAX95-20R-3-500x500.jpg 500w, https:\/\/www.maxima-dia.com\/wp-content\/uploads\/2021\/07\/VIBRAMAX95-20R-3-1000x1000.jpg 1000w, https:\/\/www.maxima-dia.com\/wp-content\/uploads\/2021\/07\/VIBRAMAX95-20R-3.jpg 1700w\" sizes=\"(max-width: 150px) 100vw, 150px\" \/><\/a><\/td>\n<td style=\"width: 25%; text-align: center;\"><a href=\"https:\/\/www.maxima-dia.com\/wp-content\/uploads\/2021\/07\/VIBRAMAX95-20R-4.jpg\"><img loading=\"lazy\" decoding=\"async\" class=\"alignnone wp-image-29267 size-thumbnail\" src=\"https:\/\/www.maxima-dia.com\/wp-content\/uploads\/2021\/07\/VIBRAMAX95-20R-4-150x150.jpg\" alt=\"\" width=\"150\" height=\"150\" srcset=\"https:\/\/www.maxima-dia.com\/wp-content\/uploads\/2021\/07\/VIBRAMAX95-20R-4-150x150.jpg 150w, https:\/\/www.maxima-dia.com\/wp-content\/uploads\/2021\/07\/VIBRAMAX95-20R-4-300x300.jpg 300w, https:\/\/www.maxima-dia.com\/wp-content\/uploads\/2021\/07\/VIBRAMAX95-20R-4-1024x1024.jpg 1024w, https:\/\/www.maxima-dia.com\/wp-content\/uploads\/2021\/07\/VIBRAMAX95-20R-4-768x768.jpg 768w, https:\/\/www.maxima-dia.com\/wp-content\/uploads\/2021\/07\/VIBRAMAX95-20R-4-1536x1536.jpg 1536w, https:\/\/www.maxima-dia.com\/wp-content\/uploads\/2021\/07\/VIBRAMAX95-20R-4-80x80.jpg 80w, https:\/\/www.maxima-dia.com\/wp-content\/uploads\/2021\/07\/VIBRAMAX95-20R-4-500x500.jpg 500w, https:\/\/www.maxima-dia.com\/wp-content\/uploads\/2021\/07\/VIBRAMAX95-20R-4-1000x1000.jpg 1000w, https:\/\/www.maxima-dia.com\/wp-content\/uploads\/2021\/07\/VIBRAMAX95-20R-4.jpg 1700w\" sizes=\"(max-width: 150px) 100vw, 150px\" \/><\/a><\/td>\n<td style=\"width: 25%; text-align: center;\"><a href=\"https:\/\/www.maxima-dia.com\/wp-content\/uploads\/2021\/07\/VIBRAMAX95-20R-6.jpg\"><img loading=\"lazy\" decoding=\"async\" class=\"alignnone wp-image-29279 size-thumbnail\" src=\"https:\/\/www.maxima-dia.com\/wp-content\/uploads\/2021\/07\/VIBRAMAX95-20R-6-150x150.jpg\" alt=\"\" width=\"150\" height=\"150\" srcset=\"https:\/\/www.maxima-dia.com\/wp-content\/uploads\/2021\/07\/VIBRAMAX95-20R-6-150x150.jpg 150w, https:\/\/www.maxima-dia.com\/wp-content\/uploads\/2021\/07\/VIBRAMAX95-20R-6-300x300.jpg 300w, https:\/\/www.maxima-dia.com\/wp-content\/uploads\/2021\/07\/VIBRAMAX95-20R-6-1024x1024.jpg 1024w, https:\/\/www.maxima-dia.com\/wp-content\/uploads\/2021\/07\/VIBRAMAX95-20R-6-768x768.jpg 768w, https:\/\/www.maxima-dia.com\/wp-content\/uploads\/2021\/07\/VIBRAMAX95-20R-6-1536x1536.jpg 1536w, https:\/\/www.maxima-dia.com\/wp-content\/uploads\/2021\/07\/VIBRAMAX95-20R-6-80x80.jpg 80w, https:\/\/www.maxima-dia.com\/wp-content\/uploads\/2021\/07\/VIBRAMAX95-20R-6-500x500.jpg 500w, https:\/\/www.maxima-dia.com\/wp-content\/uploads\/2021\/07\/VIBRAMAX95-20R-6-1000x1000.jpg 1000w, https:\/\/www.maxima-dia.com\/wp-content\/uploads\/2021\/07\/VIBRAMAX95-20R-6.jpg 1700w\" sizes=\"(max-width: 150px) 100vw, 150px\" \/><\/a><\/td>\n<td style=\"width: 25%; text-align: center;\"><a href=\"https:\/\/www.maxima-dia.com\/wp-content\/uploads\/2021\/07\/VIBRAMAX95-20R-4.jpg\"><img loading=\"lazy\" decoding=\"async\" class=\"alignnone wp-image-29267 size-thumbnail\" src=\"https:\/\/www.maxima-dia.com\/wp-content\/uploads\/2021\/07\/VIBRAMAX95-20R-4-150x150.jpg\" alt=\"\" width=\"150\" height=\"150\" srcset=\"https:\/\/www.maxima-dia.com\/wp-content\/uploads\/2021\/07\/VIBRAMAX95-20R-4-150x150.jpg 150w, https:\/\/www.maxima-dia.com\/wp-content\/uploads\/2021\/07\/VIBRAMAX95-20R-4-300x300.jpg 300w, https:\/\/www.maxima-dia.com\/wp-content\/uploads\/2021\/07\/VIBRAMAX95-20R-4-1024x1024.jpg 1024w, https:\/\/www.maxima-dia.com\/wp-content\/uploads\/2021\/07\/VIBRAMAX95-20R-4-768x768.jpg 768w, https:\/\/www.maxima-dia.com\/wp-content\/uploads\/2021\/07\/VIBRAMAX95-20R-4-1536x1536.jpg 1536w, https:\/\/www.maxima-dia.com\/wp-content\/uploads\/2021\/07\/VIBRAMAX95-20R-4-80x80.jpg 80w, https:\/\/www.maxima-dia.com\/wp-content\/uploads\/2021\/07\/VIBRAMAX95-20R-4-500x500.jpg 500w, https:\/\/www.maxima-dia.com\/wp-content\/uploads\/2021\/07\/VIBRAMAX95-20R-4-1000x1000.jpg 1000w, https:\/\/www.maxima-dia.com\/wp-content\/uploads\/2021\/07\/VIBRAMAX95-20R-4.jpg 1700w\" sizes=\"(max-width: 150px) 100vw, 150px\" \/><\/a><\/td>\n<\/tr>\n<\/tbody>\n<\/table>\n<p>&nbsp;<\/p>\n<table class=\"tabellatecnica\" style=\"width: 100%;\" border=\"0\" cellspacing=\"0\" cellpadding=\"0\">\n<thead>\n<tr>\n<td class=\"testata\" colspan=\"2\">CARACT\u00c9RISTIQUES TECHNIQUES<\/td>\n<\/tr>\n<\/thead>\n<tbody>\n<tr>\n<td class=\"coltesto1\" style=\"width: 50%;\">Force centrifuge 20 kN<\/td>\n<td class=\"coltesto2\" style=\"width: 50%;\">Vitesse Maximale avant\/arri\u00e8re : 25 m\/min<\/td>\n<\/tr>\n<tr>\n<td class=\"coltesto1\" style=\"width: 50%;\">Largeur de la plaque : 350 mm<\/td>\n<td class=\"coltesto2\" style=\"width: 50%;\">Fr\u00e9quence 100 Hz &#8211; Pente Max. 30%<\/td>\n<\/tr>\n<tr>\n<td class=\"coltesto1\" style=\"width: 50%;\">Longueur de la plaque : 526 mm<\/td>\n<td class=\"coltesto2\" style=\"width: 50%;\">R\u00e9versible : marche avant + marche arri\u00e8re<\/td>\n<\/tr>\n<tr>\n<td class=\"coltesto2\" style=\"width: 50%;\">Moteur Honda GX120 \u00e0 Essence<\/td>\n<td class=\"coltesto2\" style=\"width: 50%;\">Dimensions &#8211; Ferm\u00e9e (L x W x H) : 350 x 562 x 645 mm (996 ouverte)<\/td>\n<\/tr>\n<tr>\n<td class=\"coltesto2\" style=\"width: 50%;\">Puissance nette Moteur : 2,6 0 Kw &#8211; 3,5 CV<\/td>\n<td class=\"coltesto2\" style=\"width: 50%;\">Tapis en caoutchouc et Kit roues &#8211; non inclus (en option)<\/td>\n<\/tr>\n<tr>\n<td class=\"coltesto2\" style=\"width: 50%;\">D\u00e9marrage : manuel<\/td>\n<td class=\"coltesto2\" style=\"width: 50%;\">Poids : 95 Kg<\/td>\n<\/tr>\n<\/tbody>\n<\/table>\n<p>[\/vc_column_text][\/vc_column][\/vc_row]<\/p>\n<\/div>","protected":false},"excerpt":{"rendered":"<p>[vc_row][vc_column text_align=\u00a0\u00bbcenter\u00a0\u00bb width=\u00a0\u00bb1\/4&Prime;][vc_column_text] Fabriqu\u00e9 en EU&nbsp; &#8211;&nbsp;certifi\u00e9 CE[\/vc_column_text][vc_column_text css_animation=\u00a0\u00bbslideInDown\u00a0\u00bb el_class=\u00a0\u00bbhidebuybutton\u00a0\u00bb][\/vc_column_text][vc_btn title=\u00a0\u00bbFiche du produit\u00a0\u00bb style=\u00a0\u00bboutline-custom\u00a0\u00bb outline_custom_color=\u00a0\u00bb#cc0000&Prime; outline_custom_hover_background=\u00a0\u00bb#910000&Prime; outline_custom_hover_text=\u00a0\u00bb#f7f7f7&Prime; align=\u00a0\u00bbcenter\u00a0\u00bb i_icon_fontawesome=\u00a0\u00bbfas fa-download\u00a0\u00bb add_icon=\u00a0\u00bbtrue\u00a0\u00bb css=\u00a0\u00bb.vc_custom_1639122468314{margin-top: 5px !important;margin-right: 5px !important;margin-bottom: 5px !important;margin-left: 5px !important;}\u00a0\u00bb link=\u00a0\u00bburl:%2Fdl.php%3Ffile_url%3Dhttps%3A%2F%2Fwww.maxima-dia.com%2Fwp-content%2Fuploads%2F2021%2F11%2FVIBRAMAX-95-20R-FR.pdf\u00a0\u00bb][\/vc_column][vc_column width=\u00a0\u00bb3\/4&Prime;][vc_column_text]La nouvelle Vibramax 95\/20 R, gr\u00e2ce au moteur Honda GX 120 \u00e0 essence, synonyme de fiabilit\u00e9, et \u00e0 la grande force centrifuge de 20 kN, permet de compacter facilement et en profondeur le gravier\u2026 m\u00eame sur de grandes surfaces. Parfait pour la location gr\u00e2ce \u00e0 la plaque en acier robuste et de grandes dimensions ainsi qu\u2019\u00e0 la facilit\u00e9 de transport permise par la poign\u00e9e pliante. Elle est dot\u00e9e des caract\u00e9ristiques suivantes : guidon pliant avec levier pour d\u00e9placement en avant et en arri\u00e8re, levier pour le r\u00e9glage des vitesses, interrupteur de s\u00e9curit\u00e9 pour allumage\/extinction, caoutchoucs antivibrations au guidon et \u00e0 la base, compteur, crochet de levage. La base de la plaque est en acier \u00e0 haute r\u00e9sistance et est garantie 6 ans. &nbsp; CARACT\u00c9RISTIQUES TECHNIQUES Force centrifuge 20 kN Vitesse Maximale avant\/arri\u00e8re : 25 m\/min Largeur de la plaque : 350 mm Fr\u00e9quence 100 Hz &#8211; Pente Max. 30% Longueur de la plaque : 526 mm R\u00e9versible : marche avant + marche arri\u00e8re Moteur Honda GX120 \u00e0 Essence Dimensions [&hellip;]<\/p>\n","protected":false},"author":29,"featured_media":29287,"parent":33189,"menu_order":4,"comment_status":"closed","ping_status":"closed","template":"","meta":{"ngg_post_thumbnail":0,"_joinchat":[],"footnotes":""},"class_list":["post-29253","page","type-page","status-publish","has-post-thumbnail","hentry"],"yoast_head":"<!-- This site is optimized with the Yoast SEO plugin v25.5 - https:\/\/yoast.com\/wordpress\/plugins\/seo\/ -->\n<title>Vibramax 95\/20 Reversible - Maxima SpA<\/title>\n<meta name=\"description\" content=\"Vibramax 95\/20 Reversibile machine de compactage pour asphalte cailloux pierres sable gravier\" \/>\n<meta name=\"robots\" content=\"index, follow, max-snippet:-1, max-image-preview:large, max-video-preview:-1\" \/>\n<link rel=\"canonical\" href=\"https:\/\/www.maxima-dia.com\/fr\/machine-pour-le-compactage\/vibramax-95-20-reversible\/\" \/>\n<meta property=\"og:locale\" content=\"fr_FR\" \/>\n<meta property=\"og:type\" content=\"article\" \/>\n<meta property=\"og:title\" content=\"Vibramax 95\/20 Reversible - Maxima SpA\" \/>\n<meta property=\"og:description\" content=\"Vibramax 95\/20 Reversibile machine de compactage pour asphalte cailloux pierres sable gravier\" \/>\n<meta property=\"og:url\" content=\"https:\/\/www.maxima-dia.com\/fr\/machine-pour-le-compactage\/vibramax-95-20-reversible\/\" \/>\n<meta property=\"og:site_name\" content=\"Maxima SpA\" \/>\n<meta property=\"article:publisher\" content=\"https:\/\/www.facebook.com\/Maxima-spa-106098566139597\" \/>\n<meta property=\"article:modified_time\" content=\"2021-12-20T10:54:54+00:00\" \/>\n<meta property=\"og:image\" content=\"https:\/\/www.maxima-dia.com\/wp-content\/uploads\/2021\/07\/VIBRAMAX95-20R.jpg\" \/>\n\t<meta property=\"og:image:width\" content=\"1700\" \/>\n\t<meta property=\"og:image:height\" content=\"1700\" \/>\n\t<meta property=\"og:image:type\" content=\"image\/jpeg\" \/>\n<meta name=\"twitter:card\" content=\"summary_large_image\" \/>\n<meta name=\"twitter:site\" content=\"@Maximadia\" \/>\n<meta name=\"twitter:label1\" content=\"Dur\u00e9e de lecture estim\u00e9e\" \/>\n\t<meta name=\"twitter:data1\" content=\"3 minutes\" \/>\n<script type=\"application\/ld+json\" class=\"yoast-schema-graph\">{\"@context\":\"https:\/\/schema.org\",\"@graph\":[{\"@type\":\"WebPage\",\"@id\":\"https:\/\/www.maxima-dia.com\/fr\/machine-pour-le-compactage\/vibramax-95-20-reversible\/\",\"url\":\"https:\/\/www.maxima-dia.com\/fr\/machine-pour-le-compactage\/vibramax-95-20-reversible\/\",\"name\":\"Vibramax 95\/20 Reversible - Maxima SpA\",\"isPartOf\":{\"@id\":\"https:\/\/www.maxima-dia.com\/fr\/#website\"},\"primaryImageOfPage\":{\"@id\":\"https:\/\/www.maxima-dia.com\/fr\/machine-pour-le-compactage\/vibramax-95-20-reversible\/#primaryimage\"},\"image\":{\"@id\":\"https:\/\/www.maxima-dia.com\/fr\/machine-pour-le-compactage\/vibramax-95-20-reversible\/#primaryimage\"},\"thumbnailUrl\":\"https:\/\/www.maxima-dia.com\/wp-content\/uploads\/2021\/07\/VIBRAMAX95-20R.jpg\",\"datePublished\":\"2021-07-12T10:24:58+00:00\",\"dateModified\":\"2021-12-20T10:54:54+00:00\",\"description\":\"Vibramax 95\/20 Reversibile machine de compactage pour asphalte cailloux pierres sable gravier\",\"breadcrumb\":{\"@id\":\"https:\/\/www.maxima-dia.com\/fr\/machine-pour-le-compactage\/vibramax-95-20-reversible\/#breadcrumb\"},\"inLanguage\":\"fr-FR\",\"potentialAction\":[{\"@type\":\"ReadAction\",\"target\":[\"https:\/\/www.maxima-dia.com\/fr\/machine-pour-le-compactage\/vibramax-95-20-reversible\/\"]}]},{\"@type\":\"ImageObject\",\"inLanguage\":\"fr-FR\",\"@id\":\"https:\/\/www.maxima-dia.com\/fr\/machine-pour-le-compactage\/vibramax-95-20-reversible\/#primaryimage\",\"url\":\"https:\/\/www.maxima-dia.com\/wp-content\/uploads\/2021\/07\/VIBRAMAX95-20R.jpg\",\"contentUrl\":\"https:\/\/www.maxima-dia.com\/wp-content\/uploads\/2021\/07\/VIBRAMAX95-20R.jpg\",\"width\":1700,\"height\":1700},{\"@type\":\"BreadcrumbList\",\"@id\":\"https:\/\/www.maxima-dia.com\/fr\/machine-pour-le-compactage\/vibramax-95-20-reversible\/#breadcrumb\",\"itemListElement\":[{\"@type\":\"ListItem\",\"position\":1,\"name\":\"Home\",\"item\":\"https:\/\/www.maxima-dia.com\/fr\/\"},{\"@type\":\"ListItem\",\"position\":2,\"name\":\"Machine pour le compactage\",\"item\":\"https:\/\/www.maxima-dia.com\/fr\/machine-pour-le-compactage\/\"},{\"@type\":\"ListItem\",\"position\":3,\"name\":\"Vibramax 95\/20 Reversible\"}]},{\"@type\":\"WebSite\",\"@id\":\"https:\/\/www.maxima-dia.com\/fr\/#website\",\"url\":\"https:\/\/www.maxima-dia.com\/fr\/\",\"name\":\"Maxima SpA\",\"description\":\"Only for the real professionals\",\"potentialAction\":[{\"@type\":\"SearchAction\",\"target\":{\"@type\":\"EntryPoint\",\"urlTemplate\":\"https:\/\/www.maxima-dia.com\/fr\/?s={search_term_string}\"},\"query-input\":{\"@type\":\"PropertyValueSpecification\",\"valueRequired\":true,\"valueName\":\"search_term_string\"}}],\"inLanguage\":\"fr-FR\"}]}<\/script>\n<!-- \/ Yoast SEO plugin. -->","yoast_head_json":{"title":"Vibramax 95\/20 Reversible - Maxima SpA","description":"Vibramax 95\/20 Reversibile machine de compactage pour asphalte cailloux pierres sable gravier","robots":{"index":"index","follow":"follow","max-snippet":"max-snippet:-1","max-image-preview":"max-image-preview:large","max-video-preview":"max-video-preview:-1"},"canonical":"https:\/\/www.maxima-dia.com\/fr\/machine-pour-le-compactage\/vibramax-95-20-reversible\/","og_locale":"fr_FR","og_type":"article","og_title":"Vibramax 95\/20 Reversible - Maxima SpA","og_description":"Vibramax 95\/20 Reversibile machine de compactage pour asphalte cailloux pierres sable gravier","og_url":"https:\/\/www.maxima-dia.com\/fr\/machine-pour-le-compactage\/vibramax-95-20-reversible\/","og_site_name":"Maxima SpA","article_publisher":"https:\/\/www.facebook.com\/Maxima-spa-106098566139597","article_modified_time":"2021-12-20T10:54:54+00:00","og_image":[{"width":1700,"height":1700,"url":"https:\/\/www.maxima-dia.com\/wp-content\/uploads\/2021\/07\/VIBRAMAX95-20R.jpg","type":"image\/jpeg"}],"twitter_card":"summary_large_image","twitter_site":"@Maximadia","twitter_misc":{"Dur\u00e9e de lecture estim\u00e9e":"3 minutes"},"schema":{"@context":"https:\/\/schema.org","@graph":[{"@type":"WebPage","@id":"https:\/\/www.maxima-dia.com\/fr\/machine-pour-le-compactage\/vibramax-95-20-reversible\/","url":"https:\/\/www.maxima-dia.com\/fr\/machine-pour-le-compactage\/vibramax-95-20-reversible\/","name":"Vibramax 95\/20 Reversible - Maxima SpA","isPartOf":{"@id":"https:\/\/www.maxima-dia.com\/fr\/#website"},"primaryImageOfPage":{"@id":"https:\/\/www.maxima-dia.com\/fr\/machine-pour-le-compactage\/vibramax-95-20-reversible\/#primaryimage"},"image":{"@id":"https:\/\/www.maxima-dia.com\/fr\/machine-pour-le-compactage\/vibramax-95-20-reversible\/#primaryimage"},"thumbnailUrl":"https:\/\/www.maxima-dia.com\/wp-content\/uploads\/2021\/07\/VIBRAMAX95-20R.jpg","datePublished":"2021-07-12T10:24:58+00:00","dateModified":"2021-12-20T10:54:54+00:00","description":"Vibramax 95\/20 Reversibile machine de compactage pour asphalte cailloux pierres sable gravier","breadcrumb":{"@id":"https:\/\/www.maxima-dia.com\/fr\/machine-pour-le-compactage\/vibramax-95-20-reversible\/#breadcrumb"},"inLanguage":"fr-FR","potentialAction":[{"@type":"ReadAction","target":["https:\/\/www.maxima-dia.com\/fr\/machine-pour-le-compactage\/vibramax-95-20-reversible\/"]}]},{"@type":"ImageObject","inLanguage":"fr-FR","@id":"https:\/\/www.maxima-dia.com\/fr\/machine-pour-le-compactage\/vibramax-95-20-reversible\/#primaryimage","url":"https:\/\/www.maxima-dia.com\/wp-content\/uploads\/2021\/07\/VIBRAMAX95-20R.jpg","contentUrl":"https:\/\/www.maxima-dia.com\/wp-content\/uploads\/2021\/07\/VIBRAMAX95-20R.jpg","width":1700,"height":1700},{"@type":"BreadcrumbList","@id":"https:\/\/www.maxima-dia.com\/fr\/machine-pour-le-compactage\/vibramax-95-20-reversible\/#breadcrumb","itemListElement":[{"@type":"ListItem","position":1,"name":"Home","item":"https:\/\/www.maxima-dia.com\/fr\/"},{"@type":"ListItem","position":2,"name":"Machine pour le compactage","item":"https:\/\/www.maxima-dia.com\/fr\/machine-pour-le-compactage\/"},{"@type":"ListItem","position":3,"name":"Vibramax 95\/20 Reversible"}]},{"@type":"WebSite","@id":"https:\/\/www.maxima-dia.com\/fr\/#website","url":"https:\/\/www.maxima-dia.com\/fr\/","name":"Maxima SpA","description":"Only for the real professionals","potentialAction":[{"@type":"SearchAction","target":{"@type":"EntryPoint","urlTemplate":"https:\/\/www.maxima-dia.com\/fr\/?s={search_term_string}"},"query-input":{"@type":"PropertyValueSpecification","valueRequired":true,"valueName":"search_term_string"}}],"inLanguage":"fr-FR"}]}},"_links":{"self":[{"href":"https:\/\/www.maxima-dia.com\/fr\/wp-json\/wp\/v2\/pages\/29253"}],"collection":[{"href":"https:\/\/www.maxima-dia.com\/fr\/wp-json\/wp\/v2\/pages"}],"about":[{"href":"https:\/\/www.maxima-dia.com\/fr\/wp-json\/wp\/v2\/types\/page"}],"author":[{"embeddable":true,"href":"https:\/\/www.maxima-dia.com\/fr\/wp-json\/wp\/v2\/users\/29"}],"replies":[{"embeddable":true,"href":"https:\/\/www.maxima-dia.com\/fr\/wp-json\/wp\/v2\/comments?post=29253"}],"version-history":[{"count":0,"href":"https:\/\/www.maxima-dia.com\/fr\/wp-json\/wp\/v2\/pages\/29253\/revisions"}],"up":[{"embeddable":true,"href":"https:\/\/www.maxima-dia.com\/fr\/wp-json\/wp\/v2\/pages\/33189"}],"wp:featuredmedia":[{"embeddable":true,"href":"https:\/\/www.maxima-dia.com\/fr\/wp-json\/wp\/v2\/media\/29287"}],"wp:attachment":[{"href":"https:\/\/www.maxima-dia.com\/fr\/wp-json\/wp\/v2\/media?parent=29253"}],"curies":[{"name":"wp","href":"https:\/\/api.w.org\/{rel}","templated":true}]}}