{"id":32215,"date":"2021-11-29T10:16:57","date_gmt":"2021-11-29T09:16:57","guid":{"rendered":"https:\/\/www.maxima-dia.com\/?page_id=32215"},"modified":"2023-03-10T10:01:28","modified_gmt":"2023-03-10T09:01:28","slug":"produits-poncage","status":"publish","type":"page","link":"https:\/\/www.maxima-dia.com\/fr\/produits-poncage\/","title":{"rendered":"Produits &#8211; Pon\u00e7age"},"content":{"rendered":"<div class=\"wpb-content-wrapper\"><p>[vc_row bottom_padding=\u00a0\u00bb50&Prime;][vc_column width=\u00a0\u00bb1\/1&Prime;][vc_column_text]Pour les professionnels les plus exigeants, Maxima met \u00e0 disposition la plus large gamme de produits pour le pon\u00e7age de surface qui comprend des ponceuses et des outils diamant\u00e9s tels que des plateaux de pon\u00e7age et des modules diamant\u00e9s, utilisables sur les ponceuses <a href=\"https:\/\/www.maxima-dia.com\/fr\/machine-a-poncer-pour-la-construction\/levimax-125\/\">Levimax 125<\/a>, <a href=\"https:\/\/www.maxima-dia.com\/fr\/machine-a-poncer-pour-la-construction\/levimax-280\/\">Levimax 280<\/a> et <a href=\"https:\/\/www.maxima-dia.com\/fr\/machine-a-poncer-pour-la-construction\/levimax-550\/\">Levimax 550<\/a>. Produits sp\u00e9cifiques pour le pon\u00e7age des sols aussi bien \u00e0 sec qu&rsquo;avec l&rsquo;eau.<br \/>\nToutes nos machines sont certifi\u00e9es <strong>CE<\/strong> et sont fabriqu\u00e9es dans l&rsquo;Union Europ\u00e9enne <img loading=\"lazy\" decoding=\"async\" class=\"alignnone wp-image-6471\" src=\"\/wp-content\/uploads\/2011\/09\/eu_flag.png\" alt=\"\" width=\"20\" height=\"16\">.[\/vc_column_text][\/vc_column][\/vc_row][vc_row bottom_padding=\u00a0\u00bb50&Prime;][vc_column width=\u00a0\u00bb1\/4&Prime;]<div class=\"single_image wpb_content_element align-left    \" data-animation=\"none\" data-delay=\"0\"><a href=\"\/fr\/machine-a-poncer-pour-la-construction\/\" target=\"_self\"><img loading=\"lazy\" decoding=\"async\" width=\"1500\" height=\"1500\" src=\"https:\/\/www.maxima-dia.com\/wp-content\/uploads\/2018\/10\/LEVIMAX-550-catalogo-02.jpg\" class=\"attachment-full\" alt=\"\" title=\"LEVIMAX 550 - catalogo 02\" srcset=\"https:\/\/www.maxima-dia.com\/wp-content\/uploads\/2018\/10\/LEVIMAX-550-catalogo-02.jpg 1500w, https:\/\/www.maxima-dia.com\/wp-content\/uploads\/2018\/10\/LEVIMAX-550-catalogo-02-150x150.jpg 150w, https:\/\/www.maxima-dia.com\/wp-content\/uploads\/2018\/10\/LEVIMAX-550-catalogo-02-300x300.jpg 300w, https:\/\/www.maxima-dia.com\/wp-content\/uploads\/2018\/10\/LEVIMAX-550-catalogo-02-768x768.jpg 768w, https:\/\/www.maxima-dia.com\/wp-content\/uploads\/2018\/10\/LEVIMAX-550-catalogo-02-1024x1024.jpg 1024w, https:\/\/www.maxima-dia.com\/wp-content\/uploads\/2018\/10\/LEVIMAX-550-catalogo-02-80x80.jpg 80w, https:\/\/www.maxima-dia.com\/wp-content\/uploads\/2018\/10\/LEVIMAX-550-catalogo-02-500x500.jpg 500w, https:\/\/www.maxima-dia.com\/wp-content\/uploads\/2018\/10\/LEVIMAX-550-catalogo-02-1000x1000.jpg 1000w\" sizes=\"(max-width: 1500px) 100vw, 1500px\" \/><\/a><\/div>[\/vc_column][vc_column width=\u00a0\u00bb3\/4&Prime;][vc_column_text]<\/p>\n<h2><a href=\"\/fr\/machine-a-poncer-pour-la-construction\/\">Machines de construction pour le pon\u00e7age<\/a><\/h2>\n<p>Cet espace pr\u00e9sente toutes les machines de construction pour le pon\u00e7age des sols avec des outils diamant\u00e9s de la gamme Maxima, qui compl\u00e8tent l&rsquo;offre pour les d\u00e9taillants qui proposent ou louent du mat\u00e9riel pour les entreprises de construction. Toutes les machines propos\u00e9es sont \u00ab made in EU \u00bb, c&rsquo;est-\u00e0-dire produites au sein de l&rsquo;Union europ\u00e9enne et toutes sont dot\u00e9es de la certification <strong>CE<\/strong>.[\/vc_column_text][\/vc_column][\/vc_row][vc_row bottom_padding=\u00a0\u00bb50&Prime;][vc_column width=\u00a0\u00bb1\/4&Prime;]<div class=\"single_image wpb_content_element align-left    \" data-animation=\"none\" data-delay=\"0\"><a href=\"\/fr\/plateaux-de-poncage\/\" target=\"_self\"><img loading=\"lazy\" decoding=\"async\" width=\"1500\" height=\"1500\" src=\"https:\/\/www.maxima-dia.com\/wp-content\/uploads\/2022\/11\/RESIN_CUP-11-2022-1.jpg\" class=\"attachment-full\" alt=\"\" title=\"RESIN_CUP-11-2022\" srcset=\"https:\/\/www.maxima-dia.com\/wp-content\/uploads\/2022\/11\/RESIN_CUP-11-2022-1.jpg 1500w, https:\/\/www.maxima-dia.com\/wp-content\/uploads\/2022\/11\/RESIN_CUP-11-2022-1-300x300.jpg 300w, https:\/\/www.maxima-dia.com\/wp-content\/uploads\/2022\/11\/RESIN_CUP-11-2022-1-1024x1024.jpg 1024w, https:\/\/www.maxima-dia.com\/wp-content\/uploads\/2022\/11\/RESIN_CUP-11-2022-1-150x150.jpg 150w, https:\/\/www.maxima-dia.com\/wp-content\/uploads\/2022\/11\/RESIN_CUP-11-2022-1-768x768.jpg 768w, https:\/\/www.maxima-dia.com\/wp-content\/uploads\/2022\/11\/RESIN_CUP-11-2022-1-80x80.jpg 80w, https:\/\/www.maxima-dia.com\/wp-content\/uploads\/2022\/11\/RESIN_CUP-11-2022-1-500x500.jpg 500w, https:\/\/www.maxima-dia.com\/wp-content\/uploads\/2022\/11\/RESIN_CUP-11-2022-1-1000x1000.jpg 1000w\" sizes=\"(max-width: 1500px) 100vw, 1500px\" \/><\/a><\/div>[\/vc_column][vc_column width=\u00a0\u00bb3\/4&Prime;][vc_column_text]<\/p>\n<h2><a href=\"\/fr\/plateaux-de-poncage\/\">Plateaux de pon\u00e7age<\/a><\/h2>\n<p>Cette section contient toute la gamme de plateaux de pon\u00e7age et modules diamant\u00e9s Maxima, con\u00e7us pour une utilisation universelle dans la construction et dans le domaine de la pierre. Les mod\u00e8les \u00e0 couronne et secteurs continus, sont flanqu\u00e9s de plateaux de pon\u00e7age qui permettent \u00e0 la fois de couper et d&rsquo;\u00e9bavurer. Disponible dans des diam\u00e8tres de 100 \u00e0 180 mm.[\/vc_column_text][\/vc_column][\/vc_row]<\/p>\n<\/div>","protected":false},"excerpt":{"rendered":"<p>[vc_row bottom_padding=\u00a0\u00bb50&Prime;][vc_column width=\u00a0\u00bb1\/1&Prime;][vc_column_text]Pour les professionnels les plus exigeants, Maxima met \u00e0 disposition la plus large gamme de produits pour le pon\u00e7age de surface qui comprend des ponceuses et des outils diamant\u00e9s tels que des plateaux de pon\u00e7age et des modules diamant\u00e9s, utilisables sur les ponceuses Levimax 125, Levimax 280 et Levimax 550. Produits sp\u00e9cifiques pour le pon\u00e7age des sols aussi bien \u00e0 sec qu&rsquo;avec l&rsquo;eau. Toutes nos machines sont certifi\u00e9es CE et sont fabriqu\u00e9es dans l&rsquo;Union Europ\u00e9enne .[\/vc_column_text][\/vc_column][\/vc_row][vc_row bottom_padding=\u00a0\u00bb50&Prime;][vc_column width=\u00a0\u00bb1\/4&Prime;][\/vc_column][vc_column width=\u00a0\u00bb3\/4&Prime;][vc_column_text] Machines de construction pour le pon\u00e7age Cet espace pr\u00e9sente toutes les machines de construction pour le pon\u00e7age des sols avec des outils diamant\u00e9s de la gamme Maxima, qui compl\u00e8tent l&rsquo;offre pour les d\u00e9taillants qui proposent ou louent du mat\u00e9riel pour les entreprises de construction. Toutes les machines propos\u00e9es sont \u00ab made in EU \u00bb, c&rsquo;est-\u00e0-dire produites au sein de l&rsquo;Union europ\u00e9enne et toutes sont dot\u00e9es de la certification CE.[\/vc_column_text][\/vc_column][\/vc_row][vc_row bottom_padding=\u00a0\u00bb50&Prime;][vc_column width=\u00a0\u00bb1\/4&Prime;][\/vc_column][vc_column width=\u00a0\u00bb3\/4&Prime;][vc_column_text] Plateaux de pon\u00e7age Cette section contient toute la gamme de plateaux de pon\u00e7age et modules diamant\u00e9s Maxima, con\u00e7us pour une utilisation universelle dans la construction et dans le domaine de la pierre. Les mod\u00e8les \u00e0 couronne et secteurs continus, sont flanqu\u00e9s de plateaux de pon\u00e7age qui permettent [&hellip;]<\/p>\n","protected":false},"author":29,"featured_media":0,"parent":0,"menu_order":0,"comment_status":"closed","ping_status":"closed","template":"","meta":{"ngg_post_thumbnail":0,"_joinchat":[],"footnotes":""},"class_list":["post-32215","page","type-page","status-publish","hentry"],"yoast_head":"<!-- This site is optimized with the Yoast SEO plugin v25.5 - https:\/\/yoast.com\/wordpress\/plugins\/seo\/ -->\n<title>Produits - Pon\u00e7age - Maxima SpA<\/title>\n<meta name=\"description\" content=\"La plus large gamme de produits de pon\u00e7age de surface comprend des ponceuses machines outils diamant\u00e9s plateaux de pon\u00e7age modules diamant\u00e9s\" \/>\n<meta name=\"robots\" content=\"index, follow, max-snippet:-1, max-image-preview:large, max-video-preview:-1\" \/>\n<link rel=\"canonical\" href=\"https:\/\/www.maxima-dia.com\/fr\/produits-poncage\/\" \/>\n<meta property=\"og:locale\" content=\"fr_FR\" \/>\n<meta property=\"og:type\" content=\"article\" \/>\n<meta property=\"og:title\" content=\"Produits - Pon\u00e7age - Maxima SpA\" \/>\n<meta property=\"og:description\" content=\"La plus large gamme de produits de pon\u00e7age de surface comprend des ponceuses machines outils diamant\u00e9s plateaux de pon\u00e7age modules diamant\u00e9s\" \/>\n<meta property=\"og:url\" content=\"https:\/\/www.maxima-dia.com\/fr\/produits-poncage\/\" \/>\n<meta property=\"og:site_name\" content=\"Maxima SpA\" \/>\n<meta property=\"article:publisher\" content=\"https:\/\/www.facebook.com\/Maxima-spa-106098566139597\" \/>\n<meta property=\"article:modified_time\" content=\"2023-03-10T09:01:28+00:00\" \/>\n<meta property=\"og:image\" content=\"https:\/\/www.maxima-dia.com\/wp-content\/uploads\/2022\/03\/MaximaSpA-logo-quadrato.jpg\" \/>\n\t<meta property=\"og:image:width\" content=\"500\" \/>\n\t<meta property=\"og:image:height\" content=\"500\" \/>\n\t<meta property=\"og:image:type\" content=\"image\/jpeg\" \/>\n<meta name=\"twitter:card\" content=\"summary_large_image\" \/>\n<meta name=\"twitter:site\" content=\"@Maximadia\" \/>\n<meta name=\"twitter:label1\" content=\"Dur\u00e9e de lecture estim\u00e9e\" \/>\n\t<meta name=\"twitter:data1\" content=\"2 minutes\" \/>\n<script type=\"application\/ld+json\" class=\"yoast-schema-graph\">{\"@context\":\"https:\/\/schema.org\",\"@graph\":[{\"@type\":\"WebPage\",\"@id\":\"https:\/\/www.maxima-dia.com\/fr\/produits-poncage\/\",\"url\":\"https:\/\/www.maxima-dia.com\/fr\/produits-poncage\/\",\"name\":\"Produits - Pon\u00e7age - Maxima SpA\",\"isPartOf\":{\"@id\":\"https:\/\/www.maxima-dia.com\/fr\/#website\"},\"datePublished\":\"2021-11-29T09:16:57+00:00\",\"dateModified\":\"2023-03-10T09:01:28+00:00\",\"description\":\"La plus large gamme de produits de pon\u00e7age de surface comprend des ponceuses machines outils diamant\u00e9s plateaux de pon\u00e7age modules diamant\u00e9s\",\"breadcrumb\":{\"@id\":\"https:\/\/www.maxima-dia.com\/fr\/produits-poncage\/#breadcrumb\"},\"inLanguage\":\"fr-FR\",\"potentialAction\":[{\"@type\":\"ReadAction\",\"target\":[\"https:\/\/www.maxima-dia.com\/fr\/produits-poncage\/\"]}]},{\"@type\":\"BreadcrumbList\",\"@id\":\"https:\/\/www.maxima-dia.com\/fr\/produits-poncage\/#breadcrumb\",\"itemListElement\":[{\"@type\":\"ListItem\",\"position\":1,\"name\":\"Home\",\"item\":\"https:\/\/www.maxima-dia.com\/fr\/\"},{\"@type\":\"ListItem\",\"position\":2,\"name\":\"Produits &#8211; Pon\u00e7age\"}]},{\"@type\":\"WebSite\",\"@id\":\"https:\/\/www.maxima-dia.com\/fr\/#website\",\"url\":\"https:\/\/www.maxima-dia.com\/fr\/\",\"name\":\"Maxima SpA\",\"description\":\"Only for the real professionals\",\"potentialAction\":[{\"@type\":\"SearchAction\",\"target\":{\"@type\":\"EntryPoint\",\"urlTemplate\":\"https:\/\/www.maxima-dia.com\/fr\/?s={search_term_string}\"},\"query-input\":{\"@type\":\"PropertyValueSpecification\",\"valueRequired\":true,\"valueName\":\"search_term_string\"}}],\"inLanguage\":\"fr-FR\"}]}<\/script>\n<!-- \/ Yoast SEO plugin. -->","yoast_head_json":{"title":"Produits - Pon\u00e7age - Maxima SpA","description":"La plus large gamme de produits de pon\u00e7age de surface comprend des ponceuses machines outils diamant\u00e9s plateaux de pon\u00e7age modules diamant\u00e9s","robots":{"index":"index","follow":"follow","max-snippet":"max-snippet:-1","max-image-preview":"max-image-preview:large","max-video-preview":"max-video-preview:-1"},"canonical":"https:\/\/www.maxima-dia.com\/fr\/produits-poncage\/","og_locale":"fr_FR","og_type":"article","og_title":"Produits - Pon\u00e7age - Maxima SpA","og_description":"La plus large gamme de produits de pon\u00e7age de surface comprend des ponceuses machines outils diamant\u00e9s plateaux de pon\u00e7age modules diamant\u00e9s","og_url":"https:\/\/www.maxima-dia.com\/fr\/produits-poncage\/","og_site_name":"Maxima SpA","article_publisher":"https:\/\/www.facebook.com\/Maxima-spa-106098566139597","article_modified_time":"2023-03-10T09:01:28+00:00","og_image":[{"width":500,"height":500,"url":"https:\/\/www.maxima-dia.com\/wp-content\/uploads\/2022\/03\/MaximaSpA-logo-quadrato.jpg","type":"image\/jpeg"}],"twitter_card":"summary_large_image","twitter_site":"@Maximadia","twitter_misc":{"Dur\u00e9e de lecture estim\u00e9e":"2 minutes"},"schema":{"@context":"https:\/\/schema.org","@graph":[{"@type":"WebPage","@id":"https:\/\/www.maxima-dia.com\/fr\/produits-poncage\/","url":"https:\/\/www.maxima-dia.com\/fr\/produits-poncage\/","name":"Produits - Pon\u00e7age - Maxima SpA","isPartOf":{"@id":"https:\/\/www.maxima-dia.com\/fr\/#website"},"datePublished":"2021-11-29T09:16:57+00:00","dateModified":"2023-03-10T09:01:28+00:00","description":"La plus large gamme de produits de pon\u00e7age de surface comprend des ponceuses machines outils diamant\u00e9s plateaux de pon\u00e7age modules diamant\u00e9s","breadcrumb":{"@id":"https:\/\/www.maxima-dia.com\/fr\/produits-poncage\/#breadcrumb"},"inLanguage":"fr-FR","potentialAction":[{"@type":"ReadAction","target":["https:\/\/www.maxima-dia.com\/fr\/produits-poncage\/"]}]},{"@type":"BreadcrumbList","@id":"https:\/\/www.maxima-dia.com\/fr\/produits-poncage\/#breadcrumb","itemListElement":[{"@type":"ListItem","position":1,"name":"Home","item":"https:\/\/www.maxima-dia.com\/fr\/"},{"@type":"ListItem","position":2,"name":"Produits &#8211; Pon\u00e7age"}]},{"@type":"WebSite","@id":"https:\/\/www.maxima-dia.com\/fr\/#website","url":"https:\/\/www.maxima-dia.com\/fr\/","name":"Maxima SpA","description":"Only for the real professionals","potentialAction":[{"@type":"SearchAction","target":{"@type":"EntryPoint","urlTemplate":"https:\/\/www.maxima-dia.com\/fr\/?s={search_term_string}"},"query-input":{"@type":"PropertyValueSpecification","valueRequired":true,"valueName":"search_term_string"}}],"inLanguage":"fr-FR"}]}},"_links":{"self":[{"href":"https:\/\/www.maxima-dia.com\/fr\/wp-json\/wp\/v2\/pages\/32215"}],"collection":[{"href":"https:\/\/www.maxima-dia.com\/fr\/wp-json\/wp\/v2\/pages"}],"about":[{"href":"https:\/\/www.maxima-dia.com\/fr\/wp-json\/wp\/v2\/types\/page"}],"author":[{"embeddable":true,"href":"https:\/\/www.maxima-dia.com\/fr\/wp-json\/wp\/v2\/users\/29"}],"replies":[{"embeddable":true,"href":"https:\/\/www.maxima-dia.com\/fr\/wp-json\/wp\/v2\/comments?post=32215"}],"version-history":[{"count":1,"href":"https:\/\/www.maxima-dia.com\/fr\/wp-json\/wp\/v2\/pages\/32215\/revisions"}],"predecessor-version":[{"id":39060,"href":"https:\/\/www.maxima-dia.com\/fr\/wp-json\/wp\/v2\/pages\/32215\/revisions\/39060"}],"wp:attachment":[{"href":"https:\/\/www.maxima-dia.com\/fr\/wp-json\/wp\/v2\/media?parent=32215"}],"curies":[{"name":"wp","href":"https:\/\/api.w.org\/{rel}","templated":true}]}}