{"id":35088,"date":"2022-06-07T10:29:41","date_gmt":"2022-06-07T08:29:41","guid":{"rendered":"https:\/\/www.maxima-dia.com\/?page_id=35088"},"modified":"2023-08-29T11:24:36","modified_gmt":"2023-08-29T09:24:36","slug":"les-agents","status":"publish","type":"page","link":"https:\/\/www.maxima-dia.com\/fr\/les-agents\/","title":{"rendered":"Nos commerciaux"},"content":{"rendered":"<h2>Cliquez sur le pays pour afficher l&rsquo;agent correspondant<\/h2>\n<p>Pour acheter, obtenir de l&rsquo;information ou nous donner votre opinion sur nos lames de diamant, forets de diamant ou machines pour la d\u00e9coupe et le carottage, cliquez sur le pays ou la r\u00e9gion de votre int\u00e9r\u00eat.<\/p>\n<p><iframe loading=\"lazy\" id=\"salesmaps\" src=\"https:\/\/www.google.com\/maps\/d\/u\/0\/embed?mid=15xAb_RC9f94B5RLtJx3e9BUFGTI0R_c&amp;ehbc=2E312F\" width=\"100%\" height=\"600\"><\/iframe><\/p>\n","protected":false},"excerpt":{"rendered":"<p>Cliquez sur le pays pour afficher l&rsquo;agent correspondant Pour acheter, obtenir de l&rsquo;information ou nous donner votre opinion sur nos lames de diamant, forets de diamant ou machines pour la d\u00e9coupe et le carottage, cliquez sur le pays ou la r\u00e9gion de votre int\u00e9r\u00eat.<\/p>\n","protected":false},"author":29,"featured_media":0,"parent":0,"menu_order":2,"comment_status":"closed","ping_status":"closed","template":"","meta":{"ngg_post_thumbnail":0,"_joinchat":[],"footnotes":""},"class_list":["post-35088","page","type-page","status-publish","hentry"],"yoast_head":"<!-- This site is optimized with the Yoast SEO plugin v25.5 - https:\/\/yoast.com\/wordpress\/plugins\/seo\/ -->\n<title>Nos commerciaux - Maxima SpA<\/title>\n<meta name=\"description\" content=\"Pour acheter, obtenir de l&#039;information ou nous donner votre opinion sur nos lames de diamant, forets de diamant ou machines pour la d\u00e9coupe et le carottage\" \/>\n<meta name=\"robots\" content=\"index, follow, max-snippet:-1, max-image-preview:large, max-video-preview:-1\" \/>\n<link rel=\"canonical\" href=\"https:\/\/www.maxima-dia.com\/fr\/les-agents\/\" \/>\n<meta property=\"og:locale\" content=\"fr_FR\" \/>\n<meta property=\"og:type\" content=\"article\" \/>\n<meta property=\"og:title\" content=\"Nos commerciaux - Maxima SpA\" \/>\n<meta property=\"og:description\" content=\"Pour acheter, obtenir de l&#039;information ou nous donner votre opinion sur nos lames de diamant, forets de diamant ou machines pour la d\u00e9coupe et le carottage\" \/>\n<meta property=\"og:url\" content=\"https:\/\/www.maxima-dia.com\/fr\/les-agents\/\" \/>\n<meta property=\"og:site_name\" content=\"Maxima SpA\" \/>\n<meta property=\"article:publisher\" content=\"https:\/\/www.facebook.com\/Maxima-spa-106098566139597\" \/>\n<meta property=\"article:modified_time\" content=\"2023-08-29T09:24:36+00:00\" \/>\n<meta property=\"og:image\" content=\"https:\/\/www.maxima-dia.com\/wp-content\/uploads\/2022\/03\/MaximaSpA-logo-quadrato.jpg\" \/>\n\t<meta property=\"og:image:width\" content=\"500\" \/>\n\t<meta property=\"og:image:height\" content=\"500\" \/>\n\t<meta property=\"og:image:type\" content=\"image\/jpeg\" \/>\n<meta name=\"twitter:card\" content=\"summary_large_image\" \/>\n<meta name=\"twitter:site\" content=\"@Maximadia\" \/>\n<script type=\"application\/ld+json\" class=\"yoast-schema-graph\">{\"@context\":\"https:\/\/schema.org\",\"@graph\":[{\"@type\":\"WebPage\",\"@id\":\"https:\/\/www.maxima-dia.com\/fr\/les-agents\/\",\"url\":\"https:\/\/www.maxima-dia.com\/fr\/les-agents\/\",\"name\":\"Nos commerciaux - Maxima SpA\",\"isPartOf\":{\"@id\":\"https:\/\/www.maxima-dia.com\/fr\/#website\"},\"datePublished\":\"2022-06-07T08:29:41+00:00\",\"dateModified\":\"2023-08-29T09:24:36+00:00\",\"description\":\"Pour acheter, obtenir de l'information ou nous donner votre opinion sur nos lames de diamant, forets de diamant ou machines pour la d\u00e9coupe et le carottage\",\"breadcrumb\":{\"@id\":\"https:\/\/www.maxima-dia.com\/fr\/les-agents\/#breadcrumb\"},\"inLanguage\":\"fr-FR\",\"potentialAction\":[{\"@type\":\"ReadAction\",\"target\":[\"https:\/\/www.maxima-dia.com\/fr\/les-agents\/\"]}]},{\"@type\":\"BreadcrumbList\",\"@id\":\"https:\/\/www.maxima-dia.com\/fr\/les-agents\/#breadcrumb\",\"itemListElement\":[{\"@type\":\"ListItem\",\"position\":1,\"name\":\"Home\",\"item\":\"https:\/\/www.maxima-dia.com\/fr\/\"},{\"@type\":\"ListItem\",\"position\":2,\"name\":\"Nos commerciaux\"}]},{\"@type\":\"WebSite\",\"@id\":\"https:\/\/www.maxima-dia.com\/fr\/#website\",\"url\":\"https:\/\/www.maxima-dia.com\/fr\/\",\"name\":\"Maxima SpA\",\"description\":\"Only for the real professionals\",\"potentialAction\":[{\"@type\":\"SearchAction\",\"target\":{\"@type\":\"EntryPoint\",\"urlTemplate\":\"https:\/\/www.maxima-dia.com\/fr\/?s={search_term_string}\"},\"query-input\":{\"@type\":\"PropertyValueSpecification\",\"valueRequired\":true,\"valueName\":\"search_term_string\"}}],\"inLanguage\":\"fr-FR\"}]}<\/script>\n<!-- \/ Yoast SEO plugin. -->","yoast_head_json":{"title":"Nos commerciaux - Maxima SpA","description":"Pour acheter, obtenir de l'information ou nous donner votre opinion sur nos lames de diamant, forets de diamant ou machines pour la d\u00e9coupe et le carottage","robots":{"index":"index","follow":"follow","max-snippet":"max-snippet:-1","max-image-preview":"max-image-preview:large","max-video-preview":"max-video-preview:-1"},"canonical":"https:\/\/www.maxima-dia.com\/fr\/les-agents\/","og_locale":"fr_FR","og_type":"article","og_title":"Nos commerciaux - Maxima SpA","og_description":"Pour acheter, obtenir de l'information ou nous donner votre opinion sur nos lames de diamant, forets de diamant ou machines pour la d\u00e9coupe et le carottage","og_url":"https:\/\/www.maxima-dia.com\/fr\/les-agents\/","og_site_name":"Maxima SpA","article_publisher":"https:\/\/www.facebook.com\/Maxima-spa-106098566139597","article_modified_time":"2023-08-29T09:24:36+00:00","og_image":[{"width":500,"height":500,"url":"https:\/\/www.maxima-dia.com\/wp-content\/uploads\/2022\/03\/MaximaSpA-logo-quadrato.jpg","type":"image\/jpeg"}],"twitter_card":"summary_large_image","twitter_site":"@Maximadia","schema":{"@context":"https:\/\/schema.org","@graph":[{"@type":"WebPage","@id":"https:\/\/www.maxima-dia.com\/fr\/les-agents\/","url":"https:\/\/www.maxima-dia.com\/fr\/les-agents\/","name":"Nos commerciaux - Maxima SpA","isPartOf":{"@id":"https:\/\/www.maxima-dia.com\/fr\/#website"},"datePublished":"2022-06-07T08:29:41+00:00","dateModified":"2023-08-29T09:24:36+00:00","description":"Pour acheter, obtenir de l'information ou nous donner votre opinion sur nos lames de diamant, forets de diamant ou machines pour la d\u00e9coupe et le carottage","breadcrumb":{"@id":"https:\/\/www.maxima-dia.com\/fr\/les-agents\/#breadcrumb"},"inLanguage":"fr-FR","potentialAction":[{"@type":"ReadAction","target":["https:\/\/www.maxima-dia.com\/fr\/les-agents\/"]}]},{"@type":"BreadcrumbList","@id":"https:\/\/www.maxima-dia.com\/fr\/les-agents\/#breadcrumb","itemListElement":[{"@type":"ListItem","position":1,"name":"Home","item":"https:\/\/www.maxima-dia.com\/fr\/"},{"@type":"ListItem","position":2,"name":"Nos commerciaux"}]},{"@type":"WebSite","@id":"https:\/\/www.maxima-dia.com\/fr\/#website","url":"https:\/\/www.maxima-dia.com\/fr\/","name":"Maxima SpA","description":"Only for the real professionals","potentialAction":[{"@type":"SearchAction","target":{"@type":"EntryPoint","urlTemplate":"https:\/\/www.maxima-dia.com\/fr\/?s={search_term_string}"},"query-input":{"@type":"PropertyValueSpecification","valueRequired":true,"valueName":"search_term_string"}}],"inLanguage":"fr-FR"}]}},"_links":{"self":[{"href":"https:\/\/www.maxima-dia.com\/fr\/wp-json\/wp\/v2\/pages\/35088"}],"collection":[{"href":"https:\/\/www.maxima-dia.com\/fr\/wp-json\/wp\/v2\/pages"}],"about":[{"href":"https:\/\/www.maxima-dia.com\/fr\/wp-json\/wp\/v2\/types\/page"}],"author":[{"embeddable":true,"href":"https:\/\/www.maxima-dia.com\/fr\/wp-json\/wp\/v2\/users\/29"}],"replies":[{"embeddable":true,"href":"https:\/\/www.maxima-dia.com\/fr\/wp-json\/wp\/v2\/comments?post=35088"}],"version-history":[{"count":2,"href":"https:\/\/www.maxima-dia.com\/fr\/wp-json\/wp\/v2\/pages\/35088\/revisions"}],"predecessor-version":[{"id":41640,"href":"https:\/\/www.maxima-dia.com\/fr\/wp-json\/wp\/v2\/pages\/35088\/revisions\/41640"}],"wp:attachment":[{"href":"https:\/\/www.maxima-dia.com\/fr\/wp-json\/wp\/v2\/media?parent=35088"}],"curies":[{"name":"wp","href":"https:\/\/api.w.org\/{rel}","templated":true}]}}