{"id":37628,"date":"2023-02-17T10:06:57","date_gmt":"2023-02-17T09:06:57","guid":{"rendered":"https:\/\/www.maxima-dia.com\/?page_id=37628"},"modified":"2023-02-17T10:06:57","modified_gmt":"2023-02-17T09:06:57","slug":"genemax-7000-is","status":"publish","type":"page","link":"https:\/\/www.maxima-dia.com\/fr\/generateur-electrique-groupes-electrogenes\/genemax-7000-is\/","title":{"rendered":"Genemax 7000 IS"},"content":{"rendered":"<div class=\"wpb-content-wrapper\"><p>[vc_row][vc_column text_align=\u00a0\u00bbcenter\u00a0\u00bb width=\u00a0\u00bb1\/4&Prime;][vc_column_text]<a href=\"https:\/\/www.maxima-dia.com\/wp-content\/uploads\/2023\/02\/GENEMAX-7000is-12-10-2022-bis.jpg\"><img loading=\"lazy\" decoding=\"async\" class=\"alignnone wp-image-37329 size-thumbnail\" src=\"https:\/\/www.maxima-dia.com\/wp-content\/uploads\/2023\/02\/GENEMAX-7000is-12-10-2022-bis-150x150.jpg\" alt=\"\" width=\"150\" height=\"150\" srcset=\"https:\/\/www.maxima-dia.com\/wp-content\/uploads\/2023\/02\/GENEMAX-7000is-12-10-2022-bis-150x150.jpg 150w, https:\/\/www.maxima-dia.com\/wp-content\/uploads\/2023\/02\/GENEMAX-7000is-12-10-2022-bis-300x300.jpg 300w, https:\/\/www.maxima-dia.com\/wp-content\/uploads\/2023\/02\/GENEMAX-7000is-12-10-2022-bis-1024x1024.jpg 1024w, https:\/\/www.maxima-dia.com\/wp-content\/uploads\/2023\/02\/GENEMAX-7000is-12-10-2022-bis-768x768.jpg 768w, https:\/\/www.maxima-dia.com\/wp-content\/uploads\/2023\/02\/GENEMAX-7000is-12-10-2022-bis-80x80.jpg 80w, https:\/\/www.maxima-dia.com\/wp-content\/uploads\/2023\/02\/GENEMAX-7000is-12-10-2022-bis-500x500.jpg 500w, https:\/\/www.maxima-dia.com\/wp-content\/uploads\/2023\/02\/GENEMAX-7000is-12-10-2022-bis-1000x1000.jpg 1000w, https:\/\/www.maxima-dia.com\/wp-content\/uploads\/2023\/02\/GENEMAX-7000is-12-10-2022-bis.jpg 1200w\" sizes=\"(max-width: 150px) 100vw, 150px\" \/><\/a><\/p>\n<p>certifi\u00e9 CE[\/vc_column_text][vc_column_text css_animation=\u00a0\u00bbslideInDown\u00a0\u00bb el_class=\u00a0\u00bbhidebuybutton\u00a0\u00bb]<a href=\"https:\/\/www.storemaxima.com\/fr\/groupes-electrogenes\/320-genemax-7000-is.html\" target=\"_blank\" rel=\"noopener\"><img loading=\"lazy\" decoding=\"async\" class=\"alignnone\" title=\"Acheter sur www.storemaxima.com\" src=\"https:\/\/www.maxima-dia.com\/wp-content\/uploads\/2019\/12\/pulsante-acquista-storemaxima.com-fr.svg\" alt=\"Acheter sur www.storemaxima.com\" width=\"180\" height=\"80\"><\/a>[\/vc_column_text][\/vc_column][vc_column width=\u00a0\u00bb3\/4&Prime;][vc_column_text]<strong>GENEMAX 7000 IS<\/strong> est le groupe \u00e9lectrog\u00e8ne le plus puissant de la gamme Maxima, avec une puissance de fonctionnement de 6 kW et un maximum de 7kW. La structure silencieuse permet d&rsquo;abaisser les niveaux de bruit jusqu&rsquo;\u00e0 70 dB, ce qui r\u00e9duit consid\u00e9rablement la pollution sonore. Le g\u00e9n\u00e9rateur est \u00e9quip\u00e9 d&rsquo;un \u00e9cran num\u00e9rique pour les commandes et de la technologie de d\u00e9marrage Start&amp;Stop. Mont\u00e9 sur roues de s\u00e9rie pour un transport facile, il garantit d&rsquo;excellentes performances dans les secteurs du commerce, du camping, de la construction en plein air et de la location. Gr\u00e2ce \u00e0 la technologie \u00e0 variateur, il produit de l&rsquo;\u00e9lectricit\u00e9 \u00e0 une fr\u00e9quence et \u00e0 une tension constantes, ce qui le rend id\u00e9al pour les \u00e9quipements \u00e9lectroniques les plus sophistiqu\u00e9s.<\/p>\n<table class=\"tabellafotocarotaggio\" style=\"width: 100.06%;\">\n<tbody>\n<tr>\n<td style=\"text-align: center; width: 25%;\"><a href=\"https:\/\/www.maxima-dia.com\/wp-content\/uploads\/2023\/02\/GENEMAX-7000is-12-10-2022-fronte.jpg\"><img loading=\"lazy\" decoding=\"async\" class=\"alignnone wp-image-37335 size-thumbnail\" src=\"https:\/\/www.maxima-dia.com\/wp-content\/uploads\/2023\/02\/GENEMAX-7000is-12-10-2022-fronte-150x150.jpg\" alt=\"\" width=\"150\" height=\"150\" srcset=\"https:\/\/www.maxima-dia.com\/wp-content\/uploads\/2023\/02\/GENEMAX-7000is-12-10-2022-fronte-150x150.jpg 150w, https:\/\/www.maxima-dia.com\/wp-content\/uploads\/2023\/02\/GENEMAX-7000is-12-10-2022-fronte-300x300.jpg 300w, https:\/\/www.maxima-dia.com\/wp-content\/uploads\/2023\/02\/GENEMAX-7000is-12-10-2022-fronte-1024x1024.jpg 1024w, https:\/\/www.maxima-dia.com\/wp-content\/uploads\/2023\/02\/GENEMAX-7000is-12-10-2022-fronte-768x768.jpg 768w, https:\/\/www.maxima-dia.com\/wp-content\/uploads\/2023\/02\/GENEMAX-7000is-12-10-2022-fronte-80x80.jpg 80w, https:\/\/www.maxima-dia.com\/wp-content\/uploads\/2023\/02\/GENEMAX-7000is-12-10-2022-fronte-500x500.jpg 500w, https:\/\/www.maxima-dia.com\/wp-content\/uploads\/2023\/02\/GENEMAX-7000is-12-10-2022-fronte-1000x1000.jpg 1000w, https:\/\/www.maxima-dia.com\/wp-content\/uploads\/2023\/02\/GENEMAX-7000is-12-10-2022-fronte.jpg 1200w\" sizes=\"(max-width: 150px) 100vw, 150px\" \/><\/a>&nbsp;<\/td>\n<td style=\"text-align: center; width: 25%;\"><a href=\"https:\/\/www.maxima-dia.com\/wp-content\/uploads\/2023\/02\/GENEMAX-7000IS-BATTERIA-14-11-2022.jpg\"><img loading=\"lazy\" decoding=\"async\" class=\"alignnone wp-image-37347 size-thumbnail\" src=\"https:\/\/www.maxima-dia.com\/wp-content\/uploads\/2023\/02\/GENEMAX-7000IS-BATTERIA-14-11-2022-150x150.jpg\" alt=\"\" width=\"150\" height=\"150\" srcset=\"https:\/\/www.maxima-dia.com\/wp-content\/uploads\/2023\/02\/GENEMAX-7000IS-BATTERIA-14-11-2022-150x150.jpg 150w, https:\/\/www.maxima-dia.com\/wp-content\/uploads\/2023\/02\/GENEMAX-7000IS-BATTERIA-14-11-2022-300x300.jpg 300w, https:\/\/www.maxima-dia.com\/wp-content\/uploads\/2023\/02\/GENEMAX-7000IS-BATTERIA-14-11-2022-1024x1024.jpg 1024w, https:\/\/www.maxima-dia.com\/wp-content\/uploads\/2023\/02\/GENEMAX-7000IS-BATTERIA-14-11-2022-768x768.jpg 768w, https:\/\/www.maxima-dia.com\/wp-content\/uploads\/2023\/02\/GENEMAX-7000IS-BATTERIA-14-11-2022-80x80.jpg 80w, https:\/\/www.maxima-dia.com\/wp-content\/uploads\/2023\/02\/GENEMAX-7000IS-BATTERIA-14-11-2022-500x500.jpg 500w, https:\/\/www.maxima-dia.com\/wp-content\/uploads\/2023\/02\/GENEMAX-7000IS-BATTERIA-14-11-2022-1000x1000.jpg 1000w, https:\/\/www.maxima-dia.com\/wp-content\/uploads\/2023\/02\/GENEMAX-7000IS-BATTERIA-14-11-2022.jpg 1200w\" sizes=\"(max-width: 150px) 100vw, 150px\" \/><\/a><\/td>\n<td style=\"text-align: center; width: 25%;\"><a href=\"https:\/\/www.maxima-dia.com\/wp-content\/uploads\/2023\/02\/GENEMAX-7000IS-COPERCHIO-LAT-DX-25-11-2022.jpg\"><img loading=\"lazy\" decoding=\"async\" class=\"alignnone wp-image-37353 size-thumbnail\" src=\"https:\/\/www.maxima-dia.com\/wp-content\/uploads\/2023\/02\/GENEMAX-7000IS-COPERCHIO-LAT-DX-25-11-2022-150x150.jpg\" alt=\"\" width=\"150\" height=\"150\" srcset=\"https:\/\/www.maxima-dia.com\/wp-content\/uploads\/2023\/02\/GENEMAX-7000IS-COPERCHIO-LAT-DX-25-11-2022-150x150.jpg 150w, https:\/\/www.maxima-dia.com\/wp-content\/uploads\/2023\/02\/GENEMAX-7000IS-COPERCHIO-LAT-DX-25-11-2022-300x300.jpg 300w, https:\/\/www.maxima-dia.com\/wp-content\/uploads\/2023\/02\/GENEMAX-7000IS-COPERCHIO-LAT-DX-25-11-2022-1024x1024.jpg 1024w, https:\/\/www.maxima-dia.com\/wp-content\/uploads\/2023\/02\/GENEMAX-7000IS-COPERCHIO-LAT-DX-25-11-2022-768x768.jpg 768w, https:\/\/www.maxima-dia.com\/wp-content\/uploads\/2023\/02\/GENEMAX-7000IS-COPERCHIO-LAT-DX-25-11-2022-80x80.jpg 80w, https:\/\/www.maxima-dia.com\/wp-content\/uploads\/2023\/02\/GENEMAX-7000IS-COPERCHIO-LAT-DX-25-11-2022-500x500.jpg 500w, https:\/\/www.maxima-dia.com\/wp-content\/uploads\/2023\/02\/GENEMAX-7000IS-COPERCHIO-LAT-DX-25-11-2022-1000x1000.jpg 1000w, https:\/\/www.maxima-dia.com\/wp-content\/uploads\/2023\/02\/GENEMAX-7000IS-COPERCHIO-LAT-DX-25-11-2022.jpg 1200w\" sizes=\"(max-width: 150px) 100vw, 150px\" \/><\/a>&nbsp;&nbsp;<\/td>\n<td style=\"text-align: center; width: 25%;\"><a href=\"https:\/\/www.maxima-dia.com\/wp-content\/uploads\/2023\/02\/GENEMAX-7000is-12-10-2022.jpg\"><img loading=\"lazy\" decoding=\"async\" class=\"alignnone wp-image-37341 size-thumbnail\" src=\"https:\/\/www.maxima-dia.com\/wp-content\/uploads\/2023\/02\/GENEMAX-7000is-12-10-2022-150x150.jpg\" alt=\"\" width=\"150\" height=\"150\" srcset=\"https:\/\/www.maxima-dia.com\/wp-content\/uploads\/2023\/02\/GENEMAX-7000is-12-10-2022-150x150.jpg 150w, https:\/\/www.maxima-dia.com\/wp-content\/uploads\/2023\/02\/GENEMAX-7000is-12-10-2022-300x300.jpg 300w, https:\/\/www.maxima-dia.com\/wp-content\/uploads\/2023\/02\/GENEMAX-7000is-12-10-2022-1024x1024.jpg 1024w, https:\/\/www.maxima-dia.com\/wp-content\/uploads\/2023\/02\/GENEMAX-7000is-12-10-2022-768x768.jpg 768w, https:\/\/www.maxima-dia.com\/wp-content\/uploads\/2023\/02\/GENEMAX-7000is-12-10-2022-80x80.jpg 80w, https:\/\/www.maxima-dia.com\/wp-content\/uploads\/2023\/02\/GENEMAX-7000is-12-10-2022-500x500.jpg 500w, https:\/\/www.maxima-dia.com\/wp-content\/uploads\/2023\/02\/GENEMAX-7000is-12-10-2022-1000x1000.jpg 1000w, https:\/\/www.maxima-dia.com\/wp-content\/uploads\/2023\/02\/GENEMAX-7000is-12-10-2022.jpg 1200w\" sizes=\"(max-width: 150px) 100vw, 150px\" \/><\/a><\/td>\n<\/tr>\n<\/tbody>\n<\/table>\n<p>&nbsp;<\/p>\n<table class=\"tabellatecnica\" style=\"width: 100%; height: 144px;\" border=\"0\" cellspacing=\"0\" cellpadding=\"0\">\n<thead>\n<tr style=\"height: 24px;\">\n<td class=\"testata\" style=\"width: 100%; height: 24px;\" colspan=\"2\">CARACT\u00c9RISTIQUES TECHNIQUES<\/td>\n<\/tr>\n<\/thead>\n<tbody>\n<tr style=\"height: 24px;\">\n<td class=\"coltesto1\" style=\"width: 50%; height: 24px;\">Moteur (Max) : 7 kW<\/td>\n<td class=\"coltesto2\" style=\"width: 50%; height: 24px;\">D\u00e9marrage : \u00e9lectrique<\/td>\n<\/tr>\n<tr style=\"height: 24px;\">\n<td class=\"coltesto1\" style=\"width: 50%; height: 24px;\">G\u00e9n\u00e9r\u00e9s (continu) : 6 kW<\/td>\n<td class=\"coltesto2\" style=\"width: 50%; height: 24px;\">Monophas\u00e9 : 230v<\/td>\n<\/tr>\n<tr style=\"height: 24px;\">\n<td class=\"coltesto1\" style=\"width: 50%; height: 24px;\">Moteur \/ Puissance du moteur : Loncin \/ 420 cm<sup>3<\/sup><\/td>\n<td class=\"coltesto2\" style=\"width: 50%; height: 24px;\">Inverter \/ Avr: oui<\/td>\n<\/tr>\n<tr style=\"height: 24px;\">\n<td class=\"coltesto2\" style=\"width: 50%; height: 24px;\">R\u00e9servoir : 25 litres<\/td>\n<td class=\"coltesto2\" style=\"width: 50%; height: 24px;\">Connexion parall\u00e8le : oui<\/td>\n<\/tr>\n<tr style=\"height: 24px;\">\n<td class=\"coltesto2\" style=\"width: 50%; height: 24px;\">Poids total de la machine : 130 kg<\/td>\n<td class=\"coltesto2\" style=\"width: 50%; height: 24px;\">Silencieux : oui<\/td>\n<\/tr>\n<tr style=\"height: 24px;\">\n<td class=\"coltesto2\" style=\"width: 50%; height: 24px;\">Tableau (prises) : 2 indus. (16A) + 1 indus. (32A) + usb<\/td>\n<td class=\"coltesto2\" style=\"width: 50%; height: 24px;\">Bruit : 70 dB<\/td>\n<\/tr>\n<tr style=\"height: 24px;\">\n<td class=\"coltesto2\" style=\"width: 50%; height: 24px;\">Dimensions : 950 x 765 x 773 mm<\/td>\n<td class=\"coltesto2\" style=\"width: 50%; height: 24px;\">Carburant : essence verte<\/td>\n<\/tr>\n<\/tbody>\n<\/table>\n<p>[\/vc_column_text][\/vc_column][\/vc_row]<\/p>\n<\/div>","protected":false},"excerpt":{"rendered":"<p>[vc_row][vc_column text_align=\u00a0\u00bbcenter\u00a0\u00bb width=\u00a0\u00bb1\/4&Prime;][vc_column_text] certifi\u00e9 CE[\/vc_column_text][vc_column_text css_animation=\u00a0\u00bbslideInDown\u00a0\u00bb el_class=\u00a0\u00bbhidebuybutton\u00a0\u00bb][\/vc_column_text][\/vc_column][vc_column width=\u00a0\u00bb3\/4&Prime;][vc_column_text]GENEMAX 7000 IS est le groupe \u00e9lectrog\u00e8ne le plus puissant de la gamme Maxima, avec une puissance de fonctionnement de 6 kW et un maximum de 7kW. La structure silencieuse permet d&rsquo;abaisser les niveaux de bruit jusqu&rsquo;\u00e0 70 dB, ce qui r\u00e9duit consid\u00e9rablement la pollution sonore. Le g\u00e9n\u00e9rateur est \u00e9quip\u00e9 d&rsquo;un \u00e9cran num\u00e9rique pour les commandes et de la technologie de d\u00e9marrage Start&amp;Stop. Mont\u00e9 sur roues de s\u00e9rie pour un transport facile, il garantit d&rsquo;excellentes performances dans les secteurs du commerce, du camping, de la construction en plein air et de la location. Gr\u00e2ce \u00e0 la technologie \u00e0 variateur, il produit de l&rsquo;\u00e9lectricit\u00e9 \u00e0 une fr\u00e9quence et \u00e0 une tension constantes, ce qui le rend id\u00e9al pour les \u00e9quipements \u00e9lectroniques les plus sophistiqu\u00e9s. &nbsp; &nbsp;&nbsp; &nbsp; CARACT\u00c9RISTIQUES TECHNIQUES Moteur (Max) : 7 kW D\u00e9marrage : \u00e9lectrique G\u00e9n\u00e9r\u00e9s (continu) : 6 kW Monophas\u00e9 : 230v Moteur \/ Puissance du moteur : Loncin \/ 420 cm3 Inverter \/ Avr: oui R\u00e9servoir : 25 litres Connexion parall\u00e8le : oui Poids total de la machine : 130 kg Silencieux : oui Tableau (prises) : 2 indus. (16A) + 1 indus. (32A) + usb Bruit : 70 dB [&hellip;]<\/p>\n","protected":false},"author":29,"featured_media":37331,"parent":38517,"menu_order":4,"comment_status":"closed","ping_status":"closed","template":"","meta":{"ngg_post_thumbnail":0,"_joinchat":[],"footnotes":""},"class_list":["post-37628","page","type-page","status-publish","has-post-thumbnail","hentry"],"yoast_head":"<!-- This site is optimized with the Yoast SEO plugin v25.5 - https:\/\/yoast.com\/wordpress\/plugins\/seo\/ -->\n<title>Genemax 7000 IS - Maxima SpA<\/title>\n<meta name=\"description\" content=\"Groupe \u00e9lectrog\u00e8ne silencieux technologie inverter puissance 6 kW max 7kW produit \u00e9lectricit\u00e9 \u00e0 une fr\u00e9quence et \u00e0 une tension constantes\" \/>\n<meta name=\"robots\" content=\"index, follow, max-snippet:-1, max-image-preview:large, max-video-preview:-1\" \/>\n<link rel=\"canonical\" href=\"https:\/\/www.maxima-dia.com\/fr\/generateur-electrique-groupes-electrogenes\/genemax-7000-is\/\" \/>\n<meta property=\"og:locale\" content=\"fr_FR\" \/>\n<meta property=\"og:type\" content=\"article\" \/>\n<meta property=\"og:title\" content=\"Genemax 7000 IS - Maxima SpA\" \/>\n<meta property=\"og:description\" content=\"Groupe \u00e9lectrog\u00e8ne silencieux technologie inverter puissance 6 kW max 7kW produit \u00e9lectricit\u00e9 \u00e0 une fr\u00e9quence et \u00e0 une tension constantes\" \/>\n<meta property=\"og:url\" content=\"https:\/\/www.maxima-dia.com\/fr\/generateur-electrique-groupes-electrogenes\/genemax-7000-is\/\" \/>\n<meta property=\"og:site_name\" content=\"Maxima SpA\" \/>\n<meta property=\"article:publisher\" content=\"https:\/\/www.facebook.com\/Maxima-spa-106098566139597\" \/>\n<meta property=\"og:image\" content=\"https:\/\/www.maxima-dia.com\/wp-content\/uploads\/2023\/02\/GENEMAX-7000is-12-10-2022-bis.jpg\" \/>\n\t<meta property=\"og:image:width\" content=\"1200\" \/>\n\t<meta property=\"og:image:height\" content=\"1200\" \/>\n\t<meta property=\"og:image:type\" content=\"image\/jpeg\" \/>\n<meta name=\"twitter:card\" content=\"summary_large_image\" \/>\n<meta name=\"twitter:site\" content=\"@Maximadia\" \/>\n<meta name=\"twitter:label1\" content=\"Dur\u00e9e de lecture estim\u00e9e\" \/>\n\t<meta name=\"twitter:data1\" content=\"3 minutes\" \/>\n<script type=\"application\/ld+json\" class=\"yoast-schema-graph\">{\"@context\":\"https:\/\/schema.org\",\"@graph\":[{\"@type\":\"WebPage\",\"@id\":\"https:\/\/www.maxima-dia.com\/fr\/generateur-electrique-groupes-electrogenes\/genemax-7000-is\/\",\"url\":\"https:\/\/www.maxima-dia.com\/fr\/generateur-electrique-groupes-electrogenes\/genemax-7000-is\/\",\"name\":\"Genemax 7000 IS - Maxima SpA\",\"isPartOf\":{\"@id\":\"https:\/\/www.maxima-dia.com\/fr\/#website\"},\"primaryImageOfPage\":{\"@id\":\"https:\/\/www.maxima-dia.com\/fr\/generateur-electrique-groupes-electrogenes\/genemax-7000-is\/#primaryimage\"},\"image\":{\"@id\":\"https:\/\/www.maxima-dia.com\/fr\/generateur-electrique-groupes-electrogenes\/genemax-7000-is\/#primaryimage\"},\"thumbnailUrl\":\"https:\/\/www.maxima-dia.com\/wp-content\/uploads\/2023\/02\/GENEMAX-7000is-12-10-2022-bis.jpg\",\"datePublished\":\"2023-02-17T09:06:57+00:00\",\"description\":\"Groupe \u00e9lectrog\u00e8ne silencieux technologie inverter puissance 6 kW max 7kW produit \u00e9lectricit\u00e9 \u00e0 une fr\u00e9quence et \u00e0 une tension constantes\",\"breadcrumb\":{\"@id\":\"https:\/\/www.maxima-dia.com\/fr\/generateur-electrique-groupes-electrogenes\/genemax-7000-is\/#breadcrumb\"},\"inLanguage\":\"fr-FR\",\"potentialAction\":[{\"@type\":\"ReadAction\",\"target\":[\"https:\/\/www.maxima-dia.com\/fr\/generateur-electrique-groupes-electrogenes\/genemax-7000-is\/\"]}]},{\"@type\":\"ImageObject\",\"inLanguage\":\"fr-FR\",\"@id\":\"https:\/\/www.maxima-dia.com\/fr\/generateur-electrique-groupes-electrogenes\/genemax-7000-is\/#primaryimage\",\"url\":\"https:\/\/www.maxima-dia.com\/wp-content\/uploads\/2023\/02\/GENEMAX-7000is-12-10-2022-bis.jpg\",\"contentUrl\":\"https:\/\/www.maxima-dia.com\/wp-content\/uploads\/2023\/02\/GENEMAX-7000is-12-10-2022-bis.jpg\",\"width\":1200,\"height\":1200,\"caption\":\"GENEMAX 7000IS\"},{\"@type\":\"BreadcrumbList\",\"@id\":\"https:\/\/www.maxima-dia.com\/fr\/generateur-electrique-groupes-electrogenes\/genemax-7000-is\/#breadcrumb\",\"itemListElement\":[{\"@type\":\"ListItem\",\"position\":1,\"name\":\"Home\",\"item\":\"https:\/\/www.maxima-dia.com\/fr\/\"},{\"@type\":\"ListItem\",\"position\":2,\"name\":\"G\u00e9n\u00e9rateur \u00e9lectrique Groupes \u00e9lectrog\u00e8nes\",\"item\":\"https:\/\/www.maxima-dia.com\/fr\/generateur-electrique-groupes-electrogenes\/\"},{\"@type\":\"ListItem\",\"position\":3,\"name\":\"Genemax 7000 IS\"}]},{\"@type\":\"WebSite\",\"@id\":\"https:\/\/www.maxima-dia.com\/fr\/#website\",\"url\":\"https:\/\/www.maxima-dia.com\/fr\/\",\"name\":\"Maxima SpA\",\"description\":\"Only for the real professionals\",\"potentialAction\":[{\"@type\":\"SearchAction\",\"target\":{\"@type\":\"EntryPoint\",\"urlTemplate\":\"https:\/\/www.maxima-dia.com\/fr\/?s={search_term_string}\"},\"query-input\":{\"@type\":\"PropertyValueSpecification\",\"valueRequired\":true,\"valueName\":\"search_term_string\"}}],\"inLanguage\":\"fr-FR\"}]}<\/script>\n<!-- \/ Yoast SEO plugin. -->","yoast_head_json":{"title":"Genemax 7000 IS - Maxima SpA","description":"Groupe \u00e9lectrog\u00e8ne silencieux technologie inverter puissance 6 kW max 7kW produit \u00e9lectricit\u00e9 \u00e0 une fr\u00e9quence et \u00e0 une tension constantes","robots":{"index":"index","follow":"follow","max-snippet":"max-snippet:-1","max-image-preview":"max-image-preview:large","max-video-preview":"max-video-preview:-1"},"canonical":"https:\/\/www.maxima-dia.com\/fr\/generateur-electrique-groupes-electrogenes\/genemax-7000-is\/","og_locale":"fr_FR","og_type":"article","og_title":"Genemax 7000 IS - Maxima SpA","og_description":"Groupe \u00e9lectrog\u00e8ne silencieux technologie inverter puissance 6 kW max 7kW produit \u00e9lectricit\u00e9 \u00e0 une fr\u00e9quence et \u00e0 une tension constantes","og_url":"https:\/\/www.maxima-dia.com\/fr\/generateur-electrique-groupes-electrogenes\/genemax-7000-is\/","og_site_name":"Maxima SpA","article_publisher":"https:\/\/www.facebook.com\/Maxima-spa-106098566139597","og_image":[{"width":1200,"height":1200,"url":"https:\/\/www.maxima-dia.com\/wp-content\/uploads\/2023\/02\/GENEMAX-7000is-12-10-2022-bis.jpg","type":"image\/jpeg"}],"twitter_card":"summary_large_image","twitter_site":"@Maximadia","twitter_misc":{"Dur\u00e9e de lecture estim\u00e9e":"3 minutes"},"schema":{"@context":"https:\/\/schema.org","@graph":[{"@type":"WebPage","@id":"https:\/\/www.maxima-dia.com\/fr\/generateur-electrique-groupes-electrogenes\/genemax-7000-is\/","url":"https:\/\/www.maxima-dia.com\/fr\/generateur-electrique-groupes-electrogenes\/genemax-7000-is\/","name":"Genemax 7000 IS - Maxima SpA","isPartOf":{"@id":"https:\/\/www.maxima-dia.com\/fr\/#website"},"primaryImageOfPage":{"@id":"https:\/\/www.maxima-dia.com\/fr\/generateur-electrique-groupes-electrogenes\/genemax-7000-is\/#primaryimage"},"image":{"@id":"https:\/\/www.maxima-dia.com\/fr\/generateur-electrique-groupes-electrogenes\/genemax-7000-is\/#primaryimage"},"thumbnailUrl":"https:\/\/www.maxima-dia.com\/wp-content\/uploads\/2023\/02\/GENEMAX-7000is-12-10-2022-bis.jpg","datePublished":"2023-02-17T09:06:57+00:00","description":"Groupe \u00e9lectrog\u00e8ne silencieux technologie inverter puissance 6 kW max 7kW produit \u00e9lectricit\u00e9 \u00e0 une fr\u00e9quence et \u00e0 une tension constantes","breadcrumb":{"@id":"https:\/\/www.maxima-dia.com\/fr\/generateur-electrique-groupes-electrogenes\/genemax-7000-is\/#breadcrumb"},"inLanguage":"fr-FR","potentialAction":[{"@type":"ReadAction","target":["https:\/\/www.maxima-dia.com\/fr\/generateur-electrique-groupes-electrogenes\/genemax-7000-is\/"]}]},{"@type":"ImageObject","inLanguage":"fr-FR","@id":"https:\/\/www.maxima-dia.com\/fr\/generateur-electrique-groupes-electrogenes\/genemax-7000-is\/#primaryimage","url":"https:\/\/www.maxima-dia.com\/wp-content\/uploads\/2023\/02\/GENEMAX-7000is-12-10-2022-bis.jpg","contentUrl":"https:\/\/www.maxima-dia.com\/wp-content\/uploads\/2023\/02\/GENEMAX-7000is-12-10-2022-bis.jpg","width":1200,"height":1200,"caption":"GENEMAX 7000IS"},{"@type":"BreadcrumbList","@id":"https:\/\/www.maxima-dia.com\/fr\/generateur-electrique-groupes-electrogenes\/genemax-7000-is\/#breadcrumb","itemListElement":[{"@type":"ListItem","position":1,"name":"Home","item":"https:\/\/www.maxima-dia.com\/fr\/"},{"@type":"ListItem","position":2,"name":"G\u00e9n\u00e9rateur \u00e9lectrique Groupes \u00e9lectrog\u00e8nes","item":"https:\/\/www.maxima-dia.com\/fr\/generateur-electrique-groupes-electrogenes\/"},{"@type":"ListItem","position":3,"name":"Genemax 7000 IS"}]},{"@type":"WebSite","@id":"https:\/\/www.maxima-dia.com\/fr\/#website","url":"https:\/\/www.maxima-dia.com\/fr\/","name":"Maxima SpA","description":"Only for the real professionals","potentialAction":[{"@type":"SearchAction","target":{"@type":"EntryPoint","urlTemplate":"https:\/\/www.maxima-dia.com\/fr\/?s={search_term_string}"},"query-input":{"@type":"PropertyValueSpecification","valueRequired":true,"valueName":"search_term_string"}}],"inLanguage":"fr-FR"}]}},"_links":{"self":[{"href":"https:\/\/www.maxima-dia.com\/fr\/wp-json\/wp\/v2\/pages\/37628"}],"collection":[{"href":"https:\/\/www.maxima-dia.com\/fr\/wp-json\/wp\/v2\/pages"}],"about":[{"href":"https:\/\/www.maxima-dia.com\/fr\/wp-json\/wp\/v2\/types\/page"}],"author":[{"embeddable":true,"href":"https:\/\/www.maxima-dia.com\/fr\/wp-json\/wp\/v2\/users\/29"}],"replies":[{"embeddable":true,"href":"https:\/\/www.maxima-dia.com\/fr\/wp-json\/wp\/v2\/comments?post=37628"}],"version-history":[{"count":2,"href":"https:\/\/www.maxima-dia.com\/fr\/wp-json\/wp\/v2\/pages\/37628\/revisions"}],"predecessor-version":[{"id":38542,"href":"https:\/\/www.maxima-dia.com\/fr\/wp-json\/wp\/v2\/pages\/37628\/revisions\/38542"}],"up":[{"embeddable":true,"href":"https:\/\/www.maxima-dia.com\/fr\/wp-json\/wp\/v2\/pages\/38517"}],"wp:featuredmedia":[{"embeddable":true,"href":"https:\/\/www.maxima-dia.com\/fr\/wp-json\/wp\/v2\/media\/37331"}],"wp:attachment":[{"href":"https:\/\/www.maxima-dia.com\/fr\/wp-json\/wp\/v2\/media?parent=37628"}],"curies":[{"name":"wp","href":"https:\/\/api.w.org\/{rel}","templated":true}]}}