{"id":37677,"date":"2023-02-21T08:53:01","date_gmt":"2023-02-21T07:53:01","guid":{"rendered":"https:\/\/www.maxima-dia.com\/?page_id=37677"},"modified":"2024-09-03T10:30:49","modified_gmt":"2024-09-03T08:30:49","slug":"caromax-2000-asp","status":"publish","type":"page","link":"https:\/\/www.maxima-dia.com\/fr\/machines-de-carottages-pour-le-batiment\/caromax-2000-asp\/","title":{"rendered":"Caromax 2000 ASP"},"content":{"rendered":"<div class=\"wpb-content-wrapper\"><p>[vc_row][vc_column text_align=\u00a0\u00bbcenter\u00a0\u00bb width=\u00a0\u00bb1\/4&Prime;][vc_column_text]<a href=\"https:\/\/www.maxima-dia.com\/wp-content\/uploads\/2023\/02\/CAROMAX-2000-ASP.jpg\"><img loading=\"lazy\" decoding=\"async\" class=\"alignnone wp-image-37727 size-thumbnail\" src=\"https:\/\/www.maxima-dia.com\/wp-content\/uploads\/2023\/02\/CAROMAX-2000-ASP-150x150.jpg\" alt=\"\" width=\"150\" height=\"150\" srcset=\"https:\/\/www.maxima-dia.com\/wp-content\/uploads\/2023\/02\/CAROMAX-2000-ASP-150x150.jpg 150w, https:\/\/www.maxima-dia.com\/wp-content\/uploads\/2023\/02\/CAROMAX-2000-ASP-300x300.jpg 300w, https:\/\/www.maxima-dia.com\/wp-content\/uploads\/2023\/02\/CAROMAX-2000-ASP-1024x1024.jpg 1024w, https:\/\/www.maxima-dia.com\/wp-content\/uploads\/2023\/02\/CAROMAX-2000-ASP-768x768.jpg 768w, https:\/\/www.maxima-dia.com\/wp-content\/uploads\/2023\/02\/CAROMAX-2000-ASP-80x80.jpg 80w, https:\/\/www.maxima-dia.com\/wp-content\/uploads\/2023\/02\/CAROMAX-2000-ASP-500x500.jpg 500w, https:\/\/www.maxima-dia.com\/wp-content\/uploads\/2023\/02\/CAROMAX-2000-ASP-1000x1000.jpg 1000w, https:\/\/www.maxima-dia.com\/wp-content\/uploads\/2023\/02\/CAROMAX-2000-ASP.jpg 1200w\" sizes=\"(max-width: 150px) 100vw, 150px\" \/><\/a><\/p>\n<p>Fabriqu\u00e9 en EU&nbsp;<img loading=\"lazy\" decoding=\"async\" src=\"\/wp-content\/uploads\/2013\/11\/eu.png\" alt=\"eu\" width=\"24\" height=\"16\"> &#8211;&nbsp;certifi\u00e9&nbsp;CE[\/vc_column_text][vc_column_text css_animation=\u00a0\u00bbslideInDown\u00a0\u00bb el_class=\u00a0\u00bbhidebuybutton\u00a0\u00bb]<a href=\"https:\/\/www.storemaxima.com\/fr\/machines-de-carottages-pour-le-batiment\/322-caromax-2000-asp.html\" target=\"_blank\" rel=\"noopener\"><img loading=\"lazy\" decoding=\"async\" class=\"alignnone\" title=\"Acheter sur www.storemaxima.com\" src=\"https:\/\/www.maxima-dia.com\/wp-content\/uploads\/2019\/12\/pulsante-acquista-storemaxima.com-fr.svg\" alt=\"Acheter sur www.storemaxima.com\" width=\"180\" height=\"80\"><\/a>[\/vc_column_text][\/vc_column][vc_column width=\u00a0\u00bb3\/4&Prime;][vc_column_text]<strong>CAROMAX 2000 ASP<\/strong> est la carotteuse \u00e0 sec la plus puissante de la gamme Maxima, id\u00e9ale pour le per\u00e7age de trous traversants dans le b\u00e9ton, la ma\u00e7onnerie et la pierre, les ouvertures de ventilation, les per\u00e7ages continus de trous traversants dans les installations hydrauliques et de climatisation, et tous les cas o\u00f9 l&rsquo;on travaille dans des zones sensibles o\u00f9 l&rsquo;utilisation de l&rsquo;eau n&rsquo;est pas autoris\u00e9e, ou pas appropri\u00e9e, gr\u00e2ce \u00e0 son syst\u00e8me efficace d&rsquo;extraction des poussi\u00e8res.<br \/>\nL&#8217;embrayage \u00e9lectronique assure un travail extr\u00eamement s\u00fbr pour l&rsquo;utilisateur et la protection du moteur.<br \/>\nLa bo\u00eete de vitesses \u00e0 deux rapports, associ\u00e9e \u00e0 l&rsquo;efficacit\u00e9 exceptionnelle du moteur et de la transmission, permet des performances de per\u00e7age remarquables. La micro-percussion soutient le puissant moteur et acc\u00e9l\u00e8re la progression du travail. Pour une utilisation manuelle ou sur colonne, nous recommandons les forets Maxima pour un r\u00e9sultat optimal en peu de temps.<\/p>\n<table class=\"tabellafotocarotaggio\" style=\"width: 100%;\">\n<tbody>\n<tr>\n<td style=\"text-align: center;\"><a href=\"https:\/\/www.maxima-dia.com\/wp-content\/uploads\/2023\/02\/CAROMAX-2000-ASP-ALTO-SENZA-FORETTO-30-11-2022.jpg\"><img loading=\"lazy\" decoding=\"async\" class=\"alignnone wp-image-37365 size-thumbnail\" src=\"https:\/\/www.maxima-dia.com\/wp-content\/uploads\/2023\/02\/CAROMAX-2000-ASP-ALTO-SENZA-FORETTO-30-11-2022-150x150.jpg\" alt=\"\" width=\"150\" height=\"150\" srcset=\"https:\/\/www.maxima-dia.com\/wp-content\/uploads\/2023\/02\/CAROMAX-2000-ASP-ALTO-SENZA-FORETTO-30-11-2022-150x150.jpg 150w, https:\/\/www.maxima-dia.com\/wp-content\/uploads\/2023\/02\/CAROMAX-2000-ASP-ALTO-SENZA-FORETTO-30-11-2022-300x300.jpg 300w, https:\/\/www.maxima-dia.com\/wp-content\/uploads\/2023\/02\/CAROMAX-2000-ASP-ALTO-SENZA-FORETTO-30-11-2022-1024x1024.jpg 1024w, https:\/\/www.maxima-dia.com\/wp-content\/uploads\/2023\/02\/CAROMAX-2000-ASP-ALTO-SENZA-FORETTO-30-11-2022-768x768.jpg 768w, https:\/\/www.maxima-dia.com\/wp-content\/uploads\/2023\/02\/CAROMAX-2000-ASP-ALTO-SENZA-FORETTO-30-11-2022-80x80.jpg 80w, https:\/\/www.maxima-dia.com\/wp-content\/uploads\/2023\/02\/CAROMAX-2000-ASP-ALTO-SENZA-FORETTO-30-11-2022-500x500.jpg 500w, https:\/\/www.maxima-dia.com\/wp-content\/uploads\/2023\/02\/CAROMAX-2000-ASP-ALTO-SENZA-FORETTO-30-11-2022-1000x1000.jpg 1000w, https:\/\/www.maxima-dia.com\/wp-content\/uploads\/2023\/02\/CAROMAX-2000-ASP-ALTO-SENZA-FORETTO-30-11-2022.jpg 1200w\" sizes=\"(max-width: 150px) 100vw, 150px\" \/><\/a><\/td>\n<td style=\"text-align: center;\"><a href=\"https:\/\/www.maxima-dia.com\/wp-content\/uploads\/2023\/02\/CAROMAX-2000-ASP-LATO-SINISTRO-SENZA-IMPUGNATURA-30-11-2022.jpg\"><img loading=\"lazy\" decoding=\"async\" class=\"alignnone wp-image-37383 size-thumbnail\" src=\"https:\/\/www.maxima-dia.com\/wp-content\/uploads\/2023\/02\/CAROMAX-2000-ASP-LATO-SINISTRO-SENZA-IMPUGNATURA-30-11-2022-150x150.jpg\" alt=\"\" width=\"150\" height=\"150\" srcset=\"https:\/\/www.maxima-dia.com\/wp-content\/uploads\/2023\/02\/CAROMAX-2000-ASP-LATO-SINISTRO-SENZA-IMPUGNATURA-30-11-2022-150x150.jpg 150w, https:\/\/www.maxima-dia.com\/wp-content\/uploads\/2023\/02\/CAROMAX-2000-ASP-LATO-SINISTRO-SENZA-IMPUGNATURA-30-11-2022-300x300.jpg 300w, https:\/\/www.maxima-dia.com\/wp-content\/uploads\/2023\/02\/CAROMAX-2000-ASP-LATO-SINISTRO-SENZA-IMPUGNATURA-30-11-2022-1024x1024.jpg 1024w, https:\/\/www.maxima-dia.com\/wp-content\/uploads\/2023\/02\/CAROMAX-2000-ASP-LATO-SINISTRO-SENZA-IMPUGNATURA-30-11-2022-768x768.jpg 768w, https:\/\/www.maxima-dia.com\/wp-content\/uploads\/2023\/02\/CAROMAX-2000-ASP-LATO-SINISTRO-SENZA-IMPUGNATURA-30-11-2022-80x80.jpg 80w, https:\/\/www.maxima-dia.com\/wp-content\/uploads\/2023\/02\/CAROMAX-2000-ASP-LATO-SINISTRO-SENZA-IMPUGNATURA-30-11-2022-500x500.jpg 500w, https:\/\/www.maxima-dia.com\/wp-content\/uploads\/2023\/02\/CAROMAX-2000-ASP-LATO-SINISTRO-SENZA-IMPUGNATURA-30-11-2022-1000x1000.jpg 1000w, https:\/\/www.maxima-dia.com\/wp-content\/uploads\/2023\/02\/CAROMAX-2000-ASP-LATO-SINISTRO-SENZA-IMPUGNATURA-30-11-2022.jpg 1200w\" sizes=\"(max-width: 150px) 100vw, 150px\" \/><\/a><\/td>\n<td style=\"text-align: center;\"><a href=\"https:\/\/www.maxima-dia.com\/wp-content\/uploads\/2023\/02\/CAROMAX-2000-ASP-LATO-SINISTRO-CON-IMPUGNATURA-30-11-2022.jpg\"><img loading=\"lazy\" decoding=\"async\" class=\"alignnone wp-image-37377 size-thumbnail\" src=\"https:\/\/www.maxima-dia.com\/wp-content\/uploads\/2023\/02\/CAROMAX-2000-ASP-LATO-SINISTRO-CON-IMPUGNATURA-30-11-2022-150x150.jpg\" alt=\"\" width=\"150\" height=\"150\" srcset=\"https:\/\/www.maxima-dia.com\/wp-content\/uploads\/2023\/02\/CAROMAX-2000-ASP-LATO-SINISTRO-CON-IMPUGNATURA-30-11-2022-150x150.jpg 150w, https:\/\/www.maxima-dia.com\/wp-content\/uploads\/2023\/02\/CAROMAX-2000-ASP-LATO-SINISTRO-CON-IMPUGNATURA-30-11-2022-300x300.jpg 300w, https:\/\/www.maxima-dia.com\/wp-content\/uploads\/2023\/02\/CAROMAX-2000-ASP-LATO-SINISTRO-CON-IMPUGNATURA-30-11-2022-1024x1024.jpg 1024w, https:\/\/www.maxima-dia.com\/wp-content\/uploads\/2023\/02\/CAROMAX-2000-ASP-LATO-SINISTRO-CON-IMPUGNATURA-30-11-2022-768x768.jpg 768w, https:\/\/www.maxima-dia.com\/wp-content\/uploads\/2023\/02\/CAROMAX-2000-ASP-LATO-SINISTRO-CON-IMPUGNATURA-30-11-2022-80x80.jpg 80w, https:\/\/www.maxima-dia.com\/wp-content\/uploads\/2023\/02\/CAROMAX-2000-ASP-LATO-SINISTRO-CON-IMPUGNATURA-30-11-2022-500x500.jpg 500w, https:\/\/www.maxima-dia.com\/wp-content\/uploads\/2023\/02\/CAROMAX-2000-ASP-LATO-SINISTRO-CON-IMPUGNATURA-30-11-2022-1000x1000.jpg 1000w, https:\/\/www.maxima-dia.com\/wp-content\/uploads\/2023\/02\/CAROMAX-2000-ASP-LATO-SINISTRO-CON-IMPUGNATURA-30-11-2022.jpg 1200w\" sizes=\"(max-width: 150px) 100vw, 150px\" \/><\/a>&nbsp;<\/td>\n<td style=\"text-align: center;\"><a href=\"https:\/\/www.maxima-dia.com\/wp-content\/uploads\/2023\/02\/CAROMAX-2000-ASP-PARTICOLARE-IMPUGNATURA-03-05-12-2022.jpg\"><img loading=\"lazy\" decoding=\"async\" class=\"alignnone wp-image-37389 size-thumbnail\" src=\"https:\/\/www.maxima-dia.com\/wp-content\/uploads\/2023\/02\/CAROMAX-2000-ASP-PARTICOLARE-IMPUGNATURA-03-05-12-2022-150x150.jpg\" alt=\"\" width=\"150\" height=\"150\" srcset=\"https:\/\/www.maxima-dia.com\/wp-content\/uploads\/2023\/02\/CAROMAX-2000-ASP-PARTICOLARE-IMPUGNATURA-03-05-12-2022-150x150.jpg 150w, https:\/\/www.maxima-dia.com\/wp-content\/uploads\/2023\/02\/CAROMAX-2000-ASP-PARTICOLARE-IMPUGNATURA-03-05-12-2022-300x300.jpg 300w, https:\/\/www.maxima-dia.com\/wp-content\/uploads\/2023\/02\/CAROMAX-2000-ASP-PARTICOLARE-IMPUGNATURA-03-05-12-2022-1024x1024.jpg 1024w, https:\/\/www.maxima-dia.com\/wp-content\/uploads\/2023\/02\/CAROMAX-2000-ASP-PARTICOLARE-IMPUGNATURA-03-05-12-2022-768x768.jpg 768w, https:\/\/www.maxima-dia.com\/wp-content\/uploads\/2023\/02\/CAROMAX-2000-ASP-PARTICOLARE-IMPUGNATURA-03-05-12-2022-80x80.jpg 80w, https:\/\/www.maxima-dia.com\/wp-content\/uploads\/2023\/02\/CAROMAX-2000-ASP-PARTICOLARE-IMPUGNATURA-03-05-12-2022-500x500.jpg 500w, https:\/\/www.maxima-dia.com\/wp-content\/uploads\/2023\/02\/CAROMAX-2000-ASP-PARTICOLARE-IMPUGNATURA-03-05-12-2022-1000x1000.jpg 1000w, https:\/\/www.maxima-dia.com\/wp-content\/uploads\/2023\/02\/CAROMAX-2000-ASP-PARTICOLARE-IMPUGNATURA-03-05-12-2022.jpg 1200w\" sizes=\"(max-width: 150px) 100vw, 150px\" \/><\/a>&nbsp;<\/td>\n<td style=\"text-align: center;\"><a href=\"https:\/\/www.maxima-dia.com\/wp-content\/uploads\/2023\/02\/CAROMAX-2000-ASP-IMPUGNATURE.jpg\"><img loading=\"lazy\" decoding=\"async\" class=\"alignnone wp-image-37371 size-thumbnail\" src=\"https:\/\/www.maxima-dia.com\/wp-content\/uploads\/2023\/02\/CAROMAX-2000-ASP-IMPUGNATURE-150x150.jpg\" alt=\"\" width=\"150\" height=\"150\" srcset=\"https:\/\/www.maxima-dia.com\/wp-content\/uploads\/2023\/02\/CAROMAX-2000-ASP-IMPUGNATURE-150x150.jpg 150w, https:\/\/www.maxima-dia.com\/wp-content\/uploads\/2023\/02\/CAROMAX-2000-ASP-IMPUGNATURE-300x300.jpg 300w, https:\/\/www.maxima-dia.com\/wp-content\/uploads\/2023\/02\/CAROMAX-2000-ASP-IMPUGNATURE-1024x1024.jpg 1024w, https:\/\/www.maxima-dia.com\/wp-content\/uploads\/2023\/02\/CAROMAX-2000-ASP-IMPUGNATURE-768x768.jpg 768w, https:\/\/www.maxima-dia.com\/wp-content\/uploads\/2023\/02\/CAROMAX-2000-ASP-IMPUGNATURE-80x80.jpg 80w, https:\/\/www.maxima-dia.com\/wp-content\/uploads\/2023\/02\/CAROMAX-2000-ASP-IMPUGNATURE-500x500.jpg 500w, https:\/\/www.maxima-dia.com\/wp-content\/uploads\/2023\/02\/CAROMAX-2000-ASP-IMPUGNATURE-1000x1000.jpg 1000w, https:\/\/www.maxima-dia.com\/wp-content\/uploads\/2023\/02\/CAROMAX-2000-ASP-IMPUGNATURE.jpg 1200w\" sizes=\"(max-width: 150px) 100vw, 150px\" \/><\/a><\/td>\n<\/tr>\n<\/tbody>\n<\/table>\n<p>&nbsp;<\/p>\n<table class=\"tabellatecnica\" border=\"0\" cellspacing=\"0\" cellpadding=\"0\">\n<thead>\n<tr>\n<td class=\"testata\" colspan=\"2\">CARACT\u00c9RISTIQUES TECHNIQUES<\/td>\n<\/tr>\n<\/thead>\n<tbody>\n<tr>\n<td class=\"coltesto1\">Puissance du moteur : 2000 W<\/td>\n<td class=\"coltesto2\">Diam\u00e8tres : 30-162mm manuel \/ 30-250mm sur la colonne<\/td>\n<\/tr>\n<tr>\n<td class=\"coltesto1\">Monophas\u00e9 : 230V<\/td>\n<td class=\"coltesto2\">Poids total de la machine : 6,2 kg<\/td>\n<\/tr>\n<tr>\n<td class=\"coltesto1\">Amp\u00e9rage : 9,3 amp\u00e8res<\/td>\n<td class=\"coltesto2\">Embrayage \u00e9lectronique : oui<\/td>\n<\/tr>\n<tr>\n<td class=\"coltesto1\">R\u00e9glage du r\u00e9gime : 2 vitesses<\/td>\n<td class=\"coltesto2\">Protection du moteur : \u00ab intellitronic \u00bb<\/td>\n<\/tr>\n<tr>\n<td class=\"coltesto1\">Tours \u00e0 vide : 900 \/ 2000<\/td>\n<td class=\"coltesto2\">Micro-percussion des coups : 34\u2019000<\/td>\n<\/tr>\n<tr>\n<td class=\"coltesto1\">Tours sous charge : 540 \/ 1200<\/td>\n<td class=\"coltesto2\">Micro-percussion : 0,1 Joule<\/td>\n<\/tr>\n<tr>\n<td class=\"coltesto1\">Raccord : 1\/2 gas et 1\u2019\u20191\/4<\/td>\n<td class=\"coltesto2\">&nbsp;<\/td>\n<\/tr>\n<\/tbody>\n<\/table>\n<p>[\/vc_column_text][\/vc_column][\/vc_row]<\/p>\n<\/div>","protected":false},"excerpt":{"rendered":"<p>[vc_row][vc_column text_align=\u00a0\u00bbcenter\u00a0\u00bb width=\u00a0\u00bb1\/4&Prime;][vc_column_text] Fabriqu\u00e9 en EU&nbsp; &#8211;&nbsp;certifi\u00e9&nbsp;CE[\/vc_column_text][vc_column_text css_animation=\u00a0\u00bbslideInDown\u00a0\u00bb el_class=\u00a0\u00bbhidebuybutton\u00a0\u00bb][\/vc_column_text][\/vc_column][vc_column width=\u00a0\u00bb3\/4&Prime;][vc_column_text]CAROMAX 2000 ASP est la carotteuse \u00e0 sec la plus puissante de la gamme Maxima, id\u00e9ale pour le per\u00e7age de trous traversants dans le b\u00e9ton, la ma\u00e7onnerie et la pierre, les ouvertures de ventilation, les per\u00e7ages continus de trous traversants dans les installations hydrauliques et de climatisation, et tous les cas o\u00f9 l&rsquo;on travaille dans des zones sensibles o\u00f9 l&rsquo;utilisation de l&rsquo;eau n&rsquo;est pas autoris\u00e9e, ou pas appropri\u00e9e, gr\u00e2ce \u00e0 son syst\u00e8me efficace d&rsquo;extraction des poussi\u00e8res. L&#8217;embrayage \u00e9lectronique assure un travail extr\u00eamement s\u00fbr pour l&rsquo;utilisateur et la protection du moteur. La bo\u00eete de vitesses \u00e0 deux rapports, associ\u00e9e \u00e0 l&rsquo;efficacit\u00e9 exceptionnelle du moteur et de la transmission, permet des performances de per\u00e7age remarquables. La micro-percussion soutient le puissant moteur et acc\u00e9l\u00e8re la progression du travail. Pour une utilisation manuelle ou sur colonne, nous recommandons les forets Maxima pour un r\u00e9sultat optimal en peu de temps. &nbsp; &nbsp; &nbsp; CARACT\u00c9RISTIQUES TECHNIQUES Puissance du moteur : 2000 W Diam\u00e8tres : 30-162mm manuel \/ 30-250mm sur la colonne Monophas\u00e9 : 230V Poids total de la machine : 6,2 kg Amp\u00e9rage : 9,3 amp\u00e8res Embrayage \u00e9lectronique : oui R\u00e9glage du r\u00e9gime : 2 vitesses Protection [&hellip;]<\/p>\n","protected":false},"author":29,"featured_media":37729,"parent":12465,"menu_order":7,"comment_status":"closed","ping_status":"closed","template":"","meta":{"ngg_post_thumbnail":0,"_joinchat":[],"footnotes":""},"class_list":["post-37677","page","type-page","status-publish","has-post-thumbnail","hentry"],"yoast_head":"<!-- This site is optimized with the Yoast SEO plugin v25.5 - https:\/\/yoast.com\/wordpress\/plugins\/seo\/ -->\n<title>Caromax 2000 ASP - Maxima SpA<\/title>\n<meta name=\"description\" content=\"Carotteuse \u00e0 sec plus puissante pour le per\u00e7age de trous traversants dans b\u00e9ton ma\u00e7onnerie et la pierre ouvertures hydrauliques climatisation\" \/>\n<meta name=\"robots\" content=\"index, follow, max-snippet:-1, max-image-preview:large, max-video-preview:-1\" \/>\n<link rel=\"canonical\" href=\"https:\/\/www.maxima-dia.com\/fr\/machines-de-carottages-pour-le-batiment\/caromax-2000-asp\/\" \/>\n<meta property=\"og:locale\" content=\"fr_FR\" \/>\n<meta property=\"og:type\" content=\"article\" \/>\n<meta property=\"og:title\" content=\"Caromax 2000 ASP - Maxima SpA\" \/>\n<meta property=\"og:description\" content=\"Carotteuse \u00e0 sec plus puissante pour le per\u00e7age de trous traversants dans b\u00e9ton ma\u00e7onnerie et la pierre ouvertures hydrauliques climatisation\" \/>\n<meta property=\"og:url\" content=\"https:\/\/www.maxima-dia.com\/fr\/machines-de-carottages-pour-le-batiment\/caromax-2000-asp\/\" \/>\n<meta property=\"og:site_name\" content=\"Maxima SpA\" \/>\n<meta property=\"article:publisher\" content=\"https:\/\/www.facebook.com\/Maxima-spa-106098566139597\" \/>\n<meta property=\"article:modified_time\" content=\"2024-09-03T08:30:49+00:00\" \/>\n<meta property=\"og:image\" content=\"https:\/\/www.maxima-dia.com\/wp-content\/uploads\/2023\/02\/CAROMAX-2000-ASP.jpg\" \/>\n\t<meta property=\"og:image:width\" content=\"1200\" \/>\n\t<meta property=\"og:image:height\" content=\"1200\" \/>\n\t<meta property=\"og:image:type\" content=\"image\/jpeg\" \/>\n<meta name=\"twitter:card\" content=\"summary_large_image\" \/>\n<meta name=\"twitter:site\" content=\"@Maximadia\" \/>\n<meta name=\"twitter:label1\" content=\"Dur\u00e9e de lecture estim\u00e9e\" \/>\n\t<meta name=\"twitter:data1\" content=\"3 minutes\" \/>\n<script type=\"application\/ld+json\" class=\"yoast-schema-graph\">{\"@context\":\"https:\/\/schema.org\",\"@graph\":[{\"@type\":\"WebPage\",\"@id\":\"https:\/\/www.maxima-dia.com\/fr\/machines-de-carottages-pour-le-batiment\/caromax-2000-asp\/\",\"url\":\"https:\/\/www.maxima-dia.com\/fr\/machines-de-carottages-pour-le-batiment\/caromax-2000-asp\/\",\"name\":\"Caromax 2000 ASP - Maxima SpA\",\"isPartOf\":{\"@id\":\"https:\/\/www.maxima-dia.com\/fr\/#website\"},\"primaryImageOfPage\":{\"@id\":\"https:\/\/www.maxima-dia.com\/fr\/machines-de-carottages-pour-le-batiment\/caromax-2000-asp\/#primaryimage\"},\"image\":{\"@id\":\"https:\/\/www.maxima-dia.com\/fr\/machines-de-carottages-pour-le-batiment\/caromax-2000-asp\/#primaryimage\"},\"thumbnailUrl\":\"https:\/\/www.maxima-dia.com\/wp-content\/uploads\/2023\/02\/CAROMAX-2000-ASP.jpg\",\"datePublished\":\"2023-02-21T07:53:01+00:00\",\"dateModified\":\"2024-09-03T08:30:49+00:00\",\"description\":\"Carotteuse \u00e0 sec plus puissante pour le per\u00e7age de trous traversants dans b\u00e9ton ma\u00e7onnerie et la pierre ouvertures hydrauliques climatisation\",\"breadcrumb\":{\"@id\":\"https:\/\/www.maxima-dia.com\/fr\/machines-de-carottages-pour-le-batiment\/caromax-2000-asp\/#breadcrumb\"},\"inLanguage\":\"fr-FR\",\"potentialAction\":[{\"@type\":\"ReadAction\",\"target\":[\"https:\/\/www.maxima-dia.com\/fr\/machines-de-carottages-pour-le-batiment\/caromax-2000-asp\/\"]}]},{\"@type\":\"ImageObject\",\"inLanguage\":\"fr-FR\",\"@id\":\"https:\/\/www.maxima-dia.com\/fr\/machines-de-carottages-pour-le-batiment\/caromax-2000-asp\/#primaryimage\",\"url\":\"https:\/\/www.maxima-dia.com\/wp-content\/uploads\/2023\/02\/CAROMAX-2000-ASP.jpg\",\"contentUrl\":\"https:\/\/www.maxima-dia.com\/wp-content\/uploads\/2023\/02\/CAROMAX-2000-ASP.jpg\",\"width\":1200,\"height\":1200},{\"@type\":\"BreadcrumbList\",\"@id\":\"https:\/\/www.maxima-dia.com\/fr\/machines-de-carottages-pour-le-batiment\/caromax-2000-asp\/#breadcrumb\",\"itemListElement\":[{\"@type\":\"ListItem\",\"position\":1,\"name\":\"Home\",\"item\":\"https:\/\/www.maxima-dia.com\/fr\/\"},{\"@type\":\"ListItem\",\"position\":2,\"name\":\"Machines de carottages pour le B\u00e2timent\",\"item\":\"https:\/\/www.maxima-dia.com\/fr\/machines-de-carottages-pour-le-batiment\/\"},{\"@type\":\"ListItem\",\"position\":3,\"name\":\"Caromax 2000 ASP\"}]},{\"@type\":\"WebSite\",\"@id\":\"https:\/\/www.maxima-dia.com\/fr\/#website\",\"url\":\"https:\/\/www.maxima-dia.com\/fr\/\",\"name\":\"Maxima SpA\",\"description\":\"Only for the real professionals\",\"potentialAction\":[{\"@type\":\"SearchAction\",\"target\":{\"@type\":\"EntryPoint\",\"urlTemplate\":\"https:\/\/www.maxima-dia.com\/fr\/?s={search_term_string}\"},\"query-input\":{\"@type\":\"PropertyValueSpecification\",\"valueRequired\":true,\"valueName\":\"search_term_string\"}}],\"inLanguage\":\"fr-FR\"}]}<\/script>\n<!-- \/ Yoast SEO plugin. -->","yoast_head_json":{"title":"Caromax 2000 ASP - Maxima SpA","description":"Carotteuse \u00e0 sec plus puissante pour le per\u00e7age de trous traversants dans b\u00e9ton ma\u00e7onnerie et la pierre ouvertures hydrauliques climatisation","robots":{"index":"index","follow":"follow","max-snippet":"max-snippet:-1","max-image-preview":"max-image-preview:large","max-video-preview":"max-video-preview:-1"},"canonical":"https:\/\/www.maxima-dia.com\/fr\/machines-de-carottages-pour-le-batiment\/caromax-2000-asp\/","og_locale":"fr_FR","og_type":"article","og_title":"Caromax 2000 ASP - Maxima SpA","og_description":"Carotteuse \u00e0 sec plus puissante pour le per\u00e7age de trous traversants dans b\u00e9ton ma\u00e7onnerie et la pierre ouvertures hydrauliques climatisation","og_url":"https:\/\/www.maxima-dia.com\/fr\/machines-de-carottages-pour-le-batiment\/caromax-2000-asp\/","og_site_name":"Maxima SpA","article_publisher":"https:\/\/www.facebook.com\/Maxima-spa-106098566139597","article_modified_time":"2024-09-03T08:30:49+00:00","og_image":[{"width":1200,"height":1200,"url":"https:\/\/www.maxima-dia.com\/wp-content\/uploads\/2023\/02\/CAROMAX-2000-ASP.jpg","type":"image\/jpeg"}],"twitter_card":"summary_large_image","twitter_site":"@Maximadia","twitter_misc":{"Dur\u00e9e de lecture estim\u00e9e":"3 minutes"},"schema":{"@context":"https:\/\/schema.org","@graph":[{"@type":"WebPage","@id":"https:\/\/www.maxima-dia.com\/fr\/machines-de-carottages-pour-le-batiment\/caromax-2000-asp\/","url":"https:\/\/www.maxima-dia.com\/fr\/machines-de-carottages-pour-le-batiment\/caromax-2000-asp\/","name":"Caromax 2000 ASP - Maxima SpA","isPartOf":{"@id":"https:\/\/www.maxima-dia.com\/fr\/#website"},"primaryImageOfPage":{"@id":"https:\/\/www.maxima-dia.com\/fr\/machines-de-carottages-pour-le-batiment\/caromax-2000-asp\/#primaryimage"},"image":{"@id":"https:\/\/www.maxima-dia.com\/fr\/machines-de-carottages-pour-le-batiment\/caromax-2000-asp\/#primaryimage"},"thumbnailUrl":"https:\/\/www.maxima-dia.com\/wp-content\/uploads\/2023\/02\/CAROMAX-2000-ASP.jpg","datePublished":"2023-02-21T07:53:01+00:00","dateModified":"2024-09-03T08:30:49+00:00","description":"Carotteuse \u00e0 sec plus puissante pour le per\u00e7age de trous traversants dans b\u00e9ton ma\u00e7onnerie et la pierre ouvertures hydrauliques climatisation","breadcrumb":{"@id":"https:\/\/www.maxima-dia.com\/fr\/machines-de-carottages-pour-le-batiment\/caromax-2000-asp\/#breadcrumb"},"inLanguage":"fr-FR","potentialAction":[{"@type":"ReadAction","target":["https:\/\/www.maxima-dia.com\/fr\/machines-de-carottages-pour-le-batiment\/caromax-2000-asp\/"]}]},{"@type":"ImageObject","inLanguage":"fr-FR","@id":"https:\/\/www.maxima-dia.com\/fr\/machines-de-carottages-pour-le-batiment\/caromax-2000-asp\/#primaryimage","url":"https:\/\/www.maxima-dia.com\/wp-content\/uploads\/2023\/02\/CAROMAX-2000-ASP.jpg","contentUrl":"https:\/\/www.maxima-dia.com\/wp-content\/uploads\/2023\/02\/CAROMAX-2000-ASP.jpg","width":1200,"height":1200},{"@type":"BreadcrumbList","@id":"https:\/\/www.maxima-dia.com\/fr\/machines-de-carottages-pour-le-batiment\/caromax-2000-asp\/#breadcrumb","itemListElement":[{"@type":"ListItem","position":1,"name":"Home","item":"https:\/\/www.maxima-dia.com\/fr\/"},{"@type":"ListItem","position":2,"name":"Machines de carottages pour le B\u00e2timent","item":"https:\/\/www.maxima-dia.com\/fr\/machines-de-carottages-pour-le-batiment\/"},{"@type":"ListItem","position":3,"name":"Caromax 2000 ASP"}]},{"@type":"WebSite","@id":"https:\/\/www.maxima-dia.com\/fr\/#website","url":"https:\/\/www.maxima-dia.com\/fr\/","name":"Maxima SpA","description":"Only for the real professionals","potentialAction":[{"@type":"SearchAction","target":{"@type":"EntryPoint","urlTemplate":"https:\/\/www.maxima-dia.com\/fr\/?s={search_term_string}"},"query-input":{"@type":"PropertyValueSpecification","valueRequired":true,"valueName":"search_term_string"}}],"inLanguage":"fr-FR"}]}},"_links":{"self":[{"href":"https:\/\/www.maxima-dia.com\/fr\/wp-json\/wp\/v2\/pages\/37677"}],"collection":[{"href":"https:\/\/www.maxima-dia.com\/fr\/wp-json\/wp\/v2\/pages"}],"about":[{"href":"https:\/\/www.maxima-dia.com\/fr\/wp-json\/wp\/v2\/types\/page"}],"author":[{"embeddable":true,"href":"https:\/\/www.maxima-dia.com\/fr\/wp-json\/wp\/v2\/users\/29"}],"replies":[{"embeddable":true,"href":"https:\/\/www.maxima-dia.com\/fr\/wp-json\/wp\/v2\/comments?post=37677"}],"version-history":[{"count":3,"href":"https:\/\/www.maxima-dia.com\/fr\/wp-json\/wp\/v2\/pages\/37677\/revisions"}],"predecessor-version":[{"id":44096,"href":"https:\/\/www.maxima-dia.com\/fr\/wp-json\/wp\/v2\/pages\/37677\/revisions\/44096"}],"up":[{"embeddable":true,"href":"https:\/\/www.maxima-dia.com\/fr\/wp-json\/wp\/v2\/pages\/12465"}],"wp:featuredmedia":[{"embeddable":true,"href":"https:\/\/www.maxima-dia.com\/fr\/wp-json\/wp\/v2\/media\/37729"}],"wp:attachment":[{"href":"https:\/\/www.maxima-dia.com\/fr\/wp-json\/wp\/v2\/media?parent=37677"}],"curies":[{"name":"wp","href":"https:\/\/api.w.org\/{rel}","templated":true}]}}