{"id":38947,"date":"2023-03-07T11:28:00","date_gmt":"2023-03-07T10:28:00","guid":{"rendered":"https:\/\/www.maxima-dia.com\/?page_id=38947"},"modified":"2023-03-07T11:28:00","modified_gmt":"2023-03-07T10:28:00","slug":"foret-noir-pour-le-bois","status":"publish","type":"page","link":"https:\/\/www.maxima-dia.com\/fr\/forets-diamantes-a-sec\/foret-noir-pour-le-bois\/","title":{"rendered":"Foret Noir pour le Bois"},"content":{"rendered":"<div class=\"wpb-content-wrapper\"><p>[vc_row][vc_column text_align=\u00a0\u00bbcenter\u00a0\u00bb width=\u00a0\u00bb1\/4&Prime;][vc_column_text]<a href=\"https:\/\/www.maxima-dia.com\/wp-content\/uploads\/2023\/02\/CAROMAX-2001-ASP-FORETTO-MEDIO.jpg\" rel=\"g1\"><img loading=\"lazy\" decoding=\"async\" class=\"alignnone wp-image-37431 size-thumbnail\" src=\"https:\/\/www.maxima-dia.com\/wp-content\/uploads\/2023\/02\/CAROMAX-2001-ASP-FORETTO-MEDIO-150x150.jpg\" alt=\"CAROMAX 2001 FORETTO PICCOLO\" width=\"150\" height=\"150\" srcset=\"https:\/\/www.maxima-dia.com\/wp-content\/uploads\/2023\/02\/CAROMAX-2001-ASP-FORETTO-MEDIO-150x150.jpg 150w, https:\/\/www.maxima-dia.com\/wp-content\/uploads\/2023\/02\/CAROMAX-2001-ASP-FORETTO-MEDIO-300x300.jpg 300w, https:\/\/www.maxima-dia.com\/wp-content\/uploads\/2023\/02\/CAROMAX-2001-ASP-FORETTO-MEDIO-1024x1024.jpg 1024w, https:\/\/www.maxima-dia.com\/wp-content\/uploads\/2023\/02\/CAROMAX-2001-ASP-FORETTO-MEDIO-768x768.jpg 768w, https:\/\/www.maxima-dia.com\/wp-content\/uploads\/2023\/02\/CAROMAX-2001-ASP-FORETTO-MEDIO-80x80.jpg 80w, https:\/\/www.maxima-dia.com\/wp-content\/uploads\/2023\/02\/CAROMAX-2001-ASP-FORETTO-MEDIO-500x500.jpg 500w, https:\/\/www.maxima-dia.com\/wp-content\/uploads\/2023\/02\/CAROMAX-2001-ASP-FORETTO-MEDIO-1000x1000.jpg 1000w, https:\/\/www.maxima-dia.com\/wp-content\/uploads\/2023\/02\/CAROMAX-2001-ASP-FORETTO-MEDIO.jpg 1200w\" sizes=\"(max-width: 150px) 100vw, 150px\" \/><\/a>[\/vc_column_text][vc_column_text css_animation=\u00a0\u00bbslideInDown\u00a0\u00bb el_class=\u00a0\u00bbhidebuybutton\u00a0\u00bb]<a href=\"https:\/\/www.storemaxima.com\/fr\/forets-diamante-a-sec\/328-foret-noir-pour-le-bois.html\" target=\"_blank\" rel=\"noopener\"><img loading=\"lazy\" decoding=\"async\" class=\"alignnone\" title=\"Acheter sur www.storemaxima.com\" src=\"https:\/\/www.maxima-dia.com\/wp-content\/uploads\/2019\/12\/pulsante-acquista-storemaxima.com-fr.svg\" alt=\"Acheter sur www.storemaxima.com\" width=\"180\" height=\"80\"><\/a>[\/vc_column_text][\/vc_column][vc_column width=\u00a0\u00bb3\/4&Prime;][vc_column_text]Le <strong>FORET NOIR POUR LE BOIS<\/strong> permet de percer des trous pour l&rsquo;installation dans des plafonds en bois massif, dans des tuyaux pour les hottes aspirantes, les tuyaux d&rsquo;\u00e9vacuation, les goulottes de blanchisserie, des trous dans les panneaux d&rsquo;isolation murale, des trous dans le bois stratifi\u00e9 coll\u00e9 pour les tuyaux de chauffage, des trous pour les conduits dans le rev\u00eatement du toit pour les conduits de fum\u00e9e, la ventilation et l&rsquo;\u00e9clairage naturel.<\/p>\n<p><strong>Longueur du foret : 300 mm<\/strong><\/p>\n<p>Per\u00e7age rapide et gain de temps consid\u00e9rable gr\u00e2ce \u00e0 une technologie de coupe innovante. Profondeur de per\u00e7age \u00e9galement dans le bois massif jusqu&rsquo;\u00e0 300 mm. Excellente qualit\u00e9 de la finition des bords des trous, retrait facile de la carotte du foret, per\u00e7age propre sans sciure avec aspiration, per\u00e7age manuel de tous les grands diam\u00e8tres avec la <a href=\"https:\/\/www.maxima-dia.com\/fr\/machines-de-carottages-pour-le-batiment\/caromax-2001\/\">carotteuse CAROMAX 2001<\/a>. Aucun trou pilote n&rsquo;est n\u00e9cessaire lors de l&rsquo;utilisation du piston de centrage rapide pour le bois PICE01L[\/vc_column_text][\/vc_column][\/vc_row]<\/p>\n<\/div>","protected":false},"excerpt":{"rendered":"<p>[vc_row][vc_column text_align=\u00a0\u00bbcenter\u00a0\u00bb width=\u00a0\u00bb1\/4&Prime;][vc_column_text][\/vc_column_text][vc_column_text css_animation=\u00a0\u00bbslideInDown\u00a0\u00bb el_class=\u00a0\u00bbhidebuybutton\u00a0\u00bb][\/vc_column_text][\/vc_column][vc_column width=\u00a0\u00bb3\/4&Prime;][vc_column_text]Le FORET NOIR POUR LE BOIS permet de percer des trous pour l&rsquo;installation dans des plafonds en bois massif, dans des tuyaux pour les hottes aspirantes, les tuyaux d&rsquo;\u00e9vacuation, les goulottes de blanchisserie, des trous dans les panneaux d&rsquo;isolation murale, des trous dans le bois stratifi\u00e9 coll\u00e9 pour les tuyaux de chauffage, des trous pour les conduits dans le rev\u00eatement du toit pour les conduits de fum\u00e9e, la ventilation et l&rsquo;\u00e9clairage naturel. Longueur du foret : 300 mm Per\u00e7age rapide et gain de temps consid\u00e9rable gr\u00e2ce \u00e0 une technologie de coupe innovante. Profondeur de per\u00e7age \u00e9galement dans le bois massif jusqu&rsquo;\u00e0 300 mm. Excellente qualit\u00e9 de la finition des bords des trous, retrait facile de la carotte du foret, per\u00e7age propre sans sciure avec aspiration, per\u00e7age manuel de tous les grands diam\u00e8tres avec la carotteuse CAROMAX 2001. Aucun trou pilote n&rsquo;est n\u00e9cessaire lors de l&rsquo;utilisation du piston de centrage rapide pour le bois PICE01L[\/vc_column_text][\/vc_column][\/vc_row]<\/p>\n","protected":false},"author":29,"featured_media":37433,"parent":12424,"menu_order":12,"comment_status":"closed","ping_status":"closed","template":"","meta":{"ngg_post_thumbnail":0,"_joinchat":[],"footnotes":""},"class_list":["post-38947","page","type-page","status-publish","has-post-thumbnail","hentry"],"yoast_head":"<!-- This site is optimized with the Yoast SEO plugin v25.5 - https:\/\/yoast.com\/wordpress\/plugins\/seo\/ -->\n<title>Foret Noir pour le Bois - Maxima SpA<\/title>\n<meta name=\"description\" content=\"Permet de percer des trous pour l&#039;installation dans des plafonds en bois massif dans des tuyaux pour les hottes aspirantes les tuyaux\" \/>\n<meta name=\"robots\" content=\"index, follow, max-snippet:-1, max-image-preview:large, max-video-preview:-1\" \/>\n<link rel=\"canonical\" href=\"https:\/\/www.maxima-dia.com\/fr\/forets-diamantes-a-sec\/foret-noir-pour-le-bois\/\" \/>\n<meta property=\"og:locale\" content=\"fr_FR\" \/>\n<meta property=\"og:type\" content=\"article\" \/>\n<meta property=\"og:title\" content=\"Foret Noir pour le Bois - Maxima SpA\" \/>\n<meta property=\"og:description\" content=\"Permet de percer des trous pour l&#039;installation dans des plafonds en bois massif dans des tuyaux pour les hottes aspirantes les tuyaux\" \/>\n<meta property=\"og:url\" content=\"https:\/\/www.maxima-dia.com\/fr\/forets-diamantes-a-sec\/foret-noir-pour-le-bois\/\" \/>\n<meta property=\"og:site_name\" content=\"Maxima SpA\" \/>\n<meta property=\"article:publisher\" content=\"https:\/\/www.facebook.com\/Maxima-spa-106098566139597\" \/>\n<meta property=\"og:image\" content=\"https:\/\/www.maxima-dia.com\/wp-content\/uploads\/2023\/02\/CAROMAX-2001-ASP-FORETTO-MEDIO.jpg\" \/>\n\t<meta property=\"og:image:width\" content=\"1200\" \/>\n\t<meta property=\"og:image:height\" content=\"1200\" \/>\n\t<meta property=\"og:image:type\" content=\"image\/jpeg\" \/>\n<meta name=\"twitter:card\" content=\"summary_large_image\" \/>\n<meta name=\"twitter:site\" content=\"@Maximadia\" \/>\n<meta name=\"twitter:label1\" content=\"Dur\u00e9e de lecture estim\u00e9e\" \/>\n\t<meta name=\"twitter:data1\" content=\"12 minutes\" \/>\n<script type=\"application\/ld+json\" class=\"yoast-schema-graph\">{\"@context\":\"https:\/\/schema.org\",\"@graph\":[{\"@type\":\"WebPage\",\"@id\":\"https:\/\/www.maxima-dia.com\/fr\/forets-diamantes-a-sec\/foret-noir-pour-le-bois\/\",\"url\":\"https:\/\/www.maxima-dia.com\/fr\/forets-diamantes-a-sec\/foret-noir-pour-le-bois\/\",\"name\":\"Foret Noir pour le Bois - Maxima SpA\",\"isPartOf\":{\"@id\":\"https:\/\/www.maxima-dia.com\/fr\/#website\"},\"primaryImageOfPage\":{\"@id\":\"https:\/\/www.maxima-dia.com\/fr\/forets-diamantes-a-sec\/foret-noir-pour-le-bois\/#primaryimage\"},\"image\":{\"@id\":\"https:\/\/www.maxima-dia.com\/fr\/forets-diamantes-a-sec\/foret-noir-pour-le-bois\/#primaryimage\"},\"thumbnailUrl\":\"https:\/\/www.maxima-dia.com\/wp-content\/uploads\/2023\/02\/CAROMAX-2001-ASP-FORETTO-MEDIO.jpg\",\"datePublished\":\"2023-03-07T10:28:00+00:00\",\"description\":\"Permet de percer des trous pour l'installation dans des plafonds en bois massif dans des tuyaux pour les hottes aspirantes les tuyaux\",\"breadcrumb\":{\"@id\":\"https:\/\/www.maxima-dia.com\/fr\/forets-diamantes-a-sec\/foret-noir-pour-le-bois\/#breadcrumb\"},\"inLanguage\":\"fr-FR\",\"potentialAction\":[{\"@type\":\"ReadAction\",\"target\":[\"https:\/\/www.maxima-dia.com\/fr\/forets-diamantes-a-sec\/foret-noir-pour-le-bois\/\"]}]},{\"@type\":\"ImageObject\",\"inLanguage\":\"fr-FR\",\"@id\":\"https:\/\/www.maxima-dia.com\/fr\/forets-diamantes-a-sec\/foret-noir-pour-le-bois\/#primaryimage\",\"url\":\"https:\/\/www.maxima-dia.com\/wp-content\/uploads\/2023\/02\/CAROMAX-2001-ASP-FORETTO-MEDIO.jpg\",\"contentUrl\":\"https:\/\/www.maxima-dia.com\/wp-content\/uploads\/2023\/02\/CAROMAX-2001-ASP-FORETTO-MEDIO.jpg\",\"width\":1200,\"height\":1200,\"caption\":\"CAROMAX 2001\"},{\"@type\":\"BreadcrumbList\",\"@id\":\"https:\/\/www.maxima-dia.com\/fr\/forets-diamantes-a-sec\/foret-noir-pour-le-bois\/#breadcrumb\",\"itemListElement\":[{\"@type\":\"ListItem\",\"position\":1,\"name\":\"Home\",\"item\":\"https:\/\/www.maxima-dia.com\/fr\/\"},{\"@type\":\"ListItem\",\"position\":2,\"name\":\"Forets Diamant\u00e9s \u00e0 Sec\",\"item\":\"https:\/\/www.maxima-dia.com\/fr\/forets-diamantes-a-sec\/\"},{\"@type\":\"ListItem\",\"position\":3,\"name\":\"Foret Noir pour le Bois\"}]},{\"@type\":\"WebSite\",\"@id\":\"https:\/\/www.maxima-dia.com\/fr\/#website\",\"url\":\"https:\/\/www.maxima-dia.com\/fr\/\",\"name\":\"Maxima SpA\",\"description\":\"Only for the real professionals\",\"potentialAction\":[{\"@type\":\"SearchAction\",\"target\":{\"@type\":\"EntryPoint\",\"urlTemplate\":\"https:\/\/www.maxima-dia.com\/fr\/?s={search_term_string}\"},\"query-input\":{\"@type\":\"PropertyValueSpecification\",\"valueRequired\":true,\"valueName\":\"search_term_string\"}}],\"inLanguage\":\"fr-FR\"}]}<\/script>\n<!-- \/ Yoast SEO plugin. -->","yoast_head_json":{"title":"Foret Noir pour le Bois - Maxima SpA","description":"Permet de percer des trous pour l'installation dans des plafonds en bois massif dans des tuyaux pour les hottes aspirantes les tuyaux","robots":{"index":"index","follow":"follow","max-snippet":"max-snippet:-1","max-image-preview":"max-image-preview:large","max-video-preview":"max-video-preview:-1"},"canonical":"https:\/\/www.maxima-dia.com\/fr\/forets-diamantes-a-sec\/foret-noir-pour-le-bois\/","og_locale":"fr_FR","og_type":"article","og_title":"Foret Noir pour le Bois - Maxima SpA","og_description":"Permet de percer des trous pour l'installation dans des plafonds en bois massif dans des tuyaux pour les hottes aspirantes les tuyaux","og_url":"https:\/\/www.maxima-dia.com\/fr\/forets-diamantes-a-sec\/foret-noir-pour-le-bois\/","og_site_name":"Maxima SpA","article_publisher":"https:\/\/www.facebook.com\/Maxima-spa-106098566139597","og_image":[{"width":1200,"height":1200,"url":"https:\/\/www.maxima-dia.com\/wp-content\/uploads\/2023\/02\/CAROMAX-2001-ASP-FORETTO-MEDIO.jpg","type":"image\/jpeg"}],"twitter_card":"summary_large_image","twitter_site":"@Maximadia","twitter_misc":{"Dur\u00e9e de lecture estim\u00e9e":"12 minutes"},"schema":{"@context":"https:\/\/schema.org","@graph":[{"@type":"WebPage","@id":"https:\/\/www.maxima-dia.com\/fr\/forets-diamantes-a-sec\/foret-noir-pour-le-bois\/","url":"https:\/\/www.maxima-dia.com\/fr\/forets-diamantes-a-sec\/foret-noir-pour-le-bois\/","name":"Foret Noir pour le Bois - Maxima SpA","isPartOf":{"@id":"https:\/\/www.maxima-dia.com\/fr\/#website"},"primaryImageOfPage":{"@id":"https:\/\/www.maxima-dia.com\/fr\/forets-diamantes-a-sec\/foret-noir-pour-le-bois\/#primaryimage"},"image":{"@id":"https:\/\/www.maxima-dia.com\/fr\/forets-diamantes-a-sec\/foret-noir-pour-le-bois\/#primaryimage"},"thumbnailUrl":"https:\/\/www.maxima-dia.com\/wp-content\/uploads\/2023\/02\/CAROMAX-2001-ASP-FORETTO-MEDIO.jpg","datePublished":"2023-03-07T10:28:00+00:00","description":"Permet de percer des trous pour l'installation dans des plafonds en bois massif dans des tuyaux pour les hottes aspirantes les tuyaux","breadcrumb":{"@id":"https:\/\/www.maxima-dia.com\/fr\/forets-diamantes-a-sec\/foret-noir-pour-le-bois\/#breadcrumb"},"inLanguage":"fr-FR","potentialAction":[{"@type":"ReadAction","target":["https:\/\/www.maxima-dia.com\/fr\/forets-diamantes-a-sec\/foret-noir-pour-le-bois\/"]}]},{"@type":"ImageObject","inLanguage":"fr-FR","@id":"https:\/\/www.maxima-dia.com\/fr\/forets-diamantes-a-sec\/foret-noir-pour-le-bois\/#primaryimage","url":"https:\/\/www.maxima-dia.com\/wp-content\/uploads\/2023\/02\/CAROMAX-2001-ASP-FORETTO-MEDIO.jpg","contentUrl":"https:\/\/www.maxima-dia.com\/wp-content\/uploads\/2023\/02\/CAROMAX-2001-ASP-FORETTO-MEDIO.jpg","width":1200,"height":1200,"caption":"CAROMAX 2001"},{"@type":"BreadcrumbList","@id":"https:\/\/www.maxima-dia.com\/fr\/forets-diamantes-a-sec\/foret-noir-pour-le-bois\/#breadcrumb","itemListElement":[{"@type":"ListItem","position":1,"name":"Home","item":"https:\/\/www.maxima-dia.com\/fr\/"},{"@type":"ListItem","position":2,"name":"Forets Diamant\u00e9s \u00e0 Sec","item":"https:\/\/www.maxima-dia.com\/fr\/forets-diamantes-a-sec\/"},{"@type":"ListItem","position":3,"name":"Foret Noir pour le Bois"}]},{"@type":"WebSite","@id":"https:\/\/www.maxima-dia.com\/fr\/#website","url":"https:\/\/www.maxima-dia.com\/fr\/","name":"Maxima SpA","description":"Only for the real professionals","potentialAction":[{"@type":"SearchAction","target":{"@type":"EntryPoint","urlTemplate":"https:\/\/www.maxima-dia.com\/fr\/?s={search_term_string}"},"query-input":{"@type":"PropertyValueSpecification","valueRequired":true,"valueName":"search_term_string"}}],"inLanguage":"fr-FR"}]}},"_links":{"self":[{"href":"https:\/\/www.maxima-dia.com\/fr\/wp-json\/wp\/v2\/pages\/38947"}],"collection":[{"href":"https:\/\/www.maxima-dia.com\/fr\/wp-json\/wp\/v2\/pages"}],"about":[{"href":"https:\/\/www.maxima-dia.com\/fr\/wp-json\/wp\/v2\/types\/page"}],"author":[{"embeddable":true,"href":"https:\/\/www.maxima-dia.com\/fr\/wp-json\/wp\/v2\/users\/29"}],"replies":[{"embeddable":true,"href":"https:\/\/www.maxima-dia.com\/fr\/wp-json\/wp\/v2\/comments?post=38947"}],"version-history":[{"count":2,"href":"https:\/\/www.maxima-dia.com\/fr\/wp-json\/wp\/v2\/pages\/38947\/revisions"}],"predecessor-version":[{"id":38959,"href":"https:\/\/www.maxima-dia.com\/fr\/wp-json\/wp\/v2\/pages\/38947\/revisions\/38959"}],"up":[{"embeddable":true,"href":"https:\/\/www.maxima-dia.com\/fr\/wp-json\/wp\/v2\/pages\/12424"}],"wp:featuredmedia":[{"embeddable":true,"href":"https:\/\/www.maxima-dia.com\/fr\/wp-json\/wp\/v2\/media\/37433"}],"wp:attachment":[{"href":"https:\/\/www.maxima-dia.com\/fr\/wp-json\/wp\/v2\/media?parent=38947"}],"curies":[{"name":"wp","href":"https:\/\/api.w.org\/{rel}","templated":true}]}}