{"id":38975,"date":"2023-03-07T11:55:16","date_gmt":"2023-03-07T10:55:16","guid":{"rendered":"https:\/\/www.maxima-dia.com\/?page_id=38975"},"modified":"2023-03-07T11:55:16","modified_gmt":"2023-03-07T10:55:16","slug":"foret-noir-pour-le-plastique","status":"publish","type":"page","link":"https:\/\/www.maxima-dia.com\/fr\/forets-diamantes-a-sec\/foret-noir-pour-le-plastique\/","title":{"rendered":"Foret Noir pour le Plastique"},"content":{"rendered":"<div class=\"wpb-content-wrapper\"><p>[vc_row][vc_column text_align=\u00a0\u00bbcenter\u00a0\u00bb width=\u00a0\u00bb1\/4&Prime;][vc_column_text]<a href=\"https:\/\/www.maxima-dia.com\/wp-content\/uploads\/2023\/02\/CAROMAX-2001-ASP-FORETTO-GRANDE.jpg\" rel=\"g1\"><img loading=\"lazy\" decoding=\"async\" class=\"alignnone wp-image-37425 size-thumbnail\" src=\"https:\/\/www.maxima-dia.com\/wp-content\/uploads\/2023\/02\/CAROMAX-2001-ASP-FORETTO-GRANDE-150x150.jpg\" alt=\"CAROMAX 2001 FORETTO GRANDE\" width=\"150\" height=\"150\" srcset=\"https:\/\/www.maxima-dia.com\/wp-content\/uploads\/2023\/02\/CAROMAX-2001-ASP-FORETTO-GRANDE-150x150.jpg 150w, https:\/\/www.maxima-dia.com\/wp-content\/uploads\/2023\/02\/CAROMAX-2001-ASP-FORETTO-GRANDE-300x300.jpg 300w, https:\/\/www.maxima-dia.com\/wp-content\/uploads\/2023\/02\/CAROMAX-2001-ASP-FORETTO-GRANDE-1024x1024.jpg 1024w, https:\/\/www.maxima-dia.com\/wp-content\/uploads\/2023\/02\/CAROMAX-2001-ASP-FORETTO-GRANDE-768x768.jpg 768w, https:\/\/www.maxima-dia.com\/wp-content\/uploads\/2023\/02\/CAROMAX-2001-ASP-FORETTO-GRANDE-80x80.jpg 80w, https:\/\/www.maxima-dia.com\/wp-content\/uploads\/2023\/02\/CAROMAX-2001-ASP-FORETTO-GRANDE-500x500.jpg 500w, https:\/\/www.maxima-dia.com\/wp-content\/uploads\/2023\/02\/CAROMAX-2001-ASP-FORETTO-GRANDE-1000x1000.jpg 1000w, https:\/\/www.maxima-dia.com\/wp-content\/uploads\/2023\/02\/CAROMAX-2001-ASP-FORETTO-GRANDE.jpg 1200w\" sizes=\"(max-width: 150px) 100vw, 150px\" \/><\/a>[\/vc_column_text][vc_column_text css_animation=\u00a0\u00bbslideInDown\u00a0\u00bb el_class=\u00a0\u00bbhidebuybutton\u00a0\u00bb]<a href=\"https:\/\/www.storemaxima.com\/fr\/forets-diamante-a-sec\/327-foret-noir-pour-le-plastique.html\" target=\"_blank\" rel=\"noopener\"><img loading=\"lazy\" decoding=\"async\" class=\"alignnone\" title=\"Acheter sur www.storemaxima.com\" src=\"https:\/\/www.maxima-dia.com\/wp-content\/uploads\/2019\/12\/pulsante-acquista-storemaxima.com-fr.svg\" alt=\"Acheter sur www.storemaxima.com\" width=\"180\" height=\"80\"><\/a>[\/vc_column_text][\/vc_column][vc_column width=\u00a0\u00bb3\/4&Prime;][vc_column_text]Le <strong>FORET NOIR POUR LE PLASTIQUE<\/strong> permet de percer des trous de raccordement pour les tuyaux en plastique tels que les branchements d&rsquo;\u00e9gouts, les puisards ou les tuyaux de chantier.<\/p>\n<p><strong>Longueur du foret : 163 mm<\/strong><\/p>\n<p>Per\u00e7age rapide et gain de temps consid\u00e9rable gr\u00e2ce \u00e0 une technologie de coupe innovante et \u00e0 des plaquettes en carbure de haute qualit\u00e9. Per\u00e7age rapide et fiable, m\u00eame dans les tuyaux ou les conteneurs \u00e0 paroi \u00e9paisse. Excellente qualit\u00e9 de finition de la surface du trou avec des bords lisses et propres, m\u00eame dans les tuyaux ondul\u00e9s. Per\u00e7age manuel de tous les grands diam\u00e8tres avec une carotteuse CAROMAX 2001.<br \/>\nLa carotte est \u00e9ject\u00e9e de la fraise \u00e0 couronne et captur\u00e9e par le piston de centrage en plastique \u00e0 ressort PICE01P[\/vc_column_text][\/vc_column][\/vc_row]<\/p>\n<\/div>","protected":false},"excerpt":{"rendered":"<p>[vc_row][vc_column text_align=\u00a0\u00bbcenter\u00a0\u00bb width=\u00a0\u00bb1\/4&Prime;][vc_column_text][\/vc_column_text][vc_column_text css_animation=\u00a0\u00bbslideInDown\u00a0\u00bb el_class=\u00a0\u00bbhidebuybutton\u00a0\u00bb][\/vc_column_text][\/vc_column][vc_column width=\u00a0\u00bb3\/4&Prime;][vc_column_text]Le FORET NOIR POUR LE PLASTIQUE permet de percer des trous de raccordement pour les tuyaux en plastique tels que les branchements d&rsquo;\u00e9gouts, les puisards ou les tuyaux de chantier. Longueur du foret : 163 mm Per\u00e7age rapide et gain de temps consid\u00e9rable gr\u00e2ce \u00e0 une technologie de coupe innovante et \u00e0 des plaquettes en carbure de haute qualit\u00e9. Per\u00e7age rapide et fiable, m\u00eame dans les tuyaux ou les conteneurs \u00e0 paroi \u00e9paisse. Excellente qualit\u00e9 de finition de la surface du trou avec des bords lisses et propres, m\u00eame dans les tuyaux ondul\u00e9s. Per\u00e7age manuel de tous les grands diam\u00e8tres avec une carotteuse CAROMAX 2001. La carotte est \u00e9ject\u00e9e de la fraise \u00e0 couronne et captur\u00e9e par le piston de centrage en plastique \u00e0 ressort PICE01P[\/vc_column_text][\/vc_column][\/vc_row]<\/p>\n","protected":false},"author":29,"featured_media":37427,"parent":12424,"menu_order":11,"comment_status":"closed","ping_status":"closed","template":"","meta":{"ngg_post_thumbnail":0,"_joinchat":[],"footnotes":""},"class_list":["post-38975","page","type-page","status-publish","has-post-thumbnail","hentry"],"yoast_head":"<!-- This site is optimized with the Yoast SEO plugin v25.5 - https:\/\/yoast.com\/wordpress\/plugins\/seo\/ -->\n<title>Foret Noir pour le Plastique - Maxima SpA<\/title>\n<meta name=\"description\" content=\"Permet de percer des trous de raccordement pour les tuyaux en plastique tels que les branchements d&#039;\u00e9gouts, les puisards ou les tuyaux de chantier.\" \/>\n<meta name=\"robots\" content=\"index, follow, max-snippet:-1, max-image-preview:large, max-video-preview:-1\" \/>\n<link rel=\"canonical\" href=\"https:\/\/www.maxima-dia.com\/fr\/forets-diamantes-a-sec\/foret-noir-pour-le-plastique\/\" \/>\n<meta property=\"og:locale\" content=\"fr_FR\" \/>\n<meta property=\"og:type\" content=\"article\" \/>\n<meta property=\"og:title\" content=\"Foret Noir pour le Plastique - Maxima SpA\" \/>\n<meta property=\"og:description\" content=\"Permet de percer des trous de raccordement pour les tuyaux en plastique tels que les branchements d&#039;\u00e9gouts, les puisards ou les tuyaux de chantier.\" \/>\n<meta property=\"og:url\" content=\"https:\/\/www.maxima-dia.com\/fr\/forets-diamantes-a-sec\/foret-noir-pour-le-plastique\/\" \/>\n<meta property=\"og:site_name\" content=\"Maxima SpA\" \/>\n<meta property=\"article:publisher\" content=\"https:\/\/www.facebook.com\/Maxima-spa-106098566139597\" \/>\n<meta property=\"og:image\" content=\"https:\/\/www.maxima-dia.com\/wp-content\/uploads\/2023\/02\/CAROMAX-2001-ASP-FORETTO-GRANDE.jpg\" \/>\n\t<meta property=\"og:image:width\" content=\"1200\" \/>\n\t<meta property=\"og:image:height\" content=\"1200\" \/>\n\t<meta property=\"og:image:type\" content=\"image\/jpeg\" \/>\n<meta name=\"twitter:card\" content=\"summary_large_image\" \/>\n<meta name=\"twitter:site\" content=\"@Maximadia\" \/>\n<meta name=\"twitter:label1\" content=\"Dur\u00e9e de lecture estim\u00e9e\" \/>\n\t<meta name=\"twitter:data1\" content=\"12 minutes\" \/>\n<script type=\"application\/ld+json\" class=\"yoast-schema-graph\">{\"@context\":\"https:\/\/schema.org\",\"@graph\":[{\"@type\":\"WebPage\",\"@id\":\"https:\/\/www.maxima-dia.com\/fr\/forets-diamantes-a-sec\/foret-noir-pour-le-plastique\/\",\"url\":\"https:\/\/www.maxima-dia.com\/fr\/forets-diamantes-a-sec\/foret-noir-pour-le-plastique\/\",\"name\":\"Foret Noir pour le Plastique - Maxima SpA\",\"isPartOf\":{\"@id\":\"https:\/\/www.maxima-dia.com\/fr\/#website\"},\"primaryImageOfPage\":{\"@id\":\"https:\/\/www.maxima-dia.com\/fr\/forets-diamantes-a-sec\/foret-noir-pour-le-plastique\/#primaryimage\"},\"image\":{\"@id\":\"https:\/\/www.maxima-dia.com\/fr\/forets-diamantes-a-sec\/foret-noir-pour-le-plastique\/#primaryimage\"},\"thumbnailUrl\":\"https:\/\/www.maxima-dia.com\/wp-content\/uploads\/2023\/02\/CAROMAX-2001-ASP-FORETTO-GRANDE.jpg\",\"datePublished\":\"2023-03-07T10:55:16+00:00\",\"description\":\"Permet de percer des trous de raccordement pour les tuyaux en plastique tels que les branchements d'\u00e9gouts, les puisards ou les tuyaux de chantier.\",\"breadcrumb\":{\"@id\":\"https:\/\/www.maxima-dia.com\/fr\/forets-diamantes-a-sec\/foret-noir-pour-le-plastique\/#breadcrumb\"},\"inLanguage\":\"fr-FR\",\"potentialAction\":[{\"@type\":\"ReadAction\",\"target\":[\"https:\/\/www.maxima-dia.com\/fr\/forets-diamantes-a-sec\/foret-noir-pour-le-plastique\/\"]}]},{\"@type\":\"ImageObject\",\"inLanguage\":\"fr-FR\",\"@id\":\"https:\/\/www.maxima-dia.com\/fr\/forets-diamantes-a-sec\/foret-noir-pour-le-plastique\/#primaryimage\",\"url\":\"https:\/\/www.maxima-dia.com\/wp-content\/uploads\/2023\/02\/CAROMAX-2001-ASP-FORETTO-GRANDE.jpg\",\"contentUrl\":\"https:\/\/www.maxima-dia.com\/wp-content\/uploads\/2023\/02\/CAROMAX-2001-ASP-FORETTO-GRANDE.jpg\",\"width\":1200,\"height\":1200,\"caption\":\"CAROMAX 2001\"},{\"@type\":\"BreadcrumbList\",\"@id\":\"https:\/\/www.maxima-dia.com\/fr\/forets-diamantes-a-sec\/foret-noir-pour-le-plastique\/#breadcrumb\",\"itemListElement\":[{\"@type\":\"ListItem\",\"position\":1,\"name\":\"Home\",\"item\":\"https:\/\/www.maxima-dia.com\/fr\/\"},{\"@type\":\"ListItem\",\"position\":2,\"name\":\"Forets Diamant\u00e9s \u00e0 Sec\",\"item\":\"https:\/\/www.maxima-dia.com\/fr\/forets-diamantes-a-sec\/\"},{\"@type\":\"ListItem\",\"position\":3,\"name\":\"Foret Noir pour le Plastique\"}]},{\"@type\":\"WebSite\",\"@id\":\"https:\/\/www.maxima-dia.com\/fr\/#website\",\"url\":\"https:\/\/www.maxima-dia.com\/fr\/\",\"name\":\"Maxima SpA\",\"description\":\"Only for the real professionals\",\"potentialAction\":[{\"@type\":\"SearchAction\",\"target\":{\"@type\":\"EntryPoint\",\"urlTemplate\":\"https:\/\/www.maxima-dia.com\/fr\/?s={search_term_string}\"},\"query-input\":{\"@type\":\"PropertyValueSpecification\",\"valueRequired\":true,\"valueName\":\"search_term_string\"}}],\"inLanguage\":\"fr-FR\"}]}<\/script>\n<!-- \/ Yoast SEO plugin. -->","yoast_head_json":{"title":"Foret Noir pour le Plastique - Maxima SpA","description":"Permet de percer des trous de raccordement pour les tuyaux en plastique tels que les branchements d'\u00e9gouts, les puisards ou les tuyaux de chantier.","robots":{"index":"index","follow":"follow","max-snippet":"max-snippet:-1","max-image-preview":"max-image-preview:large","max-video-preview":"max-video-preview:-1"},"canonical":"https:\/\/www.maxima-dia.com\/fr\/forets-diamantes-a-sec\/foret-noir-pour-le-plastique\/","og_locale":"fr_FR","og_type":"article","og_title":"Foret Noir pour le Plastique - Maxima SpA","og_description":"Permet de percer des trous de raccordement pour les tuyaux en plastique tels que les branchements d'\u00e9gouts, les puisards ou les tuyaux de chantier.","og_url":"https:\/\/www.maxima-dia.com\/fr\/forets-diamantes-a-sec\/foret-noir-pour-le-plastique\/","og_site_name":"Maxima SpA","article_publisher":"https:\/\/www.facebook.com\/Maxima-spa-106098566139597","og_image":[{"width":1200,"height":1200,"url":"https:\/\/www.maxima-dia.com\/wp-content\/uploads\/2023\/02\/CAROMAX-2001-ASP-FORETTO-GRANDE.jpg","type":"image\/jpeg"}],"twitter_card":"summary_large_image","twitter_site":"@Maximadia","twitter_misc":{"Dur\u00e9e de lecture estim\u00e9e":"12 minutes"},"schema":{"@context":"https:\/\/schema.org","@graph":[{"@type":"WebPage","@id":"https:\/\/www.maxima-dia.com\/fr\/forets-diamantes-a-sec\/foret-noir-pour-le-plastique\/","url":"https:\/\/www.maxima-dia.com\/fr\/forets-diamantes-a-sec\/foret-noir-pour-le-plastique\/","name":"Foret Noir pour le Plastique - Maxima SpA","isPartOf":{"@id":"https:\/\/www.maxima-dia.com\/fr\/#website"},"primaryImageOfPage":{"@id":"https:\/\/www.maxima-dia.com\/fr\/forets-diamantes-a-sec\/foret-noir-pour-le-plastique\/#primaryimage"},"image":{"@id":"https:\/\/www.maxima-dia.com\/fr\/forets-diamantes-a-sec\/foret-noir-pour-le-plastique\/#primaryimage"},"thumbnailUrl":"https:\/\/www.maxima-dia.com\/wp-content\/uploads\/2023\/02\/CAROMAX-2001-ASP-FORETTO-GRANDE.jpg","datePublished":"2023-03-07T10:55:16+00:00","description":"Permet de percer des trous de raccordement pour les tuyaux en plastique tels que les branchements d'\u00e9gouts, les puisards ou les tuyaux de chantier.","breadcrumb":{"@id":"https:\/\/www.maxima-dia.com\/fr\/forets-diamantes-a-sec\/foret-noir-pour-le-plastique\/#breadcrumb"},"inLanguage":"fr-FR","potentialAction":[{"@type":"ReadAction","target":["https:\/\/www.maxima-dia.com\/fr\/forets-diamantes-a-sec\/foret-noir-pour-le-plastique\/"]}]},{"@type":"ImageObject","inLanguage":"fr-FR","@id":"https:\/\/www.maxima-dia.com\/fr\/forets-diamantes-a-sec\/foret-noir-pour-le-plastique\/#primaryimage","url":"https:\/\/www.maxima-dia.com\/wp-content\/uploads\/2023\/02\/CAROMAX-2001-ASP-FORETTO-GRANDE.jpg","contentUrl":"https:\/\/www.maxima-dia.com\/wp-content\/uploads\/2023\/02\/CAROMAX-2001-ASP-FORETTO-GRANDE.jpg","width":1200,"height":1200,"caption":"CAROMAX 2001"},{"@type":"BreadcrumbList","@id":"https:\/\/www.maxima-dia.com\/fr\/forets-diamantes-a-sec\/foret-noir-pour-le-plastique\/#breadcrumb","itemListElement":[{"@type":"ListItem","position":1,"name":"Home","item":"https:\/\/www.maxima-dia.com\/fr\/"},{"@type":"ListItem","position":2,"name":"Forets Diamant\u00e9s \u00e0 Sec","item":"https:\/\/www.maxima-dia.com\/fr\/forets-diamantes-a-sec\/"},{"@type":"ListItem","position":3,"name":"Foret Noir pour le Plastique"}]},{"@type":"WebSite","@id":"https:\/\/www.maxima-dia.com\/fr\/#website","url":"https:\/\/www.maxima-dia.com\/fr\/","name":"Maxima SpA","description":"Only for the real professionals","potentialAction":[{"@type":"SearchAction","target":{"@type":"EntryPoint","urlTemplate":"https:\/\/www.maxima-dia.com\/fr\/?s={search_term_string}"},"query-input":{"@type":"PropertyValueSpecification","valueRequired":true,"valueName":"search_term_string"}}],"inLanguage":"fr-FR"}]}},"_links":{"self":[{"href":"https:\/\/www.maxima-dia.com\/fr\/wp-json\/wp\/v2\/pages\/38975"}],"collection":[{"href":"https:\/\/www.maxima-dia.com\/fr\/wp-json\/wp\/v2\/pages"}],"about":[{"href":"https:\/\/www.maxima-dia.com\/fr\/wp-json\/wp\/v2\/types\/page"}],"author":[{"embeddable":true,"href":"https:\/\/www.maxima-dia.com\/fr\/wp-json\/wp\/v2\/users\/29"}],"replies":[{"embeddable":true,"href":"https:\/\/www.maxima-dia.com\/fr\/wp-json\/wp\/v2\/comments?post=38975"}],"version-history":[{"count":2,"href":"https:\/\/www.maxima-dia.com\/fr\/wp-json\/wp\/v2\/pages\/38975\/revisions"}],"predecessor-version":[{"id":38985,"href":"https:\/\/www.maxima-dia.com\/fr\/wp-json\/wp\/v2\/pages\/38975\/revisions\/38985"}],"up":[{"embeddable":true,"href":"https:\/\/www.maxima-dia.com\/fr\/wp-json\/wp\/v2\/pages\/12424"}],"wp:featuredmedia":[{"embeddable":true,"href":"https:\/\/www.maxima-dia.com\/fr\/wp-json\/wp\/v2\/media\/37427"}],"wp:attachment":[{"href":"https:\/\/www.maxima-dia.com\/fr\/wp-json\/wp\/v2\/media?parent=38975"}],"curies":[{"name":"wp","href":"https:\/\/api.w.org\/{rel}","templated":true}]}}