{"id":45757,"date":"2024-11-06T10:58:26","date_gmt":"2024-11-06T09:58:26","guid":{"rendered":"https:\/\/www.maxima-dia.com\/?page_id=45757"},"modified":"2024-11-06T10:59:00","modified_gmt":"2024-11-06T09:59:00","slug":"colonne-special","status":"publish","type":"page","link":"https:\/\/www.maxima-dia.com\/fr\/machines-de-carottages-pour-le-batiment\/colonne-special\/","title":{"rendered":"Colonne Special"},"content":{"rendered":"<div class=\"wpb-content-wrapper\"><p>[vc_row][vc_column text_align=\u00a0\u00bbcenter\u00a0\u00bb width=\u00a0\u00bb1\/4&Prime;][vc_column_text]<\/p>\n<p class=\"p1\"><b><a href=\"https:\/\/www.maxima-dia.com\/wp-content\/uploads\/2024\/11\/CAROMAX_SPECIAL_180_01_DSC0880.jpg\"><img loading=\"lazy\" decoding=\"async\" class=\"alignnone wp-image-45678 size-thumbnail\" src=\"https:\/\/www.maxima-dia.com\/wp-content\/uploads\/2024\/11\/CAROMAX_SPECIAL_180_01_DSC0880-150x150.jpg\" alt=\"\" width=\"150\" height=\"150\" srcset=\"https:\/\/www.maxima-dia.com\/wp-content\/uploads\/2024\/11\/CAROMAX_SPECIAL_180_01_DSC0880-150x150.jpg 150w, https:\/\/www.maxima-dia.com\/wp-content\/uploads\/2024\/11\/CAROMAX_SPECIAL_180_01_DSC0880-300x300.jpg 300w, https:\/\/www.maxima-dia.com\/wp-content\/uploads\/2024\/11\/CAROMAX_SPECIAL_180_01_DSC0880-1024x1024.jpg 1024w, https:\/\/www.maxima-dia.com\/wp-content\/uploads\/2024\/11\/CAROMAX_SPECIAL_180_01_DSC0880-768x768.jpg 768w, https:\/\/www.maxima-dia.com\/wp-content\/uploads\/2024\/11\/CAROMAX_SPECIAL_180_01_DSC0880-80x80.jpg 80w, https:\/\/www.maxima-dia.com\/wp-content\/uploads\/2024\/11\/CAROMAX_SPECIAL_180_01_DSC0880-500x500.jpg 500w, https:\/\/www.maxima-dia.com\/wp-content\/uploads\/2024\/11\/CAROMAX_SPECIAL_180_01_DSC0880-1000x1000.jpg 1000w, https:\/\/www.maxima-dia.com\/wp-content\/uploads\/2024\/11\/CAROMAX_SPECIAL_180_01_DSC0880.jpg 1500w\" sizes=\"(max-width: 150px) 100vw, 150px\" \/><\/a><\/b><\/p>\n<p>[\/vc_column_text][\/vc_column][vc_column width=\u00a0\u00bb3\/4&Prime;][vc_column_text]<\/p>\n<p class=\"p1\"><strong>Colonne Special 180<\/strong><\/p>\n<p class=\"p2\">La Colonne Special 180 est inclinable pour les carottes de diam\u00e8tre max. 180 mm avec collier fixe.<br \/>\nLa cr\u00e9maill\u00e8re est en acier et la base en aluminium, et est pr\u00e9par\u00e9e pour le syst\u00e8me de fixation \u00e0 vide.<\/p>\n<p>[\/vc_column_text][\/vc_column][\/vc_row][vc_row bottom_padding=\u00a0\u00bb30&Prime;][vc_column][vc_separator][\/vc_column][\/vc_row][vc_row][vc_column text_align=\u00a0\u00bbcenter\u00a0\u00bb width=\u00a0\u00bb1\/4&Prime;][vc_column_text]<\/p>\n<p class=\"p1\"><b><a href=\"https:\/\/www.maxima-dia.com\/wp-content\/uploads\/2024\/11\/CAROMAX_SPECIAL_300_01_DSC0890.jpg\"><img loading=\"lazy\" decoding=\"async\" class=\"alignnone wp-image-45684 size-thumbnail\" src=\"https:\/\/www.maxima-dia.com\/wp-content\/uploads\/2024\/11\/CAROMAX_SPECIAL_300_01_DSC0890-150x150.jpg\" alt=\"\" width=\"150\" height=\"150\" srcset=\"https:\/\/www.maxima-dia.com\/wp-content\/uploads\/2024\/11\/CAROMAX_SPECIAL_300_01_DSC0890-150x150.jpg 150w, https:\/\/www.maxima-dia.com\/wp-content\/uploads\/2024\/11\/CAROMAX_SPECIAL_300_01_DSC0890-300x300.jpg 300w, https:\/\/www.maxima-dia.com\/wp-content\/uploads\/2024\/11\/CAROMAX_SPECIAL_300_01_DSC0890-1024x1024.jpg 1024w, https:\/\/www.maxima-dia.com\/wp-content\/uploads\/2024\/11\/CAROMAX_SPECIAL_300_01_DSC0890-768x768.jpg 768w, https:\/\/www.maxima-dia.com\/wp-content\/uploads\/2024\/11\/CAROMAX_SPECIAL_300_01_DSC0890-80x80.jpg 80w, https:\/\/www.maxima-dia.com\/wp-content\/uploads\/2024\/11\/CAROMAX_SPECIAL_300_01_DSC0890-500x500.jpg 500w, https:\/\/www.maxima-dia.com\/wp-content\/uploads\/2024\/11\/CAROMAX_SPECIAL_300_01_DSC0890-1000x1000.jpg 1000w, https:\/\/www.maxima-dia.com\/wp-content\/uploads\/2024\/11\/CAROMAX_SPECIAL_300_01_DSC0890.jpg 1500w\" sizes=\"(max-width: 150px) 100vw, 150px\" \/><\/a><\/b><\/p>\n<p>[\/vc_column_text][\/vc_column][vc_column width=\u00a0\u00bb3\/4&Prime;][vc_column_text]<\/p>\n<p class=\"p1\"><strong>Colonne Special 300<\/strong><\/p>\n<p class=\"p1\">La Colonne Special 300 est inclinable pour les carotteuses d\u2019un diam\u00e8tre maximal de 300 mm et une base en acier.<br \/>\nLa cr\u00e9maill\u00e8re et la glissi\u00e8re sont en acier, la colonne en aluminium et la base en aluminium est r\u00e9gl\u00e9 pour le syst\u00e8me de fixation \u00e0 d\u00e9pression.<\/p>\n<p>[\/vc_column_text][\/vc_column][\/vc_row][vc_row bottom_padding=\u00a0\u00bb30&Prime;][vc_column][vc_separator][\/vc_column][\/vc_row][vc_row][vc_column text_align=\u00a0\u00bbcenter\u00a0\u00bb width=\u00a0\u00bb1\/4&Prime;][vc_column_text]<\/p>\n<p class=\"p1\"><b><a href=\"https:\/\/www.maxima-dia.com\/wp-content\/uploads\/2024\/11\/CAROMAX_SPECIAL_300A_01_DSC0883.jpg\"><img loading=\"lazy\" decoding=\"async\" class=\"alignnone wp-image-45690 size-thumbnail\" src=\"https:\/\/www.maxima-dia.com\/wp-content\/uploads\/2024\/11\/CAROMAX_SPECIAL_300A_01_DSC0883-150x150.jpg\" alt=\"\" width=\"150\" height=\"150\" srcset=\"https:\/\/www.maxima-dia.com\/wp-content\/uploads\/2024\/11\/CAROMAX_SPECIAL_300A_01_DSC0883-150x150.jpg 150w, https:\/\/www.maxima-dia.com\/wp-content\/uploads\/2024\/11\/CAROMAX_SPECIAL_300A_01_DSC0883-300x300.jpg 300w, https:\/\/www.maxima-dia.com\/wp-content\/uploads\/2024\/11\/CAROMAX_SPECIAL_300A_01_DSC0883-1024x1024.jpg 1024w, https:\/\/www.maxima-dia.com\/wp-content\/uploads\/2024\/11\/CAROMAX_SPECIAL_300A_01_DSC0883-768x768.jpg 768w, https:\/\/www.maxima-dia.com\/wp-content\/uploads\/2024\/11\/CAROMAX_SPECIAL_300A_01_DSC0883-80x80.jpg 80w, https:\/\/www.maxima-dia.com\/wp-content\/uploads\/2024\/11\/CAROMAX_SPECIAL_300A_01_DSC0883-500x500.jpg 500w, https:\/\/www.maxima-dia.com\/wp-content\/uploads\/2024\/11\/CAROMAX_SPECIAL_300A_01_DSC0883-1000x1000.jpg 1000w, https:\/\/www.maxima-dia.com\/wp-content\/uploads\/2024\/11\/CAROMAX_SPECIAL_300A_01_DSC0883.jpg 1500w\" sizes=\"(max-width: 150px) 100vw, 150px\" \/><\/a><\/b><\/p>\n<p>[\/vc_column_text][\/vc_column][vc_column width=\u00a0\u00bb3\/4&Prime;][vc_column_text]<\/p>\n<p class=\"p1\"><strong>Colonne Special 300 A<\/strong><\/p>\n<p class=\"p1\">La Colonne Special 300 est inclinable pour les carotteuses d\u2019un diam\u00e8tre maximal de 300 mm et une base en aluminium.<br \/>\nLa cr\u00e9maill\u00e8re et la glissi\u00e8re sont en acier, la colonne en aluminium et la base en acier.<\/p>\n<p>[\/vc_column_text][\/vc_column][\/vc_row][vc_row bottom_padding=\u00a0\u00bb30&Prime;][vc_column][vc_separator][\/vc_column][\/vc_row][vc_row][vc_column text_align=\u00a0\u00bbcenter\u00a0\u00bb width=\u00a0\u00bb1\/4&Prime;][vc_column_text]<\/p>\n<p class=\"p1\"><b><a href=\"https:\/\/www.maxima-dia.com\/wp-content\/uploads\/2024\/11\/CAROMAX_SPECIAL_500A_DX_01_19_01_2024.jpg\"><img loading=\"lazy\" decoding=\"async\" class=\"alignnone wp-image-45696 size-thumbnail\" src=\"https:\/\/www.maxima-dia.com\/wp-content\/uploads\/2024\/11\/CAROMAX_SPECIAL_500A_DX_01_19_01_2024-150x150.jpg\" alt=\"\" width=\"150\" height=\"150\" srcset=\"https:\/\/www.maxima-dia.com\/wp-content\/uploads\/2024\/11\/CAROMAX_SPECIAL_500A_DX_01_19_01_2024-150x150.jpg 150w, https:\/\/www.maxima-dia.com\/wp-content\/uploads\/2024\/11\/CAROMAX_SPECIAL_500A_DX_01_19_01_2024-300x300.jpg 300w, https:\/\/www.maxima-dia.com\/wp-content\/uploads\/2024\/11\/CAROMAX_SPECIAL_500A_DX_01_19_01_2024-1024x1024.jpg 1024w, https:\/\/www.maxima-dia.com\/wp-content\/uploads\/2024\/11\/CAROMAX_SPECIAL_500A_DX_01_19_01_2024-768x768.jpg 768w, https:\/\/www.maxima-dia.com\/wp-content\/uploads\/2024\/11\/CAROMAX_SPECIAL_500A_DX_01_19_01_2024-80x80.jpg 80w, https:\/\/www.maxima-dia.com\/wp-content\/uploads\/2024\/11\/CAROMAX_SPECIAL_500A_DX_01_19_01_2024-500x500.jpg 500w, https:\/\/www.maxima-dia.com\/wp-content\/uploads\/2024\/11\/CAROMAX_SPECIAL_500A_DX_01_19_01_2024-1000x1000.jpg 1000w, https:\/\/www.maxima-dia.com\/wp-content\/uploads\/2024\/11\/CAROMAX_SPECIAL_500A_DX_01_19_01_2024.jpg 1500w\" sizes=\"(max-width: 150px) 100vw, 150px\" \/><\/a><\/b><\/p>\n<p>[\/vc_column_text][\/vc_column][vc_column width=\u00a0\u00bb3\/4&Prime;][vc_column_text]<\/p>\n<p class=\"p1\"><strong>Colonne Special 500 A<\/strong><\/p>\n<p class=\"p1\">La Colonne Special 500 A est inclinable pour les carottes de diam\u00e8tre max. 500 mm avec la base en acier.<\/p>\n<p>[\/vc_column_text][\/vc_column][\/vc_row]<\/p>\n<\/div>","protected":false},"excerpt":{"rendered":"<p>[vc_row][vc_column text_align=\u00a0\u00bbcenter\u00a0\u00bb width=\u00a0\u00bb1\/4&Prime;][vc_column_text] [\/vc_column_text][\/vc_column][vc_column width=\u00a0\u00bb3\/4&Prime;][vc_column_text] Colonne Special 180 La Colonne Special 180 est inclinable pour les carottes de diam\u00e8tre max. 180 mm avec collier fixe. La cr\u00e9maill\u00e8re est en acier et la base en aluminium, et est pr\u00e9par\u00e9e pour le syst\u00e8me de fixation \u00e0 vide. [\/vc_column_text][\/vc_column][\/vc_row][vc_row bottom_padding=\u00a0\u00bb30&Prime;][vc_column][vc_separator][\/vc_column][\/vc_row][vc_row][vc_column text_align=\u00a0\u00bbcenter\u00a0\u00bb width=\u00a0\u00bb1\/4&Prime;][vc_column_text] [\/vc_column_text][\/vc_column][vc_column width=\u00a0\u00bb3\/4&Prime;][vc_column_text] Colonne Special 300 La Colonne Special 300 est inclinable pour les carotteuses d\u2019un diam\u00e8tre maximal de 300 mm et une base en acier. La cr\u00e9maill\u00e8re et la glissi\u00e8re sont en acier, la colonne en aluminium et la base en aluminium est r\u00e9gl\u00e9 pour le syst\u00e8me de fixation \u00e0 d\u00e9pression. [\/vc_column_text][\/vc_column][\/vc_row][vc_row bottom_padding=\u00a0\u00bb30&Prime;][vc_column][vc_separator][\/vc_column][\/vc_row][vc_row][vc_column text_align=\u00a0\u00bbcenter\u00a0\u00bb width=\u00a0\u00bb1\/4&Prime;][vc_column_text] [\/vc_column_text][\/vc_column][vc_column width=\u00a0\u00bb3\/4&Prime;][vc_column_text] Colonne Special 300 A La Colonne Special 300 est inclinable pour les carotteuses d\u2019un diam\u00e8tre maximal de 300 mm et une base en aluminium. La cr\u00e9maill\u00e8re et la glissi\u00e8re sont en acier, la colonne en aluminium et la base en acier. [\/vc_column_text][\/vc_column][\/vc_row][vc_row bottom_padding=\u00a0\u00bb30&Prime;][vc_column][vc_separator][\/vc_column][\/vc_row][vc_row][vc_column text_align=\u00a0\u00bbcenter\u00a0\u00bb width=\u00a0\u00bb1\/4&Prime;][vc_column_text] [\/vc_column_text][\/vc_column][vc_column width=\u00a0\u00bb3\/4&Prime;][vc_column_text] Colonne Special 500 A La Colonne Special 500 A est inclinable pour les carottes de diam\u00e8tre max. 500 mm avec la base en acier. [\/vc_column_text][\/vc_column][\/vc_row]<\/p>\n","protected":false},"author":29,"featured_media":45730,"parent":12465,"menu_order":18,"comment_status":"closed","ping_status":"closed","template":"","meta":{"ngg_post_thumbnail":0,"_joinchat":[],"footnotes":""},"class_list":["post-45757","page","type-page","status-publish","has-post-thumbnail","hentry"],"yoast_head":"<!-- This site is optimized with the Yoast SEO plugin v25.5 - https:\/\/yoast.com\/wordpress\/plugins\/seo\/ -->\n<title>Colonne Special - Maxima SpA<\/title>\n<meta name=\"robots\" content=\"index, follow, max-snippet:-1, max-image-preview:large, max-video-preview:-1\" \/>\n<link rel=\"canonical\" href=\"https:\/\/www.maxima-dia.com\/fr\/machines-de-carottages-pour-le-batiment\/colonne-special\/\" \/>\n<meta property=\"og:locale\" content=\"fr_FR\" \/>\n<meta property=\"og:type\" content=\"article\" \/>\n<meta property=\"og:title\" content=\"Colonne Special - Maxima SpA\" \/>\n<meta property=\"og:description\" content=\"[vc_row][vc_column text_align=\u00a0\u00bbcenter\u00a0\u00bb width=\u00a0\u00bb1\/4&Prime;][vc_column_text] [\/vc_column_text][\/vc_column][vc_column width=\u00a0\u00bb3\/4&Prime;][vc_column_text] Colonne Special 180 La Colonne Special 180 est inclinable pour les carottes de diam\u00e8tre max. 180 mm avec collier fixe. La cr\u00e9maill\u00e8re est en acier et la base en aluminium, et est pr\u00e9par\u00e9e pour le syst\u00e8me de fixation \u00e0 vide. [\/vc_column_text][\/vc_column][\/vc_row][vc_row bottom_padding=\u00a0\u00bb30&Prime;][vc_column][vc_separator][\/vc_column][\/vc_row][vc_row][vc_column text_align=\u00a0\u00bbcenter\u00a0\u00bb width=\u00a0\u00bb1\/4&Prime;][vc_column_text] [\/vc_column_text][\/vc_column][vc_column width=\u00a0\u00bb3\/4&Prime;][vc_column_text] Colonne Special 300 La Colonne Special 300 est inclinable pour les carotteuses d\u2019un diam\u00e8tre maximal de 300 mm et une base en acier. La cr\u00e9maill\u00e8re et la glissi\u00e8re sont en acier, la colonne en aluminium et la base en aluminium est r\u00e9gl\u00e9 pour le syst\u00e8me de fixation \u00e0 d\u00e9pression. [\/vc_column_text][\/vc_column][\/vc_row][vc_row bottom_padding=\u00a0\u00bb30&Prime;][vc_column][vc_separator][\/vc_column][\/vc_row][vc_row][vc_column text_align=\u00a0\u00bbcenter\u00a0\u00bb width=\u00a0\u00bb1\/4&Prime;][vc_column_text] [\/vc_column_text][\/vc_column][vc_column width=\u00a0\u00bb3\/4&Prime;][vc_column_text] Colonne Special 300 A La Colonne Special 300 est inclinable pour les carotteuses d\u2019un diam\u00e8tre maximal de 300 mm et une base en aluminium. La cr\u00e9maill\u00e8re et la glissi\u00e8re sont en acier, la colonne en aluminium et la base en acier. [\/vc_column_text][\/vc_column][\/vc_row][vc_row bottom_padding=\u00a0\u00bb30&Prime;][vc_column][vc_separator][\/vc_column][\/vc_row][vc_row][vc_column text_align=\u00a0\u00bbcenter\u00a0\u00bb width=\u00a0\u00bb1\/4&Prime;][vc_column_text] [\/vc_column_text][\/vc_column][vc_column width=\u00a0\u00bb3\/4&Prime;][vc_column_text] Colonne Special 500 A La Colonne Special 500 A est inclinable pour les carottes de diam\u00e8tre max. 500 mm avec la base en acier. [\/vc_column_text][\/vc_column][\/vc_row]\" \/>\n<meta property=\"og:url\" content=\"https:\/\/www.maxima-dia.com\/fr\/machines-de-carottages-pour-le-batiment\/colonne-special\/\" \/>\n<meta property=\"og:site_name\" content=\"Maxima SpA\" \/>\n<meta property=\"article:publisher\" content=\"https:\/\/www.facebook.com\/Maxima-spa-106098566139597\" \/>\n<meta property=\"article:modified_time\" content=\"2024-11-06T09:59:00+00:00\" \/>\n<meta property=\"og:image\" content=\"https:\/\/www.maxima-dia.com\/wp-content\/uploads\/2024\/11\/Colonne-Special-cop.jpg\" \/>\n\t<meta property=\"og:image:width\" content=\"1500\" \/>\n\t<meta property=\"og:image:height\" content=\"1500\" \/>\n\t<meta property=\"og:image:type\" content=\"image\/jpeg\" \/>\n<meta name=\"twitter:card\" content=\"summary_large_image\" \/>\n<meta name=\"twitter:site\" content=\"@Maximadia\" \/>\n<meta name=\"twitter:label1\" content=\"Dur\u00e9e de lecture estim\u00e9e\" \/>\n\t<meta name=\"twitter:data1\" content=\"2 minutes\" \/>\n<script type=\"application\/ld+json\" class=\"yoast-schema-graph\">{\"@context\":\"https:\/\/schema.org\",\"@graph\":[{\"@type\":\"WebPage\",\"@id\":\"https:\/\/www.maxima-dia.com\/fr\/machines-de-carottages-pour-le-batiment\/colonne-special\/\",\"url\":\"https:\/\/www.maxima-dia.com\/fr\/machines-de-carottages-pour-le-batiment\/colonne-special\/\",\"name\":\"Colonne Special - Maxima SpA\",\"isPartOf\":{\"@id\":\"https:\/\/www.maxima-dia.com\/fr\/#website\"},\"primaryImageOfPage\":{\"@id\":\"https:\/\/www.maxima-dia.com\/fr\/machines-de-carottages-pour-le-batiment\/colonne-special\/#primaryimage\"},\"image\":{\"@id\":\"https:\/\/www.maxima-dia.com\/fr\/machines-de-carottages-pour-le-batiment\/colonne-special\/#primaryimage\"},\"thumbnailUrl\":\"https:\/\/www.maxima-dia.com\/wp-content\/uploads\/2024\/11\/Colonne-Special-cop.jpg\",\"datePublished\":\"2024-11-06T09:58:26+00:00\",\"dateModified\":\"2024-11-06T09:59:00+00:00\",\"breadcrumb\":{\"@id\":\"https:\/\/www.maxima-dia.com\/fr\/machines-de-carottages-pour-le-batiment\/colonne-special\/#breadcrumb\"},\"inLanguage\":\"fr-FR\",\"potentialAction\":[{\"@type\":\"ReadAction\",\"target\":[\"https:\/\/www.maxima-dia.com\/fr\/machines-de-carottages-pour-le-batiment\/colonne-special\/\"]}]},{\"@type\":\"ImageObject\",\"inLanguage\":\"fr-FR\",\"@id\":\"https:\/\/www.maxima-dia.com\/fr\/machines-de-carottages-pour-le-batiment\/colonne-special\/#primaryimage\",\"url\":\"https:\/\/www.maxima-dia.com\/wp-content\/uploads\/2024\/11\/Colonne-Special-cop.jpg\",\"contentUrl\":\"https:\/\/www.maxima-dia.com\/wp-content\/uploads\/2024\/11\/Colonne-Special-cop.jpg\",\"width\":1500,\"height\":1500},{\"@type\":\"BreadcrumbList\",\"@id\":\"https:\/\/www.maxima-dia.com\/fr\/machines-de-carottages-pour-le-batiment\/colonne-special\/#breadcrumb\",\"itemListElement\":[{\"@type\":\"ListItem\",\"position\":1,\"name\":\"Home\",\"item\":\"https:\/\/www.maxima-dia.com\/fr\/\"},{\"@type\":\"ListItem\",\"position\":2,\"name\":\"Machines de carottages pour le B\u00e2timent\",\"item\":\"https:\/\/www.maxima-dia.com\/fr\/machines-de-carottages-pour-le-batiment\/\"},{\"@type\":\"ListItem\",\"position\":3,\"name\":\"Colonne Special\"}]},{\"@type\":\"WebSite\",\"@id\":\"https:\/\/www.maxima-dia.com\/fr\/#website\",\"url\":\"https:\/\/www.maxima-dia.com\/fr\/\",\"name\":\"Maxima SpA\",\"description\":\"Only for the real professionals\",\"potentialAction\":[{\"@type\":\"SearchAction\",\"target\":{\"@type\":\"EntryPoint\",\"urlTemplate\":\"https:\/\/www.maxima-dia.com\/fr\/?s={search_term_string}\"},\"query-input\":{\"@type\":\"PropertyValueSpecification\",\"valueRequired\":true,\"valueName\":\"search_term_string\"}}],\"inLanguage\":\"fr-FR\"}]}<\/script>\n<!-- \/ Yoast SEO plugin. -->","yoast_head_json":{"title":"Colonne Special - Maxima SpA","robots":{"index":"index","follow":"follow","max-snippet":"max-snippet:-1","max-image-preview":"max-image-preview:large","max-video-preview":"max-video-preview:-1"},"canonical":"https:\/\/www.maxima-dia.com\/fr\/machines-de-carottages-pour-le-batiment\/colonne-special\/","og_locale":"fr_FR","og_type":"article","og_title":"Colonne Special - Maxima SpA","og_description":"[vc_row][vc_column text_align=\u00a0\u00bbcenter\u00a0\u00bb width=\u00a0\u00bb1\/4&Prime;][vc_column_text] [\/vc_column_text][\/vc_column][vc_column width=\u00a0\u00bb3\/4&Prime;][vc_column_text] Colonne Special 180 La Colonne Special 180 est inclinable pour les carottes de diam\u00e8tre max. 180 mm avec collier fixe. La cr\u00e9maill\u00e8re est en acier et la base en aluminium, et est pr\u00e9par\u00e9e pour le syst\u00e8me de fixation \u00e0 vide. [\/vc_column_text][\/vc_column][\/vc_row][vc_row bottom_padding=\u00a0\u00bb30&Prime;][vc_column][vc_separator][\/vc_column][\/vc_row][vc_row][vc_column text_align=\u00a0\u00bbcenter\u00a0\u00bb width=\u00a0\u00bb1\/4&Prime;][vc_column_text] [\/vc_column_text][\/vc_column][vc_column width=\u00a0\u00bb3\/4&Prime;][vc_column_text] Colonne Special 300 La Colonne Special 300 est inclinable pour les carotteuses d\u2019un diam\u00e8tre maximal de 300 mm et une base en acier. La cr\u00e9maill\u00e8re et la glissi\u00e8re sont en acier, la colonne en aluminium et la base en aluminium est r\u00e9gl\u00e9 pour le syst\u00e8me de fixation \u00e0 d\u00e9pression. [\/vc_column_text][\/vc_column][\/vc_row][vc_row bottom_padding=\u00a0\u00bb30&Prime;][vc_column][vc_separator][\/vc_column][\/vc_row][vc_row][vc_column text_align=\u00a0\u00bbcenter\u00a0\u00bb width=\u00a0\u00bb1\/4&Prime;][vc_column_text] [\/vc_column_text][\/vc_column][vc_column width=\u00a0\u00bb3\/4&Prime;][vc_column_text] Colonne Special 300 A La Colonne Special 300 est inclinable pour les carotteuses d\u2019un diam\u00e8tre maximal de 300 mm et une base en aluminium. La cr\u00e9maill\u00e8re et la glissi\u00e8re sont en acier, la colonne en aluminium et la base en acier. [\/vc_column_text][\/vc_column][\/vc_row][vc_row bottom_padding=\u00a0\u00bb30&Prime;][vc_column][vc_separator][\/vc_column][\/vc_row][vc_row][vc_column text_align=\u00a0\u00bbcenter\u00a0\u00bb width=\u00a0\u00bb1\/4&Prime;][vc_column_text] [\/vc_column_text][\/vc_column][vc_column width=\u00a0\u00bb3\/4&Prime;][vc_column_text] Colonne Special 500 A La Colonne Special 500 A est inclinable pour les carottes de diam\u00e8tre max. 500 mm avec la base en acier. [\/vc_column_text][\/vc_column][\/vc_row]","og_url":"https:\/\/www.maxima-dia.com\/fr\/machines-de-carottages-pour-le-batiment\/colonne-special\/","og_site_name":"Maxima SpA","article_publisher":"https:\/\/www.facebook.com\/Maxima-spa-106098566139597","article_modified_time":"2024-11-06T09:59:00+00:00","og_image":[{"width":1500,"height":1500,"url":"https:\/\/www.maxima-dia.com\/wp-content\/uploads\/2024\/11\/Colonne-Special-cop.jpg","type":"image\/jpeg"}],"twitter_card":"summary_large_image","twitter_site":"@Maximadia","twitter_misc":{"Dur\u00e9e de lecture estim\u00e9e":"2 minutes"},"schema":{"@context":"https:\/\/schema.org","@graph":[{"@type":"WebPage","@id":"https:\/\/www.maxima-dia.com\/fr\/machines-de-carottages-pour-le-batiment\/colonne-special\/","url":"https:\/\/www.maxima-dia.com\/fr\/machines-de-carottages-pour-le-batiment\/colonne-special\/","name":"Colonne Special - Maxima SpA","isPartOf":{"@id":"https:\/\/www.maxima-dia.com\/fr\/#website"},"primaryImageOfPage":{"@id":"https:\/\/www.maxima-dia.com\/fr\/machines-de-carottages-pour-le-batiment\/colonne-special\/#primaryimage"},"image":{"@id":"https:\/\/www.maxima-dia.com\/fr\/machines-de-carottages-pour-le-batiment\/colonne-special\/#primaryimage"},"thumbnailUrl":"https:\/\/www.maxima-dia.com\/wp-content\/uploads\/2024\/11\/Colonne-Special-cop.jpg","datePublished":"2024-11-06T09:58:26+00:00","dateModified":"2024-11-06T09:59:00+00:00","breadcrumb":{"@id":"https:\/\/www.maxima-dia.com\/fr\/machines-de-carottages-pour-le-batiment\/colonne-special\/#breadcrumb"},"inLanguage":"fr-FR","potentialAction":[{"@type":"ReadAction","target":["https:\/\/www.maxima-dia.com\/fr\/machines-de-carottages-pour-le-batiment\/colonne-special\/"]}]},{"@type":"ImageObject","inLanguage":"fr-FR","@id":"https:\/\/www.maxima-dia.com\/fr\/machines-de-carottages-pour-le-batiment\/colonne-special\/#primaryimage","url":"https:\/\/www.maxima-dia.com\/wp-content\/uploads\/2024\/11\/Colonne-Special-cop.jpg","contentUrl":"https:\/\/www.maxima-dia.com\/wp-content\/uploads\/2024\/11\/Colonne-Special-cop.jpg","width":1500,"height":1500},{"@type":"BreadcrumbList","@id":"https:\/\/www.maxima-dia.com\/fr\/machines-de-carottages-pour-le-batiment\/colonne-special\/#breadcrumb","itemListElement":[{"@type":"ListItem","position":1,"name":"Home","item":"https:\/\/www.maxima-dia.com\/fr\/"},{"@type":"ListItem","position":2,"name":"Machines de carottages pour le B\u00e2timent","item":"https:\/\/www.maxima-dia.com\/fr\/machines-de-carottages-pour-le-batiment\/"},{"@type":"ListItem","position":3,"name":"Colonne Special"}]},{"@type":"WebSite","@id":"https:\/\/www.maxima-dia.com\/fr\/#website","url":"https:\/\/www.maxima-dia.com\/fr\/","name":"Maxima SpA","description":"Only for the real professionals","potentialAction":[{"@type":"SearchAction","target":{"@type":"EntryPoint","urlTemplate":"https:\/\/www.maxima-dia.com\/fr\/?s={search_term_string}"},"query-input":{"@type":"PropertyValueSpecification","valueRequired":true,"valueName":"search_term_string"}}],"inLanguage":"fr-FR"}]}},"_links":{"self":[{"href":"https:\/\/www.maxima-dia.com\/fr\/wp-json\/wp\/v2\/pages\/45757"}],"collection":[{"href":"https:\/\/www.maxima-dia.com\/fr\/wp-json\/wp\/v2\/pages"}],"about":[{"href":"https:\/\/www.maxima-dia.com\/fr\/wp-json\/wp\/v2\/types\/page"}],"author":[{"embeddable":true,"href":"https:\/\/www.maxima-dia.com\/fr\/wp-json\/wp\/v2\/users\/29"}],"replies":[{"embeddable":true,"href":"https:\/\/www.maxima-dia.com\/fr\/wp-json\/wp\/v2\/comments?post=45757"}],"version-history":[{"count":1,"href":"https:\/\/www.maxima-dia.com\/fr\/wp-json\/wp\/v2\/pages\/45757\/revisions"}],"predecessor-version":[{"id":45786,"href":"https:\/\/www.maxima-dia.com\/fr\/wp-json\/wp\/v2\/pages\/45757\/revisions\/45786"}],"up":[{"embeddable":true,"href":"https:\/\/www.maxima-dia.com\/fr\/wp-json\/wp\/v2\/pages\/12465"}],"wp:featuredmedia":[{"embeddable":true,"href":"https:\/\/www.maxima-dia.com\/fr\/wp-json\/wp\/v2\/media\/45730"}],"wp:attachment":[{"href":"https:\/\/www.maxima-dia.com\/fr\/wp-json\/wp\/v2\/media?parent=45757"}],"curies":[{"name":"wp","href":"https:\/\/api.w.org\/{rel}","templated":true}]}}