{"id":6321,"date":"2013-10-07T11:20:55","date_gmt":"2013-10-07T09:20:55","guid":{"rendered":"http:\/\/www.maxima-dia.com\/?page_id=6321"},"modified":"2019-08-07T11:35:30","modified_gmt":"2019-08-07T09:35:30","slug":"la-societe","status":"publish","type":"page","link":"https:\/\/www.maxima-dia.com\/fr\/la-societe\/","title":{"rendered":"La soci\u00e9t\u00e9"},"content":{"rendered":"<h3 style=\"text-align: justify;\">Pr\u00e9sentation<\/h3>\n<p><img loading=\"lazy\" decoding=\"async\" src=\"\/wp-content\/uploads\/2011\/09\/chi-siamo-2015.jpg\" alt=\"chi-siamo-2015\" width=\"601\" height=\"407\"><\/p>\n<p class=\"p1\">La soci\u00e9t\u00e9 Maxima a \u00e9t\u00e9 fond\u00e9e en 2001 \u00e0 Poviglio (Re), dans la r\u00e9gion de l\u2019\u00c9milie, dans le nord de l\u2019Italie. Les Fondateurs, combinant leur exp\u00e9rience dans le secteur, donnent vie \u00e0 ce nouveau projet fond\u00e9 sur des valeurs telles que la transparence, la simplicit\u00e9 et une v\u00e9ritable passion pour son travail.Un objectif est clair, d\u00e8s le d\u00e9but: devenir le leader du secteur.<\/p>\n<p class=\"p1\">D\u00e8s son d\u00e9but l\u2019entreprise se sp\u00e9cialise en outils diamant\u00e9s et machines de coupe et carottage pour le secteur du b\u00e2timent. Au fil des ann\u00e9es, son chiffre d\u2019affaires a connu une augmentation constante, m\u00eame pendant les p\u00e9riodes de r\u00e9cession \u00e9conomique. Ce r\u00e9sultat encourageant constitue une confirmation positive de la clairvoyance des choix commerciaux, de marketing et professionnels que les associ\u00e9s accomplissent personnellement.<\/p>\n<p class=\"p1\">Ainsi, le si\u00e8ge de l\u2019entreprise, qui n\u2019\u00e9tait au d\u00e9part qu\u2019un petit entrep\u00f4t, a \u00e9t\u00e9 transf\u00e9r\u00e9 en 2008 dans le nouvel \u00e9tablissement de via Matteotti, implant\u00e9 sur une aire de 10 000 m2, ce qui lui permet de r\u00e9pondre avec la plus grande efficacit\u00e9 aux exigences commerciales et d\u2019approvisionnement rapide des clients.<\/p>\n<p class=\"p1\">Maxima a toujours cru en la simplicit\u00e9. Simplicit\u00e9 dans les rapports avec les personnes, qui sont g\u00e9r\u00e9s de fa\u00e7on extr\u00eamement transparente; simplicit\u00e9 dans la fa\u00e7on de pr\u00e9senter ses produits, qui prennent leur nom de leur couleur, avec l\u2019indication claire de leurs caract\u00e9ristiques techniques; simplicit\u00e9 dans le catalogue, facile \u00e0 consulter m\u00eame pour les moins exp\u00e9riment\u00e9s.<\/p>\n<p class=\"p1\">La confiance acquise au cours des ann\u00e9es est aussi le fruit de la qualit\u00e9 exceptionnelle des produits Maxima, certifi\u00e9e et contr\u00f4l\u00e9e, et du caract\u00e8re complet de la gamme, qui propose des produits adapt\u00e9s \u00e0 toutes les exigences, disponibles imm\u00e9diatement dans notre entrep\u00f4t.<\/p>\n<p class=\"p1\">Premi\u00e8re entreprise du secteur \u00e0 avoir mis\u00e9 sur le marketing comme levier de march\u00e9, Maxima a \u00e9t\u00e9 capable de faire de l\u2019image et de la politique de la marque l\u2019un de ses points forts. La rapidit\u00e9 de livraison et le service avant et apr\u00e8s vente tr\u00e8s soign\u00e9 compl\u00e8tent une activit\u00e9 efficace et personnalis\u00e9e.<\/p>\n<p class=\"p1\">Maxima a pr\u00e9vu de nombreuses nouveaut\u00e9s pour l\u2019avenir, dont l\u2019\u00e9largissement prochain de sa gamme, l\u2019augmentation de ses parts de march\u00e9, l\u2019expansion sur les march\u00e9s \u00e9trangers et une attention particuli\u00e8re au d\u00e9veloppement durable et aux aspects sociaux.<\/p>\n<p><img loading=\"lazy\" decoding=\"async\" class=\"alignnone wp-image-11151\" src=\"\/wp-content\/uploads\/2013\/10\/chi-siamo-2015-2.jpg\" alt=\"\" width=\"600\" height=\"407\" srcset=\"https:\/\/www.maxima-dia.com\/wp-content\/uploads\/2013\/10\/chi-siamo-2015-2.jpg 1024w, https:\/\/www.maxima-dia.com\/wp-content\/uploads\/2013\/10\/chi-siamo-2015-2-300x203.jpg 300w, https:\/\/www.maxima-dia.com\/wp-content\/uploads\/2013\/10\/chi-siamo-2015-2-1020x694.jpg 1020w, https:\/\/www.maxima-dia.com\/wp-content\/uploads\/2013\/10\/chi-siamo-2015-2-120x80.jpg 120w\" sizes=\"(max-width: 600px) 100vw, 600px\" \/><\/p>\n<p>&nbsp;<\/p>\n<h4>Galerie de photos<\/h4>\nngg_shortcode_0_placeholder\n","protected":false},"excerpt":{"rendered":"<p>Pr\u00e9sentation La soci\u00e9t\u00e9 Maxima a \u00e9t\u00e9 fond\u00e9e en 2001 \u00e0 Poviglio (Re), dans la r\u00e9gion de l\u2019\u00c9milie, dans le nord de l\u2019Italie. Les Fondateurs, combinant leur exp\u00e9rience dans le secteur, donnent vie \u00e0 ce nouveau projet fond\u00e9 sur des valeurs telles que la transparence, la simplicit\u00e9 et une v\u00e9ritable passion pour son travail.Un objectif est clair, d\u00e8s le d\u00e9but: devenir le leader du secteur. D\u00e8s son d\u00e9but l\u2019entreprise se sp\u00e9cialise en outils diamant\u00e9s et machines de coupe et carottage pour le secteur du b\u00e2timent. Au fil des ann\u00e9es, son chiffre d\u2019affaires a connu une augmentation constante, m\u00eame pendant les p\u00e9riodes de r\u00e9cession \u00e9conomique. Ce r\u00e9sultat encourageant constitue une confirmation positive de la clairvoyance des choix commerciaux, de marketing et professionnels que les associ\u00e9s accomplissent personnellement. Ainsi, le si\u00e8ge de l\u2019entreprise, qui n\u2019\u00e9tait au d\u00e9part qu\u2019un petit entrep\u00f4t, a \u00e9t\u00e9 transf\u00e9r\u00e9 en 2008 dans le nouvel \u00e9tablissement de via Matteotti, implant\u00e9 sur une aire de 10 000 m2, ce qui lui permet de r\u00e9pondre avec la plus grande efficacit\u00e9 aux exigences commerciales et d\u2019approvisionnement rapide des clients. Maxima a toujours cru en la simplicit\u00e9. Simplicit\u00e9 dans les rapports avec les personnes, qui sont g\u00e9r\u00e9s de fa\u00e7on extr\u00eamement transparente; simplicit\u00e9 dans la [&hellip;]<\/p>\n","protected":false},"author":29,"featured_media":0,"parent":0,"menu_order":244,"comment_status":"closed","ping_status":"closed","template":"","meta":{"ngg_post_thumbnail":0,"_joinchat":[],"footnotes":""},"class_list":["post-6321","page","type-page","status-publish","hentry"],"yoast_head":"<!-- This site is optimized with the Yoast SEO plugin v25.5 - https:\/\/yoast.com\/wordpress\/plugins\/seo\/ -->\n<title>La soci\u00e9t\u00e9 - Maxima SpA<\/title>\n<meta name=\"description\" content=\"D\u00e8s son d\u00e9but l\u2019entreprise se sp\u00e9cialise en outils diamant\u00e9s et machines de coupe et carottage pour le secteur du b\u00e2timent\" \/>\n<meta name=\"robots\" content=\"index, follow, max-snippet:-1, max-image-preview:large, max-video-preview:-1\" \/>\n<link rel=\"canonical\" href=\"https:\/\/www.maxima-dia.com\/fr\/la-societe\/\" \/>\n<meta property=\"og:locale\" content=\"fr_FR\" \/>\n<meta property=\"og:type\" content=\"article\" \/>\n<meta property=\"og:title\" content=\"La soci\u00e9t\u00e9 - Maxima SpA\" \/>\n<meta property=\"og:description\" content=\"D\u00e8s son d\u00e9but l\u2019entreprise se sp\u00e9cialise en outils diamant\u00e9s et machines de coupe et carottage pour le secteur du b\u00e2timent\" \/>\n<meta property=\"og:url\" content=\"https:\/\/www.maxima-dia.com\/fr\/la-societe\/\" \/>\n<meta property=\"og:site_name\" content=\"Maxima SpA\" \/>\n<meta property=\"article:publisher\" content=\"https:\/\/www.facebook.com\/Maxima-spa-106098566139597\" \/>\n<meta property=\"article:modified_time\" content=\"2019-08-07T09:35:30+00:00\" \/>\n<meta property=\"og:image\" content=\"https:\/\/www.maxima-dia.com\/wp-content\/uploads\/2011\/09\/chi-siamo-2015.jpg\" \/>\n<meta name=\"twitter:card\" content=\"summary_large_image\" \/>\n<meta name=\"twitter:site\" content=\"@Maximadia\" \/>\n<meta name=\"twitter:label1\" content=\"Dur\u00e9e de lecture estim\u00e9e\" \/>\n\t<meta name=\"twitter:data1\" content=\"2 minutes\" \/>\n<script type=\"application\/ld+json\" class=\"yoast-schema-graph\">{\"@context\":\"https:\/\/schema.org\",\"@graph\":[{\"@type\":\"WebPage\",\"@id\":\"https:\/\/www.maxima-dia.com\/fr\/la-societe\/\",\"url\":\"https:\/\/www.maxima-dia.com\/fr\/la-societe\/\",\"name\":\"La soci\u00e9t\u00e9 - Maxima SpA\",\"isPartOf\":{\"@id\":\"https:\/\/www.maxima-dia.com\/fr\/#website\"},\"datePublished\":\"2013-10-07T09:20:55+00:00\",\"dateModified\":\"2019-08-07T09:35:30+00:00\",\"description\":\"D\u00e8s son d\u00e9but l\u2019entreprise se sp\u00e9cialise en outils diamant\u00e9s et machines de coupe et carottage pour le secteur du b\u00e2timent\",\"breadcrumb\":{\"@id\":\"https:\/\/www.maxima-dia.com\/fr\/la-societe\/#breadcrumb\"},\"inLanguage\":\"fr-FR\",\"potentialAction\":[{\"@type\":\"ReadAction\",\"target\":[\"https:\/\/www.maxima-dia.com\/fr\/la-societe\/\"]}]},{\"@type\":\"BreadcrumbList\",\"@id\":\"https:\/\/www.maxima-dia.com\/fr\/la-societe\/#breadcrumb\",\"itemListElement\":[{\"@type\":\"ListItem\",\"position\":1,\"name\":\"Home\",\"item\":\"https:\/\/www.maxima-dia.com\/fr\/\"},{\"@type\":\"ListItem\",\"position\":2,\"name\":\"La soci\u00e9t\u00e9\"}]},{\"@type\":\"WebSite\",\"@id\":\"https:\/\/www.maxima-dia.com\/fr\/#website\",\"url\":\"https:\/\/www.maxima-dia.com\/fr\/\",\"name\":\"Maxima SpA\",\"description\":\"Only for the real professionals\",\"potentialAction\":[{\"@type\":\"SearchAction\",\"target\":{\"@type\":\"EntryPoint\",\"urlTemplate\":\"https:\/\/www.maxima-dia.com\/fr\/?s={search_term_string}\"},\"query-input\":{\"@type\":\"PropertyValueSpecification\",\"valueRequired\":true,\"valueName\":\"search_term_string\"}}],\"inLanguage\":\"fr-FR\"}]}<\/script>\n<!-- \/ Yoast SEO plugin. -->","yoast_head_json":{"title":"La soci\u00e9t\u00e9 - Maxima SpA","description":"D\u00e8s son d\u00e9but l\u2019entreprise se sp\u00e9cialise en outils diamant\u00e9s et machines de coupe et carottage pour le secteur du b\u00e2timent","robots":{"index":"index","follow":"follow","max-snippet":"max-snippet:-1","max-image-preview":"max-image-preview:large","max-video-preview":"max-video-preview:-1"},"canonical":"https:\/\/www.maxima-dia.com\/fr\/la-societe\/","og_locale":"fr_FR","og_type":"article","og_title":"La soci\u00e9t\u00e9 - Maxima SpA","og_description":"D\u00e8s son d\u00e9but l\u2019entreprise se sp\u00e9cialise en outils diamant\u00e9s et machines de coupe et carottage pour le secteur du b\u00e2timent","og_url":"https:\/\/www.maxima-dia.com\/fr\/la-societe\/","og_site_name":"Maxima SpA","article_publisher":"https:\/\/www.facebook.com\/Maxima-spa-106098566139597","article_modified_time":"2019-08-07T09:35:30+00:00","og_image":[{"url":"https:\/\/www.maxima-dia.com\/wp-content\/uploads\/2011\/09\/chi-siamo-2015.jpg","type":"","width":"","height":""}],"twitter_card":"summary_large_image","twitter_site":"@Maximadia","twitter_misc":{"Dur\u00e9e de lecture estim\u00e9e":"2 minutes"},"schema":{"@context":"https:\/\/schema.org","@graph":[{"@type":"WebPage","@id":"https:\/\/www.maxima-dia.com\/fr\/la-societe\/","url":"https:\/\/www.maxima-dia.com\/fr\/la-societe\/","name":"La soci\u00e9t\u00e9 - Maxima SpA","isPartOf":{"@id":"https:\/\/www.maxima-dia.com\/fr\/#website"},"datePublished":"2013-10-07T09:20:55+00:00","dateModified":"2019-08-07T09:35:30+00:00","description":"D\u00e8s son d\u00e9but l\u2019entreprise se sp\u00e9cialise en outils diamant\u00e9s et machines de coupe et carottage pour le secteur du b\u00e2timent","breadcrumb":{"@id":"https:\/\/www.maxima-dia.com\/fr\/la-societe\/#breadcrumb"},"inLanguage":"fr-FR","potentialAction":[{"@type":"ReadAction","target":["https:\/\/www.maxima-dia.com\/fr\/la-societe\/"]}]},{"@type":"BreadcrumbList","@id":"https:\/\/www.maxima-dia.com\/fr\/la-societe\/#breadcrumb","itemListElement":[{"@type":"ListItem","position":1,"name":"Home","item":"https:\/\/www.maxima-dia.com\/fr\/"},{"@type":"ListItem","position":2,"name":"La soci\u00e9t\u00e9"}]},{"@type":"WebSite","@id":"https:\/\/www.maxima-dia.com\/fr\/#website","url":"https:\/\/www.maxima-dia.com\/fr\/","name":"Maxima SpA","description":"Only for the real professionals","potentialAction":[{"@type":"SearchAction","target":{"@type":"EntryPoint","urlTemplate":"https:\/\/www.maxima-dia.com\/fr\/?s={search_term_string}"},"query-input":{"@type":"PropertyValueSpecification","valueRequired":true,"valueName":"search_term_string"}}],"inLanguage":"fr-FR"}]}},"_links":{"self":[{"href":"https:\/\/www.maxima-dia.com\/fr\/wp-json\/wp\/v2\/pages\/6321"}],"collection":[{"href":"https:\/\/www.maxima-dia.com\/fr\/wp-json\/wp\/v2\/pages"}],"about":[{"href":"https:\/\/www.maxima-dia.com\/fr\/wp-json\/wp\/v2\/types\/page"}],"author":[{"embeddable":true,"href":"https:\/\/www.maxima-dia.com\/fr\/wp-json\/wp\/v2\/users\/29"}],"replies":[{"embeddable":true,"href":"https:\/\/www.maxima-dia.com\/fr\/wp-json\/wp\/v2\/comments?post=6321"}],"version-history":[{"count":0,"href":"https:\/\/www.maxima-dia.com\/fr\/wp-json\/wp\/v2\/pages\/6321\/revisions"}],"wp:attachment":[{"href":"https:\/\/www.maxima-dia.com\/fr\/wp-json\/wp\/v2\/media?parent=6321"}],"curies":[{"name":"wp","href":"https:\/\/api.w.org\/{rel}","templated":true}]}}