{"id":6333,"date":"2013-10-07T11:42:39","date_gmt":"2013-10-07T09:42:39","guid":{"rendered":"http:\/\/www.maxima-dia.com\/?page_id=6333"},"modified":"2025-11-12T16:11:08","modified_gmt":"2025-11-12T15:11:08","slug":"securite-et-garanties","status":"publish","type":"page","link":"https:\/\/www.maxima-dia.com\/fr\/securite-et-garanties\/","title":{"rendered":"S\u00e9curit\u00e9 et Garanties"},"content":{"rendered":"<p><img loading=\"lazy\" decoding=\"async\" class=\"alignnone size-full wp-image-1813\" title=\"mission\" src=\"\/wp-content\/uploads\/2011\/09\/mission2.jpg\" alt=\"\" width=\"595\" height=\"341\" srcset=\"https:\/\/www.maxima-dia.com\/wp-content\/uploads\/2011\/09\/mission2.jpg 595w, https:\/\/www.maxima-dia.com\/wp-content\/uploads\/2011\/09\/mission2-300x171.jpg 300w\" sizes=\"(max-width: 595px) 100vw, 595px\" \/><\/p>\n<p class=\"p1\">Pour Maxima, une vente ne s\u2019ach\u00e8ve pas lorsque le revendeur ach\u00e8te un produit, mais seulement lorsque le client final l\u2019acquiert et confirme sa satisfaction.<\/p>\n<p class=\"p1\">Maxima offre \u00e0 ses revendeurs une s\u00e9rie de garanties exclusives concernant la s\u00e9curit\u00e9 des produits, qui constitue depuis toujours une priorit\u00e9 pour l\u2019entreprise, dans la perspective de pr\u00e9venir et r\u00e9duire les risques d\u2019accidents.<\/p>\n<p class=\"p1\">Les disques diamant\u00e9s Maxima sont tout \u00e0 fait conformes aux normes de s\u00e9curit\u00e9 Europ\u00e9enne EN13236 et certification oSa.<\/p>\n<p class=\"p1\">Les meules abrasives Maxima sont Made in Italy, totalement conformes aux normes de s\u00e9curit\u00e9 Europ\u00e9enne EN 12413, certifi\u00e9es oSa et contenu dans un packaging brevet\u00e9.<\/p>\n<p class=\"p1\">Toutes les machines de chantier Maxima sont Made en Eu et certifi\u00e9 CE, donc pleinement conformes aux normatives Europ\u00e9enne.<\/p>\n<p>&nbsp;<\/p>\n<h3>ASSURANCE<\/h3>\n<p>Police de Responsabilit\u00e9 Civile&nbsp;sur tous les Produits<\/p>\n<div>\n<p><img decoding=\"async\" src=\"\/wp-content\/uploads\/2017\/02\/garanzia.png\" alt=\"\"><\/p>\n<p>La totalit\u00e9 de nos produits&nbsp;sont couverts par une&nbsp;Police de Responsabilit\u00e9 Civile<\/p>\n<p>&nbsp;<\/p>\n<h3>CERTIFICATIONS<\/h3>\n<p>ISO 9001:2015 &#8211; OSA &#8211; EN 13236<\/p>\n<table style=\"margin: 10px !important; width: 100%;\">\n<tbody>\n<tr>\n<td style=\"text-align: center;\"><a href=\"\/wp-content\/uploads\/2025\/11\/MAXIMA_SPA_CERTIFICATO_TUV_2025.pdf\" target=\"_blank\" rel=\"noopener noreferrer\"><img loading=\"lazy\" decoding=\"async\" class=\"aligncenter\" src=\"\/wp-content\/uploads\/2017\/02\/ISO.png\" alt=\"\" width=\"60\" height=\"60\"><\/a><\/td>\n<td style=\"text-align: center;\"><img loading=\"lazy\" decoding=\"async\" style=\"margin-top: 10px; margin-bottom: 10px;\" src=\"\/wp-content\/uploads\/2017\/02\/OSA.png\" alt=\"\" width=\"60\" height=\"41\"><\/td>\n<td style=\"text-align: center;\"><img loading=\"lazy\" decoding=\"async\" class=\"aligncenter\" src=\"\/wp-content\/uploads\/2017\/02\/EUROPE.png\" alt=\"\" width=\"60\" height=\"41\"><\/td>\n<\/tr>\n<tr>\n<td align=\"center\" valign=\"top\">syst\u00e8me qualit\u00e9 certifi\u00e9<br \/>\nUNI EN ISO 9001:2015<br \/>\nCertificat n\u00b050 100 4566<\/td>\n<td align=\"center\" valign=\"top\">outils diamant\u00e9s Certifi\u00e9s<br \/>\n\u00ab OSA \u00bb Organization for<br \/>\nthe Safety of Abrasives<\/td>\n<td align=\"center\" valign=\"top\">la totalit\u00e9 de nos machines<br \/>\nde construction sont fabriqu\u00e9es<br \/>\ndans l\u2019UE et poss\u00e8dent une<br \/>\ncertification CE<\/td>\n<\/tr>\n<\/tbody>\n<\/table>\n<p>&nbsp;<\/p>\n<h3>MARQUAGE LASER<\/h3>\n<p>Ind\u00e9l\u00e9bile sur tous les produits<\/p>\n<p>&nbsp;<\/p>\n<h3>LIVRAISON PR\u00caT<\/h3>\n<p>Partout par transporteur<\/p>\n<p>&nbsp;<\/p>\n<h3>REVENDEURS UNIQUEMENT<\/h3>\n<p>Nous ne servons que les&nbsp;Revendeurs Qualifi\u00e9s<\/p>\n<p>&nbsp;<\/p>\n<h3>SERVICE CLIENTS<\/h3>\n<p>Assistance garantie par des Techniciens et des Agents sp\u00e9cialis\u00e9s<\/p>\n<p>&nbsp;<\/p>\n<p><img decoding=\"async\" src=\"\/wp-content\/uploads\/2017\/02\/confindustria.png\" alt=\"\"><\/p>\n<p>Membre de&nbsp;Industriali Reggio Emilia<\/p>\n<\/div>\n<p>&nbsp;<\/p>\n","protected":false},"excerpt":{"rendered":"<p>Pour Maxima, une vente ne s\u2019ach\u00e8ve pas lorsque le revendeur ach\u00e8te un produit, mais seulement lorsque le client final l\u2019acquiert et confirme sa satisfaction. Maxima offre \u00e0 ses revendeurs une s\u00e9rie de garanties exclusives concernant la s\u00e9curit\u00e9 des produits, qui constitue depuis toujours une priorit\u00e9 pour l\u2019entreprise, dans la perspective de pr\u00e9venir et r\u00e9duire les risques d\u2019accidents. Les disques diamant\u00e9s Maxima sont tout \u00e0 fait conformes aux normes de s\u00e9curit\u00e9 Europ\u00e9enne EN13236 et certification oSa. Les meules abrasives Maxima sont Made in Italy, totalement conformes aux normes de s\u00e9curit\u00e9 Europ\u00e9enne EN 12413, certifi\u00e9es oSa et contenu dans un packaging brevet\u00e9. Toutes les machines de chantier Maxima sont Made en Eu et certifi\u00e9 CE, donc pleinement conformes aux normatives Europ\u00e9enne. &nbsp; ASSURANCE Police de Responsabilit\u00e9 Civile&nbsp;sur tous les Produits La totalit\u00e9 de nos produits&nbsp;sont couverts par une&nbsp;Police de Responsabilit\u00e9 Civile &nbsp; CERTIFICATIONS ISO 9001:2015 &#8211; OSA &#8211; EN 13236 syst\u00e8me qualit\u00e9 certifi\u00e9 UNI EN ISO 9001:2015 Certificat n\u00b050 100 4566 outils diamant\u00e9s Certifi\u00e9s \u00ab OSA \u00bb Organization for the Safety of Abrasives la totalit\u00e9 de nos machines de construction sont fabriqu\u00e9es dans l\u2019UE et poss\u00e8dent une certification CE &nbsp; MARQUAGE LASER Ind\u00e9l\u00e9bile sur tous les produits &nbsp; LIVRAISON PR\u00caT Partout par [&hellip;]<\/p>\n","protected":false},"author":29,"featured_media":0,"parent":0,"menu_order":332,"comment_status":"closed","ping_status":"closed","template":"","meta":{"ngg_post_thumbnail":0,"_joinchat":[],"footnotes":""},"class_list":["post-6333","page","type-page","status-publish","hentry"],"yoast_head":"<!-- This site is optimized with the Yoast SEO plugin v25.5 - https:\/\/yoast.com\/wordpress\/plugins\/seo\/ -->\n<title>S\u00e9curit\u00e9 et Garanties - Maxima SpA<\/title>\n<meta name=\"robots\" content=\"index, follow, max-snippet:-1, max-image-preview:large, max-video-preview:-1\" \/>\n<link rel=\"canonical\" href=\"https:\/\/www.maxima-dia.com\/fr\/securite-et-garanties\/\" \/>\n<meta property=\"og:locale\" content=\"fr_FR\" \/>\n<meta property=\"og:type\" content=\"article\" \/>\n<meta property=\"og:title\" content=\"S\u00e9curit\u00e9 et Garanties - Maxima SpA\" \/>\n<meta property=\"og:description\" content=\"Pour Maxima, une vente ne s\u2019ach\u00e8ve pas lorsque le revendeur ach\u00e8te un produit, mais seulement lorsque le client final l\u2019acquiert et confirme sa satisfaction. Maxima offre \u00e0 ses revendeurs une s\u00e9rie de garanties exclusives concernant la s\u00e9curit\u00e9 des produits, qui constitue depuis toujours une priorit\u00e9 pour l\u2019entreprise, dans la perspective de pr\u00e9venir et r\u00e9duire les risques d\u2019accidents. Les disques diamant\u00e9s Maxima sont tout \u00e0 fait conformes aux normes de s\u00e9curit\u00e9 Europ\u00e9enne EN13236 et certification oSa. Les meules abrasives Maxima sont Made in Italy, totalement conformes aux normes de s\u00e9curit\u00e9 Europ\u00e9enne EN 12413, certifi\u00e9es oSa et contenu dans un packaging brevet\u00e9. Toutes les machines de chantier Maxima sont Made en Eu et certifi\u00e9 CE, donc pleinement conformes aux normatives Europ\u00e9enne. &nbsp; ASSURANCE Police de Responsabilit\u00e9 Civile&nbsp;sur tous les Produits La totalit\u00e9 de nos produits&nbsp;sont couverts par une&nbsp;Police de Responsabilit\u00e9 Civile &nbsp; CERTIFICATIONS ISO 9001:2015 &#8211; OSA &#8211; EN 13236 syst\u00e8me qualit\u00e9 certifi\u00e9 UNI EN ISO 9001:2015 Certificat n\u00b050 100 4566 outils diamant\u00e9s Certifi\u00e9s \u00ab OSA \u00bb Organization for the Safety of Abrasives la totalit\u00e9 de nos machines de construction sont fabriqu\u00e9es dans l\u2019UE et poss\u00e8dent une certification CE &nbsp; MARQUAGE LASER Ind\u00e9l\u00e9bile sur tous les produits &nbsp; LIVRAISON PR\u00caT Partout par [&hellip;]\" \/>\n<meta property=\"og:url\" content=\"https:\/\/www.maxima-dia.com\/fr\/securite-et-garanties\/\" \/>\n<meta property=\"og:site_name\" content=\"Maxima SpA\" \/>\n<meta property=\"article:publisher\" content=\"https:\/\/www.facebook.com\/Maxima-spa-106098566139597\" \/>\n<meta property=\"article:modified_time\" content=\"2025-11-12T15:11:08+00:00\" \/>\n<meta property=\"og:image\" content=\"https:\/\/www.maxima-dia.com\/wp-content\/uploads\/2022\/03\/MaximaSpA-logo-quadrato.jpg\" \/>\n\t<meta property=\"og:image:width\" content=\"500\" \/>\n\t<meta property=\"og:image:height\" content=\"500\" \/>\n\t<meta property=\"og:image:type\" content=\"image\/jpeg\" \/>\n<meta name=\"twitter:card\" content=\"summary_large_image\" \/>\n<meta name=\"twitter:site\" content=\"@Maximadia\" \/>\n<meta name=\"twitter:label1\" content=\"Dur\u00e9e de lecture estim\u00e9e\" \/>\n\t<meta name=\"twitter:data1\" content=\"1 minute\" \/>\n<script type=\"application\/ld+json\" class=\"yoast-schema-graph\">{\"@context\":\"https:\/\/schema.org\",\"@graph\":[{\"@type\":\"WebPage\",\"@id\":\"https:\/\/www.maxima-dia.com\/fr\/securite-et-garanties\/\",\"url\":\"https:\/\/www.maxima-dia.com\/fr\/securite-et-garanties\/\",\"name\":\"S\u00e9curit\u00e9 et Garanties - Maxima SpA\",\"isPartOf\":{\"@id\":\"https:\/\/www.maxima-dia.com\/fr\/#website\"},\"datePublished\":\"2013-10-07T09:42:39+00:00\",\"dateModified\":\"2025-11-12T15:11:08+00:00\",\"breadcrumb\":{\"@id\":\"https:\/\/www.maxima-dia.com\/fr\/securite-et-garanties\/#breadcrumb\"},\"inLanguage\":\"fr-FR\",\"potentialAction\":[{\"@type\":\"ReadAction\",\"target\":[\"https:\/\/www.maxima-dia.com\/fr\/securite-et-garanties\/\"]}]},{\"@type\":\"BreadcrumbList\",\"@id\":\"https:\/\/www.maxima-dia.com\/fr\/securite-et-garanties\/#breadcrumb\",\"itemListElement\":[{\"@type\":\"ListItem\",\"position\":1,\"name\":\"Home\",\"item\":\"https:\/\/www.maxima-dia.com\/fr\/\"},{\"@type\":\"ListItem\",\"position\":2,\"name\":\"S\u00e9curit\u00e9 et Garanties\"}]},{\"@type\":\"WebSite\",\"@id\":\"https:\/\/www.maxima-dia.com\/fr\/#website\",\"url\":\"https:\/\/www.maxima-dia.com\/fr\/\",\"name\":\"Maxima SpA\",\"description\":\"Only for the real professionals\",\"potentialAction\":[{\"@type\":\"SearchAction\",\"target\":{\"@type\":\"EntryPoint\",\"urlTemplate\":\"https:\/\/www.maxima-dia.com\/fr\/?s={search_term_string}\"},\"query-input\":{\"@type\":\"PropertyValueSpecification\",\"valueRequired\":true,\"valueName\":\"search_term_string\"}}],\"inLanguage\":\"fr-FR\"}]}<\/script>\n<!-- \/ Yoast SEO plugin. -->","yoast_head_json":{"title":"S\u00e9curit\u00e9 et Garanties - Maxima SpA","robots":{"index":"index","follow":"follow","max-snippet":"max-snippet:-1","max-image-preview":"max-image-preview:large","max-video-preview":"max-video-preview:-1"},"canonical":"https:\/\/www.maxima-dia.com\/fr\/securite-et-garanties\/","og_locale":"fr_FR","og_type":"article","og_title":"S\u00e9curit\u00e9 et Garanties - Maxima SpA","og_description":"Pour Maxima, une vente ne s\u2019ach\u00e8ve pas lorsque le revendeur ach\u00e8te un produit, mais seulement lorsque le client final l\u2019acquiert et confirme sa satisfaction. Maxima offre \u00e0 ses revendeurs une s\u00e9rie de garanties exclusives concernant la s\u00e9curit\u00e9 des produits, qui constitue depuis toujours une priorit\u00e9 pour l\u2019entreprise, dans la perspective de pr\u00e9venir et r\u00e9duire les risques d\u2019accidents. Les disques diamant\u00e9s Maxima sont tout \u00e0 fait conformes aux normes de s\u00e9curit\u00e9 Europ\u00e9enne EN13236 et certification oSa. Les meules abrasives Maxima sont Made in Italy, totalement conformes aux normes de s\u00e9curit\u00e9 Europ\u00e9enne EN 12413, certifi\u00e9es oSa et contenu dans un packaging brevet\u00e9. Toutes les machines de chantier Maxima sont Made en Eu et certifi\u00e9 CE, donc pleinement conformes aux normatives Europ\u00e9enne. &nbsp; ASSURANCE Police de Responsabilit\u00e9 Civile&nbsp;sur tous les Produits La totalit\u00e9 de nos produits&nbsp;sont couverts par une&nbsp;Police de Responsabilit\u00e9 Civile &nbsp; CERTIFICATIONS ISO 9001:2015 &#8211; OSA &#8211; EN 13236 syst\u00e8me qualit\u00e9 certifi\u00e9 UNI EN ISO 9001:2015 Certificat n\u00b050 100 4566 outils diamant\u00e9s Certifi\u00e9s \u00ab OSA \u00bb Organization for the Safety of Abrasives la totalit\u00e9 de nos machines de construction sont fabriqu\u00e9es dans l\u2019UE et poss\u00e8dent une certification CE &nbsp; MARQUAGE LASER Ind\u00e9l\u00e9bile sur tous les produits &nbsp; LIVRAISON PR\u00caT Partout par [&hellip;]","og_url":"https:\/\/www.maxima-dia.com\/fr\/securite-et-garanties\/","og_site_name":"Maxima SpA","article_publisher":"https:\/\/www.facebook.com\/Maxima-spa-106098566139597","article_modified_time":"2025-11-12T15:11:08+00:00","og_image":[{"width":500,"height":500,"url":"https:\/\/www.maxima-dia.com\/wp-content\/uploads\/2022\/03\/MaximaSpA-logo-quadrato.jpg","type":"image\/jpeg"}],"twitter_card":"summary_large_image","twitter_site":"@Maximadia","twitter_misc":{"Dur\u00e9e de lecture estim\u00e9e":"1 minute"},"schema":{"@context":"https:\/\/schema.org","@graph":[{"@type":"WebPage","@id":"https:\/\/www.maxima-dia.com\/fr\/securite-et-garanties\/","url":"https:\/\/www.maxima-dia.com\/fr\/securite-et-garanties\/","name":"S\u00e9curit\u00e9 et Garanties - Maxima SpA","isPartOf":{"@id":"https:\/\/www.maxima-dia.com\/fr\/#website"},"datePublished":"2013-10-07T09:42:39+00:00","dateModified":"2025-11-12T15:11:08+00:00","breadcrumb":{"@id":"https:\/\/www.maxima-dia.com\/fr\/securite-et-garanties\/#breadcrumb"},"inLanguage":"fr-FR","potentialAction":[{"@type":"ReadAction","target":["https:\/\/www.maxima-dia.com\/fr\/securite-et-garanties\/"]}]},{"@type":"BreadcrumbList","@id":"https:\/\/www.maxima-dia.com\/fr\/securite-et-garanties\/#breadcrumb","itemListElement":[{"@type":"ListItem","position":1,"name":"Home","item":"https:\/\/www.maxima-dia.com\/fr\/"},{"@type":"ListItem","position":2,"name":"S\u00e9curit\u00e9 et Garanties"}]},{"@type":"WebSite","@id":"https:\/\/www.maxima-dia.com\/fr\/#website","url":"https:\/\/www.maxima-dia.com\/fr\/","name":"Maxima SpA","description":"Only for the real professionals","potentialAction":[{"@type":"SearchAction","target":{"@type":"EntryPoint","urlTemplate":"https:\/\/www.maxima-dia.com\/fr\/?s={search_term_string}"},"query-input":{"@type":"PropertyValueSpecification","valueRequired":true,"valueName":"search_term_string"}}],"inLanguage":"fr-FR"}]}},"_links":{"self":[{"href":"https:\/\/www.maxima-dia.com\/fr\/wp-json\/wp\/v2\/pages\/6333"}],"collection":[{"href":"https:\/\/www.maxima-dia.com\/fr\/wp-json\/wp\/v2\/pages"}],"about":[{"href":"https:\/\/www.maxima-dia.com\/fr\/wp-json\/wp\/v2\/types\/page"}],"author":[{"embeddable":true,"href":"https:\/\/www.maxima-dia.com\/fr\/wp-json\/wp\/v2\/users\/29"}],"replies":[{"embeddable":true,"href":"https:\/\/www.maxima-dia.com\/fr\/wp-json\/wp\/v2\/comments?post=6333"}],"version-history":[{"count":2,"href":"https:\/\/www.maxima-dia.com\/fr\/wp-json\/wp\/v2\/pages\/6333\/revisions"}],"predecessor-version":[{"id":47005,"href":"https:\/\/www.maxima-dia.com\/fr\/wp-json\/wp\/v2\/pages\/6333\/revisions\/47005"}],"wp:attachment":[{"href":"https:\/\/www.maxima-dia.com\/fr\/wp-json\/wp\/v2\/media?parent=6333"}],"curies":[{"name":"wp","href":"https:\/\/api.w.org\/{rel}","templated":true}]}}