{"id":6366,"date":"2013-10-07T14:33:42","date_gmt":"2013-10-07T12:33:42","guid":{"rendered":"http:\/\/www.maxima-dia.com\/?page_id=6366"},"modified":"2019-08-07T11:34:37","modified_gmt":"2019-08-07T09:34:37","slug":"marketing-et-service-de-support-des-ventes","status":"publish","type":"page","link":"https:\/\/www.maxima-dia.com\/fr\/marketing-et-service-de-support-des-ventes\/","title":{"rendered":"Marketing et Service de Support des Ventes"},"content":{"rendered":"<p class=\"p2\">Maxima croit en la valeur du marketing et de la communication. Il s\u2019agit de la premi\u00e8re entreprise du secteur qui a fait de gros investissements en ce sens, avec des initiatives qui ont joui d\u2019une grande faveur aupr\u00e8s les clients, lui permettant d\u2019accomplir un grand bond de qualit\u00e9 et de devenir, en seulement quelques ann\u00e9es, un point de r\u00e9f\u00e9rence dans son secteur.<\/p>\n<p class=\"p2\">Maxima supporte les revendeurs, en leur offrant une vaste gamme d\u2019outils pour pr\u00e9senter les produits, les proposer aux clients de fa\u00e7on correcte et efficace, pour informer et former la client\u00e8le, les revendeurs ou l\u2019utilisateur final.<\/p>\n<table style=\"width: 100%;\" border=\"0\" cellspacing=\"2\" cellpadding=\"5\">\n<tbody>\n<tr>\n<td style=\"width: 350px; vertical-align: middle;\"><a href=\"\/wp-content\/uploads\/2013\/10\/mk2015-packaging.jpg\"><img loading=\"lazy\" decoding=\"async\" class=\"alignnone wp-image-11165 size-medium\" src=\"\/wp-content\/uploads\/2013\/10\/mk2015-packaging-300x208.jpg\" alt=\"\" width=\"300\" height=\"208\" srcset=\"https:\/\/www.maxima-dia.com\/wp-content\/uploads\/2013\/10\/mk2015-packaging-300x208.jpg 300w, https:\/\/www.maxima-dia.com\/wp-content\/uploads\/2013\/10\/mk2015-packaging-1020x712.jpg 1020w, https:\/\/www.maxima-dia.com\/wp-content\/uploads\/2013\/10\/mk2015-packaging-191x132.jpg 191w, https:\/\/www.maxima-dia.com\/wp-content\/uploads\/2013\/10\/mk2015-packaging.jpg 1024w\" sizes=\"(max-width: 300px) 100vw, 300px\" \/><\/a><\/td>\n<td style=\"vertical-align: middle;\">\n<h3>Packaging<\/h3>\n<\/td>\n<\/tr>\n<tr>\n<td style=\"width: 350px; vertical-align: middle;\"><a href=\"\/wp-content\/uploads\/2013\/10\/mk2015-tabledisplays.jpg\"><img loading=\"lazy\" decoding=\"async\" class=\"alignnone wp-image-11166 size-medium\" src=\"\/wp-content\/uploads\/2013\/10\/mk2015-tabledisplays-300x213.jpg\" alt=\"mk2015-tabledisplays\" width=\"300\" height=\"213\" srcset=\"https:\/\/www.maxima-dia.com\/wp-content\/uploads\/2013\/10\/mk2015-tabledisplays-300x213.jpg 300w, https:\/\/www.maxima-dia.com\/wp-content\/uploads\/2013\/10\/mk2015-tabledisplays.jpg 1024w\" sizes=\"(max-width: 300px) 100vw, 300px\" \/><\/a><\/td>\n<td style=\"vertical-align: middle;\" valign=\"top\">\n<h3>Table displays<\/h3>\n<\/td>\n<\/tr>\n<tr>\n<td style=\"width: 350px; vertical-align: middle;\"><a href=\"\/wp-content\/uploads\/2013\/10\/mk2015-display.jpg\"><img loading=\"lazy\" decoding=\"async\" class=\"alignnone wp-image-11162 size-medium\" src=\"\/wp-content\/uploads\/2013\/10\/mk2015-display-300x218.jpg\" alt=\"mk2015-display\" width=\"300\" height=\"218\" srcset=\"https:\/\/www.maxima-dia.com\/wp-content\/uploads\/2013\/10\/mk2015-display-300x218.jpg 300w, https:\/\/www.maxima-dia.com\/wp-content\/uploads\/2013\/10\/mk2015-display.jpg 857w\" sizes=\"(max-width: 300px) 100vw, 300px\" \/><\/a><\/td>\n<td style=\"vertical-align: middle;\" valign=\"top\">\n<h3>Floor displays<\/h3>\n<\/td>\n<\/tr>\n<tr>\n<td style=\"width: 350px; vertical-align: middle;\"><a href=\"\/wp-content\/uploads\/2013\/10\/mk2015-corners.jpg\"><img loading=\"lazy\" decoding=\"async\" class=\"alignnone wp-image-11161 size-medium\" src=\"\/wp-content\/uploads\/2013\/10\/mk2015-corners-300x213.jpg\" alt=\"mk2015-corners\" width=\"300\" height=\"213\" srcset=\"https:\/\/www.maxima-dia.com\/wp-content\/uploads\/2013\/10\/mk2015-corners-300x213.jpg 300w, https:\/\/www.maxima-dia.com\/wp-content\/uploads\/2013\/10\/mk2015-corners-1020x729.jpg 1020w, https:\/\/www.maxima-dia.com\/wp-content\/uploads\/2013\/10\/mk2015-corners.jpg 1024w\" sizes=\"(max-width: 300px) 100vw, 300px\" \/><\/a><\/td>\n<td style=\"vertical-align: middle;\" valign=\"top\">\n<h3>Corners<\/h3>\n<\/td>\n<\/tr>\n<tr>\n<td style=\"width: 350px; vertical-align: middle;\"><a href=\"\/wp-content\/uploads\/2013\/10\/mk2015-adv.jpg\"><img loading=\"lazy\" decoding=\"async\" class=\"alignnone wp-image-11159 size-medium\" src=\"\/wp-content\/uploads\/2013\/10\/mk2015-adv-300x212.jpg\" alt=\"mk2015-adv\" width=\"300\" height=\"212\" srcset=\"https:\/\/www.maxima-dia.com\/wp-content\/uploads\/2013\/10\/mk2015-adv-300x212.jpg 300w, https:\/\/www.maxima-dia.com\/wp-content\/uploads\/2013\/10\/mk2015-adv-1020x725.jpg 1020w, https:\/\/www.maxima-dia.com\/wp-content\/uploads\/2013\/10\/mk2015-adv.jpg 1024w\" sizes=\"(max-width: 300px) 100vw, 300px\" \/><\/a><\/td>\n<td style=\"vertical-align: middle;\" valign=\"top\">\n<h3>&nbsp;Advertising<\/h3>\n<\/td>\n<\/tr>\n<tr>\n<td style=\"width: 350px; vertical-align: middle;\"><a href=\"\/wp-content\/uploads\/2013\/10\/mk2015-cataloghi.jpg\"><img loading=\"lazy\" decoding=\"async\" class=\"alignnone wp-image-11160 size-medium\" src=\"\/wp-content\/uploads\/2013\/10\/mk2015-cataloghi-300x212.jpg\" alt=\"mk2015-cataloghi\" width=\"300\" height=\"212\" srcset=\"https:\/\/www.maxima-dia.com\/wp-content\/uploads\/2013\/10\/mk2015-cataloghi-300x212.jpg 300w, https:\/\/www.maxima-dia.com\/wp-content\/uploads\/2013\/10\/mk2015-cataloghi-1020x725.jpg 1020w, https:\/\/www.maxima-dia.com\/wp-content\/uploads\/2013\/10\/mk2015-cataloghi.jpg 1024w\" sizes=\"(max-width: 300px) 100vw, 300px\" \/><\/a><\/td>\n<td style=\"vertical-align: middle;\" valign=\"top\">\n<h3>&nbsp;Catalogues<\/h3>\n<\/td>\n<\/tr>\n<tr>\n<td style=\"width: 350px; vertical-align: middle;\"><a href=\"\/wp-content\/uploads\/2013\/10\/mk2015-gadgets.jpg\"><img loading=\"lazy\" decoding=\"async\" class=\"alignnone wp-image-11163 size-medium\" src=\"\/wp-content\/uploads\/2013\/10\/mk2015-gadgets-300x212.jpg\" alt=\"mk2015-gadgets\" width=\"300\" height=\"212\" srcset=\"https:\/\/www.maxima-dia.com\/wp-content\/uploads\/2013\/10\/mk2015-gadgets-300x212.jpg 300w, https:\/\/www.maxima-dia.com\/wp-content\/uploads\/2013\/10\/mk2015-gadgets-1020x724.jpg 1020w, https:\/\/www.maxima-dia.com\/wp-content\/uploads\/2013\/10\/mk2015-gadgets.jpg 1024w\" sizes=\"(max-width: 300px) 100vw, 300px\" \/><\/a><\/td>\n<td style=\"vertical-align: middle;\" valign=\"top\">\n<h3>Gadgets<\/h3>\n<\/td>\n<\/tr>\n<tr>\n<td style=\"width: 350px; vertical-align: middle;\"><a href=\"\/wp-content\/uploads\/2013\/10\/mk2015-merchandising.jpg\"><img loading=\"lazy\" decoding=\"async\" class=\"alignnone wp-image-11164 size-medium\" src=\"\/wp-content\/uploads\/2013\/10\/mk2015-merchandising-300x212.jpg\" alt=\"mk2015-merchandising\" width=\"300\" height=\"212\" srcset=\"https:\/\/www.maxima-dia.com\/wp-content\/uploads\/2013\/10\/mk2015-merchandising-300x212.jpg 300w, https:\/\/www.maxima-dia.com\/wp-content\/uploads\/2013\/10\/mk2015-merchandising-1020x725.jpg 1020w, https:\/\/www.maxima-dia.com\/wp-content\/uploads\/2013\/10\/mk2015-merchandising.jpg 1024w\" sizes=\"(max-width: 300px) 100vw, 300px\" \/><\/a><\/td>\n<td style=\"vertical-align: middle;\" valign=\"top\">\n<h3>Maxirent Merchandising<\/h3>\n<\/td>\n<\/tr>\n<\/tbody>\n<\/table>\n","protected":false},"excerpt":{"rendered":"<p>Maxima croit en la valeur du marketing et de la communication. Il s\u2019agit de la premi\u00e8re entreprise du secteur qui a fait de gros investissements en ce sens, avec des initiatives qui ont joui d\u2019une grande faveur aupr\u00e8s les clients, lui permettant d\u2019accomplir un grand bond de qualit\u00e9 et de devenir, en seulement quelques ann\u00e9es, un point de r\u00e9f\u00e9rence dans son secteur. Maxima supporte les revendeurs, en leur offrant une vaste gamme d\u2019outils pour pr\u00e9senter les produits, les proposer aux clients de fa\u00e7on correcte et efficace, pour informer et former la client\u00e8le, les revendeurs ou l\u2019utilisateur final. Packaging Table displays Floor displays Corners &nbsp;Advertising &nbsp;Catalogues Gadgets Maxirent Merchandising<\/p>\n","protected":false},"author":29,"featured_media":0,"parent":0,"menu_order":301,"comment_status":"closed","ping_status":"closed","template":"","meta":{"ngg_post_thumbnail":0,"_joinchat":[],"footnotes":""},"class_list":["post-6366","page","type-page","status-publish","hentry"],"yoast_head":"<!-- This site is optimized with the Yoast SEO plugin v25.5 - https:\/\/yoast.com\/wordpress\/plugins\/seo\/ -->\n<title>Marketing et Service de Support des Ventes - Maxima SpA<\/title>\n<meta name=\"description\" content=\"Marketing et Service de Support des Ventes. Maxima croit en la valeur du marketing et de la communication.\" \/>\n<meta name=\"robots\" content=\"index, follow, max-snippet:-1, max-image-preview:large, max-video-preview:-1\" \/>\n<link rel=\"canonical\" href=\"https:\/\/www.maxima-dia.com\/fr\/marketing-et-service-de-support-des-ventes\/\" \/>\n<meta property=\"og:locale\" content=\"fr_FR\" \/>\n<meta property=\"og:type\" content=\"article\" \/>\n<meta property=\"og:title\" content=\"Marketing et Service de Support des Ventes - Maxima SpA\" \/>\n<meta property=\"og:description\" content=\"Marketing et Service de Support des Ventes. Maxima croit en la valeur du marketing et de la communication.\" \/>\n<meta property=\"og:url\" content=\"https:\/\/www.maxima-dia.com\/fr\/marketing-et-service-de-support-des-ventes\/\" \/>\n<meta property=\"og:site_name\" content=\"Maxima SpA\" \/>\n<meta property=\"article:publisher\" content=\"https:\/\/www.facebook.com\/Maxima-spa-106098566139597\" \/>\n<meta property=\"article:modified_time\" content=\"2019-08-07T09:34:37+00:00\" \/>\n<meta property=\"og:image\" content=\"https:\/\/www.maxima-dia.com\/wp-content\/uploads\/2013\/10\/mk2015-packaging-300x208.jpg\" \/>\n<meta name=\"twitter:card\" content=\"summary_large_image\" \/>\n<meta name=\"twitter:site\" content=\"@Maximadia\" \/>\n<meta name=\"twitter:label1\" content=\"Dur\u00e9e de lecture estim\u00e9e\" \/>\n\t<meta name=\"twitter:data1\" content=\"1 minute\" \/>\n<script type=\"application\/ld+json\" class=\"yoast-schema-graph\">{\"@context\":\"https:\/\/schema.org\",\"@graph\":[{\"@type\":\"WebPage\",\"@id\":\"https:\/\/www.maxima-dia.com\/fr\/marketing-et-service-de-support-des-ventes\/\",\"url\":\"https:\/\/www.maxima-dia.com\/fr\/marketing-et-service-de-support-des-ventes\/\",\"name\":\"Marketing et Service de Support des Ventes - Maxima SpA\",\"isPartOf\":{\"@id\":\"https:\/\/www.maxima-dia.com\/fr\/#website\"},\"datePublished\":\"2013-10-07T12:33:42+00:00\",\"dateModified\":\"2019-08-07T09:34:37+00:00\",\"description\":\"Marketing et Service de Support des Ventes. Maxima croit en la valeur du marketing et de la communication.\",\"breadcrumb\":{\"@id\":\"https:\/\/www.maxima-dia.com\/fr\/marketing-et-service-de-support-des-ventes\/#breadcrumb\"},\"inLanguage\":\"fr-FR\",\"potentialAction\":[{\"@type\":\"ReadAction\",\"target\":[\"https:\/\/www.maxima-dia.com\/fr\/marketing-et-service-de-support-des-ventes\/\"]}]},{\"@type\":\"BreadcrumbList\",\"@id\":\"https:\/\/www.maxima-dia.com\/fr\/marketing-et-service-de-support-des-ventes\/#breadcrumb\",\"itemListElement\":[{\"@type\":\"ListItem\",\"position\":1,\"name\":\"Home\",\"item\":\"https:\/\/www.maxima-dia.com\/fr\/\"},{\"@type\":\"ListItem\",\"position\":2,\"name\":\"Marketing et Service de Support des Ventes\"}]},{\"@type\":\"WebSite\",\"@id\":\"https:\/\/www.maxima-dia.com\/fr\/#website\",\"url\":\"https:\/\/www.maxima-dia.com\/fr\/\",\"name\":\"Maxima SpA\",\"description\":\"Only for the real professionals\",\"potentialAction\":[{\"@type\":\"SearchAction\",\"target\":{\"@type\":\"EntryPoint\",\"urlTemplate\":\"https:\/\/www.maxima-dia.com\/fr\/?s={search_term_string}\"},\"query-input\":{\"@type\":\"PropertyValueSpecification\",\"valueRequired\":true,\"valueName\":\"search_term_string\"}}],\"inLanguage\":\"fr-FR\"}]}<\/script>\n<!-- \/ Yoast SEO plugin. -->","yoast_head_json":{"title":"Marketing et Service de Support des Ventes - Maxima SpA","description":"Marketing et Service de Support des Ventes. Maxima croit en la valeur du marketing et de la communication.","robots":{"index":"index","follow":"follow","max-snippet":"max-snippet:-1","max-image-preview":"max-image-preview:large","max-video-preview":"max-video-preview:-1"},"canonical":"https:\/\/www.maxima-dia.com\/fr\/marketing-et-service-de-support-des-ventes\/","og_locale":"fr_FR","og_type":"article","og_title":"Marketing et Service de Support des Ventes - Maxima SpA","og_description":"Marketing et Service de Support des Ventes. Maxima croit en la valeur du marketing et de la communication.","og_url":"https:\/\/www.maxima-dia.com\/fr\/marketing-et-service-de-support-des-ventes\/","og_site_name":"Maxima SpA","article_publisher":"https:\/\/www.facebook.com\/Maxima-spa-106098566139597","article_modified_time":"2019-08-07T09:34:37+00:00","og_image":[{"url":"https:\/\/www.maxima-dia.com\/wp-content\/uploads\/2013\/10\/mk2015-packaging-300x208.jpg","type":"","width":"","height":""}],"twitter_card":"summary_large_image","twitter_site":"@Maximadia","twitter_misc":{"Dur\u00e9e de lecture estim\u00e9e":"1 minute"},"schema":{"@context":"https:\/\/schema.org","@graph":[{"@type":"WebPage","@id":"https:\/\/www.maxima-dia.com\/fr\/marketing-et-service-de-support-des-ventes\/","url":"https:\/\/www.maxima-dia.com\/fr\/marketing-et-service-de-support-des-ventes\/","name":"Marketing et Service de Support des Ventes - Maxima SpA","isPartOf":{"@id":"https:\/\/www.maxima-dia.com\/fr\/#website"},"datePublished":"2013-10-07T12:33:42+00:00","dateModified":"2019-08-07T09:34:37+00:00","description":"Marketing et Service de Support des Ventes. Maxima croit en la valeur du marketing et de la communication.","breadcrumb":{"@id":"https:\/\/www.maxima-dia.com\/fr\/marketing-et-service-de-support-des-ventes\/#breadcrumb"},"inLanguage":"fr-FR","potentialAction":[{"@type":"ReadAction","target":["https:\/\/www.maxima-dia.com\/fr\/marketing-et-service-de-support-des-ventes\/"]}]},{"@type":"BreadcrumbList","@id":"https:\/\/www.maxima-dia.com\/fr\/marketing-et-service-de-support-des-ventes\/#breadcrumb","itemListElement":[{"@type":"ListItem","position":1,"name":"Home","item":"https:\/\/www.maxima-dia.com\/fr\/"},{"@type":"ListItem","position":2,"name":"Marketing et Service de Support des Ventes"}]},{"@type":"WebSite","@id":"https:\/\/www.maxima-dia.com\/fr\/#website","url":"https:\/\/www.maxima-dia.com\/fr\/","name":"Maxima SpA","description":"Only for the real professionals","potentialAction":[{"@type":"SearchAction","target":{"@type":"EntryPoint","urlTemplate":"https:\/\/www.maxima-dia.com\/fr\/?s={search_term_string}"},"query-input":{"@type":"PropertyValueSpecification","valueRequired":true,"valueName":"search_term_string"}}],"inLanguage":"fr-FR"}]}},"_links":{"self":[{"href":"https:\/\/www.maxima-dia.com\/fr\/wp-json\/wp\/v2\/pages\/6366"}],"collection":[{"href":"https:\/\/www.maxima-dia.com\/fr\/wp-json\/wp\/v2\/pages"}],"about":[{"href":"https:\/\/www.maxima-dia.com\/fr\/wp-json\/wp\/v2\/types\/page"}],"author":[{"embeddable":true,"href":"https:\/\/www.maxima-dia.com\/fr\/wp-json\/wp\/v2\/users\/29"}],"replies":[{"embeddable":true,"href":"https:\/\/www.maxima-dia.com\/fr\/wp-json\/wp\/v2\/comments?post=6366"}],"version-history":[{"count":0,"href":"https:\/\/www.maxima-dia.com\/fr\/wp-json\/wp\/v2\/pages\/6366\/revisions"}],"wp:attachment":[{"href":"https:\/\/www.maxima-dia.com\/fr\/wp-json\/wp\/v2\/media?parent=6366"}],"curies":[{"name":"wp","href":"https:\/\/api.w.org\/{rel}","templated":true}]}}