{"id":6385,"date":"2013-10-07T15:25:16","date_gmt":"2013-10-07T13:25:16","guid":{"rendered":"http:\/\/www.maxima-dia.com\/?page_id=6385"},"modified":"2022-01-27T09:55:43","modified_gmt":"2022-01-27T08:55:43","slug":"activites-et-services","status":"publish","type":"page","link":"https:\/\/www.maxima-dia.com\/fr\/activites-et-services\/","title":{"rendered":"Activit\u00e9s et Services"},"content":{"rendered":"<h2>Activit\u00e9s et Services<\/h2>\n<p style=\"text-align: justify;\">Les initiatives organis\u00e9es par Maxima pour promouvoir ses produits, sa marque et son image sont nombreuses et vari\u00e9es. Pendant l\u2019ann\u00e9e, les activit\u00e9s open house, les d\u00e9monstrations professionnelles aupr\u00e8s des entreprises, les cours de formation se succ\u00e8dent, pour maintenir un rapport toujours actif avec le client. C\u2019est sur le client que sont ax\u00e9s les choix professionnels de Maxima. En effet, les revendeurs peuvent compter sur une s\u00e9rie de services sp\u00e9cialis\u00e9s qui leurs sont r\u00e9serv\u00e9s en exclusivit\u00e9.<\/p>\n<table style=\"width: 100%;\" border=\"0\" cellspacing=\"2\" cellpadding=\"5\">\n<tbody>\n<tr>\n<td style=\"width: 350px; vertical-align: middle;\"><a href=\"\/wp-content\/uploads\/2013\/10\/attserv2022-openhouse.jpg\"><img loading=\"lazy\" decoding=\"async\" class=\"alignnone wp-image-21568 size-medium\" src=\"https:\/\/www.maxima-dia.com\/wp-content\/uploads\/2013\/10\/attserv2015-openhouse-300x212.jpg\" alt=\"attserv2015-openhouse\" width=\"300\" height=\"212\" srcset=\"https:\/\/www.maxima-dia.com\/wp-content\/uploads\/2013\/10\/attserv2015-openhouse-300x212.jpg 300w, https:\/\/www.maxima-dia.com\/wp-content\/uploads\/2013\/10\/attserv2015-openhouse-1020x725.jpg 1020w, https:\/\/www.maxima-dia.com\/wp-content\/uploads\/2013\/10\/attserv2015-openhouse.jpg 1024w\" sizes=\"(max-width: 300px) 100vw, 300px\" \/><\/a><\/td>\n<td style=\"vertical-align: middle;\" valign=\"top\">\n<h3>Open house<\/h3>\n<\/td>\n<\/tr>\n<tr>\n<td style=\"width: 350px; vertical-align: middle;\"><a href=\"https:\/\/www.maxima-dia.com\/wp-content\/uploads\/2013\/10\/attserv2015-24hours-300x212.jpg\"><img loading=\"lazy\" decoding=\"async\" class=\"alignnone size-medium wp-image-21563\" src=\"https:\/\/www.maxima-dia.com\/wp-content\/uploads\/2013\/10\/attserv2015-24hours-300x212.jpg\" alt=\"attserv2015-24hours\" width=\"300\" height=\"212\" srcset=\"https:\/\/www.maxima-dia.com\/wp-content\/uploads\/2013\/10\/attserv2015-24hours-300x212.jpg 300w, https:\/\/www.maxima-dia.com\/wp-content\/uploads\/2013\/10\/attserv2015-24hours-1020x725.jpg 1020w, https:\/\/www.maxima-dia.com\/wp-content\/uploads\/2013\/10\/attserv2015-24hours.jpg 1024w\" sizes=\"(max-width: 300px) 100vw, 300px\" \/><\/a><\/td>\n<td style=\"vertical-align: middle;\">\n<h3>24 hours delivery<\/h3>\n<\/td>\n<\/tr>\n<tr>\n<td style=\"width: 350px; vertical-align: middle;\"><a href=\"https:\/\/www.maxima-dia.com\/wp-content\/uploads\/2013\/10\/attserv2015-customersupport-300x212.jpg\"><img loading=\"lazy\" decoding=\"async\" class=\"alignnone size-medium wp-image-21565\" src=\"https:\/\/www.maxima-dia.com\/wp-content\/uploads\/2013\/10\/attserv2015-customersupport-300x212.jpg\" alt=\"attserv2015-customersupport\" width=\"300\" height=\"212\" srcset=\"https:\/\/www.maxima-dia.com\/wp-content\/uploads\/2013\/10\/attserv2015-customersupport-300x212.jpg 300w, https:\/\/www.maxima-dia.com\/wp-content\/uploads\/2013\/10\/attserv2015-customersupport-1020x725.jpg 1020w, https:\/\/www.maxima-dia.com\/wp-content\/uploads\/2013\/10\/attserv2015-customersupport.jpg 1024w\" sizes=\"(max-width: 300px) 100vw, 300px\" \/><\/a><\/td>\n<td style=\"vertical-align: middle;\">\n<h3>Customer support<\/h3>\n<\/td>\n<\/tr>\n<tr>\n<td style=\"width: 350px; vertical-align: middle;\"><a href=\"\/wp-content\/uploads\/2013\/10\/attserv2022-fiere.jpg\"><img loading=\"lazy\" decoding=\"async\" class=\"alignnone wp-image-21567 size-medium\" src=\"https:\/\/www.maxima-dia.com\/wp-content\/uploads\/2013\/10\/attserv2015-fiere-300x212.jpg\" alt=\"attserv2015-fiere\" width=\"300\" height=\"212\" srcset=\"https:\/\/www.maxima-dia.com\/wp-content\/uploads\/2013\/10\/attserv2015-fiere-300x212.jpg 300w, https:\/\/www.maxima-dia.com\/wp-content\/uploads\/2013\/10\/attserv2015-fiere-1020x725.jpg 1020w, https:\/\/www.maxima-dia.com\/wp-content\/uploads\/2013\/10\/attserv2015-fiere.jpg 1024w\" sizes=\"(max-width: 300px) 100vw, 300px\" \/><\/a><\/td>\n<td style=\"vertical-align: middle;\">\n<h3>Local and international exhibitions<\/h3>\n<\/td>\n<\/tr>\n<tr>\n<td style=\"width: 350px; vertical-align: middle;\"><a href=\"\/wp-content\/uploads\/2013\/10\/attserv2022-training.jpg\"><img loading=\"lazy\" decoding=\"async\" class=\"alignnone wp-image-21570 size-medium\" src=\"https:\/\/www.maxima-dia.com\/wp-content\/uploads\/2013\/10\/attserv2015-training-300x212.jpg\" alt=\"attserv2015-training\" width=\"300\" height=\"212\" srcset=\"https:\/\/www.maxima-dia.com\/wp-content\/uploads\/2013\/10\/attserv2015-training-300x212.jpg 300w, https:\/\/www.maxima-dia.com\/wp-content\/uploads\/2013\/10\/attserv2015-training-1020x725.jpg 1020w, https:\/\/www.maxima-dia.com\/wp-content\/uploads\/2013\/10\/attserv2015-training.jpg 1024w\" sizes=\"(max-width: 300px) 100vw, 300px\" \/><\/a><\/td>\n<td style=\"vertical-align: middle;\">\n<h3>Internal training<\/h3>\n<\/td>\n<\/tr>\n<tr>\n<td style=\"width: 350px; vertical-align: middle;\"><a href=\"\/wp-content\/uploads\/2013\/10\/attserv2022-advice.jpg\"><img loading=\"lazy\" decoding=\"async\" class=\"alignnone wp-image-21564 size-medium\" src=\"https:\/\/www.maxima-dia.com\/wp-content\/uploads\/2013\/10\/attserv2015-advice-300x212.jpg\" alt=\"attserv2015-advice\" width=\"300\" height=\"212\" srcset=\"https:\/\/www.maxima-dia.com\/wp-content\/uploads\/2013\/10\/attserv2015-advice-300x212.jpg 300w, https:\/\/www.maxima-dia.com\/wp-content\/uploads\/2013\/10\/attserv2015-advice.jpg 1024w\" sizes=\"(max-width: 300px) 100vw, 300px\" \/><\/a><\/td>\n<td style=\"vertical-align: middle;\">\n<h3>Professional advices<\/h3>\n<\/td>\n<\/tr>\n<tr>\n<td style=\"width: 350px; vertical-align: middle;\"><a href=\"https:\/\/www.maxima-dia.com\/wp-content\/uploads\/2013\/10\/attserv2015-techsupport-300x212.jpg\"><img loading=\"lazy\" decoding=\"async\" class=\"alignnone size-medium wp-image-21569\" src=\"https:\/\/www.maxima-dia.com\/wp-content\/uploads\/2013\/10\/attserv2015-techsupport-300x212.jpg\" alt=\"attserv2015-techsupport\" width=\"300\" height=\"212\" srcset=\"https:\/\/www.maxima-dia.com\/wp-content\/uploads\/2013\/10\/attserv2015-techsupport-300x212.jpg 300w, https:\/\/www.maxima-dia.com\/wp-content\/uploads\/2013\/10\/attserv2015-techsupport-1020x725.jpg 1020w, https:\/\/www.maxima-dia.com\/wp-content\/uploads\/2013\/10\/attserv2015-techsupport.jpg 1024w\" sizes=\"(max-width: 300px) 100vw, 300px\" \/><\/a><\/td>\n<td style=\"vertical-align: middle;\">\n<h3>Technical Support<\/h3>\n<\/td>\n<\/tr>\n<tr>\n<td style=\"width: 350px; vertical-align: middle;\"><a href=\"https:\/\/www.maxima-dia.com\/wp-content\/uploads\/2013\/10\/attserv2015-customized-300x212.jpg\"><img loading=\"lazy\" decoding=\"async\" class=\"alignnone size-medium wp-image-21566\" src=\"https:\/\/www.maxima-dia.com\/wp-content\/uploads\/2013\/10\/attserv2015-customized-300x212.jpg\" alt=\"attserv2015-customized\" width=\"300\" height=\"212\" srcset=\"https:\/\/www.maxima-dia.com\/wp-content\/uploads\/2013\/10\/attserv2015-customized-300x212.jpg 300w, https:\/\/www.maxima-dia.com\/wp-content\/uploads\/2013\/10\/attserv2015-customized-1020x725.jpg 1020w, https:\/\/www.maxima-dia.com\/wp-content\/uploads\/2013\/10\/attserv2015-customized.jpg 1024w\" sizes=\"(max-width: 300px) 100vw, 300px\" \/><\/a><\/td>\n<td style=\"vertical-align: middle;\">\n<h3>Customized products<\/h3>\n<\/td>\n<\/tr>\n<\/tbody>\n<\/table>\n<p>&nbsp;<\/p>\n","protected":false},"excerpt":{"rendered":"<p>Activit\u00e9s et Services Les initiatives organis\u00e9es par Maxima pour promouvoir ses produits, sa marque et son image sont nombreuses et vari\u00e9es. Pendant l\u2019ann\u00e9e, les activit\u00e9s open house, les d\u00e9monstrations professionnelles aupr\u00e8s des entreprises, les cours de formation se succ\u00e8dent, pour maintenir un rapport toujours actif avec le client. C\u2019est sur le client que sont ax\u00e9s les choix professionnels de Maxima. En effet, les revendeurs peuvent compter sur une s\u00e9rie de services sp\u00e9cialis\u00e9s qui leurs sont r\u00e9serv\u00e9s en exclusivit\u00e9. Open house 24 hours delivery Customer support Local and international exhibitions Internal training Professional advices Technical Support Customized products &nbsp;<\/p>\n","protected":false},"author":29,"featured_media":0,"parent":0,"menu_order":266,"comment_status":"closed","ping_status":"closed","template":"","meta":{"ngg_post_thumbnail":0,"_joinchat":[],"footnotes":""},"class_list":["post-6385","page","type-page","status-publish","hentry"],"yoast_head":"<!-- This site is optimized with the Yoast SEO plugin v25.5 - https:\/\/yoast.com\/wordpress\/plugins\/seo\/ -->\n<title>Activit\u00e9s et Services - Maxima SpA<\/title>\n<meta name=\"description\" content=\"Activit\u00e9s et Services. Les initiatives organis\u00e9es par Maxima pour promouvoir ses produits, sa marque et son image sont nombreuses et vari\u00e9es.\" \/>\n<meta name=\"robots\" content=\"index, follow, max-snippet:-1, max-image-preview:large, max-video-preview:-1\" \/>\n<link rel=\"canonical\" href=\"https:\/\/www.maxima-dia.com\/fr\/activites-et-services\/\" \/>\n<meta property=\"og:locale\" content=\"fr_FR\" \/>\n<meta property=\"og:type\" content=\"article\" \/>\n<meta property=\"og:title\" content=\"Activit\u00e9s et Services - Maxima SpA\" \/>\n<meta property=\"og:description\" content=\"Activit\u00e9s et Services. Les initiatives organis\u00e9es par Maxima pour promouvoir ses produits, sa marque et son image sont nombreuses et vari\u00e9es.\" \/>\n<meta property=\"og:url\" content=\"https:\/\/www.maxima-dia.com\/fr\/activites-et-services\/\" \/>\n<meta property=\"og:site_name\" content=\"Maxima SpA\" \/>\n<meta property=\"article:publisher\" content=\"https:\/\/www.facebook.com\/Maxima-spa-106098566139597\" \/>\n<meta property=\"article:modified_time\" content=\"2022-01-27T08:55:43+00:00\" \/>\n<meta property=\"og:image\" content=\"https:\/\/www.maxima-dia.com\/wp-content\/uploads\/2013\/10\/attserv2015-openhouse-300x212.jpg\" \/>\n<meta name=\"twitter:card\" content=\"summary_large_image\" \/>\n<meta name=\"twitter:site\" content=\"@Maximadia\" \/>\n<meta name=\"twitter:label1\" content=\"Dur\u00e9e de lecture estim\u00e9e\" \/>\n\t<meta name=\"twitter:data1\" content=\"3 minutes\" \/>\n<script type=\"application\/ld+json\" class=\"yoast-schema-graph\">{\"@context\":\"https:\/\/schema.org\",\"@graph\":[{\"@type\":\"WebPage\",\"@id\":\"https:\/\/www.maxima-dia.com\/fr\/activites-et-services\/\",\"url\":\"https:\/\/www.maxima-dia.com\/fr\/activites-et-services\/\",\"name\":\"Activit\u00e9s et Services - Maxima SpA\",\"isPartOf\":{\"@id\":\"https:\/\/www.maxima-dia.com\/fr\/#website\"},\"primaryImageOfPage\":{\"@id\":\"https:\/\/www.maxima-dia.com\/fr\/activites-et-services\/#primaryimage\"},\"image\":{\"@id\":\"https:\/\/www.maxima-dia.com\/fr\/activites-et-services\/#primaryimage\"},\"thumbnailUrl\":\"https:\/\/www.maxima-dia.com\/wp-content\/uploads\/2013\/10\/attserv2015-openhouse-300x212.jpg\",\"datePublished\":\"2013-10-07T13:25:16+00:00\",\"dateModified\":\"2022-01-27T08:55:43+00:00\",\"description\":\"Activit\u00e9s et Services. Les initiatives organis\u00e9es par Maxima pour promouvoir ses produits, sa marque et son image sont nombreuses et vari\u00e9es.\",\"breadcrumb\":{\"@id\":\"https:\/\/www.maxima-dia.com\/fr\/activites-et-services\/#breadcrumb\"},\"inLanguage\":\"fr-FR\",\"potentialAction\":[{\"@type\":\"ReadAction\",\"target\":[\"https:\/\/www.maxima-dia.com\/fr\/activites-et-services\/\"]}]},{\"@type\":\"ImageObject\",\"inLanguage\":\"fr-FR\",\"@id\":\"https:\/\/www.maxima-dia.com\/fr\/activites-et-services\/#primaryimage\",\"url\":\"https:\/\/www.maxima-dia.com\/wp-content\/uploads\/2013\/10\/attserv2015-openhouse-300x212.jpg\",\"contentUrl\":\"https:\/\/www.maxima-dia.com\/wp-content\/uploads\/2013\/10\/attserv2015-openhouse-300x212.jpg\"},{\"@type\":\"BreadcrumbList\",\"@id\":\"https:\/\/www.maxima-dia.com\/fr\/activites-et-services\/#breadcrumb\",\"itemListElement\":[{\"@type\":\"ListItem\",\"position\":1,\"name\":\"Home\",\"item\":\"https:\/\/www.maxima-dia.com\/fr\/\"},{\"@type\":\"ListItem\",\"position\":2,\"name\":\"Activit\u00e9s et Services\"}]},{\"@type\":\"WebSite\",\"@id\":\"https:\/\/www.maxima-dia.com\/fr\/#website\",\"url\":\"https:\/\/www.maxima-dia.com\/fr\/\",\"name\":\"Maxima SpA\",\"description\":\"Only for the real professionals\",\"potentialAction\":[{\"@type\":\"SearchAction\",\"target\":{\"@type\":\"EntryPoint\",\"urlTemplate\":\"https:\/\/www.maxima-dia.com\/fr\/?s={search_term_string}\"},\"query-input\":{\"@type\":\"PropertyValueSpecification\",\"valueRequired\":true,\"valueName\":\"search_term_string\"}}],\"inLanguage\":\"fr-FR\"}]}<\/script>\n<!-- \/ Yoast SEO plugin. -->","yoast_head_json":{"title":"Activit\u00e9s et Services - Maxima SpA","description":"Activit\u00e9s et Services. Les initiatives organis\u00e9es par Maxima pour promouvoir ses produits, sa marque et son image sont nombreuses et vari\u00e9es.","robots":{"index":"index","follow":"follow","max-snippet":"max-snippet:-1","max-image-preview":"max-image-preview:large","max-video-preview":"max-video-preview:-1"},"canonical":"https:\/\/www.maxima-dia.com\/fr\/activites-et-services\/","og_locale":"fr_FR","og_type":"article","og_title":"Activit\u00e9s et Services - Maxima SpA","og_description":"Activit\u00e9s et Services. Les initiatives organis\u00e9es par Maxima pour promouvoir ses produits, sa marque et son image sont nombreuses et vari\u00e9es.","og_url":"https:\/\/www.maxima-dia.com\/fr\/activites-et-services\/","og_site_name":"Maxima SpA","article_publisher":"https:\/\/www.facebook.com\/Maxima-spa-106098566139597","article_modified_time":"2022-01-27T08:55:43+00:00","og_image":[{"url":"https:\/\/www.maxima-dia.com\/wp-content\/uploads\/2013\/10\/attserv2015-openhouse-300x212.jpg","type":"","width":"","height":""}],"twitter_card":"summary_large_image","twitter_site":"@Maximadia","twitter_misc":{"Dur\u00e9e de lecture estim\u00e9e":"3 minutes"},"schema":{"@context":"https:\/\/schema.org","@graph":[{"@type":"WebPage","@id":"https:\/\/www.maxima-dia.com\/fr\/activites-et-services\/","url":"https:\/\/www.maxima-dia.com\/fr\/activites-et-services\/","name":"Activit\u00e9s et Services - Maxima SpA","isPartOf":{"@id":"https:\/\/www.maxima-dia.com\/fr\/#website"},"primaryImageOfPage":{"@id":"https:\/\/www.maxima-dia.com\/fr\/activites-et-services\/#primaryimage"},"image":{"@id":"https:\/\/www.maxima-dia.com\/fr\/activites-et-services\/#primaryimage"},"thumbnailUrl":"https:\/\/www.maxima-dia.com\/wp-content\/uploads\/2013\/10\/attserv2015-openhouse-300x212.jpg","datePublished":"2013-10-07T13:25:16+00:00","dateModified":"2022-01-27T08:55:43+00:00","description":"Activit\u00e9s et Services. Les initiatives organis\u00e9es par Maxima pour promouvoir ses produits, sa marque et son image sont nombreuses et vari\u00e9es.","breadcrumb":{"@id":"https:\/\/www.maxima-dia.com\/fr\/activites-et-services\/#breadcrumb"},"inLanguage":"fr-FR","potentialAction":[{"@type":"ReadAction","target":["https:\/\/www.maxima-dia.com\/fr\/activites-et-services\/"]}]},{"@type":"ImageObject","inLanguage":"fr-FR","@id":"https:\/\/www.maxima-dia.com\/fr\/activites-et-services\/#primaryimage","url":"https:\/\/www.maxima-dia.com\/wp-content\/uploads\/2013\/10\/attserv2015-openhouse-300x212.jpg","contentUrl":"https:\/\/www.maxima-dia.com\/wp-content\/uploads\/2013\/10\/attserv2015-openhouse-300x212.jpg"},{"@type":"BreadcrumbList","@id":"https:\/\/www.maxima-dia.com\/fr\/activites-et-services\/#breadcrumb","itemListElement":[{"@type":"ListItem","position":1,"name":"Home","item":"https:\/\/www.maxima-dia.com\/fr\/"},{"@type":"ListItem","position":2,"name":"Activit\u00e9s et Services"}]},{"@type":"WebSite","@id":"https:\/\/www.maxima-dia.com\/fr\/#website","url":"https:\/\/www.maxima-dia.com\/fr\/","name":"Maxima SpA","description":"Only for the real professionals","potentialAction":[{"@type":"SearchAction","target":{"@type":"EntryPoint","urlTemplate":"https:\/\/www.maxima-dia.com\/fr\/?s={search_term_string}"},"query-input":{"@type":"PropertyValueSpecification","valueRequired":true,"valueName":"search_term_string"}}],"inLanguage":"fr-FR"}]}},"_links":{"self":[{"href":"https:\/\/www.maxima-dia.com\/fr\/wp-json\/wp\/v2\/pages\/6385"}],"collection":[{"href":"https:\/\/www.maxima-dia.com\/fr\/wp-json\/wp\/v2\/pages"}],"about":[{"href":"https:\/\/www.maxima-dia.com\/fr\/wp-json\/wp\/v2\/types\/page"}],"author":[{"embeddable":true,"href":"https:\/\/www.maxima-dia.com\/fr\/wp-json\/wp\/v2\/users\/29"}],"replies":[{"embeddable":true,"href":"https:\/\/www.maxima-dia.com\/fr\/wp-json\/wp\/v2\/comments?post=6385"}],"version-history":[{"count":2,"href":"https:\/\/www.maxima-dia.com\/fr\/wp-json\/wp\/v2\/pages\/6385\/revisions"}],"predecessor-version":[{"id":33823,"href":"https:\/\/www.maxima-dia.com\/fr\/wp-json\/wp\/v2\/pages\/6385\/revisions\/33823"}],"wp:attachment":[{"href":"https:\/\/www.maxima-dia.com\/fr\/wp-json\/wp\/v2\/media?parent=6385"}],"curies":[{"name":"wp","href":"https:\/\/api.w.org\/{rel}","templated":true}]}}