{"id":6587,"date":"2013-10-11T14:37:01","date_gmt":"2013-10-11T12:37:01","guid":{"rendered":"http:\/\/www.maxima-dia.com\/?page_id=6587"},"modified":"2019-08-07T11:35:29","modified_gmt":"2019-08-07T09:35:29","slug":"l-avenir","status":"publish","type":"page","link":"https:\/\/www.maxima-dia.com\/fr\/l-avenir\/","title":{"rendered":"Le Futur"},"content":{"rendered":"<h3 align=\"justify\">Le Futur<\/h3>\n<p align=\"justify\"><a href=\"\/wp-content\/uploads\/2011\/09\/maxima_green.jpg\"><img loading=\"lazy\" decoding=\"async\" class=\"alignnone wp-image-8276\" src=\"\/wp-content\/uploads\/2011\/09\/maxima_green.jpg\" alt=\"maxima_green\" width=\"631\" height=\"317\" srcset=\"https:\/\/www.maxima-dia.com\/wp-content\/uploads\/2011\/09\/maxima_green.jpg 854w, https:\/\/www.maxima-dia.com\/wp-content\/uploads\/2011\/09\/maxima_green-300x150.jpg 300w\" sizes=\"(max-width: 631px) 100vw, 631px\" \/><\/a><\/p>\n<p style=\"text-align: justify;\" align=\"justify\">L\u2019engagement de la soci\u00e9t\u00e9 depuis toujours, et aussi pour le futur, est de maintenir solidement les valeurs autour desquelles elle a \u00e9t\u00e9 fond\u00e9e et s\u2019est d\u00e9velopp\u00e9e, en prosp\u00e9rant au cours de cette d\u00e9cennie.<\/p>\n<p style=\"text-align: justify;\" align=\"justify\">Le projet de Maxima pr\u00e9voit un renforcement de sa position sur le march\u00e9 italien et un d\u00e9veloppement sur les march\u00e9s \u00e9trangers, gr\u00e2ce \u00e0 l\u2019agrandissement permanent de sa gamme, en renfor\u00e7ant sa sp\u00e9cialisation.<\/p>\n<p style=\"text-align: justify;\" align=\"justify\">Porter l\u2019excellence italienne sur les march\u00e9s \u00e9trangers pour mettre en valeur et souligner notre ing\u00e9niosit\u00e9, cela fait sans aucun doute partie d\u2019un projet futur, o\u00f9 le march\u00e9 sera de plus en plus unique donc global.<\/p>\n","protected":false},"excerpt":{"rendered":"<p>Le Futur L\u2019engagement de la soci\u00e9t\u00e9 depuis toujours, et aussi pour le futur, est de maintenir solidement les valeurs autour desquelles elle a \u00e9t\u00e9 fond\u00e9e et s\u2019est d\u00e9velopp\u00e9e, en prosp\u00e9rant au cours de cette d\u00e9cennie. Le projet de Maxima pr\u00e9voit un renforcement de sa position sur le march\u00e9 italien et un d\u00e9veloppement sur les march\u00e9s \u00e9trangers, gr\u00e2ce \u00e0 l\u2019agrandissement permanent de sa gamme, en renfor\u00e7ant sa sp\u00e9cialisation. Porter l\u2019excellence italienne sur les march\u00e9s \u00e9trangers pour mettre en valeur et souligner notre ing\u00e9niosit\u00e9, cela fait sans aucun doute partie d\u2019un projet futur, o\u00f9 le march\u00e9 sera de plus en plus unique donc global.<\/p>\n","protected":false},"author":29,"featured_media":0,"parent":0,"menu_order":223,"comment_status":"closed","ping_status":"closed","template":"","meta":{"ngg_post_thumbnail":0,"_joinchat":[],"footnotes":""},"class_list":["post-6587","page","type-page","status-publish","hentry"],"yoast_head":"<!-- This site is optimized with the Yoast SEO plugin v25.5 - https:\/\/yoast.com\/wordpress\/plugins\/seo\/ -->\n<title>Le Futur - Maxima SpA<\/title>\n<meta name=\"description\" content=\"L\u2019engagement de la soci\u00e9t\u00e9 depuis toujours, et aussi pour le futur, est de maintenir solidement les valeurs autour desquelles elle a \u00e9t\u00e9 fond\u00e9e et s\u2019est d\u00e9velopp\u00e9e, en prosp\u00e9rant au cours de cette d\u00e9cennie.\" \/>\n<meta name=\"robots\" content=\"index, follow, max-snippet:-1, max-image-preview:large, max-video-preview:-1\" \/>\n<link rel=\"canonical\" href=\"https:\/\/www.maxima-dia.com\/fr\/l-avenir\/\" \/>\n<meta property=\"og:locale\" content=\"fr_FR\" \/>\n<meta property=\"og:type\" content=\"article\" \/>\n<meta property=\"og:title\" content=\"Le Futur - Maxima SpA\" \/>\n<meta property=\"og:description\" content=\"L\u2019engagement de la soci\u00e9t\u00e9 depuis toujours, et aussi pour le futur, est de maintenir solidement les valeurs autour desquelles elle a \u00e9t\u00e9 fond\u00e9e et s\u2019est d\u00e9velopp\u00e9e, en prosp\u00e9rant au cours de cette d\u00e9cennie.\" \/>\n<meta property=\"og:url\" content=\"https:\/\/www.maxima-dia.com\/fr\/l-avenir\/\" \/>\n<meta property=\"og:site_name\" content=\"Maxima SpA\" \/>\n<meta property=\"article:publisher\" content=\"https:\/\/www.facebook.com\/Maxima-spa-106098566139597\" \/>\n<meta property=\"article:modified_time\" content=\"2019-08-07T09:35:29+00:00\" \/>\n<meta property=\"og:image\" content=\"https:\/\/www.maxima-dia.com\/wp-content\/uploads\/2011\/09\/maxima_green.jpg\" \/>\n<meta name=\"twitter:card\" content=\"summary_large_image\" \/>\n<meta name=\"twitter:site\" content=\"@Maximadia\" \/>\n<meta name=\"twitter:label1\" content=\"Dur\u00e9e de lecture estim\u00e9e\" \/>\n\t<meta name=\"twitter:data1\" content=\"1 minute\" \/>\n<script type=\"application\/ld+json\" class=\"yoast-schema-graph\">{\"@context\":\"https:\/\/schema.org\",\"@graph\":[{\"@type\":\"WebPage\",\"@id\":\"https:\/\/www.maxima-dia.com\/fr\/l-avenir\/\",\"url\":\"https:\/\/www.maxima-dia.com\/fr\/l-avenir\/\",\"name\":\"Le Futur - Maxima SpA\",\"isPartOf\":{\"@id\":\"https:\/\/www.maxima-dia.com\/fr\/#website\"},\"datePublished\":\"2013-10-11T12:37:01+00:00\",\"dateModified\":\"2019-08-07T09:35:29+00:00\",\"description\":\"L\u2019engagement de la soci\u00e9t\u00e9 depuis toujours, et aussi pour le futur, est de maintenir solidement les valeurs autour desquelles elle a \u00e9t\u00e9 fond\u00e9e et s\u2019est d\u00e9velopp\u00e9e, en prosp\u00e9rant au cours de cette d\u00e9cennie.\",\"breadcrumb\":{\"@id\":\"https:\/\/www.maxima-dia.com\/fr\/l-avenir\/#breadcrumb\"},\"inLanguage\":\"fr-FR\",\"potentialAction\":[{\"@type\":\"ReadAction\",\"target\":[\"https:\/\/www.maxima-dia.com\/fr\/l-avenir\/\"]}]},{\"@type\":\"BreadcrumbList\",\"@id\":\"https:\/\/www.maxima-dia.com\/fr\/l-avenir\/#breadcrumb\",\"itemListElement\":[{\"@type\":\"ListItem\",\"position\":1,\"name\":\"Home\",\"item\":\"https:\/\/www.maxima-dia.com\/fr\/\"},{\"@type\":\"ListItem\",\"position\":2,\"name\":\"Le Futur\"}]},{\"@type\":\"WebSite\",\"@id\":\"https:\/\/www.maxima-dia.com\/fr\/#website\",\"url\":\"https:\/\/www.maxima-dia.com\/fr\/\",\"name\":\"Maxima SpA\",\"description\":\"Only for the real professionals\",\"potentialAction\":[{\"@type\":\"SearchAction\",\"target\":{\"@type\":\"EntryPoint\",\"urlTemplate\":\"https:\/\/www.maxima-dia.com\/fr\/?s={search_term_string}\"},\"query-input\":{\"@type\":\"PropertyValueSpecification\",\"valueRequired\":true,\"valueName\":\"search_term_string\"}}],\"inLanguage\":\"fr-FR\"}]}<\/script>\n<!-- \/ Yoast SEO plugin. -->","yoast_head_json":{"title":"Le Futur - Maxima SpA","description":"L\u2019engagement de la soci\u00e9t\u00e9 depuis toujours, et aussi pour le futur, est de maintenir solidement les valeurs autour desquelles elle a \u00e9t\u00e9 fond\u00e9e et s\u2019est d\u00e9velopp\u00e9e, en prosp\u00e9rant au cours de cette d\u00e9cennie.","robots":{"index":"index","follow":"follow","max-snippet":"max-snippet:-1","max-image-preview":"max-image-preview:large","max-video-preview":"max-video-preview:-1"},"canonical":"https:\/\/www.maxima-dia.com\/fr\/l-avenir\/","og_locale":"fr_FR","og_type":"article","og_title":"Le Futur - Maxima SpA","og_description":"L\u2019engagement de la soci\u00e9t\u00e9 depuis toujours, et aussi pour le futur, est de maintenir solidement les valeurs autour desquelles elle a \u00e9t\u00e9 fond\u00e9e et s\u2019est d\u00e9velopp\u00e9e, en prosp\u00e9rant au cours de cette d\u00e9cennie.","og_url":"https:\/\/www.maxima-dia.com\/fr\/l-avenir\/","og_site_name":"Maxima SpA","article_publisher":"https:\/\/www.facebook.com\/Maxima-spa-106098566139597","article_modified_time":"2019-08-07T09:35:29+00:00","og_image":[{"url":"https:\/\/www.maxima-dia.com\/wp-content\/uploads\/2011\/09\/maxima_green.jpg","type":"","width":"","height":""}],"twitter_card":"summary_large_image","twitter_site":"@Maximadia","twitter_misc":{"Dur\u00e9e de lecture estim\u00e9e":"1 minute"},"schema":{"@context":"https:\/\/schema.org","@graph":[{"@type":"WebPage","@id":"https:\/\/www.maxima-dia.com\/fr\/l-avenir\/","url":"https:\/\/www.maxima-dia.com\/fr\/l-avenir\/","name":"Le Futur - Maxima SpA","isPartOf":{"@id":"https:\/\/www.maxima-dia.com\/fr\/#website"},"datePublished":"2013-10-11T12:37:01+00:00","dateModified":"2019-08-07T09:35:29+00:00","description":"L\u2019engagement de la soci\u00e9t\u00e9 depuis toujours, et aussi pour le futur, est de maintenir solidement les valeurs autour desquelles elle a \u00e9t\u00e9 fond\u00e9e et s\u2019est d\u00e9velopp\u00e9e, en prosp\u00e9rant au cours de cette d\u00e9cennie.","breadcrumb":{"@id":"https:\/\/www.maxima-dia.com\/fr\/l-avenir\/#breadcrumb"},"inLanguage":"fr-FR","potentialAction":[{"@type":"ReadAction","target":["https:\/\/www.maxima-dia.com\/fr\/l-avenir\/"]}]},{"@type":"BreadcrumbList","@id":"https:\/\/www.maxima-dia.com\/fr\/l-avenir\/#breadcrumb","itemListElement":[{"@type":"ListItem","position":1,"name":"Home","item":"https:\/\/www.maxima-dia.com\/fr\/"},{"@type":"ListItem","position":2,"name":"Le Futur"}]},{"@type":"WebSite","@id":"https:\/\/www.maxima-dia.com\/fr\/#website","url":"https:\/\/www.maxima-dia.com\/fr\/","name":"Maxima SpA","description":"Only for the real professionals","potentialAction":[{"@type":"SearchAction","target":{"@type":"EntryPoint","urlTemplate":"https:\/\/www.maxima-dia.com\/fr\/?s={search_term_string}"},"query-input":{"@type":"PropertyValueSpecification","valueRequired":true,"valueName":"search_term_string"}}],"inLanguage":"fr-FR"}]}},"_links":{"self":[{"href":"https:\/\/www.maxima-dia.com\/fr\/wp-json\/wp\/v2\/pages\/6587"}],"collection":[{"href":"https:\/\/www.maxima-dia.com\/fr\/wp-json\/wp\/v2\/pages"}],"about":[{"href":"https:\/\/www.maxima-dia.com\/fr\/wp-json\/wp\/v2\/types\/page"}],"author":[{"embeddable":true,"href":"https:\/\/www.maxima-dia.com\/fr\/wp-json\/wp\/v2\/users\/29"}],"replies":[{"embeddable":true,"href":"https:\/\/www.maxima-dia.com\/fr\/wp-json\/wp\/v2\/comments?post=6587"}],"version-history":[{"count":0,"href":"https:\/\/www.maxima-dia.com\/fr\/wp-json\/wp\/v2\/pages\/6587\/revisions"}],"wp:attachment":[{"href":"https:\/\/www.maxima-dia.com\/fr\/wp-json\/wp\/v2\/media?parent=6587"}],"curies":[{"name":"wp","href":"https:\/\/api.w.org\/{rel}","templated":true}]}}