{"id":6600,"date":"2013-10-11T14:48:37","date_gmt":"2013-10-11T12:48:37","guid":{"rendered":"http:\/\/www.maxima-dia.com\/?page_id=6600"},"modified":"2019-08-07T11:35:31","modified_gmt":"2019-08-07T09:35:31","slug":"la-croissance","status":"publish","type":"page","link":"https:\/\/www.maxima-dia.com\/fr\/la-croissance\/","title":{"rendered":"La Croissance"},"content":{"rendered":"<h3 align=\"justify\">La Croissance<\/h3>\n<p style=\"text-align: justify;\" align=\"justify\"><img loading=\"lazy\" decoding=\"async\" title=\"grafico\" src=\"\/wp-content\/uploads\/2011\/09\/grafico.jpg\" alt=\"\" width=\"610\" height=\"400\"><br \/>\n\u00c0 partir de 2001, ann\u00e9e de sa fondation, Maxima a connu une croissance constante qui lui a permis de devenir, \u00e0 l\u2019heure actuelle, l\u2019une des principales entreprises de son secteur.<\/p>\n<p style=\"text-align: justify;\" align=\"justify\">Les raisons de cette croissance sont li\u00e9es, naturellement, au choix des produits et des fournisseurs mais aussi \u00e0 une approche de marketing ayant mis\u00e9 sur la valorisation de la marque et la recherche de ressources humaines en mesure d\u2019en partager l\u2019esprit et transmettre correctement son message aux autres.<\/p>\n<p style=\"text-align: justify;\" align=\"justify\">La capacit\u00e9 de simplifier et rendre compr\u00e9hensible un langage habituellement tr\u00e8s technique, parvenant ainsi \u00e0 communiquer efficacement avec ses clients, a port\u00e9 Maxima \u00e0 devenir le protagoniste de son secteur.<\/p>\n<p style=\"text-align: justify;\" align=\"justify\">Dans celui-ci, le facteur esth\u00e9tique constitue pour Maxima un atout distinctif.<\/p>\n","protected":false},"excerpt":{"rendered":"<p>La Croissance \u00c0 partir de 2001, ann\u00e9e de sa fondation, Maxima a connu une croissance constante qui lui a permis de devenir, \u00e0 l\u2019heure actuelle, l\u2019une des principales entreprises de son secteur. Les raisons de cette croissance sont li\u00e9es, naturellement, au choix des produits et des fournisseurs mais aussi \u00e0 une approche de marketing ayant mis\u00e9 sur la valorisation de la marque et la recherche de ressources humaines en mesure d\u2019en partager l\u2019esprit et transmettre correctement son message aux autres. La capacit\u00e9 de simplifier et rendre compr\u00e9hensible un langage habituellement tr\u00e8s technique, parvenant ainsi \u00e0 communiquer efficacement avec ses clients, a port\u00e9 Maxima \u00e0 devenir le protagoniste de son secteur. Dans celui-ci, le facteur esth\u00e9tique constitue pour Maxima un atout distinctif.<\/p>\n","protected":false},"author":29,"featured_media":0,"parent":0,"menu_order":255,"comment_status":"closed","ping_status":"closed","template":"","meta":{"ngg_post_thumbnail":0,"_joinchat":[],"footnotes":""},"class_list":["post-6600","page","type-page","status-publish","hentry"],"yoast_head":"<!-- This site is optimized with the Yoast SEO plugin v25.5 - https:\/\/yoast.com\/wordpress\/plugins\/seo\/ -->\n<title>La Croissance - Maxima SpA<\/title>\n<meta name=\"description\" content=\"\u00c0 partir de 2001, ann\u00e9e de sa fondation, Maxima a connu une croissance constante qui lui a permis de devenir, \u00e0 l\u2019heure actuelle, l\u2019une des principales entreprises de son secteur.\" \/>\n<meta name=\"robots\" content=\"index, follow, max-snippet:-1, max-image-preview:large, max-video-preview:-1\" \/>\n<link rel=\"canonical\" href=\"https:\/\/www.maxima-dia.com\/fr\/la-croissance\/\" \/>\n<meta property=\"og:locale\" content=\"fr_FR\" \/>\n<meta property=\"og:type\" content=\"article\" \/>\n<meta property=\"og:title\" content=\"La Croissance - Maxima SpA\" \/>\n<meta property=\"og:description\" content=\"\u00c0 partir de 2001, ann\u00e9e de sa fondation, Maxima a connu une croissance constante qui lui a permis de devenir, \u00e0 l\u2019heure actuelle, l\u2019une des principales entreprises de son secteur.\" \/>\n<meta property=\"og:url\" content=\"https:\/\/www.maxima-dia.com\/fr\/la-croissance\/\" \/>\n<meta property=\"og:site_name\" content=\"Maxima SpA\" \/>\n<meta property=\"article:publisher\" content=\"https:\/\/www.facebook.com\/Maxima-spa-106098566139597\" \/>\n<meta property=\"article:modified_time\" content=\"2019-08-07T09:35:31+00:00\" \/>\n<meta property=\"og:image\" content=\"https:\/\/www.maxima-dia.com\/wp-content\/uploads\/2011\/09\/grafico.jpg\" \/>\n<meta name=\"twitter:card\" content=\"summary_large_image\" \/>\n<meta name=\"twitter:site\" content=\"@Maximadia\" \/>\n<meta name=\"twitter:label1\" content=\"Dur\u00e9e de lecture estim\u00e9e\" \/>\n\t<meta name=\"twitter:data1\" content=\"1 minute\" \/>\n<script type=\"application\/ld+json\" class=\"yoast-schema-graph\">{\"@context\":\"https:\/\/schema.org\",\"@graph\":[{\"@type\":\"WebPage\",\"@id\":\"https:\/\/www.maxima-dia.com\/fr\/la-croissance\/\",\"url\":\"https:\/\/www.maxima-dia.com\/fr\/la-croissance\/\",\"name\":\"La Croissance - Maxima SpA\",\"isPartOf\":{\"@id\":\"https:\/\/www.maxima-dia.com\/fr\/#website\"},\"datePublished\":\"2013-10-11T12:48:37+00:00\",\"dateModified\":\"2019-08-07T09:35:31+00:00\",\"description\":\"\u00c0 partir de 2001, ann\u00e9e de sa fondation, Maxima a connu une croissance constante qui lui a permis de devenir, \u00e0 l\u2019heure actuelle, l\u2019une des principales entreprises de son secteur.\",\"breadcrumb\":{\"@id\":\"https:\/\/www.maxima-dia.com\/fr\/la-croissance\/#breadcrumb\"},\"inLanguage\":\"fr-FR\",\"potentialAction\":[{\"@type\":\"ReadAction\",\"target\":[\"https:\/\/www.maxima-dia.com\/fr\/la-croissance\/\"]}]},{\"@type\":\"BreadcrumbList\",\"@id\":\"https:\/\/www.maxima-dia.com\/fr\/la-croissance\/#breadcrumb\",\"itemListElement\":[{\"@type\":\"ListItem\",\"position\":1,\"name\":\"Home\",\"item\":\"https:\/\/www.maxima-dia.com\/fr\/\"},{\"@type\":\"ListItem\",\"position\":2,\"name\":\"La Croissance\"}]},{\"@type\":\"WebSite\",\"@id\":\"https:\/\/www.maxima-dia.com\/fr\/#website\",\"url\":\"https:\/\/www.maxima-dia.com\/fr\/\",\"name\":\"Maxima SpA\",\"description\":\"Only for the real professionals\",\"potentialAction\":[{\"@type\":\"SearchAction\",\"target\":{\"@type\":\"EntryPoint\",\"urlTemplate\":\"https:\/\/www.maxima-dia.com\/fr\/?s={search_term_string}\"},\"query-input\":{\"@type\":\"PropertyValueSpecification\",\"valueRequired\":true,\"valueName\":\"search_term_string\"}}],\"inLanguage\":\"fr-FR\"}]}<\/script>\n<!-- \/ Yoast SEO plugin. -->","yoast_head_json":{"title":"La Croissance - Maxima SpA","description":"\u00c0 partir de 2001, ann\u00e9e de sa fondation, Maxima a connu une croissance constante qui lui a permis de devenir, \u00e0 l\u2019heure actuelle, l\u2019une des principales entreprises de son secteur.","robots":{"index":"index","follow":"follow","max-snippet":"max-snippet:-1","max-image-preview":"max-image-preview:large","max-video-preview":"max-video-preview:-1"},"canonical":"https:\/\/www.maxima-dia.com\/fr\/la-croissance\/","og_locale":"fr_FR","og_type":"article","og_title":"La Croissance - Maxima SpA","og_description":"\u00c0 partir de 2001, ann\u00e9e de sa fondation, Maxima a connu une croissance constante qui lui a permis de devenir, \u00e0 l\u2019heure actuelle, l\u2019une des principales entreprises de son secteur.","og_url":"https:\/\/www.maxima-dia.com\/fr\/la-croissance\/","og_site_name":"Maxima SpA","article_publisher":"https:\/\/www.facebook.com\/Maxima-spa-106098566139597","article_modified_time":"2019-08-07T09:35:31+00:00","og_image":[{"url":"https:\/\/www.maxima-dia.com\/wp-content\/uploads\/2011\/09\/grafico.jpg","type":"","width":"","height":""}],"twitter_card":"summary_large_image","twitter_site":"@Maximadia","twitter_misc":{"Dur\u00e9e de lecture estim\u00e9e":"1 minute"},"schema":{"@context":"https:\/\/schema.org","@graph":[{"@type":"WebPage","@id":"https:\/\/www.maxima-dia.com\/fr\/la-croissance\/","url":"https:\/\/www.maxima-dia.com\/fr\/la-croissance\/","name":"La Croissance - Maxima SpA","isPartOf":{"@id":"https:\/\/www.maxima-dia.com\/fr\/#website"},"datePublished":"2013-10-11T12:48:37+00:00","dateModified":"2019-08-07T09:35:31+00:00","description":"\u00c0 partir de 2001, ann\u00e9e de sa fondation, Maxima a connu une croissance constante qui lui a permis de devenir, \u00e0 l\u2019heure actuelle, l\u2019une des principales entreprises de son secteur.","breadcrumb":{"@id":"https:\/\/www.maxima-dia.com\/fr\/la-croissance\/#breadcrumb"},"inLanguage":"fr-FR","potentialAction":[{"@type":"ReadAction","target":["https:\/\/www.maxima-dia.com\/fr\/la-croissance\/"]}]},{"@type":"BreadcrumbList","@id":"https:\/\/www.maxima-dia.com\/fr\/la-croissance\/#breadcrumb","itemListElement":[{"@type":"ListItem","position":1,"name":"Home","item":"https:\/\/www.maxima-dia.com\/fr\/"},{"@type":"ListItem","position":2,"name":"La Croissance"}]},{"@type":"WebSite","@id":"https:\/\/www.maxima-dia.com\/fr\/#website","url":"https:\/\/www.maxima-dia.com\/fr\/","name":"Maxima SpA","description":"Only for the real professionals","potentialAction":[{"@type":"SearchAction","target":{"@type":"EntryPoint","urlTemplate":"https:\/\/www.maxima-dia.com\/fr\/?s={search_term_string}"},"query-input":{"@type":"PropertyValueSpecification","valueRequired":true,"valueName":"search_term_string"}}],"inLanguage":"fr-FR"}]}},"_links":{"self":[{"href":"https:\/\/www.maxima-dia.com\/fr\/wp-json\/wp\/v2\/pages\/6600"}],"collection":[{"href":"https:\/\/www.maxima-dia.com\/fr\/wp-json\/wp\/v2\/pages"}],"about":[{"href":"https:\/\/www.maxima-dia.com\/fr\/wp-json\/wp\/v2\/types\/page"}],"author":[{"embeddable":true,"href":"https:\/\/www.maxima-dia.com\/fr\/wp-json\/wp\/v2\/users\/29"}],"replies":[{"embeddable":true,"href":"https:\/\/www.maxima-dia.com\/fr\/wp-json\/wp\/v2\/comments?post=6600"}],"version-history":[{"count":0,"href":"https:\/\/www.maxima-dia.com\/fr\/wp-json\/wp\/v2\/pages\/6600\/revisions"}],"wp:attachment":[{"href":"https:\/\/www.maxima-dia.com\/fr\/wp-json\/wp\/v2\/media?parent=6600"}],"curies":[{"name":"wp","href":"https:\/\/api.w.org\/{rel}","templated":true}]}}