{"id":6715,"date":"2013-10-14T11:08:58","date_gmt":"2013-10-14T09:08:58","guid":{"rendered":"http:\/\/www.maxima-dia.com\/?page_id=6715"},"modified":"2019-08-07T11:35:08","modified_gmt":"2019-08-07T09:35:08","slug":"la-marque-maxima","status":"publish","type":"page","link":"https:\/\/www.maxima-dia.com\/fr\/la-marque-maxima\/","title":{"rendered":"La Marque"},"content":{"rendered":"<h3>La Marque<\/h3>\n<p style=\"text-align: justify;\"><img loading=\"lazy\" decoding=\"async\" title=\"Fiera_foto_discobolo\" src=\"\/wp-content\/uploads\/2012\/09\/Fiera_foto_discobolo.jpg\" alt=\"\" width=\"610\" height=\"457\"><\/p>\n<p style=\"text-align: justify;\">Avant tout. La certitude de vouloir fournir des services et produits de niveau sup\u00e9rieur nous a port\u00e9s \u00e0 choisir ce nom: Maxima.<\/p>\n<p style=\"text-align: justify;\">Le choix de le formuler dans sa forme latine exprime long\u00e9vit\u00e9 et classicisme, avec la touche d\u2019\u00e9l\u00e9gance qui nous caract\u00e9rise. L\u2019association des nuances suit cette voie, m\u00ealant la passion, symbolis\u00e9e par la couleur rouge, \u00e0 l\u2019\u00e9l\u00e9gance et la simplicit\u00e9, apport\u00e9es par la couleur blanche. Le Discobole de Myron est notre symbole: il repr\u00e9sente un mod\u00e8le de perfection artistique et athl\u00e9tique, des \u00e9l\u00e9ments \u00e9galement pr\u00e9sents dans les g\u00e8nes de notre entreprise.<\/p>\n<p style=\"text-align: justify;\">Le dynamisme du mouvement repr\u00e9sente notre \u00e9tat d\u2019esprit et l\u2019\u00e9lan vers le futur. Le slogan \u00abDes disques de champions\u00bb a \u00e9t\u00e9 le fruit naturel de l\u2019union de ces \u00e9l\u00e9ments, \u00e0 l\u2019\u00e9poque o\u00f9, au d\u00e9but de son activit\u00e9, notre entreprise s\u2019occupait exclusivement de distribution de disques diamant\u00e9s.<\/p>\n","protected":false},"excerpt":{"rendered":"<p>La Marque Avant tout. La certitude de vouloir fournir des services et produits de niveau sup\u00e9rieur nous a port\u00e9s \u00e0 choisir ce nom: Maxima. Le choix de le formuler dans sa forme latine exprime long\u00e9vit\u00e9 et classicisme, avec la touche d\u2019\u00e9l\u00e9gance qui nous caract\u00e9rise. L\u2019association des nuances suit cette voie, m\u00ealant la passion, symbolis\u00e9e par la couleur rouge, \u00e0 l\u2019\u00e9l\u00e9gance et la simplicit\u00e9, apport\u00e9es par la couleur blanche. Le Discobole de Myron est notre symbole: il repr\u00e9sente un mod\u00e8le de perfection artistique et athl\u00e9tique, des \u00e9l\u00e9ments \u00e9galement pr\u00e9sents dans les g\u00e8nes de notre entreprise. Le dynamisme du mouvement repr\u00e9sente notre \u00e9tat d\u2019esprit et l\u2019\u00e9lan vers le futur. Le slogan \u00abDes disques de champions\u00bb a \u00e9t\u00e9 le fruit naturel de l\u2019union de ces \u00e9l\u00e9ments, \u00e0 l\u2019\u00e9poque o\u00f9, au d\u00e9but de son activit\u00e9, notre entreprise s\u2019occupait exclusivement de distribution de disques diamant\u00e9s.<\/p>\n","protected":false},"author":29,"featured_media":0,"parent":0,"menu_order":496,"comment_status":"closed","ping_status":"closed","template":"","meta":{"ngg_post_thumbnail":0,"_joinchat":[],"footnotes":""},"class_list":["post-6715","page","type-page","status-publish","hentry"],"yoast_head":"<!-- This site is optimized with the Yoast SEO plugin v25.5 - https:\/\/yoast.com\/wordpress\/plugins\/seo\/ -->\n<title>La Marque - Maxima SpA<\/title>\n<meta name=\"description\" content=\"La Marque Maxima. La certitude de vouloir fournir des services et produits de niveau sup\u00e9rieur nous a port\u00e9s \u00e0 choisir ce nom: Maxima.\" \/>\n<meta name=\"robots\" content=\"index, follow, max-snippet:-1, max-image-preview:large, max-video-preview:-1\" \/>\n<link rel=\"canonical\" href=\"https:\/\/www.maxima-dia.com\/fr\/la-marque-maxima\/\" \/>\n<meta property=\"og:locale\" content=\"fr_FR\" \/>\n<meta property=\"og:type\" content=\"article\" \/>\n<meta property=\"og:title\" content=\"La Marque - Maxima SpA\" \/>\n<meta property=\"og:description\" content=\"La Marque Maxima. La certitude de vouloir fournir des services et produits de niveau sup\u00e9rieur nous a port\u00e9s \u00e0 choisir ce nom: Maxima.\" \/>\n<meta property=\"og:url\" content=\"https:\/\/www.maxima-dia.com\/fr\/la-marque-maxima\/\" \/>\n<meta property=\"og:site_name\" content=\"Maxima SpA\" \/>\n<meta property=\"article:publisher\" content=\"https:\/\/www.facebook.com\/Maxima-spa-106098566139597\" \/>\n<meta property=\"article:modified_time\" content=\"2019-08-07T09:35:08+00:00\" \/>\n<meta property=\"og:image\" content=\"https:\/\/www.maxima-dia.com\/wp-content\/uploads\/2012\/09\/Fiera_foto_discobolo.jpg\" \/>\n<meta name=\"twitter:card\" content=\"summary_large_image\" \/>\n<meta name=\"twitter:site\" content=\"@Maximadia\" \/>\n<meta name=\"twitter:label1\" content=\"Dur\u00e9e de lecture estim\u00e9e\" \/>\n\t<meta name=\"twitter:data1\" content=\"1 minute\" \/>\n<script type=\"application\/ld+json\" class=\"yoast-schema-graph\">{\"@context\":\"https:\/\/schema.org\",\"@graph\":[{\"@type\":\"WebPage\",\"@id\":\"https:\/\/www.maxima-dia.com\/fr\/la-marque-maxima\/\",\"url\":\"https:\/\/www.maxima-dia.com\/fr\/la-marque-maxima\/\",\"name\":\"La Marque - Maxima SpA\",\"isPartOf\":{\"@id\":\"https:\/\/www.maxima-dia.com\/fr\/#website\"},\"datePublished\":\"2013-10-14T09:08:58+00:00\",\"dateModified\":\"2019-08-07T09:35:08+00:00\",\"description\":\"La Marque Maxima. La certitude de vouloir fournir des services et produits de niveau sup\u00e9rieur nous a port\u00e9s \u00e0 choisir ce nom: Maxima.\",\"breadcrumb\":{\"@id\":\"https:\/\/www.maxima-dia.com\/fr\/la-marque-maxima\/#breadcrumb\"},\"inLanguage\":\"fr-FR\",\"potentialAction\":[{\"@type\":\"ReadAction\",\"target\":[\"https:\/\/www.maxima-dia.com\/fr\/la-marque-maxima\/\"]}]},{\"@type\":\"BreadcrumbList\",\"@id\":\"https:\/\/www.maxima-dia.com\/fr\/la-marque-maxima\/#breadcrumb\",\"itemListElement\":[{\"@type\":\"ListItem\",\"position\":1,\"name\":\"Home\",\"item\":\"https:\/\/www.maxima-dia.com\/fr\/\"},{\"@type\":\"ListItem\",\"position\":2,\"name\":\"La Marque\"}]},{\"@type\":\"WebSite\",\"@id\":\"https:\/\/www.maxima-dia.com\/fr\/#website\",\"url\":\"https:\/\/www.maxima-dia.com\/fr\/\",\"name\":\"Maxima SpA\",\"description\":\"Only for the real professionals\",\"potentialAction\":[{\"@type\":\"SearchAction\",\"target\":{\"@type\":\"EntryPoint\",\"urlTemplate\":\"https:\/\/www.maxima-dia.com\/fr\/?s={search_term_string}\"},\"query-input\":{\"@type\":\"PropertyValueSpecification\",\"valueRequired\":true,\"valueName\":\"search_term_string\"}}],\"inLanguage\":\"fr-FR\"}]}<\/script>\n<!-- \/ Yoast SEO plugin. -->","yoast_head_json":{"title":"La Marque - Maxima SpA","description":"La Marque Maxima. La certitude de vouloir fournir des services et produits de niveau sup\u00e9rieur nous a port\u00e9s \u00e0 choisir ce nom: Maxima.","robots":{"index":"index","follow":"follow","max-snippet":"max-snippet:-1","max-image-preview":"max-image-preview:large","max-video-preview":"max-video-preview:-1"},"canonical":"https:\/\/www.maxima-dia.com\/fr\/la-marque-maxima\/","og_locale":"fr_FR","og_type":"article","og_title":"La Marque - Maxima SpA","og_description":"La Marque Maxima. La certitude de vouloir fournir des services et produits de niveau sup\u00e9rieur nous a port\u00e9s \u00e0 choisir ce nom: Maxima.","og_url":"https:\/\/www.maxima-dia.com\/fr\/la-marque-maxima\/","og_site_name":"Maxima SpA","article_publisher":"https:\/\/www.facebook.com\/Maxima-spa-106098566139597","article_modified_time":"2019-08-07T09:35:08+00:00","og_image":[{"url":"https:\/\/www.maxima-dia.com\/wp-content\/uploads\/2012\/09\/Fiera_foto_discobolo.jpg","type":"","width":"","height":""}],"twitter_card":"summary_large_image","twitter_site":"@Maximadia","twitter_misc":{"Dur\u00e9e de lecture estim\u00e9e":"1 minute"},"schema":{"@context":"https:\/\/schema.org","@graph":[{"@type":"WebPage","@id":"https:\/\/www.maxima-dia.com\/fr\/la-marque-maxima\/","url":"https:\/\/www.maxima-dia.com\/fr\/la-marque-maxima\/","name":"La Marque - Maxima SpA","isPartOf":{"@id":"https:\/\/www.maxima-dia.com\/fr\/#website"},"datePublished":"2013-10-14T09:08:58+00:00","dateModified":"2019-08-07T09:35:08+00:00","description":"La Marque Maxima. La certitude de vouloir fournir des services et produits de niveau sup\u00e9rieur nous a port\u00e9s \u00e0 choisir ce nom: Maxima.","breadcrumb":{"@id":"https:\/\/www.maxima-dia.com\/fr\/la-marque-maxima\/#breadcrumb"},"inLanguage":"fr-FR","potentialAction":[{"@type":"ReadAction","target":["https:\/\/www.maxima-dia.com\/fr\/la-marque-maxima\/"]}]},{"@type":"BreadcrumbList","@id":"https:\/\/www.maxima-dia.com\/fr\/la-marque-maxima\/#breadcrumb","itemListElement":[{"@type":"ListItem","position":1,"name":"Home","item":"https:\/\/www.maxima-dia.com\/fr\/"},{"@type":"ListItem","position":2,"name":"La Marque"}]},{"@type":"WebSite","@id":"https:\/\/www.maxima-dia.com\/fr\/#website","url":"https:\/\/www.maxima-dia.com\/fr\/","name":"Maxima SpA","description":"Only for the real professionals","potentialAction":[{"@type":"SearchAction","target":{"@type":"EntryPoint","urlTemplate":"https:\/\/www.maxima-dia.com\/fr\/?s={search_term_string}"},"query-input":{"@type":"PropertyValueSpecification","valueRequired":true,"valueName":"search_term_string"}}],"inLanguage":"fr-FR"}]}},"_links":{"self":[{"href":"https:\/\/www.maxima-dia.com\/fr\/wp-json\/wp\/v2\/pages\/6715"}],"collection":[{"href":"https:\/\/www.maxima-dia.com\/fr\/wp-json\/wp\/v2\/pages"}],"about":[{"href":"https:\/\/www.maxima-dia.com\/fr\/wp-json\/wp\/v2\/types\/page"}],"author":[{"embeddable":true,"href":"https:\/\/www.maxima-dia.com\/fr\/wp-json\/wp\/v2\/users\/29"}],"replies":[{"embeddable":true,"href":"https:\/\/www.maxima-dia.com\/fr\/wp-json\/wp\/v2\/comments?post=6715"}],"version-history":[{"count":0,"href":"https:\/\/www.maxima-dia.com\/fr\/wp-json\/wp\/v2\/pages\/6715\/revisions"}],"wp:attachment":[{"href":"https:\/\/www.maxima-dia.com\/fr\/wp-json\/wp\/v2\/media?parent=6715"}],"curies":[{"name":"wp","href":"https:\/\/api.w.org\/{rel}","templated":true}]}}