{"id":7759,"date":"2014-04-03T16:38:25","date_gmt":"2014-04-03T14:38:25","guid":{"rendered":"http:\/\/www.maxima-dia.com\/?post_type=products&#038;p=7759"},"modified":"2021-12-10T11:04:17","modified_gmt":"2021-12-10T10:04:17","slug":"disque-diamante-turbo-amarante","status":"publish","type":"page","link":"https:\/\/www.maxima-dia.com\/fr\/disques-diamantes-universels-turbo\/disque-diamante-turbo-amarante\/","title":{"rendered":"Turbo Amarante"},"content":{"rendered":"<div class=\"wpb-content-wrapper\"><p>[vc_row][vc_column text_align=\u00a0\u00bbcenter\u00a0\u00bb width=\u00a0\u00bb1\/4&Prime;][vc_column_text]<a href=\"\/wp-content\/uploads\/2017\/02\/turbo-amaranto.jpg\"><img loading=\"lazy\" decoding=\"async\" class=\"alignnone size-thumbnail wp-image-13913\" src=\"\/wp-content\/uploads\/2017\/02\/turbo-amaranto-150x150.jpg\" alt=\"TURBO AMARANTO\" width=\"150\" height=\"150\" srcset=\"https:\/\/www.maxima-dia.com\/wp-content\/uploads\/2017\/02\/turbo-amaranto-150x150.jpg 150w, https:\/\/www.maxima-dia.com\/wp-content\/uploads\/2017\/02\/turbo-amaranto-300x300.jpg 300w, https:\/\/www.maxima-dia.com\/wp-content\/uploads\/2017\/02\/turbo-amaranto-768x768.jpg 768w, https:\/\/www.maxima-dia.com\/wp-content\/uploads\/2017\/02\/turbo-amaranto-1024x1024.jpg 1024w, https:\/\/www.maxima-dia.com\/wp-content\/uploads\/2017\/02\/turbo-amaranto-80x80.jpg 80w, https:\/\/www.maxima-dia.com\/wp-content\/uploads\/2017\/02\/turbo-amaranto-500x500.jpg 500w, https:\/\/www.maxima-dia.com\/wp-content\/uploads\/2017\/02\/turbo-amaranto-1000x1000.jpg 1000w, https:\/\/www.maxima-dia.com\/wp-content\/uploads\/2017\/02\/turbo-amaranto.jpg 1200w\" sizes=\"(max-width: 150px) 100vw, 150px\" \/><\/a><\/p>\n<p><span style=\"background-color: #cc0000; color: #ffffff; padding: 5px;\">H.10 mm \/ Silenced<\/span>[\/vc_column_text][vc_column_text css_animation=\u00a0\u00bbslideInDown\u00a0\u00bb el_class=\u00a0\u00bbhidebuybutton\u00a0\u00bb]<a href=\"https:\/\/www.storemaxima.com\/fr\/disques-diamante-universels-turbo\/13-turbo-amarante.html\" target=\"_blank\" rel=\"noopener\"><img loading=\"lazy\" decoding=\"async\" class=\"alignnone\" title=\"Acheter sur www.storemaxima.com\" src=\"https:\/\/www.maxima-dia.com\/wp-content\/uploads\/2019\/12\/pulsante-acquista-storemaxima.com-fr.svg\" alt=\"Acheter sur www.storemaxima.com\" width=\"180\" height=\"80\"><\/a>[\/vc_column_text][vc_btn title=\u00a0\u00bbFiche du produit\u00a0\u00bb style=\u00a0\u00bboutline-custom\u00a0\u00bb outline_custom_color=\u00a0\u00bb#cc0000&Prime; outline_custom_hover_background=\u00a0\u00bb#910000&Prime; outline_custom_hover_text=\u00a0\u00bb#f7f7f7&Prime; align=\u00a0\u00bbcenter\u00a0\u00bb i_icon_fontawesome=\u00a0\u00bbfas fa-download\u00a0\u00bb add_icon=\u00a0\u00bbtrue\u00a0\u00bb css=\u00a0\u00bb.vc_custom_1639130654070{margin-top: 5px !important;margin-right: 5px !important;margin-bottom: 5px !important;margin-left: 5px !important;}\u00a0\u00bb link=\u00a0\u00bburl:%2Fdl.php%3Ffile_url%3Dhttps%3A%2F%2Fwww.maxima-dia.com%2Fwp-content%2Fuploads%2F2021%2F11%2FDISQUES-UNIVERSELS-TURBO-ORANGE-ARGENT-AMARANTE-FR.pdf\u00a0\u00bb][\/vc_column][vc_column width=\u00a0\u00bb3\/4&Prime;][vc_column_text]Le disque diamant\u00e9&nbsp;<strong>Turbo Amarante<\/strong> est un mod\u00e8le haut de gamme excellent surtout pour couper les pierres naturelles, porphyres et granits. Sa r\u00e9sistance est son point fort, ce qui le rend particuli\u00e8rement adapt\u00e9 \u00e0 un usage intensif.<\/p>\n<table class=\"tabellatecnica\" style=\"width: 80%;\" border=\"0\" cellspacing=\"0\" cellpadding=\"0\">\n<thead>\n<tr>\n<td class=\"testata\" colspan=\"2\">TABLEAU TECHNIQUE<\/td>\n<\/tr>\n<\/thead>\n<tbody>\n<tr>\n<td class=\"prima\">B\u00e9ton durci \/ Briques \/ Tuiles<\/td>\n<td class=\"seconda\"><b class=\"txtred\">\u2605<\/b><b class=\"txtred\">\u2605<\/b><b class=\"txtred\">\u2605<\/b><b class=\"txtred\">\u2605<\/b><b class=\"txtred\">\u2605<\/b><\/td>\n<\/tr>\n<tr>\n<td class=\"prima\">B\u00e9ton l\u00e9g\u00e8rement arm\u00e9<\/td>\n<td class=\"seconda\"><b class=\"txtred\">\u2605<\/b><b class=\"txtred\">\u2605<\/b><b class=\"txtred\">\u2605<\/b><b class=\"txtred\">\u2605<\/b><b class=\"txtred\">\u2605<\/b><\/td>\n<\/tr>\n<tr>\n<td class=\"prima\">B\u00e9ton fortement arm\u00e9<\/td>\n<td class=\"seconda\"><b class=\"txtred\">\u2605<\/b><b class=\"txtred\">\u2605<\/b><b class=\"txtred\">\u2605<\/b><b class=\"txtred\">\u2605<\/b><b class=\"txtred\">\u2605<\/b><\/td>\n<\/tr>\n<tr>\n<td class=\"prima\">Granits \/ Pierres naturelles \/ Porphyres<\/td>\n<td class=\"seconda\"><b class=\"txtred\">\u2605<\/b><b class=\"txtred\">\u2605<\/b><b class=\"txtred\">\u2605<\/b><b class=\"txtred\">\u2605<\/b><b class=\"txtred\">\u2605<\/b><\/td>\n<\/tr>\n<tr>\n<td class=\"prima\">Marbres<\/td>\n<td class=\"seconda\"><b class=\"txtred\">\u2605<\/b><\/td>\n<\/tr>\n<tr>\n<td class=\"prima\">R\u00e9fractaires<\/td>\n<td class=\"seconda\"><b class=\"txtred\">\u2605<\/b><b class=\"txtred\">\u2605<\/b><b class=\"txtred\">\u2605<\/b><\/td>\n<\/tr>\n<tr>\n<td class=\"prima\">Gr\u00e8s \/ Plaques de jard lav\u00e9<\/td>\n<td class=\"seconda\"><b class=\"txtred\">\u2605<\/b><b class=\"txtred\">\u2605<\/b><b class=\"txtred\">\u2605<\/b><b class=\"txtred\">\u2605<\/b><\/td>\n<\/tr>\n<tr>\n<td class=\"prima\">C\u00e9ramique double cuisson<\/td>\n<td class=\"seconda\"><b class=\"txtred\">\u2605<\/b><\/td>\n<\/tr>\n<tr>\n<td class=\"prima\">C\u00e9ramique monocuisson<\/td>\n<td class=\"seconda\"><b class=\"txtred\">\u2605<\/b><\/td>\n<\/tr>\n<tr>\n<td class=\"prima\">Gr\u00e8s porcelain\u00e9 \/ Clinker<\/td>\n<td class=\"seconda\"><b class=\"txtred\">\u2605<\/b><\/td>\n<\/tr>\n<tr>\n<td class=\"prima\">Ciment frais<\/td>\n<td class=\"seconda\">&nbsp;<\/td>\n<\/tr>\n<tr>\n<td class=\"prima\">Asphalte<\/td>\n<td class=\"seconda\">&nbsp;<\/td>\n<\/tr>\n<tr>\n<td class=\"intervallo\" colspan=\"2\">&nbsp;<\/td>\n<\/tr>\n<tr>\n<td class=\"prima\">Vitesse de coupe<\/td>\n<td class=\"seconda\"><b class=\"txtred\">\u2605<\/b><b class=\"txtred\">\u2605<\/b><b class=\"txtred\">\u2605<\/b><b class=\"txtred\">\u2605<\/b><\/td>\n<\/tr>\n<tr>\n<td class=\"prima\">Dur\u00e9e de vie moyenne<\/td>\n<td class=\"seconda\"><b class=\"txtred\">\u2605<\/b><b class=\"txtred\">\u2605<\/b><b class=\"txtred\">\u2605<\/b><b class=\"txtred\">\u2605<\/b><b class=\"txtred\">\u2605<\/b><\/td>\n<\/tr>\n<tr>\n<td class=\"legenda\" colspan=\"2\"><strong>passable <\/strong><b class=\"txtred\">\u2605<\/b>&nbsp;&nbsp;&nbsp;&nbsp; <strong>moyen <\/strong><b class=\"txtred\">\u2605<\/b><b class=\"txtred\">\u2605<\/b>&nbsp;&nbsp;&nbsp;&nbsp; <strong>bon <\/strong><b class=\"txtred\">\u2605<\/b><b class=\"txtred\">\u2605<\/b><b class=\"txtred\">\u2605<\/b>&nbsp;&nbsp;&nbsp;&nbsp; <strong>excellent<\/strong><b class=\"txtred\">\u2605<\/b><b class=\"txtred\">\u2605<\/b><b class=\"txtred\">\u2605<\/b><b class=\"txtred\">\u2605<\/b>&nbsp;&nbsp;&nbsp;&nbsp; <strong>super<\/strong> <b class=\"txtred\">\u2605<\/b><b class=\"txtred\">\u2605<\/b><b class=\"txtred\">\u2605<\/b><b class=\"txtred\">\u2605<\/b><b class=\"txtred\">\u2605<\/b><\/td>\n<\/tr>\n<\/tbody>\n<\/table>\n<p>&nbsp;<\/p>\n<table class=\"tabellatecnica\" style=\"width: 80%;\" border=\"0\" cellspacing=\"0\" cellpadding=\"0\">\n<thead>\n<tr>\n<td class=\"testata\">PEUT \u00caTRE UTILIS\u00c9 SUR LES MACHINES SUIVANTES<\/td>\n<\/tr>\n<\/thead>\n<tbody>\n<tr>\n<td><img decoding=\"async\" class=\"alignleft\" src=\"\/wp-content\/uploads\/2013\/10\/s-taglio1.png\" alt=\"s-taglio1\" height=\"30\"> 115-230<\/td>\n<\/tr>\n<\/tbody>\n<\/table>\n<p>&nbsp;[\/vc_column_text][\/vc_column][\/vc_row]<\/p>\n<\/div>","protected":false},"excerpt":{"rendered":"<p>[vc_row][vc_column text_align=\u00a0\u00bbcenter\u00a0\u00bb width=\u00a0\u00bb1\/4&Prime;][vc_column_text] H.10 mm \/ Silenced[\/vc_column_text][vc_column_text css_animation=\u00a0\u00bbslideInDown\u00a0\u00bb el_class=\u00a0\u00bbhidebuybutton\u00a0\u00bb][\/vc_column_text][vc_btn title=\u00a0\u00bbFiche du produit\u00a0\u00bb style=\u00a0\u00bboutline-custom\u00a0\u00bb outline_custom_color=\u00a0\u00bb#cc0000&Prime; outline_custom_hover_background=\u00a0\u00bb#910000&Prime; outline_custom_hover_text=\u00a0\u00bb#f7f7f7&Prime; align=\u00a0\u00bbcenter\u00a0\u00bb i_icon_fontawesome=\u00a0\u00bbfas fa-download\u00a0\u00bb add_icon=\u00a0\u00bbtrue\u00a0\u00bb css=\u00a0\u00bb.vc_custom_1639130654070{margin-top: 5px !important;margin-right: 5px !important;margin-bottom: 5px !important;margin-left: 5px !important;}\u00a0\u00bb link=\u00a0\u00bburl:%2Fdl.php%3Ffile_url%3Dhttps%3A%2F%2Fwww.maxima-dia.com%2Fwp-content%2Fuploads%2F2021%2F11%2FDISQUES-UNIVERSELS-TURBO-ORANGE-ARGENT-AMARANTE-FR.pdf\u00a0\u00bb][\/vc_column][vc_column width=\u00a0\u00bb3\/4&Prime;][vc_column_text]Le disque diamant\u00e9&nbsp;Turbo Amarante est un mod\u00e8le haut de gamme excellent surtout pour couper les pierres naturelles, porphyres et granits. Sa r\u00e9sistance est son point fort, ce qui le rend particuli\u00e8rement adapt\u00e9 \u00e0 un usage intensif. TABLEAU TECHNIQUE B\u00e9ton durci \/ Briques \/ Tuiles \u2605\u2605\u2605\u2605\u2605 B\u00e9ton l\u00e9g\u00e8rement arm\u00e9 \u2605\u2605\u2605\u2605\u2605 B\u00e9ton fortement arm\u00e9 \u2605\u2605\u2605\u2605\u2605 Granits \/ Pierres naturelles \/ Porphyres \u2605\u2605\u2605\u2605\u2605 Marbres \u2605 R\u00e9fractaires \u2605\u2605\u2605 Gr\u00e8s \/ Plaques de jard lav\u00e9 \u2605\u2605\u2605\u2605 C\u00e9ramique double cuisson \u2605 C\u00e9ramique monocuisson \u2605 Gr\u00e8s porcelain\u00e9 \/ Clinker \u2605 Ciment frais &nbsp; Asphalte &nbsp; &nbsp; Vitesse de coupe \u2605\u2605\u2605\u2605 Dur\u00e9e de vie moyenne \u2605\u2605\u2605\u2605\u2605 passable \u2605&nbsp;&nbsp;&nbsp;&nbsp; moyen \u2605\u2605&nbsp;&nbsp;&nbsp;&nbsp; bon \u2605\u2605\u2605&nbsp;&nbsp;&nbsp;&nbsp; excellent\u2605\u2605\u2605\u2605&nbsp;&nbsp;&nbsp;&nbsp; super \u2605\u2605\u2605\u2605\u2605 &nbsp; PEUT \u00caTRE UTILIS\u00c9 SUR LES MACHINES SUIVANTES 115-230 &nbsp;[\/vc_column_text][\/vc_column][\/vc_row]<\/p>\n","protected":false},"author":29,"featured_media":24065,"parent":12434,"menu_order":4,"comment_status":"closed","ping_status":"closed","template":"","meta":{"ngg_post_thumbnail":0,"_joinchat":[],"footnotes":""},"class_list":["post-7759","page","type-page","status-publish","has-post-thumbnail","hentry"],"yoast_head":"<!-- This site is optimized with the Yoast SEO plugin v25.5 - https:\/\/yoast.com\/wordpress\/plugins\/seo\/ -->\n<title>Turbo Amarante - Maxima SpA<\/title>\n<meta name=\"description\" content=\"Le disque diamant\u00e9 Turbo Amarante est un mod\u00e8le haut de gamme excellent surtout pour couper les pierres naturelles, porphyres et granits.\" \/>\n<meta name=\"robots\" content=\"index, follow, max-snippet:-1, max-image-preview:large, max-video-preview:-1\" \/>\n<link rel=\"canonical\" href=\"https:\/\/www.maxima-dia.com\/fr\/disques-diamantes-universels-turbo\/disque-diamante-turbo-amarante\/\" \/>\n<meta property=\"og:locale\" content=\"fr_FR\" \/>\n<meta property=\"og:type\" content=\"article\" \/>\n<meta property=\"og:title\" content=\"Turbo Amarante - Maxima SpA\" \/>\n<meta property=\"og:description\" content=\"Le disque diamant\u00e9 Turbo Amarante est un mod\u00e8le haut de gamme excellent surtout pour couper les pierres naturelles, porphyres et granits.\" \/>\n<meta property=\"og:url\" content=\"https:\/\/www.maxima-dia.com\/fr\/disques-diamantes-universels-turbo\/disque-diamante-turbo-amarante\/\" \/>\n<meta property=\"og:site_name\" content=\"Maxima SpA\" \/>\n<meta property=\"article:publisher\" content=\"https:\/\/www.facebook.com\/Maxima-spa-106098566139597\" \/>\n<meta property=\"article:modified_time\" content=\"2021-12-10T10:04:17+00:00\" \/>\n<meta property=\"og:image\" content=\"https:\/\/www.maxima-dia.com\/wp-content\/uploads\/2017\/02\/turbo-amaranto.jpg\" \/>\n\t<meta property=\"og:image:width\" content=\"1200\" \/>\n\t<meta property=\"og:image:height\" content=\"1200\" \/>\n\t<meta property=\"og:image:type\" content=\"image\/jpeg\" \/>\n<meta name=\"twitter:card\" content=\"summary_large_image\" \/>\n<meta name=\"twitter:site\" content=\"@Maximadia\" \/>\n<meta name=\"twitter:label1\" content=\"Dur\u00e9e de lecture estim\u00e9e\" \/>\n\t<meta name=\"twitter:data1\" content=\"1 minute\" \/>\n<script type=\"application\/ld+json\" class=\"yoast-schema-graph\">{\"@context\":\"https:\/\/schema.org\",\"@graph\":[{\"@type\":\"WebPage\",\"@id\":\"https:\/\/www.maxima-dia.com\/fr\/disques-diamantes-universels-turbo\/disque-diamante-turbo-amarante\/\",\"url\":\"https:\/\/www.maxima-dia.com\/fr\/disques-diamantes-universels-turbo\/disque-diamante-turbo-amarante\/\",\"name\":\"Turbo Amarante - Maxima SpA\",\"isPartOf\":{\"@id\":\"https:\/\/www.maxima-dia.com\/fr\/#website\"},\"primaryImageOfPage\":{\"@id\":\"https:\/\/www.maxima-dia.com\/fr\/disques-diamantes-universels-turbo\/disque-diamante-turbo-amarante\/#primaryimage\"},\"image\":{\"@id\":\"https:\/\/www.maxima-dia.com\/fr\/disques-diamantes-universels-turbo\/disque-diamante-turbo-amarante\/#primaryimage\"},\"thumbnailUrl\":\"https:\/\/www.maxima-dia.com\/wp-content\/uploads\/2017\/02\/turbo-amaranto.jpg\",\"datePublished\":\"2014-04-03T14:38:25+00:00\",\"dateModified\":\"2021-12-10T10:04:17+00:00\",\"description\":\"Le disque diamant\u00e9 Turbo Amarante est un mod\u00e8le haut de gamme excellent surtout pour couper les pierres naturelles, porphyres et granits.\",\"breadcrumb\":{\"@id\":\"https:\/\/www.maxima-dia.com\/fr\/disques-diamantes-universels-turbo\/disque-diamante-turbo-amarante\/#breadcrumb\"},\"inLanguage\":\"fr-FR\",\"potentialAction\":[{\"@type\":\"ReadAction\",\"target\":[\"https:\/\/www.maxima-dia.com\/fr\/disques-diamantes-universels-turbo\/disque-diamante-turbo-amarante\/\"]}]},{\"@type\":\"ImageObject\",\"inLanguage\":\"fr-FR\",\"@id\":\"https:\/\/www.maxima-dia.com\/fr\/disques-diamantes-universels-turbo\/disque-diamante-turbo-amarante\/#primaryimage\",\"url\":\"https:\/\/www.maxima-dia.com\/wp-content\/uploads\/2017\/02\/turbo-amaranto.jpg\",\"contentUrl\":\"https:\/\/www.maxima-dia.com\/wp-content\/uploads\/2017\/02\/turbo-amaranto.jpg\",\"width\":1200,\"height\":1200},{\"@type\":\"BreadcrumbList\",\"@id\":\"https:\/\/www.maxima-dia.com\/fr\/disques-diamantes-universels-turbo\/disque-diamante-turbo-amarante\/#breadcrumb\",\"itemListElement\":[{\"@type\":\"ListItem\",\"position\":1,\"name\":\"Home\",\"item\":\"https:\/\/www.maxima-dia.com\/fr\/\"},{\"@type\":\"ListItem\",\"position\":2,\"name\":\"Disques Diamant\u00e9s Universels Turbo\",\"item\":\"https:\/\/www.maxima-dia.com\/fr\/disques-diamantes-universels-turbo\/\"},{\"@type\":\"ListItem\",\"position\":3,\"name\":\"Turbo Amarante\"}]},{\"@type\":\"WebSite\",\"@id\":\"https:\/\/www.maxima-dia.com\/fr\/#website\",\"url\":\"https:\/\/www.maxima-dia.com\/fr\/\",\"name\":\"Maxima SpA\",\"description\":\"Only for the real professionals\",\"potentialAction\":[{\"@type\":\"SearchAction\",\"target\":{\"@type\":\"EntryPoint\",\"urlTemplate\":\"https:\/\/www.maxima-dia.com\/fr\/?s={search_term_string}\"},\"query-input\":{\"@type\":\"PropertyValueSpecification\",\"valueRequired\":true,\"valueName\":\"search_term_string\"}}],\"inLanguage\":\"fr-FR\"}]}<\/script>\n<!-- \/ Yoast SEO plugin. -->","yoast_head_json":{"title":"Turbo Amarante - Maxima SpA","description":"Le disque diamant\u00e9 Turbo Amarante est un mod\u00e8le haut de gamme excellent surtout pour couper les pierres naturelles, porphyres et granits.","robots":{"index":"index","follow":"follow","max-snippet":"max-snippet:-1","max-image-preview":"max-image-preview:large","max-video-preview":"max-video-preview:-1"},"canonical":"https:\/\/www.maxima-dia.com\/fr\/disques-diamantes-universels-turbo\/disque-diamante-turbo-amarante\/","og_locale":"fr_FR","og_type":"article","og_title":"Turbo Amarante - Maxima SpA","og_description":"Le disque diamant\u00e9 Turbo Amarante est un mod\u00e8le haut de gamme excellent surtout pour couper les pierres naturelles, porphyres et granits.","og_url":"https:\/\/www.maxima-dia.com\/fr\/disques-diamantes-universels-turbo\/disque-diamante-turbo-amarante\/","og_site_name":"Maxima SpA","article_publisher":"https:\/\/www.facebook.com\/Maxima-spa-106098566139597","article_modified_time":"2021-12-10T10:04:17+00:00","og_image":[{"width":1200,"height":1200,"url":"https:\/\/www.maxima-dia.com\/wp-content\/uploads\/2017\/02\/turbo-amaranto.jpg","type":"image\/jpeg"}],"twitter_card":"summary_large_image","twitter_site":"@Maximadia","twitter_misc":{"Dur\u00e9e de lecture estim\u00e9e":"1 minute"},"schema":{"@context":"https:\/\/schema.org","@graph":[{"@type":"WebPage","@id":"https:\/\/www.maxima-dia.com\/fr\/disques-diamantes-universels-turbo\/disque-diamante-turbo-amarante\/","url":"https:\/\/www.maxima-dia.com\/fr\/disques-diamantes-universels-turbo\/disque-diamante-turbo-amarante\/","name":"Turbo Amarante - Maxima SpA","isPartOf":{"@id":"https:\/\/www.maxima-dia.com\/fr\/#website"},"primaryImageOfPage":{"@id":"https:\/\/www.maxima-dia.com\/fr\/disques-diamantes-universels-turbo\/disque-diamante-turbo-amarante\/#primaryimage"},"image":{"@id":"https:\/\/www.maxima-dia.com\/fr\/disques-diamantes-universels-turbo\/disque-diamante-turbo-amarante\/#primaryimage"},"thumbnailUrl":"https:\/\/www.maxima-dia.com\/wp-content\/uploads\/2017\/02\/turbo-amaranto.jpg","datePublished":"2014-04-03T14:38:25+00:00","dateModified":"2021-12-10T10:04:17+00:00","description":"Le disque diamant\u00e9 Turbo Amarante est un mod\u00e8le haut de gamme excellent surtout pour couper les pierres naturelles, porphyres et granits.","breadcrumb":{"@id":"https:\/\/www.maxima-dia.com\/fr\/disques-diamantes-universels-turbo\/disque-diamante-turbo-amarante\/#breadcrumb"},"inLanguage":"fr-FR","potentialAction":[{"@type":"ReadAction","target":["https:\/\/www.maxima-dia.com\/fr\/disques-diamantes-universels-turbo\/disque-diamante-turbo-amarante\/"]}]},{"@type":"ImageObject","inLanguage":"fr-FR","@id":"https:\/\/www.maxima-dia.com\/fr\/disques-diamantes-universels-turbo\/disque-diamante-turbo-amarante\/#primaryimage","url":"https:\/\/www.maxima-dia.com\/wp-content\/uploads\/2017\/02\/turbo-amaranto.jpg","contentUrl":"https:\/\/www.maxima-dia.com\/wp-content\/uploads\/2017\/02\/turbo-amaranto.jpg","width":1200,"height":1200},{"@type":"BreadcrumbList","@id":"https:\/\/www.maxima-dia.com\/fr\/disques-diamantes-universels-turbo\/disque-diamante-turbo-amarante\/#breadcrumb","itemListElement":[{"@type":"ListItem","position":1,"name":"Home","item":"https:\/\/www.maxima-dia.com\/fr\/"},{"@type":"ListItem","position":2,"name":"Disques Diamant\u00e9s Universels Turbo","item":"https:\/\/www.maxima-dia.com\/fr\/disques-diamantes-universels-turbo\/"},{"@type":"ListItem","position":3,"name":"Turbo Amarante"}]},{"@type":"WebSite","@id":"https:\/\/www.maxima-dia.com\/fr\/#website","url":"https:\/\/www.maxima-dia.com\/fr\/","name":"Maxima SpA","description":"Only for the real professionals","potentialAction":[{"@type":"SearchAction","target":{"@type":"EntryPoint","urlTemplate":"https:\/\/www.maxima-dia.com\/fr\/?s={search_term_string}"},"query-input":{"@type":"PropertyValueSpecification","valueRequired":true,"valueName":"search_term_string"}}],"inLanguage":"fr-FR"}]}},"_links":{"self":[{"href":"https:\/\/www.maxima-dia.com\/fr\/wp-json\/wp\/v2\/pages\/7759"}],"collection":[{"href":"https:\/\/www.maxima-dia.com\/fr\/wp-json\/wp\/v2\/pages"}],"about":[{"href":"https:\/\/www.maxima-dia.com\/fr\/wp-json\/wp\/v2\/types\/page"}],"author":[{"embeddable":true,"href":"https:\/\/www.maxima-dia.com\/fr\/wp-json\/wp\/v2\/users\/29"}],"replies":[{"embeddable":true,"href":"https:\/\/www.maxima-dia.com\/fr\/wp-json\/wp\/v2\/comments?post=7759"}],"version-history":[{"count":0,"href":"https:\/\/www.maxima-dia.com\/fr\/wp-json\/wp\/v2\/pages\/7759\/revisions"}],"up":[{"embeddable":true,"href":"https:\/\/www.maxima-dia.com\/fr\/wp-json\/wp\/v2\/pages\/12434"}],"wp:featuredmedia":[{"embeddable":true,"href":"https:\/\/www.maxima-dia.com\/fr\/wp-json\/wp\/v2\/media\/24065"}],"wp:attachment":[{"href":"https:\/\/www.maxima-dia.com\/fr\/wp-json\/wp\/v2\/media?parent=7759"}],"curies":[{"name":"wp","href":"https:\/\/api.w.org\/{rel}","templated":true}]}}