{"id":7859,"date":"2014-04-11T08:28:53","date_gmt":"2014-04-11T06:28:53","guid":{"rendered":"http:\/\/www.maxima-dia.com\/?post_type=products&#038;p=7859"},"modified":"2022-11-18T11:23:15","modified_gmt":"2022-11-18T10:23:15","slug":"disque-diamantes-laser-jaune","status":"publish","type":"page","link":"https:\/\/www.maxima-dia.com\/fr\/disques-diamantes-universels-laser\/disque-diamantes-laser-jaune\/","title":{"rendered":"Laser Jaune"},"content":{"rendered":"<div class=\"wpb-content-wrapper\"><p>[vc_row][vc_column text_align=\u00a0\u00bbcenter\u00a0\u00bb width=\u00a0\u00bb1\/4&Prime;][vc_column_text]<a href=\"\/wp-content\/uploads\/2022\/11\/LASER_GIALLO.jpg\"><img loading=\"lazy\" decoding=\"async\" class=\"alignnone size-thumbnail wp-image-13854\" src=\"\/wp-content\/uploads\/2022\/11\/LASER_GIALLO-300x300.jpg\" alt=\"LASER GIALLO\" width=\"150\" height=\"150\" srcset=\"https:\/\/www.maxima-dia.com\/wp-content\/uploads\/2022\/11\/LASER_GIALLO-300x300.jpg 300w, https:\/\/www.maxima-dia.com\/wp-content\/uploads\/2022\/11\/LASER_GIALLO-1024x1024.jpg 1024w, https:\/\/www.maxima-dia.com\/wp-content\/uploads\/2022\/11\/LASER_GIALLO-150x150.jpg 150w, https:\/\/www.maxima-dia.com\/wp-content\/uploads\/2022\/11\/LASER_GIALLO-768x768.jpg 768w, https:\/\/www.maxima-dia.com\/wp-content\/uploads\/2022\/11\/LASER_GIALLO-1536x1536.jpg 1536w, https:\/\/www.maxima-dia.com\/wp-content\/uploads\/2022\/11\/LASER_GIALLO-80x80.jpg 80w, https:\/\/www.maxima-dia.com\/wp-content\/uploads\/2022\/11\/LASER_GIALLO-500x500.jpg 500w, https:\/\/www.maxima-dia.com\/wp-content\/uploads\/2022\/11\/LASER_GIALLO-1000x1000.jpg 1000w, https:\/\/www.maxima-dia.com\/wp-content\/uploads\/2022\/11\/LASER_GIALLO.jpg 1700w\" sizes=\"(max-width: 150px) 100vw, 150px\" \/><\/a><\/p>\n<p><span style=\"background-color: #cc0000; color: #ffffff; padding: 5px;\">H.12 mm<\/span>[\/vc_column_text][vc_column_text css_animation=\u00a0\u00bbslideInDown\u00a0\u00bb el_class=\u00a0\u00bbhidebuybutton\u00a0\u00bb]<a href=\"https:\/\/www.storemaxima.com\/fr\/disques-diamante-universels-laser\/27-laser-jaune.html\" target=\"_blank\" rel=\"noopener\"><img loading=\"lazy\" decoding=\"async\" class=\"alignnone\" title=\"Acheter sur www.storemaxima.com\" src=\"https:\/\/www.maxima-dia.com\/wp-content\/uploads\/2019\/12\/pulsante-acquista-storemaxima.com-fr.svg\" alt=\"Acheter sur www.storemaxima.com\" width=\"180\" height=\"80\"><\/a>[\/vc_column_text][vc_btn title=\u00a0\u00bbFiche du produit\u00a0\u00bb style=\u00a0\u00bboutline-custom\u00a0\u00bb outline_custom_color=\u00a0\u00bb#cc0000&Prime; outline_custom_hover_background=\u00a0\u00bb#910000&Prime; outline_custom_hover_text=\u00a0\u00bb#f7f7f7&Prime; align=\u00a0\u00bbcenter\u00a0\u00bb i_icon_fontawesome=\u00a0\u00bbfas fa-download\u00a0\u00bb add_icon=\u00a0\u00bbtrue\u00a0\u00bb css=\u00a0\u00bb.vc_custom_1639130536350{margin-top: 5px !important;margin-right: 5px !important;margin-bottom: 5px !important;margin-left: 5px !important;}\u00a0\u00bb link=\u00a0\u00bburl:%2Fdl.php%3Ffile_url%3Dhttps%3A%2F%2Fwww.maxima-dia.com%2Fwp-content%2Fuploads%2F2021%2F11%2FDISQUES-UNIVERSELS-LASER-JAUNE-BLEU-CLAIR-NOIR-FR.pdf\u00a0\u00bb][\/vc_column][vc_column width=\u00a0\u00bb3\/4&Prime;][vc_column_text]La garantie Maxima noir sur blanc. Le <strong>Laser Jaune<\/strong> offre la fiabilit\u00e9 et la pr\u00e9cision aux utilisateurs professionnels, en garantissant de bons r\u00e9sultats sur de multiples mat\u00e9riaux, en particulier le b\u00e9ton arm\u00e9. Polyvalent par vocation, efficace par tradition. Le design alternatif des segments offre au <strong>Laser Jaune<\/strong> une excellente combinaison de vitesse et de pr\u00e9cision de coupe.<\/p>\n<table class=\"tabellatecnica\" style=\"width: 80%;\" border=\"0\" cellspacing=\"0\" cellpadding=\"0\">\n<thead>\n<tr>\n<td class=\"testata\" colspan=\"2\">TABLEAU TECHNIQUE<\/td>\n<\/tr>\n<\/thead>\n<tbody>\n<tr>\n<td class=\"prima\">B\u00e9ton durci \/ Briques \/ Tuiles<\/td>\n<td class=\"seconda\"><b class=\"txtred\">\u2605<\/b><b class=\"txtred\">\u2605<\/b><b class=\"txtred\">\u2605<\/b><b class=\"txtred\">\u2605<\/b><\/td>\n<\/tr>\n<tr>\n<td class=\"prima\">B\u00e9ton l\u00e9g\u00e8rement arm\u00e9<\/td>\n<td class=\"seconda\"><b class=\"txtred\">\u2605<\/b><b class=\"txtred\">\u2605<\/b><b class=\"txtred\">\u2605<\/b><b class=\"txtred\">\u2605<\/b><b class=\"txtred\">\u2605<\/b><\/td>\n<\/tr>\n<tr>\n<td class=\"prima\">B\u00e9ton fortement arm\u00e9<\/td>\n<td class=\"seconda\"><b class=\"txtred\">\u2605<\/b><b class=\"txtred\">\u2605<\/b><b class=\"txtred\">\u2605<\/b><b class=\"txtred\">\u2605<\/b><\/td>\n<\/tr>\n<tr>\n<td class=\"prima\">Granits \/ Pierres naturelles \/ Porphyres<\/td>\n<td class=\"seconda\"><b class=\"txtred\">\u2605<\/b><b class=\"txtred\">\u2605<\/b><b class=\"txtred\">\u2605<\/b><\/td>\n<\/tr>\n<tr>\n<td class=\"prima\">Marbres<\/td>\n<td class=\"seconda\">&nbsp;<\/td>\n<\/tr>\n<tr>\n<td class=\"prima\">R\u00e9fractaires<\/td>\n<td class=\"seconda\"><b class=\"txtred\">\u2605<\/b><b class=\"txtred\">\u2605<\/b><b class=\"txtred\">\u2605<\/b><\/td>\n<\/tr>\n<tr>\n<td class=\"prima\">Gr\u00e8s \/ Plaques de jard lav\u00e9<\/td>\n<td class=\"seconda\"><b class=\"txtred\">\u2605<\/b><b class=\"txtred\">\u2605<\/b><\/td>\n<\/tr>\n<tr>\n<td class=\"prima\">C\u00e9ramique double cuisson<\/td>\n<td class=\"seconda\"><b class=\"txtred\">\u2605<\/b><\/td>\n<\/tr>\n<tr>\n<td class=\"prima\">C\u00e9ramique monocuisson<\/td>\n<td class=\"seconda\"><b class=\"txtred\">\u2605<\/b><\/td>\n<\/tr>\n<tr>\n<td class=\"prima\">Gr\u00e8s porcelain\u00e9 \/ Clinker<\/td>\n<td class=\"seconda\"><b class=\"txtred\">\u2605<\/b><\/td>\n<\/tr>\n<tr>\n<td class=\"prima\">Ciment frais<\/td>\n<td class=\"seconda\">&nbsp;<\/td>\n<\/tr>\n<tr>\n<td class=\"prima\">Asphalte<\/td>\n<td class=\"seconda\">&nbsp;<\/td>\n<\/tr>\n<tr>\n<td class=\"intervallo\" colspan=\"2\">&nbsp;<\/td>\n<\/tr>\n<tr>\n<td class=\"prima\">Vitesse de coupe<\/td>\n<td class=\"seconda\"><b class=\"txtred\">\u2605<\/b><b class=\"txtred\">\u2605<\/b><b class=\"txtred\">\u2605<\/b><\/td>\n<\/tr>\n<tr>\n<td class=\"prima\">Dur\u00e9e de vie moyenne<\/td>\n<td class=\"seconda\"><b class=\"txtred\">\u2605<\/b><b class=\"txtred\">\u2605<\/b><b class=\"txtred\">\u2605<\/b><b class=\"txtred\">\u2605<\/b><\/td>\n<\/tr>\n<tr>\n<td class=\"legenda\" colspan=\"2\"><strong>passable<\/strong>&nbsp;<b class=\"txtred\">\u2605<\/b>&nbsp;<strong>moyen<\/strong>&nbsp;<b class=\"txtred\">\u2605<\/b><b class=\"txtred\">\u2605<\/b>&nbsp;<strong>bon<\/strong>&nbsp;<b class=\"txtred\">\u2605<\/b><b class=\"txtred\">\u2605<\/b><b class=\"txtred\">\u2605<\/b>&nbsp;<strong>excellent&nbsp;<\/strong><b class=\"txtred\">\u2605<\/b><b class=\"txtred\">\u2605<\/b><b class=\"txtred\">\u2605<\/b><b class=\"txtred\">\u2605<\/b>&nbsp;<strong>super<\/strong>&nbsp;<b class=\"txtred\">\u2605<\/b><b class=\"txtred\">\u2605<\/b><b class=\"txtred\">\u2605<\/b><b class=\"txtred\">\u2605<\/b><b class=\"txtred\">\u2605<\/b><\/td>\n<\/tr>\n<\/tbody>\n<\/table>\n<p>&nbsp;<\/p>\n<table class=\"tabellatecnica\" style=\"width: 80%;\" border=\"0\" cellspacing=\"0\" cellpadding=\"0\">\n<thead>\n<tr>\n<td class=\"testata\" colspan=\"3\">DIAM\u00c8TRES DISPONIBLES<\/td>\n<\/tr>\n<\/thead>\n<tbody>\n<tr>\n<td valign=\"top\"><img loading=\"lazy\" decoding=\"async\" class=\"alignleft\" style=\"margin-bottom: 30px;\" src=\"\/wp-content\/uploads\/2013\/10\/s-taglio1.png\" alt=\"s-taglio1\" width=\"64\" height=\"30\"> 115-125-230<\/td>\n<td valign=\"top\"><img loading=\"lazy\" decoding=\"async\" class=\"alignleft\" src=\"\/wp-content\/uploads\/2013\/11\/s-taglio3.png\" alt=\"s-taglio3\" width=\"49\" height=\"50\">250-300-350-400-450-500-550<br \/>\n600-650-700-750-800-900<\/td>\n<td valign=\"top\"><img decoding=\"async\" class=\" wp-image-7073 alignleft\" src=\"\/wp-content\/uploads\/2013\/11\/s-taglio5.png\" alt=\"s-taglio5\" height=\"50\" srcset=\"https:\/\/www.maxima-dia.com\/wp-content\/uploads\/2013\/11\/s-taglio5.png 281w, https:\/\/www.maxima-dia.com\/wp-content\/uploads\/2013\/11\/s-taglio5-191x132.png 191w\" sizes=\"(max-width: 281px) 100vw, 281px\" \/>125-150-180-230<\/td>\n<\/tr>\n<\/tbody>\n<\/table>\n<p>[\/vc_column_text][\/vc_column][\/vc_row]<\/p>\n<\/div>","protected":false},"excerpt":{"rendered":"<p>[vc_row][vc_column text_align=\u00a0\u00bbcenter\u00a0\u00bb width=\u00a0\u00bb1\/4&Prime;][vc_column_text] H.12 mm[\/vc_column_text][vc_column_text css_animation=\u00a0\u00bbslideInDown\u00a0\u00bb el_class=\u00a0\u00bbhidebuybutton\u00a0\u00bb][\/vc_column_text][vc_btn title=\u00a0\u00bbFiche du produit\u00a0\u00bb style=\u00a0\u00bboutline-custom\u00a0\u00bb outline_custom_color=\u00a0\u00bb#cc0000&Prime; outline_custom_hover_background=\u00a0\u00bb#910000&Prime; outline_custom_hover_text=\u00a0\u00bb#f7f7f7&Prime; align=\u00a0\u00bbcenter\u00a0\u00bb i_icon_fontawesome=\u00a0\u00bbfas fa-download\u00a0\u00bb add_icon=\u00a0\u00bbtrue\u00a0\u00bb css=\u00a0\u00bb.vc_custom_1639130536350{margin-top: 5px !important;margin-right: 5px !important;margin-bottom: 5px !important;margin-left: 5px !important;}\u00a0\u00bb link=\u00a0\u00bburl:%2Fdl.php%3Ffile_url%3Dhttps%3A%2F%2Fwww.maxima-dia.com%2Fwp-content%2Fuploads%2F2021%2F11%2FDISQUES-UNIVERSELS-LASER-JAUNE-BLEU-CLAIR-NOIR-FR.pdf\u00a0\u00bb][\/vc_column][vc_column width=\u00a0\u00bb3\/4&Prime;][vc_column_text]La garantie Maxima noir sur blanc. Le Laser Jaune offre la fiabilit\u00e9 et la pr\u00e9cision aux utilisateurs professionnels, en garantissant de bons r\u00e9sultats sur de multiples mat\u00e9riaux, en particulier le b\u00e9ton arm\u00e9. Polyvalent par vocation, efficace par tradition. Le design alternatif des segments offre au Laser Jaune une excellente combinaison de vitesse et de pr\u00e9cision de coupe. TABLEAU TECHNIQUE B\u00e9ton durci \/ Briques \/ Tuiles \u2605\u2605\u2605\u2605 B\u00e9ton l\u00e9g\u00e8rement arm\u00e9 \u2605\u2605\u2605\u2605\u2605 B\u00e9ton fortement arm\u00e9 \u2605\u2605\u2605\u2605 Granits \/ Pierres naturelles \/ Porphyres \u2605\u2605\u2605 Marbres &nbsp; R\u00e9fractaires \u2605\u2605\u2605 Gr\u00e8s \/ Plaques de jard lav\u00e9 \u2605\u2605 C\u00e9ramique double cuisson \u2605 C\u00e9ramique monocuisson \u2605 Gr\u00e8s porcelain\u00e9 \/ Clinker \u2605 Ciment frais &nbsp; Asphalte &nbsp; &nbsp; Vitesse de coupe \u2605\u2605\u2605 Dur\u00e9e de vie moyenne \u2605\u2605\u2605\u2605 passable&nbsp;\u2605&nbsp;moyen&nbsp;\u2605\u2605&nbsp;bon&nbsp;\u2605\u2605\u2605&nbsp;excellent&nbsp;\u2605\u2605\u2605\u2605&nbsp;super&nbsp;\u2605\u2605\u2605\u2605\u2605 &nbsp; DIAM\u00c8TRES DISPONIBLES 115-125-230 250-300-350-400-450-500-550 600-650-700-750-800-900 125-150-180-230 [\/vc_column_text][\/vc_column][\/vc_row]<\/p>\n","protected":false},"author":29,"featured_media":24206,"parent":12403,"menu_order":9,"comment_status":"closed","ping_status":"closed","template":"","meta":{"ngg_post_thumbnail":0,"_joinchat":[],"footnotes":""},"class_list":["post-7859","page","type-page","status-publish","has-post-thumbnail","hentry"],"yoast_head":"<!-- This site is optimized with the Yoast SEO plugin v25.5 - https:\/\/yoast.com\/wordpress\/plugins\/seo\/ -->\n<title>Laser Jaune - Maxima SpA<\/title>\n<meta name=\"description\" content=\"Le Laser Jaune fait parler de lui pour sa grande vitesse de coupe, importante pour un disque diamant\u00e9 de ce type. Il est id\u00e9al pour une utilisation non intensive.\" \/>\n<meta name=\"robots\" content=\"index, follow, max-snippet:-1, max-image-preview:large, max-video-preview:-1\" \/>\n<link rel=\"canonical\" href=\"https:\/\/www.maxima-dia.com\/fr\/disques-diamantes-universels-laser\/disque-diamantes-laser-jaune\/\" \/>\n<meta property=\"og:locale\" content=\"fr_FR\" \/>\n<meta property=\"og:type\" content=\"article\" \/>\n<meta property=\"og:title\" content=\"Laser Jaune - Maxima SpA\" \/>\n<meta property=\"og:description\" content=\"Le Laser Jaune fait parler de lui pour sa grande vitesse de coupe, importante pour un disque diamant\u00e9 de ce type. Il est id\u00e9al pour une utilisation non intensive.\" \/>\n<meta property=\"og:url\" content=\"https:\/\/www.maxima-dia.com\/fr\/disques-diamantes-universels-laser\/disque-diamantes-laser-jaune\/\" \/>\n<meta property=\"og:site_name\" content=\"Maxima SpA\" \/>\n<meta property=\"article:publisher\" content=\"https:\/\/www.facebook.com\/Maxima-spa-106098566139597\" \/>\n<meta property=\"article:modified_time\" content=\"2022-11-18T10:23:15+00:00\" \/>\n<meta property=\"og:image\" content=\"https:\/\/www.maxima-dia.com\/wp-content\/uploads\/2022\/11\/LASER_GIALLO.jpg\" \/>\n\t<meta property=\"og:image:width\" content=\"1200\" \/>\n\t<meta property=\"og:image:height\" content=\"1200\" \/>\n\t<meta property=\"og:image:type\" content=\"image\/jpeg\" \/>\n<meta name=\"twitter:card\" content=\"summary_large_image\" \/>\n<meta name=\"twitter:site\" content=\"@Maximadia\" \/>\n<meta name=\"twitter:label1\" content=\"Dur\u00e9e de lecture estim\u00e9e\" \/>\n\t<meta name=\"twitter:data1\" content=\"12 minutes\" \/>\n<script type=\"application\/ld+json\" class=\"yoast-schema-graph\">{\"@context\":\"https:\/\/schema.org\",\"@graph\":[{\"@type\":\"WebPage\",\"@id\":\"https:\/\/www.maxima-dia.com\/fr\/disques-diamantes-universels-laser\/disque-diamantes-laser-jaune\/\",\"url\":\"https:\/\/www.maxima-dia.com\/fr\/disques-diamantes-universels-laser\/disque-diamantes-laser-jaune\/\",\"name\":\"Laser Jaune - Maxima SpA\",\"isPartOf\":{\"@id\":\"https:\/\/www.maxima-dia.com\/fr\/#website\"},\"primaryImageOfPage\":{\"@id\":\"https:\/\/www.maxima-dia.com\/fr\/disques-diamantes-universels-laser\/disque-diamantes-laser-jaune\/#primaryimage\"},\"image\":{\"@id\":\"https:\/\/www.maxima-dia.com\/fr\/disques-diamantes-universels-laser\/disque-diamantes-laser-jaune\/#primaryimage\"},\"thumbnailUrl\":\"https:\/\/www.maxima-dia.com\/wp-content\/uploads\/2022\/11\/LASER_GIALLO.jpg\",\"datePublished\":\"2014-04-11T06:28:53+00:00\",\"dateModified\":\"2022-11-18T10:23:15+00:00\",\"description\":\"Le Laser Jaune fait parler de lui pour sa grande vitesse de coupe, importante pour un disque diamant\u00e9 de ce type. Il est id\u00e9al pour une utilisation non intensive.\",\"breadcrumb\":{\"@id\":\"https:\/\/www.maxima-dia.com\/fr\/disques-diamantes-universels-laser\/disque-diamantes-laser-jaune\/#breadcrumb\"},\"inLanguage\":\"fr-FR\",\"potentialAction\":[{\"@type\":\"ReadAction\",\"target\":[\"https:\/\/www.maxima-dia.com\/fr\/disques-diamantes-universels-laser\/disque-diamantes-laser-jaune\/\"]}]},{\"@type\":\"ImageObject\",\"inLanguage\":\"fr-FR\",\"@id\":\"https:\/\/www.maxima-dia.com\/fr\/disques-diamantes-universels-laser\/disque-diamantes-laser-jaune\/#primaryimage\",\"url\":\"https:\/\/www.maxima-dia.com\/wp-content\/uploads\/2022\/11\/LASER_GIALLO.jpg\",\"contentUrl\":\"https:\/\/www.maxima-dia.com\/wp-content\/uploads\/2022\/11\/LASER_GIALLO.jpg\",\"width\":1200,\"height\":1200},{\"@type\":\"BreadcrumbList\",\"@id\":\"https:\/\/www.maxima-dia.com\/fr\/disques-diamantes-universels-laser\/disque-diamantes-laser-jaune\/#breadcrumb\",\"itemListElement\":[{\"@type\":\"ListItem\",\"position\":1,\"name\":\"Home\",\"item\":\"https:\/\/www.maxima-dia.com\/fr\/\"},{\"@type\":\"ListItem\",\"position\":2,\"name\":\"Disques Diamant\u00e9s Universels Laser\",\"item\":\"https:\/\/www.maxima-dia.com\/fr\/disques-diamantes-universels-laser\/\"},{\"@type\":\"ListItem\",\"position\":3,\"name\":\"Laser Jaune\"}]},{\"@type\":\"WebSite\",\"@id\":\"https:\/\/www.maxima-dia.com\/fr\/#website\",\"url\":\"https:\/\/www.maxima-dia.com\/fr\/\",\"name\":\"Maxima SpA\",\"description\":\"Only for the real professionals\",\"potentialAction\":[{\"@type\":\"SearchAction\",\"target\":{\"@type\":\"EntryPoint\",\"urlTemplate\":\"https:\/\/www.maxima-dia.com\/fr\/?s={search_term_string}\"},\"query-input\":{\"@type\":\"PropertyValueSpecification\",\"valueRequired\":true,\"valueName\":\"search_term_string\"}}],\"inLanguage\":\"fr-FR\"}]}<\/script>\n<!-- \/ Yoast SEO plugin. -->","yoast_head_json":{"title":"Laser Jaune - Maxima SpA","description":"Le Laser Jaune fait parler de lui pour sa grande vitesse de coupe, importante pour un disque diamant\u00e9 de ce type. Il est id\u00e9al pour une utilisation non intensive.","robots":{"index":"index","follow":"follow","max-snippet":"max-snippet:-1","max-image-preview":"max-image-preview:large","max-video-preview":"max-video-preview:-1"},"canonical":"https:\/\/www.maxima-dia.com\/fr\/disques-diamantes-universels-laser\/disque-diamantes-laser-jaune\/","og_locale":"fr_FR","og_type":"article","og_title":"Laser Jaune - Maxima SpA","og_description":"Le Laser Jaune fait parler de lui pour sa grande vitesse de coupe, importante pour un disque diamant\u00e9 de ce type. Il est id\u00e9al pour une utilisation non intensive.","og_url":"https:\/\/www.maxima-dia.com\/fr\/disques-diamantes-universels-laser\/disque-diamantes-laser-jaune\/","og_site_name":"Maxima SpA","article_publisher":"https:\/\/www.facebook.com\/Maxima-spa-106098566139597","article_modified_time":"2022-11-18T10:23:15+00:00","og_image":[{"width":1200,"height":1200,"url":"https:\/\/www.maxima-dia.com\/wp-content\/uploads\/2022\/11\/LASER_GIALLO.jpg","type":"image\/jpeg"}],"twitter_card":"summary_large_image","twitter_site":"@Maximadia","twitter_misc":{"Dur\u00e9e de lecture estim\u00e9e":"12 minutes"},"schema":{"@context":"https:\/\/schema.org","@graph":[{"@type":"WebPage","@id":"https:\/\/www.maxima-dia.com\/fr\/disques-diamantes-universels-laser\/disque-diamantes-laser-jaune\/","url":"https:\/\/www.maxima-dia.com\/fr\/disques-diamantes-universels-laser\/disque-diamantes-laser-jaune\/","name":"Laser Jaune - Maxima SpA","isPartOf":{"@id":"https:\/\/www.maxima-dia.com\/fr\/#website"},"primaryImageOfPage":{"@id":"https:\/\/www.maxima-dia.com\/fr\/disques-diamantes-universels-laser\/disque-diamantes-laser-jaune\/#primaryimage"},"image":{"@id":"https:\/\/www.maxima-dia.com\/fr\/disques-diamantes-universels-laser\/disque-diamantes-laser-jaune\/#primaryimage"},"thumbnailUrl":"https:\/\/www.maxima-dia.com\/wp-content\/uploads\/2022\/11\/LASER_GIALLO.jpg","datePublished":"2014-04-11T06:28:53+00:00","dateModified":"2022-11-18T10:23:15+00:00","description":"Le Laser Jaune fait parler de lui pour sa grande vitesse de coupe, importante pour un disque diamant\u00e9 de ce type. Il est id\u00e9al pour une utilisation non intensive.","breadcrumb":{"@id":"https:\/\/www.maxima-dia.com\/fr\/disques-diamantes-universels-laser\/disque-diamantes-laser-jaune\/#breadcrumb"},"inLanguage":"fr-FR","potentialAction":[{"@type":"ReadAction","target":["https:\/\/www.maxima-dia.com\/fr\/disques-diamantes-universels-laser\/disque-diamantes-laser-jaune\/"]}]},{"@type":"ImageObject","inLanguage":"fr-FR","@id":"https:\/\/www.maxima-dia.com\/fr\/disques-diamantes-universels-laser\/disque-diamantes-laser-jaune\/#primaryimage","url":"https:\/\/www.maxima-dia.com\/wp-content\/uploads\/2022\/11\/LASER_GIALLO.jpg","contentUrl":"https:\/\/www.maxima-dia.com\/wp-content\/uploads\/2022\/11\/LASER_GIALLO.jpg","width":1200,"height":1200},{"@type":"BreadcrumbList","@id":"https:\/\/www.maxima-dia.com\/fr\/disques-diamantes-universels-laser\/disque-diamantes-laser-jaune\/#breadcrumb","itemListElement":[{"@type":"ListItem","position":1,"name":"Home","item":"https:\/\/www.maxima-dia.com\/fr\/"},{"@type":"ListItem","position":2,"name":"Disques Diamant\u00e9s Universels Laser","item":"https:\/\/www.maxima-dia.com\/fr\/disques-diamantes-universels-laser\/"},{"@type":"ListItem","position":3,"name":"Laser Jaune"}]},{"@type":"WebSite","@id":"https:\/\/www.maxima-dia.com\/fr\/#website","url":"https:\/\/www.maxima-dia.com\/fr\/","name":"Maxima SpA","description":"Only for the real professionals","potentialAction":[{"@type":"SearchAction","target":{"@type":"EntryPoint","urlTemplate":"https:\/\/www.maxima-dia.com\/fr\/?s={search_term_string}"},"query-input":{"@type":"PropertyValueSpecification","valueRequired":true,"valueName":"search_term_string"}}],"inLanguage":"fr-FR"}]}},"_links":{"self":[{"href":"https:\/\/www.maxima-dia.com\/fr\/wp-json\/wp\/v2\/pages\/7859"}],"collection":[{"href":"https:\/\/www.maxima-dia.com\/fr\/wp-json\/wp\/v2\/pages"}],"about":[{"href":"https:\/\/www.maxima-dia.com\/fr\/wp-json\/wp\/v2\/types\/page"}],"author":[{"embeddable":true,"href":"https:\/\/www.maxima-dia.com\/fr\/wp-json\/wp\/v2\/users\/29"}],"replies":[{"embeddable":true,"href":"https:\/\/www.maxima-dia.com\/fr\/wp-json\/wp\/v2\/comments?post=7859"}],"version-history":[{"count":1,"href":"https:\/\/www.maxima-dia.com\/fr\/wp-json\/wp\/v2\/pages\/7859\/revisions"}],"predecessor-version":[{"id":35803,"href":"https:\/\/www.maxima-dia.com\/fr\/wp-json\/wp\/v2\/pages\/7859\/revisions\/35803"}],"up":[{"embeddable":true,"href":"https:\/\/www.maxima-dia.com\/fr\/wp-json\/wp\/v2\/pages\/12403"}],"wp:featuredmedia":[{"embeddable":true,"href":"https:\/\/www.maxima-dia.com\/fr\/wp-json\/wp\/v2\/media\/24206"}],"wp:attachment":[{"href":"https:\/\/www.maxima-dia.com\/fr\/wp-json\/wp\/v2\/media?parent=7859"}],"curies":[{"name":"wp","href":"https:\/\/api.w.org\/{rel}","templated":true}]}}